{"id":15130,"date":"2020-07-07T13:52:25","date_gmt":"2020-07-07T06:52:25","guid":{"rendered":"https:\/\/havamall.vn\/?post_type=product&#038;p=15130"},"modified":"2023-08-31T14:31:24","modified_gmt":"2023-08-31T07:31:24","slug":"dau-huong-duong-rossianka-1000ml-rossianka-sunflower-oil-1000ml","status":"publish","type":"product","link":"https:\/\/havamall.vn\/en\/shop\/dau-huong-duong-rossianka-1000ml-rossianka-sunflower-oil-1000ml\/","title":{"rendered":"D\u1ea7u H\u01b0\u1edbng D\u01b0\u01a1ng Rossianka 1000ml &#8211; Rossianka Sunflower Oil 1000ml"},"content":{"rendered":"<h2><\/h2>\n<h2><strong>TH\u00d4NG TIN CHUNG<\/strong><\/h2>\n<table style=\"height: 367px\" width=\"797\">\n<tbody>\n<tr>\n<td>Th\u01b0\u01a1ng hi\u1ec7u<\/td>\n<td>Rossianka<\/td>\n<\/tr>\n<tr>\n<td>Xu\u1ea5t x\u1ee9 th\u01b0\u01a1ng hi\u1ec7u<\/td>\n<td>Li\u00ean Bang Nga<\/td>\n<\/tr>\n<tr>\n<td>Quy c\u00e1ch \u0111\u00f3ng g\u00f3i<\/td>\n<td>Chai nh\u1ef1a 1000ml<\/td>\n<\/tr>\n<tr>\n<td>Dung t\u00edch<\/td>\n<td>1000ml<\/td>\n<\/tr>\n<tr>\n<td>H\u1ea1n s\u1eed d\u1ee5ng<\/td>\n<td>18 th\u00e1ng t\u1eeb ng\u00e0y s\u1ea3n xu\u1ea5t<\/td>\n<\/tr>\n<tr>\n<td>Ng\u00e0y s\u1ea3n xu\u1ea9t<\/td>\n<td>Xem tr\u00ean bao b\u00ec<\/td>\n<\/tr>\n<tr>\n<td>H\u01b0\u1edbng d\u1eabn b\u1ea3o qu\u1ea3n<\/td>\n<td>B\u1ea3o qu\u1ea3n \u1edf nhi\u1ec7t \u0111\u1ed9 ph\u00f2ng, tr\u00e1nh \u00e1nh n\u1eafng tr\u1ef1c ti\u1ebfp.<\/td>\n<\/tr>\n<tr>\n<td>H\u01b0\u1edbng d\u1eabn s\u1eed d\u1ee5ng<\/td>\n<td>Chi\u00ean r\u00e1n, x\u00e0o n\u1ea5u, ch\u1ebf bi\u1ebfn salad \u0103n li\u1ec1n<\/td>\n<\/tr>\n<\/tbody>\n<\/table>\n<p>D\u1ea7u h\u01b0\u1edbng d\u01b0\u01a1ng \u0111\u01b0\u1ee3c l\u00e0m b\u1eb1ng c\u00e1ch \u00e9p h\u1ea1t c\u1ee7a c\u00e2y h\u01b0\u1edbng d\u01b0\u01a1ng. N\u00f3 th\u01b0\u1eddng \u0111\u01b0\u1ee3c qu\u1ea3ng c\u00e1o l\u00e0 m\u1ed9t trong nh\u1eefng lo\u1ea1i d\u1ea7u t\u1ed1t cho s\u1ee9c kh\u1ecfe. B\u1edfi v\u00ec n\u00f3 c\u00f3 ch\u1ee9a nhi\u1ec1u ch\u1ea5t b\u00e9o kh\u00f4ng no c\u00f3 l\u1ee3i cho s\u1ee9c kh\u1ecfe c\u1ee7a tim<\/p>\n<h2><strong>\u0110\u1eb7c \u0111i\u1ec3m th\u01b0\u01a1ng hi\u1ec7u<\/strong><\/h2>\n<p>Rossianka \u200bl\u00e0 m\u1ed9t trong nh\u1eefng s\u1ea3n ph\u1ea9m d\u1ea7u \u0103n \u0111\u00f3ng chai \u0111\u1ea7u ti\u00ean \u1edf Nga, \u0111\u01b0\u1ee3c nhi\u1ec1u ng\u01b0\u1eddi ti\u00eau d\u00f9ng \u0111\u00e3 quen thu\u1ed9c v\u1edbi th\u01b0\u01a1ng hi\u1ec7u n\u00e0y trong h\u01a1n 30 n\u0103m qua. Th\u01b0\u01a1ng hi\u1ec7u Rossianka\u200b \u0111\u01b0\u1ee3c l\u1ef1a ch\u1ecdn b\u1edfi ng\u01b0\u1eddi ti\u00eau d\u00f9ng quan t\u00e2m \u0111\u1ebfn s\u1ee9c kh\u1ecfe c\u1ee7a h\u1ecd v\u00e0 s\u1ee9c kh\u1ecfe c\u1ee7a gia \u0111\u00ecnh h\u1ecd. L\u00fd t\u01b0\u1edfng \u0111\u1ec3 chi\u00ean, x\u00e0o, tr\u1ed9n salad &#8230;<\/p>\n<p><img fetchpriority=\"high\" decoding=\"async\" class=\"wp-image-15133 aligncenter\" src=\"https:\/\/havamall.vn\/wp-content\/uploads\/2020\/07\/83889160_110265187184670_8871520499125977088_o-300x114.png\" alt=\"\" width=\"750\" height=\"285\" srcset=\"https:\/\/havamall.vn\/wp-content\/uploads\/2020\/07\/83889160_110265187184670_8871520499125977088_o-300x114.png 300w, https:\/\/havamall.vn\/wp-content\/uploads\/2020\/07\/83889160_110265187184670_8871520499125977088_o-430x163.png 430w, https:\/\/havamall.vn\/wp-content\/uploads\/2020\/07\/83889160_110265187184670_8871520499125977088_o-150x57.png 150w, https:\/\/havamall.vn\/wp-content\/uploads\/2020\/07\/83889160_110265187184670_8871520499125977088_o-700x266.png 700w, https:\/\/havamall.vn\/wp-content\/uploads\/2020\/07\/83889160_110265187184670_8871520499125977088_o-768x292.png 768w, https:\/\/havamall.vn\/wp-content\/uploads\/2020\/07\/83889160_110265187184670_8871520499125977088_o-600x228.png 600w, https:\/\/havamall.vn\/wp-content\/uploads\/2020\/07\/83889160_110265187184670_8871520499125977088_o.png 960w\" sizes=\"(max-width: 750px) 100vw, 750px\" \/><\/p>\n<p>N\u1ed5i b\u1eadt b\u1edfi c\u00e1c gi\u1ea3i th\u01b0\u1edfng nh\u01b0:<\/p>\n<ul>\n<li>2013 &#8211; Gi\u1ea3i th\u01b0\u1edfng danh gi\u00e1 Qu\u1ed1c gia uy t\u00edn Dinh d\u01b0\u1ee1ng l\u00e0nh m\u1ea1nh, \u0111\u1ec1 c\u1eed S\u00e1ng t\u1ea1o c\u1ee7a n\u0103m trong Dinh d\u01b0\u1ee1ng l\u00e0nh m\u1ea1nh, d\u1ea7u h\u01b0\u1edbng d\u01b0\u01a1ng<\/li>\n<li>2012 &#8211; Huy ch\u01b0\u01a1ng v\u00e0ng c\u1ee7a cu\u1ed9c thi qu\u1ed1c t\u1ebf &#8220;S\u1ea3n ph\u1ea9m t\u1ed1t nh\u1ea5t&#8221; 2012&#8243;, &#8220;Prodexpo&#8221;, Moscow<\/li>\n<li>2007 &#8211; Ch\u1ee9ng nh\u1eadn v\u00e0 huy ch\u01b0\u01a1ng t\u1ea1i tri\u1ec3n l\u00e3m n\u00f4ng nghi\u1ec7p c\u00f4ng nghi\u1ec7p Nga m\u00f9a thu v\u00e0ng cho d\u1ea7u h\u01b0\u1edbng d\u01b0\u01a1ng TM Rossiyanka, Moscow, Nga<\/li>\n<\/ul>\n<h2><strong>\u0110\u1eb7c \u0111i\u1ec3m n\u1ed5i b\u1eadt\u00a0<\/strong><\/h2>\n<p>D\u1ea7u h\u01b0\u1edbng d\u01b0\u01a1ng tinh luy\u1ec7n Rossianka\u200b v\u1edbi th\u00e0nh ph\u1ea7n ch\u00ednh l\u00e0 chi\u1ebft xu\u1ea5t nguy\u00ean ch\u1ea5t t\u1eeb h\u1ea1t h\u01b0\u1edbng d\u01b0\u01a1ng t\u1ef1 nhi\u00ean, c\u00f3 th\u1ec3 s\u1eed d\u1ee5ng \u0111a d\u1ea1ng trong m\u00f3n \u0103n nh\u01b0 nh\u1eefng m\u00f3n x\u00e0o, chi\u00ean, tr\u1ed9n salad\u2026 Vi\u1ec7c s\u1eed d\u1ee5ng d\u1ea7u \u0103n h\u01b0\u1edbng d\u01b0\u01a1ng m\u1ed7i ng\u00e0y s\u1ebd gi\u00fap t\u0103ng c\u01b0\u1eddng tr\u00ed nh\u1edb, ng\u0103n ng\u1eeba l\u00e3o h\u00f3a, r\u1ea5t t\u1ed1t cho s\u1ee9c kh\u1ecfe.<\/p>\n<p>D\u1ea7u h\u01b0\u1edbng d\u01b0\u01a1ng Rossianka\u00a0tinh luy\u1ec7n th\u01b0\u1eddng c\u00f3 m\u00e0u h\u1ed5 ph\u00e1ch nh\u1ea1t, c\u00f3 m\u00f9i b\u00e9o nh\u01b0ng ho\u00e0n to\u00e0n ph\u00f9 h\u1ee3p v\u1edbi c\u00e1c ch\u1ebf \u0111\u1ed9 gi\u1ea3m c\u00e2n v\u00e0 c\u1ef1c k\u00ec t\u1ed1t cho tim m\u1ea1ch. Ngo\u00e0i ra d\u00f2ng s\u1ea3n ph\u1ea9m n\u00e0y c\u00f3 gi\u00e1 tr\u1ecb dinh d\u01b0\u1ee1ng cao, ch\u1ee9a nhi\u1ec1u ch\u1ea5t b\u00e9o b\u00e3o h\u00f2a, n\u0103ng l\u01b0\u1ee3ng, vitamin E v\u00e0 K gi\u00fap ng\u0103n ng\u1eeba ung th\u01b0 v\u00e0 l\u00e3o h\u00f3a da t\u1ef1 nhi\u00ean<\/p>\n<p><img decoding=\"async\" class=\"wp-image-15125 aligncenter\" src=\"https:\/\/havamall.vn\/wp-content\/uploads\/2020\/07\/Capture-3-300x227.png\" alt=\"\" width=\"780\" height=\"591\" srcset=\"https:\/\/havamall.vn\/wp-content\/uploads\/2020\/07\/Capture-3-300x227.png 300w, https:\/\/havamall.vn\/wp-content\/uploads\/2020\/07\/Capture-3-430x325.png 430w, https:\/\/havamall.vn\/wp-content\/uploads\/2020\/07\/Capture-3-150x114.png 150w, https:\/\/havamall.vn\/wp-content\/uploads\/2020\/07\/Capture-3-700x530.png 700w, https:\/\/havamall.vn\/wp-content\/uploads\/2020\/07\/Capture-3-768x581.png 768w, https:\/\/havamall.vn\/wp-content\/uploads\/2020\/07\/Capture-3-600x454.png 600w, https:\/\/havamall.vn\/wp-content\/uploads\/2020\/07\/Capture-3.png 999w\" sizes=\"(max-width: 780px) 100vw, 780px\" \/><\/p>\n<p><em><strong>Trong \u0111\u00f3:<\/strong><\/em><\/p>\n<ul>\n<li>Ti\u1ebft ki\u1ec7m g\u1ea7n 30% so v\u1edbi d\u1ea7u th\u00f4ng th\u01b0\u1eddng.<\/li>\n<li>H\u00e0m l\u01b0\u1ee3ng vitamin E cao v\u00e0 \u00edt ch\u1ea5t b\u00e9o b\u00e3o h\u00f2a c\u00f3 l\u1ee3i cho da v\u00e0 h\u1ec7 mi\u1ec5n d\u1ecbch.<\/li>\n<li>Kh\u00f4ng ch\u1ee9a cholesterol t\u1ed1t cho tim m\u1ea1ch. R\u1ea5t th\u00e2n thi\u1ec7n v\u1edbi tr\u00e1i tim, n\u00f3 l\u00e0m gi\u1ea3m n\u1ed3ng \u0111\u1ed9 cholesterol v\u00ec ch\u1ee9a nhi\u1ec1u axit b\u00e9o kh\u00f4ng b\u00e3o h\u00f2a \u0111\u01a1n v\u00e0 \u0111a.<\/li>\n<li>Chi\u00ean r\u00e1n \u0111\u01b0\u1ee3c \u1edf nhi\u1ec7t \u0111\u1ed9 l\u00ean t\u1edbi 240 \u0111\u1ed9 (d\u1ea7u th\u00f4ng th\u01b0\u1eddng 170 \u0111\u1ed9)<\/li>\n<li>Gi\u1ea3m n\u1ed7i lo ung th\u01b0 99%, gi\u1ea3m nguy c\u01a1 m\u1ee1 m\u00e1u \u2013 nh\u1edd c\u00f4ng ngh\u1ec7 7 b\u01b0\u1edbc l\u1ecdc hi\u1ec7n \u0111\u1ea1i \u2013 lo\u1ea1i b\u1ecf ho\u00e0n to\u00e0n nh\u1eefng t\u1ea1p ch\u1ea5t.<\/li>\n<li>T\u1ed1t cho tr\u1ebb nh\u1ecf, ph\u00f9 h\u1ee3p \u0111\u1ec3 ch\u1ebf bi\u1ebfn c\u00e1c m\u00f3n \u0103n cho b\u00e9<\/li>\n<\/ul>\n<p><img decoding=\"async\" class=\"wp-image-15126 aligncenter\" src=\"https:\/\/havamall.vn\/wp-content\/uploads\/2020\/07\/83309568_110318857179303_7184483780780883968_o-300x300.jpg\" alt=\"\" width=\"624\" height=\"624\" srcset=\"https:\/\/havamall.vn\/wp-content\/uploads\/2020\/07\/83309568_110318857179303_7184483780780883968_o-300x300.jpg 300w, https:\/\/havamall.vn\/wp-content\/uploads\/2020\/07\/83309568_110318857179303_7184483780780883968_o-430x430.jpg 430w, https:\/\/havamall.vn\/wp-content\/uploads\/2020\/07\/83309568_110318857179303_7184483780780883968_o-150x150.jpg 150w, https:\/\/havamall.vn\/wp-content\/uploads\/2020\/07\/83309568_110318857179303_7184483780780883968_o-700x700.jpg 700w, https:\/\/havamall.vn\/wp-content\/uploads\/2020\/07\/83309568_110318857179303_7184483780780883968_o-768x768.jpg 768w, https:\/\/havamall.vn\/wp-content\/uploads\/2020\/07\/83309568_110318857179303_7184483780780883968_o-600x600.jpg 600w, https:\/\/havamall.vn\/wp-content\/uploads\/2020\/07\/83309568_110318857179303_7184483780780883968_o-100x100.jpg 100w, https:\/\/havamall.vn\/wp-content\/uploads\/2020\/07\/83309568_110318857179303_7184483780780883968_o.jpg 960w\" sizes=\"(max-width: 624px) 100vw, 624px\" \/><\/p>\n<h2><strong>C\u00f4ng d\u1ee5ng<\/strong><\/h2>\n<ul>\n<li>D\u1ea7u \u0103n h\u01b0\u1edbng d\u01b0\u01a1ng Rossianka \u0111\u01b0\u1ee3c tinh ch\u1ebf 100% t\u1eeb h\u1ea1t h\u01b0\u1edbng d\u01b0\u01a1ng kh\u00f4ng bi\u1ebfn \u0111\u1ed5i gen v\u1edbi c\u00f4ng ngh\u1ec7 hi\u1ec7n \u0111\u1ea1i c\u1ee7a ch\u00e2u \u00c2u.<\/li>\n<li>D\u1ea7u \u0103n h\u01b0\u1edbng d\u01b0\u01a1ng Rossianka c\u00f3 l\u01b0\u1ee3ng ch\u1ea5t b\u00e9o b\u00e3o h\u00f2a th\u1ea5p v\u00e0 ch\u1ea5t ch\u1ed1ng oxi h\u00f3a r\u1ea5t t\u1ed1t cho tim m\u1ea1ch, huy\u1ebft \u00e1p, \u0111\u1ed3ng th\u1eddi l\u00e0m gi\u1ea3m l\u01b0\u1ee3ng choresterol trong m\u00e1u.<\/li>\n<li>D\u1ea7u \u0103n h\u01b0\u1edbng d\u01b0\u01a1ng Rossianka, s\u1ea3n ph\u1ea9m d\u00e0nh cho ng\u01b0\u1eddi ti\u00eau d\u00f9ng th\u00f4ng minh, nguy\u00ean li\u1ec7u t\u1ea1o nhi\u1ec1u m\u00f3n \u0103n ngon \u0111\u1ed3ng th\u1eddi b\u1ea3o v\u1ec7 s\u1ee9c kh\u1ecfe cho gia \u0111\u00ecnh b\u1ea1n.<\/li>\n<li><b>D\u1ea7u h\u01b0\u1edbng d\u01b0\u01a1ng<\/b>\u00a0r\u1ea5t gi\u00e0u vitamin E v\u00e0 \u00edt ch\u1ea5t b\u00e9o b\u00e3o h\u00f2a n\u00ean r\u1ea5t t\u1ed1t cho tim m\u1ea1ch. B\u00ean c\u1ea1nh \u0111\u00f3 s\u1eed\u00a0<b>d\u1ee5ng d\u1ea7u h\u01b0\u1edbng d\u01b0\u01a1ng<\/b>\u00a0c\u00f2n gi\u00fap ng\u0103n ng\u1eeba b\u1ec7nh th\u1ea5p kh\u1edbp, hen suy\u1ec5n, gi\u1ea3m n\u1ed3ng \u0111\u1ed9 cholesterol trong m\u00e1u, duy tr\u00ec h\u1ec7 mi\u1ec5n d\u1ecbch lu\u00f4n kh\u1ecfe m\u1ea1nh<\/li>\n<\/ul>\n<p><img loading=\"lazy\" decoding=\"async\" class=\"wp-image-15134 aligncenter\" src=\"https:\/\/havamall.vn\/wp-content\/uploads\/2020\/07\/unnamed-5-300x200.jpg\" alt=\"\" width=\"716\" height=\"477\" srcset=\"https:\/\/havamall.vn\/wp-content\/uploads\/2020\/07\/unnamed-5-300x200.jpg 300w, https:\/\/havamall.vn\/wp-content\/uploads\/2020\/07\/unnamed-5-430x286.jpg 430w, https:\/\/havamall.vn\/wp-content\/uploads\/2020\/07\/unnamed-5-150x100.jpg 150w, https:\/\/havamall.vn\/wp-content\/uploads\/2020\/07\/unnamed-5.jpg 512w\" sizes=\"(max-width: 716px) 100vw, 716px\" \/><\/p>\n<p>H\u00e3y tin d\u00f9ng d\u1ea7u h\u01b0\u1edbng d\u01b0\u01a1ng t\u1ea1i Havamall \u0111\u1ec3 nh\u1eadn \u0111\u01b0\u1ee3c s\u1ea3n ph\u1ea9m \u0111\u01b0\u1ee3c \u0111\u1ea3m b\u1ea3o ch\u1ea5t l\u01b0\u1ee3ng v\u00e0 gi\u00e1 c\u1ea3 ph\u1ea3i ch\u0103ng nh\u00e9!!!<\/p>","protected":false},"excerpt":{"rendered":"<ul>\n<li>Th\u00e0nh ph\u1ea7n d\u1ea7u h\u01b0\u1edbng d\u01b0\u01a1ng nguy\u00ean ch\u1ea5t<\/li>\n<li>C\u00f3 nhi\u1ec1u c\u00f4ng d\u1ee5ng t\u1ed1t cho s\u1ee9c kh\u1ecfe<\/li>\n<li>\u0110\u00f3ng chai ti\u1ec7n l\u1ee3i, d\u1ec5 d\u00e0ng s\u1eed d\u1ee5ng<\/li>\n<li>Th\u00e0nh ph\u1ea7n: 100% t\u1eeb h\u1ea1t h\u01b0\u1edbng d\u01b0\u01a1ng<\/li>\n<li>Gi\u00e1 tr\u1ecb dinh d\u01b0\u1ee1ng: ch\u1ea5t b\u00e9o 99,9%, 899kcal<\/li>\n<\/ul>","protected":false},"featured_media":15136,"comment_status":"open","ping_status":"closed","template":"","meta":[],"product_brand":[],"product_cat":[36,143],"product_tag":[],"class_list":{"0":"post-15130","1":"product","2":"type-product","3":"status-publish","4":"has-post-thumbnail","6":"product_cat-thuc-pham-tieu-dung","7":"product_cat-thuc-pham-dong-hop","9":"first","10":"instock","11":"sale","12":"shipping-taxable","13":"purchasable","14":"product-type-simple"},"_links":{"self":[{"href":"https:\/\/havamall.vn\/en\/wp-json\/wp\/v2\/product\/15130"}],"collection":[{"href":"https:\/\/havamall.vn\/en\/wp-json\/wp\/v2\/product"}],"about":[{"href":"https:\/\/havamall.vn\/en\/wp-json\/wp\/v2\/types\/product"}],"replies":[{"embeddable":true,"href":"https:\/\/havamall.vn\/en\/wp-json\/wp\/v2\/comments?post=15130"}],"version-history":[{"count":0,"href":"https:\/\/havamall.vn\/en\/wp-json\/wp\/v2\/product\/15130\/revisions"}],"wp:featuredmedia":[{"embeddable":true,"href":"https:\/\/havamall.vn\/en\/wp-json\/wp\/v2\/media\/15136"}],"wp:attachment":[{"href":"https:\/\/havamall.vn\/en\/wp-json\/wp\/v2\/media?parent=15130"}],"wp:term":[{"taxonomy":"product_brand","embeddable":true,"href":"https:\/\/havamall.vn\/en\/wp-json\/wp\/v2\/product_brand?post=15130"},{"taxonomy":"product_cat","embeddable":true,"href":"https:\/\/havamall.vn\/en\/wp-json\/wp\/v2\/product_cat?post=15130"},{"taxonomy":"product_tag","embeddable":true,"href":"https:\/\/havamall.vn\/en\/wp-json\/wp\/v2\/product_tag?post=15130"}],"curies":[{"name":"wp","href":"https:\/\/api.w.org\/{rel}","templated":true}]}}