{"id":15107,"date":"2020-07-07T11:50:12","date_gmt":"2020-07-07T04:50:12","guid":{"rendered":"https:\/\/havamall.vn\/?post_type=product&#038;p=15107"},"modified":"2023-08-08T10:44:04","modified_gmt":"2023-08-08T03:44:04","slug":"dau-huong-duong-mamrukovskoe-nga-1000ml-mamrukovskoe-sunflower-oil-1000ml","status":"publish","type":"product","link":"https:\/\/havamall.vn\/en\/shop\/dau-huong-duong-mamrukovskoe-nga-1000ml-mamrukovskoe-sunflower-oil-1000ml\/","title":{"rendered":"D\u1ea7u H\u01b0\u1edbng D\u01b0\u01a1ng Mamrukovskoe Nga 1000ml &#8211; Mamrukovskoe Sunflower Oil 1000ml"},"content":{"rendered":"<p><b>D\u1ea7u h\u01b0\u1edbng d\u01b0\u01a1ng \u0111\u01b0\u1ee3c l\u00e0m b\u1eb1ng c\u00e1ch \u00e9p h\u1ea1t c\u1ee7a c\u00e2y h\u01b0\u1edbng d\u01b0\u01a1ng. N\u00f3 th\u01b0\u1eddng \u0111\u01b0\u1ee3c qu\u1ea3ng c\u00e1o l\u00e0 m\u1ed9t trong nh\u1eefng lo\u1ea1i d\u1ea7u t\u1ed1t cho s\u1ee9c kh\u1ecfe. B\u1edfi v\u00ec n\u00f3 c\u00f3 ch\u1ee9a nhi\u1ec1u ch\u1ea5t b\u00e9o kh\u00f4ng no c\u00f3 l\u1ee3i cho s\u1ee9c kh\u1ecfe c\u1ee7a tim<\/b><\/p>\n<h1><strong>\u0110\u1eb7c \u0111i\u1ec3m th\u01b0\u01a1ng hi\u1ec7u<\/strong><\/h1>\n<p>C\u00f4ng ty s\u1ea3n xu\u1ea5t d\u1ea7u h\u01b0\u1edbng d\u01b0\u01a1ng th\u1ef1c v\u1eadt v\u1edbi th\u01b0\u01a1ng hi\u1ec7u &#8220;Mamrukovskoe&#8221; trong h\u01a1n hai m\u01b0\u01a1i n\u0103m \u1edf \u0111\u00f3 v\u00e0 s\u1ea3n xu\u1ea5t d\u1ea7u Premium cho ng\u01b0\u1eddi ti\u00eau d\u00f9ng \u1edf Nga v\u00e0 n\u01b0\u1edbc ngo\u00e0i.<br \/>\nTrong nhi\u1ec1u n\u0103m, c\u00f4ng ty \u0111\u00e3 th\u1ec3 hi\u1ec7n r\u1ea5t t\u1ed1t tr\u00ean th\u1ecb tr\u01b0\u1eddng c\u00e1c s\u1ea3n ph\u1ea9m d\u1ea7u v\u00e0 ch\u1ea5t b\u00e9o nh\u01b0 nh\u00e0 cung c\u1ea5p ch\u1ea5t l\u01b0\u1ee3ng cao c\u1ee7a c\u00e1c s\u1ea3n ph\u1ea9m tuy\u1ec7t v\u1eddi. D\u1ea7u th\u00e2n thi\u1ec7n v\u1edbi m\u00f4i tr\u01b0\u1eddng, t\u1ed1t cho s\u1ee9c kh\u1ecfe, duy tr\u00ec to\u00e0n b\u1ed9 c\u00e1c y\u1ebfu t\u1ed1 t\u1ef1 nhi\u00ean &#8211; l\u00e0 s\u1ea3n ph\u1ea9m c\u1ee7a &#8220;Mamruko&#8221;.<\/p>\n<p><img fetchpriority=\"high\" decoding=\"async\" class=\"wp-image-15124 aligncenter\" src=\"https:\/\/havamall.vn\/wp-content\/uploads\/2020\/07\/mamrukovskoe_podsolnechnoe_maslo_1-300x102.jpg\" alt=\"\" width=\"971\" height=\"330\" srcset=\"https:\/\/havamall.vn\/wp-content\/uploads\/2020\/07\/mamrukovskoe_podsolnechnoe_maslo_1-300x102.jpg 300w, https:\/\/havamall.vn\/wp-content\/uploads\/2020\/07\/mamrukovskoe_podsolnechnoe_maslo_1-430x146.jpg 430w, https:\/\/havamall.vn\/wp-content\/uploads\/2020\/07\/mamrukovskoe_podsolnechnoe_maslo_1-150x51.jpg 150w, https:\/\/havamall.vn\/wp-content\/uploads\/2020\/07\/mamrukovskoe_podsolnechnoe_maslo_1-700x238.jpg 700w, https:\/\/havamall.vn\/wp-content\/uploads\/2020\/07\/mamrukovskoe_podsolnechnoe_maslo_1-768x261.jpg 768w, https:\/\/havamall.vn\/wp-content\/uploads\/2020\/07\/mamrukovskoe_podsolnechnoe_maslo_1-1024x348.jpg 1024w, https:\/\/havamall.vn\/wp-content\/uploads\/2020\/07\/mamrukovskoe_podsolnechnoe_maslo_1.jpg 1200w, https:\/\/havamall.vn\/wp-content\/uploads\/2020\/07\/mamrukovskoe_podsolnechnoe_maslo_1-600x204.jpg 600w\" sizes=\"(max-width: 971px) 100vw, 971px\" \/><\/p>\n<h1><strong>\u0110\u1eb7c \u0111i\u1ec3m n\u1ed5i b\u1eadt\u00a0<\/strong><\/h1>\n<p>D\u1ea7u h\u01b0\u1edbng d\u01b0\u01a1ng tinh luy\u1ec7n Mamrukovskoe\u200b v\u1edbi th\u00e0nh ph\u1ea7n ch\u00ednh l\u00e0 chi\u1ebft xu\u1ea5t nguy\u00ean ch\u1ea5t t\u1eeb h\u1ea1t h\u01b0\u1edbng d\u01b0\u01a1ng t\u1ef1 nhi\u00ean, c\u00f3 th\u1ec3 s\u1eed d\u1ee5ng \u0111a d\u1ea1ng trong m\u00f3n \u0103n nh\u01b0 nh\u1eefng m\u00f3n x\u00e0o, chi\u00ean, tr\u1ed9n salad\u2026 Vi\u1ec7c s\u1eed d\u1ee5ng d\u1ea7u \u0103n h\u01b0\u1edbng d\u01b0\u01a1ng m\u1ed7i ng\u00e0y s\u1ebd gi\u00fap t\u0103ng c\u01b0\u1eddng tr\u00ed nh\u1edb, ng\u0103n ng\u1eeba l\u00e3o h\u00f3a, r\u1ea5t t\u1ed1t cho s\u1ee9c kh\u1ecfe.<\/p>\n<p><img decoding=\"async\" class=\"wp-image-15122 aligncenter\" src=\"https:\/\/havamall.vn\/wp-content\/uploads\/2020\/07\/98159465_924448874705409_7694895035652767744_o-300x300.jpg\" alt=\"\" width=\"563\" height=\"563\" srcset=\"https:\/\/havamall.vn\/wp-content\/uploads\/2020\/07\/98159465_924448874705409_7694895035652767744_o-300x300.jpg 300w, https:\/\/havamall.vn\/wp-content\/uploads\/2020\/07\/98159465_924448874705409_7694895035652767744_o-430x430.jpg 430w, https:\/\/havamall.vn\/wp-content\/uploads\/2020\/07\/98159465_924448874705409_7694895035652767744_o-150x150.jpg 150w, https:\/\/havamall.vn\/wp-content\/uploads\/2020\/07\/98159465_924448874705409_7694895035652767744_o-700x700.jpg 700w, https:\/\/havamall.vn\/wp-content\/uploads\/2020\/07\/98159465_924448874705409_7694895035652767744_o-768x768.jpg 768w, https:\/\/havamall.vn\/wp-content\/uploads\/2020\/07\/98159465_924448874705409_7694895035652767744_o-600x600.jpg 600w, https:\/\/havamall.vn\/wp-content\/uploads\/2020\/07\/98159465_924448874705409_7694895035652767744_o-100x100.jpg 100w, https:\/\/havamall.vn\/wp-content\/uploads\/2020\/07\/98159465_924448874705409_7694895035652767744_o.jpg 960w\" sizes=\"(max-width: 563px) 100vw, 563px\" \/><\/p>\n<p>D\u1ea7u h\u01b0\u1edbng d\u01b0\u01a1ng\u00a0Mamrukovskoe tinh luy\u1ec7n th\u01b0\u1eddng c\u00f3 m\u00e0u h\u1ed5 ph\u00e1ch nh\u1ea1t, c\u00f3 m\u00f9i b\u00e9o nh\u01b0ng ho\u00e0n to\u00e0n ph\u00f9 h\u1ee3p v\u1edbi c\u00e1c ch\u1ebf \u0111\u1ed9 gi\u1ea3m c\u00e2n v\u00e0 c\u1ef1c k\u00ec t\u1ed1t cho tim m\u1ea1ch. Ngo\u00e0i ra d\u00f2ng s\u1ea3n ph\u1ea9m n\u00e0y c\u00f3 gi\u00e1 tr\u1ecb dinh d\u01b0\u1ee1ng cao, ch\u1ee9a nhi\u1ec1u ch\u1ea5t b\u00e9o b\u00e3o h\u00f2a, n\u0103ng l\u01b0\u1ee3ng, vitamin E v\u00e0 K gi\u00fap ng\u0103n ng\u1eeba ung th\u01b0 v\u00e0 l\u00e3o h\u00f3a da t\u1ef1 nhi\u00ean<\/p>\n<p><img decoding=\"async\" class=\"wp-image-15125 aligncenter\" src=\"https:\/\/havamall.vn\/wp-content\/uploads\/2020\/07\/Capture-3-300x227.png\" alt=\"\" width=\"780\" height=\"591\" srcset=\"https:\/\/havamall.vn\/wp-content\/uploads\/2020\/07\/Capture-3-300x227.png 300w, https:\/\/havamall.vn\/wp-content\/uploads\/2020\/07\/Capture-3-430x325.png 430w, https:\/\/havamall.vn\/wp-content\/uploads\/2020\/07\/Capture-3-150x114.png 150w, https:\/\/havamall.vn\/wp-content\/uploads\/2020\/07\/Capture-3-700x530.png 700w, https:\/\/havamall.vn\/wp-content\/uploads\/2020\/07\/Capture-3-768x581.png 768w, https:\/\/havamall.vn\/wp-content\/uploads\/2020\/07\/Capture-3-600x454.png 600w, https:\/\/havamall.vn\/wp-content\/uploads\/2020\/07\/Capture-3.png 999w\" sizes=\"(max-width: 780px) 100vw, 780px\" \/><\/p>\n<table style=\"height: 408px\" width=\"648\">\n<tbody>\n<tr>\n<td>Th\u01b0\u01a1ng hi\u1ec7u<\/td>\n<td>Mamrukovskoe<\/td>\n<\/tr>\n<tr>\n<td>Xu\u1ea5t x\u1ee9 th\u01b0\u01a1ng hi\u1ec7u<\/td>\n<td>Li\u00ean Bang Nga<\/td>\n<\/tr>\n<tr>\n<td>Quy c\u00e1ch \u0111\u00f3ng g\u00f3i<\/td>\n<td>Chai nh\u1ef1a 1000ml<\/td>\n<\/tr>\n<tr>\n<td>Dung t\u00edch<\/td>\n<td>1000ml<\/td>\n<\/tr>\n<tr>\n<td>H\u1ea1n s\u1eed d\u1ee5ng<\/td>\n<td>18 th\u00e1ng t\u1eeb ng\u00e0y s\u1ea3n xu\u1ea5t<\/td>\n<\/tr>\n<tr>\n<td>Ng\u00e0y s\u1ea3n xu\u1ea9t<\/td>\n<td>Xem tr\u00ean bao b\u00ec<\/td>\n<\/tr>\n<tr>\n<td>H\u01b0\u1edbng d\u1eabn b\u1ea3o qu\u1ea3n<\/td>\n<td>B\u1ea3o qu\u1ea3n \u1edf nhi\u1ec7t \u0111\u1ed9 ph\u00f2ng, tr\u00e1nh \u00e1nh n\u1eafng tr\u1ef1c ti\u1ebfp.<\/td>\n<\/tr>\n<tr>\n<td>H\u01b0\u1edbng d\u1eabn s\u1eed d\u1ee5ng<\/td>\n<td>Chi\u00ean r\u00e1n, x\u00e0o n\u1ea5u, ch\u1ebf bi\u1ebfn salad \u0103n li\u1ec1n<\/td>\n<\/tr>\n<\/tbody>\n<\/table>\n<h1><\/h1>\n<h1><strong><img loading=\"lazy\" decoding=\"async\" class=\"wp-image-15123 aligncenter\" src=\"https:\/\/havamall.vn\/wp-content\/uploads\/2020\/07\/96582307_918755638608066_4782954642583584768_o-300x300.jpg\" alt=\"\" width=\"577\" height=\"577\" srcset=\"https:\/\/havamall.vn\/wp-content\/uploads\/2020\/07\/96582307_918755638608066_4782954642583584768_o-300x300.jpg 300w, https:\/\/havamall.vn\/wp-content\/uploads\/2020\/07\/96582307_918755638608066_4782954642583584768_o-430x430.jpg 430w, https:\/\/havamall.vn\/wp-content\/uploads\/2020\/07\/96582307_918755638608066_4782954642583584768_o-150x150.jpg 150w, https:\/\/havamall.vn\/wp-content\/uploads\/2020\/07\/96582307_918755638608066_4782954642583584768_o-700x700.jpg 700w, https:\/\/havamall.vn\/wp-content\/uploads\/2020\/07\/96582307_918755638608066_4782954642583584768_o-768x768.jpg 768w, https:\/\/havamall.vn\/wp-content\/uploads\/2020\/07\/96582307_918755638608066_4782954642583584768_o-600x600.jpg 600w, https:\/\/havamall.vn\/wp-content\/uploads\/2020\/07\/96582307_918755638608066_4782954642583584768_o-100x100.jpg 100w, https:\/\/havamall.vn\/wp-content\/uploads\/2020\/07\/96582307_918755638608066_4782954642583584768_o.jpg 960w\" sizes=\"(max-width: 577px) 100vw, 577px\" \/>C\u00f4ng d\u1ee5ng<\/strong><\/h1>\n<p>D\u1ea7u \u0103n h\u01b0\u1edbng d\u01b0\u01a1ng Mamrukovskoe \u0111\u01b0\u1ee3c tinh ch\u1ebf 100% t\u1eeb h\u1ea1t h\u01b0\u1edbng d\u01b0\u01a1ng kh\u00f4ng bi\u1ebfn \u0111\u1ed5i gen v\u1edbi c\u00f4ng ngh\u1ec7 hi\u1ec7n \u0111\u1ea1i c\u1ee7a ch\u00e2u \u00c2u.<\/p>\n<p>D\u1ea7u \u0103n h\u01b0\u1edbng d\u01b0\u01a1ng Mamrukovskoe c\u00f3 l\u01b0\u1ee3ng ch\u1ea5t b\u00e9o b\u00e3o h\u00f2a th\u1ea5p v\u00e0 ch\u1ea5t ch\u1ed1ng oxi h\u00f3a r\u1ea5t t\u1ed1t cho tim m\u1ea1ch, huy\u1ebft \u00e1p, \u0111\u1ed3ng th\u1eddi l\u00e0m gi\u1ea3m l\u01b0\u1ee3ng choresterol trong m\u00e1u.<\/p>\n<p>D\u1ea7u \u0103n h\u01b0\u1edbng d\u01b0\u01a1ng Mamrukovskoe, s\u1ea3n ph\u1ea9m d\u00e0nh cho ng\u01b0\u1eddi ti\u00eau d\u00f9ng th\u00f4ng minh, nguy\u00ean li\u1ec7u t\u1ea1o nhi\u1ec1u m\u00f3n \u0103n ngon \u0111\u1ed3ng th\u1eddi b\u1ea3o v\u1ec7 s\u1ee9c kh\u1ecfe cho gia \u0111\u00ecnh b\u1ea1n.<\/p>\n<p><b>D\u1ea7u h\u01b0\u1edbng d\u01b0\u01a1ng<\/b>\u00a0r\u1ea5t gi\u00e0u vitamin E v\u00e0 \u00edt ch\u1ea5t b\u00e9o b\u00e3o h\u00f2a n\u00ean r\u1ea5t t\u1ed1t cho tim m\u1ea1ch. B\u00ean c\u1ea1nh \u0111\u00f3 s\u1eed\u00a0<b>d\u1ee5ng d\u1ea7u h\u01b0\u1edbng d\u01b0\u01a1ng<\/b>\u00a0c\u00f2n gi\u00fap ng\u0103n ng\u1eeba b\u1ec7nh th\u1ea5p kh\u1edbp, hen suy\u1ec5n, gi\u1ea3m n\u1ed3ng \u0111\u1ed9 cholesterol trong m\u00e1u, duy tr\u00ec h\u1ec7 mi\u1ec5n d\u1ecbch lu\u00f4n kh\u1ecfe m\u1ea1nh<\/p>\n<p>H\u00e3y tin d\u00f9ng d\u1ea7u h\u01b0\u1edbng d\u01b0\u01a1ng t\u1ea1i Havamall \u0111\u1ec3 nh\u1eadn \u0111\u01b0\u1ee3c s\u1ea3n ph\u1ea9m \u0111\u01b0\u1ee3c \u0111\u1ea3m b\u1ea3o ch\u1ea5t l\u01b0\u1ee3ng v\u00e0 gi\u00e1 c\u1ea3 ph\u1ea3i ch\u0103ng nh\u00e9!!!<\/p>","protected":false},"excerpt":{"rendered":"<ul>\n<li>Th\u00e0nh ph\u1ea7n d\u1ea7u h\u01b0\u1edbng d\u01b0\u01a1ng nguy\u00ean ch\u1ea5t<\/li>\n<li>C\u00f3 nhi\u1ec1u c\u00f4ng d\u1ee5ng t\u1ed1t cho s\u1ee9c kh\u1ecfe<\/li>\n<li>\u0110\u00f3ng chai ti\u1ec7n l\u1ee3i, d\u1ec5 d\u00e0ng s\u1eed d\u1ee5ng<\/li>\n<li>Th\u00e0nh ph\u1ea7n: 100% t\u1eeb h\u1ea1t h\u01b0\u1edbng d\u01b0\u01a1ng<\/li>\n<li>Gi\u00e1 tr\u1ecb dinh d\u01b0\u1ee1ng: ch\u1ea5t b\u00e9o 99,9%, 899kcal<\/li>\n<\/ul>","protected":false},"featured_media":15127,"comment_status":"open","ping_status":"closed","template":"","meta":[],"product_brand":[],"product_cat":[36,143],"product_tag":[],"class_list":{"0":"post-15107","1":"product","2":"type-product","3":"status-publish","4":"has-post-thumbnail","6":"product_cat-thuc-pham-tieu-dung","7":"product_cat-thuc-pham-dong-hop","9":"first","10":"instock","11":"sale","12":"shipping-taxable","13":"purchasable","14":"product-type-simple"},"_links":{"self":[{"href":"https:\/\/havamall.vn\/en\/wp-json\/wp\/v2\/product\/15107"}],"collection":[{"href":"https:\/\/havamall.vn\/en\/wp-json\/wp\/v2\/product"}],"about":[{"href":"https:\/\/havamall.vn\/en\/wp-json\/wp\/v2\/types\/product"}],"replies":[{"embeddable":true,"href":"https:\/\/havamall.vn\/en\/wp-json\/wp\/v2\/comments?post=15107"}],"version-history":[{"count":0,"href":"https:\/\/havamall.vn\/en\/wp-json\/wp\/v2\/product\/15107\/revisions"}],"wp:featuredmedia":[{"embeddable":true,"href":"https:\/\/havamall.vn\/en\/wp-json\/wp\/v2\/media\/15127"}],"wp:attachment":[{"href":"https:\/\/havamall.vn\/en\/wp-json\/wp\/v2\/media?parent=15107"}],"wp:term":[{"taxonomy":"product_brand","embeddable":true,"href":"https:\/\/havamall.vn\/en\/wp-json\/wp\/v2\/product_brand?post=15107"},{"taxonomy":"product_cat","embeddable":true,"href":"https:\/\/havamall.vn\/en\/wp-json\/wp\/v2\/product_cat?post=15107"},{"taxonomy":"product_tag","embeddable":true,"href":"https:\/\/havamall.vn\/en\/wp-json\/wp\/v2\/product_tag?post=15107"}],"curies":[{"name":"wp","href":"https:\/\/api.w.org\/{rel}","templated":true}]}}