{"id":15089,"date":"2020-07-07T10:51:11","date_gmt":"2020-07-07T03:51:11","guid":{"rendered":"https:\/\/havamall.vn\/?post_type=product&#038;p=15089"},"modified":"2021-12-13T17:20:18","modified_gmt":"2021-12-13T10:20:18","slug":"hat-huong-duong-vi-muoi-bien-martin-100g-martin-sunflower-seeds-with-sea-salt-100g","status":"publish","type":"product","link":"https:\/\/havamall.vn\/en\/shop\/hat-huong-duong-vi-muoi-bien-martin-100g-martin-sunflower-seeds-with-sea-salt-100g\/","title":{"rendered":"H\u1ea1t H\u01b0\u1edbng D\u01b0\u01a1ng V\u1ecb Mu\u1ed1i Bi\u1ec3n Martin 100g &#8211; Martin Sunflower Seeds With Sea Salt 100g"},"content":{"rendered":"<div>C\u00f4ng ty &#8220;MARTIN&#8221; \u0111\u00e3 \u0111\u01b0\u1ee3c th\u00e0nh l\u1eadp trong n\u0103m 2000 t\u1ea1i th\u00e0nh ph\u1ed1 Elektrougli.\u00a0C\u00f9ng v\u1edbi s\u1ef1 \u00e1p d\u1ee5ng c\u00f4ng ngh\u1ec7 ti\u00ean ti\u1ebfn trong l\u0129nh v\u1ef1c thu ho\u1ea1ch v\u00e0 s\u1ea3n xu\u1ea5t,&#8221;Martin&#8221;l\u00e0 m\u1ed9t trong nh\u1eefng c\u00f4ng ty \u0111\u01b0\u1ee3c c\u00f4ng nh\u1eadn h\u00e0ng \u0111\u1ea7u trong s\u1ea3n xu\u1ea5t , ch\u1ebf bi\u1ebfn h\u1ea1t h\u01b0\u1edbng d\u01b0\u01a1ng, v\u00e0 m\u1ed9t lo\u1ea1t c\u00e1c s\u1ea3n ph\u1ea9m \u0111\u00f3ng h\u1ed9p \u1edf Nga.<\/div>\n<h1><strong>\u0110\u1eb7c \u0111i\u1ec3m chung<\/strong><\/h1>\n<p>B\u00ean c\u1ea1nh nh\u1eefng ch\u00fa b\u00fap b\u00ea Matrioshka, r\u01b0\u1ee3u Vodka, tr\u1ee9ng c\u00e1 mu\u1ed1i th\u00ec khi nh\u1eafc t\u1edbi n\u01b0\u1edbc Nga, ng\u01b0\u1eddi ta kh\u00f4ng th\u1ec3 b\u1ecf qu\u00ean h\u00ecnh \u1ea3nh c\u1ee7a nh\u1eefng c\u00e1nh \u0111\u1ed3ng h\u01b0\u1edbng d\u01b0\u01a1ng b\u1ea1t ng\u00e0n.\u00a0Nga l\u00e0 n\u01b0\u1edbc \u0111\u1ee9ng \u0111\u1ea7u v\u1ec1 s\u1ea3n xu\u1ea5t h\u1ea1t h\u01b0\u1edbng d\u01b0\u01a1ng v\u00e0 khu v\u1ef1c Rostov l\u00e0 n\u01a1i chi\u1ebfm t\u1edbi 20% di\u1ec7n t\u00edch tr\u1ed3ng hoa h\u01b0\u1edbng d\u01b0\u01a1ng \u1edf Nga. Hoa h\u01b0\u1edbng d\u01b0\u01a1ng \u1edf \u0111\u00e2y c\u00f3 l\u1ebd c\u00f2n nhi\u1ec1u h\u01a1n \u1edf Kansas.<\/p>\n<p><img fetchpriority=\"high\" decoding=\"async\" class=\"aligncenter\" src=\"https:\/\/tea-2.lozi.vn\/v1\/images\/resized\/huong-duong-nga-hieu-con-vit-martin-1513263717-1-4544750-1513263717?w=480&amp;type=s\" alt=\"K\u00e1\u00ba\u00bft qu\u00e1\u00ba\u00a3 h\u00c3\u00acnh \u00e1\u00ba\u00a3nh cho h\u00e1\u00ba\u00a1t h\u00c6\u00b0\u00e1\u00bb\u009bng d\u00c6\u00b0\u00c6\u00a1ng nga martin\" width=\"611\" height=\"611\" \/><\/p>\n<p>H\u1ea1t h\u01b0\u1edbng d\u01b0\u01a1ng Martin l\u00e0 m\u1ed9t s\u1ea3n ph\u1ea9m truy\u1ec1n th\u1ed1ng c\u1ee7a Nga. H\u1ea1t h\u01b0\u1edbng d\u01b0\u01a1ng Martin \u0111\u01b0\u1ee3c s\u1ea3n xu\u1ea5t v\u00e0 \u0111\u00f3ng g\u00f3i theo d\u00e2y chuy\u1ec1n c\u00f4ng ngh\u1ec7 hi\u1ec7n \u0111\u1ea1i. \u0110\u1ea3m b\u1ea3o h\u01b0\u01a1ng v\u1ecb th\u01a1m ngon c\u00f9ng v\u1edbi \u0111\u1ed9 gi\u00f2n cao s\u1ebd mang \u0111\u1ebfn cho b\u1ea1n s\u1ef1 c\u1ea3m nh\u1eadn c\u0169ng nh\u01b0 m\u00f9i v\u1ecb kh\u00e1c bi\u1ec7t v\u00e0 ho\u00e0n h\u1ea3o. H\u1ea1t nh\u1ecf th\u01a1m, m\u1ea9y v\u00e0 \u0111\u1ea7y, kh\u00f4ng b\u1ecb l\u00e9p, \u0103n nhi\u1ec1u kh\u00f4ng b\u1ecb ho nh\u01b0 h\u1ea1t h\u01b0\u1edbng d\u01b0\u01a1ng th\u00f4ng th\u01b0\u1eddng. S\u1ea3n ph\u1ea9m kh\u00f4ng d\u00f9ng ch\u1ea5t b\u1ea3o qu\u1ea3n, \u0111\u1ea3m b\u1ea3o an to\u00e0n v\u1ec7 sinh th\u1ef1c ph\u1ea9m.<\/p>\n<h1><strong>\u0110\u1eb7c \u0111i\u1ec3m n\u1ed5i b\u1eadt<\/strong><\/h1>\n<div>\n<p><strong>Th\u00e0nh ph\u1ea7n:<\/strong>\u00a0\u00a0h\u1ea1t h\u01b0\u1edbng d\u01b0\u01a1ng chi\u00ean mu\u1ed1i bi\u1ec3n<\/p>\n<p><strong>Gi\u00e1 tr\u1ecb dinh d\u01b0\u1ee1ng:<\/strong><br \/>\n\u2022\u00a0protein 20,7 gram,<\/p>\n<p>\u2022\u00a0ch\u1ea5t b\u00e9o 52,9 gram,<\/p>\n<p>\u2022\u00a0carbohydrate 5,0 gram<\/p>\n<p><strong>Gi\u00e1 tr\u1ecb n\u0103ng l\u01b0\u1ee3ng:<\/strong><br \/>\n\u2022\u00a0578 kcal \/ 100 gram<\/p>\n<p><strong>Th\u1eddi h\u1ea1n s\u1eed d\u1ee5ng:<\/strong>\u00a0 \u00a0240 ng\u00e0y k\u1ec3 t\u1eeb ng\u00e0y s\u1ea3n xu\u1ea5t.<\/p>\n<p><strong>B\u1ea3o qu\u1ea3n<\/strong>: L\u01b0u tr\u1eef \u1edf n\u01a1i kh\u00f4 r\u00e1o, tho\u00e1ng m\u00e1t \u1edf nhi\u1ec7t \u0111\u1ed9 kh\u00f4ng kh\u00ed kh\u00f4ng cao h\u01a1n 25 \u00b0 C v\u00e0 \u0111\u1ed9 \u1ea9m t\u01b0\u01a1ng \u0111\u1ed1i kh\u00f4ng qu\u00e1 75%<\/p>\n<p><strong>\u0110\u1ed1i t\u01b0<span lang=\"EN-US\">\u1ee3<\/span>ng ti\u00eau d\u00f9ng<\/strong>: Mang l\u1ea1i ngu\u1ed3n n\u0103ng l\u01b0\u1ee3ng cho c\u01a1 th\u1ec3 ph\u00f9 h\u1ee3p \u0103n v\u1eb7t cho gia \u0111\u00ecnh, l\u00e0m qu\u00e0 bi\u1ebfu, d\u00f9ng trong nh\u00e0 h\u00e0ng, qu\u00e1n cafe,&#8230;<\/p>\n<p><img decoding=\"async\" class=\"wp-image-15093 aligncenter\" src=\"https:\/\/havamall.vn\/wp-content\/uploads\/2020\/07\/15440416_1439842076043975_4308174699339038852_o-270x300.jpg\" alt=\"\" width=\"570\" height=\"634\" srcset=\"https:\/\/havamall.vn\/wp-content\/uploads\/2020\/07\/15440416_1439842076043975_4308174699339038852_o-270x300.jpg 270w, https:\/\/havamall.vn\/wp-content\/uploads\/2020\/07\/15440416_1439842076043975_4308174699339038852_o-430x478.jpg 430w, https:\/\/havamall.vn\/wp-content\/uploads\/2020\/07\/15440416_1439842076043975_4308174699339038852_o-150x167.jpg 150w, https:\/\/havamall.vn\/wp-content\/uploads\/2020\/07\/15440416_1439842076043975_4308174699339038852_o-700x778.jpg 700w, https:\/\/havamall.vn\/wp-content\/uploads\/2020\/07\/15440416_1439842076043975_4308174699339038852_o-768x853.jpg 768w, https:\/\/havamall.vn\/wp-content\/uploads\/2020\/07\/15440416_1439842076043975_4308174699339038852_o-600x667.jpg 600w, https:\/\/havamall.vn\/wp-content\/uploads\/2020\/07\/15440416_1439842076043975_4308174699339038852_o.jpg 864w\" sizes=\"(max-width: 570px) 100vw, 570px\" \/><\/p>\n<h1>C\u00f4ng d\u1ee5ng c\u1ee7a h\u01b0\u1edbng d\u01b0\u01a1ng<\/h1>\n<p>H\u1ea1t h\u01b0\u1edbng d\u01b0\u01a1ng t\u1ed1t cho h\u1ec7 th\u1ea7n kinh, c\u00f3 hi\u1ec7u qu\u1ea3 cho nh\u1eefng ng\u01b0\u1eddi b\u1ecf thu\u1ed1c l\u00e1. C\u00f3 ch\u1ee9a vitamin A, E, D, v\u00ec v\u1eady \u0111\u01b0\u1ee3c v\u00ed nh\u01b0 l\u00e0 thu\u1ed1c tr\u01b0\u1eddng ni\u00ean, c\u00f3 t\u00e1c d\u1ee5ng t\u1ed1t cho da, s\u1ea3n ph\u1ea9m l\u00e0nh m\u1ea1nh v\u00e0 b\u1ed5 d\u01b0\u1ee1ng, b\u00ecnh th\u01b0\u1eddng h\u00f3a s\u1ef1 c\u00e2n b\u1eb1ng axit-ki\u1ec1m. Ngo\u00e0i ra, h\u1ea1t h\u01b0\u1edbng d\u01b0\u01a1ng c\u00f2n ch\u1ee9a kali, canxi, ch\u1ea5t x\u01a1, ph\u1ed1t pho v\u00e0 kh\u00f4ng b\u00e3o h\u00f2a \u0111a ch\u1ea5t b\u00e9o \u0111\u1ec3 l\u00e0m gi\u1ea3m cholesterol.<\/p>\n<p>H\u1ea1t h\u01b0\u1edbng d\u01b0\u01a1ng c\u00f3 gi\u00e1 tr\u1ecb dinh d\u01b0\u1ee1ng cao, gi\u00fap t\u0103ng c\u01b0\u1eddng tr\u00ed nh\u1edb, ng\u0103n ng\u1eeba l\u00e3o h\u00f3a, gi\u00fap b\u1ea1n k\u00e9o d\u00e0i s\u1ee9c kh\u1ecfe v\u00e0 tu\u1ed5i thanh xu\u00e2n, \u0111\u1eb7c bi\u1ec7t g\u00f3p ph\u1ea7n ph\u00f2ng ng\u1eeba c\u00e1c b\u1ec7nh m\u1ee1 trong m\u00e1u cao.<\/p>\n<p>H\u1ea1t h\u01b0\u1edbng d\u01b0\u01a1ng r\u1ea5t ph\u00f9 h\u1ee3p v\u1edbi c\u00e1c \u0111\u00e1m c\u01b0\u1edbi v\u00e0 c\u00e1c nghi l\u1ec5 quan tr\u1ecdng nh\u01b0ng c\u1ea7n s\u1ef1 sang tr\u1ecdng, l\u00e0m qu\u00e0 bi\u1ebfu ho\u1eb7c c\u00f3 th\u1ec3 d\u00f9ng \u0111\u1ec3 nh\u00e2m nhi h\u00e0ng ng\u00e0y v\u00e0 ng\u00e0y T\u1ebft.<\/p>\n<p><img decoding=\"async\" class=\"wp-image-15100 aligncenter\" src=\"https:\/\/havamall.vn\/wp-content\/uploads\/2020\/07\/16107496_1478077982220384_3252292802486358013_o-300x200.jpg\" alt=\"\" width=\"754\" height=\"502\" srcset=\"https:\/\/havamall.vn\/wp-content\/uploads\/2020\/07\/16107496_1478077982220384_3252292802486358013_o-300x200.jpg 300w, https:\/\/havamall.vn\/wp-content\/uploads\/2020\/07\/16107496_1478077982220384_3252292802486358013_o-430x287.jpg 430w, https:\/\/havamall.vn\/wp-content\/uploads\/2020\/07\/16107496_1478077982220384_3252292802486358013_o-150x100.jpg 150w, https:\/\/havamall.vn\/wp-content\/uploads\/2020\/07\/16107496_1478077982220384_3252292802486358013_o-700x467.jpg 700w, https:\/\/havamall.vn\/wp-content\/uploads\/2020\/07\/16107496_1478077982220384_3252292802486358013_o-768x512.jpg 768w, https:\/\/havamall.vn\/wp-content\/uploads\/2020\/07\/16107496_1478077982220384_3252292802486358013_o-600x400.jpg 600w, https:\/\/havamall.vn\/wp-content\/uploads\/2020\/07\/16107496_1478077982220384_3252292802486358013_o.jpg 960w\" sizes=\"(max-width: 754px) 100vw, 754px\" \/><\/p>\n<\/div>","protected":false},"excerpt":{"rendered":"<ul>\n<li>&#8211; H\u1ea1t h\u01b0\u1edbng d\u01b0\u01a1ng Martin mu\u1ed1i bi\u1ec3n l\u00e0 m\u1ed9t s\u1ea3n ph\u1ea9m truy\u1ec1n th\u1ed1ng c\u1ee7a Nga.<\/li>\n<li>&#8211; H\u1ea1t \u0111en b\u00f3ng, v\u1ecf m\u1ecfng nh\u00e2n m\u1ea9y, \u0111\u1ea7y v\u00e0 to.<\/li>\n<li>&#8211; H\u01b0\u01a1ng v\u1ecb th\u01a1m ngon, gi\u00f2n, b\u00f9i \u0103n nhi\u1ec1u kh\u00f4ng b\u1ecb ho nh\u01b0 h\u1ea1t h\u01b0\u1edbng d\u01b0\u01a1ng th\u00f4ng th\u01b0\u1eddng.Ch\u1ee9a nhi\u1ec1u vitamin A, E, D b\u1ed5 d\u01b0\u1ee1ng r\u1ea5t t\u1ed1t cho s\u1ee9c kh\u1ecfe v\u00e0 l\u00e0n da. Ngo\u00e0i ra c\u00f2n ch\u1ee9a kali, canxi, ch\u1ea5t x\u01a1, ph\u1ed1t pho v\u00e0 kh\u00f4ng b\u00e3o h\u00f2a \u0111a ch\u1ea5t b\u00e9o l\u00e0m gi\u1ea3m cholesterol.<\/li>\n<\/ul>","protected":false},"featured_media":15099,"comment_status":"open","ping_status":"closed","template":"","meta":[],"product_brand":[],"product_cat":[36,134],"product_tag":[],"class_list":{"0":"post-15089","1":"product","2":"type-product","3":"status-publish","4":"has-post-thumbnail","6":"product_cat-thuc-pham-tieu-dung","7":"product_cat-thucpham-saykho","9":"first","10":"outofstock","11":"sale","12":"shipping-taxable","13":"purchasable","14":"product-type-simple"},"_links":{"self":[{"href":"https:\/\/havamall.vn\/en\/wp-json\/wp\/v2\/product\/15089"}],"collection":[{"href":"https:\/\/havamall.vn\/en\/wp-json\/wp\/v2\/product"}],"about":[{"href":"https:\/\/havamall.vn\/en\/wp-json\/wp\/v2\/types\/product"}],"replies":[{"embeddable":true,"href":"https:\/\/havamall.vn\/en\/wp-json\/wp\/v2\/comments?post=15089"}],"version-history":[{"count":0,"href":"https:\/\/havamall.vn\/en\/wp-json\/wp\/v2\/product\/15089\/revisions"}],"wp:featuredmedia":[{"embeddable":true,"href":"https:\/\/havamall.vn\/en\/wp-json\/wp\/v2\/media\/15099"}],"wp:attachment":[{"href":"https:\/\/havamall.vn\/en\/wp-json\/wp\/v2\/media?parent=15089"}],"wp:term":[{"taxonomy":"product_brand","embeddable":true,"href":"https:\/\/havamall.vn\/en\/wp-json\/wp\/v2\/product_brand?post=15089"},{"taxonomy":"product_cat","embeddable":true,"href":"https:\/\/havamall.vn\/en\/wp-json\/wp\/v2\/product_cat?post=15089"},{"taxonomy":"product_tag","embeddable":true,"href":"https:\/\/havamall.vn\/en\/wp-json\/wp\/v2\/product_tag?post=15089"}],"curies":[{"name":"wp","href":"https:\/\/api.w.org\/{rel}","templated":true}]}}