{"id":15088,"date":"2020-07-07T10:53:49","date_gmt":"2020-07-07T03:53:49","guid":{"rendered":"https:\/\/havamall.vn\/?post_type=product&#038;p=15088"},"modified":"2023-06-09T11:06:03","modified_gmt":"2023-06-09T04:06:03","slug":"la-bac-ha-say-kho-goi-5g-dried-mint-5g","status":"publish","type":"product","link":"https:\/\/havamall.vn\/en\/shop\/la-bac-ha-say-kho-goi-5g-dried-mint-5g\/","title":{"rendered":"L\u00e1 B\u1ea1c H\u00e0 S\u1ea5y Kh\u00f4 G\u00f3i 10g &#8211; Dried Mint"},"content":{"rendered":"<p><span style=\"font-weight: 400\">B\u1ea1c h\u00e0 l\u00e0 m\u1ed9t lo\u1ea1i th\u1ea3o m\u1ed9c ph\u1ed5 bi\u1ebfn c\u00f3 th\u1ec3 \u0111\u01b0\u1ee3c s\u1eed d\u1ee5ng t\u01b0\u01a1i ho\u1eb7c kh\u00f4 trong nhi\u1ec1u m\u00f3n \u0103n v\u00e0 <\/span>y h\u1ecdc c\u1ed5 truy\u1ec1n<span style=\"font-weight: 400\">. D\u1ea7u b\u1ea1c h\u00e0 th\u01b0\u1eddng \u0111\u01b0\u1ee3c s\u1eed d\u1ee5ng trong kem \u0111\u00e1nh r\u0103ng, k\u1eb9o cao su, k\u1eb9o v\u00e0 c\u00e1c s\u1ea3n ph\u1ea9m l\u00e0m \u0111\u1eb9p. <\/span><span style=\"font-weight: 400\">\u00a0<\/span><span style=\"font-weight: 400\">B\u1ea1c h\u00e0 c\u00f3 m\u1ed9t trong nh\u1eefng kh\u1ea3 n\u0103ng ch\u1ed1ng oxy h\u00f3a cao nh\u1ea5t h\u01a1n b\u1ea5t k\u1ef3 lo\u1ea1i th\u1ef1c ph\u1ea9m n\u00e0o. S\u1eed d\u1ee5ng c\u00e1c lo\u1ea1i th\u1ea3o m\u1ed9c v\u00e0 gia v\u1ecb t\u01b0\u01a1i nh\u01b0 b\u1ea1c h\u00e0 \u0111\u1ec3 th\u00eam h\u01b0\u01a1ng v\u1ecb khi n\u1ea5u \u0103n c\u0169ng c\u00f3 th\u1ec3 gi\u00fap c\u1eaft gi\u1ea3m l\u01b0\u1ee3ng natri.<\/span><\/p>\n<h1><strong>\u0110\u1eb7c \u0111i\u1ec3m n\u1ed5i b\u1eadt\u00a0<\/strong><\/h1>\n<p><span style=\"font-weight: 400\">L\u00e1 b\u1ea1c h\u00e0 s\u1ea5y kh\u00f4 t\u1ea1i HavaFood g\u1ed3m l\u00e1 v\u00e0 ng\u1ecdn non c\u1ee7a b\u1ea1c h\u00e0 \u0111\u01b0\u1ee3c s\u1ea5y l\u1ea1nh, g\u1ea7n nh\u01b0 gi\u1eef nguy\u00ean m\u00e0u xanh v\u1ed1n c\u00f3 v\u00e0 gi\u00e1 tr\u1ecb m\u00f9i th\u01a1m, c\u00f4ng d\u1ee5ng. Tr\u00e0 l\u00e1 b\u1ea1c h\u00e0 s\u1ea5y kh\u00f4 c\u00f3 h\u01b0\u01a1ng v\u1ecb d\u1ec5 ch\u1ecbu v\u00e0 c\u00f3 th\u1ec3 l\u00e0 m\u1ed9t lo\u1ea1i \u0111\u1ed3 u\u1ed1ng gi\u1ea3i kh\u00e1t, k\u1ec3 c\u1ea3 khi b\u1ea1n kh\u00f4ng g\u1eb7p v\u1ea5n \u0111\u1ec1 v\u1ec1 s\u1ee9c kh\u1ecfe.<\/span><\/p>\n<p><img decoding=\"async\" class=\"aligncenter\" src=\"https:\/\/havamall.vn\/wp-content\/uploads\/2020\/07\/bac-ha-chua-nhieu-benh-1512_20200309_67-162852.jpg\" alt=\"C\u00f4ng d\u1ee5ng b\u1ea5t ng\u1edd c\u1ee7a rau b\u1ea1c h\u00e0\" \/><\/p>\n<p><span style=\"font-weight: 400\">L\u00e1 b\u1ea1c h\u00e0 c\u00f3 v\u1ecb cay, t\u00ednh m\u00e1t, kh\u00f4ng \u0111\u1ed9c, ch\u1eefa tr\u1ecb c\u1ea3m m\u1ea1o, t\u00e1n phong nhi\u1ec7t, ch\u1eefa s\u1ed1t, nh\u1ee9c \u0111\u1ea7u, h\u1eaft h\u01a1i s\u1ed5 m\u0169i, ng\u1ea1t m\u0169i, kh\u00f4ng ra m\u1ed3 h\u00f4i, ch\u1eefa n\u00f4n m\u1eeda kh\u00f4ng ti\u00eau. C\u00f3 t\u00e1c d\u1ee5ng k\u00edch th\u00edch ti\u00eau h\u00f3a, ch\u1eefa k\u00e9m \u0103n, kh\u00f4ng ra m\u1ed3 h\u00f4i.<\/span><\/p>\n<p><strong>Kh\u1ed1i l\u01b0\u1ee3ng t\u1ecbnh<\/strong>: 10gr<\/p>\n<p><strong>Th\u00e0nh<\/strong>\u00a0<strong>ph\u1ea7n<\/strong>: 100% l\u00e1 b\u1ea1c h\u00e0 t\u01b0\u01a1i<\/p>\n<p><strong>H\u01b0\u1edbng d\u1eabn s\u1eed d\u1ee5ng<\/strong>: D\u00f9ng pha tr\u00e0, l\u00e0m gia v\u1ecb ch\u1ebf bi\u1ebfn c\u00e1c m\u00f3n \u0103n, ch\u1eefa b\u1ec7nh, &#8230;<\/p>\n<p><strong>B\u1ea3o qu\u1ea3n:<\/strong>\u00a0B\u1ea3o qu\u1ea3n n\u01a1i kh\u00f4 r\u00e1o, tho\u00e1ng m\u00e1t, tr\u00e1nh \u00e1nh n\u1eafng tr\u1ef1c ti\u1ebfp chi\u1ebfu v\u00e0o s\u1ea3n ph\u1ea9m. Sau khi s\u1eed d\u1ee5ng s\u1ea3n ph\u1ea9m c\u00f2n d\u01b0 n\u00ean tr\u1eef trong h\u1ee7 k\u00edn c\u00f3 n\u1eafp \u0111\u1eady. N\u00ean s\u1eed d\u1ee5ng gia v\u1ecb tr\u01b0\u1edbc h\u1ea1n h\u1ebft h\u1ea1n. Kh\u00f4ng n\u00ean s\u1eed d\u1ee5ng n\u1ebfu t\u00fai \u0111\u00e3 b\u1ecb m\u1edf hay b\u1ecb r\u00e1ch.<\/p>\n<p><strong>H\u1ea1n s\u1eed d\u1ee5ng:<\/strong>\u00a012 th\u00e1ng k\u1ec3 t\u1eeb ng\u00e0y s\u1ea3n xu\u1ea5t<\/p>\n<h3>C\u00f4ng d\u1ee5ng c\u1ee7a l\u00e1 b\u1ea1c h\u00e0 s\u1ea5y kh\u00f4<\/h3>\n<p><span style=\"font-weight: 400\">B\u1ea1c h\u00e0 \u0111\u01b0\u1ee3c xem nh\u01b0 m\u1ed9t ph\u01b0\u01a1ng thu\u1ed1c t\u1ef1 nhi\u00ean \u0111\u01b0\u1ee3c s\u1eed d\u1ee5ng \u0111\u1ec3 c\u1ea3i thi\u1ec7n nhi\u1ec1u v\u1ea5n \u0111\u1ec1 v\u1ec1 s\u1ee9c kh\u1ecfe nh\u01b0:<\/span><\/p>\n<h3><b>1. Kh\u00f3 ti\u00eau<\/b><\/h3>\n<p><span style=\"font-weight: 400\">C\u00e1c ho\u1ea1t ch\u1ea5t trong b\u1ea1c h\u00e0 c\u00f3 kh\u1ea3 n\u0103ng xoa d\u1ecbu c\u01a1 b\u1ee5ng v\u00e0 l\u00e0m t\u0103ng t\u1ed1c \u0111\u1ed9 l\u01b0u th\u00f4ng c\u1ee7a d\u1ecbch m\u1eadt. \u0110i\u1ec1u n\u00e0y cho ph\u00e9p th\u1ee9c \u0103n \u0111\u01b0\u1ee3c ti\u00eau h\u00f3a nhanh h\u01a1n, c\u1ea3i thi\u1ec7n c\u00e1c tri\u1ec7u ch\u1ee9ng cho ng\u01b0\u1eddi b\u1ecb kh\u00f3 ti\u00eau.<\/span><\/p>\n<p><span style=\"font-weight: 400\">Tuy nhi\u00ean, nh\u1eefng ng\u01b0\u1eddi m\u1eafc ch\u1ee9ng tr\u00e0o ng\u01b0\u1ee3c d\u1ea1 d\u00e0y th\u1ef1c qu\u1ea3n (GERD) \u0111\u01b0\u1ee3c khuy\u1ebfn c\u00e1o kh\u00f4ng n\u00ean s\u1eed d\u1ee5ng th\u1ea3o d\u01b0\u1ee3c n\u00e0y. Nguy\u00ean nh\u00e2n l\u00e0 do b\u1ea1c h\u00e0 c\u00f3 th\u1ec3 khi\u1ebfn c\u00e1c c\u01a1 th\u1eaft th\u1ef1c qu\u1ea3n d\u01b0\u1edbi b\u1ecb k\u00edch th\u00edch, t\u1eeb \u0111\u00f3 \u0111\u1ea9y b\u1ec7nh GERD ph\u00e1t tri\u1ec3n tr\u1ea7m tr\u1ecdng h\u01a1n.<\/span><\/p>\n<p><span style=\"font-weight: 400\">C\u00e1ch s\u1eed d\u1ee5ng: L\u1ea5y 10g l\u00e1 b\u1ea1c h\u1ea1 \u0111em r\u1eeda s\u1ea1ch, v\u00f2 n\u00e1t v\u00e0 h\u00e3m v\u1edbi 500ml n\u01b0\u1edbc s\u00f4i. Chia u\u1ed1ng nhi\u1ec1u l\u1ea7n trong ng\u00e0y, c\u1ee9 2-3 gi\u1edd l\u1ea1i u\u1ed1ng m\u1ed9t l\u1ea7n.<\/span><\/p>\n<p><img decoding=\"async\" class=\"aligncenter\" src=\"https:\/\/havamall.vn\/wp-content\/uploads\/2020\/07\/bacha5.jpg\" alt=\"H\u00f3a ra Tr\u00e0 b\u1ea1c h\u00e0 c\u00f3 ngu\u1ed3n g\u1ed1c th\u00fa v\u1ecb \u0111\u1ebfn th\u1ebf!\" \/><\/p>\n<h3><b>2. H\u1ed9i ch\u1ee9ng ru\u1ed9t k\u00edch th\u00edch (IBS)<\/b><\/h3>\n<p><span style=\"font-weight: 400\">K\u1ebft qu\u1ea3 c\u1ee7a m\u1ed9t nghi\u00ean c\u1ee9u \u0111\u01b0\u1ee3c \u0111\u0103ng t\u1ea3i tr\u00ean t\u1ea1p ch\u00ed Y h\u1ecdc Anh v\u00e0o n\u0103m 2008 cho th\u1ea5y, b\u1ea1c h\u00e0 \u0111em l\u1ea1i nh\u1eefng l\u1ee3i \u00edch t\u01b0\u01a1ng t\u1ef1 nh\u01b0 m\u1ed9t lo\u1ea1i thu\u1ed1c ch\u1ed1ng co th\u1eaft th\u01b0\u1eddng \u0111\u01b0\u1ee3c s\u1eed d\u1ee5ng trong \u0111i\u1ec1u tr\u1ecb h\u1ed9i ch\u1ee9ng ru\u1ed9t k\u00edch th\u00edch.<\/span><\/p>\n<p><span style=\"font-weight: 400\">Theo \u0111\u00f3, vi\u1ec7c s\u1eed d\u1ee5ng b\u1ea1c h\u00e0 d\u01b0\u1edbi nhi\u1ec1u h\u00ecnh th\u1ee9c kh\u00e1c nhau c\u00f3 th\u1ec3 gi\u00fap l\u00e0m gi\u1ea3m c\u00e1c d\u1ea5u hi\u1ec7u c\u1ee7a IBS, bao g\u1ed3m: \u0110au b\u1ee5ng, \u0111\u1ea7y h\u01a1i, ti\u00eau ch\u1ea3y\u2026\u00a0<\/span><\/p>\n<h3><b>3. B\u1ea1c h\u00e0 l\u00e0m d\u1ecbu k\u00edch \u1ee9ng, gi\u1ea3m n\u1ed5i m\u1ea9n \u0111\u1ecf ng\u1ee9a tr\u00ean da<\/b><\/h3>\n<p><span style=\"font-weight: 400\">T\u00ecnh d\u1ea7u chi\u1ebft xu\u1ea5t t\u1eeb b\u1ea1c h\u00e0 \u0111\u01b0\u1ee3c s\u1eed d\u1ee5ng r\u1ed9ng r\u00e3i \u0111\u1ec3 l\u00e0m d\u1ecbu k\u00edch \u1ee9ng v\u00e0 kh\u1eafc ph\u1ee5c t\u00ecnh tr\u1ea1ng n\u1ed5i m\u1ea9n \u0111\u1ecf ng\u1ee9a tr\u00ean da. Tuy nhi\u00ean b\u1ea1n c\u1ea7n pha lo\u00e3ng n\u00f3 v\u1edbi m\u1ed9t s\u1ed1 lo\u1ea1i tinh d\u1ea7u n\u1ec1n nh\u01b0 d\u1ea7u d\u1eeba hay d\u1ea7u \u00f4 liu tr\u01b0\u1edbc khi b\u00f4i l\u00ean da. C\u1ee9 29,57 ml d\u1ea7u n\u1ec1n \u0111em pha v\u1edbi 3-5 gi\u1ecdt tinh d\u1ea7u b\u1ea1c h\u00e0.<\/span><\/p>\n<p><span style=\"font-weight: 400\">Tr\u01b0\u1edbc khi \u00e1p d\u1ee5ng tr\u00ean di\u1ec7n r\u1ed9ng, h\u00e3y thoa m\u1ed9t \u00edt tinh d\u1ea7u ra c\u1ed5 tay \u0111\u1ec3 ch\u1eafc ch\u1eafn r\u1eb1ng b\u1ea1n kh\u00f4ng b\u1ecb d\u1ecb \u1ee9ng v\u1edbi tinh d\u1ea7u b\u1ea1c h\u00e0.<\/span><\/p>\n<h3><b>4. Ch\u1eefa c\u1ea3m l\u1ea1nh, c\u1ea3m c\u00fam\u00a0<\/b><\/h3>\n<p><span style=\"font-weight: 400\">C\u00e2y b\u1ea1c h\u00e0 c\u00f3 t\u00e1c d\u1ee5ng l\u00e0m co c\u00e1c m\u00e0ng s\u01b0ng trong m\u0169i, qua \u0111\u00f3 c\u1ea3i thi\u1ec7n c\u00e1c tri\u1ec7u ch\u1ee9ng ngh\u1eb9t m\u0169i, kh\u00f3 th\u1edf do c\u1ea3m l\u1ea1nh, c\u1ea3m c\u00fam g\u00e2y ra.<\/span><\/p>\n<p><img decoding=\"async\" class=\"aligncenter\" src=\"https:\/\/havamall.vn\/wp-content\/uploads\/2020\/07\/1a8bd784c57b9e5aa1dae12f32d8ef54.jpeg\" alt=\"Tr\u00e0 L\u00e1 B\u1ea1c H\u00e0 S\u1ea5y Kh\u00f4 t\u00fai 25gr: Mua b\u00e1n tr\u1ef1c tuy\u1ebfn Tr\u00e0 B\u1ea1c h\u00e0 ...\" \/><\/p>\n<p><span style=\"font-weight: 400\">B\u00ean c\u1ea1nh \u0111\u00f3, methol \u2013 th\u00e0nh ph\u1ea7n h\u00f3a h\u1ecdc ch\u00ednh c\u1ee7a l\u00e1 b\u1ea1c h\u00e0 c\u00f2n gi\u00fap kh\u00e1ng khu\u1ea9n, l\u00e0m l\u1ecfng d\u1ecbch nh\u1ea7y trong ph\u1ed5i, gi\u1ea3m ho.<\/span><\/p>\n<p><span style=\"font-weight: 400\">\u0110\u1ec3 \u0111\u1ea9y l\u00f9i c\u00e1c tri\u1ec7u ch\u1ee9ng kh\u00f3 ch\u1ecbu, b\u1ea1n c\u00f3 th\u1ec3 s\u1eed d\u1ee5ng b\u1ea1c l\u1ea5y 20g to\u00e0n c\u00e2y b\u1ea1c h\u00e0 n\u1ea5u n\u01b0\u1edbc x\u00f4ng v\u1edbi l\u00e1 chanh, l\u00e1 b\u01b0\u1edfi, l\u00e1 tre, s\u1ea3, h\u01b0\u01a1ng nhu, c\u00fac t\u1ea7n, m\u1ed7i th\u1ee9 30g v\u00e0 3 nh\u00e1nh t\u1ecfi \u0111\u1eadp gi\u1eadp.h\u00e0 theo c\u00e1c h\u00ecnh th\u1ee9c sau:<\/span><\/p>\n<ul>\n<li style=\"font-weight: 400\"><span style=\"font-weight: 400\">H\u00edt tr\u1ef1c ti\u1ebfp tinh d\u1ea7u b\u1ea1c h\u00e0 b\u1eb1ng m\u0169i<\/span><\/li>\n<li style=\"font-weight: 400\"><span style=\"font-weight: 400\">L\u1ea5y c\u00e2y b\u1ea1c h\u00e0 \u0111em n\u1ea5u chung v\u1edbi m\u1ed9t s\u1ed1 nguy\u00ean li\u1ec7u kh\u00e1c nh\u01b0 s\u1ea3, l\u00e1 b\u01b0\u1edfi, c\u00e2y kinh gi\u1edbi hay h\u01b0\u01a1ng nhu\u2026\u0111\u1ec3 x\u00f4ng h\u01a1i.<\/span><\/li>\n<li style=\"font-weight: 400\"><span style=\"font-weight: 400\">H\u00e1i 3 nh\u00e1nh b\u1ea1c h\u00e0 t\u01b0\u01a1i gi\u00e3 n\u00e1t pha v\u1edbi 100ml n\u01b0\u1edbc chanh \u0111\u01b0\u1eddng, th\u01b0\u1edfng th\u1ee9c khi n\u01b0\u1edbc c\u00f2n \u1ea5m.<\/span><\/li>\n<\/ul>\n<h3><b>5. V\u1ecb thu\u1ed1c b\u1ea1c h\u00e0 gi\u00fap ph\u00f2ng ng\u1eeba lo\u00e9t d\u1ea1 d\u00e0y<\/b><\/h3>\n<p><span style=\"font-weight: 400\">Ti\u1ebfn h\u00e0nh th\u1eed nghi\u1ec7m tr\u00ean \u0111\u1ed9ng v\u1eadt, c\u00e1c nh\u00e0 khoa h\u1ecdc nh\u1eadn th\u1ea5y ho\u1ea1t ch\u1ea5t menthol \u0111\u01b0\u1ee3c chi\u1ebft xu\u1ea5t t\u1eeb l\u00e1 b\u1ea1c h\u00e0 c\u00f3 kh\u1ea3 n\u0103ng b\u1ea3o v\u1ec7 ni\u00eam m\u1ea1c d\u1ea1 d\u00e0y kh\u1ecfi t\u00e1c h\u1ea1i c\u1ee7a indomethacin v\u00e0 ethanol. Do v\u1eady nh\u1eefng ng\u01b0\u1eddi th\u01b0\u1eddng xuy\u00ean u\u1ed1ng bia r\u01b0\u1ee3u ho\u1eb7c \u0111ang \u0111\u01b0\u1ee3c \u0111i\u1ec1u tr\u1ecb b\u1eb1ng thu\u1ed1c gi\u1ea3m \u0111au \u0111\u01b0\u1ee3c khuy\u1ebfn kh\u00edch s\u1eed d\u1ee5ng b\u1ea1c h\u00e0 \u0111\u1ec3 ng\u0103n ng\u1eeba b\u1ec7nh vi\u00eam lo\u00e9t d\u1ea1 d\u00e0y.<\/span><\/p>\n<h3><b>6. Gi\u1ea3m c\u0103ng th\u1eb3ng, \u0111au \u0111\u1ea7u<\/b><\/h3>\n<p><span style=\"font-weight: 400\">M\u1ed9t s\u1ed1 b\u1eb1ng ch\u1ee9ng cho th\u1ea5y d\u1ea7u b\u1ea1c h\u00e0 c\u00f3 t\u00e1c d\u1ee5ng gi\u1ea3m \u0111au t\u01b0\u01a1ng t\u1ef1 nh\u01b0 c\u00e1c thu\u1ed1c Tylenol ho\u1eb7c Paracetamol. N\u00f3 gi\u00fap l\u00e0m gi\u1ea3m tri\u1ec7u ch\u1ee9ng \u0111au \u0111\u1ea7u do stress khi \u0111\u01b0\u1ee3c thoa l\u00ean tr\u00e1n k\u1ebft h\u1ee3p v\u1edbi massage.<\/span><\/p>\n<p><span style=\"font-weight: 400\">B\u00ean c\u1ea1nh \u0111\u00f3, b\u1ea1n c\u00f3 th\u1ec3 \u0111\u01b0a l\u1ecd tinh d\u1ea7u b\u1ea1c h\u00e0 l\u1ea1i g\u1ea7n m\u0169i v\u00e0 h\u00edt th\u1eadt s\u00e2u \u0111\u1ec3 xoa d\u1ecbu th\u1ea7n kinh.<\/span><\/p>\n<p><img decoding=\"async\" class=\"aligncenter\" src=\"https:\/\/havamall.vn\/wp-content\/uploads\/2020\/07\/nuoc-ep-bac-ha_eogf.jpg\" alt=\"C\u00e1ch s\u1eed d\u1ee5ng l\u00e1 b\u1ea1c h\u00e0 \u0111\u1ec3 gi\u1ea3m c\u00e2n | Dinh d\u01b0\u1ee1ng | PLO\" \/><\/p>\n<p>&nbsp;<\/p>\n<h3><b>7. B\u1ea3o v\u1ec7 s\u1ee9c kh\u1ecfe r\u0103ng mi\u1ec7ng v\u1edbi d\u1ea7u b\u1ea1c h\u00e0<\/b><\/h3>\n<p><span style=\"font-weight: 400\">\u0110\u00e2y c\u0169ng l\u00e0 m\u1ed9t trong nh\u1eefng t\u00e1c d\u1ee5ng c\u1ee7a l\u00e1 b\u1ea1c h\u00e0 c\u1ea7n \u0111\u01b0\u1ee3c \u0111\u1ec1 c\u1eadp \u0111\u1ebfn. Kh\u00f4ng ph\u1ea3i ng\u1eabu nhi\u00ean m\u00e0 chi\u1ebft xu\u1ea5t t\u1eeb th\u1ea3o d\u01b0\u1ee3c n\u00e0y \u0111\u01b0\u1ee3c s\u1eed d\u1ee5ng trong nhi\u1ec1u lo\u1ea1i kem \u0111\u00e1nh r\u0103ng v\u00e0 c\u00e1c s\u1ea3n ph\u1ea9m ch\u0103m s\u00f3c s\u1ee9c kh\u1ecfe r\u0103ng mi\u1ec7ng.<\/span><\/p>\n<p><span style=\"font-weight: 400\">Nh\u1edd c\u00f3 \u0111\u1eb7c t\u00ednh kh\u00e1ng n\u1ea5m, di\u1ec7t khu\u1ea9n m\u00e0 b\u1ea1c h\u00e0 c\u00f3 th\u1ec3 h\u1eefu \u00edch cho ng\u01b0\u1eddi b\u1ecb s\u00e2u r\u0103ng, h\u00f4i mi\u1ec7ng, nhi\u1ec5m tr\u00f9ng n\u01b0\u1edbu\u2026<\/span><\/p>\n<p><span style=\"font-weight: 400\">C\u00e1ch s\u1eed d\u1ee5ng: Pha 2 -3 gi\u1ecdt tinh d\u1ea7u v\u00e0o trong ly n\u01b0\u1edbc \u1ea5m. D\u00f9ng n\u01b0\u1edbc n\u00e0y s\u00fac mi\u1ec7ng m\u1ed7i ng\u00e0y t\u1eeb 2 \u0111\u1ebfn 3 l\u1ea7n.<\/span><\/p>\n<h3><b>8. Gi\u1ea3m bu\u1ed3n n\u00f4n v\u00e0 n\u00f4n sau h\u00f3a tr\u1ecb ung th\u01b0<\/b><\/h3>\n<p><span style=\"font-weight: 400\">Bu\u1ed3n n\u00f4n v\u00e0 \u00f3i m\u1eeda l\u00e0 m\u1ed9t trong nh\u1eefng t\u00e1c d\u1ee5ng ph\u1ee5 m\u00e0 h\u1ea7u h\u1ebft b\u1ec7nh nh\u00e2n \u0111\u01b0\u1ee3c h\u00f3a tr\u1ecb ph\u1ea3i \u0111\u1ed1i m\u1eb7t. M\u1ed9t nghi\u00ean c\u1ee9u cho th\u1ea5y vi\u1ec7c h\u00edt tinh d\u1ea7u b\u1ea1c h\u00e0 c\u00f3 th\u1ec3 gi\u00fap ng\u01b0\u1eddi b\u1ec7nh gi\u1ea3m b\u1edbt tri\u1ec7u ch\u1ee9ng kh\u00f3 ch\u1ecbu n\u00e0y.<\/span><\/p>\n<h2><b>Nh\u1eefng \u0111i\u1ec1u c\u1ea7n l\u01b0u \u00fd khi s\u1eed d\u1ee5ng v\u1ecb thu\u1ed1c b\u1ea1c h\u00e0<\/b><\/h2>\n<p><span style=\"font-weight: 400\">Nh\u1eefng t\u00e1c d\u1ee5ng c\u1ee7a l\u00e1 b\u1ea1c h\u00e0 d\u00f9 r\u1ea5t h\u1eefu \u00edch nh\u01b0ng kh\u00f4ng ph\u1ea3i tr\u01b0\u1eddng h\u1ee3p n\u00e0o c\u0169ng c\u00f3 th\u1ec3 d\u00f9ng \u0111\u01b0\u1ee3c v\u1ecb thu\u1ed1c n\u00e0y. B\u1ea5t c\u1ee9 ai c\u0169ng n\u00ean n\u00f3i chuy\u1ec7n v\u1edbi b\u00e1c s\u0129 tr\u01b0\u1edbc khi s\u1eed d\u1ee5ng n\u00f3 \u0111\u1ec3 c\u1ea3i thi\u1ec7n s\u1ee9c kh\u1ecfe, d\u00f9 d\u00f9ng theo \u0111\u01b0\u1eddng mi\u1ec7ng hay \u0111i\u1ec1u tr\u1ecb t\u1ea1i ch\u1ed7.<\/span><\/p>\n<p><span style=\"font-weight: 400\">Vi\u1ec7c thoa tinh d\u1ea7u c\u00e2y b\u1ea1c h\u00e0 nguy\u00ean ch\u1ea5t c\u00f3 th\u1ec3 g\u00e2y k\u00edch \u1ee9ng da. B\u1ea1n c\u1ea7n pha lo\u00e3ng n\u00f3 v\u1edbi d\u1ea7u n\u1ec1n tr\u01b0\u1edbc khi s\u1eed d\u1ee5ng, \u0111\u1eb7c bi\u1ec7t l\u00e0 khi b\u00f4i l\u00ean m\u1eb7t.<\/span><\/p>\n<p><img decoding=\"async\" src=\"https:\/\/havamall.vn\/wp-content\/uploads\/2020\/07\/Generic-Dried-Mint_2864x.png\" alt=\"Dried Mint Leaves 150g \u2013 Simotasfoods\" \/><\/p>\n<p><span style=\"font-weight: 400\">Kh\u00f4ng \u00e1p d\u1ee5ng tinh d\u1ea7u b\u1ea1c h\u00e0 tr\u00ean nh\u1eefng khu v\u1ef1c da \u0111ang b\u1ecb l\u1edf lo\u00e9t, tr\u1ea7y x\u01b0\u1edbc. C\u1ea9n th\u1eadn tr\u00e1nh \u0111\u1ec3 tinh d\u1ea7u d\u00ednh v\u00e0o m\u1eaft.<\/span><\/p>\n<p><span style=\"font-weight: 400\">M\u1ed7i ng\u00e0y b\u1ea1n kh\u00f4ng n\u00ean thoa hay h\u00edt tinh d\u1ea7u c\u00e2y b\u1ea1c h\u00e0 qu\u00e1 3 \u2013 4 l\u1ea7n \u0111\u1ec3 tr\u00e1nh nguy c\u01a1 b\u1ecb sung huy\u1ebft da, kh\u00f4 ni\u00eam m\u1ea1c \u0111\u01b0\u1eddng th\u1edf.<\/span><\/p>\n<p><span style=\"font-weight: 400\">Ng\u01b0ng s\u1eed d\u1ee5ng v\u1ecb thu\u1ed1c b\u1ea1c h\u00e0 v\u00e0 c\u00e1c ch\u1ebf ph\u1ea9m c\u1ee7a n\u00f3 khi c\u00e1c tri\u1ec7u ch\u1ee9ng \u0111\u00e3 \u0111\u01b0\u1ee3c c\u1ea3i thi\u1ec7n. Tr\u00e1nh d\u00f9ng li\u00ean t\u1ee5c trong th\u1eddi gian d\u00e0i.<\/span><\/p>\n<p><span style=\"font-weight: 400\">\u0110\u1eb7c bi\u1ec7t, kh\u00f4ng s\u1eed d\u1ee5ng b\u1ea1c h\u00e0 cho nh\u1eefng tr\u01b0\u1eddng h\u1ee3p sau:<\/span><\/p>\n<ul>\n<li style=\"font-weight: 400\"><span style=\"font-weight: 400\">Tr\u1ebb em<\/span><\/li>\n<li style=\"font-weight: 400\"><span style=\"font-weight: 400\">B\u1ec7nh nh\u00e2n ti\u1ec3u \u0111\u01b0\u1eddng<\/span><\/li>\n<li style=\"font-weight: 400\"><span style=\"font-weight: 400\">Ph\u1ee5 n\u1eef mang thai<\/span><\/li>\n<li style=\"font-weight: 400\"><span style=\"font-weight: 400\">B\u1ec7nh nh\u00e2n b\u1ecb tr\u00e0o ng\u01b0\u1ee3c d\u1ea1 d\u00e0y th\u1ef1c qu\u1ea3n<\/span><\/li>\n<li style=\"font-weight: 400\"><span style=\"font-weight: 400\">Ng\u01b0\u1eddi b\u1ecb s\u1ed1t do \u00e2m h\u01b0<\/span><\/li>\n<li style=\"font-weight: 400\"><span style=\"font-weight: 400\">Ng\u01b0\u1eddi \u0111ang b\u1ecb suy nh\u01b0\u1ee3c<\/span><\/li>\n<li style=\"font-weight: 400\"><span style=\"font-weight: 400\">T\u00e1o b\u00f3n k\u00e9o d\u00e0i<\/span><\/li>\n<li style=\"font-weight: 400\"><span style=\"font-weight: 400\">Huy\u1ebft \u00e1p cao<\/span><\/li>\n<li style=\"font-weight: 400\"><span style=\"font-weight: 400\">Ng\u01b0\u1eddi m\u1eafc c\u00e1c b\u1ec7nh l\u00fd v\u1ec1 tim m\u1ea1ch<\/span><\/li>\n<\/ul>","protected":false},"excerpt":{"rendered":"<ul>\n<li><strong>Kh\u1ed1i l\u01b0\u1ee3ng t\u1ecbnh<\/strong>: 5gr<\/li>\n<li><strong>Th\u00e0nh<\/strong>\u00a0<strong>ph\u1ea7n<\/strong>: 100% l\u00e1 b\u1ea1c h\u00e0 t\u01b0\u01a1i<\/li>\n<li><strong>H\u01b0\u1edbng d\u1eabn s\u1eed d\u1ee5ng<\/strong>: D\u00f9ng pha tr\u00e0, l\u00e0m gia v\u1ecb ch\u1ebf bi\u1ebfn c\u00e1c m\u00f3n \u0103n, ch\u1eefa b\u1ec7nh, &#8230;<\/li>\n<li><strong>B\u1ea3o qu\u1ea3n:<\/strong>\u00a0B\u1ea3o qu\u1ea3n n\u01a1i kh\u00f4 r\u00e1o, tho\u00e1ng m\u00e1t, tr\u00e1nh \u00e1nh n\u1eafng tr\u1ef1c ti\u1ebfp chi\u1ebfu v\u00e0o s\u1ea3n ph\u1ea9m. Sau khi s\u1eed d\u1ee5ng s\u1ea3n ph\u1ea9m c\u00f2n d\u01b0 n\u00ean tr\u1eef trong h\u1ee7 k\u00edn c\u00f3 n\u1eafp \u0111\u1eady. N\u00ean s\u1eed d\u1ee5ng gia v\u1ecb tr\u01b0\u1edbc h\u1ea1n h\u1ebft h\u1ea1n. Kh\u00f4ng n\u00ean s\u1eed d\u1ee5ng n\u1ebfu t\u00fai \u0111\u00e3 b\u1ecb m\u1edf hay b\u1ecb r\u00e1ch.<\/li>\n<li><strong>H\u1ea1n s\u1eed d\u1ee5ng:<\/strong>\u00a012 th\u00e1ng k\u1ec3 t\u1eeb ng\u00e0y s\u1ea3n xu\u1ea5t<\/li>\n<\/ul>","protected":false},"featured_media":15091,"comment_status":"open","ping_status":"closed","template":"","meta":[],"product_brand":[],"product_cat":[595,36,134],"product_tag":[],"class_list":{"0":"post-15088","1":"product","2":"type-product","3":"status-publish","4":"has-post-thumbnail","6":"product_cat-gia-vi-va-che-bien","7":"product_cat-thuc-pham-tieu-dung","8":"product_cat-thucpham-saykho","9":"pa_brand-skx","11":"first","12":"instock","13":"sale","14":"shipping-taxable","15":"purchasable","16":"product-type-simple"},"_links":{"self":[{"href":"https:\/\/havamall.vn\/en\/wp-json\/wp\/v2\/product\/15088"}],"collection":[{"href":"https:\/\/havamall.vn\/en\/wp-json\/wp\/v2\/product"}],"about":[{"href":"https:\/\/havamall.vn\/en\/wp-json\/wp\/v2\/types\/product"}],"replies":[{"embeddable":true,"href":"https:\/\/havamall.vn\/en\/wp-json\/wp\/v2\/comments?post=15088"}],"version-history":[{"count":0,"href":"https:\/\/havamall.vn\/en\/wp-json\/wp\/v2\/product\/15088\/revisions"}],"wp:featuredmedia":[{"embeddable":true,"href":"https:\/\/havamall.vn\/en\/wp-json\/wp\/v2\/media\/15091"}],"wp:attachment":[{"href":"https:\/\/havamall.vn\/en\/wp-json\/wp\/v2\/media?parent=15088"}],"wp:term":[{"taxonomy":"product_brand","embeddable":true,"href":"https:\/\/havamall.vn\/en\/wp-json\/wp\/v2\/product_brand?post=15088"},{"taxonomy":"product_cat","embeddable":true,"href":"https:\/\/havamall.vn\/en\/wp-json\/wp\/v2\/product_cat?post=15088"},{"taxonomy":"product_tag","embeddable":true,"href":"https:\/\/havamall.vn\/en\/wp-json\/wp\/v2\/product_tag?post=15088"}],"curies":[{"name":"wp","href":"https:\/\/api.w.org\/{rel}","templated":true}]}}