{"id":15067,"date":"2020-07-02T17:18:00","date_gmt":"2020-07-02T10:18:00","guid":{"rendered":"https:\/\/havamall.vn\/?post_type=product&#038;p=15067"},"modified":"2025-08-07T10:46:05","modified_gmt":"2025-08-07T03:46:05","slug":"bot-ot-lo-thuy-tinh-50g-cajenne-pepper-powder-50g","status":"publish","type":"product","link":"https:\/\/havamall.vn\/en\/shop\/bot-ot-lo-thuy-tinh-50g-cajenne-pepper-powder-50g\/","title":{"rendered":"B\u1ed9t \u1edat L\u1ecd Th\u1ee7y Tinh 64g &#8211; Cajenne Pepper Powder 64g"},"content":{"rendered":"<p>Gia v\u1ecb l\u00e0 m\u1ed9t th\u00e0nh ph\u1ea7n kh\u00f4ng th\u1ec3 thi\u1ebfu \u0111\u1ec3 t\u1ea1o n\u00ean c\u00e1c m\u00f3n \u0103n ngon v\u1edbi h\u01b0\u01a1ng v\u1ecb \u0111\u1ea7y h\u1ea5p d\u1eabn. B\u1ea1n c\u00f3 th\u1ec3 th\u00eam b\u1ed9t \u1edbt Cajenne v\u00e0o c\u00e1c m\u00f3n s\u00fap, rau c\u1ee7 x\u00e0o, c\u00e1c m\u00f3n m\u00ec x\u00e0o, ho\u1eb7c c\u00e1c m\u00f3n th\u1ecbt, c\u00e1, h\u1ea3i s\u1ea3n chi\u00ean, n\u01b0\u1edbng \u0111\u1ec3 t\u0103ng th\u00eam h\u01b0\u01a1ng v\u1ecb.<\/p>\n<p><img fetchpriority=\"high\" decoding=\"async\" class=\"wp-image-15071 aligncenter\" src=\"https:\/\/havamall.com\/wp-content\/uploads\/2025\/06\/redchilipowder2500-593749173df78c537bb421b6-300x225.jpg\" alt=\"\" width=\"792\" height=\"594\" \/><\/p>\n<p>\u1edat Cajennethu\u1ed9c\u00a0h\u1ecd c\u00e0\u00a0v\u00e0 c\u00f3 li\u00ean quan m\u1eadt thi\u1ebft v\u1edbi \u1edbt chu\u00f4ng, \u1edbt jalapani v\u00e0 \u1edbt b\u1ed9t paprika. Ch\u00fang c\u00f3 ngu\u1ed3n g\u1ed1c \u1edf Trung v\u00e0 Nam M\u1ef9 v\u00e0o th\u1ebf k\u1ef7 15. \u1edat Cajennel\u00e0 lo\u1ea1i gia v\u1ecb ph\u1ed5 bi\u1ebfn \u0111\u01b0\u1ee3c d\u00f9ng trong nhi\u1ec1u ph\u01b0\u01a1ng th\u1ee9c n\u1ea5u \u0103n \u1edf t\u1eebng v\u00f9ng mi\u1ec1n kh\u00e1c nhau, ch\u00fang c\u0169ng \u0111\u01b0\u1ee3c d\u00f9ng trong y h\u1ecdc h\u00e0ng ngh\u00ecn n\u0103m tr\u01b0\u1edbc.<\/p>\n<h1><strong>\u0110\u1eb7c \u0111i\u1ec3m n\u1ed5i b\u1eadt<\/strong><\/h1>\n<p>\u1edat Cajenne \u0111\u01b0\u1ee3c s\u1eed d\u1ee5ng r\u1ed9ng r\u00e3i trong nhi\u1ec1u m\u00f3n \u0103n, n\u00f3 kh\u00f4ng ch\u1ec9 l\u00e0m cho m\u00f3n \u0103n ngon, m\u00e0 c\u00f2n cung c\u1ea5p nhi\u1ec1u lo\u1ea1i vitamin v\u00e0 kho\u00e1ng ch\u1ea5t, bao g\u1ed3m vitamin A, C, E, vitamin B, beta-carotene, canxi v\u00e0 kali.<\/p>\n<p><img decoding=\"async\" class=\"wp-image-15069 aligncenter\" src=\"https:\/\/havamall.com\/wp-content\/uploads\/2025\/06\/unnamed-3-300x225.jpg\" alt=\"\" width=\"786\" height=\"589\" \/><\/p>\n<p><strong>Kh\u1ed1i l\u01b0\u1ee3ng t\u1ecbnh<\/strong>: 50g<\/p>\n<p><strong>C\u00e1ch s\u1eed d\u1ee5ng:\u00a0<\/strong>D\u00f9ng 1 th\u00eca c\u00e0 ph\u00ea b\u1ed9t \u1edbt Cajenne th\u00eam v\u00e0o m\u00f3n \u0103n ho\u1eb7c n\u01b0\u1edbc u\u1ed1ng h\u00e0ng ng\u00e0y.<\/p>\n<p><strong>Th\u00e0nh<\/strong>\u00a0<strong>ph\u1ea7n<\/strong>: B\u1ed9t \u1edbt Cajenne t\u1ef1 nhi\u00ean 100%<\/p>\n<p><strong>C\u00f4ng d\u1ee5ng<\/strong>:\u00a0T\u1ea1o v\u1ecb cay cho m\u00f3n \u0103n.\u00a0 C\u00f3 t\u00e1c d\u1ee5ng t\u1ed1t cho s\u1ee9c kh\u1ecfe: gi\u00fap ti\u00eau h\u00f3a t\u1ed1t, l\u00e0m gi\u1ea3m \u0111au kh\u01a1\u0301p v\u00e0 c\u01a1, gi\u00fap c\u01a1 th\u1ec3 th\u1ea3i \u0111\u1ed9c, h\u1ed7 tr\u1ee3 gi\u1ea3m c\u00e2n.<\/p>\n<p><strong>H\u01b0\u1edbng d\u1eabn s\u1eed d\u1ee5ng<\/strong>: D\u00f9ng l\u00e0m gia v\u1ecb ch\u1ebf bi\u1ebfn m\u00f3n \u0103n. Th\u00eam v\u1ecb cay cho nhi\u1ec1u m\u00f3n \u0103n, bao g\u1ed3m n\u01b0\u1edbc s\u1ed1t, m\u00f3n x\u00e0o, s\u00fap v\u00e0 n\u01b0\u1edbc ch\u1ea5m.<\/p>\n<p><strong>B\u1ea3o qu\u1ea3n:<\/strong>\u00a0B\u1ea3o qu\u1ea3n n\u01a1i kh\u00f4 r\u00e1o, tho\u00e1ng m\u00e1t, tr\u00e1nh \u00e1nh n\u1eafng tr\u1ef1c ti\u1ebfp chi\u1ebfu v\u00e0o s\u1ea3n ph\u1ea9m. Sau khi s\u1eed d\u1ee5ng s\u1ea3n ph\u1ea9m c\u00f2n d\u01b0 n\u00ean tr\u1eef trong h\u1ee7 k\u00edn c\u00f3 n\u1eafp \u0111\u1eady. N\u00ean s\u1eed d\u1ee5ng gia v\u1ecb tr\u01b0\u1edbc h\u1ea1n h\u1ebft date. Kh\u00f4ng n\u00ean s\u1eed d\u1ee5ng n\u1ebfu t\u00fai \u0111\u00e3 b\u1ecb m\u1edf hay b\u1ecb r\u00e1ch.<\/p>\n<p><strong>H\u1ea1n s\u1eed d\u1ee5ng:<\/strong>\u00a012 th\u00e1ng k\u1ec3 t\u1eeb ng\u00e0y s\u1ea3n xu\u1ea5t<\/p>\n<h1><strong>Quy tr\u00ecnh s\u1ea3n xu\u1ea5t<\/strong><\/h1>\n<p>\u0110\u1ec3 s\u1ea3n xu\u1ea5t \u0111\u01b0\u1ee3c\u00a0<strong>b\u1ed9t \u1edbt<\/strong>\u00a0ch\u1ea5t l\u01b0\u1ee3ng c\u1ea7n ch\u1ecdn l\u1ecdc t\u1eebng tr\u00e1i \u1edbt t\u01b0\u01a1i, to \u0111em \u0111i ph\u01a1i kh\u00f4. Sau \u0111\u00f3 s\u1ea5y c\u00e1ch nhi\u1ec7t l\u1ea5y h\u01a1i n\u00f3ng t\u1ef1 nhi\u1ec7n v\u00e0 xay nhuy\u1ec5n th\u00e0nh d\u1ea1ng b\u1ed9t.<\/p>\n<p><img decoding=\"async\" class=\"wp-image-15070 aligncenter\" src=\"https:\/\/havamall.com\/wp-content\/uploads\/2025\/06\/gia-vi-trong-am-thuc-cajun-300x194.jpg\" alt=\"\" width=\"820\" height=\"530\" \/><\/p>\n<p><strong>B\u1ed9t \u1edbt Havafood<\/strong>\u00a0\u0111\u1ea3m b\u1ea3o:<\/p>\n<ul>\n<li>Kh\u00f4ng l\u1eabn t\u1ea1p ch\u1ea5t<\/li>\n<li>Kh\u00f4ng ch\u1ea5t b\u1ea3o qu\u1ea3n<\/li>\n<li>Kh\u00f4ng ch\u1ea5t t\u1ea1o m\u00e0u<\/li>\n<li>Kh\u00f4ng ch\u1ea5t t\u1ea1o m\u00f9i<\/li>\n<\/ul>\n<h1><strong>C\u00f4ng d\u1ee5ng c\u1ee7a \u1edbt<\/strong><\/h1>\n<p><strong>T\u1ed1t cho tim<\/strong><\/p>\n<p>Th\u00eam \u1edbt Cajenne v\u00e0o m\u1ed9t ly n\u01b0\u1edbc s\u1ebd tr\u1edf th\u00e0nh m\u1ed9t ph\u01b0\u01a1ng thu\u1ed1c \u0111\u01a1n gi\u1ea3n \u0111\u1ec3 gi\u1ea3m c\u00e1c tri\u1ec7u ch\u1ee9ng \u0111au tim. N\u00f3 ho\u1ea1t \u0111\u1ed9ng b\u1eb1ng c\u00e1ch lo\u1ea1i b\u1ecf c\u00e1c m\u1ea3ng b\u00e1m \u1edf \u0111\u1ed9ng m\u1ea1ch, c\u1ea3i thi\u1ec7n tu\u1ea7n ho\u00e0n m\u00e1u v\u00e0 c\u0169ng cung c\u1ea5p c\u00e1c ch\u1ea5t dinh d\u01b0\u1ee1ng c\u1ea7n thi\u1ebft cho tr\u00e1i tim.<\/p>\n<p><img decoding=\"async\" src=\"https:\/\/havamall.com\/wp-content\/uploads\/2025\/06\/img-product-100014.jpg\" \/><br \/>\n<strong>Ch\u1eefa cao huy\u1ebft \u00e1p t\u1ef1 nhi\u00ean<\/strong><\/p>\n<p>Nh\u1eefng ng\u01b0\u1eddi \u0111ang m\u1eafc b\u1ec7nh cao huy\u1ebft \u00e1p c\u00f3 th\u1ec3 nh\u1eadn \u0111\u01b0\u1ee3c l\u1ee3i \u00edch to l\u1edbn t\u1eeb \u1edbt Cajenne , v\u00ec n\u00f3 gi\u00fap gi\u1eef cho huy\u1ebft \u00e1p \u1edf m\u1ee9c kh\u1ecfe m\u1ea1nh. N\u00f3 c\u1ea3i thi\u1ec7n d\u00f2ng ch\u1ea3y c\u1ee7a m\u00e1u trong to\u00e0n b\u1ed9 c\u01a1 th\u1ec3, t\u1eeb \u0111\u1ea7u \u0111\u1ebfn ch\u00e2n v\u00e0 c\u0169ng gi\u00fap c\u00e2n b\u1eb1ng huy\u1ebft \u00e1p.<\/p>\n<p><strong>Ng\u0103n ng\u1eeba ung th\u01b0<\/strong><\/p>\n<p>Capsaicin tronng \u1edbt Cajenne gi\u00fap ng\u0103n ng\u1eeba ung th\u01b0 b\u1eb1ng c\u00e1ch gi\u1ebft ch\u1ebft c\u00e1c t\u1ebf b\u00e0o ung th\u01b0 trong c\u01a1 th\u1ec3. N\u00f3 \u0111\u1eb7c bi\u1ec7t t\u1ed1t trong vi\u1ec7c ng\u0103n ng\u1eeba ung th\u01b0 ph\u1ed5i, tuy\u1ebfn ti\u1ec1n li\u1ec7t v\u00e0 ung th\u01b0 tuy\u1ebfn t\u1ee5y.<\/p>\n<p><strong>Ch\u1eefa \u0111au h\u1ecdng v\u00e0 c\u00e1c nhi\u1ec5m tr\u00f9ng kh\u00e1c<\/strong><\/p>\n<p>\u1edat Cajenne gi\u00fap \u0111i\u1ec1u tr\u1ecb vi\u00eam h\u1ecdng v\u00e0 nhi\u1ec5m tr\u00f9ng kh\u00e1c nh\u1edd \u0111\u1eb7c t\u00ednh ch\u1ed1ng n\u1ea5m c\u1ee7a n\u00f3. \u0110\u1ec3 gi\u1ea3m \u0111au h\u1ecdng, tr\u1ed9n \u1edbt Cajenne v\u00e0o m\u1ed9t ly n\u01b0\u1edbc v\u00e0 d\u00f9ng s\u00fac mi\u1ec7ng, n\u00f3 s\u1ebd gi\u00fap b\u1ea1n nhanh ch\u00f3ng h\u1ebft \u0111au h\u1ecdng.<\/p>\n<p><img loading=\"lazy\" decoding=\"async\" class=\"wp-image-15074 aligncenter\" src=\"https:\/\/havamall.com\/wp-content\/uploads\/2025\/06\/unnamed-4-300x300.jpg\" alt=\"\" width=\"569\" height=\"569\" \/><\/p>\n<h1><strong>Khuy\u1ebfn c\u00e1o v\u00e0 ch\u1ed1ng ch\u1ec9 \u0111\u1ecbnh<\/strong><\/h1>\n<ul>\n<li>\u00a0Kh\u00f4ng d\u00f9ng c\u00e1c s\u1ea3n ph\u1ea9m c\u00f3 chi\u1ebft xu\u1ea5t t\u1eeb \u1edbt cho tr\u1ebb em, \u0111\u1eb7c bi\u1ec7t l\u00e0 tr\u1ebb em d\u01b0\u1edbi 02 tu\u1ed5i.<\/li>\n<li>Kh\u00f4ng n\u00ean d\u00f9ng qu\u00e1 nhi\u1ec1u \u1edbt ho\u1eb7c d\u00f9ng th\u1ef1c ph\u1ea9m ch\u1ee9c n\u0103ng c\u00f3 ch\u1ee9a chi\u1ebft xu\u1ea5t t\u1eeb \u1edbt cho ph\u1ee5 n\u1eef c\u00f3 thai v\u00e0 \u0111ang cho con b\u00fa v\u00ec chi\u1ebft xu\u1ea5t t\u1eeb \u1edbt c\u00f3 th\u1ec3 \u0111i v\u00e0o trong s\u1eefa m\u1eb9.<\/li>\n<li>D\u00f9ng \u1edbt th\u01b0\u1eddng xuy\u00ean s\u1ebd l\u00e0m c\u01a1 th\u1ec3 h\u1ea5p thu qu\u00e1 m\u1ee9c thu\u1ed1c theo phylline \u0111i\u1ec1u tr\u1ecb hen suy\u1ec5n v\u00e0 c\u00f3 th\u1ec3 g\u00e2y nguy hi\u1ec3m.<\/li>\n<li>\u1edat kh\u00f3 tan trong n\u01b0\u1edbc v\u00ec v\u1eady r\u1ea5t kh\u00f3 r\u1eeda khi b\u1ecb d\u00e2y v\u00e0o. Trong nh\u1eefng tr\u01b0\u1eddng h\u1ee3p n\u00e0y, h\u00e3y d\u00f9ng gi\u1ea5m \u0111\u1ec3 r\u1eeda.<\/li>\n<li>\u0110\u1ed1i v\u1edbi s\u1ea3n ph\u1ea9m ch\u1ee9a chi\u1ebft xu\u1ea5t capsaicin d\u1ea1ng kem b\u00f4i tr\u00ean da: capsaicin c\u00f3 th\u1ec3 g\u00e2y k\u00edch \u1ee9ng tr\u00ean da n\u00ean c\u1ea7n th\u1eed kem tr\u01b0\u1edbc tr\u00ean m\u1ed9t v\u00f9ng da nh\u1ecf tr\u01b0\u1edbc khi quy\u1ebft \u0111\u1ecbnh b\u00f4i tr\u00ean v\u00f9ng da r\u1ed9ng h\u01a1n; kh\u00f4ng n\u00ean b\u00f4i kem ch\u1ee9a capsaicin ngay tr\u01b0\u1edbc ho\u1eb7c sau khi t\u1eafm n\u01b0\u1edbc n\u00f3ng; tay sau khi ch\u1ea1m v\u00e0o kem ch\u1ee9a capsaicin n\u00ean r\u1eeda s\u1ea1ch ngay \u0111\u1ec3 tr\u00e1nh d\u00e2y v\u00e0o m\u1eaft.<\/li>\n<li>Thu\u1ed1c vi\u00ean ch\u1ee9a chi\u1ebft xu\u1ea5t capsaicin c\u00f3 th\u1ec3 g\u00e2y k\u00edch \u1ee9ng d\u1ea1 d\u00e0y, do \u0111\u00f3, nh\u1eefng ng\u01b0\u1eddi b\u1ecb ch\u1ee9ng \u1ee3 n\u00f3ng ho\u1eb7c lo\u00e9t d\u1ea1 d\u00e0y n\u00ean h\u1ecfi \u00fd ki\u1ebfn b\u00e1c s\u0129 tr\u01b0\u1edbc khi d\u00f9ng<\/li>\n<li>Nh\u1eefng ng\u01b0\u1eddi b\u1ecb d\u1ecb \u1ee9ng v\u1edbi chu\u1ed1i, kiwi, b\u01a1,\u2026 c\u0169ng c\u00f3 th\u1ec3 d\u1ecb \u1ee9ng v\u1edbi \u1edbt.<\/li>\n<\/ul>","protected":false},"excerpt":{"rendered":"<ul class=\"list\">\n<li>B\u1ed9t \u1edbt cayenne \u0111\u01b0\u1ee3c l\u00e0m t\u1eeb \u1edbt canh t\u00e1c theo ph\u01b0\u01a1ng th\u1ee9c h\u1eefu c\u01a1 c\u00f3 ch\u1ee9ng nh\u1eadn qu\u1ed1c t\u1ebf.<\/li>\n<li>T\u1ed1t cho tim<\/li>\n<li>Gi\u1ea3m c\u00e1c tri\u1ec7u ch\u1ee9ng \u0111au tim.<\/li>\n<li>C\u1ea3i thi\u1ec7n tu\u1ea7n ho\u00e0n m\u00e1u v\u00e0 c\u0169ng cung c\u1ea5p c\u00e1c ch\u1ea5t dinh d\u01b0\u1ee1ng c\u1ea7n thi\u1ebft cho tr\u00e1i tim.<\/li>\n<li>Ch\u1eefa cao huy\u1ebft \u00e1p t\u1ef1 nhi\u00ean<\/li>\n<li>Ng\u0103n ng\u1eeba ung th\u01b0<\/li>\n<li>Ch\u1eefa \u0111au h\u1ecdng v\u00e0 c\u00e1c nhi\u1ec5m tr\u00f9ng kh\u00e1c<\/li>\n<\/ul>","protected":false},"featured_media":39448,"comment_status":"open","ping_status":"closed","template":"","meta":[],"product_brand":[],"product_cat":[595,36,134,143],"product_tag":[],"class_list":{"0":"post-15067","1":"product","2":"type-product","3":"status-publish","4":"has-post-thumbnail","6":"product_cat-gia-vi-va-che-bien","7":"product_cat-thuc-pham-tieu-dung","8":"product_cat-thucpham-saykho","9":"product_cat-thuc-pham-dong-hop","10":"pa_brand-skx","12":"first","13":"instock","14":"sale","15":"shipping-taxable","16":"purchasable","17":"product-type-simple"},"_links":{"self":[{"href":"https:\/\/havamall.vn\/en\/wp-json\/wp\/v2\/product\/15067"}],"collection":[{"href":"https:\/\/havamall.vn\/en\/wp-json\/wp\/v2\/product"}],"about":[{"href":"https:\/\/havamall.vn\/en\/wp-json\/wp\/v2\/types\/product"}],"replies":[{"embeddable":true,"href":"https:\/\/havamall.vn\/en\/wp-json\/wp\/v2\/comments?post=15067"}],"version-history":[{"count":0,"href":"https:\/\/havamall.vn\/en\/wp-json\/wp\/v2\/product\/15067\/revisions"}],"wp:featuredmedia":[{"embeddable":true,"href":"https:\/\/havamall.vn\/en\/wp-json\/wp\/v2\/media\/39448"}],"wp:attachment":[{"href":"https:\/\/havamall.vn\/en\/wp-json\/wp\/v2\/media?parent=15067"}],"wp:term":[{"taxonomy":"product_brand","embeddable":true,"href":"https:\/\/havamall.vn\/en\/wp-json\/wp\/v2\/product_brand?post=15067"},{"taxonomy":"product_cat","embeddable":true,"href":"https:\/\/havamall.vn\/en\/wp-json\/wp\/v2\/product_cat?post=15067"},{"taxonomy":"product_tag","embeddable":true,"href":"https:\/\/havamall.vn\/en\/wp-json\/wp\/v2\/product_tag?post=15067"}],"curies":[{"name":"wp","href":"https:\/\/api.w.org\/{rel}","templated":true}]}}