{"id":15036,"date":"2020-07-02T09:25:40","date_gmt":"2020-07-02T02:25:40","guid":{"rendered":"https:\/\/havamall.vn\/?post_type=product&#038;p=15036"},"modified":"2023-06-09T11:06:33","modified_gmt":"2023-06-09T04:06:33","slug":"ngo-tay-bich-5g-dried-parsley-5g","status":"publish","type":"product","link":"https:\/\/havamall.vn\/en\/shop\/ngo-tay-bich-5g-dried-parsley-5g\/","title":{"rendered":"M\u00f9i T\u00e2y G\u00f3i 10g \u2013 Dried Parsley"},"content":{"rendered":"<p>N\u1ebfu nh\u01b0 c\u00e1c m\u00f3n \u0103n truy\u1ec1n th\u1ed1ng c\u1ee7a Vi\u1ec7t Nam th\u01b0\u1eddng s\u1eed d\u1ee5ng c\u00e1c lo\u1ea1i rau th\u01a1m nh\u01b0 h\u00fang qu\u1ebf, rau m\u00f9i,.. \u0111\u1ec3 t\u1ea1o n\u00ean h\u01b0\u01a1ng v\u1ecb \u0111\u1eb7c tr\u01b0ng, th\u00ec c\u00e1c m\u00f3n \u00c2u c\u0169ng kh\u00f4ng ph\u1ea3i l\u00e0 ngo\u1ea1i l\u1ec7. M\u1ed9t trong c\u00e1c lo\u1ea1i rau gia v\u1ecb ph\u1ed5 bi\u1ebfn m\u00e0 h\u1ea7u nh\u01b0 \u0111\u1ea7u b\u1ebfp \u00c2u n\u00e0o c\u0169ng ph\u1ea3i bi\u1ebft t\u1edbi \u2013 ch\u00ednh l\u00e0 l\u00e1 m\u00f9i (ng\u00f2) t\u00e2y Parsley.<\/p>\n<p><img fetchpriority=\"high\" decoding=\"async\" class=\"wp-image-15026 aligncenter\" src=\"https:\/\/havamall.vn\/wp-content\/uploads\/2020\/07\/home-2014-09-convert-fresh-herbs-to-dried-0910-main-271x300.jpg\" alt=\"\" width=\"533\" height=\"590\" srcset=\"https:\/\/havamall.vn\/wp-content\/uploads\/2020\/07\/home-2014-09-convert-fresh-herbs-to-dried-0910-main-271x300.jpg 271w, https:\/\/havamall.vn\/wp-content\/uploads\/2020\/07\/home-2014-09-convert-fresh-herbs-to-dried-0910-main-430x476.jpg 430w, https:\/\/havamall.vn\/wp-content\/uploads\/2020\/07\/home-2014-09-convert-fresh-herbs-to-dried-0910-main-150x166.jpg 150w, https:\/\/havamall.vn\/wp-content\/uploads\/2020\/07\/home-2014-09-convert-fresh-herbs-to-dried-0910-main-700x775.jpg 700w, https:\/\/havamall.vn\/wp-content\/uploads\/2020\/07\/home-2014-09-convert-fresh-herbs-to-dried-0910-main-768x850.jpg 768w, https:\/\/havamall.vn\/wp-content\/uploads\/2020\/07\/home-2014-09-convert-fresh-herbs-to-dried-0910-main-925x1024.jpg 925w, https:\/\/havamall.vn\/wp-content\/uploads\/2020\/07\/home-2014-09-convert-fresh-herbs-to-dried-0910-main-1200x1329.jpg 1200w, https:\/\/havamall.vn\/wp-content\/uploads\/2020\/07\/home-2014-09-convert-fresh-herbs-to-dried-0910-main-600x664.jpg 600w, https:\/\/havamall.vn\/wp-content\/uploads\/2020\/07\/home-2014-09-convert-fresh-herbs-to-dried-0910-main.jpg 1500w\" sizes=\"(max-width: 533px) 100vw, 533px\" \/><\/p>\n<p>Parsley ti\u1ebfng Vi\u1ec7t c\u00f2n g\u1ecdi l\u00e0 rau m\u00f9i t\u00e2y, c\u00f3 ngo\u1ea1i h\u00ecnh kh\u00e1 t\u01b0\u01a1ng \u0111\u1ed3ng v\u1edbi rau m\u00f9i c\u1ee7a Vi\u1ec7t Nam. Tuy nhi\u00ean Parsley th\u01b0\u1eddng c\u00f3 m\u00e0u l\u00e1 \u0111\u1eadm h\u01a1n v\u00e0 l\u00e1 d\u00e0y h\u01a1n, kh\u00f4ng qu\u00e1 m\u1ecfng manh nh\u01b0 rau m\u00f9i c\u1ee7a ch\u00fang ta.<\/p>\n<p><i>Parsley tr\u1ed3ng nhi\u1ec1u \u1edf ch\u00e2u \u00c2u \u0111\u1ec3 l\u00e0m rau gia v\u1ecb.<\/i>Ngo\u00e0i t\u1ea1o h\u01b0\u01a1ng v\u1ecb cho m\u00f3n \u0103n, Parsley c\u00f2n l\u00e0 m\u1ed9t lo\u1ea1i th\u1ea3o d\u01b0\u1ee3c gi\u00e0u dinh d\u01b0\u1ee1ng, r\u1ea5t t\u1ed1t cho s\u1ee9c kh\u1ecfe v\u00ec ch\u1ee9a nhi\u1ec1u s\u1eaft, natri v\u00e0 vitamin C.. Nhi\u1ec1u nghi\u00ean c\u1ee9u cho bi\u1ebft, trong t\u1eeb 25-30g l\u00e1 ng\u00f2 t\u00e2y t\u01b0\u01a1i ch\u1ee9a kho\u1ea3ng 70mg vitamin C, b\u1eb1ng l\u01b0\u1ee3ng vitamin c\u1ea7n thi\u1ebft cho ng\u01b0\u1eddi l\u1edbn trong m\u1ed9t ng\u00e0y.<\/p>\n<h1><strong>\u0110\u1eb7c \u0111i\u1ec3m n\u1ed5i b\u1eadt<\/strong><\/h1>\n<table border=\"1\" width=\"912\" cellspacing=\"0\">\n<tbody>\n<tr>\n<td><strong>Th\u01b0\u01a1ng hi\u1ec7u<\/strong><\/td>\n<td>Havafood<\/td>\n<\/tr>\n<tr>\n<td><strong>\u0110\u00f3ng g\u00f3i<\/strong><\/td>\n<td>B\u1ecbch nh\u1ef1a ch\u1eafc ch\u1eafn<\/td>\n<\/tr>\n<tr>\n<td><strong>Th\u00e0nh ph\u1ea7n<\/strong><\/td>\n<td>100% Ng\u00f2 T\u00e2y t\u01b0\u01a1i, s\u1ea5y kh\u00f4<\/td>\n<\/tr>\n<tr>\n<td><strong>H\u1ea1n s\u1eed d\u1ee5ng<\/strong><\/td>\n<td>12 th\u00e1ng k\u1ec3 t\u1eeb ng\u00e0y s\u1ea3n xu\u1ea5t<\/td>\n<\/tr>\n<tr>\n<td><strong>C\u00e1ch s\u1eed d\u1ee5ng<\/strong><\/td>\n<td>D\u00f9ng \u0111\u1ec3 l\u00e0m nguy\u00ean li\u1ec7u ph\u1ee5 t\u1ea1o th\u00eam h\u01b0\u01a1ng v\u1ecb th\u01a1m ngon cho c\u00e1c m\u00f3n \u0103n.<\/td>\n<\/tr>\n<tr>\n<td><strong>SX &amp; \u0111\u00f3ng g\u00f3i<\/strong><\/td>\n<td>Vi\u1ec7t Nam<\/td>\n<\/tr>\n<tr>\n<td><strong>\u00a0B\u1ea3o qu\u1ea3n<\/strong><\/td>\n<td>N\u01a1i tho\u00e1ng m\u00e1t, tr\u00e1nh \u00e1nh n\u1eafng tr\u1ef1c ti\u1ebfp, tho\u00e1ng m\u00e1t<\/td>\n<\/tr>\n<tr>\n<td><strong>Kh\u1ed1i l\u01b0\u1ee3ng\u00a0<\/strong><\/td>\n<td>10gr<\/td>\n<\/tr>\n<\/tbody>\n<\/table>\n<h1><b><br \/>\n<img decoding=\"async\" class=\"wp-image-15027 aligncenter\" src=\"https:\/\/havamall.vn\/wp-content\/uploads\/2020\/07\/How_much_dry_parsley_in_a_spoon-1200x900-300x225.jpg\" alt=\"\" width=\"749\" height=\"562\" srcset=\"https:\/\/havamall.vn\/wp-content\/uploads\/2020\/07\/How_much_dry_parsley_in_a_spoon-1200x900-300x225.jpg 300w, https:\/\/havamall.vn\/wp-content\/uploads\/2020\/07\/How_much_dry_parsley_in_a_spoon-1200x900-430x323.jpg 430w, https:\/\/havamall.vn\/wp-content\/uploads\/2020\/07\/How_much_dry_parsley_in_a_spoon-1200x900-150x113.jpg 150w, https:\/\/havamall.vn\/wp-content\/uploads\/2020\/07\/How_much_dry_parsley_in_a_spoon-1200x900-700x525.jpg 700w, https:\/\/havamall.vn\/wp-content\/uploads\/2020\/07\/How_much_dry_parsley_in_a_spoon-1200x900-768x576.jpg 768w, https:\/\/havamall.vn\/wp-content\/uploads\/2020\/07\/How_much_dry_parsley_in_a_spoon-1200x900-1024x768.jpg 1024w, https:\/\/havamall.vn\/wp-content\/uploads\/2020\/07\/How_much_dry_parsley_in_a_spoon-1200x900.jpg 1200w, https:\/\/havamall.vn\/wp-content\/uploads\/2020\/07\/How_much_dry_parsley_in_a_spoon-1200x900-600x450.jpg 600w\" sizes=\"(max-width: 749px) 100vw, 749px\" \/><\/b><\/h1>\n<h1><b>C\u00f4ng d\u1ee5ng c\u1ee7a s\u1ea3n ph\u1ea9m<\/b><\/h1>\n<ul>\n<li>L\u00e0m nguy\u00ean li\u1ec7u ph\u1ee5 t\u1ea1o th\u00eam h\u01b0\u01a1ng v\u1ecb th\u01a1m ngon cho c\u00e1c m\u00f3n \u0103n ( salad, c\u00e1c m\u00f3n h\u1ea7m, n\u01b0\u1edbng, s\u00fap, n\u01b0\u1edbc s\u1ed1t,..) hay c\u00e1c lo\u1ea1i b\u00e1nh m\u1eb7n (nh\u01b0 pizza, tart m\u1eb7n); gi\u00fap k\u00edch th\u00edch v\u1ecb gi\u00e1c, t\u0103ng c\u1ea3m gi\u00e1c ngon mi\u1ec7ng khi th\u01b0\u1edfng th\u1ee9c m\u00f3n \u0103n.<\/li>\n<li>\u0110\u1eb7c bi\u1ec7t, Parsley khi k\u1ebft h\u1ee3p v\u1edbi t\u1ecfi s\u1ebd t\u1ea1o n\u00ean m\u00f9i h\u01b0\u01a1ng th\u01a1m ngon kh\u00f3 c\u01b0\u1ee1ng, ch\u00ednh v\u00ec v\u1eady n\u00f3 r\u1ea5t hay \u0111\u01b0\u1ee3c d\u00f9ng \u0111\u1ec3 ch\u1ebf bi\u1ebfn s\u1ed1t spaghetti.<\/li>\n<\/ul>\n<p><img decoding=\"async\" class=\"wp-image-15030 aligncenter\" src=\"https:\/\/havamall.vn\/wp-content\/uploads\/2020\/07\/original-300x172.png\" alt=\"\" width=\"903\" height=\"518\" srcset=\"https:\/\/havamall.vn\/wp-content\/uploads\/2020\/07\/original-300x172.png 300w, https:\/\/havamall.vn\/wp-content\/uploads\/2020\/07\/original-430x246.png 430w, https:\/\/havamall.vn\/wp-content\/uploads\/2020\/07\/original-150x86.png 150w, https:\/\/havamall.vn\/wp-content\/uploads\/2020\/07\/original-700x401.png 700w, https:\/\/havamall.vn\/wp-content\/uploads\/2020\/07\/original-768x440.png 768w, https:\/\/havamall.vn\/wp-content\/uploads\/2020\/07\/original-1024x586.png 1024w, https:\/\/havamall.vn\/wp-content\/uploads\/2020\/07\/original-600x343.png 600w, https:\/\/havamall.vn\/wp-content\/uploads\/2020\/07\/original.png 1076w\" sizes=\"(max-width: 903px) 100vw, 903px\" \/><\/p>\n<ul>\n<li>Gi\u00fap t\u0103ng th\u00eam gi\u00e1 tr\u1ecb dinh d\u01b0\u1ee1ng cho m\u00f3n \u0103n<\/li>\n<li>D\u00f9ng \u0111\u1ec3 trang tr\u00ed c\u00e1c m\u00f3n \u0103n<\/li>\n<li><i>Th\u00eam m\u1ed9t ch\u00fat l\u00e1 Parsley v\u00e0o b\u00e1nh m\u00ec b\u01a1 t\u1ecfi, kh\u00f4ng ch\u1ec9 nh\u00ecn h\u1ea5p d\u1eabn h\u01a1n m\u00e0 c\u00f2n th\u01a1m ngon h\u01a1n r\u1ea5t nhi\u1ec1u<\/i><\/li>\n<li>Ngo\u00e0i ra, parsley c\u00f2n \u0111\u01b0\u1ee3c d\u00f9ng \u0111\u1ec3 l\u00e0m l\u1edbp \u00e1o ph\u1ee7 b\u00ean ngo\u00e0i th\u1ecbt n\u01b0\u1edbng, \u00e1p ch\u1ea3o hay chi\u00ean \u0111\u1ec3 th\u1ecbt \u0111\u01b0\u1ee3c gi\u00f2n h\u01a1n, th\u01a1m v\u00e0 ngon h\u01a1n.<\/li>\n<li>L\u00e1 m\u00f9i t\u00e2y c\u00f2n \u0111\u01b0\u1ee3c\u00a0s\u1eed d\u1ee5ng nh\u01b0 m\u1ed9t v\u1ecb thu\u1ed1c d\u00e0nh cho ng\u01b0\u1eddi m\u1eafc ch\u1ee9ng kh\u00f3 ti\u00eau, ch\u1ea5t l\u00e0m th\u01a1m h\u01a1i th\u1edf, gi\u00fap tinh th\u1ea7n t\u1ec9nh t\u00e1o<\/li>\n<\/ul>\n<p><img loading=\"lazy\" decoding=\"async\" class=\"wp-image-15029 aligncenter\" src=\"https:\/\/havamall.vn\/wp-content\/uploads\/2020\/07\/FreshDriedHerbs_HERO_041620_6661-1-scaled-e1592389917822-224x300.jpg\" alt=\"\" width=\"446\" height=\"597\" srcset=\"https:\/\/havamall.vn\/wp-content\/uploads\/2020\/07\/FreshDriedHerbs_HERO_041620_6661-1-scaled-e1592389917822-224x300.jpg 224w, https:\/\/havamall.vn\/wp-content\/uploads\/2020\/07\/FreshDriedHerbs_HERO_041620_6661-1-scaled-e1592389917822-430x576.jpg 430w, https:\/\/havamall.vn\/wp-content\/uploads\/2020\/07\/FreshDriedHerbs_HERO_041620_6661-1-scaled-e1592389917822-150x201.jpg 150w, https:\/\/havamall.vn\/wp-content\/uploads\/2020\/07\/FreshDriedHerbs_HERO_041620_6661-1-scaled-e1592389917822-700x937.jpg 700w, https:\/\/havamall.vn\/wp-content\/uploads\/2020\/07\/FreshDriedHerbs_HERO_041620_6661-1-scaled-e1592389917822-768x1028.jpg 768w, https:\/\/havamall.vn\/wp-content\/uploads\/2020\/07\/FreshDriedHerbs_HERO_041620_6661-1-scaled-e1592389917822-765x1024.jpg 765w, https:\/\/havamall.vn\/wp-content\/uploads\/2020\/07\/FreshDriedHerbs_HERO_041620_6661-1-scaled-e1592389917822-600x803.jpg 600w, https:\/\/havamall.vn\/wp-content\/uploads\/2020\/07\/FreshDriedHerbs_HERO_041620_6661-1-scaled-e1592389917822.jpg 851w\" sizes=\"(max-width: 446px) 100vw, 446px\" \/><\/p>\n<p><b><i>L\u01b0u \u00fd:<\/i><\/b><\/p>\n<p>Do parsley m\u1ec1m v\u00e0 r\u1ea5t nhanh ch\u00edn n\u00ean th\u01b0\u1eddng khi \u0111\u00e3 n\u1ea5u ch\u00edn th\u1ee9c \u0103n xong ta m\u1edbi n\u00ean cho v\u00e0o. N\u1ebfu ch\u00fang ta cho v\u00e0o tr\u01b0\u1edbc, nh\u1eefng nguy\u00ean li\u1ec7u kh\u00e1c s\u1ebd l\u1ea5n \u00e1t m\u00f9i c\u1ee7a parsley v\u00e0 c\u00f2n khi\u1ebfn ch\u00fang m\u1ec1m nh\u0169n m\u1ea5t \u0111i \u0111\u1ed9 ngon.<\/p>\n<p>C\u00f9ng th\u1eed v\u00e0o b\u1ebfp l\u00e0m m\u00f3n b\u00e1nh m\u00ec s\u1ea5y b\u01a1 t\u1ecfi s\u1eed d\u1ee5ng l\u00e1 parsley cho gia \u0111\u00ecnh nh\u00e9!<\/p>\n<p>&nbsp;<\/p>","protected":false},"excerpt":{"rendered":"<ul>\n<li>Parsley ti\u1ebfng Vi\u1ec7t c\u00f2n g\u1ecdi l\u00e0 rau m\u00f9i t\u00e2y, c\u00f3 ngo\u1ea1i h\u00ecnh kh\u00e1 t\u01b0\u01a1ng \u0111\u1ed3ng v\u1edbi rau m\u00f9i c\u1ee7a Vi\u1ec7t Nam<\/li>\n<li>Gi\u00fap t\u0103ng th\u00eam gi\u00e1 tr\u1ecb dinh d\u01b0\u1ee1ng cho m\u00f3n \u0103n<\/li>\n<li>D\u00f9ng \u0111\u1ec3 trang tr\u00ed c\u00e1c m\u00f3n \u0103n<\/li>\n<li>Th\u00eam m\u1ed9t ch\u00fat l\u00e1 Parsley v\u00e0o b\u00e1nh m\u00ec b\u01a1 t\u1ecfi, kh\u00f4ng ch\u1ec9 nh\u00ecn h\u1ea5p d\u1eabn h\u01a1n m\u00e0 c\u00f2n th\u01a1m ngon h\u01a1n r\u1ea5t nhi\u1ec1u<\/li>\n<\/ul>","protected":false},"featured_media":26911,"comment_status":"open","ping_status":"closed","template":"","meta":[],"product_brand":[],"product_cat":[595,36,134],"product_tag":[],"class_list":{"0":"post-15036","1":"product","2":"type-product","3":"status-publish","4":"has-post-thumbnail","6":"product_cat-gia-vi-va-che-bien","7":"product_cat-thuc-pham-tieu-dung","8":"product_cat-thucpham-saykho","9":"pa_brand-skx","11":"first","12":"instock","13":"sale","14":"shipping-taxable","15":"purchasable","16":"product-type-simple"},"_links":{"self":[{"href":"https:\/\/havamall.vn\/en\/wp-json\/wp\/v2\/product\/15036"}],"collection":[{"href":"https:\/\/havamall.vn\/en\/wp-json\/wp\/v2\/product"}],"about":[{"href":"https:\/\/havamall.vn\/en\/wp-json\/wp\/v2\/types\/product"}],"replies":[{"embeddable":true,"href":"https:\/\/havamall.vn\/en\/wp-json\/wp\/v2\/comments?post=15036"}],"version-history":[{"count":0,"href":"https:\/\/havamall.vn\/en\/wp-json\/wp\/v2\/product\/15036\/revisions"}],"wp:featuredmedia":[{"embeddable":true,"href":"https:\/\/havamall.vn\/en\/wp-json\/wp\/v2\/media\/26911"}],"wp:attachment":[{"href":"https:\/\/havamall.vn\/en\/wp-json\/wp\/v2\/media?parent=15036"}],"wp:term":[{"taxonomy":"product_brand","embeddable":true,"href":"https:\/\/havamall.vn\/en\/wp-json\/wp\/v2\/product_brand?post=15036"},{"taxonomy":"product_cat","embeddable":true,"href":"https:\/\/havamall.vn\/en\/wp-json\/wp\/v2\/product_cat?post=15036"},{"taxonomy":"product_tag","embeddable":true,"href":"https:\/\/havamall.vn\/en\/wp-json\/wp\/v2\/product_tag?post=15036"}],"curies":[{"name":"wp","href":"https:\/\/api.w.org\/{rel}","templated":true}]}}