{"id":14958,"date":"2020-06-25T16:11:39","date_gmt":"2020-06-25T09:11:39","guid":{"rendered":"https:\/\/havamall.vn\/?post_type=product&#038;p=14958"},"modified":"2023-04-10T14:03:35","modified_gmt":"2023-04-10T07:03:35","slug":"kem-oc-que-cremo-baby-cone-baby-cone-ice-cream","status":"publish","type":"product","link":"https:\/\/havamall.vn\/en\/shop\/kem-oc-que-cremo-baby-cone-baby-cone-ice-cream\/","title":{"rendered":"Kem \u1ed0c Qu\u1ebf Cremo Baby Cone &#8211; Baby Cone Ice Cream"},"content":{"rendered":"<h1><b>\u0110\u1eb7c \u0111i\u1ec3m th\u01b0\u01a1ng hi\u1ec7u<\/b><\/h1>\n<p><span style=\"font-weight: 400\">B\u1eaft \u0111\u1ea7u t\u1eeb n\u0103m 1979, Cremo Ice Cream l\u00e0 th\u01b0\u01a1ng hi\u1ec7u kem h\u00e0ng \u0111\u1ea7u Th\u00e1i Lan t\u1ea1i n\u01b0\u1edbc n\u00e0y. \u0110\u00e3 ho\u1ea1t \u0111\u1ed9ng \u0111\u01b0\u1ee3c h\u01a1n 40 n\u0103m, n\u01a1i \u0111\u00e3 s\u1ea3n xu\u1ea5t nhi\u1ec1u lo\u1ea1i kem, nh\u01b0 thanh, c\u1ed1c, x\u00f4 v\u00e0 h\u00ecnh n\u00f3n, t\u1ea5t c\u1ea3 \u0111\u1ec1u \u0111\u01b0\u1ee3c s\u1ea3n xu\u1ea5t v\u1edbi s\u1ef1 c\u00e2n nh\u1eafc H\u01b0\u01a1ng v\u1ecb s\u1ea3n ph\u1ea9m t\u1ed1t, ch\u1ea5t l\u01b0\u1ee3ng an to\u00e0n v\u00e0 \u0111\u00e1ng tin c\u1eady<\/span><\/p>\n<p><span style=\"font-weight: 400\">Kem Cremo b\u1eaft \u0111\u1ea7u b\u00e1n b\u1eb1ng xe kem tr\u01b0\u1eddng h\u1ecdc v\u00e0 c\u00e1c c\u1eeda h\u00e0ng t\u1ea1p h\u00f3a n\u00f3i chung. Hi\u1ec7n nay, c\u00f3 s\u1ef1 t\u0103ng tr\u01b0\u1edfng, c\u00f3 th\u1ec3 m\u1edf r\u1ed9ng ra c\u00e1c k\u00eanh ph\u00e2n ph\u1ed1i, c\u1eeda h\u00e0ng b\u00e1ch h\u00f3a, c\u1eeda h\u00e0ng ti\u1ec7n l\u1ee3i. Nh\u00e0 h\u00e0ng, tr\u01b0\u1eddng h\u1ecdc, kh\u00e1ch s\u1ea1n v\u00e0 c\u1eeda h\u00e0ng t\u1ed5ng h\u1ee3p M\u1ed7i t\u1ec9nh \u1edf Th\u00e1i Lan V\u00e0 m\u1edf r\u1ed9ng ra th\u1ecb tr\u01b0\u1eddng qu\u1ed1c t\u1ebf \u1edf t\u1ea5t c\u1ea3 13 qu\u1ed1c gia tr\u00ean 4 ch\u00e2u l\u1ee5c tr\u00ean th\u1ebf gi\u1edbi.<\/span><\/p>\n<p style=\"text-align: center\"><img decoding=\"async\" src=\"https:\/\/files.slack.com\/files-pri\/TRP6N3ZMF-F015UK34GER\/shottype1_540x540.jpg\" \/><\/p>\n<p><span style=\"font-weight: 400\">Thay \u0111\u1ed5i th\u1eddi gian M\u1ecdi th\u1ee9 c\u1ea7n ph\u1ea3i \u0111\u01b0\u1ee3c c\u1ea3i thi\u1ec7n. Do \u0111\u00f3, l\u00e0m cho s\u1ea3n ph\u1ea9m kem Cremo c\u00f3 m\u1ed9t lo\u1ea1t c\u1ea3 m\u1edbi v\u00e0 b\u1ea3n g\u1ed1c. C\u00f4ng ty \u0111\u00e3 ph\u00e1t tri\u1ec3n h\u01a1n 4 th\u1eadp k\u1ef7 \u0111\u1ec3 s\u1ea3n xu\u1ea5t c\u00e1c s\u1ea3n ph\u1ea9m \u0111\u1ec3 \u0111\u00e1p \u1ee9ng nhu c\u1ea7u c\u1ee7a ng\u01b0\u1eddi ti\u00eau d\u00f9ng trong t\u1eebng th\u1eddi \u0111\u1ea1i.<\/span><\/p>\n<p><span style=\"font-weight: 400\">Kem Cremo \u0111\u00e3 \u0111\u01b0\u1ee3c c\u00f4ng nh\u1eadn theo ti\u00eau chu\u1ea9n qu\u1ed1c t\u1ebf trong h\u01a1n 3 th\u1eadp k\u1ef7, bao g\u1ed3m Halal, GMP, HACCP v\u00e0 ISO22000, \u0111\u1ea3m b\u1ea3o r\u1eb1ng c\u00e1c s\u1ea3n ph\u1ea9m \u0111\u01b0\u1ee3c s\u1ea3n xu\u1ea5t c\u00f3 ch\u1ea5t l\u01b0\u1ee3ng an to\u00e0n v\u00e0 \u0111\u00e1ng tin c\u1eady.<\/span><\/p>\n<h1>\u0110\u1eb7c \u0111i\u1ec3m s\u1ea3n ph\u1ea9m<\/h1>\n<p><span style=\"font-weight: 400\">Kem c\u00e2y HiCream baby cone Cremo h\u1ed9p 12 c\u00e2y<\/span><\/p>\n<p><span style=\"font-weight: 400\">C\u00f2n g\u00ec th\u00fa v\u1ecb h\u01a1n vi\u1ec7c \u0111\u01b0\u1ee3c c\u1ea3m nh\u1eadn v\u1ecb ng\u1ecdt m\u00e1t c\u1ee7a c\u00e2y kem l\u1ea1nh trong l\u00fac th\u1eddi ti\u1ebft \u0111ang n\u00f3ng n\u1ef1c. Kem t\u1eeb x\u01b0a \u0111\u1ebfn nay v\u1eabn l\u00e0 m\u00f3n kho\u00e1i kh\u1ea9u c\u1ee7a tr\u1ebb con l\u1eabn ng\u01b0\u1eddi l\u1edbn b\u1edfi h\u01b0\u01a1ng v\u1ecb v\u00e0 nh\u1ea5t l\u00e0 c\u1ea3m gi\u00e1c vui th\u00edch, s\u1ea3ng kho\u00e1i m\u00e0 n\u00f3 mang l\u1ea1i khi th\u01b0\u1edfng th\u1ee9c.<\/span><\/p>\n<p><img decoding=\"async\" class=\"aligncenter\" src=\"https:\/\/files.slack.com\/files-pri\/TRP6N3ZMF-F0162649XA8\/39059824_2148400505438317_5919639134997053440_n.jpg\" \/><\/p>\n<p><span style=\"font-weight: 400\">Kem c\u00e2y HiCream baby cone Cremo xu\u1ea5t x\u1ee9 t\u1eeb Th\u00e1i Lan s\u1ebd khi\u1ebfn c\u1ea3 gia \u0111\u00ecnh \u0111\u1ec1u y\u00eau th\u00edch. V\u1ecb vani, s\u00f4 c\u00f4 la th\u01a1m ngon, h\u1ea5p d\u1eabn c\u00f9ng ph\u1ea7n \u1ed1c qu\u1ebf l\u00e0m t\u1eeb b\u00e1nh quy gi\u00f2n th\u01a1m h\u00f2a quy\u1ec7n v\u1edbi c\u00e1i t\u00ea t\u00ea, l\u00e0nh l\u1ea1nh, c\u00e2y kem cho b\u1ea1n s\u1ef1 ng\u1ecdt ng\u00e0o kh\u00f3 t\u1ea3 kh\u00f4ng th\u1ec3 b\u1ecf qua.<\/span><\/p>\n<p><img decoding=\"async\" class=\"aligncenter\" src=\"https:\/\/files.slack.com\/files-pri\/TRP6N3ZMF-F015F8EHU95\/66458785_146984589694784_9094218803836525390_n.jpg\" \/><\/p>\n<p style=\"text-align: center\"><i><span style=\"font-weight: 400\">Kem c\u00e2y HiCream baby cone Cremo<\/span><\/i><\/p>\n<p><span style=\"font-weight: 400\">Kem gi\u00fap cung c\u1ea5p n\u0103ng l\u01b0\u1ee3ng, vitamin, d\u01b0\u1ee1ng ch\u1ea5t c\u1ea7n thi\u1ebft cho c\u00e1c ho\u1ea1t \u0111\u1ed9ng h\u00e0ng ng\u00e0y, v\u1edbi h\u01b0\u01a1ng v\u1ecb m\u00e1t l\u1ea1nh c\u1ee7a kem cho b\u1ea1n c\u1ea3m gi\u00e1c th\u1eadt s\u1ea3ng kho\u00e1i m\u1ed7i khi th\u01b0\u1edfng th\u1ee9c. <\/span><\/p>\n<p><span style=\"font-weight: 400\">Kem c\u00e2y HiCream baby cone Cremo \u0111\u01b0\u1ee3c s\u1ea3n xu\u1ea5t theo d\u00e2y chuy\u1ec1n c\u00f4ng ngh\u1ec7 hi\u1ec7n \u0111\u1ea1i c\u1ee7a Th\u00e1i Lan v\u1edbi quy tr\u00ecnh ki\u1ec3m \u0111\u1ecbnh ch\u1ea5t l\u01b0\u1ee3ng nghi\u00eam ng\u1eb7t. S\u1ea3n ph\u1ea9m \u0111\u01b0\u1ee3c \u0111\u00f3ng h\u1ed9p nh\u1ecf g\u1ecdn, ti\u1ec7n l\u1ee3i cho b\u1ea1n s\u1eed d\u1ee5ng c\u0169ng nh\u01b0 b\u1ea3o qu\u1ea3n.<\/span><\/p>\n<p><span style=\"font-weight: 400\">V\u1edbi ph\u1ea7n b\u00e1nh b\u00ean ngo\u00e0i gi\u00f2n r\u1ee5m \u0111\u00fang y lo\u1ea1i b\u00e1nh b\u1ecdc kem \u0111\u1eb7c tr\u01b0ng, quy\u1ec7n c\u00f9ng nh\u00e2n s\u1ed1t kem m\u1ec1m c\u1ef1c k\u00ec \u0111\u1eadm v\u1ecb, c\u1ef1c k\u00ec th\u01a1m ngon. Nh\u1ea5m nh\u00e1p m\u1ed9t h\u1ed3i l\u00e0 c\u1ea3 ch\u1ee5c c\u00e2y lu\u00f4n. Nghi\u1ec7n ngay ko th\u1ec3 ch\u1ed1ng \u0111\u1ee1 :&#8221;3<\/span><\/p>","protected":false},"excerpt":{"rendered":"<ul>\n<li><span style=\"font-weight: 400\">V\u1edbi ph\u1ea7n b\u00e1nh b\u00ean ngo\u00e0i gi\u00f2n r\u1ee5m \u0111\u00fang y lo\u1ea1i b\u00e1nh b\u1ecdc kem \u0111\u1eb7c tr\u01b0ng, quy\u1ec7n c\u00f9ng nh\u00e2n s\u1ed1t kem m\u1ec1m c\u1ef1c k\u00ec \u0111\u1eadm v\u1ecb, c\u1ef1c k\u00ec th\u01a1m ngon. <\/span><\/li>\n<li><span style=\"font-weight: 400\">Nghi\u1ec7n ngay ko th\u1ec3 ch\u1ed1ng \u0111\u1ee1<\/span><\/li>\n<li><span style=\"font-weight: 400\">Kem gi\u00fap cung c\u1ea5p n\u0103ng l\u01b0\u1ee3ng, vitamin, d\u01b0\u1ee1ng ch\u1ea5t c\u1ea7n thi\u1ebft cho c\u00e1c ho\u1ea1t \u0111\u1ed9ng h\u00e0ng ng\u00e0y, v\u1edbi h\u01b0\u01a1ng v\u1ecb m\u00e1t l\u1ea1nh c\u1ee7a kem cho b\u1ea1n c\u1ea3m gi\u00e1c th\u1eadt s\u1ea3ng kho\u00e1i m\u1ed7i khi th\u01b0\u1edfng th\u1ee9c. <\/span><\/li>\n<li><span style=\"font-weight: 400\">Kem c\u00e2y HiCream baby cone Cremo \u0111\u01b0\u1ee3c s\u1ea3n xu\u1ea5t theo d\u00e2y chuy\u1ec1n c\u00f4ng ngh\u1ec7 hi\u1ec7n \u0111\u1ea1i c\u1ee7a Th\u00e1i Lan v\u1edbi quy tr\u00ecnh ki\u1ec3m \u0111\u1ecbnh ch\u1ea5t l\u01b0\u1ee3ng nghi\u00eam ng\u1eb7t.<\/span><\/li>\n<\/ul>","protected":false},"featured_media":14964,"comment_status":"open","ping_status":"closed","template":"","meta":[],"product_brand":[],"product_cat":[275,36],"product_tag":[],"class_list":{"0":"post-14958","1":"product","2":"type-product","3":"status-publish","4":"has-post-thumbnail","6":"product_cat-thuc-pham-dong-lanh","7":"product_cat-thuc-pham-tieu-dung","9":"first","10":"instock","11":"sale","12":"shipping-taxable","13":"purchasable","14":"product-type-simple"},"_links":{"self":[{"href":"https:\/\/havamall.vn\/en\/wp-json\/wp\/v2\/product\/14958"}],"collection":[{"href":"https:\/\/havamall.vn\/en\/wp-json\/wp\/v2\/product"}],"about":[{"href":"https:\/\/havamall.vn\/en\/wp-json\/wp\/v2\/types\/product"}],"replies":[{"embeddable":true,"href":"https:\/\/havamall.vn\/en\/wp-json\/wp\/v2\/comments?post=14958"}],"version-history":[{"count":0,"href":"https:\/\/havamall.vn\/en\/wp-json\/wp\/v2\/product\/14958\/revisions"}],"wp:featuredmedia":[{"embeddable":true,"href":"https:\/\/havamall.vn\/en\/wp-json\/wp\/v2\/media\/14964"}],"wp:attachment":[{"href":"https:\/\/havamall.vn\/en\/wp-json\/wp\/v2\/media?parent=14958"}],"wp:term":[{"taxonomy":"product_brand","embeddable":true,"href":"https:\/\/havamall.vn\/en\/wp-json\/wp\/v2\/product_brand?post=14958"},{"taxonomy":"product_cat","embeddable":true,"href":"https:\/\/havamall.vn\/en\/wp-json\/wp\/v2\/product_cat?post=14958"},{"taxonomy":"product_tag","embeddable":true,"href":"https:\/\/havamall.vn\/en\/wp-json\/wp\/v2\/product_tag?post=14958"}],"curies":[{"name":"wp","href":"https:\/\/api.w.org\/{rel}","templated":true}]}}