{"id":14948,"date":"2020-06-22T18:11:36","date_gmt":"2020-06-22T11:11:36","guid":{"rendered":"https:\/\/havamall.vn\/?post_type=product&#038;p=14948"},"modified":"2023-06-09T11:09:56","modified_gmt":"2023-06-09T04:09:56","slug":"hat-lanh-nau-200gr-brown-flax-seed-200gr","status":"publish","type":"product","link":"https:\/\/havamall.vn\/en\/shop\/hat-lanh-nau-200gr-brown-flax-seed-200gr\/","title":{"rendered":"H\u1ea1t Lanh N\u00e2u 200gr \u2013 Brown Flax Seed 200gr"},"content":{"rendered":"<p>Trong th\u1ef1c t\u1ebf, h\u1ea1t lanh \u0111\u01b0\u1ee3c coi l\u00e0 m\u1ed9t \u201c<i>si\u00eau th\u1ef1c ph\u1ea9m<\/i>\u201d,\u00a0Ng\u01b0\u1eddi ta c\u00f3 th\u1ec3 d\u00f9ng h\u1ea1t lanh \u0111\u1ec3 th\u00eam v\u00e0o m\u1ecdi m\u00f3n \u0103n, t\u1eeb ng\u0169 c\u1ed1c, salad cho \u0111\u1ebfn \u0111\u1ed3 n\u01b0\u1edbng<\/p>\n<p><img fetchpriority=\"high\" decoding=\"async\" class=\"wp-image-14949 aligncenter\" src=\"https:\/\/havamall.vn\/wp-content\/uploads\/2020\/06\/5-300x200.jpg\" alt=\"\" width=\"780\" height=\"520\" srcset=\"https:\/\/havamall.vn\/wp-content\/uploads\/2020\/06\/5-300x200.jpg 300w, https:\/\/havamall.vn\/wp-content\/uploads\/2020\/06\/5-430x287.jpg 430w, https:\/\/havamall.vn\/wp-content\/uploads\/2020\/06\/5-150x100.jpg 150w, https:\/\/havamall.vn\/wp-content\/uploads\/2020\/06\/5-700x467.jpg 700w, https:\/\/havamall.vn\/wp-content\/uploads\/2020\/06\/5-768x512.jpg 768w, https:\/\/havamall.vn\/wp-content\/uploads\/2020\/06\/5-1024x683.jpg 1024w, https:\/\/havamall.vn\/wp-content\/uploads\/2020\/06\/5-1200x800.jpg 1200w, https:\/\/havamall.vn\/wp-content\/uploads\/2020\/06\/5-600x400.jpg 600w, https:\/\/havamall.vn\/wp-content\/uploads\/2020\/06\/5.jpg 1300w\" sizes=\"(max-width: 780px) 100vw, 780px\" \/><\/p>\n<h3><b>C\u00d4NG D\u1ee4NG<\/b><\/h3>\n<p>\u2013\u00a0 H\u1ea1t lanh r\u1ea5t gi\u00e0u Ligan, x\u01a1, omega3, vitamin v\u00e0 kho\u00e1ng ch\u1ea5t nh\u01b0 vitamin B1, \u0111\u1ed3ng, molybdenum, magie, ph\u1ed1t pho, gi\u00fap nhu\u1eadn tr\u00e0ng<\/p>\n<p>\u2013\u00a0 Ng\u0103n ng\u1eeba s\u1ef1 t\u0103ng tr\u01b0\u1edfng c\u1ee7a c\u00e1c t\u1ebf b\u00e0o ung th\u01b0 b\u1edfi v\u00ec acid b\u00e9o omega \u2013 3 c\u00f3 t\u00e1c d\u1ee5ng ph\u00e1 v\u1ee1 c\u00e1c t\u1ebf b\u00e0o \u00e1c t\u00ednh b\u00e1m v\u00e0o c\u00e1c t\u1ebf b\u00e0o kh\u00e1c c\u1ee7a c\u01a1 th\u1ec3.<\/p>\n<p>\u2013\u00a0 Lignan trong h\u1ea1t lanh c\u00f3 \u0111\u1eb7c t\u00ednh ch\u1ed1ng t\u1ea1o m\u1ea1ch \u2013 ng\u0103n ch\u1eb7n c\u00e1c kh\u1ed1i u t\u1eeb vi\u1ec7c h\u00ecnh th\u00e0nh c\u00e1c m\u1ea1ch m\u00e1u m\u1edbi.<\/p>\n<p>\u2013\u00a0 Ngo\u00e0i ra, h\u1ea1t lanh c\u00f3 nhi\u1ec1u gi\u00e1 tr\u1ecb trong cu\u1ed9c chi\u1ebfn ch\u1ed1ng l\u1ea1i c\u00e1c b\u1ec7nh ung th\u01b0 nh\u01b0 ung th\u01b0 v\u00fa, ung th\u01b0 tuy\u1ebfn ti\u1ec1n li\u1ec7t, ung th\u01b0 ru\u1ed9t k\u1ebft v\u00e0 ung th\u01b0 da.<\/p>\n<p><img decoding=\"async\" class=\"wp-image-14950 aligncenter\" src=\"https:\/\/havamall.vn\/wp-content\/uploads\/2020\/06\/489959476-xs-1464064160908-crop-1464064194629-300x188.jpg\" alt=\"\" width=\"778\" height=\"488\" srcset=\"https:\/\/havamall.vn\/wp-content\/uploads\/2020\/06\/489959476-xs-1464064160908-crop-1464064194629-300x188.jpg 300w, https:\/\/havamall.vn\/wp-content\/uploads\/2020\/06\/489959476-xs-1464064160908-crop-1464064194629-430x269.jpg 430w, https:\/\/havamall.vn\/wp-content\/uploads\/2020\/06\/489959476-xs-1464064160908-crop-1464064194629-150x94.jpg 150w, https:\/\/havamall.vn\/wp-content\/uploads\/2020\/06\/489959476-xs-1464064160908-crop-1464064194629-600x375.jpg 600w, https:\/\/havamall.vn\/wp-content\/uploads\/2020\/06\/489959476-xs-1464064160908-crop-1464064194629.jpg 700w\" sizes=\"(max-width: 778px) 100vw, 778px\" \/><\/p>\n<h3><b>C\u00c1CH S\u1eec D\u1ee4NG<\/b><\/h3>\n<p>\u2013 H\u1ea1t lanh xay nhuy\u1ec5n th\u00e0nh b\u1ed9t s\u1ebd t\u1ed1t h\u01a1n v\u00ec lignans \u0111\u01b0\u1ee3c h\u1ea5p thu t\u1ed1t nh\u1ea5t.<\/p>\n<p>\u2013 B\u1ed9t h\u1ea1t lanh d\u00f9ng pha u\u1ed1ng n\u01b0\u1edbc th\u01b0\u1eddng, n\u01b0\u1edbc tr\u00e1i c\u00e2y ho\u1eb7c s\u1eefa \u0111\u1ec1u \u0111\u01b0\u1ee3c. Ngo\u00e0i ra c\u00f3 th\u1ec3 s\u1eed d\u1ee5ng b\u1ed9t h\u1ea1t lanh \u0111\u1ec3 l\u00e0m b\u00e1nh thay cho b\u1ed9t m\u00ec.<\/p>\n<p>\u2013 C\u00f3 th\u1ec3 rang ch\u00edn \u0111\u1ec3 s\u1eed d\u1ee5ng v\u00e0o m\u00f3n \u0103n salad, sinh t\u1ed1 tr\u00e1i c\u00e2y, n\u01b0\u1edbc u\u1ed1ng t\u0103ng l\u1ef1c, s\u1eefa chua, tr\u1ed9n v\u1edbi ng\u0169 c\u1ed1c \u0103n s\u00e1ng, tr\u1ed9n v\u1edbi mayonnaise trong khi l\u00e0m b\u00e1nh m\u00ec, n\u01b0\u1edbng b\u00e1nh, b\u00e1nh ng\u1ecdt v\u00e0 b\u00e1nh n\u01b0\u1edbng x\u1ed1p\u2026<\/p>\n<p><img decoding=\"async\" class=\"wp-image-14951 aligncenter\" src=\"https:\/\/havamall.vn\/wp-content\/uploads\/2020\/06\/banh_mi_hanh_lanh_nau_huu_co_grande-300x157.png\" alt=\"\" width=\"725\" height=\"379\" srcset=\"https:\/\/havamall.vn\/wp-content\/uploads\/2020\/06\/banh_mi_hanh_lanh_nau_huu_co_grande-300x157.png 300w, https:\/\/havamall.vn\/wp-content\/uploads\/2020\/06\/banh_mi_hanh_lanh_nau_huu_co_grande-430x224.png 430w, https:\/\/havamall.vn\/wp-content\/uploads\/2020\/06\/banh_mi_hanh_lanh_nau_huu_co_grande-150x78.png 150w, https:\/\/havamall.vn\/wp-content\/uploads\/2020\/06\/banh_mi_hanh_lanh_nau_huu_co_grande.png 600w\" sizes=\"(max-width: 725px) 100vw, 725px\" \/><\/p>\n<p><strong>B\u1ea3o qu\u1ea3n<\/strong>:\u00a0n\u01a1i kh\u00f4 r\u00e1o, tho\u00e1ng m\u00e1t, tr\u00e1nh \u00e1nh n\u1eafng tr\u1ef1c ti\u1ebfp m\u1eb7t tr\u1eddi<\/p>\n<p><strong>Xu\u1ea5t x\u1ee9<\/strong>: M\u1ef9<\/p>","protected":false},"excerpt":{"rendered":"<p>Trong th\u1ef1c t\u1ebf, h\u1ea1t lanh \u0111\u01b0\u1ee3c coi l\u00e0 m\u1ed9t \u201csi\u00eau th\u1ef1c ph\u1ea9m\u201d,\u00a0Ng\u01b0\u1eddi ta c\u00f3 th\u1ec3 d\u00f9ng h\u1ea1t lanh \u0111\u1ec3 th\u00eam<\/p>","protected":false},"featured_media":14952,"comment_status":"open","ping_status":"closed","template":"","meta":[],"product_brand":[],"product_cat":[594,36,134],"product_tag":[],"class_list":{"0":"post-14948","1":"product","2":"type-product","3":"status-publish","4":"has-post-thumbnail","6":"product_cat-dau-cu-qua-kho","7":"product_cat-thuc-pham-tieu-dung","8":"product_cat-thucpham-saykho","9":"pa_brand-skx","11":"first","12":"instock","13":"sale","14":"shipping-taxable","15":"purchasable","16":"product-type-simple"},"_links":{"self":[{"href":"https:\/\/havamall.vn\/en\/wp-json\/wp\/v2\/product\/14948"}],"collection":[{"href":"https:\/\/havamall.vn\/en\/wp-json\/wp\/v2\/product"}],"about":[{"href":"https:\/\/havamall.vn\/en\/wp-json\/wp\/v2\/types\/product"}],"replies":[{"embeddable":true,"href":"https:\/\/havamall.vn\/en\/wp-json\/wp\/v2\/comments?post=14948"}],"version-history":[{"count":0,"href":"https:\/\/havamall.vn\/en\/wp-json\/wp\/v2\/product\/14948\/revisions"}],"wp:featuredmedia":[{"embeddable":true,"href":"https:\/\/havamall.vn\/en\/wp-json\/wp\/v2\/media\/14952"}],"wp:attachment":[{"href":"https:\/\/havamall.vn\/en\/wp-json\/wp\/v2\/media?parent=14948"}],"wp:term":[{"taxonomy":"product_brand","embeddable":true,"href":"https:\/\/havamall.vn\/en\/wp-json\/wp\/v2\/product_brand?post=14948"},{"taxonomy":"product_cat","embeddable":true,"href":"https:\/\/havamall.vn\/en\/wp-json\/wp\/v2\/product_cat?post=14948"},{"taxonomy":"product_tag","embeddable":true,"href":"https:\/\/havamall.vn\/en\/wp-json\/wp\/v2\/product_tag?post=14948"}],"curies":[{"name":"wp","href":"https:\/\/api.w.org\/{rel}","templated":true}]}}