{"id":14939,"date":"2020-06-22T13:35:00","date_gmt":"2020-06-22T06:35:00","guid":{"rendered":"https:\/\/havamall.vn\/?post_type=product&#038;p=14939"},"modified":"2023-04-10T14:03:26","modified_gmt":"2023-04-10T07:03:26","slug":"thanh-cua-crami-100gr-crami-leg-type-crab-stick-100gr","status":"publish","type":"product","link":"https:\/\/havamall.vn\/en\/shop\/thanh-cua-crami-100gr-crami-leg-type-crab-stick-100gr\/","title":{"rendered":"Thanh Cua Crami 100gr &#8211; Crami Leg Type Crab Stick 100gr"},"content":{"rendered":"<h3><strong>Th\u00f4ng tin s\u1ea3n ph\u1ea9m<\/strong><\/h3>\n<table>\n<tbody>\n<tr>\n<td>Th\u01b0\u01a1ng hi\u1ec7u<\/td>\n<td>Hansung Fishery<\/td>\n<\/tr>\n<tr>\n<td>Xu\u1ea5t x\u1ee9<\/td>\n<td>H\u00e0n Qu\u1ed1c<\/td>\n<\/tr>\n<tr>\n<td>Th\u00e0nh ph\u1ea7n<\/td>\n<td>Surimi c\u00e1 po l\u1eafc 80% (M\u1ef9), th\u1ecbt c\u00e1, \u0111\u01b0\u1eddng, ch\u1ea5t \u1ed5n \u0111\u1ecbnh, tinh b\u1ed9t khoai t\u00e2y\u00a0 (\u0110\u1ee9c, Ph\u1ea7n Lan), th\u1ecbt cua \u0111\u1ecf ( H\u00e0n Qu\u1ed1c), chi\u1ebft xu\u1ea5t cua 1.54%, mu\u1ed1i tinh, gia v\u1ecb, ch\u1ea5t l\u00e0m d\u1ea7y, d\u1ea7u \u0111\u1eadu n\u00e0nh, khu\u1ea9n l\u00ean men lactic, h\u01b0\u01a1ng cua, chi\u1ebft xu\u1ea5t t\u1ea3o bi\u1ec3n, l\u00f2ng tr\u1eafng tr\u1ee9ng, m\u00e0u t\u1ef1 nhi\u00ean (c\u00e0 chua). Ch\u1ee9a tr\u1ee9ng, b\u1ed9t m\u00ec, cua, c\u00e0 chua<\/td>\n<\/tr>\n<tr>\n<td>H\u1ea1n s\u1eed d\u1ee5ng<\/td>\n<td>24 th\u00e1ng k\u1ec3 t\u1eeb ng\u00e0y s\u1ea3n xu\u1ea5t.<\/td>\n<\/tr>\n<tr>\n<td>B\u1ea3o qu\u1ea3n<\/td>\n<td>B\u1ea3o qu\u1ea3n \u0111\u00f4ng l\u1ea1nh (0 \u2013 10 \u0111\u1ed9 C)<\/td>\n<\/tr>\n<tr>\n<td>Kh\u1ed1i l\u01b0\u1ee3ng<\/td>\n<td>100g<\/td>\n<\/tr>\n<\/tbody>\n<\/table>\n<p>Hansung Fishery \u0111\u01b0\u1ee3c th\u00e0nh l\u1eadp v\u00e0o n\u0103m 1994 v\u00e0 l\u00e0 m\u1ed9t nh\u00e0 m\u00e1y th\u1ef1c ph\u1ea9m ho\u00e0n thi\u1ec7n s\u1ea3n xu\u1ea5t ch\u1ea3 cua, th\u1ecbt cua mu\u1ed1i v\u00e0 l\u00ean men, h\u1ea3i s\u1ea3n, b\u00e1nh c\u00e1 v\u00e0 th\u1ef1c ph\u1ea9m \u0111\u00f4ng l\u1ea1nh. N\u0103m 1996, th\u01b0\u01a1ng hi\u1ec7u \u0111\u00e3 \u0111\u01b0\u1ee3c \u0111\u0103ng k\u00fd l\u00e0 nh\u00e0 m\u00e1y xu\u1ea5t kh\u1ea9u c\u1ee7a EU v\u00e0 \u0111\u1eb7t n\u1ec1n m\u00f3ng cho xu\u1ea5t kh\u1ea9u s\u1ea3n ph\u1ea9m h\u01b0\u01a1ng v\u1ecb t\u1eeb Ch\u00e2u \u00c1\u00a0 \u0111\u1ebfn ch\u00e2u \u00c2u. N\u0103m 2011, Hansung Fishery cho ra m\u1eaft lo\u1ea1i ph\u00f4 mai Crami v\u00e0 thanh cua Crami Leg Type. N\u0103m 2018, Hansung Fishery n\u1ed7 l\u1ef1c li\u00ean t\u1ee5c \u0111\u1ec3 s\u1ea3n xu\u1ea5t nhi\u1ec1u lo\u1ea1i s\u1ea3n ph\u1ea9m kh\u00e1c nhau. Hansung Fishery \u0111ang l\u00e0m h\u1ebft s\u1ee9c m\u00ecnh \u0111\u1ec3 cung c\u1ea5p c\u00e1c s\u1ea3n ph\u1ea9m ch\u1ea5t l\u01b0\u1ee3ng v\u00e0 an to\u00e0n.<\/p>\n<p>Hansung l\u00e0 th\u01b0\u01a1ng hi\u1ec7u ti\u00ean phong s\u1ea3n xu\u1ea5t phil\u00ea Pollock Alaska \u1edf H\u00e0n Qu\u1ed1c. K\u1ec3 t\u1eeb \u0111\u00f3, Hansung \u0111\u00e3 n\u1ed7 l\u1ef1c h\u1ebft s\u1ee9c \u0111\u1ec3 ph\u00e1t tri\u1ec3n c\u00e1c s\u1ea3n ph\u1ea9m h\u1ea3i s\u1ea3n ch\u1ea5t l\u01b0\u1ee3ng cao nh\u01b0 S\u1ea3n ph\u1ea9m Surimi cao c\u1ea5p; Crami v\u00e0 c\u00e1c s\u1ea3n ph\u1ea9m h\u1ea3i s\u1ea3n kh\u00e1c nhau. Hansung Fishery l\u00e0 th\u01b0\u01a1ng hi\u1ec7u h\u1ea3i s\u1ea3n \u0111\u1ea7u ti\u00ean trong ng\u00e0nh th\u1ee7y s\u1ea3n trong n\u01b0\u1edbc \u0111\u00e3 nh\u1eadn \u0111\u01b0\u1ee3c ch\u1ee9ng nh\u1eadn HACCP.<\/p>\n<p><img fetchpriority=\"high\" decoding=\"async\" class=\"wp-image-25593 aligncenter\" src=\"https:\/\/havamall.vn\/wp-content\/uploads\/2020\/06\/z3219082129113_cfb310e02715e4841d92f5f5d2b1a9b5-294x300.jpg\" alt=\"\" width=\"529\" height=\"539\" srcset=\"https:\/\/havamall.vn\/wp-content\/uploads\/2020\/06\/z3219082129113_cfb310e02715e4841d92f5f5d2b1a9b5-294x300.jpg 294w, https:\/\/havamall.vn\/wp-content\/uploads\/2020\/06\/z3219082129113_cfb310e02715e4841d92f5f5d2b1a9b5-430x439.jpg 430w, https:\/\/havamall.vn\/wp-content\/uploads\/2020\/06\/z3219082129113_cfb310e02715e4841d92f5f5d2b1a9b5-150x153.jpg 150w, https:\/\/havamall.vn\/wp-content\/uploads\/2020\/06\/z3219082129113_cfb310e02715e4841d92f5f5d2b1a9b5.jpg 436w\" sizes=\"(max-width: 529px) 100vw, 529px\" \/><\/p>\n<p>Thanh cua (crab sticks) l\u00e0 m\u1ed9t lo\u1ea1i th\u1ef1c ph\u1ea9m ch\u1ebf bi\u1ebfn \u0111\u01b0\u1ee3c ph\u00e1t minh t\u1eeb H\u00e0n Qu\u1ed1c, l\u00e0m t\u1eeb tinh b\u1ed9t v\u00e0 c\u00e1 tr\u1eafng nghi\u1ec1n m\u1ecbn (surimi) \u0111\u00e3 \u0111\u01b0\u1ee3c \u0111\u1ecbnh h\u00ecnh v\u00e0 ch\u1ebf bi\u1ebfn th\u00e0nh h\u00ecnh d\u1ea1ng th\u1ecbt c\u1ee7a ch\u00e2n cua tuy\u1ebft.\u00a0\u0110\u00e2y l\u00e0 d\u00f2ng s\u1ea3n ph\u1ea9m \u0111\u00f4ng l\u1ea1nh \u0111\u01b0\u1ee3c ch\u1ebf bi\u1ebfn theo c\u00f4ng ngh\u1ec7 \u0111\u1eb7c bi\u1ec7t, gi\u00fap l\u01b0u gi\u1eef h\u01b0\u01a1ng v\u1ecb th\u01a1m ngon.<\/p>\n<p>Thanh cua Crami 100g<strong>\u00a0<\/strong>\u0111\u01b0\u1ee3c l\u00e0m ho\u00e0n to\u00e0n t\u1eeb nh\u1eefng nguy\u00ean li\u1ec7u t\u01b0\u01a1i ngon, th\u00f4ng qua ch\u1ecdn l\u1ecdc k\u0129 c\u00e0ng, \u0111\u1ea3m b\u1ea3o an to\u00e0n v\u1ec7 sinh th\u1ef1c ph\u1ea9m.<\/p>\n<p><img decoding=\"async\" class=\"wp-image-25592 aligncenter\" src=\"https:\/\/havamall.vn\/wp-content\/uploads\/2020\/06\/z3219082129114_757d322944559814ab699c75fc0983ea-294x300.jpg\" alt=\"\" width=\"520\" height=\"530\" srcset=\"https:\/\/havamall.vn\/wp-content\/uploads\/2020\/06\/z3219082129114_757d322944559814ab699c75fc0983ea-294x300.jpg 294w, https:\/\/havamall.vn\/wp-content\/uploads\/2020\/06\/z3219082129114_757d322944559814ab699c75fc0983ea-430x439.jpg 430w, https:\/\/havamall.vn\/wp-content\/uploads\/2020\/06\/z3219082129114_757d322944559814ab699c75fc0983ea-150x153.jpg 150w, https:\/\/havamall.vn\/wp-content\/uploads\/2020\/06\/z3219082129114_757d322944559814ab699c75fc0983ea.jpg 432w\" sizes=\"(max-width: 520px) 100vw, 520px\" \/><\/p>\n<p>Thanh cua m\u1ec1m, dai c\u00f3 \u0111\u1ed9 d\u00e0i \u0111\u01b0\u1ee3c c\u1eaft kh\u00fac v\u1eeba v\u1eb7n thu\u1eadn ti\u1ec7n cho vi\u1ec7c ch\u1ebf bi\u1ebfn nhi\u1ec1u m\u00f3n \u0103n nh\u01b0 sushi. Ngo\u00e0i ra, c\u00f3 th\u1ec3 d\u00f9ng thanh cua \u0111\u1ec3 ch\u1ebf bi\u1ebfn c\u00e1c m\u00f3n \u0103n kh\u00e1c.<\/p>\n<p>S\u1ea3n ph\u1ea9m \u0111\u01b0\u1ee3c s\u1ea3n xu\u1ea5t tr\u00ean d\u00e2y chuy\u1ec1n c\u00f4ng ngh\u1ec7 hi\u1ec7n \u0111\u1ea1i c\u1ee7a H\u00e0n Qu\u1ed1c n\u00ean t\u00ednh an to\u00e0n th\u1ef1c ph\u1ea9m lu\u00f4n \u0111\u01b0\u1ee3c \u0111\u1ea3m b\u1ea3o. Ngo\u00e0i ra, v\u1edbi nguy\u00ean li\u1ec7u ch\u1ebf bi\u1ebfn t\u01b0\u01a1i, s\u1ea1ch, s\u1ea3n ph\u1ea9m s\u1ebd mang \u0111\u1ebfn cho gia \u0111\u00ecnh b\u1ea1n nh\u1eefng b\u1eefa \u0103n ngon.<\/p>\n<p><img decoding=\"async\" class=\"wp-image-25594 aligncenter\" src=\"https:\/\/havamall.vn\/wp-content\/uploads\/2020\/06\/z3219082135965_c015de32f89ea5d716ac5f382b09469e-203x300.jpg\" alt=\"\" width=\"518\" height=\"766\" srcset=\"https:\/\/havamall.vn\/wp-content\/uploads\/2020\/06\/z3219082135965_c015de32f89ea5d716ac5f382b09469e-203x300.jpg 203w, https:\/\/havamall.vn\/wp-content\/uploads\/2020\/06\/z3219082135965_c015de32f89ea5d716ac5f382b09469e-430x636.jpg 430w, https:\/\/havamall.vn\/wp-content\/uploads\/2020\/06\/z3219082135965_c015de32f89ea5d716ac5f382b09469e-150x222.jpg 150w, https:\/\/havamall.vn\/wp-content\/uploads\/2020\/06\/z3219082135965_c015de32f89ea5d716ac5f382b09469e.jpg 549w\" sizes=\"(max-width: 518px) 100vw, 518px\" \/><\/p>\n<h3><strong>H\u01b0\u1edbng d\u1eabn s\u1eed d\u1ee5ng: <\/strong><\/h3>\n<p>Thanh cua H\u00e0n Qu\u1ed1c sau khi r\u00e3 \u0111\u00f4ng c\u00f3 th\u1ec3 d\u00f9ng \u0111\u01b0\u1ee3c ngay v\u1edbi n\u01b0\u1edbc t\u01b0\u01a1ng m\u00f9 t\u1ea1t ho\u1eb7c c\u00f3 th\u1ec3 d\u00f9ng ch\u1ebf bi\u1ebfn th\u00e0nh c\u00e1c m\u00f3n \u0103n kh\u00e1c nhau nh\u01b0:<\/p>\n<p>&#8211; Kimbap<\/p>\n<p>&#8211; Sushi Nh\u1eadt B\u1ea3n<\/p>\n<p>&#8211; Thanh cua h\u1ea5p tr\u1ee9ng<\/p>\n<p>&#8211; B\u1eafp c\u1ea3i x\u00e0o thanh cua<\/p>\n<p>&#8211; S\u00fap thanh cua<\/p>\n<p>&#8211; Salad thanh cua<\/p>\n<p>H\u00e3y \u0111\u1eb7t h\u00e0ng ngay, Havamall s\u1ebd giao h\u1ecfa t\u1ed1c v\u00e0 t\u1eb7ng k\u00e8m t\u00fai gi\u1eef nhi\u1ec7t \u0111\u1ea3m b\u1ea3o s\u1ea3n ph\u1ea9m \u0111\u1ebfn tay b\u1ea1n v\u1edbi ch\u1ea5t l\u01b0\u1ee3ng t\u1ed1t nh\u1ea5t.<\/p>\n<p><img loading=\"lazy\" decoding=\"async\" class=\"wp-image-25595 aligncenter\" src=\"https:\/\/havamall.vn\/wp-content\/uploads\/2020\/06\/z3219082115413_53f99513622ba7f1307387aac70b7be6-294x300.jpg\" alt=\"\" width=\"551\" height=\"563\" srcset=\"https:\/\/havamall.vn\/wp-content\/uploads\/2020\/06\/z3219082115413_53f99513622ba7f1307387aac70b7be6-294x300.jpg 294w, https:\/\/havamall.vn\/wp-content\/uploads\/2020\/06\/z3219082115413_53f99513622ba7f1307387aac70b7be6-430x439.jpg 430w, https:\/\/havamall.vn\/wp-content\/uploads\/2020\/06\/z3219082115413_53f99513622ba7f1307387aac70b7be6-150x153.jpg 150w, https:\/\/havamall.vn\/wp-content\/uploads\/2020\/06\/z3219082115413_53f99513622ba7f1307387aac70b7be6-600x612.jpg 600w, https:\/\/havamall.vn\/wp-content\/uploads\/2020\/06\/z3219082115413_53f99513622ba7f1307387aac70b7be6.jpg 605w\" sizes=\"(max-width: 551px) 100vw, 551px\" \/><\/p>","protected":false},"excerpt":{"rendered":"<p>Th\u00f4ng tin s\u1ea3n ph\u1ea9m Th\u01b0\u01a1ng hi\u1ec7u Hansung Fishery Xu\u1ea5t x\u1ee9 H\u00e0n Qu\u1ed1c Th\u00e0nh ph\u1ea7n Surimi c\u00e1 po l\u1eafc 80% (M\u1ef9),<\/p>","protected":false},"featured_media":14954,"comment_status":"open","ping_status":"closed","template":"","meta":[],"product_brand":[],"product_cat":[275,36],"product_tag":[],"class_list":{"0":"post-14939","1":"product","2":"type-product","3":"status-publish","4":"has-post-thumbnail","6":"product_cat-thuc-pham-dong-lanh","7":"product_cat-thuc-pham-tieu-dung","9":"first","10":"outofstock","11":"sale","12":"shipping-taxable","13":"purchasable","14":"product-type-simple"},"_links":{"self":[{"href":"https:\/\/havamall.vn\/en\/wp-json\/wp\/v2\/product\/14939"}],"collection":[{"href":"https:\/\/havamall.vn\/en\/wp-json\/wp\/v2\/product"}],"about":[{"href":"https:\/\/havamall.vn\/en\/wp-json\/wp\/v2\/types\/product"}],"replies":[{"embeddable":true,"href":"https:\/\/havamall.vn\/en\/wp-json\/wp\/v2\/comments?post=14939"}],"version-history":[{"count":0,"href":"https:\/\/havamall.vn\/en\/wp-json\/wp\/v2\/product\/14939\/revisions"}],"wp:featuredmedia":[{"embeddable":true,"href":"https:\/\/havamall.vn\/en\/wp-json\/wp\/v2\/media\/14954"}],"wp:attachment":[{"href":"https:\/\/havamall.vn\/en\/wp-json\/wp\/v2\/media?parent=14939"}],"wp:term":[{"taxonomy":"product_brand","embeddable":true,"href":"https:\/\/havamall.vn\/en\/wp-json\/wp\/v2\/product_brand?post=14939"},{"taxonomy":"product_cat","embeddable":true,"href":"https:\/\/havamall.vn\/en\/wp-json\/wp\/v2\/product_cat?post=14939"},{"taxonomy":"product_tag","embeddable":true,"href":"https:\/\/havamall.vn\/en\/wp-json\/wp\/v2\/product_tag?post=14939"}],"curies":[{"name":"wp","href":"https:\/\/api.w.org\/{rel}","templated":true}]}}