{"id":14929,"date":"2020-06-22T13:11:12","date_gmt":"2020-06-22T06:11:12","guid":{"rendered":"https:\/\/havamall.vn\/?post_type=product&#038;p=14929"},"modified":"2022-10-28T17:19:11","modified_gmt":"2022-10-28T10:19:11","slug":"cha-cua-han-quoc-monster-crab-142gr-monter-crab-crab-stick-142gr","status":"publish","type":"product","link":"https:\/\/havamall.vn\/en\/shop\/cha-cua-han-quoc-monster-crab-142gr-monter-crab-crab-stick-142gr\/","title":{"rendered":"Ch\u1ea3 Cua H\u00e0n Qu\u1ed1c Monster Crab 142gr &#8211; Monter Crab Crab Stick 142gr"},"content":{"rendered":"<p><em><strong>Thanh cua (crab sticks) l\u00e0 m\u1ed9t lo\u1ea1i th\u1ef1c ph\u1ea9m ch\u1ebf bi\u1ebfn \u0111\u01b0\u1ee3c ph\u00e1t minh t\u1eeb H\u00e0n Qu\u1ed1c, l\u00e0m t\u1eeb tinh b\u1ed9t v\u00e0 c\u00e1 tr\u1eafng nghi\u1ec1n m\u1ecbn (surimi) \u0111\u00e3 \u0111\u01b0\u1ee3c \u0111\u1ecbnh h\u00ecnh v\u00e0 ch\u1ebf bi\u1ebfn th\u00e0nh h\u00ecnh d\u1ea1ng th\u1ecbt c\u1ee7a ch\u00e2n cua tuy\u1ebft.\u00a0\u0110\u00e2y l\u00e0 d\u00f2ng s\u1ea3n ph\u1ea9m \u0111\u00f4ng l\u1ea1nh \u0111\u01b0\u1ee3c ch\u1ebf bi\u1ebfn theo c\u00f4ng ngh\u1ec7 \u0111\u1eb7c bi\u1ec7t, gi\u00fap l\u01b0u gi\u1eef h\u01b0\u01a1ng v\u1ecb th\u01a1m ngon.<\/strong><\/em><\/p>\n<h1><strong>\u0110\u1eb7c \u0111i\u1ec3m th\u01b0\u01a1ng hi\u1ec7u<\/strong><\/h1>\n<p>Hansung Fishery \u0111\u01b0\u1ee3c th\u00e0nh l\u1eadp v\u00e0o n\u0103m 1994 v\u00e0 l\u00e0 m\u1ed9t nh\u00e0 m\u00e1y th\u1ef1c ph\u1ea9m ho\u00e0n thi\u1ec7n s\u1ea3n xu\u1ea5t ch\u1ea3 cua, th\u1ecbt cua mu\u1ed1i v\u00e0 l\u00ean men, h\u1ea3i s\u1ea3n, b\u00e1nh c\u00e1 v\u00e0 th\u1ef1c ph\u1ea9m \u0111\u00f4ng l\u1ea1nh. N\u0103m 1996, th\u01b0\u01a1ng hi\u1ec7u \u0111\u00e3 \u0111\u01b0\u1ee3c \u0111\u0103ng k\u00fd l\u00e0 nh\u00e0 m\u00e1y xu\u1ea5t kh\u1ea9u c\u1ee7a EU v\u00e0 \u0111\u1eb7t n\u1ec1n m\u00f3ng cho xu\u1ea5t kh\u1ea9u s\u1ea3n ph\u1ea9m h\u01b0\u01a1ng v\u1ecb t\u1eeb Ch\u00e2u \u00c1\u00a0 \u0111\u1ebfn ch\u00e2u \u00c2u. N\u0103m 2011, Hansung Fishery cho ra m\u1eaft lo\u1ea1i ph\u00f4 mai Crami v\u00e0 thanh cua Crami Leg Type. N\u0103m 2018, Hansung Fishery n\u1ed7 l\u1ef1c li\u00ean t\u1ee5c \u0111\u1ec3 s\u1ea3n xu\u1ea5t nhi\u1ec1u lo\u1ea1i s\u1ea3n ph\u1ea9m kh\u00e1c nhau. Hansung Fishery \u0111ang l\u00e0m h\u1ebft s\u1ee9c m\u00ecnh \u0111\u1ec3 cung c\u1ea5p c\u00e1c s\u1ea3n ph\u1ea9m ch\u1ea5t l\u01b0\u1ee3ng v\u00e0 an to\u00e0n.<\/p>\n<p><img fetchpriority=\"high\" decoding=\"async\" class=\"wp-image-14930 aligncenter\" src=\"https:\/\/havamall.vn\/wp-content\/uploads\/2020\/06\/2696660474_front_8388ea23bb-1-285x300.jpg\" alt=\"\" width=\"541\" height=\"569\" srcset=\"https:\/\/havamall.vn\/wp-content\/uploads\/2020\/06\/2696660474_front_8388ea23bb-1-285x300.jpg 285w, https:\/\/havamall.vn\/wp-content\/uploads\/2020\/06\/2696660474_front_8388ea23bb-1-430x453.jpg 430w, https:\/\/havamall.vn\/wp-content\/uploads\/2020\/06\/2696660474_front_8388ea23bb-1-150x158.jpg 150w, https:\/\/havamall.vn\/wp-content\/uploads\/2020\/06\/2696660474_front_8388ea23bb-1-700x737.jpg 700w, https:\/\/havamall.vn\/wp-content\/uploads\/2020\/06\/2696660474_front_8388ea23bb-1-600x632.jpg 600w, https:\/\/havamall.vn\/wp-content\/uploads\/2020\/06\/2696660474_front_8388ea23bb-1.jpg 720w\" sizes=\"(max-width: 541px) 100vw, 541px\" \/><\/p>\n<p>Hansung \u0111\u00e3 m\u1edf ra m\u1ed9t ch\u01b0\u01a1ng m\u1edbi v\u1ec1 \u0111\u00e1nh c\u00e1 xa b\u1edd \u1edf H\u00e0n Qu\u1ed1c. Th\u00f4ng qua vi\u1ec7c ph\u00e1t tri\u1ec3n li\u00ean t\u1ee5c c\u00e1c ng\u01b0 tr\u01b0\u1eddng v\u00e0 ph\u01b0\u01a1ng ph\u00e1p \u0111\u00e1nh b\u1eaft m\u1edbi, Hansung \u0111\u00e3 cung c\u1ea5p ngu\u1ed3n t\u00e0i nguy\u00ean bi\u1ec3n t\u01b0\u01a1i s\u1ed1ng d\u1ed3i d\u00e0o t\u1eeb \u0110\u1ea1i d\u01b0\u01a1ng Th\u1ebf gi\u1edbi. Hansung l\u00e0 th\u01b0\u01a1ng hi\u1ec7u ti\u00ean phong s\u1ea3n xu\u1ea5t phil\u00ea Pollock Alaska \u1edf H\u00e0n Qu\u1ed1c. K\u1ec3 t\u1eeb \u0111\u00f3, Hansung \u0111\u00e3 n\u1ed7 l\u1ef1c h\u1ebft s\u1ee9c \u0111\u1ec3 ph\u00e1t tri\u1ec3n c\u00e1c s\u1ea3n ph\u1ea9m h\u1ea3i s\u1ea3n ch\u1ea5t l\u01b0\u1ee3ng cao nh\u01b0 S\u1ea3n ph\u1ea9m Surimi cao c\u1ea5p; Crami v\u00e0 c\u00e1c s\u1ea3n ph\u1ea9m h\u1ea3i s\u1ea3n kh\u00e1c nhau.<\/p>\n<p>Hansung Fishery l\u00e0 th\u01b0\u01a1ng hi\u1ec7u h\u1ea3i s\u1ea3n \u0111\u1ea7u ti\u00ean trong ng\u00e0nh th\u1ee7y s\u1ea3n trong n\u01b0\u1edbc \u0111\u00e3 nh\u1eadn \u0111\u01b0\u1ee3c ch\u1ee9ng nh\u1eadn HACCP.<\/p>\n<h1 id=\"nbspbalsamiclg\"><strong>\u0110\u1eb7c \u0111i\u1ec3m n\u1ed5i b\u1eadt c\u1ee7a s\u1ea3n ph\u1ea9m<\/strong><\/h1>\n<p><strong>Th\u00e0nh ph\u1ea7n<\/strong>: Surimi c\u00e1 po l\u1eafc 80% (M\u1ef9), th\u1ecbt c\u00e1, \u0111\u01b0\u1eddng, ch\u1ea5t \u1ed5n \u0111\u1ecbnh, tinh b\u1ed9t khoai t\u00e2y\u00a0 (\u0110\u1ee9c, Ph\u1ea7n Lan), th\u1ecbt cua \u0111\u1ecf ( H\u00e0n Qu\u1ed1c), chi\u1ebft xu\u1ea5t cua 1.54%, mu\u1ed1i tinh, gia v\u1ecb, ch\u1ea5t l\u00e0m d\u1ea7y, d\u1ea7u \u0111\u1eadu n\u00e0nh, khu\u1ea9n l\u00ean men lactic, h\u01b0\u01a1ng cua, chi\u1ebft xu\u1ea5t t\u1ea3o bi\u1ec3n, l\u00f2ng tr\u1eafng tr\u1ee9ng, m\u00e0u t\u1ef1 nhi\u00ean (c\u00e0 chua). Ch\u1ee9a tr\u1ee9ng, b\u1ed9t m\u00ec, cua, c\u00e0 chua<\/p>\n<p><img decoding=\"async\" class=\"wp-image-14931 aligncenter\" src=\"https:\/\/havamall.vn\/wp-content\/uploads\/2020\/06\/28472045_1842862219110780_4002767861019030235_n-300x300.png\" alt=\"\" width=\"762\" height=\"762\" srcset=\"https:\/\/havamall.vn\/wp-content\/uploads\/2020\/06\/28472045_1842862219110780_4002767861019030235_n-300x300.png 300w, https:\/\/havamall.vn\/wp-content\/uploads\/2020\/06\/28472045_1842862219110780_4002767861019030235_n-430x430.png 430w, https:\/\/havamall.vn\/wp-content\/uploads\/2020\/06\/28472045_1842862219110780_4002767861019030235_n-150x150.png 150w, https:\/\/havamall.vn\/wp-content\/uploads\/2020\/06\/28472045_1842862219110780_4002767861019030235_n-700x700.png 700w, https:\/\/havamall.vn\/wp-content\/uploads\/2020\/06\/28472045_1842862219110780_4002767861019030235_n-768x768.png 768w, https:\/\/havamall.vn\/wp-content\/uploads\/2020\/06\/28472045_1842862219110780_4002767861019030235_n-600x600.png 600w, https:\/\/havamall.vn\/wp-content\/uploads\/2020\/06\/28472045_1842862219110780_4002767861019030235_n-100x100.png 100w, https:\/\/havamall.vn\/wp-content\/uploads\/2020\/06\/28472045_1842862219110780_4002767861019030235_n.png 800w\" sizes=\"(max-width: 762px) 100vw, 762px\" \/><\/p>\n<p><strong>Ch\u1ee9a<\/strong>: 110mg canxi rong bi\u1ec3n\/100g s\u1ea3n ph\u1ea9m<\/p>\n<p>670mg ch\u1ea5t x\u01a1\/ 100g s\u1ea3n ph\u1ea9m<\/p>\n<p><img decoding=\"async\" class=\"wp-image-14937 aligncenter\" src=\"https:\/\/havamall.vn\/wp-content\/uploads\/2020\/06\/unnamed-4-2-300x300.jpg\" alt=\"\" width=\"709\" height=\"709\" srcset=\"https:\/\/havamall.vn\/wp-content\/uploads\/2020\/06\/unnamed-4-2-300x300.jpg 300w, https:\/\/havamall.vn\/wp-content\/uploads\/2020\/06\/unnamed-4-2-430x430.jpg 430w, https:\/\/havamall.vn\/wp-content\/uploads\/2020\/06\/unnamed-4-2-150x150.jpg 150w, https:\/\/havamall.vn\/wp-content\/uploads\/2020\/06\/unnamed-4-2-100x100.jpg 100w, https:\/\/havamall.vn\/wp-content\/uploads\/2020\/06\/unnamed-4-2.jpg 512w\" sizes=\"(max-width: 709px) 100vw, 709px\" \/><\/p>\n<p><strong>Kh\u1ed1i l\u01b0\u1ee3ng t\u1ecbnh<\/strong>: 142g\/g\u00f3i<\/p>\n<p><strong>Th\u1eddi h\u1ea1n s\u1eed d\u1ee5ng<\/strong>: 24 th\u00e1ng k\u1ec3 t\u1eeb ng\u00e0y s\u1ea3n xu\u1ea5t.<\/p>\n<p><strong>Ng\u00e0y s\u1ea3n xu\u1ea5t<\/strong>: Tr\u01b0\u1edbc h\u1ea1n s\u1eed d\u1ee5ng 24 th\u00e1ng<\/p>\n<p><img loading=\"lazy\" decoding=\"async\" class=\"wp-image-14932 aligncenter\" src=\"https:\/\/havamall.vn\/wp-content\/uploads\/2020\/06\/2018082702014_0-300x239.jpg\" alt=\"\" width=\"744\" height=\"592\" srcset=\"https:\/\/havamall.vn\/wp-content\/uploads\/2020\/06\/2018082702014_0-300x239.jpg 300w, https:\/\/havamall.vn\/wp-content\/uploads\/2020\/06\/2018082702014_0-430x342.jpg 430w, https:\/\/havamall.vn\/wp-content\/uploads\/2020\/06\/2018082702014_0-150x119.jpg 150w, https:\/\/havamall.vn\/wp-content\/uploads\/2020\/06\/2018082702014_0-600x477.jpg 600w, https:\/\/havamall.vn\/wp-content\/uploads\/2020\/06\/2018082702014_0.jpg 700w\" sizes=\"(max-width: 744px) 100vw, 744px\" \/><\/p>\n<p><strong>H\u01b0\u1edbng d\u1eabn s\u1eed d\u1ee5ng<\/strong>: Ch\u1ea9 cua H\u00e0n Qu\u1ed1c sau khi r\u00e3 \u0111\u00f4ng c\u00f3 th\u1ec3 d\u00f9ng \u0111\u01b0\u1ee3c ngay v\u1edbi n\u01b0\u1edbc t\u01b0\u01a1ng m\u00f9 t\u1ea1t ho\u1eb7c c\u00f3 th\u1ec3 d\u00f9ng ch\u1ebf bi\u1ebfn th\u00e0nh c\u00e1c m\u00f3n \u0103n kh\u00e1c.<br \/>\nNgo\u00e0i ra s\u1ea3n ph\u1ea9m ch\u1ea3 cua n\u00e0y \u0111\u01b0\u1ee3c thi\u1ebft k\u1ebf v\u1edbi chi\u1ec1u d\u00e0i th\u00f4ng th\u01b0\u1eddng c\u1ee7a c\u00e2y kimbap H\u00e0n Qu\u1ed1c n\u00ean v\u00f4 c\u00f9ng thu\u1eadn ti\u1ec7n \u0111\u1ec3 l\u00e0m m\u00f3n \u0103n n\u00e0y.<br \/>\nG\u1ee3i \u00fd m\u00f3n \u0103n:<br \/>\n&#8211; Kimbap<br \/>\n&#8211; Sushi Nh\u1eadt B\u1ea3n<br \/>\n&#8211; Thanh cua h\u1ea5p tr\u1ee9ng<br \/>\n&#8211; B\u1eafp c\u1ea3i x\u00e0o thanh cua<br \/>\n&#8211; S\u00fap thanh cua<br \/>\n&#8211; Salad thanh cua<\/p>\n<p><img loading=\"lazy\" decoding=\"async\" class=\"wp-image-14933 aligncenter\" src=\"https:\/\/havamall.vn\/wp-content\/uploads\/2020\/06\/maxresdefault-300x169.jpg\" alt=\"\" width=\"796\" height=\"448\" srcset=\"https:\/\/havamall.vn\/wp-content\/uploads\/2020\/06\/maxresdefault-300x169.jpg 300w, https:\/\/havamall.vn\/wp-content\/uploads\/2020\/06\/maxresdefault-430x242.jpg 430w, https:\/\/havamall.vn\/wp-content\/uploads\/2020\/06\/maxresdefault-150x84.jpg 150w, https:\/\/havamall.vn\/wp-content\/uploads\/2020\/06\/maxresdefault-700x394.jpg 700w, https:\/\/havamall.vn\/wp-content\/uploads\/2020\/06\/maxresdefault-768x432.jpg 768w, https:\/\/havamall.vn\/wp-content\/uploads\/2020\/06\/maxresdefault-1024x576.jpg 1024w, https:\/\/havamall.vn\/wp-content\/uploads\/2020\/06\/maxresdefault-1200x675.jpg 1200w, https:\/\/havamall.vn\/wp-content\/uploads\/2020\/06\/maxresdefault-600x338.jpg 600w, https:\/\/havamall.vn\/wp-content\/uploads\/2020\/06\/maxresdefault.jpg 1280w\" sizes=\"(max-width: 796px) 100vw, 796px\" \/><\/p>\n<p><em><strong>L\u01b0u \u00fd<\/strong><\/em>:<\/p>\n<ul>\n<li>S\u1ea3n ph\u1ea9m sau khi m\u1edf vui l\u00f2ng b\u1ea3o qu\u1ea3n trong t\u1ee7 l\u1ea1nh ho\u1eb7c d\u00f9ng ngay<\/li>\n<li>Tr\u01b0\u1eddng h\u1ee3p kh\u00f4ng tu\u00e2n theo c\u00e1ch b\u1ea3o qu\u1ea3n ho\u1eb7c l\u00e0m h\u01b0 h\u1ea1i gi\u1ea5y b\u1ecdc th\u00ec c\u00f3 th\u1ec3 s\u1ebd b\u1ecb bi\u1ebfn ch\u1ea5t d\u00f9 v\u1eabn trong th\u1eddi gian s\u1eed d\u1ee5ng<\/li>\n<li>C\u00f3 th\u1ec3 th\u1ea5y ch\u1ea5m \u0111\u1ebfn ho\u1eb7c \u0111\u1ecf \u0111\u00f3 l\u00e0 v\u1ecf n\u00ean qu\u00ed kh\u00e1ch c\u1ee9 y\u00ean t\u00e2m s\u1eed d\u1ee5ng<\/li>\n<\/ul>\n<p><img loading=\"lazy\" decoding=\"async\" class=\"wp-image-14935 aligncenter\" src=\"https:\/\/havamall.vn\/wp-content\/uploads\/2020\/06\/unnamed-1-300x300.jpg\" alt=\"\" width=\"653\" height=\"653\" srcset=\"https:\/\/havamall.vn\/wp-content\/uploads\/2020\/06\/unnamed-1-300x300.jpg 300w, https:\/\/havamall.vn\/wp-content\/uploads\/2020\/06\/unnamed-1-430x430.jpg 430w, https:\/\/havamall.vn\/wp-content\/uploads\/2020\/06\/unnamed-1-150x150.jpg 150w, https:\/\/havamall.vn\/wp-content\/uploads\/2020\/06\/unnamed-1-100x100.jpg 100w, https:\/\/havamall.vn\/wp-content\/uploads\/2020\/06\/unnamed-1.jpg 512w\" sizes=\"(max-width: 653px) 100vw, 653px\" \/><\/p>\n<p><strong>H\u01b0\u1edbng d\u1eabn b\u1ea3o qu\u1ea3n<\/strong>: B\u1ea3o qu\u1ea3n \u0111\u00f4ng l\u1ea1nh (0 \u2013 10 \u0111\u1ed9 C)<\/p>\n<p><strong>Th\u00f4ng tin c\u1ea3nh b\u00e1o<\/strong>: Kh\u00f4ng mua s\u1ea3n ph\u1ea9m khi bao b\u00ec kh\u00f4ng c\u00f2n nguy\u00ean v\u1eb9n.<\/p>\n<p><strong>Xu\u1ea5t x\u1ee9<\/strong>: H\u00e0n Qu\u1ed1c<\/p>\n<p><img loading=\"lazy\" decoding=\"async\" class=\"wp-image-14936 aligncenter\" src=\"https:\/\/havamall.vn\/wp-content\/uploads\/2020\/06\/unnamed-5-225x300.jpg\" alt=\"\" width=\"587\" height=\"783\" srcset=\"https:\/\/havamall.vn\/wp-content\/uploads\/2020\/06\/unnamed-5-225x300.jpg 225w, https:\/\/havamall.vn\/wp-content\/uploads\/2020\/06\/unnamed-5-150x200.jpg 150w, https:\/\/havamall.vn\/wp-content\/uploads\/2020\/06\/unnamed-5.jpg 384w\" sizes=\"(max-width: 587px) 100vw, 587px\" \/><\/p>\n<h4><strong><em>L\u01b0u \u00fd<\/em><\/strong>: Tr\u01b0\u1edbc khi ch\u1ebf bi\u1ebfn n\u00ean r\u00e3 \u0111\u00f4ng s\u1ea3n ph\u1ea9m tr\u01b0\u1edbc \u00edt nh\u1ea5t t\u1eeb\u00a010 \u0111\u1ebfn 15 ph\u00fat.<\/h4>\n<div><\/div>\n<div><strong>H\u01b0\u1edbng d\u1eabn r\u00e3 \u0111\u00f4ng thanh cua<\/strong><\/div>\n<div>Kh\u00f4ng n\u00ean r\u00e3 \u0111\u00f4ng thanh cua trong n\u01b0\u1edbc n\u00f3ng, ho\u1eb7c r\u00e3 \u0111\u00f4ng b\u1eb1ng nhi\u1ec7t \u0111\u1ed9 cao s\u1ebd l\u00e0m nhanh h\u1ecfng s\u1ea3n ph\u1ea9m. Nh\u1eefng h\u01b0\u1edbng d\u1eabn d\u01b0\u1edbi \u0111\u00e2y\u00a0s\u1ebd gi\u00fap b\u1ea1n r\u00e3 \u0111\u00f4ng\u00a0thanh cua \u0111\u00fang c\u00e1ch, \u0111\u1ed3ng th\u1eddi duy tr\u00ec h\u01b0\u01a1ng v\u1ecb v\u00e0 c\u00e1c \u0111\u1eb7c t\u00ednh t\u1ed1t cho s\u1ee9c kh\u1ecfe.<\/div>\n<div>1. M\u1ed9t v\u00e0i gi\u1edd tr\u01b0\u1edbc khi n\u1ea5u, chuy\u1ec3n thanh cua t\u1eeb ng\u0103n \u0111\u00f4ng sang ng\u0103n l\u1ea1nh.<\/div>\n<div>2. N\u1ebfu c\u1ea7n l\u00e0m salad, c\u00f3 th\u1ec3 r\u00e3 \u0111\u00f4ng thanh cua b\u1eb1ng nhi\u1ec7t \u0111\u1ed9 ph\u00f2ng.<\/div>","protected":false},"excerpt":{"rendered":"<ul>\n<li><strong>Thanh cua (crab<\/strong><strong> sti<\/strong><strong>cks)<\/strong><strong> l\u00e0 m\u1ed9t lo\u1ea1i th\u1ef1c ph\u1ea9m ch\u1ebf bi\u1ebfn \u0111\u01b0\u1ee3c ph\u00e1t minh t\u1eeb H\u00e0n Qu\u1ed1c.<\/strong><\/li>\n<li><strong>L\u00e0m t\u1eeb tinh b\u1ed9t v\u00e0 c\u00e1 tr\u1eafng nghi\u1ec1n m\u1ecbn (surimi) \u0111\u00e3 \u0111\u01b0\u1ee3c \u0111\u1ecbnh h\u00ecnh v\u00e0 ch\u1ebf bi\u1ebfn th\u00e0nh h\u00ecnh d\u1ea1ng th\u1ecbt c\u1ee7a ch\u00e2n cua tuy\u1ebft.\u00a0<\/strong><\/li>\n<li><strong>\u0110\u00e2y l\u00e0 d\u00f2ng s\u1ea3n ph\u1ea9m \u0111\u00f4ng l\u1ea1nh \u0111\u01b0\u1ee3c ch\u1ebf bi\u1ebfn theo c\u00f4ng ngh\u1ec7 \u0111\u1eb7c bi\u1ec7t, gi\u00fap l\u01b0u gi\u1eef h\u01b0\u01a1ng v\u1ecb th\u01a1m ngon.<\/strong><\/li>\n<\/ul>","protected":false},"featured_media":14938,"comment_status":"open","ping_status":"closed","template":"","meta":[],"product_brand":[],"product_cat":[275,36],"product_tag":[],"class_list":{"0":"post-14929","1":"product","2":"type-product","3":"status-publish","4":"has-post-thumbnail","6":"product_cat-thuc-pham-dong-lanh","7":"product_cat-thuc-pham-tieu-dung","9":"first","10":"outofstock","11":"sale","12":"shipping-taxable","13":"purchasable","14":"product-type-simple"},"_links":{"self":[{"href":"https:\/\/havamall.vn\/en\/wp-json\/wp\/v2\/product\/14929"}],"collection":[{"href":"https:\/\/havamall.vn\/en\/wp-json\/wp\/v2\/product"}],"about":[{"href":"https:\/\/havamall.vn\/en\/wp-json\/wp\/v2\/types\/product"}],"replies":[{"embeddable":true,"href":"https:\/\/havamall.vn\/en\/wp-json\/wp\/v2\/comments?post=14929"}],"version-history":[{"count":0,"href":"https:\/\/havamall.vn\/en\/wp-json\/wp\/v2\/product\/14929\/revisions"}],"wp:featuredmedia":[{"embeddable":true,"href":"https:\/\/havamall.vn\/en\/wp-json\/wp\/v2\/media\/14938"}],"wp:attachment":[{"href":"https:\/\/havamall.vn\/en\/wp-json\/wp\/v2\/media?parent=14929"}],"wp:term":[{"taxonomy":"product_brand","embeddable":true,"href":"https:\/\/havamall.vn\/en\/wp-json\/wp\/v2\/product_brand?post=14929"},{"taxonomy":"product_cat","embeddable":true,"href":"https:\/\/havamall.vn\/en\/wp-json\/wp\/v2\/product_cat?post=14929"},{"taxonomy":"product_tag","embeddable":true,"href":"https:\/\/havamall.vn\/en\/wp-json\/wp\/v2\/product_tag?post=14929"}],"curies":[{"name":"wp","href":"https:\/\/api.w.org\/{rel}","templated":true}]}}