{"id":14927,"date":"2020-06-22T10:40:57","date_gmt":"2020-06-22T03:40:57","guid":{"rendered":"https:\/\/havamall.vn\/?post_type=product&#038;p=14927"},"modified":"2025-03-20T16:40:33","modified_gmt":"2025-03-20T09:40:33","slug":"giam-nho-den-nguyen-chat-la-rambla-250ml-balsamic-vinegar-of-modena-la-rambla-500ml","status":"publish","type":"product","link":"https:\/\/havamall.vn\/en\/shop\/giam-nho-den-nguyen-chat-la-rambla-250ml-balsamic-vinegar-of-modena-la-rambla-500ml\/","title":{"rendered":"Gi\u1ea5m Nho \u0110en Nguy\u00ean Ch\u1ea5t La Rambla 250ml \u2013 Balsamic Vinegar of Modena La Rambla 250ml"},"content":{"rendered":"<p><strong>Gi\u1ea5m l\u00e0 lo\u1ea1i gia v\u1ecb ph\u1ed5 bi\u1ebfn v\u1edbi h\u1ea7u h\u1ebft m\u1ecdi ng\u01b0\u1eddi. Nh\u01b0ng v\u1edbi lo\u1ea1i\u00a0gi\u1ea5m balsamic (hay c\u00f2n g\u1ecdi l\u00e0 gi\u1ea5m nho \u0111en) tinh t\u00fay \u0111\u1ebfn t\u1eeb v\u00f9ng B\u1eafc \u00dd, th\u00ec ch\u1ec9 c\u00f3 gi\u1edbi qu\u00fd t\u1ed9c \u00dd ho\u1eb7c nh\u1eefng ng\u01b0\u1eddi nhi\u1ec1u ti\u1ec1n m\u1edbi \u0111\u1ee7 \u201ckh\u1ea3 n\u0103ng\u201d \u0111\u1ec3 th\u01b0\u1edfng th\u1ee9c.<\/strong><\/p>\n<h1><strong>\u0110\u1eb7c \u0111i\u1ec3m th\u01b0\u01a1ng hi\u1ec7u<\/strong><\/h1>\n<p><strong>La Rambla<\/strong>\u00a0l\u00e0 th\u01b0\u01a1ng hi\u1ec7u c\u1ee7a T\u00e2y Ban Nha \u0111\u01b0\u1ee3c th\u00e0nh l\u1eadp b\u1edfi c\u00e1c chuy\u00ean gia g\u1ea1o c\u1ed9i trong ng\u00e0nh v\u1edbi h\u01a1n 20 n\u0103m kinh nghi\u1ec7m \u1edf l\u0129nh v\u1ef1c s\u1ea3n xu\u1ea5t v\u00e0 xu\u1ea5t kh\u1ea9u c\u00e1c lo\u1ea1i th\u1ef1c ph\u1ea9m thi\u00ean nhi\u00ean, m\u00e0 \u0111\u1eb7c bi\u1ec7t l\u00e0 d\u1ea7u \u00f4 liu, qu\u1ea3 \u00f4 liu v\u00e0 gi\u1ea5m. Th\u01b0\u01a1ng hi\u1ec7u La Rambla \u0111\u00e3 c\u00f3 m\u1eb7t tr\u00ean 20 qu\u1ed1c gia tr\u00ean to\u00e0n th\u1ebf gi\u1edbi. Stella Kinetics l\u00e0 nh\u00e0 ph\u00e2n ph\u1ed1i \u0111\u1ed9c quy\u1ec1n c\u1ee7a La Rambla tr\u00ean th\u1ecb tr\u01b0\u1eddng Vi\u1ec7t Nam.<\/p>\n<p>T\u1ea5t c\u1ea3 s\u1ea3n ph\u1ea9m c\u1ee7a La Rambla \u0111\u1ec1u c\u00f3 ngu\u1ed3n g\u1ed1c t\u1eeb thi\u00ean nhi\u00ean, \u0111\u01b0\u1ee3c La Rambla l\u1ef1a ch\u1ecdn t\u1eeb c\u00e1c ngu\u1ed3n \u00f4 liu v\u00e0 tr\u00e1i c\u00e2y n\u1ed5i ti\u1ebfng v\u1ec1 ch\u1ea5t l\u01b0\u1ee3ng t\u1ea1i T\u00e2y Ban Nha v\u00e0 c\u00e1c n\u01b0\u1edbc Ch\u00e2u \u00c2u.\u00a0 \u0110\u1ec3 \u0111\u1ea3m b\u1ea3o t\u1ea5t c\u1ea3 c\u00e1c s\u1ea3n ph\u1ea9m \u0111\u1ec1u \u0111\u1ea1t ch\u1ea5t l\u01b0\u1ee3ng cao nh\u1ea5t khi \u0111\u1ebfn tay ng\u01b0\u1eddi ti\u00eau d\u00f9ng, trong qu\u00e1 tr\u00ecnh s\u1ea3n xu\u1ea5t lu\u00f4n \u0111\u01b0\u1ee3c la Rambla ki\u1ec3m so\u00e1t m\u1ed9t c\u00e1ch nghi\u00eam ng\u1eb7t trong t\u1eebng kh\u00e2u. \u0110\u1ed3ng th\u1eddi, La Rambla mong mu\u1ed1n mang l\u1ea1i cho ng\u01b0\u1eddi ti\u00eau d\u00f9ng nh\u1eefng s\u1ea3n ph\u1ea9m ch\u1ea5t l\u01b0\u1ee3ng v\u1edbi gi\u00e1 c\u1ea3 h\u1ee3p l\u00fd nh\u1ea5t \u2013 \u0111\u1ec3 t\u1ea5t c\u1ea3 m\u1ecdi ng\u01b0\u1eddi \u0111\u1ec1u c\u00f3 th\u1ec3 mua \u0111\u01b0\u1ee3c khi c\u1ea7n.<\/p>\n<p><img fetchpriority=\"high\" decoding=\"async\" class=\"wp-image-14144 aligncenter\" src=\"https:\/\/havamall.vn\/wp-content\/uploads\/2025\/03\/1208702_165934253609494_1298701822_n-300x300.jpg\" alt=\"\" width=\"479\" height=\"478\" \/><\/p>\n<h3 id=\"nbspbalsamiclg\"><strong>\u0110\u1eb7c \u0111i\u1ec3m n\u1ed5i b\u1eadt c\u1ee7a s\u1ea3n ph\u1ea9m<\/strong><\/h3>\n<p>Gi\u1ea5m Nho \u0110en Balsamic La Rambla l\u00e0 m\u1ed9t lo\u1ea1i gi\u1ea5m \u0111\u1eb7c bi\u1ec7t c\u00f3 xu\u1ea5t x\u1ee9 t\u1eeb v\u00f9ng Emilia \u2013 Romagma (mi\u1ec1n B\u1eafc n\u01b0\u1edbc \u00dd), c\u00f3 m\u00e0u \u0111en \u0111\u1eb7c tr\u01b0ng \u2013 kh\u00e1c v\u1edbi c\u00e1c lo\u1ea1i gi\u1ea5m th\u00f4ng th\u01b0\u1eddng kh\u00e1c. Gi\u1ea5m Nho \u0110en \u0111\u01b0\u1ee3c g\u1ecdi v\u1edbi bi\u1ec7t danh l\u00e0 \u201cgi\u1ea5m vua\u201d \u2013 \u201cgi\u1ea5m qu\u00fd t\u1ed9c\u201d b\u1edfi quy tr\u00ecnh s\u1ea3n xu\u1ea5t v\u00f4 c\u00f9ng c\u00f4ng phu \u2013 ch\u1ea5t l\u01b0\u1ee3ng h\u1ea3o h\u1ea1ng t\u1eeb th\u01b0\u01a1ng hi\u1ec7u La Rambla \u2013 th\u01b0\u01a1ng hi\u1ec7u n\u1ed5i ti\u1ebfng v\u00e0 \u0111\u01b0\u1ee3c tin d\u00f9ng \u1edf x\u1ee9 s\u1edf n\u01b0\u1edbc T\u00e2y Ban Nha<\/p>\n<p><img decoding=\"async\" class=\"aligncenter\" src=\"https:\/\/havamall.vn\/wp-content\/uploads\/2025\/03\/Balsamic-la-gi-03-300x198.png\" width=\"824\" height=\"544\" \/><\/p>\n<p>Gi\u1ea5m Nho \u0110en Balsamic La Rambla \u0111\u01b0\u1ee3c h\u00ecnh th\u00e0nh t\u1eeb s\u1ef1 l\u00ean men t\u1ef1 nhi\u00ean c\u1ee7a r\u01b0\u1ee3u, c\u00f3 v\u1ecb chua. Th\u00e0nh ph\u1ea7n ch\u00ednh l\u00e0 acid acetic n\u1ed3ng \u0111\u1ed9 kho\u1ea3ng 5%. Tuy gi\u1ea5m b\u00ecnh th\u01b0\u1eddng r\u1ea5t th\u00e2n thu\u1ed9c \u0111\u1ebfn m\u1ee9c \u201cb\u00ecnh d\u00e2n\u201d trong m\u1eaft nhi\u1ec1u ng\u01b0\u1eddi v\u00ec\u00a0v\u1eeba ti\u1ec7n d\u1ee5ng v\u1eeba r\u1ebb. Nh\u01b0ng Gi\u1ea5m Nho \u0110en Balsamic La Rambla \u0111\u01b0\u1ee3c gi\u1edbi s\u00e0nh \u0103n x\u01b0ng t\u1ee5ng\u00a0 l\u00e0 gi\u1ea5m \u201cvua\u201d\u00a0v\u00ec ch\u1ea5t l\u01b0\u1ee3ng, v\u1edbi qui tr\u00ecnh s\u1ea3n xu\u1ea5t c\u00f4ng phu, \u0111\u1ea3m b\u1ea3o an to\u00e0n v\u1ec7 sinh th\u1ef1c ph\u1ea9m c\u1ee7a th\u01b0\u01a1ng hi\u1ec7u La Rambla<\/p>\n<p>C\u00e1ch l\u00e0m gi\u1ea5m nho \u0111en kh\u00f4ng gi\u1ed1ng c\u00e1ch l\u00e0m r\u01b0\u1ee3u vang. N\u01b0\u1edbc \u00e9p nho \u0111\u01b0\u1ee3c \u0111un cho b\u1ed1c h\u01a1i n\u01b0\u1edbc t\u1eeb 12 \u2013 20 ti\u1ebfng cho \u0111\u1ebfn khi n\u01b0\u1edbc nho c\u00f4 l\u1ea1i. L\u00fac n\u00e0y n\u01b0\u1edbc nho c\u00f4 l\u1ea1i ch\u1ec9 c\u00f2n 1\/2 hay 1\/3. K\u1ebf ti\u1ebfp l\u00e0 giai \u0111o\u1ea1n cho l\u00ean men k\u00e9o d\u00e0i t\u1eeb 2-4 n\u0103m. V\u00e0 \u0111\u1ec3 cho ra \u0111\u1eddi 1 l\u00edt gi\u1ea5m lo\u1ea1i truy\u1ec1n th\u1ed1ng ph\u1ea3i m\u1ea5t g\u1ea7n 100 l\u00edt n\u01b0\u1edbc \u00e9p nho.<\/p>\n<p><img decoding=\"async\" class=\"aligncenter\" src=\"https:\/\/havamall.vn\/wp-content\/uploads\/2025\/03\/Balsamic-la-gi-04-300x200.png\" width=\"766\" height=\"510\" \/><\/p>\n<p>H\u01b0\u01a1ng v\u1ecb c\u1ee7a gi\u1ea5m balsamic ch\u00ednh hi\u1ec7u ngo\u00e0i v\u1ecb chua \u0111\u1eb7c tr\u01b0ng \u0111\u1eadm \u0111\u00e0\u00a0c\u00f2n c\u00f3 v\u1ecb ng\u1ecdt r\u1ea5t \u0111\u1eb7c bi\u1ec7t\u00a0m\u00e0 nh\u1eefng ng\u01b0\u1eddi nh\u1ea1y v\u1ecb gi\u00e1c c\u00f3 th\u1ec3 ph\u00e1t hi\u1ec7n. M\u1ed9t s\u1ed1 n\u01a1i cho th\u00eam m\u1eadt ong v\u00e0o \u0111\u1ec3 t\u0103ng v\u1ecb ng\u1ecdt n\u00e0y, nh\u01b0ng n\u1ebfu s\u1ea3n xu\u1ea5t theo c\u00e1ch truy\u1ec1n th\u1ed1ng s\u1ebd kh\u00f4ng c\u1ea7n \u0111\u1ebfn v\u00ec v\u1ecb ng\u1ecdt \u0111\u1ebfn t\u1eeb ch\u1ea5t li\u1ec7u g\u1ed7 m\u00e0 gi\u1ea5m \u0111\u01b0\u1ee3c \u01b0\u1edbp v\u00e0o.<\/p>\n<h3 id=\"ngdnggimbalsamictrongmthc\"><strong>C\u00e1ch s\u1eed d\u1ee5ng gi\u1ea5m<\/strong><\/h3>\n<p>Trong c\u00e1c Kh\u00e1ch s\u1ea1n \u2013 Nh\u00e0 h\u00e0ng, gi\u1ea5m Balsamic th\u01b0\u1eddng \u0111\u01b0\u1ee3c c\u00e1c \u0111\u1ea7u b\u1ebfp s\u1eed d\u1ee5ng trong ch\u1ebf bi\u1ebfn c\u00e1c m\u00f3n \u00c2u, \u0111\u1eb7c bi\u1ec7t l\u00e0 m\u00f3n \u00dd hay m\u00f3n n\u1ea5u theo phong c\u00e1ch \u0110\u1ecba Trung H\u1ea3i. Gi\u1ea5m nho \u0111en th\u01b0\u1eddng \u0111\u01b0\u1ee3c pha v\u1edbi d\u1ea7u oliu \u0111\u1ec3 ch\u1ea5m b\u00e1nh m\u00ec, l\u00e0m gia v\u1ecb \u01b0\u1edbp c\u00e1c m\u00f3n th\u1ecbt n\u01b0\u1edbng, pha s\u1ed1t tr\u1ed9n salad, l\u00e0m n\u01b0\u1edbc s\u1ed1t cho c\u00e1c m\u00f3n \u00e1p ch\u1ea3o \u2013 m\u00f3n x\u00e0o\u2026<\/p>\n<p><img loading=\"lazy\" decoding=\"async\" class=\"aligncenter\" src=\"https:\/\/havamall.vn\/wp-content\/uploads\/2025\/03\/Balsamic-la-gi-01-300x196.png\" width=\"801\" height=\"523\" \/><\/p>\n<p><strong>C\u00e1ch s\u1eed d\u1ee5ng:<\/strong><br \/>\n\u2013 R\u01b0\u1edbi l\u00ean m\u00f3n salad, s\u00fap, m\u00f3n h\u1ea7m v\u00e0 m\u1ef3<br \/>\n\u2013 Tr\u1ed9n x\u00e0 l\u00e1ch c\u00f9ng v\u1edbi d\u1ea7u \u00f4 liu<br \/>\n\u2013 Thay cho r\u01b0\u1ee3u vang \u0111\u1ecf khi l\u00e0m n\u01b0\u1edbc s\u1ed1t th\u1ecbt<\/p>\n<h3 id=\"ngdnggimbalsamictrongmthc\"><strong>C\u00f4ng d\u1ee5ng c\u1ee7a gi\u1ea5m \u0111en<\/strong><\/h3>\n<p>-K\u00edch th\u00edch ti\u00eau h\u00f3a<\/p>\n<p><span id=\"Ho_tro_sat_khuan_duong_ruot\" class=\"ez-toc-section\"><\/span>-H\u1ed7 tr\u1ee3 s\u00e1t khu\u1ea9n \u0111\u01b0\u1eddng ru\u1ed9t<\/p>\n<p><span id=\"Tang_hap_thu_canxi\" class=\"ez-toc-section\"><\/span>-T\u0103ng h\u1ea5p th\u1ee5 canxi<\/p>\n<p><span id=\"Giam_giu_lai_vitamin_C_trong_thuc_an\" class=\"ez-toc-section\"><\/span>-Gi\u1ea5m gi\u1eef l\u1ea1i vitamin C trong th\u1ee9c \u0103n<\/p>\n<p><span id=\"Dau_bung_do_giun\" class=\"ez-toc-section\"><\/span>-\u0110au b\u1ee5ng do giun<\/p>\n<p><span id=\"Giup_de_ngu\" class=\"ez-toc-section\"><\/span>-Gi\u00fap d\u1ec5 ng\u1ee7<\/p>\n<p><span id=\"Ho_tro_chua_tao_bon\" class=\"ez-toc-section\"><\/span>-H\u1ed7 tr\u1ee3 ch\u1eefa t\u00e1o b\u00f3n<\/p>\n<p><span id=\"Giam_tot_cho_nguoi_mac_benh_gan\" class=\"ez-toc-section\"><\/span>-Gi\u1ea5m t\u1ed1t cho ng\u01b0\u1eddi m\u1eafc b\u1ec7nh gan<\/p>\n<p><span id=\"Giam_beo\" class=\"ez-toc-section\"><\/span>-Gi\u1ea3m b\u00e9o<\/p>\n<p>H\u00e3y l\u1ef1a ch\u1ecdn Havamall l\u00e0m n\u01a1i \u201cch\u1ecdn m\u1eb7t g\u1eedi v\u00e0ng\u201d khi mua c\u00e1c s\u1ea3n ph\u1ea9m \u0111\u01b0\u1ee3c nh\u1eadp kh\u1ea9u t\u1eeb n\u01b0\u1edbc ngo\u00e0i \u0111\u1ec3 \u0111\u1ea3m b\u1ea3o ch\u1ea5t l\u01b0\u1ee3ng ho\u00e0n h\u1ea3o nh\u00e9.<\/p>","protected":false},"excerpt":{"rendered":"<ul class=\"list\">\n<li>S\u1ea3n ph\u1ea9m \u0111\u01b0\u1ee3c chi\u1ebft xu\u1ea5t 100% nguy\u00ean ch\u1ea5t t\u1eeb nho \u0111en tuy\u1ec3n ch\u1ecdn t\u1eeb T\u00e2y Ban Nha<\/li>\n<li>S\u1ea3n ph\u1ea9m \u0111\u01b0\u1ee3c \u0111\u00f3ng chai th\u1ee7y tinh ti\u1ec7n d\u1ee5ng, s\u1ea1ch s\u1ebd.<\/li>\n<li>Gi\u1ea5m t\u00e1o nguy\u00ean ch\u1ea5t La Rambla \u0111\u01b0\u1ee3c s\u1ea3n xu\u1ea5t theo c\u00f4ng ngh\u1ec7 hi\u1ec7n \u0111\u1ea1i, kh\u00e9p k\u00edn.<\/li>\n<li>Gi\u1ea5m t\u00e1o La Rambla \u0111\u01b0\u1ee3c nh\u1eadp kh\u1ea9u nguy\u00ean chai t\u1eeb T\u00e2y Ban Nha.<\/li>\n<\/ul>","protected":false},"featured_media":14928,"comment_status":"open","ping_status":"closed","template":"","meta":[],"product_brand":[],"product_cat":[683,36,143],"product_tag":[],"class_list":{"0":"post-14927","1":"product","2":"type-product","3":"status-publish","4":"has-post-thumbnail","6":"product_cat-nhap-khau-tay-ban-nha","7":"product_cat-thuc-pham-tieu-dung","8":"product_cat-thuc-pham-dong-hop","9":"pa_brand-la-rambla","11":"first","12":"instock","13":"sale","14":"shipping-taxable","15":"purchasable","16":"product-type-simple"},"_links":{"self":[{"href":"https:\/\/havamall.vn\/en\/wp-json\/wp\/v2\/product\/14927"}],"collection":[{"href":"https:\/\/havamall.vn\/en\/wp-json\/wp\/v2\/product"}],"about":[{"href":"https:\/\/havamall.vn\/en\/wp-json\/wp\/v2\/types\/product"}],"replies":[{"embeddable":true,"href":"https:\/\/havamall.vn\/en\/wp-json\/wp\/v2\/comments?post=14927"}],"version-history":[{"count":0,"href":"https:\/\/havamall.vn\/en\/wp-json\/wp\/v2\/product\/14927\/revisions"}],"wp:featuredmedia":[{"embeddable":true,"href":"https:\/\/havamall.vn\/en\/wp-json\/wp\/v2\/media\/14928"}],"wp:attachment":[{"href":"https:\/\/havamall.vn\/en\/wp-json\/wp\/v2\/media?parent=14927"}],"wp:term":[{"taxonomy":"product_brand","embeddable":true,"href":"https:\/\/havamall.vn\/en\/wp-json\/wp\/v2\/product_brand?post=14927"},{"taxonomy":"product_cat","embeddable":true,"href":"https:\/\/havamall.vn\/en\/wp-json\/wp\/v2\/product_cat?post=14927"},{"taxonomy":"product_tag","embeddable":true,"href":"https:\/\/havamall.vn\/en\/wp-json\/wp\/v2\/product_tag?post=14927"}],"curies":[{"name":"wp","href":"https:\/\/api.w.org\/{rel}","templated":true}]}}