{"id":14915,"date":"2020-06-17T12:02:02","date_gmt":"2020-06-17T05:02:02","guid":{"rendered":"https:\/\/havamall.vn\/?post_type=product&#038;p=14915"},"modified":"2021-06-24T15:16:43","modified_gmt":"2021-06-24T08:16:43","slug":"nuoc-tra-nho-kho-lotte-500ml-lotte-korean-raisin-tea-grape-500ml","status":"publish","type":"product","link":"https:\/\/havamall.vn\/en\/shop\/nuoc-tra-nho-kho-lotte-500ml-lotte-korean-raisin-tea-grape-500ml\/","title":{"rendered":"N\u01b0\u1edbc Tr\u00e0 Nho Kh\u00f4 Lotte 500ml &#8211; Lotte Korean Raisin Tea Grape 500ml"},"content":{"rendered":"<h1><strong>\u0110\u1eb7c \u0111i\u1ec3m th\u01b0\u01a1ng hi\u1ec7u<\/strong><\/h1>\n<p>T\u00ean th\u01b0\u01a1ng hi\u1ec7u\u00a0<em><strong>\u201cChilsung\u201d<\/strong><\/em>\u00a0c\u00f3 \u00fd ngh\u0129a l\u00e0 B\u1eafc \u0110\u1ea9u, ngh\u0129a \u0111en l\u00e0 \u201cb\u1ea3y ng\u00f4i sao\u201d.<\/p>\n<p>Chilsung Cider l\u00e0 n\u01b0\u1edbc gi\u1ea3i kh\u00e1t c\u00f3 ga h\u00e0ng \u0111\u1ea7u c\u1ee7a H\u00e0n Qu\u1ed1c v\u1edbi l\u1ecbch s\u1eed ho\u1ea1t \u0111\u1ed9ng h\u01a1n n\u1eeda th\u1ebf k\u1ef7. K\u1ec3 t\u1eeb khi th\u00e0nh l\u1eadp v\u00e0 ra m\u1eaft Chilsung Cider, m\u1ed9t lo\u1ea1i n\u01b0\u1edbc gi\u1ea3i kh\u00e1t c\u00f3 v\u1ecb chanh v\u00e0o n\u0103m 1950, N\u01b0\u1edbc gi\u1ea3i kh\u00e1t Lotte Chilsung \u0111\u00e3 li\u00ean t\u1ee5c ph\u00e1t tri\u1ec3n v\u00e0 li\u00ean t\u1ee5c tung ra c\u00e1c s\u1ea3n ph\u1ea9m \u0111\u1ed3 u\u1ed1ng c\u00f3 ga, n\u01b0\u1edbc tr\u00e1i c\u00e2y, c\u00e0 ph\u00ea, tr\u00e0 v\u00e0 n\u01b0\u1edbc su\u1ed1i. V\u00e0o gi\u1eefa nh\u1eefng n\u0103m 1970, c\u00f4ng ty \u0111\u00e3 \u0111\u1ea1t \u0111\u01b0\u1ee3c s\u1ef1 nh\u1eadn di\u1ec7n c\u1ee7a qu\u1ed1c t\u1ebf v\u00e0 k\u00fd k\u1ebft h\u1ee3p \u0111\u1ed3ng v\u1edbi c\u00e1c c\u00f4ng ty M\u1ef9 nh\u01b0 Pepsi. V\u00e0o cu\u1ed1i nh\u1eefng n\u0103m 1990, Lotte Chilsung \u0111\u00e3 tr\u1edf th\u00e0nh c\u00f4ng ty n\u01b0\u1edbc gi\u1ea3i kh\u00e1t l\u1edbn nh\u1ea5t ch\u00e2u \u00c1, chi\u1ebfm 35% th\u1ecb ph\u1ea7n trong n\u01b0\u1edbc.<\/p>\n<p><img fetchpriority=\"high\" decoding=\"async\" class=\"wp-image-14898 aligncenter\" src=\"https:\/\/havamall.vn\/wp-content\/uploads\/2020\/06\/product_view0101_banner-2-300x155.jpg\" alt=\"\" width=\"903\" height=\"467\" srcset=\"https:\/\/havamall.vn\/wp-content\/uploads\/2020\/06\/product_view0101_banner-2-300x155.jpg 300w, https:\/\/havamall.vn\/wp-content\/uploads\/2020\/06\/product_view0101_banner-2-430x222.jpg 430w, https:\/\/havamall.vn\/wp-content\/uploads\/2020\/06\/product_view0101_banner-2-150x77.jpg 150w, https:\/\/havamall.vn\/wp-content\/uploads\/2020\/06\/product_view0101_banner-2-700x361.jpg 700w, https:\/\/havamall.vn\/wp-content\/uploads\/2020\/06\/product_view0101_banner-2-768x396.jpg 768w, https:\/\/havamall.vn\/wp-content\/uploads\/2020\/06\/product_view0101_banner-2-1024x528.jpg 1024w, https:\/\/havamall.vn\/wp-content\/uploads\/2020\/06\/product_view0101_banner-2-1200x619.jpg 1200w, https:\/\/havamall.vn\/wp-content\/uploads\/2020\/06\/product_view0101_banner-2-600x309.jpg 600w\" sizes=\"(max-width: 903px) 100vw, 903px\" \/><\/p>\n<h1><strong>\u0110\u1eb7c \u0111i\u1ec3m n\u1ed5i b\u1eadt c\u1ee7a s\u1ea3n ph\u1ea9m<\/strong><\/h1>\n<p id=\"tw-target-text\" class=\"tw-data-text tw-text-large XcVN5d tw-ta\" dir=\"ltr\"><span lang=\"vi\">Tr\u00e0 nho kh\u00f4 H\u00e0n Qu\u1ed1c \u0111\u01b0\u1ee3c \u1ee7 v\u00e0 \u0111\u00f3ng chai v\u1edbi ch\u1ea5t l\u01b0\u1ee3ng cao. \u0110\u1ed3 u\u1ed1ng l\u00e0nh m\u1ea1nh kh\u00f4ng \u0111\u01b0\u1eddng v\u00e0 \u0111em l\u1ea1i nhi\u1ec1u l\u1ee3i \u00edch bao g\u1ed3m kh\u1eed \u0111\u1ed9c t\u1ed1, h\u1ea1 \u0111\u01b0\u1eddng huy\u1ebft, c\u1ea3i thi\u1ec7n l\u01b0u th\u00f4ng m\u00e1u v\u00e0 l\u00e0m \u0111\u1eb9p da.<\/span><\/p>\n<p><strong>Th\u00e0nh ph\u1ea7n<\/strong>: n\u01b0\u1edbc tinh khi\u1ebft, chi\u1ebft xu\u1ea5t nho kh\u00f4 ph\u01b0\u01a1ng \u0111\u00f4ng, chi\u1ebft xu\u1ea5t s\u1eafn d\u00e2y, ch\u1ea5t \u0111i\u1ec1u ch\u1ec9nh \u0111\u1ed9 axit, ch\u1ea5t ch\u1ed1ng oxy h\u00f3a, h\u01b0\u01a1ng li\u1ec7u t\u1ed5ng h\u1ee3p (h\u01b0\u01a1ng tr\u00e0 t\u1ed5ng h\u1ee3p)<\/p>\n<p><strong>Th\u1eddi h\u1ea1n s\u1eed d\u1ee5ng s\u1ea3n ph\u1ea9m<\/strong>: 12 th\u00e1ng.<\/p>\n<p><strong>Ng\u00e0y s\u1ea3n xu\u1ea5t<\/strong>: Xem tr\u00ean bao b\u00ec<\/p>\n<p><strong>Quy c\u00e1ch \u0111\u00f3ng g\u00f3i v\u00e0 ch\u1ea5t li\u1ec7u bao b\u00ec<\/strong>: S\u1ea3n ph\u1ea9m \u0111\u01b0\u1ee3c \u0111\u1ef1ng trong chai nh\u1ef1a PET. Bao b\u00ec \u0111\u1ea3m b\u1ea3o an to\u00e0n trong th\u1ef1c ph\u1ea9m theo quy \u0111\u1ecbnh c\u1ee7a b\u1ed9 y t\u1ebf.<\/p>\n<p><strong>Th\u1ec3 t\u00edch th\u1ef1c<\/strong>: 500ml\/chai<\/p>\n<p><strong>H\u01b0\u1edbng d\u1eabn s\u1eed d\u1ee5ng<\/strong>: D\u00f9ng u\u1ed1ng tr\u1ef1c ti\u1ebfp, ngon h\u01a1n khi u\u1ed1ng l\u1ea1nh.<\/p>\n<p><strong>H\u01b0\u1edbng d\u1eabn b\u1ea3o qu\u1ea3n<\/strong>: B\u1ea3o qu\u1ea3n n\u01a1i tho\u00e1ng m\u00e1t, tr\u00e1nh nhi\u1ec7t \u0111\u1ed9 cao v\u1ea7 \u00e1nh n\u1eafng tr\u1ef1c ti\u1ebfp, sau khi m\u1edf n\u1eafp n\u00ean s\u1eed d\u1ee5ng ngay ho\u1eb7c b\u1ea3o qu\u1ea3n trong t\u1ee7 l\u1ea1nh.<\/p>\n<p><img decoding=\"async\" class=\"wp-image-14945 aligncenter\" src=\"https:\/\/havamall.vn\/wp-content\/uploads\/2020\/06\/tr\u00e0-300x300.jpg\" alt=\"\" width=\"563\" height=\"563\" srcset=\"https:\/\/havamall.vn\/wp-content\/uploads\/2020\/06\/tr\u00e0-300x300.jpg 300w, https:\/\/havamall.vn\/wp-content\/uploads\/2020\/06\/tr\u00e0-430x430.jpg 430w, https:\/\/havamall.vn\/wp-content\/uploads\/2020\/06\/tr\u00e0-150x150.jpg 150w, https:\/\/havamall.vn\/wp-content\/uploads\/2020\/06\/tr\u00e0-700x700.jpg 700w, https:\/\/havamall.vn\/wp-content\/uploads\/2020\/06\/tr\u00e0-768x768.jpg 768w, https:\/\/havamall.vn\/wp-content\/uploads\/2020\/06\/tr\u00e0-600x600.jpg 600w, https:\/\/havamall.vn\/wp-content\/uploads\/2020\/06\/tr\u00e0-100x100.jpg 100w, https:\/\/havamall.vn\/wp-content\/uploads\/2020\/06\/tr\u00e0.jpg 800w\" sizes=\"(max-width: 563px) 100vw, 563px\" \/><\/p>\n<p><strong>L\u01b0u \u00fd<\/strong>: Do \u0111\u1eb7c t\u00ednh s\u1ea3n ph\u1ea9m c\u00f3 th\u1ec3 xu\u1ea5t hi\u1ec7n c\u1eb7n m\u00e0u tr\u1eafng nh\u01b0ng kh\u00f4ng \u1ea3nh h\u01b0\u1edfng \u0111\u1ebfn ch\u1ea5t l\u01b0\u1ee3ng s\u1ea3n ph\u1ea9m n\u00ean h\u00e3y l\u1eafc k\u1ef9 tr\u01b0\u1edbc khi d\u00f9ng.<\/p>\n<p><strong>Th\u00f4ng tin c\u1ea3nh b\u00e1o<\/strong>: Kh\u00f4ng u\u1ed1ng n\u1ebfu h\u1ed9p \u0111\u1ef1ng b\u1ecb bi\u1ebfn d\u1ea1ng, h\u01b0 h\u1ecfng ho\u1eb7c c\u0103ng ph\u1ed3ng, ho\u1eb7c n\u1ebfu s\u1ea3n ph\u1ea9m b\u00ean trong \u0111\u00e3 b\u1ecb bi\u1ebfn ch\u1ea5t.<\/p>\n<p><strong>Xu\u1ea5t x\u1ee9<\/strong>: H\u00e0n Qu\u1ed1c<\/p>","protected":false},"excerpt":{"rendered":"<ul class=\"list\">\n<li>L\u00e0 n\u01b0\u1edbc gi\u1ea3i kh\u00e1t \u0111\u01b0\u1ee3c nh\u1eadp kh\u1ea9u t\u1eeb H\u00e0n Qu\u1ed1c<\/li>\n<li>Gi\u00e0u ch\u1ea5t b\u1ed5 d\u01b0\u1ee1ng, gi\u00fap c\u01a1 th\u1ec3 kh\u1ecfe m\u1ea1nh.<\/li>\n<li>Cung c\u1ea5p n\u01b0\u1edbc v\u00e0 n\u0103ng l\u01b0\u1ee3ng cho c\u00e1c ho\u1ea1t \u0111\u1ed9ng h\u00e0ng ng\u00e0y, v\u1eadn \u0111\u1ed9ng th\u1ec3 thao, t\u1eadp luy\u1ec7n\u2026<\/li>\n<\/ul>","protected":false},"featured_media":14945,"comment_status":"open","ping_status":"closed","template":"","meta":[],"product_brand":[],"product_cat":[36,135],"product_tag":[],"class_list":{"0":"post-14915","1":"product","2":"type-product","3":"status-publish","4":"has-post-thumbnail","6":"product_cat-thuc-pham-tieu-dung","7":"product_cat-sua-do-uong","9":"first","10":"outofstock","11":"sale","12":"shipping-taxable","13":"purchasable","14":"product-type-simple"},"_links":{"self":[{"href":"https:\/\/havamall.vn\/en\/wp-json\/wp\/v2\/product\/14915"}],"collection":[{"href":"https:\/\/havamall.vn\/en\/wp-json\/wp\/v2\/product"}],"about":[{"href":"https:\/\/havamall.vn\/en\/wp-json\/wp\/v2\/types\/product"}],"replies":[{"embeddable":true,"href":"https:\/\/havamall.vn\/en\/wp-json\/wp\/v2\/comments?post=14915"}],"version-history":[{"count":0,"href":"https:\/\/havamall.vn\/en\/wp-json\/wp\/v2\/product\/14915\/revisions"}],"wp:featuredmedia":[{"embeddable":true,"href":"https:\/\/havamall.vn\/en\/wp-json\/wp\/v2\/media\/14945"}],"wp:attachment":[{"href":"https:\/\/havamall.vn\/en\/wp-json\/wp\/v2\/media?parent=14915"}],"wp:term":[{"taxonomy":"product_brand","embeddable":true,"href":"https:\/\/havamall.vn\/en\/wp-json\/wp\/v2\/product_brand?post=14915"},{"taxonomy":"product_cat","embeddable":true,"href":"https:\/\/havamall.vn\/en\/wp-json\/wp\/v2\/product_cat?post=14915"},{"taxonomy":"product_tag","embeddable":true,"href":"https:\/\/havamall.vn\/en\/wp-json\/wp\/v2\/product_tag?post=14915"}],"curies":[{"name":"wp","href":"https:\/\/api.w.org\/{rel}","templated":true}]}}