{"id":14895,"date":"2020-06-16T16:47:52","date_gmt":"2020-06-16T09:47:52","guid":{"rendered":"https:\/\/havamall.vn\/?post_type=product&#038;p=14895"},"modified":"2023-04-20T14:26:52","modified_gmt":"2023-04-20T07:26:52","slug":"nuoc-soda-vi-sua-chua-milkis-250ml-milkis-soda-yogurt-flavor-250ml","status":"publish","type":"product","link":"https:\/\/havamall.vn\/en\/shop\/nuoc-soda-vi-sua-chua-milkis-250ml-milkis-soda-yogurt-flavor-250ml\/","title":{"rendered":"N\u01b0\u1edbc Soda V\u1ecb S\u1eefa Chua Milkis 250ml &#8211; Milkis Soda Yogurt Flavor 250ml"},"content":{"rendered":"<h1><strong>\u0110\u1eb7c \u0111i\u1ec3m th\u01b0\u01a1ng hi\u1ec7u<\/strong><\/h1>\n<p>T\u00ean th\u01b0\u01a1ng hi\u1ec7u <em><strong>&#8220;Chilsung&#8221;<\/strong><\/em> c\u00f3 \u00fd ngh\u0129a l\u00e0 B\u1eafc \u0110\u1ea9u, ngh\u0129a \u0111en l\u00e0 &#8220;b\u1ea3y ng\u00f4i sao&#8221;.<\/p>\n<p>Chilsung Cider l\u00e0 n\u01b0\u1edbc gi\u1ea3i kh\u00e1t c\u00f3 ga h\u00e0ng \u0111\u1ea7u c\u1ee7a H\u00e0n Qu\u1ed1c v\u1edbi l\u1ecbch s\u1eed ho\u1ea1t \u0111\u1ed9ng h\u01a1n n\u1eeda th\u1ebf k\u1ef7. K\u1ec3 t\u1eeb khi th\u00e0nh l\u1eadp v\u00e0 ra m\u1eaft Chilsung Cider, m\u1ed9t lo\u1ea1i n\u01b0\u1edbc gi\u1ea3i kh\u00e1t c\u00f3 v\u1ecb chanh v\u00e0o n\u0103m 1950, N\u01b0\u1edbc gi\u1ea3i kh\u00e1t Lotte Chilsung \u0111\u00e3 li\u00ean t\u1ee5c ph\u00e1t tri\u1ec3n v\u00e0 li\u00ean t\u1ee5c tung ra c\u00e1c s\u1ea3n ph\u1ea9m \u0111\u1ed3 u\u1ed1ng c\u00f3 ga, n\u01b0\u1edbc tr\u00e1i c\u00e2y, c\u00e0 ph\u00ea, tr\u00e0 v\u00e0 n\u01b0\u1edbc su\u1ed1i. V\u00e0o gi\u1eefa nh\u1eefng n\u0103m 1970, c\u00f4ng ty \u0111\u00e3 \u0111\u1ea1t \u0111\u01b0\u1ee3c s\u1ef1 nh\u1eadn di\u1ec7n c\u1ee7a qu\u1ed1c t\u1ebf v\u00e0 k\u00fd k\u1ebft h\u1ee3p \u0111\u1ed3ng v\u1edbi c\u00e1c c\u00f4ng ty M\u1ef9 nh\u01b0 Pepsi. V\u00e0o cu\u1ed1i nh\u1eefng n\u0103m 1990, Lotte Chilsung \u0111\u00e3 tr\u1edf th\u00e0nh c\u00f4ng ty n\u01b0\u1edbc gi\u1ea3i kh\u00e1t l\u1edbn nh\u1ea5t ch\u00e2u \u00c1, chi\u1ebfm 35% th\u1ecb ph\u1ea7n trong n\u01b0\u1edbc.<\/p>\n<p><img fetchpriority=\"high\" decoding=\"async\" class=\"wp-image-14898 aligncenter\" src=\"https:\/\/havamall.vn\/wp-content\/uploads\/2020\/06\/product_view0101_banner-2-300x155.jpg\" alt=\"\" width=\"903\" height=\"467\" srcset=\"https:\/\/havamall.vn\/wp-content\/uploads\/2020\/06\/product_view0101_banner-2-300x155.jpg 300w, https:\/\/havamall.vn\/wp-content\/uploads\/2020\/06\/product_view0101_banner-2-430x222.jpg 430w, https:\/\/havamall.vn\/wp-content\/uploads\/2020\/06\/product_view0101_banner-2-150x77.jpg 150w, https:\/\/havamall.vn\/wp-content\/uploads\/2020\/06\/product_view0101_banner-2-700x361.jpg 700w, https:\/\/havamall.vn\/wp-content\/uploads\/2020\/06\/product_view0101_banner-2-768x396.jpg 768w, https:\/\/havamall.vn\/wp-content\/uploads\/2020\/06\/product_view0101_banner-2-1024x528.jpg 1024w, https:\/\/havamall.vn\/wp-content\/uploads\/2020\/06\/product_view0101_banner-2-1200x619.jpg 1200w, https:\/\/havamall.vn\/wp-content\/uploads\/2020\/06\/product_view0101_banner-2-600x309.jpg 600w\" sizes=\"(max-width: 903px) 100vw, 903px\" \/><\/p>\n<h1><strong>\u0110\u1eb7c \u0111i\u1ec3m n\u1ed5i b\u1eadt c\u1ee7a s\u1ea3n ph\u1ea9m<\/strong><\/h1>\n<p>\u0110\u1ec3 k\u1ef7 ni\u1ec7m 30 n\u0103m ph\u00e1t tri\u1ec3n c\u1ee7a lo\u1ea1i n\u01b0\u1edbc soda s\u1eefa \u2018Milkis \u0111\u01b0\u1ee3c cho ra m\u1eaft v\u1edbi c\u00f4ng ch\u00fang l\u1ea7n \u0111\u1ea7u ti\u00ean v\u00e0o n\u0103m 1989, Lotte Chilsung N\u01b0\u1edbc gi\u1ea3i kh\u00e1t \u0111\u00e3 \u0111\u1ed5i m\u1edbi h\u00ecnh \u1ea3nh c\u1ee7a s\u1ea3n ph\u1ea9m b\u1eb1ng c\u00e1ch cho ra \u0111\u1eddi bao b\u00ec m\u1edbi, \u0111\u1eb9p v\u00e0 sang tr\u1ecdng h\u01a1n, v\u1edbi h\u00ecnh \u1ea3nh nh\u1eafm t\u1edbi gi\u1edbi tr\u1ebb n\u0103ng \u0111\u1ed9ng trong t\u00ecnh h\u00ecnh hi\u1ec7n nay.<\/p>\n<p>Lotte Chilsung l\u00ean k\u1ebf ho\u1ea1ch \u0111a d\u1ea1ng nhu c\u1ea7u th\u1ee9c u\u1ed1ng c\u1ee7a gi\u1edbi tr\u1ebb v\u00e0 c\u1ee7ng c\u1ed1 s\u1ee9c m\u1ea1nh th\u01b0\u01a1ng hi\u1ec7u b\u1eb1ng c\u00e1ch v\u1eabn gi\u1eef nguy\u00ean h\u01b0\u01a1ng v\u1ecb ban \u0111\u1ea7u c\u1ee7a Milkis, trong khi \u00e1p d\u1ee5ng h\u00ecnh \u1ea3nh h\u1ee3p th\u1eddi trang tinh t\u1ebf theo kh\u1ea9u hi\u1ec7u c\u1ee7a \u201cLove Milkis\u201d.<\/p>\n<p><img decoding=\"async\" class=\"wp-image-14903 aligncenter\" src=\"https:\/\/havamall.vn\/wp-content\/uploads\/2020\/06\/\u00e8wfewf-300x155.jpg\" alt=\"\" width=\"904\" height=\"467\" srcset=\"https:\/\/havamall.vn\/wp-content\/uploads\/2020\/06\/\u00e8wfewf-300x155.jpg 300w, https:\/\/havamall.vn\/wp-content\/uploads\/2020\/06\/\u00e8wfewf-430x222.jpg 430w, https:\/\/havamall.vn\/wp-content\/uploads\/2020\/06\/\u00e8wfewf-150x77.jpg 150w, https:\/\/havamall.vn\/wp-content\/uploads\/2020\/06\/\u00e8wfewf-700x361.jpg 700w, https:\/\/havamall.vn\/wp-content\/uploads\/2020\/06\/\u00e8wfewf-768x396.jpg 768w, https:\/\/havamall.vn\/wp-content\/uploads\/2020\/06\/\u00e8wfewf-1024x528.jpg 1024w, https:\/\/havamall.vn\/wp-content\/uploads\/2020\/06\/\u00e8wfewf-1200x619.jpg 1200w, https:\/\/havamall.vn\/wp-content\/uploads\/2020\/06\/\u00e8wfewf-600x309.jpg 600w, https:\/\/havamall.vn\/wp-content\/uploads\/2020\/06\/\u00e8wfewf.jpg 1552w\" sizes=\"(max-width: 904px) 100vw, 904px\" \/><\/p>\n<p><img decoding=\"async\" class=\"wp-image-14900 aligncenter\" src=\"https:\/\/havamall.vn\/wp-content\/uploads\/2020\/06\/da6c962eb2b63b576b82ff11997e9ea3-300x300.jpg\" alt=\"\" width=\"618\" height=\"618\" srcset=\"https:\/\/havamall.vn\/wp-content\/uploads\/2020\/06\/da6c962eb2b63b576b82ff11997e9ea3-300x300.jpg 300w, https:\/\/havamall.vn\/wp-content\/uploads\/2020\/06\/da6c962eb2b63b576b82ff11997e9ea3-430x430.jpg 430w, https:\/\/havamall.vn\/wp-content\/uploads\/2020\/06\/da6c962eb2b63b576b82ff11997e9ea3-150x150.jpg 150w, https:\/\/havamall.vn\/wp-content\/uploads\/2020\/06\/da6c962eb2b63b576b82ff11997e9ea3-700x700.jpg 700w, https:\/\/havamall.vn\/wp-content\/uploads\/2020\/06\/da6c962eb2b63b576b82ff11997e9ea3-768x768.jpg 768w, https:\/\/havamall.vn\/wp-content\/uploads\/2020\/06\/da6c962eb2b63b576b82ff11997e9ea3-600x600.jpg 600w, https:\/\/havamall.vn\/wp-content\/uploads\/2020\/06\/da6c962eb2b63b576b82ff11997e9ea3-100x100.jpg 100w, https:\/\/havamall.vn\/wp-content\/uploads\/2020\/06\/da6c962eb2b63b576b82ff11997e9ea3.jpg 1024w\" sizes=\"(max-width: 618px) 100vw, 618px\" \/><\/p>\n<p>C\u1ea3m h\u1ee9ng \u00fd ngh\u0129a c\u1ee7a t\u1eeb \u2018Milkis\u2019 v\u00ec n\u00f3 ch\u00ednh l\u00e0 s\u1ef1 k\u1ebft h\u1ee3p gi\u1eefa \u2018v\u1ecb th\u01a1m ngon c\u1ee7a s\u1eefa v\u00e0 v\u1ecb ng\u1ecdt tr\u00ean m\u00f4i m\u1ec1m\u201d, bi\u1ec3u hi\u1ec7n th\u00f4ng qua h\u00ecnh v\u1ebd ng\u01b0\u1eddi \u0111\u00e0n \u00f4ng v\u00e0 ph\u1ee5 n\u1eef \u0111\u01b0\u1ee3c \u0111\u1eb7t \u0111\u1ed1i x\u1ee9ng. Ngo\u00e0i ra, s\u1ea3n ph\u1ea9m \u0111\u01b0\u1ee3c \u0111\u1ed5i m\u1edbi b\u1edfi c\u00e1c m\u1eabu bong b\u00f3ng m\u00e0u pastel \u0111\u1ec3 kh\u00e1ch h\u00e0ng c\u00f3 th\u1ec3 nh\u00ecn ra \u0111\u01b0\u1ee3c s\u1ef1 \u0111\u1ed9c \u0111\u00e1o, \u0111\u1ed9c nh\u1ea5t c\u1ee7a Milkis.<\/p>\n<p><img loading=\"lazy\" decoding=\"async\" class=\"wp-image-14902 aligncenter\" src=\"https:\/\/havamall.vn\/wp-content\/uploads\/2020\/06\/f1d70476754009.5c73ae4cafbc2-300x296.jpg\" alt=\"\" width=\"791\" height=\"780\" srcset=\"https:\/\/havamall.vn\/wp-content\/uploads\/2020\/06\/f1d70476754009.5c73ae4cafbc2-300x296.jpg 300w, https:\/\/havamall.vn\/wp-content\/uploads\/2020\/06\/f1d70476754009.5c73ae4cafbc2-430x424.jpg 430w, https:\/\/havamall.vn\/wp-content\/uploads\/2020\/06\/f1d70476754009.5c73ae4cafbc2-150x148.jpg 150w, https:\/\/havamall.vn\/wp-content\/uploads\/2020\/06\/f1d70476754009.5c73ae4cafbc2-700x691.jpg 700w, https:\/\/havamall.vn\/wp-content\/uploads\/2020\/06\/f1d70476754009.5c73ae4cafbc2-768x758.jpg 768w, https:\/\/havamall.vn\/wp-content\/uploads\/2020\/06\/f1d70476754009.5c73ae4cafbc2-1024x1010.jpg 1024w, https:\/\/havamall.vn\/wp-content\/uploads\/2020\/06\/f1d70476754009.5c73ae4cafbc2.jpg 1200w, https:\/\/havamall.vn\/wp-content\/uploads\/2020\/06\/f1d70476754009.5c73ae4cafbc2-600x592.jpg 600w, https:\/\/havamall.vn\/wp-content\/uploads\/2020\/06\/f1d70476754009.5c73ae4cafbc2-100x100.jpg 100w\" sizes=\"(max-width: 791px) 100vw, 791px\" \/><\/p>\n<p>H\u01a1n th\u1ebf n\u1eefa, thi\u1ebft k\u1ebf nguy\u00ean th\u1ee7y c\u1ee7a Milkis \u0111\u01b0\u1ee3c thay \u0111\u1ed5i t\u1eeb chai nh\u1ef1a m\u00e0u xanh l\u00e1 c\u00e2y cho 500ml v\u00e0 1.25L Milkis th\u00e0nh lon nh\u00f4m 250ml \u0111\u1ec3 c\u00f3 th\u1ec3 t\u00e1i ch\u1ebf d\u1ec5 d\u00e0ng v\u00e0 d\u1ec5 d\u00e0ng mang theo b\u00ean ng\u01b0\u1eddi. \u0110\u1eb7c bi\u1ec7t h\u01a1n, c\u00e1ch thi\u1ebft k\u1ebft bao b\u00ec th\u00e2n thi\u1ec7n v\u1edbi m\u00f4i tr\u01b0\u1eddng b\u1eb1ng c\u00e1ch \u00e1p d\u1ee5ng k\u0129 thu\u1eadt \u2018Eco Cutoff Label\u2019, v\u1edbi c\u00e1c \u0111\u01b0\u1eddng ch\u1ea5m ch\u1ea5m \u0111\u00f4i, gi\u00fap b\u1ea1n d\u1ec5 d\u00e0ng lo\u1ea1i b\u1ecf bao b\u00ec v\u00e0 th\u1ef1c hi\u1ec7n vi\u1ec7c t\u00e1i ch\u1ebf. \u0110i\u1ec1u n\u00e0y cho th\u1ea5y c\u00e1ch thi\u1ebft k\u1ebf s\u1ea3n ph\u1ea9m n\u00f3i l\u00ean r\u1ea5t nhi\u1ec1u v\u1ec1 tr\u00e1ch nhi\u1ec7m \u0111\u1ed1i v\u1edbi m\u00f4i tr\u01b0\u1eddng v\u00e0 x\u00e3 h\u1ed9i c\u1ee7a Chilsung Cider.<\/p>\n<p><img loading=\"lazy\" decoding=\"async\" class=\"wp-image-14901 aligncenter\" src=\"https:\/\/havamall.vn\/wp-content\/uploads\/2020\/06\/db4fef76754009.5c73ae4caffcc-300x296.jpg\" alt=\"\" width=\"842\" height=\"831\" srcset=\"https:\/\/havamall.vn\/wp-content\/uploads\/2020\/06\/db4fef76754009.5c73ae4caffcc-300x296.jpg 300w, https:\/\/havamall.vn\/wp-content\/uploads\/2020\/06\/db4fef76754009.5c73ae4caffcc-430x424.jpg 430w, https:\/\/havamall.vn\/wp-content\/uploads\/2020\/06\/db4fef76754009.5c73ae4caffcc-150x148.jpg 150w, https:\/\/havamall.vn\/wp-content\/uploads\/2020\/06\/db4fef76754009.5c73ae4caffcc-700x691.jpg 700w, https:\/\/havamall.vn\/wp-content\/uploads\/2020\/06\/db4fef76754009.5c73ae4caffcc-768x758.jpg 768w, https:\/\/havamall.vn\/wp-content\/uploads\/2020\/06\/db4fef76754009.5c73ae4caffcc-1024x1010.jpg 1024w, https:\/\/havamall.vn\/wp-content\/uploads\/2020\/06\/db4fef76754009.5c73ae4caffcc.jpg 1200w, https:\/\/havamall.vn\/wp-content\/uploads\/2020\/06\/db4fef76754009.5c73ae4caffcc-600x592.jpg 600w, https:\/\/havamall.vn\/wp-content\/uploads\/2020\/06\/db4fef76754009.5c73ae4caffcc-100x100.jpg 100w\" sizes=\"(max-width: 842px) 100vw, 842px\" \/><\/p>\n<p><strong>Th\u00e0nh ph\u1ea7n<\/strong>: N\u01b0\u1edbc tinh khi\u1ebft, siro ng\u00f4 cao, \u0111\u01b0\u1eddng, h\u1ed7n h\u1ee3p b\u1ed9t s\u1eefa, ch\u1ea5t t\u1ea1o kh\u00ed carbonic, ch\u1ea5t \u0111i\u1ec1u ch\u1ec9nh \u0111\u1ed9 acid,&#8230;<\/p>\n<p><strong>Th\u1ec3 t\u00edch th\u1ef1c<\/strong>: 250ml\/lon<\/p>\n<p><strong>Nh\u00e0 s\u1ea3n xu\u1ea5t<\/strong>: Lotte Chilsung beverage Co.,LTD<\/p>\n<p><strong>Ng\u00e0y s\u1ea3n xu\u1ea5t<\/strong>: Tr\u01b0\u1edbc h\u1ea1n s\u1eed d\u1ee5ng 24 th\u00e1ng<\/p>\n<p><strong>H\u1ea1n s\u1eed d\u1ee5ng<\/strong>: Xem tr\u00ean bao b\u00ec s\u1ea3n ph\u1ea9m.<\/p>\n<p>H\u01b0\u1edbng d\u1eabn b\u1ea3o qu\u1ea3n: B\u1ea3o qu\u1ea3n n\u01a1i tho\u00e1ng m\u00e1t, tr\u00e1nh nhi\u1ec7t \u0111\u1ed9 cao v\u00e0 \u00e1nh n\u1eafng tr\u1ef1c ti\u1ebfp, sau khi m\u1edf n\u1eafp n\u00ean s\u1eed d\u1ee5ng ngay ho\u1eb7c b\u1ea3o qu\u1ea3n trong t\u1ee7 l\u1ea1nh<\/p>\n<p><img loading=\"lazy\" decoding=\"async\" class=\"wp-image-14905 aligncenter\" src=\"https:\/\/havamall.vn\/wp-content\/uploads\/2020\/06\/desc_1-1-194x300.jpg\" alt=\"\" width=\"758\" height=\"1172\" srcset=\"https:\/\/havamall.vn\/wp-content\/uploads\/2020\/06\/desc_1-1-194x300.jpg 194w, https:\/\/havamall.vn\/wp-content\/uploads\/2020\/06\/desc_1-1-430x666.jpg 430w, https:\/\/havamall.vn\/wp-content\/uploads\/2020\/06\/desc_1-1-150x232.jpg 150w, https:\/\/havamall.vn\/wp-content\/uploads\/2020\/06\/desc_1-1-600x929.jpg 600w, https:\/\/havamall.vn\/wp-content\/uploads\/2020\/06\/desc_1-1.jpg 1000w\" sizes=\"(max-width: 758px) 100vw, 758px\" \/><\/p>\n<p><strong>Quy c\u00e1ch \u0111\u00f3ng g\u00f3i v\u00e0 ch\u1ea5t li\u1ec7u bao b\u00ec:<\/strong><\/p>\n<ul>\n<li>Quy tr\u00ecnh s\u1ea3n xu\u1ea5t \u0111\u01b0\u1ee3c gi\u00e1m s\u00e1t nghi\u00eam ng\u1eb7t, \u0111\u1ea1t chu\u1ea9n an to\u00e0n v\u1ec7 sinh th\u1ef1c ph\u1ea9m.<\/li>\n<li>Bao b\u00ec, logo, th\u00f4ng tin \u0111\u01b0\u1ee3c ki\u1ec3m tra k\u0129 c\u00e0ng b\u1eb1ng thi\u1ebft b\u1ecb m\u00e1y m\u00f3c c\u00f4ng ngh\u1ec7 cao.<\/li>\n<li>\u0110\u00f3ng g\u00f3i trong lon ti\u1ec7n d\u1ee5ng, d\u1ec5 d\u00e0ng mang theo khi du l\u1ecbch, d\u00e3 ngo\u1ea1i.<\/li>\n<li>S\u1ea3n ph\u1ea9m \u0111\u01b0\u1ee3c nh\u1eadp kh\u1ea9u t\u1eeb H\u00e0n Qu\u1ed1c<\/li>\n<\/ul>\n<p><strong>H\u01b0\u01a1ng V\u1ecb<\/strong>: V\u1ecb s\u1eefa chua<\/p>\n<p style=\"font-weight: 400\">N\u01b0\u1edbc Soda Milkis Lotte H\u00e0n Qu\u1ed1c v\u1ecb yogurt lon 250ml l\u00e0 s\u1ea3n ph\u1ea9m \u0111\u01b0\u1ee3c pha ch\u1ebf v\u1edbi c\u00f4ng th\u1ee9c ri\u00eang, \u0111\u1ed9c \u0111\u00e1o, \u0111\u01b0\u1ee3c \u01b0a chu\u1ed9ng t\u1ea1i H\u00e0n Qu\u1ed1c. Hi\u1ec7n nay,\u00a0Soda s\u1eefa \u0111\u01b0\u1ee3c s\u1eed d\u1ee5ng kh\u00e1 ph\u1ed5 bi\u1ebfn t\u1ea1i Vi\u1ec7t Nam. N\u01b0\u1edbc u\u1ed1ng c\u00f3 ga mang v\u1ecb ng\u1ecdt d\u1ecbu v\u1edbi h\u01b0\u01a1ng s\u1eefa nh\u1eb9 nh\u00e0ng, th\u1ecfa c\u01a1n kh\u00e1t gi\u1eefa nh\u1eefng ng\u00e0y n\u00f3ng b\u1ee9c.<\/p>\n<p><img loading=\"lazy\" decoding=\"async\" class=\"wp-image-14907 aligncenter\" src=\"https:\/\/havamall.vn\/wp-content\/uploads\/2020\/06\/78918642_159437122063001_7426690951353175196_n-300x300.jpg\" alt=\"\" width=\"685\" height=\"685\" srcset=\"https:\/\/havamall.vn\/wp-content\/uploads\/2020\/06\/78918642_159437122063001_7426690951353175196_n-300x300.jpg 300w, https:\/\/havamall.vn\/wp-content\/uploads\/2020\/06\/78918642_159437122063001_7426690951353175196_n-430x430.jpg 430w, https:\/\/havamall.vn\/wp-content\/uploads\/2020\/06\/78918642_159437122063001_7426690951353175196_n-150x150.jpg 150w, https:\/\/havamall.vn\/wp-content\/uploads\/2020\/06\/78918642_159437122063001_7426690951353175196_n-600x600.jpg 600w, https:\/\/havamall.vn\/wp-content\/uploads\/2020\/06\/78918642_159437122063001_7426690951353175196_n-100x100.jpg 100w, https:\/\/havamall.vn\/wp-content\/uploads\/2020\/06\/78918642_159437122063001_7426690951353175196_n.jpg 640w\" sizes=\"(max-width: 685px) 100vw, 685px\" \/><\/p>\n<p style=\"font-weight: 400\">C\u00f4ng d\u1ee5ng:<\/p>\n<p style=\"font-weight: 400\">L\u00e0 n\u01b0\u1edbc gi\u1ea3i kh\u00e1t c\u00f3 ga h\u01b0\u01a1ng v\u1ecb s\u1eefa th\u01a1m ngon.<\/p>\n<p style=\"font-weight: 400\">Gi\u00e0u ch\u1ea5t b\u1ed5 d\u01b0\u1ee1ng, gi\u00fap c\u01a1 th\u1ec3 kh\u1ecfe m\u1ea1nh.<\/p>\n<p style=\"font-weight: 400\">Cung c\u1ea5p n\u01b0\u1edbc v\u00e0 n\u0103ng l\u01b0\u1ee3ng cho c\u00e1c ho\u1ea1t \u0111\u1ed9ng h\u00e0ng ng\u00e0y, v\u1eadn \u0111\u1ed9ng th\u1ec3 thao, t\u1eadp luy\u1ec7n&#8230;<\/p>\n<p><img loading=\"lazy\" decoding=\"async\" class=\"wp-image-14911 aligncenter\" src=\"https:\/\/havamall.vn\/wp-content\/uploads\/2020\/06\/subVisual_product_view0104_m-1-192x300.jpg\" alt=\"\" width=\"657\" height=\"1026\" srcset=\"https:\/\/havamall.vn\/wp-content\/uploads\/2020\/06\/subVisual_product_view0104_m-1-192x300.jpg 192w, https:\/\/havamall.vn\/wp-content\/uploads\/2020\/06\/subVisual_product_view0104_m-1-430x672.jpg 430w, https:\/\/havamall.vn\/wp-content\/uploads\/2020\/06\/subVisual_product_view0104_m-1-150x234.jpg 150w, https:\/\/havamall.vn\/wp-content\/uploads\/2020\/06\/subVisual_product_view0104_m-1-600x938.jpg 600w, https:\/\/havamall.vn\/wp-content\/uploads\/2020\/06\/subVisual_product_view0104_m-1.jpg 640w\" sizes=\"(max-width: 657px) 100vw, 657px\" \/><\/p>\n<p><strong>L\u01b0u \u00fd<\/strong>: S\u1ea3n ph\u1ea9m n\u00e0y c\u00f3 ch\u1ee9a s\u1eefa, c\u00e2n nh\u1eafc n\u1ebfu b\u1ecb d\u1ecb \u1ee9ng.<\/p>\n<p>Th\u00f4ng tin c\u1ea3nh b\u00e1o: Kh\u00f4ng u\u1ed1ng n\u1ebfu h\u1ed9p \u0111\u1ef1ng b\u1ecb h\u01b0 h\u1ecfng ho\u1eb7c n\u1ebfu s\u1ea3n ph\u1ea9m b\u00ean trong \u0111\u00e3 b\u1ecb bi\u1ebfn ch\u1ebft.<\/p>\n<p>&nbsp;<\/p>\n<p>&nbsp;<\/p>\n<p>&nbsp;<\/p>","protected":false},"excerpt":{"rendered":"<ul class=\"list\">\n<li>L\u00e0 n\u01b0\u1edbc gi\u1ea3i kh\u00e1t c\u00f3 ga h\u01b0\u01a1ng v\u1ecb s\u1eefa th\u01a1m ngon.<\/li>\n<li>Gi\u00e0u ch\u1ea5t b\u1ed5 d\u01b0\u1ee1ng, gi\u00fap c\u01a1 th\u1ec3 kh\u1ecfe m\u1ea1nh.<\/li>\n<li>Cung c\u1ea5p n\u01b0\u1edbc v\u00e0 n\u0103ng l\u01b0\u1ee3ng cho c\u00e1c ho\u1ea1t \u0111\u1ed9ng h\u00e0ng ng\u00e0y, v\u1eadn \u0111\u1ed9ng th\u1ec3 thao, t\u1eadp luy\u1ec7n&#8230;<\/li>\n<\/ul>","protected":false},"featured_media":14908,"comment_status":"open","ping_status":"closed","template":"","meta":[],"product_brand":[],"product_cat":[36,135],"product_tag":[],"class_list":{"0":"post-14895","1":"product","2":"type-product","3":"status-publish","4":"has-post-thumbnail","6":"product_cat-thuc-pham-tieu-dung","7":"product_cat-sua-do-uong","9":"first","10":"outofstock","11":"sale","12":"shipping-taxable","13":"purchasable","14":"product-type-simple"},"_links":{"self":[{"href":"https:\/\/havamall.vn\/en\/wp-json\/wp\/v2\/product\/14895"}],"collection":[{"href":"https:\/\/havamall.vn\/en\/wp-json\/wp\/v2\/product"}],"about":[{"href":"https:\/\/havamall.vn\/en\/wp-json\/wp\/v2\/types\/product"}],"replies":[{"embeddable":true,"href":"https:\/\/havamall.vn\/en\/wp-json\/wp\/v2\/comments?post=14895"}],"version-history":[{"count":0,"href":"https:\/\/havamall.vn\/en\/wp-json\/wp\/v2\/product\/14895\/revisions"}],"wp:featuredmedia":[{"embeddable":true,"href":"https:\/\/havamall.vn\/en\/wp-json\/wp\/v2\/media\/14908"}],"wp:attachment":[{"href":"https:\/\/havamall.vn\/en\/wp-json\/wp\/v2\/media?parent=14895"}],"wp:term":[{"taxonomy":"product_brand","embeddable":true,"href":"https:\/\/havamall.vn\/en\/wp-json\/wp\/v2\/product_brand?post=14895"},{"taxonomy":"product_cat","embeddable":true,"href":"https:\/\/havamall.vn\/en\/wp-json\/wp\/v2\/product_cat?post=14895"},{"taxonomy":"product_tag","embeddable":true,"href":"https:\/\/havamall.vn\/en\/wp-json\/wp\/v2\/product_tag?post=14895"}],"curies":[{"name":"wp","href":"https:\/\/api.w.org\/{rel}","templated":true}]}}