{"id":14884,"date":"2020-06-16T16:05:36","date_gmt":"2020-06-16T09:05:36","guid":{"rendered":"https:\/\/havamall.vn\/?post_type=product&#038;p=14884"},"modified":"2021-08-11T19:45:19","modified_gmt":"2021-08-11T12:45:19","slug":"nuoc-giai-khat-soda-vi-chanh-chilsung-cider-250ml-cider-lemon-lime-250ml","status":"publish","type":"product","link":"https:\/\/havamall.vn\/en\/shop\/nuoc-giai-khat-soda-vi-chanh-chilsung-cider-250ml-cider-lemon-lime-250ml\/","title":{"rendered":"N\u01b0\u1edbc Gi\u1ea3i Kh\u00e1t Soda V\u1ecb Chanh Chilsung Cider 250ml &#8211; Cider Lemon Lime 250ml"},"content":{"rendered":"<p><strong>M\u00f9a H\u00e8 \u0111\u00e3 \u0111\u1ebfn, mang theo theo c\u00e1i n\u1eafng gay g\u1eaft khi\u1ebfn c\u01a1 th\u1ec3 ch\u00fang ta c\u1ea3m th\u1ea5y ng\u1ed9t ng\u1ea1t v\u00e0 kh\u00f3 ch\u1ecbu. M\u1ed3 h\u00f4i ti\u1ebft ra kh\u00f4ng ng\u1eebng \u0111\u1ec3 l\u00e0m m\u00e1t c\u01a1 th\u1ec3 khi\u1ebfn ch\u00fang ta b\u1ecb m\u1ea5t n\u01b0\u1edbc tr\u1ea7m tr\u1ecdng. L\u00fac n\u00e0y ch\u1eafc ch\u1ec9 th\u00e8m m\u1ed9t c\u1ed1c n\u01b0\u1edbc c\u00f3 ga m\u00e1t l\u1ea1nh \u0111\u1ec3 xua tan c\u1ea3m gi\u00e1c n\u00f3ng b\u1ee9c.<\/strong><\/p>\n<p><img fetchpriority=\"high\" decoding=\"async\" class=\"wp-image-14885 aligncenter\" src=\"https:\/\/havamall.vn\/wp-content\/uploads\/2020\/06\/89042618_887478401674505_1217367167141905445_n-300x300.jpg\" alt=\"\" width=\"647\" height=\"647\" srcset=\"https:\/\/havamall.vn\/wp-content\/uploads\/2020\/06\/89042618_887478401674505_1217367167141905445_n-300x300.jpg 300w, https:\/\/havamall.vn\/wp-content\/uploads\/2020\/06\/89042618_887478401674505_1217367167141905445_n-430x430.jpg 430w, https:\/\/havamall.vn\/wp-content\/uploads\/2020\/06\/89042618_887478401674505_1217367167141905445_n-150x150.jpg 150w, https:\/\/havamall.vn\/wp-content\/uploads\/2020\/06\/89042618_887478401674505_1217367167141905445_n-600x600.jpg 600w, https:\/\/havamall.vn\/wp-content\/uploads\/2020\/06\/89042618_887478401674505_1217367167141905445_n-100x100.jpg 100w, https:\/\/havamall.vn\/wp-content\/uploads\/2020\/06\/89042618_887478401674505_1217367167141905445_n.jpg 640w\" sizes=\"(max-width: 647px) 100vw, 647px\" \/><\/p>\n<p><strong>T\u1ea1i sao b\u1ea1n kh\u00f4ng th\u1eed thay \u0111\u1ed5i t\u00e2m tr\u1ea1ng c\u1ee7a m\u00ecnh b\u1eb1ng c\u00e1ch nh\u1ea5m nh\u00e1p m\u1ed9t lon soda chanh\u00a0c\u1ee7a Chilsung Cider th\u01a1m ngon, d\u1ec5 ch\u1ecbu v\u00e0o m\u1ed9t ng\u00e0y nh\u00e0m ch\u00e1n v\u00e0 n\u1eafng g\u1eaft nh\u01b0 n\u00e0y nh\u1ec9? C\u01a1n kh\u00e1t c\u1ee7a b\u1ea1n s\u1ebd \u0111\u01b0\u1ee3c gi\u1ea3i t\u1ecfa b\u1eb1ng m\u1ed9t c\u1ea3m gi\u00e1c t\u01b0\u01a1i m\u1edbi v\u00e0 s\u1ea3ng kho\u00e1i t\u1edbi t\u1eeb s\u1ef1 k\u1ebft h\u1ee3p h\u01b0\u01a1ng v\u1ecb gi\u1eefa n\u01b0\u1edbc tr\u00e1i c\u00e2y v\u00e0 soda \u0111\u1ea5y!!<\/strong><\/p>\n<h1><strong>\u0110\u1eb7c \u0111i\u1ec3m th\u01b0\u01a1ng hi\u1ec7u<\/strong><\/h1>\n<p>T\u00ean th\u01b0\u01a1ng hi\u1ec7u <em><strong>&#8220;Chilsung&#8221;<\/strong><\/em> c\u00f3 \u00fd ngh\u0129a l\u00e0 B\u1eafc \u0110\u1ea9u, ngh\u0129a \u0111en l\u00e0 &#8220;b\u1ea3y ng\u00f4i sao&#8221;.<\/p>\n<p>Chilsung Cider l\u00e0 n\u01b0\u1edbc gi\u1ea3i kh\u00e1t c\u00f3 ga h\u00e0ng \u0111\u1ea7u c\u1ee7a H\u00e0n Qu\u1ed1c v\u1edbi l\u1ecbch s\u1eed ho\u1ea1t \u0111\u1ed9ng h\u01a1n n\u1eeda th\u1ebf k\u1ef7. K\u1ec3 t\u1eeb khi th\u00e0nh l\u1eadp v\u00e0 ra m\u1eaft Chilsung Cider, m\u1ed9t lo\u1ea1i n\u01b0\u1edbc gi\u1ea3i kh\u00e1t c\u00f3 v\u1ecb chanh v\u00e0o n\u0103m 1950, N\u01b0\u1edbc gi\u1ea3i kh\u00e1t Lotte Chilsung \u0111\u00e3 li\u00ean t\u1ee5c ph\u00e1t tri\u1ec3n v\u00e0 li\u00ean t\u1ee5c tung ra c\u00e1c s\u1ea3n ph\u1ea9m \u0111\u1ed3 u\u1ed1ng c\u00f3 ga, n\u01b0\u1edbc tr\u00e1i c\u00e2y, c\u00e0 ph\u00ea, tr\u00e0 v\u00e0 n\u01b0\u1edbc su\u1ed1i v\u00e0 \u0111\u1ea1t \u0111\u01b0\u1ee3c s\u1ef1 y\u00eau th\u00edch t\u1eeb \u0111a s\u1ed1 kh\u00e1ch h\u00e0ng trong n\u01b0\u1edbc. V\u00e0o gi\u1eefa nh\u1eefng n\u0103m 1970, c\u00f4ng ty \u0111\u00e3 \u0111\u1ea1t \u0111\u01b0\u1ee3c s\u1ef1 nh\u1eadn di\u1ec7n c\u1ee7a qu\u1ed1c t\u1ebf v\u00e0 k\u00fd k\u1ebft h\u1ee3p \u0111\u1ed3ng v\u1edbi c\u00e1c c\u00f4ng ty M\u1ef9 nh\u01b0 Pepsi. V\u00e0o cu\u1ed1i nh\u1eefng n\u0103m 1990, Lotte Chilsung \u0111\u00e3 tr\u1edf th\u00e0nh c\u00f4ng ty n\u01b0\u1edbc gi\u1ea3i kh\u00e1t l\u1edbn nh\u1ea5t ch\u00e2u \u00c1, chi\u1ebfm 35% th\u1ecb ph\u1ea7n trong n\u01b0\u1edbc.<\/p>\n<p><img decoding=\"async\" class=\"wp-image-14887 aligncenter\" src=\"https:\/\/havamall.vn\/wp-content\/uploads\/2020\/06\/product_view0101_banner-300x155.jpg\" alt=\"\" width=\"925\" height=\"478\" srcset=\"https:\/\/havamall.vn\/wp-content\/uploads\/2020\/06\/product_view0101_banner-300x155.jpg 300w, https:\/\/havamall.vn\/wp-content\/uploads\/2020\/06\/product_view0101_banner-430x222.jpg 430w, https:\/\/havamall.vn\/wp-content\/uploads\/2020\/06\/product_view0101_banner-150x77.jpg 150w, https:\/\/havamall.vn\/wp-content\/uploads\/2020\/06\/product_view0101_banner-700x361.jpg 700w, https:\/\/havamall.vn\/wp-content\/uploads\/2020\/06\/product_view0101_banner-768x396.jpg 768w, https:\/\/havamall.vn\/wp-content\/uploads\/2020\/06\/product_view0101_banner-1024x528.jpg 1024w, https:\/\/havamall.vn\/wp-content\/uploads\/2020\/06\/product_view0101_banner-1200x619.jpg 1200w, https:\/\/havamall.vn\/wp-content\/uploads\/2020\/06\/product_view0101_banner-600x309.jpg 600w, https:\/\/havamall.vn\/wp-content\/uploads\/2020\/06\/product_view0101_banner.jpg 1552w\" sizes=\"(max-width: 925px) 100vw, 925px\" \/><\/p>\n<h1><strong>\u0110\u1eb7c \u0111i\u1ec3m n\u1ed5i b\u1eadt c\u1ee7a s\u1ea3n ph\u1ea9m<\/strong><\/h1>\n<p class=\"font_8 color_12\">Chilsung Cider hay c\u00f2n \u0111\u01b0\u1ee3c g\u1ecdi l\u00e0 Soda chanh l\u00e0 m\u1ed9t th\u1ee9c u\u1ed1ng ng\u1ecdt c\u00f3 ga \u0111i\u1ec3n h\u00ecnh \u1edf x\u1ee9 c\u1ee7 s\u00e2m. C\u00e1c th\u1ebf h\u1ec7 ng\u01b0\u1eddi d\u00e2n sinh ra trong giai \u0111o\u1ea1n b\u00f9ng n\u1ed5 d\u00e2n s\u1ed1 c\u1ee7a H\u00e0n Qu\u1ed1c, kho\u1ea3ng gi\u1eefa n\u0103m 1955 v\u00e0 1966, th\u01b0\u1eddng c\u1ea3m th\u1ea5y ho\u00e0i ni\u1ec7m v\u1ec1 nh\u1eefng chuy\u1ebfn \u0111i ch\u01a1i v\u00e0 nh\u1eefng \u0111\u1ed3 \u0103n d\u00e3 ngo\u1ea1i trong th\u1eddi th\u01a1 \u1ea5u c\u1ee7a h\u1ecd.<\/p>\n<p><img decoding=\"async\" class=\"wp-image-14888 aligncenter\" src=\"https:\/\/havamall.vn\/wp-content\/uploads\/2020\/06\/28805412882_ce51f2f691_b-300x200.jpg\" alt=\"\" width=\"854\" height=\"569\" srcset=\"https:\/\/havamall.vn\/wp-content\/uploads\/2020\/06\/28805412882_ce51f2f691_b-300x200.jpg 300w, https:\/\/havamall.vn\/wp-content\/uploads\/2020\/06\/28805412882_ce51f2f691_b-430x287.jpg 430w, https:\/\/havamall.vn\/wp-content\/uploads\/2020\/06\/28805412882_ce51f2f691_b-150x100.jpg 150w, https:\/\/havamall.vn\/wp-content\/uploads\/2020\/06\/28805412882_ce51f2f691_b-700x467.jpg 700w, https:\/\/havamall.vn\/wp-content\/uploads\/2020\/06\/28805412882_ce51f2f691_b-768x512.jpg 768w, https:\/\/havamall.vn\/wp-content\/uploads\/2020\/06\/28805412882_ce51f2f691_b.jpg 1024w, https:\/\/havamall.vn\/wp-content\/uploads\/2020\/06\/28805412882_ce51f2f691_b-600x400.jpg 600w\" sizes=\"(max-width: 854px) 100vw, 854px\" \/><\/p>\n<p class=\"font_8 color_12\">Hai trong s\u1ed1 c\u00e1c lo\u1ea1i th\u1ef1c ph\u1ea9m ph\u1ed5 bi\u1ebfn nh\u1ea5t trong c\u00e1c chuy\u1ebfn d\u00e3 ngo\u1ea1i gimbap, m\u1ed9t lo\u1ea1i c\u01a1m v\u00e0 rau cu\u1ed9n b\u00ean trong rong bi\u1ec3n v\u00e0 tr\u1ee9ng lu\u1ed9c. Hai m\u00f3n \u0103n nh\u1eb9 t\u1ea1o th\u00e0nh m\u1ed9t s\u1ef1 k\u1ebft h\u1ee3p ho\u00e0n h\u1ea3o khi u\u1ed1ng k\u00e8m v\u1edbi Chilsung Cider.<\/p>\n<p><img loading=\"lazy\" decoding=\"async\" class=\"wp-image-14889 aligncenter\" src=\"https:\/\/havamall.vn\/wp-content\/uploads\/2020\/06\/1000027168961_i3_1200-300x300.jpg\" alt=\"\" width=\"690\" height=\"690\" srcset=\"https:\/\/havamall.vn\/wp-content\/uploads\/2020\/06\/1000027168961_i3_1200-300x300.jpg 300w, https:\/\/havamall.vn\/wp-content\/uploads\/2020\/06\/1000027168961_i3_1200-430x430.jpg 430w, https:\/\/havamall.vn\/wp-content\/uploads\/2020\/06\/1000027168961_i3_1200-150x150.jpg 150w, https:\/\/havamall.vn\/wp-content\/uploads\/2020\/06\/1000027168961_i3_1200-700x700.jpg 700w, https:\/\/havamall.vn\/wp-content\/uploads\/2020\/06\/1000027168961_i3_1200-768x768.jpg 768w, https:\/\/havamall.vn\/wp-content\/uploads\/2020\/06\/1000027168961_i3_1200-1024x1024.jpg 1024w, https:\/\/havamall.vn\/wp-content\/uploads\/2020\/06\/1000027168961_i3_1200.jpg 1200w, https:\/\/havamall.vn\/wp-content\/uploads\/2020\/06\/1000027168961_i3_1200-600x600.jpg 600w, https:\/\/havamall.vn\/wp-content\/uploads\/2020\/06\/1000027168961_i3_1200-100x100.jpg 100w\" sizes=\"(max-width: 690px) 100vw, 690px\" \/><\/p>\n<p class=\"font_8 color_12\">Kho\u1ea3ng th\u1eddi gian n\u00e0y, m\u1ecdi ng\u01b0\u1eddi ph\u1ea3i v\u1eadt l\u1ed9n v\u1edbi \u0111\u00f3i ngh\u00e8o v\u00e0 \u0111\u1ed3 u\u1ed1ng c\u00f3 ga \u0111\u01b0\u1ee3c coi l\u00e0 m\u1ed9t th\u1ee9c u\u1ed1ng qu\u00fd gi\u00e1 m\u00e0 h\u1ecd ch\u1ec9 c\u00f3 th\u1ec3 th\u01b0\u1edfng th\u1ee9c v\u00e0o nh\u1eefng d\u1ecbp r\u1ea5t \u0111\u1eb7c bi\u1ec7t, ch\u1eb3ng h\u1ea1n nh\u01b0 t\u1ea1i nh\u1eefng bu\u1ed5i d\u00e3 ngo\u1ea1i v\u00e0 ng\u00e0y h\u1ed9i th\u1ec3 thao \u1edf tr\u01b0\u1eddng. \u0110\u00f3 l\u00e0 m\u1ed9t th\u1ee9c u\u1ed1ng xa x\u1ec9. C\u00f3 \u0111\u1ee7 s\u1ed1 n\u01b0\u1edbc ng\u1ecdt nhi\u1ec1u nh\u01b0 mong mu\u1ed1n l\u00e0 \u0111i\u1ec1u kh\u00f4ng bao gi\u1edd c\u00f3 th\u1ec3 x\u1ea3y ra. B\u1edfi v\u1eady, Chilsung Cider v\u1eabn l\u00e0 m\u1ed9t th\u01b0\u01a1ng hi\u1ec7u c\u00f3 th\u1ec3 g\u1ee3i l\u1ea1i nh\u1eefng ho\u00e0i ni\u1ec7m th\u1eddi th\u01a1 \u1ea5u c\u1ee7a nh\u1eefng ng\u01b0\u1eddi \u1edf \u0111\u1ed9 tu\u1ed5i 50 v\u00e0 60.\u00a0Nh\u1ea5m nh\u00e1p lo\u1ea1i \u0111\u1ed3 u\u1ed1ng n\u00e0y, th\u1eadm ch\u00ed ch\u1ec9 m\u1ed9t ng\u1ee5m nh\u1ecf c\u0169ng c\u00f3 th\u1ec3 c\u1ea3m nh\u1eadn h\u01b0\u01a1ng th\u01a1m c\u1ee7a chanh v\u00e0 v\u1ecb ng\u1ecdt lan t\u1ecfa kh\u1eafp mi\u1ec7ng. Th\u1eddi \u0111i\u1ec3m \u0111\u00f3, khi m\u00e0 d\u01b0\u1ee3c ph\u1ea9m c\u00f2n ch\u01b0a ph\u1ed5 bi\u1ebfn, m\u1ecdi ng\u01b0\u1eddi s\u1eed d\u1ee5ng Chilsung Cider nh\u01b0 l\u00e0 m\u1ed9t li\u1ec1u thu\u1ed1c thay th\u1ebf ti\u00eau h\u00f3a v\u00ec n\u00f3 gi\u00fap \u1ee3 h\u01a1i.<\/p>\n<p><img loading=\"lazy\" decoding=\"async\" class=\"wp-image-14890 aligncenter\" src=\"https:\/\/havamall.vn\/wp-content\/uploads\/2020\/06\/28879096896_aae57a21b3_h-200x300.jpg\" alt=\"\" width=\"555\" height=\"833\" srcset=\"https:\/\/havamall.vn\/wp-content\/uploads\/2020\/06\/28879096896_aae57a21b3_h-200x300.jpg 200w, https:\/\/havamall.vn\/wp-content\/uploads\/2020\/06\/28879096896_aae57a21b3_h-430x645.jpg 430w, https:\/\/havamall.vn\/wp-content\/uploads\/2020\/06\/28879096896_aae57a21b3_h-150x225.jpg 150w, https:\/\/havamall.vn\/wp-content\/uploads\/2020\/06\/28879096896_aae57a21b3_h-700x1050.jpg 700w, https:\/\/havamall.vn\/wp-content\/uploads\/2020\/06\/28879096896_aae57a21b3_h-768x1152.jpg 768w, https:\/\/havamall.vn\/wp-content\/uploads\/2020\/06\/28879096896_aae57a21b3_h-683x1024.jpg 683w, https:\/\/havamall.vn\/wp-content\/uploads\/2020\/06\/28879096896_aae57a21b3_h-600x900.jpg 600w, https:\/\/havamall.vn\/wp-content\/uploads\/2020\/06\/28879096896_aae57a21b3_h.jpg 1067w\" sizes=\"(max-width: 555px) 100vw, 555px\" \/><\/p>\n<p><strong>Th\u00e0nh ph\u1ea7n<\/strong>: N\u01b0\u1edbc tinh khi\u1ebft 85,54% siro ngo cao, \u0111\u01b0\u1eddng, v\u1ecb chanh, ch\u1ea5t b\u00e3o h\u00f2a CO2, syrup \u0111\u01b0\u1eddng ng\u00f4,&#8230;<\/p>\n<p><strong>Th\u1ec3 t\u00edch th\u1ef1c<\/strong>: 250ml\/lon<\/p>\n<p><strong>Nh\u00e0 s\u1ea3n xu\u1ea5t<\/strong>: Lotte Chilsung beverage Co.,LTD<\/p>\n<p><strong>Ng\u00e0y s\u1ea3n xu\u1ea5t<\/strong>: Tr\u01b0\u1edbc h\u1ea1n s\u1eed d\u1ee5ng 24 th\u00e1ng<\/p>\n<p><strong>H\u1ea1n s\u1eed d\u1ee5ng<\/strong>: Xem tr\u00ean bao b\u00ec s\u1ea3n ph\u1ea9m.<\/p>\n<p>H\u01b0\u1edbng d\u1eabn b\u1ea3o qu\u1ea3n: B\u1ea3o qu\u1ea3n n\u01a1i tho\u00e1ng m\u00e1t, tr\u00e1nh nhi\u1ec7t \u0111\u1ed9 cao v\u00e0 \u00e1nh n\u1eafng tr\u1ef1c ti\u1ebfp, sau khi m\u1edf n\u1eafp n\u00ean s\u1eed d\u1ee5ng ngay ho\u1eb7c b\u1ea3o qu\u1ea3n trong t\u1ee7 l\u1ea1nh<\/p>\n<p><img loading=\"lazy\" decoding=\"async\" class=\"wp-image-14891 aligncenter\" src=\"https:\/\/havamall.vn\/wp-content\/uploads\/2020\/06\/28625391540_5cf9fa13d8_b-300x200.jpg\" alt=\"\" width=\"892\" height=\"594\" srcset=\"https:\/\/havamall.vn\/wp-content\/uploads\/2020\/06\/28625391540_5cf9fa13d8_b-300x200.jpg 300w, https:\/\/havamall.vn\/wp-content\/uploads\/2020\/06\/28625391540_5cf9fa13d8_b-430x287.jpg 430w, https:\/\/havamall.vn\/wp-content\/uploads\/2020\/06\/28625391540_5cf9fa13d8_b-150x100.jpg 150w, https:\/\/havamall.vn\/wp-content\/uploads\/2020\/06\/28625391540_5cf9fa13d8_b-700x467.jpg 700w, https:\/\/havamall.vn\/wp-content\/uploads\/2020\/06\/28625391540_5cf9fa13d8_b-768x512.jpg 768w, https:\/\/havamall.vn\/wp-content\/uploads\/2020\/06\/28625391540_5cf9fa13d8_b.jpg 1024w, https:\/\/havamall.vn\/wp-content\/uploads\/2020\/06\/28625391540_5cf9fa13d8_b-600x400.jpg 600w\" sizes=\"(max-width: 892px) 100vw, 892px\" \/><\/p>\n<p><strong>H\u01b0\u01a1ng V\u1ecb<\/strong>: V\u1ecb chanh<\/p>\n<p>N\u01b0\u1edbc Ng\u1ecdt c\u00f3 ga Chilsung Cider Lon 250ML mang l\u1ea1i c\u1ea3m gi\u00e1c s\u1ea3ng kho\u00e1i v\u00e0 t\u01b0\u01a1i m\u1edbi cho b\u1ea1n trong th\u1eddi ti\u1ebft m\u00f9a h\u00e8 oi b\u1ee9c. V\u1edbi v\u1ecb chanh thanh m\u00e1t, n\u01b0\u1edbc ng\u1ecdt Chilsung Cider c\u00f3 gas l\u00e0 th\u1ee9c u\u1ed1ng b\u1ed5 sung d\u01b0\u1ee1ng ch\u1ea5t v\u00e0 vitamin c\u1ea7n thi\u1ebft cho m\u1ecdi ng\u01b0\u1eddi trong gia \u0111\u00ecnh.<\/p>\n<p><img loading=\"lazy\" decoding=\"async\" class=\"wp-image-14892 aligncenter\" src=\"https:\/\/havamall.vn\/wp-content\/uploads\/2020\/06\/1000027168961_i2_1200-300x300.jpg\" alt=\"\" width=\"785\" height=\"785\" srcset=\"https:\/\/havamall.vn\/wp-content\/uploads\/2020\/06\/1000027168961_i2_1200-300x300.jpg 300w, https:\/\/havamall.vn\/wp-content\/uploads\/2020\/06\/1000027168961_i2_1200-430x430.jpg 430w, https:\/\/havamall.vn\/wp-content\/uploads\/2020\/06\/1000027168961_i2_1200-150x150.jpg 150w, https:\/\/havamall.vn\/wp-content\/uploads\/2020\/06\/1000027168961_i2_1200-700x700.jpg 700w, https:\/\/havamall.vn\/wp-content\/uploads\/2020\/06\/1000027168961_i2_1200-768x768.jpg 768w, https:\/\/havamall.vn\/wp-content\/uploads\/2020\/06\/1000027168961_i2_1200-1024x1024.jpg 1024w, https:\/\/havamall.vn\/wp-content\/uploads\/2020\/06\/1000027168961_i2_1200.jpg 1200w, https:\/\/havamall.vn\/wp-content\/uploads\/2020\/06\/1000027168961_i2_1200-600x600.jpg 600w, https:\/\/havamall.vn\/wp-content\/uploads\/2020\/06\/1000027168961_i2_1200-100x100.jpg 100w\" sizes=\"(max-width: 785px) 100vw, 785px\" \/><\/p>\n<p><strong>C\u00f4ng d\u1ee5ng<\/strong>: gi\u1ea3i kh\u00e1t, b\u1ed5 sung vitamin v\u00e0 n\u0103ng l\u01b0\u1ee3ng t\u1ed1t cho s\u1ee9c kh\u1ecfe.<\/p>\n<p>Quy c\u00e1ch \u0111\u00f3ng g\u00f3i v\u00e0 ch\u1ea5t li\u1ec7u bao b\u00ec:<\/p>\n<ul>\n<li>Quy tr\u00ecnh s\u1ea3n xu\u1ea5t \u0111\u01b0\u1ee3c gi\u00e1m s\u00e1t nghi\u00eam ng\u1eb7t, \u0111\u1ea1t chu\u1ea9n an to\u00e0n v\u1ec7 sinh th\u1ef1c ph\u1ea9m.<\/li>\n<li>Bao b\u00ec, logo, th\u00f4ng tin \u0111\u01b0\u1ee3c ki\u1ec3m tra k\u0129 c\u00e0ng b\u1eb1ng thi\u1ebft b\u1ecb m\u00e1y m\u00f3c c\u00f4ng ngh\u1ec7 cao.<\/li>\n<li>\u0110\u00f3ng g\u00f3i trong lon ti\u1ec7n d\u1ee5ng, d\u1ec5 d\u00e0ng mang theo khi du l\u1ecbch, d\u00e3 ngo\u1ea1i.<\/li>\n<li>S\u1ea3n ph\u1ea9m \u0111\u01b0\u1ee3c nh\u1eadp kh\u1ea9u t\u1eeb H\u00e0n Qu\u1ed1c<\/li>\n<\/ul>\n<p><img loading=\"lazy\" decoding=\"async\" class=\"wp-image-14893 aligncenter\" src=\"https:\/\/havamall.vn\/wp-content\/uploads\/2020\/06\/87729668_477497829799898_2842537517616244320_n-300x300.jpg\" alt=\"\" width=\"618\" height=\"618\" srcset=\"https:\/\/havamall.vn\/wp-content\/uploads\/2020\/06\/87729668_477497829799898_2842537517616244320_n-300x300.jpg 300w, https:\/\/havamall.vn\/wp-content\/uploads\/2020\/06\/87729668_477497829799898_2842537517616244320_n-430x429.jpg 430w, https:\/\/havamall.vn\/wp-content\/uploads\/2020\/06\/87729668_477497829799898_2842537517616244320_n-150x150.jpg 150w, https:\/\/havamall.vn\/wp-content\/uploads\/2020\/06\/87729668_477497829799898_2842537517616244320_n-600x599.jpg 600w, https:\/\/havamall.vn\/wp-content\/uploads\/2020\/06\/87729668_477497829799898_2842537517616244320_n-100x100.jpg 100w, https:\/\/havamall.vn\/wp-content\/uploads\/2020\/06\/87729668_477497829799898_2842537517616244320_n.jpg 640w\" sizes=\"(max-width: 618px) 100vw, 618px\" \/><\/p>\n<p><img loading=\"lazy\" decoding=\"async\" class=\"wp-image-14909 aligncenter\" src=\"https:\/\/havamall.vn\/wp-content\/uploads\/2020\/06\/83444905_610632836400865_3639692256521631512_n-300x300.jpg\" alt=\"\" width=\"616\" height=\"616\" srcset=\"https:\/\/havamall.vn\/wp-content\/uploads\/2020\/06\/83444905_610632836400865_3639692256521631512_n-300x300.jpg 300w, https:\/\/havamall.vn\/wp-content\/uploads\/2020\/06\/83444905_610632836400865_3639692256521631512_n-430x430.jpg 430w, https:\/\/havamall.vn\/wp-content\/uploads\/2020\/06\/83444905_610632836400865_3639692256521631512_n-150x150.jpg 150w, https:\/\/havamall.vn\/wp-content\/uploads\/2020\/06\/83444905_610632836400865_3639692256521631512_n-600x600.jpg 600w, https:\/\/havamall.vn\/wp-content\/uploads\/2020\/06\/83444905_610632836400865_3639692256521631512_n-100x100.jpg 100w, https:\/\/havamall.vn\/wp-content\/uploads\/2020\/06\/83444905_610632836400865_3639692256521631512_n.jpg 640w\" sizes=\"(max-width: 616px) 100vw, 616px\" \/><\/p>\n<p><em><strong>Th\u00f4ng tin c\u1ea3nh b\u00e1o<\/strong><\/em>: Kh\u00f4ng u\u1ed1ng n\u1ebfu h\u1ed9p \u0111\u1ef1ng b\u1ecb h\u01b0 h\u1ecfng ho\u1eb7c n\u1ebfu s\u1ea3n ph\u1ea9m b\u00ean trong \u0111\u00e3 b\u1ecb bi\u1ebfn ch\u1ebft.<\/p>\n<p>&nbsp;<\/p>\n<p>&nbsp;<\/p>","protected":false},"excerpt":{"rendered":"<ul>\n<li><strong>N\u01b0\u1edbc Soda Chanh Chilsung Cider l\u00e0\u00a0<\/strong>th\u1ee9c u\u1ed1ng mang l\u1ea1i c\u1ea3m gi\u00e1c s\u1ea3ng kho\u00e1i v\u00e0 t\u01b0\u01a1i m\u1edbi cho b\u1ea1n trong th\u1eddi ti\u1ebft m\u00f9a h\u00e8 oi b\u1ee9c. V\u1edbi v\u1ecb chanh thanh m\u00e1t, l\u00e0 th\u1ee9c u\u1ed1ng b\u1ed5 sung d\u01b0\u1ee1ng ch\u1ea5t v\u00e0 vitamin c\u1ea7n thi\u1ebft cho m\u1ecdi ng\u01b0\u1eddi trong gia \u0111\u00ecnh.<\/li>\n<li>C\u00f4ng d\u1ee5ng: gi\u1ea3i kh\u00e1t, b\u1ed5 sung vitamin v\u00e0 n\u0103ng l\u01b0\u1ee3ng t\u1ed1t cho s\u1ee9c kh\u1ecfe.<\/li>\n<li>Quy tr\u00ecnh s\u1ea3n xu\u1ea5t \u0111\u01b0\u1ee3c gi\u00e1m s\u00e1t nghi\u00eam ng\u1eb7t, \u0111\u1ea1t chu\u1ea9n an to\u00e0n v\u1ec7 sinh th\u1ef1c ph\u1ea9m.<\/li>\n<li>Bao b\u00ec, logo, th\u00f4ng tin \u0111\u01b0\u1ee3c ki\u1ec3m tra k\u0129 c\u00e0ng b\u1eb1ng thi\u1ebft b\u1ecb m\u00e1y m\u00f3c c\u00f4ng ngh\u1ec7 cao.<\/li>\n<li>\u0110\u00f3ng g\u00f3i trong lon ch\u1eafc ch\u1eafn, ti\u1ec7n d\u1ee5ng, d\u1ec5 d\u00e0ng mang theo khi du l\u1ecbch, d\u00e3 ngo\u1ea1i.<\/li>\n<\/ul>","protected":false},"featured_media":14894,"comment_status":"open","ping_status":"closed","template":"","meta":[],"product_brand":[],"product_cat":[36,135],"product_tag":[],"class_list":{"0":"post-14884","1":"product","2":"type-product","3":"status-publish","4":"has-post-thumbnail","6":"product_cat-thuc-pham-tieu-dung","7":"product_cat-sua-do-uong","9":"first","10":"instock","11":"sale","12":"shipping-taxable","13":"purchasable","14":"product-type-simple"},"_links":{"self":[{"href":"https:\/\/havamall.vn\/en\/wp-json\/wp\/v2\/product\/14884"}],"collection":[{"href":"https:\/\/havamall.vn\/en\/wp-json\/wp\/v2\/product"}],"about":[{"href":"https:\/\/havamall.vn\/en\/wp-json\/wp\/v2\/types\/product"}],"replies":[{"embeddable":true,"href":"https:\/\/havamall.vn\/en\/wp-json\/wp\/v2\/comments?post=14884"}],"version-history":[{"count":0,"href":"https:\/\/havamall.vn\/en\/wp-json\/wp\/v2\/product\/14884\/revisions"}],"wp:featuredmedia":[{"embeddable":true,"href":"https:\/\/havamall.vn\/en\/wp-json\/wp\/v2\/media\/14894"}],"wp:attachment":[{"href":"https:\/\/havamall.vn\/en\/wp-json\/wp\/v2\/media?parent=14884"}],"wp:term":[{"taxonomy":"product_brand","embeddable":true,"href":"https:\/\/havamall.vn\/en\/wp-json\/wp\/v2\/product_brand?post=14884"},{"taxonomy":"product_cat","embeddable":true,"href":"https:\/\/havamall.vn\/en\/wp-json\/wp\/v2\/product_cat?post=14884"},{"taxonomy":"product_tag","embeddable":true,"href":"https:\/\/havamall.vn\/en\/wp-json\/wp\/v2\/product_tag?post=14884"}],"curies":[{"name":"wp","href":"https:\/\/api.w.org\/{rel}","templated":true}]}}