{"id":14774,"date":"2020-06-10T11:45:20","date_gmt":"2020-06-10T04:45:20","guid":{"rendered":"https:\/\/havamall.vn\/?post_type=product&#038;p=14774"},"modified":"2021-08-17T19:30:09","modified_gmt":"2021-08-17T12:30:09","slug":"keo-mut-no-nho-15g-explosive-lolipop-grape-flavor-15gr","status":"publish","type":"product","link":"https:\/\/havamall.vn\/en\/shop\/keo-mut-no-nho-15g-explosive-lolipop-grape-flavor-15gr\/","title":{"rendered":"K\u1eb9o M\u00fat N\u1ed5 Nho 14g  \u2013 Explosive Lolipop Grape Flavor 14gr"},"content":{"rendered":"<p>K\u1eb9o n\u1ed5 m\u1ed9t trong nh\u1eefng lo\u1ea1i k\u1eb9o y\u00eau th\u00edch c\u1ee7a c\u00e1c b\u00e9 v\u00e0 \u0111\u00f4i khi l\u00e0 c\u1ea3 ng\u01b0\u1eddi l\u1edbn, nh\u1eefng ti\u1ebfng n\u1ed5 b\u00f4m n\u1ed1p vui mi\u1ec7ng c\u00f9ng h\u01b0\u01a1ng v\u1ecb chua chua ng\u1ecdt ng\u1ecdt l\u00e0 \u0111\u00e1ng nh\u1edb h\u01a1n h\u1ebft.<\/p>\n<p>K\u1eb9o n\u1ed5 t\u00ed t\u00e1ch khi ng\u1eadm trong mi\u1ec7ng. Vui vui, l\u1ea1 l\u1ea1, r\u00f4m r\u1ea3 c\u1ea3 nh\u00e0. V\u1edbi h\u01b0\u01a1ng v\u1ecb Nho th\u01a1m n\u1ed3ng, h\u00f2a quy\u1ec7n v\u1edbi v\u1ecb ng\u1ecdt thanh c\u1ee7a k\u1eb9o m\u00fat, t\u1ea1o ra c\u1ea3m gi\u00e1c th\u00edch th\u00fa khi \u0103n, \u0111\u1eb7c bi\u1ec7t l\u00e0 c\u00e1c em nh\u1ecf.<\/p>\n<div>\n<div><img decoding=\"async\" src=\"https:\/\/havamall.vn\/wp-content\/uploads\/2019\/04\/4e820c4ceefb0ca555ea.png\" \/><\/div>\n<\/div>\n<p>C\u1ea3m nh\u1eadn v\u1ecb ng\u1ecdt ng\u00e0o c\u1ee7a tr\u00e1i c\u00e2y t\u1ef1 nhi\u00ean ch\u1eafc h\u1eb3n s\u1ebd r\u1ea5t th\u00fa v\u1ecb thu h\u00fat c\u1ea3 ng\u01b0\u1eddi l\u1edbn v\u00e0 tr\u1ebb nh\u1ecf. K\u1eb9o r\u1ea5t th\u00edch h\u1ee3p l\u00e0m m\u00f3n tr\u00e1ng mi\u1ec7ng trong b\u1eefa \u0103n tr\u01b0a ho\u1eb7c l\u00e0m th\u1ee9c \u0103n nh\u1eb9<\/p>\n<p><img fetchpriority=\"high\" decoding=\"async\" class=\"wp-image-12141 aligncenter\" src=\"https:\/\/havamall.vn\/wp-content\/uploads\/2019\/08\/9000001_4895138304610_2-300x225.jpg\" alt=\"\" width=\"700\" height=\"525\" srcset=\"https:\/\/havamall.vn\/wp-content\/uploads\/2019\/08\/9000001_4895138304610_2-300x225.jpg 300w, https:\/\/havamall.vn\/wp-content\/uploads\/2019\/08\/9000001_4895138304610_2-430x323.jpg 430w, https:\/\/havamall.vn\/wp-content\/uploads\/2019\/08\/9000001_4895138304610_2-150x113.jpg 150w, https:\/\/havamall.vn\/wp-content\/uploads\/2019\/08\/9000001_4895138304610_2-700x525.jpg 700w, https:\/\/havamall.vn\/wp-content\/uploads\/2019\/08\/9000001_4895138304610_2-768x576.jpg 768w, https:\/\/havamall.vn\/wp-content\/uploads\/2019\/08\/9000001_4895138304610_2-1024x768.jpg 1024w, https:\/\/havamall.vn\/wp-content\/uploads\/2019\/08\/9000001_4895138304610_2-1200x900.jpg 1200w, https:\/\/havamall.vn\/wp-content\/uploads\/2019\/08\/9000001_4895138304610_2-600x450.jpg 600w, https:\/\/havamall.vn\/wp-content\/uploads\/2019\/08\/9000001_4895138304610_2.jpg 1440w\" sizes=\"(max-width: 700px) 100vw, 700px\" \/><\/p>\n<p>M\u1ed9t trong nh\u1eefng lo\u1ea1i k\u1eb9o g\u1eafn li\u1ec1n v\u1edbi tu\u1ed5i th\u01a1 c\u1ee7a ch\u00fang ta. Nh\u1eefng v\u1ee5n k\u1eb9o b\u00e9 t\u00ed v\u1eeba ng\u1ecdt v\u1eeba th\u01a1m n\u1ee9c v\u1ecb tr\u00e1i c\u00e2y, \u0111\u1eb7c bi\u1ec7t khi v\u1eeba b\u1ecf v\u00e0o mi\u1ec7ng l\u00e0 n\u1ed5 l\u1ed1p b\u1ed1p nh\u01b0 qu\u1ea3 bom t\u00ed hon ph\u00e1t n\u1ed5 v\u1eady . V\u1eeba ngon l\u1ea1i th\u00fa v\u1ecb v\u00f4 c\u00f9ng.<\/p>\n<p>Xu\u1ea5t x\u1ee9 : Hongkong<\/p>\n<p>Th\u1eddi h\u1ea1n s\u1eed d\u1ee5ng: 12 th\u00e1ng k\u1ec3 t\u1eeb ng\u00e0y s\u1ea3n xu\u1ea5t<\/p>\n<p><img decoding=\"async\" class=\"wp-image-14775 aligncenter\" src=\"https:\/\/havamall.vn\/wp-content\/uploads\/2020\/06\/k\u1eb9o-nho-300x300.jpg\" alt=\"\" width=\"645\" height=\"645\" srcset=\"https:\/\/havamall.vn\/wp-content\/uploads\/2020\/06\/k\u1eb9o-nho-300x300.jpg 300w, https:\/\/havamall.vn\/wp-content\/uploads\/2020\/06\/k\u1eb9o-nho-430x430.jpg 430w, https:\/\/havamall.vn\/wp-content\/uploads\/2020\/06\/k\u1eb9o-nho-150x150.jpg 150w, https:\/\/havamall.vn\/wp-content\/uploads\/2020\/06\/k\u1eb9o-nho-700x700.jpg 700w, https:\/\/havamall.vn\/wp-content\/uploads\/2020\/06\/k\u1eb9o-nho-768x768.jpg 768w, https:\/\/havamall.vn\/wp-content\/uploads\/2020\/06\/k\u1eb9o-nho-600x600.jpg 600w, https:\/\/havamall.vn\/wp-content\/uploads\/2020\/06\/k\u1eb9o-nho-100x100.jpg 100w, https:\/\/havamall.vn\/wp-content\/uploads\/2020\/06\/k\u1eb9o-nho.jpg 800w\" sizes=\"(max-width: 645px) 100vw, 645px\" \/><\/p>\n<p>&nbsp;<\/p>","protected":false},"excerpt":{"rendered":"<p>K\u1eb9o n\u1ed5 m\u1ed9t trong nh\u1eefng lo\u1ea1i k\u1eb9o y\u00eau th\u00edch c\u1ee7a c\u00e1c b\u00e9 v\u00e0 \u0111\u00f4i khi l\u00e0 c\u1ea3 ng\u01b0\u1eddi l\u1edbn, nh\u1eefng<\/p>","protected":false},"featured_media":14775,"comment_status":"open","ping_status":"closed","template":"","meta":[],"product_brand":[],"product_cat":[36,133],"product_tag":[],"class_list":{"0":"post-14774","1":"product","2":"type-product","3":"status-publish","4":"has-post-thumbnail","6":"product_cat-thuc-pham-tieu-dung","7":"product_cat-banh-keo-chocolate","8":"pa_brand-striking","10":"first","11":"outofstock","12":"sale","13":"shipping-taxable","14":"purchasable","15":"product-type-simple"},"_links":{"self":[{"href":"https:\/\/havamall.vn\/en\/wp-json\/wp\/v2\/product\/14774"}],"collection":[{"href":"https:\/\/havamall.vn\/en\/wp-json\/wp\/v2\/product"}],"about":[{"href":"https:\/\/havamall.vn\/en\/wp-json\/wp\/v2\/types\/product"}],"replies":[{"embeddable":true,"href":"https:\/\/havamall.vn\/en\/wp-json\/wp\/v2\/comments?post=14774"}],"version-history":[{"count":0,"href":"https:\/\/havamall.vn\/en\/wp-json\/wp\/v2\/product\/14774\/revisions"}],"wp:featuredmedia":[{"embeddable":true,"href":"https:\/\/havamall.vn\/en\/wp-json\/wp\/v2\/media\/14775"}],"wp:attachment":[{"href":"https:\/\/havamall.vn\/en\/wp-json\/wp\/v2\/media?parent=14774"}],"wp:term":[{"taxonomy":"product_brand","embeddable":true,"href":"https:\/\/havamall.vn\/en\/wp-json\/wp\/v2\/product_brand?post=14774"},{"taxonomy":"product_cat","embeddable":true,"href":"https:\/\/havamall.vn\/en\/wp-json\/wp\/v2\/product_cat?post=14774"},{"taxonomy":"product_tag","embeddable":true,"href":"https:\/\/havamall.vn\/en\/wp-json\/wp\/v2\/product_tag?post=14774"}],"curies":[{"name":"wp","href":"https:\/\/api.w.org\/{rel}","templated":true}]}}