{"id":14756,"date":"2020-06-10T10:18:23","date_gmt":"2020-06-10T03:18:23","guid":{"rendered":"https:\/\/havamall.vn\/?post_type=product&#038;p=14756"},"modified":"2021-06-24T15:16:54","modified_gmt":"2021-06-24T08:16:54","slug":"banh-cuon-gion-rong-bien-chen-pin-160g-chen-pin-grain-roll-seaweed-flavor-160g","status":"publish","type":"product","link":"https:\/\/havamall.vn\/en\/shop\/banh-cuon-gion-rong-bien-chen-pin-160g-chen-pin-grain-roll-seaweed-flavor-160g\/","title":{"rendered":"B\u00e1nh Cu\u1ed9n Gi\u00f2n Rong Bi\u1ec3n Chen Pin 160g &#8211; Chen Pin Grain Roll Seaweed Flavor 160g"},"content":{"rendered":"<h1><strong>Th\u00f4ng tin chung<\/strong><\/h1>\n<table width=\"813\">\n<tbody>\n<tr>\n<td>Th\u01b0\u01a1ng hi\u1ec7u<\/td>\n<td>Chen Pin<\/td>\n<\/tr>\n<tr>\n<td>Xu\u1ea5t x\u1ee9<\/td>\n<td>\u0110\u00e0i Loan<\/td>\n<\/tr>\n<tr>\n<td>Kh\u1ed1i l\u01b0\u1ee3ng t\u1ecbnh<\/td>\n<td>160g<\/td>\n<\/tr>\n<tr>\n<td>H\u1ea1n s\u1eed d\u1ee5ng<\/td>\n<td>12 th\u00e1ng k\u1ec3 t\u1eeb ng\u00e0y s\u1ea3n xu\u1ea5t<\/td>\n<\/tr>\n<\/tbody>\n<\/table>\n<p><img fetchpriority=\"high\" decoding=\"async\" class=\"wp-image-14758 aligncenter\" src=\"https:\/\/havamall.vn\/wp-content\/uploads\/2020\/06\/unnamed-4-1-300x300.jpg\" alt=\"\" width=\"541\" height=\"540\" srcset=\"https:\/\/havamall.vn\/wp-content\/uploads\/2020\/06\/unnamed-4-1-300x300.jpg 300w, https:\/\/havamall.vn\/wp-content\/uploads\/2020\/06\/unnamed-4-1-430x430.jpg 430w, https:\/\/havamall.vn\/wp-content\/uploads\/2020\/06\/unnamed-4-1-150x150.jpg 150w, https:\/\/havamall.vn\/wp-content\/uploads\/2020\/06\/unnamed-4-1-100x100.jpg 100w, https:\/\/havamall.vn\/wp-content\/uploads\/2020\/06\/unnamed-4-1.jpg 512w\" sizes=\"(max-width: 541px) 100vw, 541px\" \/><\/p>\n<p>B\u00e1nh cu\u1ed9n gi\u00f2n Rong bi\u1ec3n Chen Pin l\u00e0 s\u1ea3n ph\u1ea9m b\u00e1nh k\u1eb9o ch\u1ea5t l\u01b0\u1ee3ng cao \u0111\u1ebfn t\u1eeb \u0110\u00e0i Loan. B\u00e1nh ng\u1ecdt d\u1ecbu v\u1ecb rong bi\u1ec3n, h\u01b0\u01a1ng th\u01a1m ng\u1eady r\u1ea5t h\u1ea5p d\u1eabn khi th\u01b0\u1edfng th\u1ee9c.\u00a0T\u1eebng chi\u1ebfc b\u00e1nh cu\u1ed9n tr\u00f2n d\u00e0i v\u1eeba mi\u1ec7ng, gi\u00f2n r\u1ee5m, th\u01a1m m\u00f9i rong bi\u1ec3n s\u1ebd \u0111em \u0111\u1ebfn nh\u1eefng b\u1eefa \u0103n nh\u1eb9 ngon mi\u1ec7ng. V\u1edbi ng\u01b0\u1eddi l\u1edbn, c\u00f3 th\u1ec3 th\u01b0\u1edfng th\u1ee9c b\u00e1nh c\u00f9ng tr\u00e0 hay m\u1ed9t ly c\u00e0 ph\u00ea.<\/p>\n<p>Quy tr\u00ecnh s\u1ea3n xu\u1ea5t v\u00e0 \u0111\u00f3ng g\u00f3i B\u00e1nh cu\u1ed9n gi\u00f2n Rong bi\u1ec3n Chen Pin ho\u00e0n to\u00e0n kh\u00e9p k\u00edn, tu\u00e2n th\u1ee7 nghi\u00eam ng\u1eb7t c\u00e1c \u0111i\u1ec1u ki\u1ec7n v\u1ec1 v\u1ec7 sinh an to\u00e0n th\u1ef1c ph\u1ea9m n\u00ean ng\u01b0\u1eddi ti\u00eau d\u00f9ng ho\u00e0n to\u00e0n c\u00f3 th\u1ec3 y\u00ean t\u00e2m khi s\u1eed d\u1ee5ng s\u1ea3n ph\u1ea9m.<\/p>\n<p><img decoding=\"async\" class=\"wp-image-14753 aligncenter\" src=\"https:\/\/havamall.vn\/wp-content\/uploads\/2020\/06\/11593665-300x300.png\" alt=\"\" width=\"660\" height=\"661\" srcset=\"https:\/\/havamall.vn\/wp-content\/uploads\/2020\/06\/11593665-300x300.png 300w, https:\/\/havamall.vn\/wp-content\/uploads\/2020\/06\/11593665-430x430.png 430w, https:\/\/havamall.vn\/wp-content\/uploads\/2020\/06\/11593665-150x150.png 150w, https:\/\/havamall.vn\/wp-content\/uploads\/2020\/06\/11593665-700x700.png 700w, https:\/\/havamall.vn\/wp-content\/uploads\/2020\/06\/11593665-768x768.png 768w, https:\/\/havamall.vn\/wp-content\/uploads\/2020\/06\/11593665-600x600.png 600w, https:\/\/havamall.vn\/wp-content\/uploads\/2020\/06\/11593665-100x100.png 100w, https:\/\/havamall.vn\/wp-content\/uploads\/2020\/06\/11593665.png 800w\" sizes=\"(max-width: 660px) 100vw, 660px\" \/><\/p>\n<p>V\u1edbi quy c\u00e1ch \u0111\u00f3ng g\u00f3i l\u1ecbch s\u1ef1, c\u00f3 th\u1ec3 s\u1eed d\u1ee5ng B\u00e1nh cu\u1ed9n gi\u00f2n Rong bi\u1ec3n Chen Pin trong gia \u0111\u00ecnh ho\u1eb7c d\u00f9ng l\u00e0m qu\u00e0 t\u1eb7ng ng\u1ecdt ng\u00e0o d\u00e0nh cho ng\u01b0\u1eddi th\u00e2n, b\u1ea1n b\u00e8, \u0111\u1ed3ng nghi\u1ec7p.<\/p>\n<p>L\u00e0 ngu\u1ed3n cung c\u1ea5p c\u00e1c kho\u00e1ng ch\u1ea5t v\u00e0 vitamin thi\u1ebft y\u1ebfu cho c\u01a1 th\u1ec3. S\u1ea3n ph\u1ea9m \u0111\u01b0\u1ee3c s\u1ea3n xu\u1ea5t theo c\u00f4ng ngh\u1ec7 hi\u1ec7n \u0111\u1ea1i, kh\u00f4ng ch\u1ee9a h\u00f3a ch\u1ea5t, ch\u1ea5t b\u1ea3o qu\u1ea3n \u0111\u1ed9c h\u1ea1i, \u0111\u1ea3m b\u1ea3o an to\u00e0n cho s\u1ee9c kh\u1ecfe ng\u01b0\u1eddi ti\u00eau d\u00f9ng.<\/p>\n<h1><strong>\u0110\u1eb7c \u0111i\u1ec3m chung<\/strong><\/h1>\n<p>B\u00e1nh \u0111\u01b0\u1ee3c k\u1ebft h\u1ee3p b\u1edfi 5 h\u01b0\u01a1ng v\u1ecb ng\u0169 c\u1ed1c th\u01a1m ngon, t\u1ef1 nhi\u00ean t\u1edbi t\u1eeb x\u1ee9 s\u1edf \u0110\u00e0i Loan.<\/p>\n<p><strong>Th\u00e0nh ph\u1ea7n:<\/strong><\/p>\n<p id=\"tw-target-text\" class=\"tw-data-text tw-text-large XcVN5d tw-ta\" dir=\"ltr\"><span lang=\"vi\">G\u1ea1o l\u1ee9t, d\u1ea7u c\u1ecd, Maltodextrin, g\u1ea1o, ng\u00f4, \u0111\u01b0\u1eddng h\u1ea1t, b\u1ed9t rong bi\u1ec3n, b\u1ed9t \u0111\u1eadu n\u00e0nh (\u0111\u1eadu n\u00e0nh, l\u00faa m\u00ec, mu\u1ed1i, \u0111\u01b0\u1eddng), b\u1ed9t y\u1ebfn m\u1ea1ch, \u0111\u1eadu xanh, ki\u1ec1u m\u1ea1ch, sen nghi\u1ec1n, \u0111\u1eadu xanh, \u0111\u1eadu \u0111\u1ecf, \u0111\u1eadu \u0111\u1ecf \u0110\u1eadu th\u1eadn l\u1ed1m \u0111\u1ed1m, \u0110\u1eadu n\u00e0nh \u0111en, G\u1ea1o n\u1ebfp \u0111en<\/span><\/p>\n<p><strong>Th\u00e0nh ph\u1ea7n dinh d\u01b0\u1ee1ng<\/strong>: cho m\u1ed7i kh\u1ea9u ph\u1ea7n 60gr<\/p>\n<p><strong>Protein<\/strong>: 0.3gr<\/p>\n<p><strong>Ch\u1ea5t b\u00e9o<\/strong>: 4gr<\/p>\n<p><strong>Ch\u1ea5t b\u00e9o b\u00e3o h\u00f2a<\/strong>: 2gr<\/p>\n<p><strong>Ch\u1ea5t b\u00e9o chuy\u1ec3n h\u00f3a:<\/strong> 0gr<\/p>\n<p><strong>Carbohydrate<\/strong>: 5gr<\/p>\n<p>S\u1ea3n ph\u1ea9m c\u00f3 th\u1ec3 \u0111\u01b0\u1ee3c s\u1eed d\u1ee5ng cho ch\u1ebf \u0111\u1ed9 \u0103n chay<\/p>\n<p>&nbsp;<\/p>\n<h1><strong>C\u00e1ch s\u1eed d\u1ee5ng v\u00e0 b\u1ea3o qu\u1ea3n<\/strong><\/h1>\n<p><b>H\u01b0\u1edbng d\u1eabn s\u1eed d\u1ee5ng:<\/b>\u00a0D\u00f9ng tr\u1ef1c ti\u1ebfp. Nhanh ch\u00f3ng d\u00f9ng h\u1ebft sau khi m\u1edf bao b\u00ec.<\/p>\n<p><b>H\u01b0\u1edbng d\u1eabn b\u1ea3o qu\u1ea3n:<\/b>\u00a0B\u1ea3o qu\u1ea3n n\u01a1i kh\u00f4 r\u00e1o, tho\u00e1ng m\u00e1t, tr\u00e1nh \u00e1nh n\u1eafng tr\u1ef1c ti\u1ebfp.<\/p>\n<p><b>C\u1ea3nh b\u00e1o<\/b><b>:<\/b>\u00a0C\u1ea9n tr\u1ecdng khi m\u1edf n\u1ebfu kh\u00f4ng s\u1ebd b\u1ecb \u0111\u1ee9t tay do vi\u1ec1n m\u1edf s\u1eafc<\/p>\n<p><b><i>*L\u01b0u \u00fd: Th\u00e0nh ph\u1ea7n c\u00f3 ch\u1ee9a l\u00faa m\u00ec, s\u1eefa b\u00f2 v\u00e0 ch\u1ebf ph\u1ea9m t\u1eeb s\u1eefa, tr\u1ee9ng v\u00e0 ch\u1ebf ph\u1ea9m t\u1eeb tr\u1ee9ng.<\/i><\/b><\/p>","protected":false},"excerpt":{"rendered":"<p>B\u00e1nh cu\u1ed9n gi\u00f2n rong bi\u1ec3n Chen Pin th\u01a1m l\u1eebng \u0111\u01b0\u1ee3c s\u1ea3n xu\u1ea5t tr\u00ean quy tr\u00ecnh c\u00f4ng ngh\u1ec7 hi\u1ec7n \u0111\u1ea1i, s\u1ea3n ph\u1ea9m ch\u1ea5t l\u01b0\u1ee3ng cao \u0111\u1ea3m b\u1ea3o an to\u00e0n v\u1ec7 sinh th\u1ef1c ph\u1ea9m, kh\u00f4ng h\u00f3a ch\u1ea5t, kh\u00f4ng ch\u1ea5t b\u1ea3o qu\u1ea3n an to\u00e0n cho s\u1ee9c kh\u1ecfe ng\u01b0\u1eddi ti\u00eau d\u00f9ng.<\/p>","protected":false},"featured_media":14760,"comment_status":"open","ping_status":"closed","template":"","meta":[],"product_brand":[],"product_cat":[36,133],"product_tag":[],"class_list":{"0":"post-14756","1":"product","2":"type-product","3":"status-publish","4":"has-post-thumbnail","6":"product_cat-thuc-pham-tieu-dung","7":"product_cat-banh-keo-chocolate","8":"pa_brand-shengtian","10":"first","11":"outofstock","12":"sale","13":"shipping-taxable","14":"purchasable","15":"product-type-simple"},"_links":{"self":[{"href":"https:\/\/havamall.vn\/en\/wp-json\/wp\/v2\/product\/14756"}],"collection":[{"href":"https:\/\/havamall.vn\/en\/wp-json\/wp\/v2\/product"}],"about":[{"href":"https:\/\/havamall.vn\/en\/wp-json\/wp\/v2\/types\/product"}],"replies":[{"embeddable":true,"href":"https:\/\/havamall.vn\/en\/wp-json\/wp\/v2\/comments?post=14756"}],"version-history":[{"count":0,"href":"https:\/\/havamall.vn\/en\/wp-json\/wp\/v2\/product\/14756\/revisions"}],"wp:featuredmedia":[{"embeddable":true,"href":"https:\/\/havamall.vn\/en\/wp-json\/wp\/v2\/media\/14760"}],"wp:attachment":[{"href":"https:\/\/havamall.vn\/en\/wp-json\/wp\/v2\/media?parent=14756"}],"wp:term":[{"taxonomy":"product_brand","embeddable":true,"href":"https:\/\/havamall.vn\/en\/wp-json\/wp\/v2\/product_brand?post=14756"},{"taxonomy":"product_cat","embeddable":true,"href":"https:\/\/havamall.vn\/en\/wp-json\/wp\/v2\/product_cat?post=14756"},{"taxonomy":"product_tag","embeddable":true,"href":"https:\/\/havamall.vn\/en\/wp-json\/wp\/v2\/product_tag?post=14756"}],"curies":[{"name":"wp","href":"https:\/\/api.w.org\/{rel}","templated":true}]}}