{"id":14633,"date":"2020-05-26T17:23:22","date_gmt":"2020-05-26T10:23:22","guid":{"rendered":"https:\/\/havamall.vn\/?post_type=product&#038;p=14633"},"modified":"2021-06-24T15:10:05","modified_gmt":"2021-06-24T08:10:05","slug":"ca-phe-huong-hat-de-mr-viet-250g-mr-viet-hazelnut-coffee-250gr","status":"publish","type":"product","link":"https:\/\/havamall.vn\/en\/shop\/ca-phe-huong-hat-de-mr-viet-250g-mr-viet-hazelnut-coffee-250gr\/","title":{"rendered":"C\u00e0 Ph\u00ea H\u01b0\u01a1ng H\u1ea1t D\u1ebb Mr.Viet 250g &#8211; Mr.Viet Hazelnut Coffee 250gr"},"content":{"rendered":"<p>Bu\u1ed5i s\u00e1ng l\u00e0 th\u1eddi gian \u0111\u1eb9p nh\u1ea5t, v\u00e0 ng\u01b0\u1eddi Vi\u1ec7t Nam bi\u1ebft c\u00e1ch t\u1eadn h\u01b0\u1edfng n\u00f3. T\u1eeb khi tr\u1eddi c\u00f2n t\u1edd m\u1edd s\u00e1ng v\u00e0 s\u01b0\u01a1ng m\u00f9 v\u1eabn c\u00f2n bao ph\u1ee7\u2026 ng\u01b0\u1eddi Vi\u1ec7t Nam \u0111ang t\u1eeb t\u1eeb ph\u1ee5c v\u1ee5 c\u00e0 ph\u00ea s\u1edbm, th\u01b0 gi\u00e3n v\u00e0 b\u1eaft \u0111\u1ea7u n\u00f3i v\u1ec1 m\u1ed9t ng\u00e0y m\u1edbi. T\u1eadn h\u01b0\u1edfng bu\u1ed5i s\u00e1ng m\u1ed9t t\u00e1ch c\u00e0 ph\u00ea ngon th\u1ef1c s\u1ef1. V\u1edbi ng\u1ee5m \u0111\u1ea7u ti\u00ean, ch\u00fang ta c\u1ea3m th\u1ea5y r\u00f5 r\u00e0ng \u2013 MR VIET bi\u1ebft m\u1ed9t \u0111i\u1ec1u v\u1ec1 c\u00e0 ph\u00ea tuy\u1ec7t v\u1eddi.<\/p>\n<p><img fetchpriority=\"high\" decoding=\"async\" class=\"wp-image-14614 aligncenter\" src=\"https:\/\/havamall.vn\/wp-content\/uploads\/2020\/05\/f0fff18c64c35429afa19ae276828656-300x300.jpg\" alt=\"\" width=\"403\" height=\"403\" srcset=\"https:\/\/havamall.vn\/wp-content\/uploads\/2020\/05\/f0fff18c64c35429afa19ae276828656-300x300.jpg 300w, https:\/\/havamall.vn\/wp-content\/uploads\/2020\/05\/f0fff18c64c35429afa19ae276828656-430x430.jpg 430w, https:\/\/havamall.vn\/wp-content\/uploads\/2020\/05\/f0fff18c64c35429afa19ae276828656-150x150.jpg 150w, https:\/\/havamall.vn\/wp-content\/uploads\/2020\/05\/f0fff18c64c35429afa19ae276828656-700x700.jpg 700w, https:\/\/havamall.vn\/wp-content\/uploads\/2020\/05\/f0fff18c64c35429afa19ae276828656-768x768.jpg 768w, https:\/\/havamall.vn\/wp-content\/uploads\/2020\/05\/f0fff18c64c35429afa19ae276828656-1024x1024.jpg 1024w, https:\/\/havamall.vn\/wp-content\/uploads\/2020\/05\/f0fff18c64c35429afa19ae276828656-600x600.jpg 600w, https:\/\/havamall.vn\/wp-content\/uploads\/2020\/05\/f0fff18c64c35429afa19ae276828656-100x100.jpg 100w, https:\/\/havamall.vn\/wp-content\/uploads\/2020\/05\/f0fff18c64c35429afa19ae276828656.jpg 1080w\" sizes=\"(max-width: 403px) 100vw, 403px\" \/><\/p>\n<p>\u1ede Vi\u1ec7t Nam, th\u00e1i \u0111\u1ed9 \u0111\u1ed1i v\u1edbi c\u00e0 ph\u00ea th\u1eadt \u0111\u1eb7c bi\u1ec7t. Ng\u01b0\u1eddi Vi\u1ec7t th\u00edch u\u1ed1ng n\u00f3, h\u1ecd th\u00edch tr\u1ed3ng n\u00f3, h\u1ecd th\u00edch ch\u0103m s\u00f3c v\u00e0 n\u00f3i v\u1ec1 n\u00f3. Ch\u00fang t\u00f4i mu\u1ed1n b\u1ea1n c\u1ea3m nh\u1eadn h\u1ebft s\u1ef1 t\u1ed1t \u0111\u1eb9p n\u00e0y m\u00e0 kh\u00f4ng c\u1ea7n ng\u01b0\u1eddi trung gian, v\u1edbi c\u00f9ng s\u1ef1 quan t\u00e2m v\u00e0 t\u00ecnh y\u00eau.<br \/>\nC\u00e1c lo\u1ea1i c\u00e0 ph\u00ea th\u01a1m ngon, \u0111\u01b0\u1ee3c thu th\u1eadp tr\u00ean c\u00e1c c\u00e1nh \u0111\u1ed3ng r\u00f5 r\u00e0ng, v\u1edbi c\u00e1c m\u1ee9c \u0111\u1ed9 rang kh\u00e1c nhau v\u00e0 h\u1ea1t c\u00e0 ph\u00ea th\u01a1m ch\u1ea5t l\u01b0\u1ee3ng t\u1ed1t nh\u1ea5t \u2013 lo\u1ea1i t\u1ed1t nh\u1ea5t trong s\u1ed1 ch\u00fang \u0111\u1ebfn v\u1edbi ch\u00fang t\u00f4i v\u00e0 ch\u00fang t\u00f4i giao ch\u00fang cho b\u1ea1n.<\/p>\n<h1><strong>\u0110\u1eb7c \u0111i\u1ec3m th\u01b0\u01a1ng hi\u1ec7u<\/strong><\/h1>\n<p><strong>V\u1edbi mong mu\u1ed1n \u0111\u01b0\u1ee3c \u0111em \u0111\u1ebfn cho kh\u00e1ch h\u00e0ng nh\u1eefng s\u1ea3n ph\u1ea9m t\u1eeb c\u00e0 ph\u00ea s\u1ea1ch, t\u1ed1t cho s\u1ee9c kh\u1ecfe, Th\u01b0\u01a1ng hi\u1ec7u MR VI\u1ec6T COFFEE l\u00e0 m\u1ed9t trong nh\u1eefng doanh nghi\u1ec7p s\u1ea3n xu\u1ea5t v\u00e0 kinh doanh c\u00e1c lo\u1ea1i c\u00e0 ph\u00ea b\u1ed9t v\u00e0 c\u00e0 ph\u00ea h\u1ea1t \u0111\u00f3ng g\u00f3i nguy\u00ean ch\u1ea5t uy t\u00edn t\u1ea1i Vi\u1ec7t Nam.<\/strong><\/p>\n<p>T\u1eeb khi th\u00e0nh l\u1eadp \u0111\u1ebfn nay, C\u00f4ng ty \u0111\u00e3 kh\u1eb3ng \u0111\u1ecbnh \u0111\u01b0\u1ee3c uy t\u00edn v\u1ec1 ch\u1ea5t l\u01b0\u1ee3ng s\u1ea3n ph\u1ea9m v\u00e0 gi\u00e1 c\u1ea3 h\u1ee3p l\u00fd. C\u00f4ng ty lu\u00f4n ch\u00fa tr\u1ecdng, \u0111\u1ea7u t\u01b0 \u0111\u00e1ng k\u1ec3 cho vi\u1ec7c nghi\u00ean c\u1ee9u s\u1ea3n ph\u1ea9m m\u1edbi, \u0111\u1ed5i m\u1edbi m\u1eabu m\u00e3, ki\u1ec3u d\u00e1ng cho c\u00e1c s\u1ea3n ph\u1ea9m c\u00e0 ph\u00ea. Cho ra nh\u1eefng s\u1ea3n ph\u1ea9m c\u00e0 ph\u00ea \u0111\u1eb7c bi\u1ec7t nh\u1ea5t \u0111\u01b0\u1ee3c ng\u01b0\u1eddi ti\u00eau d\u00f9ng y\u00eau th\u00edch, d\u01b0\u1edbi b\u00e0n tay ngh\u1ec7 nh\u00e2n \u0111\u1ea7y kinh nghi\u1ec7m MR VI\u1ec6T COFFEE \u0111ang d\u1ea7n h\u01b0\u1edbng t\u1edbi th\u01b0\u01a1ng hi\u1ec7u c\u00e0 ph\u00ea s\u1ea1ch t\u1ed1t nh\u1ea5t c\u1ee7a Vi\u1ec7t Nam. Hi\u1ec7n nay s\u1ea3n ph\u1ea9m c\u1ee7a c\u00f4ng ty \u0111\u01b0\u1ee3c ph\u00e1t tri\u1ec3n kh\u1eafp c\u00e1c t\u1ec9nh mi\u1ec1n Trung v\u00e0 h\u01b0\u1edbng t\u1edbi l\u00e0 ph\u00e2n ph\u1ed1i tr\u00e3i d\u00e0i kh\u1eafp c\u1ea3 n\u01b0\u1edbc. V\u1edbi mong mu\u1ed1n \u0111\u01b0\u1ee3c \u0111em \u0111\u1ebfn cho kh\u00e1ch h\u00e0ng nh\u1eefng s\u1ea3n ph\u1ea9m t\u1eeb c\u00e0 ph\u00ea s\u1ea1ch, t\u1ed1t cho s\u1ee9c kh\u1ecfe, h\u1ee3p nhu c\u1ea7u th\u01b0\u1edfng th\u1ee9c tinh t\u1ebf v\u00e0 phong ph\u00fa c\u1ee7a qu\u00fd kh\u00e1ch h\u00e0ng.<\/p>\n<p><img decoding=\"async\" class=\"wp-image-14591 aligncenter\" src=\"https:\/\/havamall.vn\/wp-content\/uploads\/2020\/05\/unnamed-3-300x185.jpg\" alt=\"\" width=\"658\" height=\"406\" srcset=\"https:\/\/havamall.vn\/wp-content\/uploads\/2020\/05\/unnamed-3-300x185.jpg 300w, https:\/\/havamall.vn\/wp-content\/uploads\/2020\/05\/unnamed-3-430x265.jpg 430w, https:\/\/havamall.vn\/wp-content\/uploads\/2020\/05\/unnamed-3-150x93.jpg 150w, https:\/\/havamall.vn\/wp-content\/uploads\/2020\/05\/unnamed-3.jpg 512w\" sizes=\"(max-width: 658px) 100vw, 658px\" \/><\/p>\n<h1><strong>\u0110\u1eb7c \u0111i\u1ec3m s\u1ea3n ph\u1ea9m<\/strong><\/h1>\n<p>\u1ede Vi\u1ec7t Nam, th\u00e1i \u0111\u1ed9 \u0111\u1ed1i v\u1edbi c\u00e0 ph\u00ea th\u1eadt \u0111\u1eb7c bi\u1ec7t. Ng\u01b0\u1eddi Vi\u1ec7t th\u00edch u\u1ed1ng n\u00f3, h\u1ecd th\u00edch tr\u1ed3ng n\u00f3, h\u1ecd th\u00edch ch\u0103m s\u00f3c v\u00e0 n\u00f3i v\u1ec1 n\u00f3. Ch\u00fang t\u00f4i mu\u1ed1n b\u1ea1n c\u1ea3m nh\u1eadn h\u1ebft s\u1ef1 t\u1ed1t \u0111\u1eb9p n\u00e0y m\u00e0 kh\u00f4ng c\u1ea7n ng\u01b0\u1eddi trung gian, v\u1edbi c\u00f9ng s\u1ef1 quan t\u00e2m v\u00e0 t\u00ecnh y\u00eau.<br \/>\nC\u00e1c lo\u1ea1i c\u00e0 ph\u00ea th\u01a1m ngon, \u0111\u01b0\u1ee3c thu th\u1eadp tr\u00ean c\u00e1c c\u00e1nh \u0111\u1ed3ng r\u00f5 r\u00e0ng, v\u1edbi c\u00e1c m\u1ee9c \u0111\u1ed9 rang kh\u00e1c nhau v\u00e0 h\u1ea1t c\u00e0 ph\u00ea th\u01a1m ch\u1ea5t l\u01b0\u1ee3ng t\u1ed1t nh\u1ea5t \u2013 lo\u1ea1i t\u1ed1t nh\u1ea5t trong s\u1ed1 ch\u00fang \u0111\u1ebfn v\u1edbi ch\u00fang t\u00f4i v\u00e0 ch\u00fang t\u00f4i giao ch\u00fang cho b\u1ea1n.<\/p>\n<p>C\u00e0 ph\u00ea rang xay nguy\u00ean ch\u1ea5t Arabica k\u1ebft h\u1ee3p v\u1edbi h\u01b0\u01a1ng v\u1ecb h\u1ea1t d\u1ebb \u0111\u1eb7c tr\u01b0ng c\u1ee7a Vi\u1ec7t Nam mang \u0111\u1ebfn nh\u1eefng tr\u1ea3i nghi\u1ec7m m\u1edbi l\u1ea1 kh\u00f4ng th\u1ec3 b\u1ecf qua. S\u1ebd cho nh\u1eefng ng\u01b0\u1eddi y\u00eau m\u1ebfn h\u01b0\u01a1ng v\u1ecb c\u00e0 ph\u00ea th\u00edch th\u00fa tr\u01b0\u1edbc s\u1ef1 h\u00f2a quy\u1ec7n tuy\u1ec7t v\u1eddi gi\u1eefa h\u01b0\u01a1ng th\u01a1m \u0111\u1eafng c\u1ee7a coffee v\u00e0 h\u01b0\u01a1ng th\u01a1m b\u00e9o ng\u1eady c\u1ee7a h\u1ea1t d\u1ebb n\u00e0y.<\/p>\n<p><img decoding=\"async\" class=\"wp-image-14645 aligncenter\" src=\"https:\/\/havamall.vn\/wp-content\/uploads\/2020\/05\/image_720-4-300x182.png\" alt=\"\" width=\"716\" height=\"435\" srcset=\"https:\/\/havamall.vn\/wp-content\/uploads\/2020\/05\/image_720-4-300x182.png 300w, https:\/\/havamall.vn\/wp-content\/uploads\/2020\/05\/image_720-4-430x260.png 430w, https:\/\/havamall.vn\/wp-content\/uploads\/2020\/05\/image_720-4-150x91.png 150w, https:\/\/havamall.vn\/wp-content\/uploads\/2020\/05\/image_720-4-700x424.png 700w, https:\/\/havamall.vn\/wp-content\/uploads\/2020\/05\/image_720-4.png 720w\" sizes=\"(max-width: 716px) 100vw, 716px\" \/><\/p>\n<p><strong>Ch\u1ec9 ti\u00eau ch\u1ea5t l\u01b0\u1ee3ng ch\u1ee7 y\u1ebfu<\/strong>: \u0111\u1ed9 \u1ea9m &lt;5%. H\u00e0m l\u01b0\u1ee3ng cafein &gt;1%<\/p>\n<p><strong>Kh\u1ed1i l\u01b0\u1ee3ng t\u1ecbnh<\/strong> : 250gram<\/p>\n<p><strong>Th\u00e0nh ph\u1ea7n<\/strong> : C\u00e0 ph\u00ea Arabica 99.99%, H\u01b0\u01a1ng h\u1ea1t d\u1ebb t\u1ed5ng h\u1ee3p 0.01%<\/p>\n<p>-H\u01b0\u01a1ng v\u1ecb : 9\/10<\/p>\n<p>-\u0110\u1ed9 chua : 3\/10<\/p>\n<p>-\u0110\u1ed9 \u0111\u1eadm : 7\/10<\/p>\n<p>-\u0110\u1ed9 \u0111\u1eafng : 3\/10<\/p>\n<p>-H\u1eadu v\u1ecb : 7\/10<\/p>\n<h3><em>Mr.Viet<\/em> lu\u00f4n \u0111\u1ea3m b\u1ea3o:<\/h3>\n<ul>\n<li><strong>M\u00d4I TR\u01af\u1edcNG S\u1ea0CH<\/strong><\/li>\n<li>C\u00e0 ph\u00ea Vi\u1ec7t Nam \u0111\u01b0\u1ee3c tr\u1ed3ng \u1edf v\u00f9ng cao c\u1ee7a t\u1ec9nh Lamdong, n\u01a1i kh\u00f4ng c\u00f3 nh\u00e0 m\u00e1y v\u00e0 \u0111\u01b0\u1eddng cao t\u1ed1c xung quanh. V\u00ec n\u00f3 c\u00e1ch bi\u1ec3n kh\u00f4ng xa, v\u00f9ng \u0111\u1ea5t n\u00e0y r\u1ea5t gi\u00e0u kho\u00e1ng s\u1ea3n, v\u00ec v\u1eady n\u00f4ng d\u00e2n kh\u00f4ng s\u1eed d\u1ee5ng b\u1ea5t k\u1ef3 lo\u1ea1i ph\u00e2n b\u00f3n h\u00f3a h\u1ecdc n\u00e0o.<\/li>\n<\/ul>\n<ul>\n<li><strong>QUY TR\u00ccNH KH\u00c9P K\u00cdN<\/strong><br \/>\nCh\u00fang t\u00f4i ho\u00e0n to\u00e0n l\u00e0 m\u1ed9t quy tr\u00ecnh kh\u00e9p k\u00edn. Ch\u00fang t\u00f4i v\u00e0 mua h\u1ea1t c\u00e0 ph\u00ea t\u01b0\u01a1i tr\u1ef1c ti\u1ebfp t\u1eeb n\u00f4ng d\u00e2n \u0111\u1ecba ph\u01b0\u01a1ng. Sau \u0111\u00f3 ch\u00fang t\u00f4i rang xay, \u0111\u00f3ng g\u00f3i v\u00e0 g\u1eedi ch\u00fang \u0111\u1ebfn kho c\u1ee7a ch\u00fang t\u00f4i<br \/>\nb\u1eb1ng \u0111\u01b0\u1eddng h\u00e0ng kh\u00f4ng. B\u1ea1n nh\u1eadn \u0111\u01b0\u1ee3c s\u1ea3n ph\u1ea9m m\u1edbi nh\u1ea5t v\u00e0 nhanh ch\u00f3ng nh\u1ea5t.<\/li>\n<li><strong>S\u1ea2N PH\u1ea8M T\u01af\u01a0I 100%<\/strong><br \/>\nD\u00f9 b\u1ea1n ch\u1ecdn lo\u1ea1i c\u00e0 ph\u00ea n\u00e0o, b\u1ea1n c\u00f3 th\u1ec3 ch\u1eafc ch\u1eafn r\u1eb1ng b\u1ea1n s\u1ebd c\u00f3 \u0111\u01b0\u1ee3c s\u1ea3n ph\u1ea9m t\u01b0\u01a1i. Ch\u1ec9 m\u1ea5t ch\u01b0a \u0111\u1ea7y 24 gi\u1edd k\u1ec3 t\u1eeb th\u1eddi \u0111i\u1ec3m rang c\u00e0 ph\u00ea \u0111\u1ec3 \u0111\u00f3ng g\u00f3i. Ch\u00fang t\u00f4i kh\u00f4ng bao gi\u1edd rang c\u00e0 ph\u00ea \u0111\u1ec3 s\u1eed d\u1ee5ng trong t\u01b0\u01a1ng lai, ch\u00fang t\u00f4i ch\u1ec9 th\u1ef1c hi\u1ec7n s\u1ed1 l\u01b0\u1ee3ng c\u1ea7n thi\u1ebft \u0111\u1ec3 v\u1eadn chuy\u1ec3n.<\/li>\n<\/ul>\n<p><strong style=\"color: #1b1919;font-family: Karla, Arial, Helvetica, sans-serif;font-size: 28px\">C\u00e1ch s\u1eed d\u1ee5ng<\/strong><\/p>\n<p>M\u1ed7i m\u1ed9t ly caf\u00e9 s\u1ebd c\u00f3 m\u1ed9t c\u00e1ch pha ch\u1ebf kh\u00e1c nhau t\u00f9y theo ng\u01b0\u1eddi pha ch\u1ebf \u0111\u1ec3 c\u00f3 nh\u1eefng li caf\u00e9 c\u00f3 h\u01b0\u01a1ng v\u1ecb \u0111\u1eb7c tr\u01b0ng kh\u00e1c nhau. Tuy nhi\u00ean, c\u00f3 m\u1ed9t \u0111i\u1ec1u c\u1ea7n l\u01b0u \u00fd v\u1edbi c\u00e1ch pha ch\u1ebf caf\u00e9 rang xay b\u1ea1n c\u1ea7n ph\u1ea3i n\u1eafm b\u1eaft r\u00f5 v\u1ec1 t\u1ec9 l\u1ec7 n\u01b0\u1edbc v\u00e0 t\u1ec9 l\u1ec7 caf\u00e9. Theo nghi\u00ean c\u1ee9u c\u1ee7a c\u00e1c chuy\u00ean gia caf\u00e9 t\u1ec9 l\u1ec7 c\u1ea7n pha ch\u1ebf 1:3 t\u1ee9c l\u00e0 caf\u00e9 chi\u1ebfm 1 ph\u1ea7n th\u00ec n\u01b0\u1edbc s\u1ebd chi\u1ebfm 3 ph\u1ea7n.<\/p>\n<p>Mu\u1ed1n pha caf\u00e9 nhanh b\u1ea1n c\u1ea7n chu\u1ea9n b\u1ecb m\u1ed9t \u1ea5m si\u00eau t\u1ed1c \u0111\u1ec3 c\u00f3 th\u1ec3 c\u00f3 n\u01b0\u1edbc n\u00f3ng b\u1ea5t c\u1ee9 khi n\u00e0o. N\u01b0\u1edbc \u0111\u01b0\u1ee3c s\u1eed d\u1ee5ng cho caf\u00e9 l\u00e0 n\u01b0\u1edbc \u0111\u00e3 \u0111un s\u00f4i v\u00e0 \u0111\u01b0\u01a1c \u0111\u1ec3 ngu\u1ed9i \u1edf kho\u1ea3ng 80%.<\/p>\n<p><img loading=\"lazy\" decoding=\"async\" class=\"wp-image-14618 aligncenter\" src=\"https:\/\/havamall.vn\/wp-content\/uploads\/2020\/05\/cach-pha-che-cafe-rang-xay-01-1-300x230.jpg\" alt=\"\" width=\"706\" height=\"541\" srcset=\"https:\/\/havamall.vn\/wp-content\/uploads\/2020\/05\/cach-pha-che-cafe-rang-xay-01-1-300x230.jpg 300w, https:\/\/havamall.vn\/wp-content\/uploads\/2020\/05\/cach-pha-che-cafe-rang-xay-01-1-430x330.jpg 430w, https:\/\/havamall.vn\/wp-content\/uploads\/2020\/05\/cach-pha-che-cafe-rang-xay-01-1-150x115.jpg 150w, https:\/\/havamall.vn\/wp-content\/uploads\/2020\/05\/cach-pha-che-cafe-rang-xay-01-1-700x537.jpg 700w, https:\/\/havamall.vn\/wp-content\/uploads\/2020\/05\/cach-pha-che-cafe-rang-xay-01-1-768x589.jpg 768w, https:\/\/havamall.vn\/wp-content\/uploads\/2020\/05\/cach-pha-che-cafe-rang-xay-01-1-1024x785.jpg 1024w, https:\/\/havamall.vn\/wp-content\/uploads\/2020\/05\/cach-pha-che-cafe-rang-xay-01-1-1200x920.jpg 1200w, https:\/\/havamall.vn\/wp-content\/uploads\/2020\/05\/cach-pha-che-cafe-rang-xay-01-1-600x460.jpg 600w, https:\/\/havamall.vn\/wp-content\/uploads\/2020\/05\/cach-pha-che-cafe-rang-xay-01-1.jpg 1304w\" sizes=\"(max-width: 706px) 100vw, 706px\" \/><\/p>\n<p>N\u1ebfu b\u1ea1n mu\u1ed1n u\u1ed1ng v\u1ecb ng\u1ecdt h\u00e3y cho th\u00eam m\u1ed9t ch\u00fat \u0111\u01b0\u1eddng ph\u00e8n ho\u1eb7c \u0111\u01b0\u1eddng t\u00e1n nh\u1ecf. N\u1ebfu th\u00eam s\u1eefa b\u1ea1n h\u00e3y khu\u1ea5y th\u1eadt \u0111\u1ec1u tr\u01b0\u1edbc khi u\u1ed1ng nh\u00e9.<\/p>\n<p>Ngo\u00e0i ra n\u1ebfu b\u1ea1n mu\u1ed1n c\u00f3 c\u00e1ch pha ch\u1ebf caf\u00e9 rang xay \u0111\u1ea1t hi\u1ec7u qu\u1ea3 cao h\u00e3y chu\u1ea9n b\u1ecb m\u1ed9t chi\u1ebfc phin t\u1ed1t nh\u00e9. N\u1ebfu b\u1ea1n pha ch\u1ebf caf\u00e9 tr\u1ef1c ti\u1ebfp ngay sau khi rang xay caf\u00e9 b\u1ea1n s\u1ebd c\u00f3 m\u1ed9t li caf\u00e9 c\u00f3 m\u00f9i th\u01a1m ngon v\u00e0 c\u00f3 ti\u00eau chu\u1ea9n ch\u1ea5t l\u01b0\u1ee3ng t\u1ed1t nh\u1ea5t.<\/p>","protected":false},"excerpt":{"rendered":"<ul class=\"list\">\n<li>C\u00e0 ph\u00ea Arabica ch\u00edn nguy\u00ean ch\u1ea5t 100% th\u01a1m d\u1eady m\u00f9i h\u1ea1t d\u1ebb<\/li>\n<li>Tuy\u1ec3n ch\u1ecdn lo\u1ea1i h\u1ea1t to v\u00e0 \u0111\u1ed3ng \u0111\u1ec1u, kh\u00f4ng h\u01b0\u01a1ng li\u1ec7u<\/li>\n<li>\u0110\u01b0\u1ee3c rang c\u1ea9n th\u1eadn v\u00e0 t\u1ec9 m\u1ec9, quy tr\u00ecnh ki\u1ec3m so\u00e1t ch\u1eb7t ch\u1ebd<\/li>\n<li>\u0110em \u0111\u1ebfn cho ng\u01b0\u1eddi u\u1ed1ng s\u1ef1 tho\u1ea3i m\u00e1i, \u00eam d\u1ecbu, h\u00e0i h\u00f2a<\/li>\n<\/ul>","protected":false},"featured_media":14639,"comment_status":"open","ping_status":"closed","template":"","meta":[],"product_brand":[],"product_cat":[36,135],"product_tag":[],"class_list":{"0":"post-14633","1":"product","2":"type-product","3":"status-publish","4":"has-post-thumbnail","6":"product_cat-thuc-pham-tieu-dung","7":"product_cat-sua-do-uong","8":"pa_brand-mr-viet","10":"first","11":"outofstock","12":"sale","13":"shipping-taxable","14":"purchasable","15":"product-type-simple"},"_links":{"self":[{"href":"https:\/\/havamall.vn\/en\/wp-json\/wp\/v2\/product\/14633"}],"collection":[{"href":"https:\/\/havamall.vn\/en\/wp-json\/wp\/v2\/product"}],"about":[{"href":"https:\/\/havamall.vn\/en\/wp-json\/wp\/v2\/types\/product"}],"replies":[{"embeddable":true,"href":"https:\/\/havamall.vn\/en\/wp-json\/wp\/v2\/comments?post=14633"}],"version-history":[{"count":0,"href":"https:\/\/havamall.vn\/en\/wp-json\/wp\/v2\/product\/14633\/revisions"}],"wp:featuredmedia":[{"embeddable":true,"href":"https:\/\/havamall.vn\/en\/wp-json\/wp\/v2\/media\/14639"}],"wp:attachment":[{"href":"https:\/\/havamall.vn\/en\/wp-json\/wp\/v2\/media?parent=14633"}],"wp:term":[{"taxonomy":"product_brand","embeddable":true,"href":"https:\/\/havamall.vn\/en\/wp-json\/wp\/v2\/product_brand?post=14633"},{"taxonomy":"product_cat","embeddable":true,"href":"https:\/\/havamall.vn\/en\/wp-json\/wp\/v2\/product_cat?post=14633"},{"taxonomy":"product_tag","embeddable":true,"href":"https:\/\/havamall.vn\/en\/wp-json\/wp\/v2\/product_tag?post=14633"}],"curies":[{"name":"wp","href":"https:\/\/api.w.org\/{rel}","templated":true}]}}