{"id":14627,"date":"2020-05-26T16:23:36","date_gmt":"2020-05-26T09:23:36","guid":{"rendered":"https:\/\/havamall.vn\/?post_type=product&#038;p=14627"},"modified":"2021-06-24T15:10:46","modified_gmt":"2021-06-24T08:10:46","slug":"ca-phe-robusta-mr-viet-250gr-mr-viet-robusta-coffee-250gr","status":"publish","type":"product","link":"https:\/\/havamall.vn\/en\/shop\/ca-phe-robusta-mr-viet-250gr-mr-viet-robusta-coffee-250gr\/","title":{"rendered":"C\u00e0 Ph\u00ea Robusta Mr.Viet 250gr &#8211; Mr.Viet Robusta Coffee 250gr (10\/2021)"},"content":{"rendered":"<p>N\u00f3i v\u1ec1 c\u00e0 ph\u00ea, c\u00e1c t\u00edn \u0111\u1ed3 u\u1ed1ng c\u00e0 ph\u00ea th\u1ebf gi\u1edbi th\u01b0\u1eddng nh\u1eafc \u0111\u1ebfn m\u1ed9t lo\u1ea1i tr\u00e1i c\u00f3 c\u00e1i t\u00ean Arabica (Coffee Arabica). Arabica l\u00e0 ngu\u1ed3n nguy\u00ean li\u1ec7u ch\u00ednh \u0111\u01b0\u1ee3c s\u1ea3n xu\u1ea5t m\u1ed7i n\u0103m t\u1ea1i c\u00e1c n\u01b0\u1edbc xu\u1ea5t kh\u1ea9u c\u00e0 ph\u00ea \u0111\u1ee9ng \u0111\u1ea7u th\u1ebf gi\u1edbi nh\u01b0 Brazil.<\/p>\n<p><img fetchpriority=\"high\" decoding=\"async\" class=\"wp-image-14630 aligncenter\" src=\"https:\/\/havamall.vn\/wp-content\/uploads\/2020\/05\/pha-ca-phe-robusta-the-nao-la-ngon-3-300x150.jpg\" alt=\"\" width=\"672\" height=\"336\" srcset=\"https:\/\/havamall.vn\/wp-content\/uploads\/2020\/05\/pha-ca-phe-robusta-the-nao-la-ngon-3-300x150.jpg 300w, https:\/\/havamall.vn\/wp-content\/uploads\/2020\/05\/pha-ca-phe-robusta-the-nao-la-ngon-3-430x215.jpg 430w, https:\/\/havamall.vn\/wp-content\/uploads\/2020\/05\/pha-ca-phe-robusta-the-nao-la-ngon-3-150x75.jpg 150w, https:\/\/havamall.vn\/wp-content\/uploads\/2020\/05\/pha-ca-phe-robusta-the-nao-la-ngon-3-700x350.jpg 700w, https:\/\/havamall.vn\/wp-content\/uploads\/2020\/05\/pha-ca-phe-robusta-the-nao-la-ngon-3-768x384.jpg 768w, https:\/\/havamall.vn\/wp-content\/uploads\/2020\/05\/pha-ca-phe-robusta-the-nao-la-ngon-3-600x300.jpg 600w, https:\/\/havamall.vn\/wp-content\/uploads\/2020\/05\/pha-ca-phe-robusta-the-nao-la-ngon-3.jpg 800w\" sizes=\"(max-width: 672px) 100vw, 672px\" \/><\/p>\n<p style=\"text-align: justify\">Robusta c\u1ee7a Vi\u1ec7t Nam n\u1ed5i ti\u1ebfng tr\u00ean th\u1ebf gi\u1edbi v\u00ec s\u1ea3n l\u01b0\u1ee3ng kh\u00e1 cao tr\u00ean m\u1ed9t h\u00e9cta (\u0111\u01a1n v\u1ecb di\u1ec7n t\u00edch); v\u00e0 h\u01b0\u01a1ng v\u1ecb \u0111\u1eb7c bi\u1ec7t ngon h\u01a1n \u1edf m\u1ed9t s\u1ed1 v\u00f9ng n\u1ed5i ti\u1ebfng nh\u01b0 Bu\u00f4n Ma Thu\u1ed9t (\u0110\u0103k L\u0103k), L\u00e2m H\u00e0 (L\u00e2m \u0110\u1ed3ng).<\/p>\n<h1><strong>\u0110\u1eb7c \u0111i\u1ec3m th\u01b0\u01a1ng hi\u1ec7u<\/strong><\/h1>\n<p><strong>V\u1edbi mong mu\u1ed1n \u0111\u01b0\u1ee3c \u0111em \u0111\u1ebfn cho kh\u00e1ch h\u00e0ng nh\u1eefng s\u1ea3n ph\u1ea9m t\u1eeb c\u00e0 ph\u00ea s\u1ea1ch, t\u1ed1t cho s\u1ee9c kh\u1ecfe, Th\u01b0\u01a1ng hi\u1ec7u MR VI\u1ec6T COFFEE l\u00e0 m\u1ed9t trong nh\u1eefng doanh nghi\u1ec7p s\u1ea3n xu\u1ea5t v\u00e0 kinh doanh c\u00e1c lo\u1ea1i c\u00e0 ph\u00ea b\u1ed9t v\u00e0 c\u00e0 ph\u00ea h\u1ea1t \u0111\u00f3ng g\u00f3i nguy\u00ean ch\u1ea5t uy t\u00edn t\u1ea1i Vi\u1ec7t Nam.<\/strong><\/p>\n<p>T\u1eeb khi th\u00e0nh l\u1eadp \u0111\u1ebfn nay, C\u00f4ng ty \u0111\u00e3 kh\u1eb3ng \u0111\u1ecbnh \u0111\u01b0\u1ee3c uy t\u00edn v\u1ec1 ch\u1ea5t l\u01b0\u1ee3ng s\u1ea3n ph\u1ea9m v\u00e0 gi\u00e1 c\u1ea3 h\u1ee3p l\u00fd. C\u00f4ng ty lu\u00f4n ch\u00fa tr\u1ecdng, \u0111\u1ea7u t\u01b0 \u0111\u00e1ng k\u1ec3 cho vi\u1ec7c nghi\u00ean c\u1ee9u s\u1ea3n ph\u1ea9m m\u1edbi, \u0111\u1ed5i m\u1edbi m\u1eabu m\u00e3, ki\u1ec3u d\u00e1ng cho c\u00e1c s\u1ea3n ph\u1ea9m c\u00e0 ph\u00ea. Cho ra nh\u1eefng s\u1ea3n ph\u1ea9m c\u00e0 ph\u00ea \u0111\u1eb7c bi\u1ec7t nh\u1ea5t \u0111\u01b0\u1ee3c ng\u01b0\u1eddi ti\u00eau d\u00f9ng y\u00eau th\u00edch, d\u01b0\u1edbi b\u00e0n tay ngh\u1ec7 nh\u00e2n \u0111\u1ea7y kinh nghi\u1ec7m MR VI\u1ec6T COFFEE \u0111ang d\u1ea7n h\u01b0\u1edbng t\u1edbi th\u01b0\u01a1ng hi\u1ec7u c\u00e0 ph\u00ea s\u1ea1ch t\u1ed1t nh\u1ea5t c\u1ee7a Vi\u1ec7t Nam. Hi\u1ec7n nay s\u1ea3n ph\u1ea9m c\u1ee7a c\u00f4ng ty \u0111\u01b0\u1ee3c ph\u00e1t tri\u1ec3n kh\u1eafp c\u00e1c t\u1ec9nh mi\u1ec1n Trung v\u00e0 h\u01b0\u1edbng t\u1edbi l\u00e0 ph\u00e2n ph\u1ed1i tr\u00e3i d\u00e0i kh\u1eafp c\u1ea3 n\u01b0\u1edbc. V\u1edbi mong mu\u1ed1n \u0111\u01b0\u1ee3c \u0111em \u0111\u1ebfn cho kh\u00e1ch h\u00e0ng nh\u1eefng s\u1ea3n ph\u1ea9m t\u1eeb c\u00e0 ph\u00ea s\u1ea1ch, t\u1ed1t cho s\u1ee9c kh\u1ecfe, h\u1ee3p nhu c\u1ea7u th\u01b0\u1edfng th\u1ee9c tinh t\u1ebf v\u00e0 phong ph\u00fa c\u1ee7a qu\u00fd kh\u00e1ch h\u00e0ng.<\/p>\n<p><img decoding=\"async\" class=\"wp-image-14591 aligncenter\" src=\"https:\/\/havamall.vn\/wp-content\/uploads\/2020\/05\/unnamed-3-300x185.jpg\" alt=\"\" width=\"658\" height=\"406\" srcset=\"https:\/\/havamall.vn\/wp-content\/uploads\/2020\/05\/unnamed-3-300x185.jpg 300w, https:\/\/havamall.vn\/wp-content\/uploads\/2020\/05\/unnamed-3-430x265.jpg 430w, https:\/\/havamall.vn\/wp-content\/uploads\/2020\/05\/unnamed-3-150x93.jpg 150w, https:\/\/havamall.vn\/wp-content\/uploads\/2020\/05\/unnamed-3.jpg 512w\" sizes=\"(max-width: 658px) 100vw, 658px\" \/><\/p>\n<h1><strong>\u0110\u1eb7c \u0111i\u1ec3m s\u1ea3n ph\u1ea9m<\/strong><\/h1>\n<p>C\u00e0 ph\u00ea Robusta l\u00e0 c\u00e0 ph\u00ea \u0111\u01b0\u1ee3c l\u00e0m t\u1eeb h\u1ea1t c\u1ee7a c\u00e2y Coffea canephora, m\u1ed9t lo\u00e0i m\u1ea1nh m\u1ebd v\u1edbi \u0111\u1ed9 axit th\u1ea5p v\u00e0 v\u1ecb \u0111\u1eafng cao. H\u1ea1t C. canephora, \u0111\u01b0\u1ee3c bi\u1ebft \u0111\u1ebfn r\u1ed9ng r\u00e3i b\u1edfi t\u1eeb \u0111\u1ed3ng ngh\u0129a Coffea Robusta, \u0111\u01b0\u1ee3c s\u1eed d\u1ee5ng ch\u1ee7 y\u1ebfu trong c\u00e0 ph\u00ea h\u00f2a tan, c\u00e0 ph\u00ea espresso v\u00e0 nh\u01b0 m\u1ed9t ch\u1ea5t \u0111\u1ed9n trong h\u1ed7n h\u1ee3p c\u00e0 ph\u00ea xay.<\/p>\n<p>C\u00e0 ph\u00ea Robusta th\u01b0\u1eddng c\u00f3 v\u1ecb \u0111\u1ea5t, \u0111\u1eafng v\u00e0 m\u1ed9t ch\u00fat d\u01b0 v\u1ecb \u0111\u1eadu ph\u1ed9ng. H\u1ea1t robusta ch\u1ee9a nhi\u1ec1u\u00a0caffeine\u00a0v\u00e0 \u00edt \u0111\u01b0\u1eddng t\u1ef1 nhi\u00ean h\u01a1n so v\u1edbi lo\u1ea1i\u00a0c\u00e0 ph\u00ea Arabica, do \u0111\u00f3 n\u00f3 c\u00f3 h\u01b0\u01a1ng v\u1ecb c\u00e0 ph\u00ea m\u1ea1nh h\u01a1n v\u00e0 \u0111\u1eafng h\u01a1n.\u00a0H\u01b0\u01a1ng v\u1ecb \u0111\u1eadm c\u1ee7a h\u1ea1t qu\u1ea3 v\u1edbi v\u1ecb h\u1ea1nh nh\u00e2n d\u1ed3i d\u00e0o, h\u1eadu v\u1ecb chua thanh c\u00f9ng h\u00e0m l\u01b0\u1ee3ng caffein cao.<\/p>\n<p><img decoding=\"async\" class=\"wp-image-14631 aligncenter\" src=\"https:\/\/havamall.vn\/wp-content\/uploads\/2020\/05\/image_720-2-300x182.png\" alt=\"\" width=\"700\" height=\"426\" srcset=\"https:\/\/havamall.vn\/wp-content\/uploads\/2020\/05\/image_720-2-300x182.png 300w, https:\/\/havamall.vn\/wp-content\/uploads\/2020\/05\/image_720-2-150x91.png 150w\" sizes=\"(max-width: 700px) 100vw, 700px\" \/><\/p>\n<p>\u0110\u1ec3 th\u01b0\u1edfng th\u1ee9c c\u00e0 ph\u00ea Robusta h\u01b0\u01a1ng v\u1ecb th\u01a1m, ng\u01b0\u1eddi ta th\u01b0\u1eddng tr\u1ed9n l\u1eabn gi\u1eefa Robusta v\u00e0 Arabica. Tuy nhi\u00ean, n\u1ebfu ch\u1ec9 v\u1edbi c\u00e0 ph\u00ea Robusta th\u00ec b\u1ea1n n\u00ean x\u00e1c \u0111\u1ecbnh r\u1eb1ng n\u00f3 s\u1ebd kh\u00e1 \u0111\u1eafng, nh\u01b0ng b\u00f9 l\u1ea1i v\u00e0 s\u1ebd nhanh ch\u00f3ng t\u1ec9nh t\u00e1o v\u00e0 l\u00e0m vi\u1ec7c hi\u1ec7u qu\u1ea3 h\u01a1n.<\/p>\n<p><strong>Ch\u1ec9 ti\u00eau ch\u1ea5t l\u01b0\u1ee3ng ch\u1ee7 y\u1ebfu<\/strong>: \u0111\u1ed9 \u1ea9m &lt;5%. H\u00e0m l\u01b0\u1ee3ng cafein &gt;1%<\/p>\n<p><strong>L\u01b0\u1ee3ng caffeine<\/strong>:<em>\u00a0trong c\u00e0 ph\u00ea Robusta kho\u1ea3ng t\u1eeb\u00a02,2 \u2013 2,7%\u00a0<\/em><\/p>\n<p><strong>Kh\u1ed1i l\u01b0\u1ee3ng t\u1ecbnh<\/strong> : 250gram<\/p>\n<p><strong>Th\u00e0nh ph\u1ea7n<\/strong> : C\u00e0 ph\u00ea <em>Robusta <\/em>abica 100%<\/p>\n<p>&#8211; H\u01b0\u01a1ng v\u1ecb : 5\/10<\/p>\n<p>&#8211; \u0110\u1ed9 chua : 3\/10<\/p>\n<p>&#8211; \u0110\u1ed9 \u0111\u1eadm : 5\/10<\/p>\n<p>&#8211; \u0110\u1ed9 \u0111\u1eafng : 6\/10<\/p>\n<p>&#8211; H\u1eadu v\u1ecb : 5\/10<\/p>\n<h3><em>Mr.Viet<\/em> lu\u00f4n \u0111\u1ea3m b\u1ea3o:<\/h3>\n<ul>\n<li><strong>M\u00d4I TR\u01af\u1edcNG S\u1ea0CH<\/strong><\/li>\n<li>C\u00e0 ph\u00ea Vi\u1ec7t Nam \u0111\u01b0\u1ee3c tr\u1ed3ng \u1edf v\u00f9ng cao c\u1ee7a t\u1ec9nh Lamdong, n\u01a1i kh\u00f4ng c\u00f3 nh\u00e0 m\u00e1y v\u00e0 \u0111\u01b0\u1eddng cao t\u1ed1c xung quanh. V\u00ec n\u00f3 c\u00e1ch bi\u1ec3n kh\u00f4ng xa, v\u00f9ng \u0111\u1ea5t n\u00e0y r\u1ea5t gi\u00e0u kho\u00e1ng s\u1ea3n, v\u00ec v\u1eady n\u00f4ng d\u00e2n kh\u00f4ng s\u1eed d\u1ee5ng b\u1ea5t k\u1ef3 lo\u1ea1i ph\u00e2n b\u00f3n h\u00f3a h\u1ecdc n\u00e0o.<\/li>\n<\/ul>\n<ul>\n<li><strong>QUY TR\u00ccNH KH\u00c9P K\u00cdN<\/strong><br \/>\nCh\u00fang t\u00f4i ho\u00e0n to\u00e0n l\u00e0 m\u1ed9t quy tr\u00ecnh kh\u00e9p k\u00edn. Ch\u00fang t\u00f4i v\u00e0 mua h\u1ea1t c\u00e0 ph\u00ea t\u01b0\u01a1i tr\u1ef1c ti\u1ebfp t\u1eeb n\u00f4ng d\u00e2n \u0111\u1ecba ph\u01b0\u01a1ng. Sau \u0111\u00f3 ch\u00fang t\u00f4i rang xay, \u0111\u00f3ng g\u00f3i v\u00e0 g\u1eedi ch\u00fang \u0111\u1ebfn kho c\u1ee7a ch\u00fang t\u00f4i<br \/>\nb\u1eb1ng \u0111\u01b0\u1eddng h\u00e0ng kh\u00f4ng. B\u1ea1n nh\u1eadn \u0111\u01b0\u1ee3c s\u1ea3n ph\u1ea9m m\u1edbi nh\u1ea5t v\u00e0 nhanh ch\u00f3ng nh\u1ea5t.<\/li>\n<li><strong>S\u1ea2N PH\u1ea8M T\u01af\u01a0I 100%<\/strong><br \/>\nD\u00f9 b\u1ea1n ch\u1ecdn lo\u1ea1i c\u00e0 ph\u00ea n\u00e0o, b\u1ea1n c\u00f3 th\u1ec3 ch\u1eafc ch\u1eafn r\u1eb1ng b\u1ea1n s\u1ebd c\u00f3 \u0111\u01b0\u1ee3c s\u1ea3n ph\u1ea9m t\u01b0\u01a1i. Ch\u1ec9 m\u1ea5t ch\u01b0a \u0111\u1ea7y 24 gi\u1edd k\u1ec3 t\u1eeb th\u1eddi \u0111i\u1ec3m rang c\u00e0 ph\u00ea \u0111\u1ec3 \u0111\u00f3ng g\u00f3i. Ch\u00fang t\u00f4i kh\u00f4ng bao gi\u1edd rang c\u00e0 ph\u00ea \u0111\u1ec3 s\u1eed d\u1ee5ng trong t\u01b0\u01a1ng lai, ch\u00fang t\u00f4i ch\u1ec9 th\u1ef1c hi\u1ec7n s\u1ed1 l\u01b0\u1ee3ng c\u1ea7n thi\u1ebft \u0111\u1ec3 v\u1eadn chuy\u1ec3n.<\/li>\n<\/ul>\n<h1><strong>C\u00e1ch s\u1eed d\u1ee5ng<\/strong><\/h1>\n<p><img loading=\"lazy\" decoding=\"async\" class=\"wp-image-14629 aligncenter\" src=\"https:\/\/havamall.vn\/wp-content\/uploads\/2020\/05\/Cach-pha-ca-phe-robusta-the-nao-la-ngon-1-300x200.jpg\" alt=\"\" width=\"707\" height=\"471\" srcset=\"https:\/\/havamall.vn\/wp-content\/uploads\/2020\/05\/Cach-pha-ca-phe-robusta-the-nao-la-ngon-1-300x200.jpg 300w, https:\/\/havamall.vn\/wp-content\/uploads\/2020\/05\/Cach-pha-ca-phe-robusta-the-nao-la-ngon-1-430x286.jpg 430w, https:\/\/havamall.vn\/wp-content\/uploads\/2020\/05\/Cach-pha-ca-phe-robusta-the-nao-la-ngon-1-150x100.jpg 150w, https:\/\/havamall.vn\/wp-content\/uploads\/2020\/05\/Cach-pha-ca-phe-robusta-the-nao-la-ngon-1-700x466.jpg 700w, https:\/\/havamall.vn\/wp-content\/uploads\/2020\/05\/Cach-pha-ca-phe-robusta-the-nao-la-ngon-1-768x512.jpg 768w, https:\/\/havamall.vn\/wp-content\/uploads\/2020\/05\/Cach-pha-ca-phe-robusta-the-nao-la-ngon-1.jpg 1024w, https:\/\/havamall.vn\/wp-content\/uploads\/2020\/05\/Cach-pha-ca-phe-robusta-the-nao-la-ngon-1-600x400.jpg 600w\" sizes=\"(max-width: 707px) 100vw, 707px\" \/><\/p>\n<p>B\u01b0\u1edbc 1: L\u1ef1a ch\u1ecdn phin pha c\u00f3 k\u00edch th\u01b0\u1edbc ph\u00f9 h\u1ee3p v\u00e0 d\u00f9ng n\u01b0\u1edbc n\u00f3ng tr\u00e1ng qua. \u0110\u1ec3 c\u00f3 \u0111\u01b0\u1ee3c ly c\u00e0 ph\u00ea th\u01a1m ngon khi pha ch\u1ebf v\u1edbi n\u01b0\u1edbc \u0111\u1ea3m b\u1ea3o nhi\u1ec7t \u0111\u1ed9 t\u1eeb 95 &#8211; 100 \u0111\u1ed9 C. Tuy nhi\u00ean khi \u0111\u1ed5 n\u01b0\u1edbc s\u00f4i v\u00e0o c\u00e0 ph\u00ea, phin s\u1ebd h\u1ea5p th\u1ee5 nhi\u1ec7t l\u00e0m \u1ea3nh h\u01b0\u1edfng \u0111\u1ebfn nhi\u1ec7t \u0111\u1ed9 pha ch\u1ebf. \u0110\u00f3 l\u00e0 l\u00fd do t\u1ea1i sao c\u1ea7n ph\u1ea3i tr\u00e1ng qua phin tr\u01b0\u1edbc khi pha ch\u1ebf.<\/p>\n<p>B\u01b0\u1edbc 2: Cho\u00a0c\u00e0 ph\u00ea v\u00e0o phin v\u00e0 b\u1eaft \u0111\u1ea7u pha ch\u1ebf. C\u00f3 th\u1ec3 cho m\u1ed9t l\u01b0\u1ee3ng c\u00e0 ph\u00ea v\u1eeba b\u1eb1ng 1\/3 th\u1ec3 t\u00edch c\u1ee7a phin sau \u0111\u00f3 l\u1eafc nh\u1eb9 \u0111\u1ec3 l\u00e0m ph\u1eb3ng ch\u00fang.<\/p>\n<p>\u25ba\u00a0B\u01b0\u1edbc 3: Ch\u1ebf n\u01b0\u1edbc s\u00f4i v\u00e0o phin sao cho \u0111\u1ee7 \u0111\u1ec3 ng\u1ea5m h\u1ebft v\u00e0o b\u1ed9t c\u00e0 ph\u00ea. Ti\u1ebfp theo d\u00f9ng n\u1eafp \u1ea5n m\u1ed9t l\u1ef1c v\u1eeba ph\u1ea3i \u0111\u1ec3 d\u1eb1n c\u00e0 ph\u00ea xu\u1ed1ng. L\u01b0u \u00fd n\u1ebfu nh\u1ea5n qu\u00e1 m\u1ea1nh, c\u00e0 ph\u00ea s\u1ebd kh\u00f4ng th\u1ec3 ch\u1ea3y ra c\u00f2n n\u1ebfu nh\u1eadn qu\u00e1 nh\u1eb9, c\u00e0 ph\u00ea s\u1ebd s\u1ee7i b\u1ecdt v\u00e0 \u0111\u1ea9y n\u1eafp l\u00ean.<\/p>\n<p>\u25ba\u00a0B\u01b0\u1edbc 4: Khi c\u00e0 ph\u00ea \u0111\u00e3 ng\u1ea5m n\u01b0\u1edbc, ti\u1ebfp t\u1ee5c ch\u1ebf m\u1ed9t l\u01b0\u1ee3ng n\u01b0\u1edbc v\u1eeba b\u1eb1ng 2\/3 th\u1ec3 t\u00edch c\u1ee7a phin sau \u0111\u00f3 \u0111\u1eady n\u1eafp tr\u00ean c\u00f9ng l\u1ea1i v\u00e0 ch\u1edd nh\u1ecf gi\u1ecdt xu\u1ed1ng ly.<\/p>","protected":false},"excerpt":{"rendered":"<p>N\u00f3i v\u1ec1 c\u00e0 ph\u00ea, c\u00e1c t\u00edn \u0111\u1ed3 u\u1ed1ng c\u00e0 ph\u00ea th\u1ebf gi\u1edbi th\u01b0\u1eddng nh\u1eafc \u0111\u1ebfn m\u1ed9t lo\u1ea1i tr\u00e1i c\u00f3 c\u00e1i<\/p>","protected":false},"featured_media":14632,"comment_status":"open","ping_status":"closed","template":"","meta":[],"product_brand":[],"product_cat":[36,135],"product_tag":[],"class_list":{"0":"post-14627","1":"product","2":"type-product","3":"status-publish","4":"has-post-thumbnail","6":"product_cat-thuc-pham-tieu-dung","7":"product_cat-sua-do-uong","8":"pa_brand-mr-viet","10":"first","11":"outofstock","12":"sale","13":"shipping-taxable","14":"purchasable","15":"product-type-simple"},"_links":{"self":[{"href":"https:\/\/havamall.vn\/en\/wp-json\/wp\/v2\/product\/14627"}],"collection":[{"href":"https:\/\/havamall.vn\/en\/wp-json\/wp\/v2\/product"}],"about":[{"href":"https:\/\/havamall.vn\/en\/wp-json\/wp\/v2\/types\/product"}],"replies":[{"embeddable":true,"href":"https:\/\/havamall.vn\/en\/wp-json\/wp\/v2\/comments?post=14627"}],"version-history":[{"count":0,"href":"https:\/\/havamall.vn\/en\/wp-json\/wp\/v2\/product\/14627\/revisions"}],"wp:featuredmedia":[{"embeddable":true,"href":"https:\/\/havamall.vn\/en\/wp-json\/wp\/v2\/media\/14632"}],"wp:attachment":[{"href":"https:\/\/havamall.vn\/en\/wp-json\/wp\/v2\/media?parent=14627"}],"wp:term":[{"taxonomy":"product_brand","embeddable":true,"href":"https:\/\/havamall.vn\/en\/wp-json\/wp\/v2\/product_brand?post=14627"},{"taxonomy":"product_cat","embeddable":true,"href":"https:\/\/havamall.vn\/en\/wp-json\/wp\/v2\/product_cat?post=14627"},{"taxonomy":"product_tag","embeddable":true,"href":"https:\/\/havamall.vn\/en\/wp-json\/wp\/v2\/product_tag?post=14627"}],"curies":[{"name":"wp","href":"https:\/\/api.w.org\/{rel}","templated":true}]}}