{"id":14415,"date":"2020-05-15T11:14:35","date_gmt":"2020-05-15T04:14:35","guid":{"rendered":"https:\/\/havamall.vn\/?post_type=product&#038;p=14415"},"modified":"2023-06-09T11:11:07","modified_gmt":"2023-06-09T04:11:07","slug":"dau-do-tay-argentina-red-kidney-beans-argentinian","status":"publish","type":"product","link":"https:\/\/havamall.vn\/en\/shop\/dau-do-tay-argentina-red-kidney-beans-argentinian\/","title":{"rendered":"\u0110\u1eadu \u0110\u1ecf T\u00e2y Argentina 200gr &#8211; Argentinian Red Kidney Beans"},"content":{"rendered":"<p><span style=\"font-weight: 400\">\u0110\u1eadu \u0111\u1ecf t\u00e2y hay c\u00f2n g\u1ecdi l\u00e0 \u0111\u1eadu th\u1eadn v\u00e0 c\u00f3 t\u00ean ti\u1ebfng anh l\u00e0 Kidney bean. Lo\u1ea1i \u0111\u1eadu n\u00e0y r\u1ea5t gi\u00e0u protein v\u00e0 c\u00e1c kho\u00e1ng ch\u1ea5t nh\u01b0 s\u1eaft, canxi, k\u1ebdm\u2026 c\u00f3 t\u00e1c d\u1ee5ng ng\u0103n ng\u1eeba v\u00e0 \u0111i\u1ec1u tr\u1ecb ung th\u01b0, ti\u1ec3u \u0111\u01b0\u1eddng, t\u00e1o b\u00f3n\u2026 hi\u1ec7u qu\u1ea3.<\/span><\/p>\n<p><span style=\"font-weight: 400\">Kidney bean l\u00e0 g\u00ec? L\u00e0 lo\u1ea1i c\u00e2y h\u1ecd \u0111\u1eadu, \u0111\u01b0\u1ee3c d\u00f9ng ch\u1ee7 y\u1ebfu trong \u1ea9m th\u1ef1c. Ngo\u00e0i ra lo\u1ea1i \u0111\u1eadu n\u00e0y c\u00f2n \u0111\u01b0\u1ee3c d\u00f9ng l\u00e0m thu\u1ed1c, l\u00e0m \u0111\u1eb9p r\u1ea5t t\u1ed1t. V\u1eady lo\u1ea1i \u0111\u1eadu n\u00e0y c\u00f3 ngu\u1ed3n g\u1ed1c t\u1eeb \u0111\u00e2u, c\u00e2y ph\u00e1t tri\u1ec3n c\u00f3 h\u00ecnh d\u1ea1ng nh\u01b0 th\u1ebf n\u00e0o, c\u00f3 c\u00e1c d\u01b0\u1ee1ng ch\u1ea5t, c\u00f4ng d\u1ee5ng g\u00ec b\u1ea1n c\u00f3 th\u1ec3 t\u00ecm hi\u1ec3u v\u1ec1 lo\u1ea1i \u0111\u1eadu n\u00e0y trong b\u00e0i vi\u1ebft n\u00e0y.<\/span><\/p>\n<p><img decoding=\"async\" src=\"https:\/\/havamall.vn\/wp-content\/uploads\/2020\/05\/1499153829857.jpg\" alt=\"\u0110\u1eadu \u0111\u1ecf T\u00e2y Kidney \u1ea4n \u0110\u1ed9\/ Argentina\" \/><\/p>\n<h2><span style=\"font-weight: 400\">Ngu\u1ed3n g\u1ed1c xu\u1ea5t x\u1ee9<\/span><\/h2>\n<p><span style=\"font-weight: 400\">Lo\u1ea1i \u0111\u1eadu n\u00e0y c\u00f3 ngu\u1ed3n g\u1ed1c t\u1eeb Trung M\u1ef9 v\u00e0 Mexico, sau \u0111\u00f3 \u0111\u01b0\u1ee3c tr\u1ed3ng nhi\u1ec1u \u1edf \u1ea4n \u0110\u1ed9, T\u00e2y Ban Nha\u2026 \u0110\u1eadu \u0111\u1ecf t\u00e2y \u1ea4n \u0110\u1ed9 \u0111\u01b0\u1ee3c \u0111\u00e1nh gi\u00e1 l\u00e0 lo\u1ea1i \u0111\u1eadu c\u00f3 ch\u1ea5t l\u01b0\u1ee3ng cao, gi\u00e0u ch\u1ea5t dinh d\u01b0\u1ee1ng, \u0103n ngon, th\u01a1m, b\u00f9i. \u0110\u00e2y c\u0169ng l\u00e0 \u0111\u1ea5t n\u01b0\u1edbc c\u00f3 l\u01b0\u1ee3ng \u0111\u1eadu xu\u1ea5t kh\u1ea9u l\u1edbn tr\u00ean th\u1ebf gi\u1edbi.<\/span><\/p>\n<h2><span style=\"font-weight: 400\">C\u00f4ng d\u1ee5ng<\/span><\/h2>\n<ul>\n<li style=\"font-weight: 400\"><span style=\"font-weight: 400\">\u0110\u1eadu \u0111\u1ecf t\u00e2y c\u00f3 h\u00e0m l\u01b0\u1ee3ng ch\u1ea5t x\u01a1 cao, r\u1ea5t th\u00edch h\u1ee3p v\u1edbi b\u1ec7nh nh\u00e2n b\u1ecb m\u1eafc b\u1ec7nh ti\u1ec3u \u0111\u01b0\u1eddng gi\u00fap h\u1ecd \u0111i\u1ec1u ch\u1ec9nh c\u00e1c tri\u1ec7u ch\u1ee9ng c\u1ee7a b\u1ec7nh.<\/span><\/li>\n<li style=\"font-weight: 400\"><span style=\"font-weight: 400\">Ch\u1ea5t flavonoid gi\u00fap l\u00e0m gi\u1ea3m nguy c\u01a1 m\u1eafc b\u1ec7nh tim m\u1ea1ch qua vi\u1ec7c ng\u1eeba m\u00e1u \u0111\u00f4ng trong \u0111\u1ed9ng m\u1ea1ch v\u00e0 t\u0129nh m\u1ea1ch.<\/span><\/li>\n<li style=\"font-weight: 400\"><span style=\"font-weight: 400\">\u0110\u1eadu \u0111\u1ecf t\u00e2y c\u00f2n gi\u00fap ng\u0103n ng\u1eeba lo\u00e3ng x\u01b0\u01a1ng nh\u1edd v\u00e0o Canxi c\u00f3 ch\u1ee9a Vitamin A,K \u2013 n\u1ebfu thi\u1ebfu nh\u1eefng kho\u00e1ng ch\u1ea5t n\u00e0y c\u00f3 th\u1ec3 d\u1eabn \u0111\u1ebfn m\u1ea5t ch\u1ea5t x\u01b0\u01a1ng, ngo\u00e0i ra silicon c\u00f2n g\u00f3p ph\u1ea7n trong qu\u00e1 tr\u00ecnh t\u00e1i t\u1ea1o x\u01b0\u01a1ng.<\/span><\/li>\n<li style=\"font-weight: 400\"><span style=\"font-weight: 400\">B\u1ea3o v\u1ec7 \u0111\u00f4i m\u1eaft b\u1eb1ng c\u00e1ch s\u1eed d\u1ee5ng \u0111\u1eadu th\u1eadn th\u01b0\u1eddng xuy\u00ean, c\u00e1c ch\u1ea5t carotenoid trong \u0111\u1eadu c\u00f3 th\u1ec3 ng\u1eeba t\u1ed5n h\u1ea1i \u0111\u1ebfn m\u1eaft, ng\u0103n ch\u1eb7n suy gi\u1ea3m th\u1ecb l\u1ef1c v\u00e0 tho\u00e1i ho\u00e1 \u0111i\u1ec3m v\u00e0ng<\/span><\/li>\n<li style=\"font-weight: 400\"><span style=\"font-weight: 400\">\u0110\u1eadu \u0111\u1ecf t\u00e2y c\u1ea3i thi\u1ec7n h\u1ec7 mi\u1ec5n d\u1ecbch, gi\u00fap lo\u1ea1i b\u1ecf c\u00e1c g\u1ed1c t\u1ef1 do nh\u1edd v\u00e0o ch\u1ea5t ch\u1ed1ng oxy ho\u00e1.<\/span><\/li>\n<li style=\"font-weight: 400\"><span style=\"font-weight: 400\">Nhi\u1ec1u nghi\u00ean c\u1ee9u cho th\u1ea5y, l\u01b0\u1ee3ng ch\u1ea5t x\u01a1 trong \u0111\u1eadu c\u00f3 th\u1ec3 l\u00e0m gi\u1ea3m nguy c\u01a1 ung th\u01b0 ru\u1ed9t k\u1ebft.<\/span><\/li>\n<li style=\"font-weight: 400\"><span style=\"font-weight: 400\">C\u00e1c b\u1ec7nh nh\u01b0 t\u00e1o b\u00f3n, vi\u00eam lo\u00e9t d\u1ea1 d\u00e0y, b\u1ec7nh tr\u0129, tr\u00e0o ng\u01b0\u1ee3c axit \u0111\u1ea7u c\u00f3 th\u1ec3 d\u00f9ng \u0111\u1eadu th\u1eadn \u0111\u1ec3 ch\u1eefa tr\u1ecb- \u0111\u00e2y l\u00e0 1 gi\u1ea3i ph\u00e1p h\u1eefu hi\u1ec7u.<\/span><\/li>\n<\/ul>\n<p><span style=\"font-weight: 400\"><img decoding=\"async\" src=\"https:\/\/havamall.vn\/wp-content\/uploads\/2020\/05\/dau-do-tay-pmt-goi-250g-201912121542052295.jpg\" alt=\"\u0110\u1eadu \u0111\u1ecf t\u00e2y PMT 250g t\u1ea1i bachhoaxanh.com\" \/><\/span><\/p>\n<h2><span style=\"font-weight: 400\">H\u01b0\u1edbng d\u1eabn c\u00e1ch n\u1ea5u \u0111\u1eadu th\u1eadn \u1ea4n \u0110\u1ed9 m\u1ec1m, ngon<\/span><\/h2>\n<p><span style=\"font-weight: 400\">\u0110\u1eadu n\u1ea5u nh\u01b0 th\u1ebf n\u00e0o \u0111\u1ec3 \u0111\u1eadu v\u1eeba ngon, m\u1ec1m, h\u1ea5p d\u1eabn l\u1ea1i b\u1ed5 d\u01b0\u1ee1ng? B\u1ea1n c\u00f3 th\u1ec3 tham kh\u1ea3o c\u00e1ch n\u1ea5u sau \u0111\u00e2y.<\/span><\/p>\n<h3><span style=\"font-weight: 400\">Nguy\u00ean li\u1ec7u<\/span><\/h3>\n<p><span style=\"font-weight: 400\">&#8211; 200g \u0111\u1eadu \u0111\u1ecf t\u00e2y<\/span><\/p>\n<p><span style=\"font-weight: 400\">&#8211; 2 l\u00edt n\u01b0\u1edbc<\/span><\/p>\n<p><span style=\"font-weight: 400\">&#8211; \u00bd th\u00eca mu\u1ed1i<\/span><\/p>\n<p><span style=\"font-weight: 400\">S\u01a1 ch\u1ebf nguy\u00ean li\u1ec7u<\/span><\/p>\n<p><span style=\"font-weight: 400\">&#8211; L\u1ecdc v\u00e0 b\u1ecf nh\u1eefng h\u1ea1t \u0111\u1eadu h\u1ecfng, sau \u0111\u00f3 cho \u0111\u1eadu v\u00e0o t\u00f4 l\u1edbn \u0111\u1ed5 \u0111\u1eadu v\u00e0 n\u01b0\u1edbc v\u00e0o theo t\u1ef7 l\u1ec7 1:3. Ng\u00e2m \u0111\u1eadu kho\u1ea3ng 6 ti\u1ebfng ho\u1eb7c qua \u0111\u00eam \u0111\u1ec3 \u0111\u1eadu n\u1edf, nhanh ch\u00edn h\u01a1n.<\/span><\/p>\n<h3><span style=\"font-weight: 400\">Th\u1ef1c hi\u1ec7n<\/span><\/h3>\n<p><span style=\"font-weight: 400\">B\u01b0\u1edbc 1: Cho \u0111\u1eadu th\u1eadn \u0111\u00e3 ng\u00e2m v\u00e0o n\u1ed3i, cho th\u00eam kho\u1ea3ng 5 ch\u00e9n n\u01b0\u1edbc. \u0110\u1eady vung, \u0111un s\u00f4i \u0111\u1eadu kho\u1ea3ng 10 ph\u00fat. T\u1eaft b\u1ebfp, \u0111\u1ed5 \u0111\u1eadu ra r\u1ed5 sau \u0111\u00f3 r\u1eeda \u0111\u1eadu v\u1edbi n\u01b0\u1edbc l\u1ea1nh, \u0111\u1ec3 r\u00e1o. B\u01b0\u1edbc n\u00e0y gi\u00fap lo\u1ea1i b\u1ecf \u0111\u1ed9c t\u1ed1 trong \u0111\u1eadu tr\u01b0\u1edbc khi n\u1ea5u.<\/span><\/p>\n<p><span style=\"font-weight: 400\">B\u01b0\u1edbc 2: Cho \u0111\u1eadu v\u00e0o n\u1ed3i v\u1edbi t\u1ec9 l\u1ec7 n\u01b0\u1edbc 1: 2 v\u00e0 cho th\u00eam mu\u1ed1i v\u00e0o. \u0110\u1eady n\u1eafp, n\u1ea5u, khi \u0111\u1eadu s\u00f4i b\u1ea1n h\u00e9 n\u1eafp n\u1ed3i \u0111\u1ec3 n\u01b0\u1edbc \u0111\u1ee1 b\u1eafn ra ngo\u00e0i. B\u1eadt l\u1eeda v\u1eeba v\u00e0 n\u1ea5u \u0111\u1eadu kho\u1ea3ng 45 ph\u00fat.<\/span><\/p>\n<p><span style=\"font-weight: 400\">Khi th\u1ea5y \u0111\u1eadu \u0111\u00e3 ch\u00edn, m\u1ec1m, c\u00f3 m\u00f9i th\u01a1m th\u00ec t\u1eaft b\u1ebfp. V\u1edbt \u0111\u1eadu ra ngo\u00e0i, \u0111\u1ec3 ngu\u1ed9i v\u00e0 r\u00e1o h\u1ebft n\u01b0\u1edbc.<\/span><\/p>\n<p><img decoding=\"async\" class=\"aligncenter\" src=\"https:\/\/havamall.vn\/wp-content\/uploads\/2020\/05\/rajma-featured-image.jpg\" alt=\"9 lo\u1ea1i \u0111\u1eadu gi\u00e0u Protein t\u1ef1 nhi\u00ean t\u1ed1t h\u01a1n th\u1ecbt b\u1ea1n n\u00ean \u0103n m\u1ed7i ng\u00e0y ...\" \/><\/p>\n<h2><span style=\"font-weight: 400\">C\u00e1ch b\u1ea3o qu\u1ea3n \u0111\u1eadu \u0111\u1ecf t\u00e2y sau khi n\u1ea5u<\/span><\/h2>\n<p><span style=\"font-weight: 400\">B\u1ea1n c\u00f3 th\u1ec3 b\u1ea3o qu\u1ea3n \u0111\u1eadu b\u1eb1ng c\u00e1ch cho \u0111\u1eadu v\u00e0o t\u00fai ni l\u00f4ng ho\u1eb7c h\u1ed9p nh\u1ef1a\/th\u1ee7y tinh \u0111\u1ec3 v\u00e0o ng\u0103n m\u00e1t t\u1ee7 l\u1ea1nh ho\u1eb7c ng\u0103n \u0111\u00e1. Tuy nhi\u00ean v\u1edbi ng\u0103n \u0111\u00e1, b\u1ea1n n\u00ean r\u1eeda l\u1ea1i n\u01b0\u1edbc l\u1ea1nh 1 l\u1ea7n n\u1eefa \u0111\u1ec3 \u0111\u1eadu s\u0103n ch\u1eafc, b\u1ea3o qu\u1ea3n \u0111\u01b0\u1ee3c l\u00e2u h\u01a1n.<\/span><\/p>\n<p><span style=\"font-weight: 400\">Th\u1eddi gian b\u1ea3o qu\u1ea3n \u1edf ng\u0103n m\u00e1t t\u1ee7 l\u1ea1nh ch\u1ec9 \u0111\u01b0\u1ee3c t\u1ed1i \u0111a 3 ng\u00e0y v\u00e0 ng\u0103n \u0111\u00e1 l\u00e0 1 th\u00e1ng. B\u1ea1n kh\u00f4ng n\u00ean d\u00f9ng \u0111\u1eadu \u0111\u00e3 qu\u00e1 h\u1ea1n, v\u00ec \u0111\u1eadu n\u00e0y kh\u00f4ng s\u1eed d\u1ee5ng ch\u1ea5t b\u1ea3o qu\u1ea3n.<\/span><\/p>\n<p><span style=\"font-weight: 400\">B\u1ea1n c\u00f3 th\u1ec3 ch\u1ebf bi\u1ebfn \u0111\u1eadu th\u1eadn v\u1edbi c\u00e1c m\u00f3n nh\u01b0: Ch\u00e8, s\u00fap, x\u00f4i, ch\u00e1o, salad, m\u00f3n h\u1ea7m\u2026 r\u1ea5t ngon v\u00e0 b\u1ed5 d\u01b0\u1ee1ng.<\/span><\/p>","protected":false},"excerpt":{"rendered":"<ul>\n<li><span style=\"font-weight: 400\">L\u00e0 lo\u1ea1i c\u00e2y h\u1ecd \u0111\u1eadu, \u0111\u01b0\u1ee3c d\u00f9ng ch\u1ee7 y\u1ebfu trong \u1ea9m th\u1ef1c<\/span><\/li>\n<li><span style=\"font-weight: 400\"> Ngo\u00e0i ra lo\u1ea1i \u0111\u1eadu n\u00e0y c\u00f2n \u0111\u01b0\u1ee3c d\u00f9ng l\u00e0m thu\u1ed1c, l\u00e0m \u0111\u1eb9p r\u1ea5t t\u1ed1t<\/span><\/li>\n<li><span style=\"font-weight: 400\">Lo\u1ea1i \u0111\u1eadu n\u00e0y c\u00f3 ngu\u1ed3n g\u1ed1c t\u1eeb Trung M\u1ef9 v\u00e0 Mexico, sau \u0111\u00f3 \u0111\u01b0\u1ee3c tr\u1ed3ng nhi\u1ec1u \u1edf \u1ea4n \u0110\u1ed9, T\u00e2y Ban Nha\u2026 <\/span><\/li>\n<li><span style=\"font-weight: 400\">\u0110\u1eadu \u0111\u1ecf t\u00e2y \u1ea4n \u0110\u1ed9 \u0111\u01b0\u1ee3c \u0111\u00e1nh gi\u00e1 l\u00e0 lo\u1ea1i \u0111\u1eadu c\u00f3 ch\u1ea5t l\u01b0\u1ee3ng cao, gi\u00e0u ch\u1ea5t dinh d\u01b0\u1ee1ng, \u0103n ngon, th\u01a1m, b\u00f9i<\/span><\/li>\n<\/ul>","protected":false},"featured_media":14432,"comment_status":"open","ping_status":"closed","template":"","meta":[],"product_brand":[],"product_cat":[594,36,134],"product_tag":[],"class_list":{"0":"post-14415","1":"product","2":"type-product","3":"status-publish","4":"has-post-thumbnail","6":"product_cat-dau-cu-qua-kho","7":"product_cat-thuc-pham-tieu-dung","8":"product_cat-thucpham-saykho","9":"pa_brand-skx","11":"first","12":"instock","13":"sale","14":"shipping-taxable","15":"purchasable","16":"product-type-simple"},"_links":{"self":[{"href":"https:\/\/havamall.vn\/en\/wp-json\/wp\/v2\/product\/14415"}],"collection":[{"href":"https:\/\/havamall.vn\/en\/wp-json\/wp\/v2\/product"}],"about":[{"href":"https:\/\/havamall.vn\/en\/wp-json\/wp\/v2\/types\/product"}],"replies":[{"embeddable":true,"href":"https:\/\/havamall.vn\/en\/wp-json\/wp\/v2\/comments?post=14415"}],"version-history":[{"count":0,"href":"https:\/\/havamall.vn\/en\/wp-json\/wp\/v2\/product\/14415\/revisions"}],"wp:featuredmedia":[{"embeddable":true,"href":"https:\/\/havamall.vn\/en\/wp-json\/wp\/v2\/media\/14432"}],"wp:attachment":[{"href":"https:\/\/havamall.vn\/en\/wp-json\/wp\/v2\/media?parent=14415"}],"wp:term":[{"taxonomy":"product_brand","embeddable":true,"href":"https:\/\/havamall.vn\/en\/wp-json\/wp\/v2\/product_brand?post=14415"},{"taxonomy":"product_cat","embeddable":true,"href":"https:\/\/havamall.vn\/en\/wp-json\/wp\/v2\/product_cat?post=14415"},{"taxonomy":"product_tag","embeddable":true,"href":"https:\/\/havamall.vn\/en\/wp-json\/wp\/v2\/product_tag?post=14415"}],"curies":[{"name":"wp","href":"https:\/\/api.w.org\/{rel}","templated":true}]}}