{"id":14372,"date":"2020-05-14T16:26:17","date_gmt":"2020-05-14T09:26:17","guid":{"rendered":"https:\/\/havamall.vn\/?post_type=product&#038;p=14372"},"modified":"2023-06-09T11:11:17","modified_gmt":"2023-06-09T04:11:17","slug":"dau-lang-do-tach-doi-500g-dehulled-red-lentils-500g","status":"publish","type":"product","link":"https:\/\/havamall.vn\/en\/shop\/dau-lang-do-tach-doi-500g-dehulled-red-lentils-500g\/","title":{"rendered":"\u0110\u1eadu L\u0103ng \u0110\u1ecf H\u1eefu C\u01a1 T\u00e1ch \u0110\u00f4i &#8211; Dehulled Red Lentils"},"content":{"rendered":"<h5><strong><em>\u0110\u1eadu l\u0103ng<\/em><\/strong>\u00a0l\u00e0 lo\u1ea1i h\u1ea1t dinh d\u01b0\u1ee1ng c\u00f9ng h\u1ecd \u0111\u1eadu v\u1edbi c\u00e1c lo\u1ea1i: \u0111\u00e2u \u0111\u1ecf, \u0111\u1eadu xanh, \u0111\u1eadu \u0111en, \u0111\u1eadu tr\u1eafng\u2026 \u0110\u01b0\u1ee3c nh\u1eadp kh\u1ea9u tr\u1ef1c ti\u1ebfp t\u1eeb M\u1ef9 \u1edf d\u1ea1ng s\u1ea5y kh\u00f4, c\u00f3 m\u00e0u v\u00e0ng nh\u1ea1t.<\/h5>\n<h5><strong><em><img fetchpriority=\"high\" decoding=\"async\" class=\"wp-image-9672 aligncenter\" src=\"https:\/\/havamall.vn\/wp-content\/uploads\/2018\/06\/Red-lentil-puree-baby-food.jpg\" alt=\"\" width=\"868\" height=\"556\" srcset=\"https:\/\/havamall.vn\/wp-content\/uploads\/2018\/06\/Red-lentil-puree-baby-food.jpg 1054w, https:\/\/havamall.vn\/wp-content\/uploads\/2018\/06\/Red-lentil-puree-baby-food-430x275.jpg 430w, https:\/\/havamall.vn\/wp-content\/uploads\/2018\/06\/Red-lentil-puree-baby-food-150x96.jpg 150w, https:\/\/havamall.vn\/wp-content\/uploads\/2018\/06\/Red-lentil-puree-baby-food-700x448.jpg 700w\" sizes=\"(max-width: 868px) 100vw, 868px\" \/><\/em><\/strong><\/h5>\n<h5><strong><em>\u0110\u1eadu l\u0103ng<\/em><\/strong>\u00a0c\u00f3 nhi\u1ec1u m\u00e0u s\u1eafc r\u1ea5t \u0111\u1eb9p m\u1eaft: v\u00e0ng, \u0111\u1ecf, cam v\u00e0 n\u00e2u. \u0110\u01b0\u1ee3c bi\u1ebft \u0111\u1ebfn kh\u00f4ng ch\u1ec9 l\u00e0 m\u1ed9t th\u1ef1c ph\u1ea9m m\u00e0 c\u00f2n c\u00f3 kh\u1ea3 n\u0103ng h\u1ed7 tr\u1ee3 ch\u1eefa b\u1ec7nh.<\/h5>\n<h4><img decoding=\"async\" class=\"aligncenter\" src=\"https:\/\/havamall.vn\/wp-content\/uploads\/2018\/06\/bulk-beans-organic-hulled-red-lentil-beans-25-lb.jpg\" alt=\"K\u00e1\u00ba\u00bft qu\u00e1\u00ba\u00a3 h\u00c3\u00acnh \u00e1\u00ba\u00a3nh cho Dehulled Red Lentils\" width=\"672\" height=\"448\" \/><\/h4>\n<h2><strong>1. C\u00f4ng d\u1ee5ng c\u1ee7a h\u1ea1t \u0111\u1eadu l\u0103ng:<\/strong><\/h2>\n<p>-Gi\u1ea3m cholesterol x\u1ea5u nh\u1edd l\u01b0\u1ee3ng ch\u1ea5t x\u01a1 cao.<\/p>\n<p>\u2013 Cung c\u1ea5p protein v\u00e0 ch\u1ea5t x\u01a1. Th\u00edch h\u1ee3p cho ng\u01b0\u1eddi \u0103n ki\u00eang, gi\u1eef d\u00e1ng. V\u00ec ch\u1ea5t x\u01a1 n\u1ea1p v\u00e0o c\u01a1 th\u1ec3 b\u1ea1n s\u1ebd t\u1ea1o c\u1ea3m gi\u00e1c no l\u00e2u v\u00e0 gi\u1ea3m l\u01b0\u1ee3ng ch\u1ea5t b\u00e9o trong c\u01a1 th\u1ec3.<\/p>\n<p>\u2013 T\u0103ng c\u01b0\u1eddng s\u1ee9c \u0111\u1ec1 kh\u00e1ng v\u00e0 nh\u1eefng d\u01b0\u1ee1ng ch\u1ea5t thi\u1ebft y\u1ebfu cho c\u01a1 th\u1ec3 bao g\u1ed3m: canxi, magi\u00ea, vitamin v\u00e0 ch\u1ea5t kho\u00e1ng.\u00a0<em>\u0110\u1eadu l\u0103ng<\/em>\u00a0l\u00e0 ngu\u1ed3n b\u1ed5 sung n\u0103ng l\u01b0\u1ee3ng, t\u0103ng c\u01b0\u1eddng s\u1ee9c \u0111\u1ec1 kh\u00e1ng, gi\u00fap c\u01a1 th\u1ec3 ho\u1ea1t \u0111\u1ed9ng v\u00e0 trao \u0111\u1ed5i ch\u1ea5t t\u1ed1t h\u01a1n. Ng\u0103n ng\u1eeba ung th\u01b0, t\u1ed1t cho ng\u01b0\u1eddi ti\u1ec3u \u0111\u01b0\u1eddng, huy\u1ebft \u00e1p v\u00e0 x\u01b0\u01a1ng ch\u1eafc kh\u1ecfe, mang l\u1ea1i l\u00e0n da kh\u1ecfe m\u1ea1nh.<\/p>\n<p>\u2013 S\u1eed d\u1ee5ng\u00a0<em>\u0111\u1eadu l\u0103ng<\/em>\u00a0\u0111\u1ecf l\u00e0 l\u1ef1a ch\u1ecdn t\u1ed1t nh\u1ea5t cho m\u1ecdi gia \u0111\u00ecnh.<\/p>\n<h2><strong><img decoding=\"async\" class=\"size-full wp-image-9451 aligncenter\" src=\"https:\/\/havamall.vn\/wp-content\/uploads\/2018\/06\/750x650-copy-4.jpg\" alt=\"\" width=\"750\" height=\"650\" srcset=\"https:\/\/havamall.vn\/wp-content\/uploads\/2018\/06\/750x650-copy-4.jpg 750w, https:\/\/havamall.vn\/wp-content\/uploads\/2018\/06\/750x650-copy-4-430x373.jpg 430w, https:\/\/havamall.vn\/wp-content\/uploads\/2018\/06\/750x650-copy-4-150x130.jpg 150w, https:\/\/havamall.vn\/wp-content\/uploads\/2018\/06\/750x650-copy-4-700x607.jpg 700w, https:\/\/havamall.vn\/wp-content\/uploads\/2018\/06\/750x650-copy-4-600x520.jpg 600w\" sizes=\"(max-width: 750px) 100vw, 750px\" \/><\/strong><\/h2>\n<h2><strong>2. C\u00e1ch ch\u1ebf bi\u1ebfn \u0111\u1eadu l\u0103ng:<\/strong><\/h2>\n<p><em>M\u00f3n \u0111\u1eadu l\u0103ng th\u00f4ng th\u01b0\u1eddng:<\/em><\/p>\n<p>R\u1eeda s\u1ea1ch\u00a0<em><strong>\u0111\u1eadu l\u0103ng<\/strong><\/em>\u00a0r\u1ed3i \u0111un s\u00f4i v\u1edbi n\u01b0\u1edbc. Nh\u1edb kho\u00e1y \u0111\u1ec1u \u0111\u1ec3 tr\u00e1nh d\u00ednh n\u1ed3i. N\u1ea5u t\u1ea7m 25 ph\u00fat quan s\u00e1t th\u1ea5y \u0111\u1eadu m\u1ec1m th\u00ec cho mu\u1ed1i v\u00e0 h\u1ea1t n\u00eam v\u00e0o cho v\u1eeba \u0103n.<\/p>\n<p><em>C\u00e0 ri \u0111\u1eadu l\u0103ng:<\/em><\/p>\n<p>Cho g\u1eebng, t\u1ecfi gi\u00e3 nhuy\u1ec5n v\u00e0o ch\u1ea3o d\u1ea7u n\u00f3ng, phi th\u01a1m. Th\u00eam m\u1ed9t \u00edt b\u1ed9t c\u00e0 ri, khoai t\u00e2y v\u00e0 c\u00e0 r\u1ed1t v\u00e0o x\u00e0o \u0111\u1ec1u \u00edt ph\u00fat. Ti\u1ebfp t\u1ee5c cho \u0111\u1eadu l\u0103ng \u0111\u00e3 r\u1eeda s\u1ea1ch v\u00e0 n\u01b0\u1edbc d\u00f9ng v\u00e0o v\u00e0\u00a0 \u0111\u1ea3o \u0111\u1ec1u. N\u00eam n\u1ebfm gia v\u1ecb v\u1eeba \u0103n, k\u00e8m \u00edt \u1edbt. \u0110\u1ee3i t\u1ea7m 20 ph\u00fat \u0111\u1eadu v\u00e0 rau c\u1ee7 ch\u00edn m\u1ec1m th\u00ec cho ra b\u00e1t \u0103n k\u00e8m b\u00e1nh m\u00ec.<\/p>\n<h4><img decoding=\"async\" class=\"aligncenter\" src=\"https:\/\/havamall.vn\/wp-content\/uploads\/2018\/06\/W-Roasted-Garlic-Lentil-Soup-1.jpg\" alt=\"H\u00c3\u00acnh \u00e1\u00ba\u00a3nh c\u00c3\u00b3 li\u00c3\u00aan quan\" \/><\/h4>\n<p><em>S\u00fap \u0111\u1eadu l\u0103ng \u0111\u1ecf:<\/em><\/p>\n<p>R\u1eeda\u00a0<em><strong>\u0111\u1eadu l\u0103ng<\/strong><\/em>\u00a0s\u1ea1ch r\u1ed3i cho v\u00e0o n\u1ed3i n\u01b0\u1edbc n\u1ea5u s\u00f4i. Khi \u0111\u1eadu s\u00f4i th\u00ec gi\u1ea3m l\u1eeda l\u1ea1i cho \u0111\u1eadu ch\u00edn m\u1ec1m , th\u1ec9nh tho\u1ea3ng \u0111\u1ea3o \u0111\u1ec1u tay.<\/p>\n<p>B\u1eafc ch\u1ea3o l\u00ean b\u1ebfp, cho \u00edt d\u1ea7u v\u00e0o phi th\u01a1m h\u00e0nh t\u00e2y. Ti\u1ebfp t\u1ee5c cho ngh\u1ec7 v\u00e0 ng\u0169 v\u1ecb h\u01b0\u01a1ng v\u00e0o \u0111\u1ea3o \u0111\u1ec1u. Cho\u00a0<em><strong>\u0111\u1eadu l\u0103ng\u00a0<\/strong><\/em>n\u1ea5u ch\u00edn v\u00e0o ch\u1ea3o. Tr\u1ed9n \u0111\u1ec1u t\u1ea5t c\u1ea3 nguy\u00ean li\u1ec7u. N\u1ea5u t\u1ea7m 10 ph\u00fat th\u00ec cho c\u00e0 chua v\u00e0o v\u00e0 n\u00eam gia v\u1ecb v\u1eeba \u0103n.<\/p>\n<p>L\u01b0u \u00fd:\u00a0N\u00ean b\u1ea3o qu\u1ea3n \u0111\u1eadu l\u0103ng \u1edf n\u01a1i kh\u00f4 r\u00e1o v\u00e0 tho\u00e1ng m\u00e1t.<\/p>\n<p><em>** \u0110\u1eadu l\u00e0 s\u1ea3n ph\u1ea9m dinh d\u01b0\u1ee1ng, mang nhi\u1ec1u l\u1ee3i \u00edch cho s\u1ee9c kh\u1ecfe. V\u1edbi h\u01b0\u01a1ng v\u1ecb d\u1ec5 \u0103n v\u00e0 nh\u1eefng l\u1ee3i \u00edch tr\u00ean, \u0111\u00e2y l\u00e0 m\u1ed9t s\u1ea3n ph\u1ea9m b\u1ed5 d\u01b0\u1ee1ng khuy\u00ean d\u00f9ng cho c\u00e1c b\u1eefa \u0103n gia \u0111\u00ecnh. N\u1ebfu b\u1ea1n c\u00f3 nhu c\u1ea7u mua \u0111\u1eadu v\u1edbi s\u1ed1 l\u01b0\u1ee3ng l\u1edbn, vui l\u00f2ng li\u00ean h\u1ec7 ch\u00fang t\u00f4i \u0111\u1ec3 nh\u1eadn \u0111\u01b0\u1ee3c gi\u00e1 t\u1ed1t nh\u1ea5t.\u00a0<\/em><\/p>\n<p><img decoding=\"async\" class=\"aligncenter\" src=\"https:\/\/havamall.vn\/wp-content\/uploads\/2018\/06\/NonGMOPledge.png\" \/><\/p>\n<p>T\u1ea1i\u00a0<strong>Havamall<\/strong>, ch\u00fang t\u00f4i hi\u1ec3u r\u1eb1ng kh\u00e1ch h\u00e0ng lu\u00f4n b\u0103n kho\u0103n v\u1ec1 th\u00e0nh ph\u1ea7n c\u1ee7a c\u00e1c s\u1ea3n ph\u1ea9m Vitamin &amp; Th\u1ef1c ph\u1ea9m ch\u1ee9c n\u0103ng h\u1ecd d\u00f9ng h\u00e0ng ng\u00e0y. H\u1ecd mu\u1ed1n c\u00f3 \u0111\u01b0\u1ee3c nh\u1eefng s\u1ea3n ph\u1ea9m m\u00e0 h\u1ecd c\u00f3 th\u1ec3 tin d\u00f9ng. S\u1ea3n ph\u1ea9m m\u00e0 h\u1ecd ch\u1eafc ch\u1eafn r\u1eb1ng ch\u00fang \u0111\u00e1p \u1ee9ng c\u00e1c ti\u00eau chu\u1ea9n c\u1ee5 th\u1ec3 v\u00e0 kh\u00f4ng s\u1eed d\u1ee5ng c\u00e1c th\u00e0nh ph\u1ea7n bi\u1ebfn \u0111\u1ed5i gen. \u1ede\u00a0<strong>Havamall<\/strong>, qu\u00fd kh\u00e1ch c\u00f3 th\u1ec3 tin t\u01b0\u1edfng v\u00e0o nh\u00e3n m\u00e1c s\u1ea3n ph\u1ea9m c\u1ee7a ch\u00fang t\u00f4i. Ch\u00fang t\u00f4i c\u00f3 c\u00e1c quy tr\u00ecnh nghi\u00eam ng\u1eb7t \u0111\u1ec3 \u0111\u1ea3m b\u1ea3o r\u1eb1ng t\u1ea5t c\u1ea3 c\u00e1c s\u1ea3n ph\u1ea9m trong danh m\u1ee5c s\u1ea3n ph\u1ea9m kh\u00f4ng s\u1eed d\u1ee5ng\u00a0<strong>GMO<\/strong>\u00a0\u0111\u1ec1u ch\u1ee9a c\u00e1c th\u00e0nh ph\u1ea7n gi\u1ed1ng nh\u01b0 \u0111\u01b0\u1ee3c ghi tr\u00ean nh\u00e3n m\u00e1c.<\/p>","protected":false},"excerpt":{"rendered":"<ul>\n<li>\n<h5>\u0110\u1eadu l\u0103ng\u00a0l\u00e0 lo\u1ea1i h\u1ea1t dinh d\u01b0\u1ee1ng c\u00f9ng h\u1ecd \u0111\u1eadu v\u1edbi c\u00e1c lo\u1ea1i: \u0111\u00e2u \u0111\u1ecf, \u0111\u1eadu xanh, \u0111\u1eadu \u0111en, \u0111\u1eadu tr\u1eafng\u2026<\/h5>\n<\/li>\n<li>\n<h5>\u0110\u01b0\u1ee3c nh\u1eadp kh\u1ea9u tr\u1ef1c ti\u1ebfp t\u1eeb M\u1ef9 \u1edf d\u1ea1ng s\u1ea5y kh\u00f4, c\u00f3 m\u00e0u v\u00e0ng nh\u1ea1t.<\/h5>\n<\/li>\n<li>\n<h5>\u0110\u01b0\u1ee3c bi\u1ebft \u0111\u1ebfn kh\u00f4ng ch\u1ec9 l\u00e0 m\u1ed9t th\u1ef1c ph\u1ea9m m\u00e0 c\u00f2n c\u00f3 kh\u1ea3 n\u0103ng h\u1ed7 tr\u1ee3 ch\u1eefa b\u1ec7nh.<\/h5>\n<\/li>\n<li><strong>S\u1eed d\u1ee5ng\u00a0\u0111\u1eadu l\u0103ng\u00a0\u0111\u1ecf l\u00e0 l\u1ef1a ch\u1ecdn t\u1ed1t nh\u1ea5t cho m\u1ecdi gia \u0111\u00ecnh.<\/strong><\/li>\n<\/ul>","protected":false},"featured_media":14374,"comment_status":"open","ping_status":"closed","template":"","meta":[],"product_brand":[],"product_cat":[594,36,134],"product_tag":[],"class_list":{"0":"post-14372","1":"product","2":"type-product","3":"status-publish","4":"has-post-thumbnail","6":"product_cat-dau-cu-qua-kho","7":"product_cat-thuc-pham-tieu-dung","8":"product_cat-thucpham-saykho","9":"pa_brand-tmt","11":"first","12":"instock","13":"sale","14":"shipping-taxable","15":"purchasable","16":"product-type-variable"},"_links":{"self":[{"href":"https:\/\/havamall.vn\/en\/wp-json\/wp\/v2\/product\/14372"}],"collection":[{"href":"https:\/\/havamall.vn\/en\/wp-json\/wp\/v2\/product"}],"about":[{"href":"https:\/\/havamall.vn\/en\/wp-json\/wp\/v2\/types\/product"}],"replies":[{"embeddable":true,"href":"https:\/\/havamall.vn\/en\/wp-json\/wp\/v2\/comments?post=14372"}],"version-history":[{"count":0,"href":"https:\/\/havamall.vn\/en\/wp-json\/wp\/v2\/product\/14372\/revisions"}],"wp:featuredmedia":[{"embeddable":true,"href":"https:\/\/havamall.vn\/en\/wp-json\/wp\/v2\/media\/14374"}],"wp:attachment":[{"href":"https:\/\/havamall.vn\/en\/wp-json\/wp\/v2\/media?parent=14372"}],"wp:term":[{"taxonomy":"product_brand","embeddable":true,"href":"https:\/\/havamall.vn\/en\/wp-json\/wp\/v2\/product_brand?post=14372"},{"taxonomy":"product_cat","embeddable":true,"href":"https:\/\/havamall.vn\/en\/wp-json\/wp\/v2\/product_cat?post=14372"},{"taxonomy":"product_tag","embeddable":true,"href":"https:\/\/havamall.vn\/en\/wp-json\/wp\/v2\/product_tag?post=14372"}],"curies":[{"name":"wp","href":"https:\/\/api.w.org\/{rel}","templated":true}]}}