{"id":14340,"date":"2020-05-13T11:24:58","date_gmt":"2020-05-13T04:24:58","guid":{"rendered":"https:\/\/havamall.vn\/?post_type=product&#038;p=14340"},"modified":"2025-03-19T11:25:04","modified_gmt":"2025-03-19T04:25:04","slug":"pate-gan-heo-jean-floch-78g-pork-liver-pate-jean-floch-78g","status":"publish","type":"product","link":"https:\/\/havamall.vn\/en\/shop\/pate-gan-heo-jean-floch-78g-pork-liver-pate-jean-floch-78g\/","title":{"rendered":"Pate Gan Heo Jean Floc&#8217;h 78g &#8211; Pork Liver Pate Jean Floc&#8217;h 78g"},"content":{"rendered":"<p>Pate gan heo \u201cFOIE\u201d hi\u1ec7u Jean Floc\u2019H \u0111\u01b0\u1ee3c nh\u1eadp kh\u1ea9u tr\u1ef1c ti\u1ebfp t\u1eeb Ph\u00e1p, mang \u0111\u00fang v\u1ecb chu\u1ea9n pate Ph\u00e1p, s\u1ea3n ph\u1ea9m \u0111\u01b0\u1ee3c s\u1ea3n xu\u1ea5t tr\u00ean d\u00e2y chuy\u1ec1n hi\u1ec7n \u0111\u1ea1i, \u0111\u1ea3m b\u1ea3o an to\u00e0n v\u1ec7 sinh th\u1ef1c ph\u1ea9m.<br \/>\nPate Foie Jean Floc&#8217;H kh\u00f4ng s\u1eed d\u1ee5ng ph\u1ee5 gia, ch\u1ea5t b\u1ea3o qu\u1ea3n \u0111\u1ed9c h\u1ea1i, \u0111\u1ea3m b\u1ea3o an to\u00e0n cho s\u1ee9c kh\u1ecfe ng\u01b0\u1eddi ti\u00eau d\u00f9ng. H\u1ed9p \u0111\u1ef1ng s\u1ea3n ph\u1ea9m l\u00e0m t\u1eeb nguy\u00ean li\u1ec7u s\u1ea1ch, kh\u00f4ng l\u1eabn t\u1ea1p ch\u1ea5t h\u00f3a h\u1ecdc \u0111\u1ed9c h\u1ea1i.<br \/>\nM\u00f3n n\u00e0y th\u01b0\u1eddng \u0111\u01b0\u1ee3c \u0103n k\u00e8m v\u1edbi b\u00e1nh m\u1ef3, x\u00f4i n\u00f3ng cho b\u1eefa s\u00e1ng ho\u1eb7c nh\u1eefng b\u1eefa \u0103n nh\u1eb9 \u0111\u1ec3 l\u1ea5y l\u1ea1i s\u1ee9c kh\u1ecfe cho c\u00f4ng vi\u1ec7c, h\u1ecdc t\u1eadp.<br \/>\nS\u1ea3n ph\u1ea9m nh\u1eadp kh\u1ea9u nguy\u00ean h\u1ed9p t\u1eeb T\u00e2y Ban Nha.<\/p>\n<p>Cu\u1ed9c s\u1ed1ng b\u1eadn r\u1ed9n khi\u1ebfn b\u1ea1n nhi\u1ec1u khi kh\u00f4ng c\u00f3 nhi\u1ec1u th\u1eddi gian chu\u1ea9n b\u1ecb cho b\u1eefa c\u01a1m gia \u0111\u00ecnh. V\u1edbi s\u1ea3n ph\u1ea9m\u00a0Pate Foie Jean Floc&#8217;H, b\u1ea1n s\u1ebd r\u00fat ng\u1eafn \u0111\u01b0\u1ee3c th\u1eddi gian cho vi\u1ec7c n\u1ea5u \u0103n. S\u1ea3n ph\u1ea9m c\u00f3 th\u1ec3 d\u00f9ng tr\u1ef1c ti\u1ebfp ho\u1eb7c l\u00e0m n\u00f3ng l\u1ea1i tr\u01b0\u1edbc khi d\u00f9ng l\u00e0 \u0111\u00e3 s\u1eb5n s\u00e0ng cho m\u1ed9t m\u00f3n \u0103n th\u01a1m ngon b\u1ed5 d\u01b0\u1ee1ng. C\u00f3 th\u1ec3 d\u00f9ng\u00a0Pate Foie Jean Floc&#8217;H\u00a0ch\u1ebf bi\u1ebfn th\u00e0nh c\u00e1c m\u00f3n \u0103n kh\u00e1c t\u00f9y s\u1edf th\u00edch. S\u1ea3n ph\u1ea9m \u0111\u01b0\u1ee3c \u0111\u00f3ng h\u1ed9p nh\u1ecf g\u1ecdn, ti\u1ec7n l\u1ee3i s\u1eed d\u1ee5ng trong gia \u0111\u00ecnh ho\u1eb7c mang \u0111i du l\u1ecbch, d\u00e3 ngo\u1ea1i.<\/p>\n<p><img fetchpriority=\"high\" decoding=\"async\" class=\"wp-image-25866 aligncenter\" src=\"https:\/\/havamall.vn\/wp-content\/uploads\/2025\/03\/z3270386033544_6c487fd832bf36dbc48c79db90bd87d1-300x300.jpg\" alt=\"\" width=\"777\" height=\"778\" \/><\/p>\n<p>Pate Foie Jean Floc&#8217;H\u00a0\u0111\u01b0\u1ee3c ch\u1ebf bi\u1ebfn t\u1eeb th\u1ecbt heo, gan heo, m\u1ee1 heo, h\u00e0nh, mu\u1ed1i, n\u01b0\u1edbc, protein s\u1eefa, c\u00e0 chua c\u00f4 \u0111\u1eb7c, s\u1eefa b\u1ed9t g\u1ea7y, \u0111\u01b0\u1eddng, gia v\u1ecb v\u00e0 th\u1ea3o m\u1ed9c\u2026 Ngu\u1ed3n nguy\u00ean li\u1ec7u \u0111\u01b0\u1ee3c ch\u1ecdn l\u1ecdc k\u0129 c\u00e0ng, c\u00f4ng th\u1ee9c ch\u1ebf bi\u1ebfn \u0111\u1eb7c bi\u1ec7t, \u0111\u1ea3m b\u1ea3o mang \u0111\u1ebfn tay ng\u01b0\u1eddi ti\u00eau d\u00f9ng s\u1ea3n ph\u1ea9m ch\u1ea5t l\u01b0\u1ee3ng cao, h\u01b0\u01a1ng v\u1ecb th\u01a1m ngon, \u0111\u1ea3m b\u1ea3o cung c\u1ea5p \u0111\u1ea7y \u0111\u1ee7 dinh d\u01b0\u1ee1ng cho b\u1eefa \u0103n trong gia \u0111\u00ecnh.\u00a0Pate Foie Jean Floc&#8217;H\u00a0kh\u00f4ng s\u1eed d\u1ee5ng ph\u1ee5 gia, ch\u1ea5t b\u1ea3o qu\u1ea3n \u0111\u1ed9c h\u1ea1i, \u0111\u1ea3m b\u1ea3o an to\u00e0n cho s\u1ee9c kh\u1ecfe ng\u01b0\u1eddi ti\u00eau d\u00f9ng. H\u1ed9p \u0111\u1ef1ng s\u1ea3n ph\u1ea9m l\u00e0m t\u1eeb nguy\u00ean li\u1ec7u s\u1ea1ch, kh\u00f4ng l\u1eabn t\u1ea1p ch\u1ea5t h\u00f3a h\u1ecdc \u0111\u1ed9c h\u1ea1i.<\/p>\n<p><img decoding=\"async\" class=\"aligncenter\" src=\"https:\/\/havamall.vn\/wp-content\/uploads\/2025\/03\/teaser_meo_bo_sung_vitamin_a_tu_mon_pate-1187829.jpg\" alt=\"M\u1eb9o b\u1ed5 sung vitamin A cho c\u01a1 th\u1ec3 t\u1eeb m\u00f3n Pate | Knorr Vi\u1ec7t Nam\" width=\"780\" height=\"585\" \/><\/p>\n<p>Th\u00e0nh ph\u1ea7n:\u00a0M\u1ee1, gan heo (25%), n\u01b0\u1edbc, th\u1ecbt heo, h\u00e0nh, mu\u1ed1i, protein s\u1eefa, b\u1ed9t s\u1eefa g\u1ea7y, c\u00e0 chua c\u00f4 \u0111\u1eb7c, \u0111\u01b0\u1eddng, gia v\u1ecb v\u00e0 th\u1ea3o m\u1ed9c, \u0111\u01b0\u1eddng lactose, dextrose, ch\u1ea5t b\u1ea3o qu\u1ea3n (250).<\/p>\n<p>Kh\u1ed1i l\u01b0\u1ee3ng t\u1ecbnh: 78gr.<\/p>\n<p>H\u01b0\u1edbng d\u1eabn s\u1eed d\u1ee5ng:\u00a0D\u00f9ng \u0103n tr\u1ef1c ti\u1ebfp. S\u1eed d\u1ee5ng ngay sau khi m\u1edf ra.<\/p>\n<p>B\u1ea3o qu\u1ea3n:\u00a0N\u01a1i kh\u00f4 r\u00e1o, tho\u00e1ng m\u00e1t.<\/p>\n<p>Th\u1eddi h\u1ea1n s\u1eed d\u1ee5ng:\u00a004 n\u0103m k\u1ec3 t\u1eeb ng\u00e0y s\u1ea3n xu\u1ea5t.<\/p>\n<p>Xu\u1ea5t x\u1ee9:\u00a0Ph\u00e1p.<\/p>\n<p>Nh\u00e0 s\u1ea3n xu\u1ea5t:\u00a0Sas Jean Floc&#8217;h\u00a0 &#8211; France.<\/p>","protected":false},"excerpt":{"rendered":"<ul class=\"list\">\n<li>Pate gan heo \u201cFOIE\u201d hi\u1ec7u Jean Floc\u2019H \u0111\u01b0\u1ee3c nh\u1eadp kh\u1ea9u tr\u1ef1c ti\u1ebfp t\u1eeb Ph\u00e1p, mang \u0111\u00fang v\u1ecb chu\u1ea9n pate Ph\u00e1p, s\u1ea3n ph\u1ea9m \u0111\u01b0\u1ee3c s\u1ea3n xu\u1ea5t tr\u00ean d\u00e2y chuy\u1ec1n hi\u1ec7n \u0111\u1ea1i, \u0111\u1ea3m b\u1ea3o an to\u00e0n v\u1ec7 sinh th\u1ef1c ph\u1ea9m.<\/li>\n<li>Pate Foie Jean Floc&#8217;H kh\u00f4ng s\u1eed d\u1ee5ng ph\u1ee5 gia, ch\u1ea5t b\u1ea3o qu\u1ea3n \u0111\u1ed9c h\u1ea1i, \u0111\u1ea3m b\u1ea3o an to\u00e0n cho s\u1ee9c kh\u1ecfe ng\u01b0\u1eddi ti\u00eau d\u00f9ng. H\u1ed9p \u0111\u1ef1ng s\u1ea3n ph\u1ea9m l\u00e0m t\u1eeb nguy\u00ean li\u1ec7u s\u1ea1ch, kh\u00f4ng l\u1eabn t\u1ea1p ch\u1ea5t h\u00f3a h\u1ecdc \u0111\u1ed9c h\u1ea1i.<\/li>\n<li>M\u00f3n n\u00e0y th\u01b0\u1eddng \u0111\u01b0\u1ee3c \u0103n k\u00e8m v\u1edbi b\u00e1nh m\u1ef3, x\u00f4i n\u00f3ng cho b\u1eefa s\u00e1ng ho\u1eb7c nh\u1eefng b\u1eefa \u0103n nh\u1eb9 \u0111\u1ec3 l\u1ea5y l\u1ea1i s\u1ee9c kh\u1ecfe cho c\u00f4ng vi\u1ec7c, h\u1ecdc t\u1eadp.<\/li>\n<li>S\u1ea3n ph\u1ea9m nh\u1eadp kh\u1ea9u nguy\u00ean h\u1ed9p t\u1eeb T\u00e2y Ban Nha.<\/li>\n<\/ul>","protected":false},"featured_media":14341,"comment_status":"open","ping_status":"closed","template":"","meta":[],"product_brand":[],"product_cat":[671,36,143],"product_tag":[],"class_list":{"0":"post-14340","1":"product","2":"type-product","3":"status-publish","4":"has-post-thumbnail","6":"product_cat-nhap-khau-phap","7":"product_cat-thuc-pham-tieu-dung","8":"product_cat-thuc-pham-dong-hop","9":"pa_brand-jean-floch","11":"first","12":"instock","13":"sale","14":"shipping-taxable","15":"purchasable","16":"product-type-simple"},"_links":{"self":[{"href":"https:\/\/havamall.vn\/en\/wp-json\/wp\/v2\/product\/14340"}],"collection":[{"href":"https:\/\/havamall.vn\/en\/wp-json\/wp\/v2\/product"}],"about":[{"href":"https:\/\/havamall.vn\/en\/wp-json\/wp\/v2\/types\/product"}],"replies":[{"embeddable":true,"href":"https:\/\/havamall.vn\/en\/wp-json\/wp\/v2\/comments?post=14340"}],"version-history":[{"count":0,"href":"https:\/\/havamall.vn\/en\/wp-json\/wp\/v2\/product\/14340\/revisions"}],"wp:featuredmedia":[{"embeddable":true,"href":"https:\/\/havamall.vn\/en\/wp-json\/wp\/v2\/media\/14341"}],"wp:attachment":[{"href":"https:\/\/havamall.vn\/en\/wp-json\/wp\/v2\/media?parent=14340"}],"wp:term":[{"taxonomy":"product_brand","embeddable":true,"href":"https:\/\/havamall.vn\/en\/wp-json\/wp\/v2\/product_brand?post=14340"},{"taxonomy":"product_cat","embeddable":true,"href":"https:\/\/havamall.vn\/en\/wp-json\/wp\/v2\/product_cat?post=14340"},{"taxonomy":"product_tag","embeddable":true,"href":"https:\/\/havamall.vn\/en\/wp-json\/wp\/v2\/product_tag?post=14340"}],"curies":[{"name":"wp","href":"https:\/\/api.w.org\/{rel}","templated":true}]}}