{"id":14326,"date":"2020-05-13T10:53:55","date_gmt":"2020-05-13T03:53:55","guid":{"rendered":"https:\/\/havamall.vn\/?post_type=product&#038;p=14326"},"modified":"2021-06-24T15:32:53","modified_gmt":"2021-06-24T08:32:53","slug":"sot-cua-song-tuyet-do-ngam-tuong-han-quoc-100g-korean-raw-snow-crab-with-sauce-100gr","status":"publish","type":"product","link":"https:\/\/havamall.vn\/en\/shop\/sot-cua-song-tuyet-do-ngam-tuong-han-quoc-100g-korean-raw-snow-crab-with-sauce-100gr\/","title":{"rendered":"S\u1ed1t Cua S\u1ed1ng Tuy\u1ebft \u0110\u1ecf Ng\u00e2m T\u01b0\u01a1ng H\u00e0n Qu\u1ed1c 100g &#8211; Korean Raw Snow Crab With Sauce 100gr"},"content":{"rendered":"<p>Yangnyeom gejang (\uc591\ub150) l\u00e0 m\u1ed9t m\u00f3n cua s\u1ed1ng \u01b0\u1edbp cay trong m\u00f3n \u0103n truy\u1ec1n th\u1ed1ng c\u1ee7a H\u00e0n Qu\u1ed1c. N\u00f3 \u0111\u01b0\u1ee3c th\u1ef1c hi\u1ec7n m\u1ed9t c\u00e1ch tinh t\u1ebf v\u00e0 k\u0129 l\u01b0\u1ee1ng. R\u1ea5t l\u00e2u v\u1ec1 tr\u01b0\u1edbc, m\u00f3n \u0103n n\u00e0y \u0111\u01b0\u1ee3c th\u1ef1c hi\u1ec7n b\u1eb1ng c\u00e1ch \u0111\u1ec3 cua \u01b0\u1edbp trong n\u01b0\u1edbc mu\u1ed1i \u0111\u1eadu n\u00e0nh m\u1eb7n nh\u01b0 m\u1ed9t c\u00e1ch b\u1ea3o qu\u1ea3n cua trong m\u1ed9t th\u1eddi gian d\u00e0i. Sau n\u00e0y, ng\u01b0\u1eddi h\u00e0n thay \u0111\u1ed5i c\u00e1ch \u01b0\u1edbp cua b\u1eb1ng c\u00e1ch \u01b0\u1edbp th\u1ecbt cua ng\u1eadp trong n\u01b0\u1edbc t\u01b0\u01a1ng \u0111\u00e3 \u0111\u01b0\u1ee3c \u01b0\u1edbp gia v\u1ecb (kh\u00f4ng qu\u00e1 m\u1eb7n) ho\u1eb7c trong n\u01b0\u1edbc s\u1ed1t cay (yangnyeom gejang), \u0111\u01b0\u1ee3c ng\u00e2m trong v\u00e0i ng\u00e0y th\u00ec c\u00f3 th\u1ec3 \u0103n \u0111\u01b0\u1ee3c<\/p>\n<p><img fetchpriority=\"high\" decoding=\"async\" class=\"wp-image-14327 aligncenter\" src=\"https:\/\/havamall.vn\/wp-content\/uploads\/2020\/05\/maxresdefault-300x169.jpg\" alt=\"\" width=\"851\" height=\"479\" srcset=\"https:\/\/havamall.vn\/wp-content\/uploads\/2020\/05\/maxresdefault-300x169.jpg 300w, https:\/\/havamall.vn\/wp-content\/uploads\/2020\/05\/maxresdefault-430x242.jpg 430w, https:\/\/havamall.vn\/wp-content\/uploads\/2020\/05\/maxresdefault-150x84.jpg 150w, https:\/\/havamall.vn\/wp-content\/uploads\/2020\/05\/maxresdefault-700x394.jpg 700w, https:\/\/havamall.vn\/wp-content\/uploads\/2020\/05\/maxresdefault-768x432.jpg 768w, https:\/\/havamall.vn\/wp-content\/uploads\/2020\/05\/maxresdefault-1024x576.jpg 1024w, https:\/\/havamall.vn\/wp-content\/uploads\/2020\/05\/maxresdefault-1200x675.jpg 1200w, https:\/\/havamall.vn\/wp-content\/uploads\/2020\/05\/maxresdefault-600x338.jpg 600w, https:\/\/havamall.vn\/wp-content\/uploads\/2020\/05\/maxresdefault.jpg 1280w\" sizes=\"(max-width: 851px) 100vw, 851px\" \/><\/p>\n<h1><strong>\u0110\u1eb7c \u0111i\u1ec3m th\u01b0\u01a1ng hi\u1ec7u<\/strong><\/h1>\n<p><img decoding=\"async\" class=\"wp-image-14329 aligncenter\" src=\"https:\/\/havamall.vn\/wp-content\/uploads\/2020\/05\/company-bg-300x60.jpg\" alt=\"\" width=\"815\" height=\"163\" srcset=\"https:\/\/havamall.vn\/wp-content\/uploads\/2020\/05\/company-bg-300x60.jpg 300w, https:\/\/havamall.vn\/wp-content\/uploads\/2020\/05\/company-bg-430x86.jpg 430w, https:\/\/havamall.vn\/wp-content\/uploads\/2020\/05\/company-bg-150x30.jpg 150w, https:\/\/havamall.vn\/wp-content\/uploads\/2020\/05\/company-bg-700x140.jpg 700w, https:\/\/havamall.vn\/wp-content\/uploads\/2020\/05\/company-bg-768x154.jpg 768w, https:\/\/havamall.vn\/wp-content\/uploads\/2020\/05\/company-bg-1024x205.jpg 1024w, https:\/\/havamall.vn\/wp-content\/uploads\/2020\/05\/company-bg-1200x240.jpg 1200w, https:\/\/havamall.vn\/wp-content\/uploads\/2020\/05\/company-bg-600x120.jpg 600w, https:\/\/havamall.vn\/wp-content\/uploads\/2020\/05\/company-bg.jpg 1920w\" sizes=\"(max-width: 815px) 100vw, 815px\" \/><\/p>\n<p><em><strong>Daeho Fisheries<\/strong><\/em> l\u00e0 m\u1ed9t c\u00f4ng ty qu\u1ea3n l\u00fd th\u1ef1c ph\u1ea9m \u0111\u00e1ng tin c\u1eady \u0111\u01b0\u1ee3c ch\u1ec9 \u0111\u1ecbnh b\u1edfi HACCP v\u1edbi quy tr\u00ecnh x\u1eed l\u00ed h\u1ea3i s\u1ea3n d\u01b0\u1edbi \u00a0s\u1ef1 ki\u1ec3m so\u00e1t nghi\u00eam ng\u1eb7t ch\u1ea5t l\u01b0\u1ee3ng v\u00e0 v\u1ec7 sinh k\u1ef9 l\u01b0\u1ee1ng. <em><strong>Daeho Fisheries<\/strong><\/em> t\u1ea1o ra nh\u1eefng s\u1ea3n ph\u1ea9m t\u1ed1t nh\u1ea5t th\u00f4ng qua c\u00e1c giai \u0111o\u1ea1n s\u1ea3n xu\u1ea5t, ch\u1ebf bi\u1ebfn, b\u1ea3o qu\u1ea3n v\u00e0 ph\u00e2n ph\u1ed1i b\u1eb1ng c\u00e1ch ch\u1ec9 l\u1ef1a ch\u1ecdn c\u1ea9n th\u1eadn c\u00e1c lo\u1ea1i nguy\u00ean li\u1ec7u v\u1edbi \u0111\u1ed9 t\u01b0\u01a1i ngon nh\u1ea5t.<\/p>\n<p>&nbsp;<\/p>\n<p><img decoding=\"async\" class=\"wp-image-14328 aligncenter\" src=\"https:\/\/havamall.vn\/wp-content\/uploads\/2020\/05\/system02-300x200.jpg\" alt=\"\" width=\"845\" height=\"564\" srcset=\"https:\/\/havamall.vn\/wp-content\/uploads\/2020\/05\/system02-300x200.jpg 300w, https:\/\/havamall.vn\/wp-content\/uploads\/2020\/05\/system02-430x287.jpg 430w, https:\/\/havamall.vn\/wp-content\/uploads\/2020\/05\/system02-150x100.jpg 150w, https:\/\/havamall.vn\/wp-content\/uploads\/2020\/05\/system02-700x467.jpg 700w, https:\/\/havamall.vn\/wp-content\/uploads\/2020\/05\/system02-768x512.jpg 768w, https:\/\/havamall.vn\/wp-content\/uploads\/2020\/05\/system02-600x400.jpg 600w, https:\/\/havamall.vn\/wp-content\/uploads\/2020\/05\/system02.jpg 1000w\" sizes=\"(max-width: 845px) 100vw, 845px\" \/><\/p>\n<p>K\u1ec3 t\u1eeb khi th\u00e0nh l\u1eadp v\u00e0o\u00a0n\u0103m 1996, <em><strong>Daeho Fisheries<\/strong><\/em> Co., Ltd. \u0111\u00e3 l\u00e0 m\u1ed9t th\u01b0\u01a1ng hi\u1ec7u l\u00e2u \u0111\u1eddi \u0111\u01b0\u1ee3c tin t\u01b0\u1edfng \u1edf H\u00e0n Qu\u1ed1c v\u1edbi s\u1ed1 l\u01b0\u1ee3ng h\u00e0ng h\u00f3a th\u1ee7y h\u1ea3i s\u1ea3n xu\u1ea5t kh\u1ea9u sang Nh\u1eadt B\u1ea3n v\u1edbi s\u1ed1 l\u01b0\u1ee3ng nhi\u1ec1u, b\u1eb1ng c\u00e1ch ch\u1ebf bi\u1ebfn th\u1ecbt cua v\u00e0 c\u00e1c s\u1ea3n ph\u1ea9m cua \u0111\u1ecf (hay c\u00f2n g\u1ecdi l\u00e0 cua tuy\u1ebft) \u0111\u01b0\u1ee3c \u0111\u00e1nh b\u1eaft t\u1ef1 nhi\u00ean.<\/p>\n<p><em><strong>*HACCP<\/strong><\/em>: \u00a0l\u00e0 m\u1ed9t h\u1ec7 th\u1ed1ng v\u1ec7 sinh \u0111\u1ec3 ng\u0103n ch\u1eb7n c\u00e1c ch\u1ea5t \u0111\u1ed9c h\u1ea1i x\u00e2m nh\u1eadp ho\u1eb7c l\u00e0m nhi\u1ec5m b\u1ea9n th\u1ef1c ph\u1ea9m \u1edf t\u1eebng giai \u0111o\u1ea1n t\u1eeb s\u1ea3n xu\u1ea5t nguy\u00ean li\u1ec7u th\u1ef1c ph\u1ea9m \u0111\u1ebfn s\u1ea3n ph\u1ea9m t\u1edbi tay c\u1ee7a ng\u01b0\u1eddi ti\u00eau d\u00f9ng.<\/p>\n<h1><strong>\u0110\u1eb7c \u0111i\u1ec3m n\u1ed5i b\u1eadt c\u1ee7a s\u1ea3n ph\u1ea9m<\/strong><\/h1>\n<p>Cua tuy\u1ebft\u00a0c\u00f3 th\u00e2n nh\u1ecf tr\u00f2n, ch\u00e2n d\u00e0i to, th\u00e2n v\u00e0ng c\u00e0ng cua x\u00f9 x\u00ec. Cua tuy\u1ebft\u00a0l\u00e0 m\u1ed9t trong nh\u1eefng lo\u00e0i cua qu\u00fd hi\u1ebfm v\u00e0 ch\u1ec9 s\u1ed1ng \u1ecf nh\u1eefng v\u00f9ng c\u00f3 d\u00f2ng n\u01b0\u1edbc bi\u1ec3n l\u1ea1nh nh\u01b0 v\u00f9ng Yeongdeok H\u00e0n Qu\u1ed1c (m\u1ed9t t\u1ec9nh c\u1ee7a H\u00e0n Qu\u1ed1c \u0111\u01b0\u1ee3c m\u1ec7nh danh l\u00e0 L\u00e0ng Cua. Cua tuy\u1ebft (daegae) l\u00e0 m\u1ed9t trong nh\u1eefng nguy\u00ean li\u1ec7u ngon nh\u1ea5t \u0111\u1ec3 ch\u1ebf bi\u1ebfn c\u00e1c m\u00f3n \u0103n H\u00e0n Qu\u1ed1c ph\u1ee5c v\u1ee5 cho c\u00e1c v\u1ecb Vua,\u00a0tr\u01b0\u1edbc \u0111\u00e2y ch\u00fang ch\u1ec9 \u0111\u01b0\u1ee3c s\u1eed d\u1ee5ng trong c\u00e1c b\u1eefa ti\u1ec7c c\u1ee7a ho\u00e0ng gia.. V\u00e0o\u00a0m\u00f9a Xu\u00e2n, t\u1eeb th\u00e1ng 2 \u0111\u1ebfn gi\u1eefa th\u00e1ng 3 l\u00e0 th\u1eddi gian l\u00fd t\u01b0\u1edfng \u0111\u1ec3 th\u01b0\u1edfng th\u1ee9c m\u00f3n cua tuy\u1ebft. Th\u1ecbt cua tuy\u1ebft c\u00f3 nhi\u1ec1u \u0111\u1ea1m, canxi v\u00e0 tr\u1ee9ng th\u00ec gi\u00e0u axit nucleic n\u00ean r\u1ea5t t\u1ed1t cho s\u1ee9c kh\u1ecfe.<\/p>\n<p><img loading=\"lazy\" decoding=\"async\" class=\"wp-image-14330 aligncenter\" src=\"https:\/\/havamall.vn\/wp-content\/uploads\/2020\/05\/150813135507-korea-food-map-daegejjim-300x200.jpg\" alt=\"\" width=\"874\" height=\"582\" srcset=\"https:\/\/havamall.vn\/wp-content\/uploads\/2020\/05\/150813135507-korea-food-map-daegejjim-300x200.jpg 300w, https:\/\/havamall.vn\/wp-content\/uploads\/2020\/05\/150813135507-korea-food-map-daegejjim-430x287.jpg 430w, https:\/\/havamall.vn\/wp-content\/uploads\/2020\/05\/150813135507-korea-food-map-daegejjim-150x100.jpg 150w, https:\/\/havamall.vn\/wp-content\/uploads\/2020\/05\/150813135507-korea-food-map-daegejjim-700x467.jpg 700w, https:\/\/havamall.vn\/wp-content\/uploads\/2020\/05\/150813135507-korea-food-map-daegejjim-768x512.jpg 768w, https:\/\/havamall.vn\/wp-content\/uploads\/2020\/05\/150813135507-korea-food-map-daegejjim-1024x683.jpg 1024w, https:\/\/havamall.vn\/wp-content\/uploads\/2020\/05\/150813135507-korea-food-map-daegejjim-1200x800.jpg 1200w, https:\/\/havamall.vn\/wp-content\/uploads\/2020\/05\/150813135507-korea-food-map-daegejjim-600x400.jpg 600w, https:\/\/havamall.vn\/wp-content\/uploads\/2020\/05\/150813135507-korea-food-map-daegejjim.jpg 1600w\" sizes=\"(max-width: 874px) 100vw, 874px\" \/><\/p>\n<p>M\u00f3n cua \u01b0\u1edbp Yangnyeom Gejang mang h\u01b0\u01a1ng v\u1ecb \u0111\u1eb7c tr\u01b0ng c\u1ee7a x\u1ee9 s\u1edf Kim Chi, th\u1ecbt cua c\u00f3 v\u1ecb v\u1eeba ng\u1ecdt thanh, v\u1eeba h\u00e0i h\u00f2a c\u00f9ng v\u1edbi v\u1ecb m\u1eb7n th\u1ea5m \u0111\u1ec1u t\u1eebng x\u1edb th\u1ecbt cua, c\u1ed9ng th\u00eam v\u1ecb cay \u0111\u1eb7c bi\u1ec7t c\u1ee7a gia v\u1ecb t\u01b0\u01a1ng \u1edbt \u0111\u1ed9c quy\u1ec1n c\u1ee7a th\u01b0\u01a1ng hi\u1ec7u Daeho Fisheries, ch\u1eafc ch\u1eafn s\u1ebd khi\u1ebfn m\u00f3n \u0103n n\u00e0y \u0111\u01b0\u1ee3c m\u1ec7nh danh l\u00e0 \u201cs\u00e1t th\u1ee7 di\u1ec7t c\u01a1m&#8221; cho m\u00e0 xem. H\u00e3y chu\u1ea9n b\u1ecb tinh th\u1ea7n \u0111\u1ec3 s\u1eb5n s\u00e0ng th\u01b0\u1edfng th\u1ee9c m\u00f3n \u0103n n\u00e0y c\u00f9ng v\u1edbi h\u01a1n 2 ch\u00e9n c\u01a1m n\u00f3ng h\u1ed5i nh\u00e9.<\/p>\n<p><strong>C\u00f4ng d\u1ee5ng<\/strong>:\u00a0D\u00f9ng l\u00e0m n\u01b0\u1edbc s\u1ed1t \u0103n c\u00f9ng v\u1edbi c\u01a1m cu\u1ed9n H\u00e0n Qu\u1ed1c, Sushi, M\u1ef3 rament\u2026<\/p>\n<p><strong>Xu\u1ea5t x\u1ee9<\/strong>:\u00a0H\u00e0n Qu\u1ed1c<\/p>\n<p><strong>Ch\u1ea5t li\u1ec7u bao b\u00ec<\/strong>: S\u1ea3n ph\u1ea9m \u0111\u01b0\u1ee3c \u0111\u00f3ng trong t\u00fai nh\u1ef1a khi cho v\u00e0o h\u1ed9p gi\u1ea5y. Bao b\u00ec \u0111\u1ea3m b\u1ea3o v\u1ec7 sinh an to\u00e0n th\u1ef1c ph\u1ea9m theo quy \u0111\u1ecbnh c\u1ee7a B\u1ed9 Y T\u1ebf.<\/p>\n<p><strong>B\u1ea3o qu\u1ea3n<\/strong>:\u00a0N\u01a1i kh\u00f4 r\u00e1o, tho\u00e1ng m\u00e1t<\/p>\n<p><strong>\u0110\u00f3ng g\u00f3i<\/strong>:\u00a0H\u1ed9p gi\u1ea5y 50g x 2 g\u00f3i.<\/p>\n<p><img loading=\"lazy\" decoding=\"async\" class=\"wp-image-14331 aligncenter\" src=\"https:\/\/havamall.vn\/wp-content\/uploads\/2020\/05\/hinh-6-300x300.jpg\" alt=\"\" width=\"525\" height=\"525\" srcset=\"https:\/\/havamall.vn\/wp-content\/uploads\/2020\/05\/hinh-6-300x300.jpg 300w, https:\/\/havamall.vn\/wp-content\/uploads\/2020\/05\/hinh-6-430x430.jpg 430w, https:\/\/havamall.vn\/wp-content\/uploads\/2020\/05\/hinh-6-150x150.jpg 150w, https:\/\/havamall.vn\/wp-content\/uploads\/2020\/05\/hinh-6-700x700.jpg 700w, https:\/\/havamall.vn\/wp-content\/uploads\/2020\/05\/hinh-6-768x768.jpg 768w, https:\/\/havamall.vn\/wp-content\/uploads\/2020\/05\/hinh-6-600x600.jpg 600w, https:\/\/havamall.vn\/wp-content\/uploads\/2020\/05\/hinh-6-100x100.jpg 100w, https:\/\/havamall.vn\/wp-content\/uploads\/2020\/05\/hinh-6.jpg 800w\" sizes=\"(max-width: 525px) 100vw, 525px\" \/><\/p>\n<p><em><strong>Quy tr\u00ecnh kh\u00e9p k\u00edn, \u0111\u1ea1t chu\u1ea9n qu\u1ed1c t\u1ebf:<\/strong><\/em><\/p>\n<p>+ Nguy\u00ean li\u1ec7u h\u1ea3i s\u1ea3n t\u01b0\u01a1i s\u1ed1ng \u0111\u01b0\u1ee3c \u0111\u00e1nh b\u1eaft t\u1ef1 nhi\u00ean r\u1ea5t t\u1ed1t cho s\u1ee9c kh\u1ecfe v\u00e0 \u0111\u1ea3m b\u1ea3o an to\u00e0n dinh d\u01b0\u1ee1ng<\/p>\n<p>+ H\u01b0\u01a1ng v\u1ecb ph\u00f9 h\u1ee3p v\u1edbi kh\u1ea9u v\u1ecb m\u1ecdi nh\u00e0 v\u00e0 nh\u1eefng ng\u01b0\u1eddi th\u00edch \u0103n cay.<\/p>\n<p>+ Ch\u1ebf bi\u1ebfn ti\u1ec7n l\u1ee3i ch\u1ec9 trong v\u00f2ng 5 ph\u00fat c\u00f3 ngay m\u00f3n c\u01a1m tr\u1ed9n hay sushi chu\u1ea9n v\u1ecb<\/p>\n<p><img loading=\"lazy\" decoding=\"async\" class=\"wp-image-14333 aligncenter\" src=\"https:\/\/havamall.vn\/wp-content\/uploads\/2020\/05\/fdfd-294x300.jpg\" alt=\"\" width=\"609\" height=\"621\" srcset=\"https:\/\/havamall.vn\/wp-content\/uploads\/2020\/05\/fdfd-294x300.jpg 294w, https:\/\/havamall.vn\/wp-content\/uploads\/2020\/05\/fdfd-430x439.jpg 430w, https:\/\/havamall.vn\/wp-content\/uploads\/2020\/05\/fdfd-150x153.jpg 150w, https:\/\/havamall.vn\/wp-content\/uploads\/2020\/05\/fdfd.jpg 502w\" sizes=\"(max-width: 609px) 100vw, 609px\" \/><\/p>\n<p><strong>Ng\u00e0y s\u1ea3n xu\u1ea5t v\u00e0 h\u1ea1n s\u1eed d\u1ee5ng<\/strong>: Xem tr\u00ean bao b\u00ec<\/p>\n<h1><strong>H\u01b0\u1edbng d\u1eabn ch\u1ebf bi\u1ebfn v\u00e0 s\u1eed d\u1ee5ng<\/strong><\/h1>\n<p><strong><em>H\u01b0\u1edbng d\u1eabn d\u00f9ng S\u1ed1t cua s\u1ed1ng tuy\u1ebft \u0111\u1ecf ng\u00e2m t\u01b0\u01a1ng Yeongdeok:<\/em><\/strong><\/p>\n<ul>\n<li>Bibimbab (C\u01a1m tr\u1ed9n H\u00e0n Qu\u1ed1c):\u00a0c\u1eaft l\u00e1t zucchini (b\u00ed ng\u00f2i) v\u00e0 c\u00e0 r\u1ed1t, cho v\u00e0o ch\u1ea3o, n\u00eam th\u00eam \u00edt mu\u1ed1i. R\u1eeda gi\u00e1 \u0111\u1ed7 v\u00e0 rau bina ( rau ch\u00e2n v\u1ecbt) trong n\u01b0\u1edbc mu\u1ed1i \u0111\u1ec3 r\u00e1o n\u01b0\u1edbc. Sau \u0111\u00f3 n\u00eam d\u1ea7u m\u00e8, t\u1ecfi b\u0103m v\u00e0 mu\u1ed1i v\u00e0o h\u1ed7n h\u1ee3p rau. Cho c\u01a1m, h\u1ed7n h\u1ee3p rau sau khi \u0111\u00e3 n\u00eam v\u00e0o 1 t\u00f4 l\u1edbn, cho 1 qu\u1ea3 tr\u1ee9ng \u0111\u00e3 chi\u00ean opla v\u00e0o gi\u1eefa v\u00e0 tr\u1ed9n \u0111\u1ec1u t\u1ea5t c\u1ea3 v\u1edbi S\u1ed1t cua s\u1ed1ng tuy\u1ebft \u0111\u1ecf ng\u00e2m t\u01b0\u01a1ng Yeongdeok<\/li>\n<\/ul>\n<p><img loading=\"lazy\" decoding=\"async\" class=\"wp-image-14334 aligncenter\" src=\"https:\/\/havamall.vn\/wp-content\/uploads\/2020\/05\/17985_09-300x198.jpg\" alt=\"\" width=\"632\" height=\"417\" srcset=\"https:\/\/havamall.vn\/wp-content\/uploads\/2020\/05\/17985_09-300x198.jpg 300w, https:\/\/havamall.vn\/wp-content\/uploads\/2020\/05\/17985_09-430x284.jpg 430w, https:\/\/havamall.vn\/wp-content\/uploads\/2020\/05\/17985_09-150x99.jpg 150w, https:\/\/havamall.vn\/wp-content\/uploads\/2020\/05\/17985_09-700x462.jpg 700w, https:\/\/havamall.vn\/wp-content\/uploads\/2020\/05\/17985_09-768x507.jpg 768w, https:\/\/havamall.vn\/wp-content\/uploads\/2020\/05\/17985_09-600x396.jpg 600w, https:\/\/havamall.vn\/wp-content\/uploads\/2020\/05\/17985_09.jpg 1000w\" sizes=\"(max-width: 632px) 100vw, 632px\" \/><\/p>\n<ul>\n<li>Sushi:\u00a0\u0111un s\u00f4i gi\u1ea5m, \u0111\u01b0\u1eddng, mu\u1ed1i v\u00e0 \u0111\u1ec3 ngu\u1ed9i. Sau \u0111\u00f3 cho c\u01a1m c\u00f2n n\u00f3ng v\u00e0o 1 t\u00f4 l\u1edbn v\u00e0 d\u00f9ng th\u00eca tr\u1ed9n \u0111\u1ec1u v\u1edbi h\u1ed7n h\u1ee3p gi\u1ea5m \u0111\u01b0\u1eddng v\u00e0 mu\u1ed1i, sao cho c\u00e1c h\u1ea1t c\u01a1m kh\u00f4ng b\u1ecb nghi\u1ec1n n\u00e1t. Tr\u1ed9n \u0111\u1ec1u cho \u0111\u1ebfn khi c\u01a1m ngu\u1ed9i l\u1ea1i v\u00e0 h\u01a1i \u1ea9m bay \u0111i. L\u1ea5y m\u1ed9t \u00edt t\u1ea1o h\u00ecnh b\u1eb1ng tay ho\u1eb7c b\u1eb1ng khu\u00f4n sushi. L\u1ea5y ra m\u1ed9t \u00edt Wasabi l\u00ean tr\u00ean v\u00e0 \u0111\u1ec3 S\u1ed1t cua s\u1ed1ng tuy\u1ebft \u0111\u1ecf ng\u00e2m t\u01b0\u01a1ng Yeongdeok l\u00ean tr\u00ean, \u0103n c\u00f9ng v\u1edbi x\u00ec d\u1ea7u.<\/li>\n<li>M\u1ef3 ramen S\u1ed1t cua s\u1ed1ng tuy\u1ebft \u0111\u1ecf ng\u00e2m t\u01b0\u01a1ng Yeongdeok:\u00a0Cho c\u00e1c g\u00f3i gia v\u1ecb v\u00e0 m\u1ef3 v\u00e0o n\u01b0\u1edbc s\u00f4i, n\u1ea5u cho \u0111\u1ebfn khi m\u1ef3 ch\u00edn. Cho th\u00eam tr\u1ee9ng, h\u00e0nh l\u00e1 v\u00e0 ti\u00eau t\u00f9y theo \u00fd th\u00edch. M\u1ef3 n\u1ea5u ch\u00edn, tr\u1ed9n v\u1edbi S\u1ed1t cua s\u1ed1ng tuy\u1ebft \u0111\u1ecf ng\u00e2m t\u01b0\u01a1ng Yeongdeok v\u00e0 th\u01b0\u1edfng th\u1ee9c.<\/li>\n<\/ul>\n<p><img loading=\"lazy\" decoding=\"async\" class=\"wp-image-14335 aligncenter\" src=\"https:\/\/havamall.vn\/wp-content\/uploads\/2020\/05\/D1rYC9PUcAAez9F-300x200.jpg\" alt=\"\" width=\"683\" height=\"455\" srcset=\"https:\/\/havamall.vn\/wp-content\/uploads\/2020\/05\/D1rYC9PUcAAez9F-300x200.jpg 300w, https:\/\/havamall.vn\/wp-content\/uploads\/2020\/05\/D1rYC9PUcAAez9F-430x287.jpg 430w, https:\/\/havamall.vn\/wp-content\/uploads\/2020\/05\/D1rYC9PUcAAez9F-150x100.jpg 150w, https:\/\/havamall.vn\/wp-content\/uploads\/2020\/05\/D1rYC9PUcAAez9F-700x467.jpg 700w, https:\/\/havamall.vn\/wp-content\/uploads\/2020\/05\/D1rYC9PUcAAez9F-768x512.jpg 768w, https:\/\/havamall.vn\/wp-content\/uploads\/2020\/05\/D1rYC9PUcAAez9F-1024x683.jpg 1024w, https:\/\/havamall.vn\/wp-content\/uploads\/2020\/05\/D1rYC9PUcAAez9F.jpg 1200w, https:\/\/havamall.vn\/wp-content\/uploads\/2020\/05\/D1rYC9PUcAAez9F-600x400.jpg 600w\" sizes=\"(max-width: 683px) 100vw, 683px\" \/><\/p>\n<ul>\n<li>Canap\u00e9 S\u1ed1t cua s\u1ed1ng tuy\u1ebft \u0111\u1ecf ng\u00e2m t\u01b0\u01a1ng Yeongdeok:\u00a0chu\u1ea9n b\u1ecb m\u1ed9t \u00edt b\u00e1nh quy gi\u00f2n, c\u1eaft rau di\u1ebfp c\u00f9ng k\u00edch c\u1ee1 v\u1edbi b\u00e1nh quy, 1 l\u00e1t d\u01b0a leo c\u1eaft m\u1ecfng, c\u00e0 chua bi c\u1eaft l\u00e0m \u0111\u00f4i. S\u1eafp s\u1ebfp theo th\u1ee9 t\u1ef1: b\u00e1nh quy gi\u00f2n, rau di\u1ebfp , l\u00e1t d\u01b0a leo v\u00e0 tr\u00ean c\u00f9ng l\u00e0 c\u00e0 chua bi \u0111\u01b0a m\u1eb7t c\u1eaft c\u00e0 chua h\u01b0\u1edbng l\u00ean. Cho m\u1ed9t \u00edt S\u1ed1t cua s\u1ed1ng tuy\u1ebft \u0111\u1ecf ng\u00e2m t\u01b0\u01a1ng Yeongdeok l\u00ean tr\u00ean c\u00e0 chua v\u00e0 r\u1eafc th\u00eam \u00edt h\u1ea1t m\u00e8 l\u00ean tr\u00ean. C\u00f3 th\u1ec3 th\u00eam m\u1ed9t mi\u1ebfng ph\u00f4 mai m\u1ecfng t\u00f9y theo \u00fd th\u00edch ( \u0111\u1eb7t gi\u1eefa b\u00e1nh quy v\u00e0 rau di\u1ebfp ), s\u1ed1t cua tuy\u1ebft \u0111\u1ecf c\u0169ng c\u00f3 th\u1ec3 \u0103n c\u00f9ng rau c\u1ee7 qu\u1ea3.<\/li>\n<\/ul>\n<p>&nbsp;<\/p>\n<p>&nbsp;<\/p>\n<p>&nbsp;<\/p>","protected":false},"excerpt":{"rendered":"<p>Yangnyeom gejang (\uc591\ub150) l\u00e0 m\u1ed9t m\u00f3n cua s\u1ed1ng \u01b0\u1edbp cay trong m\u00f3n \u0103n truy\u1ec1n th\u1ed1ng c\u1ee7a H\u00e0n Qu\u1ed1c. N\u00f3 \u0111\u01b0\u1ee3c<\/p>","protected":false},"featured_media":14336,"comment_status":"open","ping_status":"closed","template":"","meta":[],"product_brand":[],"product_cat":[36,143],"product_tag":[],"class_list":{"0":"post-14326","1":"product","2":"type-product","3":"status-publish","4":"has-post-thumbnail","6":"product_cat-thuc-pham-tieu-dung","7":"product_cat-thuc-pham-dong-hop","9":"first","10":"outofstock","11":"sale","12":"shipping-taxable","13":"purchasable","14":"product-type-simple"},"_links":{"self":[{"href":"https:\/\/havamall.vn\/en\/wp-json\/wp\/v2\/product\/14326"}],"collection":[{"href":"https:\/\/havamall.vn\/en\/wp-json\/wp\/v2\/product"}],"about":[{"href":"https:\/\/havamall.vn\/en\/wp-json\/wp\/v2\/types\/product"}],"replies":[{"embeddable":true,"href":"https:\/\/havamall.vn\/en\/wp-json\/wp\/v2\/comments?post=14326"}],"version-history":[{"count":0,"href":"https:\/\/havamall.vn\/en\/wp-json\/wp\/v2\/product\/14326\/revisions"}],"wp:featuredmedia":[{"embeddable":true,"href":"https:\/\/havamall.vn\/en\/wp-json\/wp\/v2\/media\/14336"}],"wp:attachment":[{"href":"https:\/\/havamall.vn\/en\/wp-json\/wp\/v2\/media?parent=14326"}],"wp:term":[{"taxonomy":"product_brand","embeddable":true,"href":"https:\/\/havamall.vn\/en\/wp-json\/wp\/v2\/product_brand?post=14326"},{"taxonomy":"product_cat","embeddable":true,"href":"https:\/\/havamall.vn\/en\/wp-json\/wp\/v2\/product_cat?post=14326"},{"taxonomy":"product_tag","embeddable":true,"href":"https:\/\/havamall.vn\/en\/wp-json\/wp\/v2\/product_tag?post=14326"}],"curies":[{"name":"wp","href":"https:\/\/api.w.org\/{rel}","templated":true}]}}