{"id":14257,"date":"2020-05-11T18:02:28","date_gmt":"2020-05-11T11:02:28","guid":{"rendered":"https:\/\/havamall.vn\/?post_type=product&#038;p=14257"},"modified":"2021-09-10T10:35:52","modified_gmt":"2021-09-10T03:35:52","slug":"bo-nau-sup-tom-yum-thai-lan-vi-truyen-thong-sutharos-50g-tom-yum-soup-sutharos-50g","status":"publish","type":"product","link":"https:\/\/havamall.vn\/en\/shop\/bo-nau-sup-tom-yum-thai-lan-vi-truyen-thong-sutharos-50g-tom-yum-soup-sutharos-50g\/","title":{"rendered":"B\u1ed9 N\u1ea5u S\u00fap Tom Yum Th\u00e1i Lan V\u1ecb Truy\u1ec1n Th\u1ed1ng Sutharos 50g &#8211; Tom Yum Soup Sutharos 50g (7\/2021)"},"content":{"rendered":"<p><strong>Sutharos<\/strong>\u00a0l\u00e0 th\u01b0\u01a1ng hi\u1ec7u cao c\u1ea5p c\u1ee7a Th\u00e1i Lan, t\u00ean th\u01b0\u01a1ng hi\u1ec7u \u0111\u01b0\u1ee3c t\u1ea1o n\u00ean b\u1edfi 2 t\u1eeb mang \u00fd ngh\u0129a l\u00e0:<br \/>\nSutha: Ngh\u0129a l\u00e0 \u0110\u1ea5t \u2013 N\u01a1i nu\u00f4i d\u01b0\u1ee1ng c\u00e1c m\u1ea7m c\u00e2y, cung c\u1ea5p cho con ng\u01b0\u1eddi ngu\u1ed3n t\u00e0i nguy\u00ean, kho\u00e1ng s\u1ea3n v\u00e0 c\u0169ng l\u00e0 n\u01a1i nguy\u00ean li\u1ec7u, th\u1ea3o m\u1ed9c c\u00f3 trong c\u00e1c s\u1ea3n ph\u1ea9m gia v\u1ecb c\u1ee7a th\u01b0\u01a1ng hi\u1ec7u Sutharos \u0111\u01b0\u1ee3c tr\u1ed3ng, ch\u0103m s\u00f3c v\u00e0 l\u1edbn l\u00ean h\u1eb1ng ng\u00e0y.<\/p>\n<p>Ros: Ngh\u0129a l\u00e0 h\u01b0\u01a1ng v\u1ecb ho\u1eb7c l\u00e0 vi\u1ec7c b\u1ea1n n\u1ebfm, b\u1ea1n c\u1ea3m nh\u1eadn m\u1ed9t m\u00f3n \u0103n n\u00e0o \u0111\u00f3.<br \/>\n<strong>Sutharos<\/strong> \u0111\u00fang v\u1edbi c\u00e2u slogan \u201cThe taste of Thailand\u201d \u2013 H\u01b0\u01a1ng v\u1ecb c\u1ee7a Th\u00e1i Lan.<\/p>\n<p><strong>Sutharos<\/strong> v\u1edbi h\u01a1n 100 lo\u1ea1i gia v\u1ecb nh\u01b0: B\u1ed9 n\u1ea5u Th\u00e1i (Gia v\u1ecb n\u1ea5u s\u00fap Tom Yum, gia v\u1ecb n\u1ea5u s\u00fap Tom Kha, g\u00f3i gia v\u1ecb n\u1ea5u l\u1ea9u Th\u00e1i), b\u1ed9t gia v\u1ecb t\u1ecfi, ti\u00eau, gia v\u1ecb n\u01b0\u1edbng truy\u1ec1n th\u1ed1ng, n\u01b0\u1edbng BBQ cay n\u00f3ng, n\u01b0\u1edbng mala, gia v\u1ecb c\u00e0 ri \u2026 \u0111\u00e3 c\u00f3 m\u1eb7t t\u1ea1i nhi\u1ec1u qu\u1ed1c gia tr\u00ean th\u1ebf gi\u1edbi nh\u01b0: Th\u00e1i Lan, Vi\u1ec7t Nam, M\u1ef9, Nh\u1eadt B\u1ea3n, H\u00e0n Qu\u1ed1c, \u00dac, &#8230;<\/p>\n<p><img fetchpriority=\"high\" decoding=\"async\" class=\"wp-image-14258 aligncenter\" src=\"https:\/\/havamall.vn\/wp-content\/uploads\/2020\/05\/Sutharos-banner-300x79.jpg\" alt=\"\" width=\"935\" height=\"246\" srcset=\"https:\/\/havamall.vn\/wp-content\/uploads\/2020\/05\/Sutharos-banner-300x79.jpg 300w, https:\/\/havamall.vn\/wp-content\/uploads\/2020\/05\/Sutharos-banner-430x113.jpg 430w, https:\/\/havamall.vn\/wp-content\/uploads\/2020\/05\/Sutharos-banner-150x39.jpg 150w, https:\/\/havamall.vn\/wp-content\/uploads\/2020\/05\/Sutharos-banner-700x184.jpg 700w, https:\/\/havamall.vn\/wp-content\/uploads\/2020\/05\/Sutharos-banner-768x202.jpg 768w, https:\/\/havamall.vn\/wp-content\/uploads\/2020\/05\/Sutharos-banner-1024x269.jpg 1024w, https:\/\/havamall.vn\/wp-content\/uploads\/2020\/05\/Sutharos-banner-1200x316.jpg 1200w, https:\/\/havamall.vn\/wp-content\/uploads\/2020\/05\/Sutharos-banner-600x158.jpg 600w, https:\/\/havamall.vn\/wp-content\/uploads\/2020\/05\/Sutharos-banner.jpg 1900w\" sizes=\"(max-width: 935px) 100vw, 935px\" \/><\/p>\n<h1><strong>\u0110\u1eb7c \u0111i\u1ec3m n\u1ed5i b\u1eadt c\u1ee7a s\u1ea3n ph\u1ea9m<\/strong><\/h1>\n<p>\u1ea8m th\u1ef1c Th\u00e1i Lan c\u00f3 th\u1ec3 n\u00f3i l\u00e0 m\u1ed9t s\u1ef1 h\u00f2a tr\u1ed9n tinh t\u1ebf c\u1ee7a th\u1ea3o d\u01b0\u1ee3c, gia v\u1ecb v\u00e0 th\u1ef1c ph\u1ea9m t\u01b0\u01a1i s\u1ed1ng. M\u1ed7i m\u00f3n \u0103n nh\u01b0 m\u1ed9t tinh t\u1ebf gi\u1eefa v\u1ecb cay, chua, ng\u1ecdt v\u00e0 \u0111\u1eafng. C\u0169ng nh\u01b0 t\u1ea5t c\u1ea3 c\u00e1c n\u01b0\u1edbc kh\u00e1c, n\u1ec1n \u1ea9m th\u1ef1c Th\u00e1i Lan g\u00f3i g\u1ecdn trong t\u1eebng mu\u1ed7ng canh, \u0111\u0169a g\u1eafp, h\u00f2a quy\u1ec7n v\u00e0 bi\u1ebfn \u0111\u1ed5i phong ph\u00fa trong c\u1ea3m nh\u1eadn c\u1ee7a t\u1eebng ng\u01b0\u1eddi kh\u00e1ch xa x\u1ee9<\/p>\n<p>N\u00e9t \u0111\u1eb7c tr\u01b0ng trong \u1ea9m th\u1ef1c ng\u01b0\u1eddi ph\u01b0\u01a1ng \u0110\u00f4ng n\u1eb1m trong nh\u1eefng m\u00f3n canh. \u1ede ph\u01b0\u01a1ng T\u00e2y, ng\u01b0\u1eddi ta xem s\u00fap l\u00e0 m\u1ed9t m\u00f3n \u0103n ri\u00eang bi\u1ec7t, kh\u00f4ng c\u1ea7n ph\u1ea3i c\u00f3 th\u1ee9c \u0103n k\u00e8m. Nh\u01b0ng \u1edf ph\u01b0\u01a1ng \u0110\u00f4ng, nh\u1eefng t\u00f4 canh n\u00f3ng \u0111\u1ec3 gi\u1eefa m\u00e2m c\u01a1m lu\u00f4n \u0111\u01b0\u1ee3c xem l\u00e0 linh h\u1ed3n c\u1ee7a b\u1eefa \u0103n, h\u01b0\u01a1ng v\u1ecb c\u1ee7a m\u00f3n canh s\u1ebd quy\u1ebft \u0111\u1ecbnh l\u00ean h\u01b0\u01a1ng v\u1ecb c\u1ee7a c\u00e1c m\u00f3n kh\u00f4 c\u00f2n l\u1ea1i.<\/p>\n<p><img decoding=\"async\" class=\"wp-image-14263 aligncenter\" src=\"https:\/\/havamall.vn\/wp-content\/uploads\/2020\/05\/39551125771_5473d01d82_z-300x225.jpg\" alt=\"\" width=\"843\" height=\"633\" srcset=\"https:\/\/havamall.vn\/wp-content\/uploads\/2020\/05\/39551125771_5473d01d82_z-300x225.jpg 300w, https:\/\/havamall.vn\/wp-content\/uploads\/2020\/05\/39551125771_5473d01d82_z-430x323.jpg 430w, https:\/\/havamall.vn\/wp-content\/uploads\/2020\/05\/39551125771_5473d01d82_z-150x113.jpg 150w, https:\/\/havamall.vn\/wp-content\/uploads\/2020\/05\/39551125771_5473d01d82_z-600x450.jpg 600w, https:\/\/havamall.vn\/wp-content\/uploads\/2020\/05\/39551125771_5473d01d82_z.jpg 640w\" sizes=\"(max-width: 843px) 100vw, 843px\" \/><\/p>\n<p>Tom Yum &#8211; M\u00f3n canh chua cay \u0103n n\u00f3ng\u00a0mang tinh hoa c\u1ee7a n\u1ec1n \u1ea9m th\u1ef1c x\u1ee9 s\u1edf Ch\u00f9a V\u00e0ng &#8211; Nhi\u1ec1u n\u0103m li\u1ec1n\u00a0\u0111\u01b0\u1ee3c t\u1ea1p ch\u00ed CNN c\u1ee7a M\u1ef9 b\u00ecnh ch\u1ecdn \u0111\u1ee9ng th\u1ee9 8 trong top 50 m\u00f3n \u0103n ngon v\u00e0 ph\u1ed5 bi\u1ebfn nh\u1ea5t th\u1ec3 gi\u1edbi\u00a0 \u2013\u00a0Gia v\u1ecb S\u00fap Tom Yum\u00a0c\u1ee7a th\u01b0\u01a1ng hi\u1ec7u Sutharos l\u00e0 s\u1ef1 k\u1ebft h\u1ee3p h\u00e0i h\u00f2a gi\u1eefa c\u00e1c lo\u1ea1i th\u1ea3o m\u1ed9c s\u1ea5y kh\u00f4 v\u00e0 c\u00e1c gia v\u1ecb truy\u1ec1n th\u1ed1ng c\u1ee7a ng\u01b0\u1eddi Th\u00e1i.\u00a0Tom Yum nh\u01b0 m\u1ed9t l\u1eddi kh\u1eb3ng \u0111\u1ecbnh m\u1ea1nh m\u1ebd cho \u1ea9m th\u1ef1c Th\u00e1i v\u1edbi v\u1ecb cay n\u1ed3ng v\u00e0 chua \u0111\u1eb7c tr\u01b0ng.\u00a0H\u00fap 1 mu\u1ed7ng\u00a0Tom Yum, v\u1ecb gi\u00e1c c\u1ee7a b\u1ea1n s\u1ebd th\u1ee9c t\u1ec9nh ngay l\u1eadp t\u1ee9c<\/p>\n<p><strong>Gia v\u1ecb s\u00fap Tom Yum Sutharos (Kh\u00f4ng c\u00f3 b\u1ed9t s\u1eefa d\u1eeba)<\/strong>\u00a0\u2013 G\u00f3i tr\u1ecdn b\u00ed quy\u1ebft c\u1ee7a ng\u01b0\u1eddi Th\u00e1i, s\u1ef1 h\u00f2a quy\u1ec7n tinh t\u1ebf gi\u1eefa c\u00e1c th\u1ea3o m\u1ed9c s\u1ea5y kh\u00f4 v\u00e0 gia v\u1ecb truy\u1ec1n th\u1ed1ng c\u1ee7a Th\u00e1i Lan.<\/p>\n<p><img decoding=\"async\" class=\"wp-image-14264 aligncenter\" src=\"https:\/\/havamall.vn\/wp-content\/uploads\/2020\/05\/95390676_2564974847050212_7433989653755068416_n-216x300.png\" alt=\"\" width=\"644\" height=\"895\" srcset=\"https:\/\/havamall.vn\/wp-content\/uploads\/2020\/05\/95390676_2564974847050212_7433989653755068416_n-216x300.png 216w, https:\/\/havamall.vn\/wp-content\/uploads\/2020\/05\/95390676_2564974847050212_7433989653755068416_n-430x597.png 430w, https:\/\/havamall.vn\/wp-content\/uploads\/2020\/05\/95390676_2564974847050212_7433989653755068416_n-150x208.png 150w, https:\/\/havamall.vn\/wp-content\/uploads\/2020\/05\/95390676_2564974847050212_7433989653755068416_n.png 534w\" sizes=\"(max-width: 644px) 100vw, 644px\" \/><\/p>\n<p><strong>\u0110\u00f3ng g\u00f3i:<\/strong>\u00a0H\u1ed9p m\u00e0u \u0111en 50g.<\/p>\n<p><strong>Th\u00e0nh ph\u1ea7n<\/strong>: 1 h\u1ed9p g\u1ed3m 4 g\u00f3i b\u00ean trong<\/p>\n<p>+ G\u00f3i 1: Th\u1ea3o m\u1ed9c s\u1ea5y kh\u00f4 (Rau th\u01a1m, ri\u1ec1ng, s\u1ea3, \u1edbt, t\u1ecfi, h\u00e0nh)<\/p>\n<p>+ G\u00f3i 2: B\u1ed9t Gia V\u1ecb Th\u00e1i Lan.<\/p>\n<p>+ G\u00f3i 3: Sa T\u1ebf Th\u00e1i Lan<\/p>\n<p>+ G\u00f3i 4: \u1edat kh\u00f4 xay<\/p>\n<p><strong>C\u00f4ng d\u1ee5ng:<\/strong>\u00a0L\u00e0m gia v\u1ecb trong ch\u1ebf bi\u1ebfn m\u00f3n canh chua cay ho\u1eb7c l\u1ea9u h\u1ea3i s\u1ea3n, l\u1ea9u b\u00f2 mang h\u01b0\u01a1ng v\u1ecb Th\u00e1i Lan c\u1ed5 truy\u1ec1n. C\u00e1c th\u1ea3o m\u1ed9c s\u1ea5y kh\u00f4 c\u00f3 trong b\u1ed9 gia v\u1ecb gi\u00fap l\u00e0m \u1ea5m c\u01a1 th\u1ec3, t\u0103ng c\u01b0\u1eddng s\u1ee9c \u0111\u1ec1 kh\u00e1ng v\u00e0 t\u1ed1t cho h\u1ec7 ti\u00eau h\u00f3a.<\/p>\n<p><img loading=\"lazy\" decoding=\"async\" class=\"wp-image-14271 aligncenter\" src=\"https:\/\/havamall.vn\/wp-content\/uploads\/2020\/05\/34092893_1646965415352872_3579915027160760320_o-240x300.jpg\" alt=\"\" width=\"744\" height=\"931\" srcset=\"https:\/\/havamall.vn\/wp-content\/uploads\/2020\/05\/34092893_1646965415352872_3579915027160760320_o-240x300.jpg 240w, https:\/\/havamall.vn\/wp-content\/uploads\/2020\/05\/34092893_1646965415352872_3579915027160760320_o-430x538.jpg 430w, https:\/\/havamall.vn\/wp-content\/uploads\/2020\/05\/34092893_1646965415352872_3579915027160760320_o-150x188.jpg 150w, https:\/\/havamall.vn\/wp-content\/uploads\/2020\/05\/34092893_1646965415352872_3579915027160760320_o-700x875.jpg 700w, https:\/\/havamall.vn\/wp-content\/uploads\/2020\/05\/34092893_1646965415352872_3579915027160760320_o.jpg 768w, https:\/\/havamall.vn\/wp-content\/uploads\/2020\/05\/34092893_1646965415352872_3579915027160760320_o-600x750.jpg 600w\" sizes=\"(max-width: 744px) 100vw, 744px\" \/><\/p>\n<p><strong>H\u01b0\u01a1ng v\u1ecb: Chua cay n\u1ed3ng, \u0111\u1eadm \u0111\u00e0.\u00a0<\/strong><\/p>\n<p><strong>Ch\u1ea5t li\u1ec7u bao b\u00ec<\/strong>: S\u1ea3n ph\u1ea9m \u0111\u01b0\u1ee3c \u0111\u00f3ng trong t\u00fai nh\u1ef1a tr\u01b0\u1edbc khi cho v\u00e0o h\u1ed9p gi\u1ea5y. Bao b\u00ec \u0111\u1ea3m b\u1ea3o v\u1ec7 sinh an to\u00e0n th\u1ef1c ph\u1ea9m theo quy \u0111\u1ecbnh c\u1ee7a B\u1ed9 Y T\u1ebf.<\/p>\n<p><em><strong>Quy tr\u00ecnh kh\u00e9p k\u00edn, \u0111\u1ea1t chu\u1ea9n qu\u1ed1c t\u1ebf:<\/strong><\/em><\/p>\n<p>+ Nguy\u00ean li\u1ec7u t\u1eeb th\u1ea3o m\u1ed9c s\u1ea1ch r\u1ea5t t\u1ed1t cho s\u1ee9c kh\u1ecfe v\u00e0 \u0111\u1ea3m b\u1ea3o an to\u00e0n dinh d\u01b0\u1ee1ng<\/p>\n<p>+ H\u01b0\u01a1ng v\u1ecb ph\u00f9 h\u1ee3p v\u1edbi kh\u1ea9u v\u1ecb m\u1ecdi nh\u00e0<\/p>\n<p>+ Ch\u1ebf bi\u1ebfn ti\u1ec7n l\u1ee3i ch\u1ec9 trong v\u00f2ng 5 ph\u00fat c\u00f3 ngay n\u1ed3i l\u1ea9u nh\u01b0 \u1edf ti\u1ec7m<\/p>\n<p><strong>Ng\u00e0y s\u1ea3n xu\u1ea5t v\u00e0 h\u1ea1n s\u1eed d\u1ee5ng<\/strong>: Xem tr\u00ean bao b\u00ec<\/p>\n<h1><strong>C\u00e1ch s\u1eed d\u1ee5ng v\u00e0 b\u1ea3o qu\u1ea3n\u00a0<\/strong><\/h1>\n<p><strong><em>H\u01b0\u1edbng d\u1eabn s\u1eed d\u1ee5ng<\/em>\u00a0<\/strong>cho h\u1ed9p<strong>\u00a050g (2-3 ng\u01b0\u1eddi \u0103n):<\/strong><\/p>\n<ul>\n<li><strong>B\u01b0\u1edbc 1:<\/strong>\u00a0\u0110un s\u00f4i 500ml n\u01b0\u1edbc v\u00e0o n\u1ed3i. Sau \u0111\u00f3 cho\u00a0<strong><em>Rau th\u01a1m s\u1ea5y kh\u00f4<\/em><\/strong>\u00a0v\u00e0o \u0111un s\u00f4i kho\u1ea3ng 2-3 ph\u00fat \u0111\u1ebfn khi\u00a0 h\u1ed7n h\u1ee3p d\u1eady m\u00f9i.<\/li>\n<li><strong>B\u01b0\u1edbc 2:<\/strong>\u00a0Ti\u1ebfp theo cho 200gr nguy\u00ean li\u1ec7u \u01b0a th\u00edch (t\u00f4m, m\u1ef1c, ngh\u00eau, n\u1ea5m \u2026) v\u00e0o n\u1ed3i. Cho\u00a0<strong><em>gia v\u1ecb B\u1ed9t Tom Yum Sutharos<\/em><\/strong><em>\u00a0v\u00e0o, khu\u1ea5y \u0111\u1ec1u v\u00e0 \u0111un s\u00f4i th\u00eam kho\u1ea3ng 2 ph\u00fat n\u1eefa \u0111\u1ebfn khi th\u1ecbt ch\u00edn.<\/em><\/li>\n<li><strong>B\u01b0\u1edbc 3:<\/strong>\u00a0Cho\u00a0<strong><em>\u1edat Sa t\u1ebf Th\u00e1i Lan<\/em><\/strong>\u00a0v\u00e0o v\u00e0 khu\u1ea5y \u0111\u1ec1u. S\u00fap Tom Yum \u0111\u00e3 ho\u00e0n th\u00e0nh.<\/li>\n<\/ul>\n<p><img loading=\"lazy\" decoding=\"async\" class=\"wp-image-14265 aligncenter\" src=\"https:\/\/havamall.vn\/wp-content\/uploads\/2020\/05\/97061212_1616166428537845_4506222258955485184_n-200x300.jpg\" alt=\"\" width=\"572\" height=\"859\" srcset=\"https:\/\/havamall.vn\/wp-content\/uploads\/2020\/05\/97061212_1616166428537845_4506222258955485184_n-200x300.jpg 200w, https:\/\/havamall.vn\/wp-content\/uploads\/2020\/05\/97061212_1616166428537845_4506222258955485184_n-430x645.jpg 430w, https:\/\/havamall.vn\/wp-content\/uploads\/2020\/05\/97061212_1616166428537845_4506222258955485184_n-150x225.jpg 150w, https:\/\/havamall.vn\/wp-content\/uploads\/2020\/05\/97061212_1616166428537845_4506222258955485184_n.jpg 600w\" sizes=\"(max-width: 572px) 100vw, 572px\" \/><\/p>\n<p><em><strong>M\u1eb9o nh\u1ecf:<\/strong> <\/em><\/p>\n<p>-C\u00f3 th\u1ec3 cho th\u00eam<strong><em> \u1edat kh\u00f4 xay<\/em><\/strong>\u00a0v\u00e0o n\u1ebfu mu\u1ed1n v\u1ecb cay \u0111\u1eb7c bi\u1ec7t.<\/p>\n<p>-N\u00eam n\u1ebfm l\u1ea1i, t\u00f9y v\u00e0o kh\u1ea9u v\u1ecb c\u00f3 th\u1ec3 cho th\u00eam h\u1ea1t n\u00eam, mu\u1ed1i ho\u1eb7c \u0111\u01b0\u1eddng. \u0102n k\u00e8m v\u1edbi b\u00f9n, m\u00ec ho\u1eb7c c\u01a1m.<\/p>\n<p><strong><em>B\u1ea3o qu\u1ea3n<\/em>:<\/strong>\u00a0N\u01a1i kh\u00f4 r\u00e1o tho\u00e1ng m\u00e1t.<\/p>\n<p><strong>L\u01b0u \u00fd:\u00a0<\/strong><br \/>\n&#8211; Lo\u1ea1i b\u1ecf g\u00f3i ch\u1ed1ng \u1ea9m c\u00f3 trong\u00a0<strong>G\u00f3i Rau Th\u01a1m S\u1ea5y Kh\u00f4<\/strong>. Tuy\u1ec7t \u0111\u1ed1i kh\u00f4ng s\u1eed d\u1ee5ng.<br \/>\n&#8211; Kh\u00f4ng n\u00ean \u0111\u1ea3o l\u1ed9n th\u1ee9 t\u1ef1 khi cho c\u00e1c g\u00f3i gia v\u1ecb v\u00e0o n\u1ed3i \u0111\u1ec3 \u0111\u1ea3m b\u1ea3o \u0111\u00fang quy tr\u00ecnh v\u00e0 c\u00f3 h\u01b0\u01a1ng v\u1ecb \u0111\u00fang chu\u1ea9n.<br \/>\n&#8211; N\u1ebfu \u0103n \u1edf d\u1ea1ng l\u1ea9u, mua th\u00eam rau nh\u00fang l\u1ea9u (m\u00f9ng t\u01a1i, rau c\u1ea3i, rau mu\u1ed1ng).<\/p>","protected":false},"excerpt":{"rendered":"<ul>\n<li>Nguy\u00ean li\u1ec7u t\u1eeb th\u1ea3o m\u1ed9c s\u1ea1ch r\u1ea5t t\u1ed1t cho s\u1ee9c kh\u1ecfe v\u00e0 \u0111\u1ea3m b\u1ea3o an to\u00e0n dinh d\u01b0\u1ee1ng<\/li>\n<li><strong>Gia v\u1ecb s\u00fap Tom Yum Sutharos (truy\u1ec1n th\u1ed1ng)<\/strong>\u00a0\u2013 G\u00f3i tr\u1ecdn b\u00ed quy\u1ebft c\u1ee7a ng\u01b0\u1eddi Th\u00e1i, s\u1ef1 h\u00f2a quy\u1ec7n tinh t\u1ebf gi\u1eefa c\u00e1c th\u1ea3o m\u1ed9c s\u1ea5y kh\u00f4 v\u00e0 gia v\u1ecb truy\u1ec1n th\u1ed1ng c\u1ee7a Th\u00e1i Lan.<\/li>\n<li>H\u01b0\u01a1ng v\u1ecb ph\u00f9 h\u1ee3p v\u1edbi kh\u1ea9u v\u1ecb m\u1ecdi nh\u00e0<\/li>\n<li>Ch\u1ebf bi\u1ebfn ti\u1ec7n l\u1ee3i ch\u1ec9 trong v\u00f2ng 5 ph\u00fat c\u00f3 ngay n\u1ed3i l\u1ea9u nh\u01b0 \u1edf ti\u1ec7m<\/li>\n<\/ul>","protected":false},"featured_media":14267,"comment_status":"open","ping_status":"closed","template":"","meta":[],"product_brand":[],"product_cat":[36,134],"product_tag":[],"class_list":{"0":"post-14257","1":"product","2":"type-product","3":"status-publish","4":"has-post-thumbnail","6":"product_cat-thuc-pham-tieu-dung","7":"product_cat-thucpham-saykho","9":"first","10":"outofstock","11":"sale","12":"shipping-taxable","13":"purchasable","14":"product-type-simple"},"_links":{"self":[{"href":"https:\/\/havamall.vn\/en\/wp-json\/wp\/v2\/product\/14257"}],"collection":[{"href":"https:\/\/havamall.vn\/en\/wp-json\/wp\/v2\/product"}],"about":[{"href":"https:\/\/havamall.vn\/en\/wp-json\/wp\/v2\/types\/product"}],"replies":[{"embeddable":true,"href":"https:\/\/havamall.vn\/en\/wp-json\/wp\/v2\/comments?post=14257"}],"version-history":[{"count":0,"href":"https:\/\/havamall.vn\/en\/wp-json\/wp\/v2\/product\/14257\/revisions"}],"wp:featuredmedia":[{"embeddable":true,"href":"https:\/\/havamall.vn\/en\/wp-json\/wp\/v2\/media\/14267"}],"wp:attachment":[{"href":"https:\/\/havamall.vn\/en\/wp-json\/wp\/v2\/media?parent=14257"}],"wp:term":[{"taxonomy":"product_brand","embeddable":true,"href":"https:\/\/havamall.vn\/en\/wp-json\/wp\/v2\/product_brand?post=14257"},{"taxonomy":"product_cat","embeddable":true,"href":"https:\/\/havamall.vn\/en\/wp-json\/wp\/v2\/product_cat?post=14257"},{"taxonomy":"product_tag","embeddable":true,"href":"https:\/\/havamall.vn\/en\/wp-json\/wp\/v2\/product_tag?post=14257"}],"curies":[{"name":"wp","href":"https:\/\/api.w.org\/{rel}","templated":true}]}}