{"id":14227,"date":"2020-05-06T10:25:37","date_gmt":"2020-05-06T03:25:37","guid":{"rendered":"https:\/\/havamall.vn\/?post_type=product&#038;p=14227"},"modified":"2024-06-07T16:24:56","modified_gmt":"2024-06-07T09:24:56","slug":"bo-thia-dong-sac-mau-38gr-colorful-measuring-spoons-38gr","status":"publish","type":"product","link":"https:\/\/havamall.vn\/en\/shop\/bo-thia-dong-sac-mau-38gr-colorful-measuring-spoons-38gr\/","title":{"rendered":"B\u1ed9 Th\u00eca \u0110ong S\u1eafc M\u00e0u Havafoodies 38gr &#8211; Colorful Measuring Spoons 38gr"},"content":{"rendered":"<p>\u0110\u1ec3 mua v\u00e0 ch\u1ecdn l\u1ef1a nh\u1eefng d\u1ee5ng c\u1ee5 l\u00e0m b\u00e1nh c\u01a1 b\u1ea3n v\u00e0 c\u1ea7n thi\u1ebft l\u00e0 m\u1ed9t vi\u1ec7c kh\u00f4ng h\u1ec1 \u0111\u01a1n gi\u1ea3n v\u00e0 d\u1ec5 d\u00e0ng trong v\u00f4 s\u1ed1 nh\u1eefng \u0111\u1ed3 v\u1eadt \u0111a d\u1ea1ng v\u00e0 nhi\u1ec1u lo\u1ea1i tr\u00ean th\u1ecb tr\u01b0\u1eddng. H\u00f4m nay Havamall s\u1ebd gi\u1edbi thi\u1ec7u v\u1edbi c\u00e1c b\u1ea1n m\u1ed9t lo\u1ea1i\u00a0<strong>d\u1ee5ng c\u1ee5 l\u00e0m b\u00e1nh c\u01a1 b\u1ea3n<\/strong>\u00a0v\u00e0 r\u1ea5t quan tr\u1ecdng trong qu\u00e1 tr\u00ecnh l\u00e0m b\u00e1nh m\u00e0 ai c\u0169ng n\u00ean c\u00f3 \u0111\u1eb7c bi\u1ec7t l\u00e0 nh\u1eefng b\u1ea1n m\u1edbi b\u1eaft \u0111\u1ea7u b\u01b0\u1edbc v\u00e0o con \u0111\u01b0\u1eddng \u0111am m\u00ea l\u00e0m b\u00e1nh.<\/p>\n<p><img fetchpriority=\"high\" decoding=\"async\" class=\"wp-image-14238 aligncenter\" src=\"https:\/\/havamall.vn\/wp-content\/uploads\/2020\/05\/Popular-5Pcs-Colorful-Kitchen-Measuring-Spoon-Cup-Baking-Utensil-Kit-300x300.jpg\" alt=\"\" width=\"580\" height=\"581\" srcset=\"https:\/\/havamall.vn\/wp-content\/uploads\/2020\/05\/Popular-5Pcs-Colorful-Kitchen-Measuring-Spoon-Cup-Baking-Utensil-Kit-300x300.jpg 300w, https:\/\/havamall.vn\/wp-content\/uploads\/2020\/05\/Popular-5Pcs-Colorful-Kitchen-Measuring-Spoon-Cup-Baking-Utensil-Kit-430x430.jpg 430w, https:\/\/havamall.vn\/wp-content\/uploads\/2020\/05\/Popular-5Pcs-Colorful-Kitchen-Measuring-Spoon-Cup-Baking-Utensil-Kit-150x150.jpg 150w, https:\/\/havamall.vn\/wp-content\/uploads\/2020\/05\/Popular-5Pcs-Colorful-Kitchen-Measuring-Spoon-Cup-Baking-Utensil-Kit-700x700.jpg 700w, https:\/\/havamall.vn\/wp-content\/uploads\/2020\/05\/Popular-5Pcs-Colorful-Kitchen-Measuring-Spoon-Cup-Baking-Utensil-Kit-768x768.jpg 768w, https:\/\/havamall.vn\/wp-content\/uploads\/2020\/05\/Popular-5Pcs-Colorful-Kitchen-Measuring-Spoon-Cup-Baking-Utensil-Kit-600x600.jpg 600w, https:\/\/havamall.vn\/wp-content\/uploads\/2020\/05\/Popular-5Pcs-Colorful-Kitchen-Measuring-Spoon-Cup-Baking-Utensil-Kit-100x100.jpg 100w, https:\/\/havamall.vn\/wp-content\/uploads\/2020\/05\/Popular-5Pcs-Colorful-Kitchen-Measuring-Spoon-Cup-Baking-Utensil-Kit.jpg 1000w\" sizes=\"(max-width: 580px) 100vw, 580px\" \/><\/p>\n<p><strong>B\u1ed9 th\u00eca \u0111ong m\u00e0u s\u1eafc,\u00a0<\/strong>l\u00e0 d\u1ee5ng c\u1ee5\u00a0r\u1ea5t quan tr\u1ecdng v\u1edbi nh\u1eefng ai m\u1edbi l\u00e0m b\u00e1nh. Gi\u00fap chi\u1ebfc b\u00e1nh ngon v\u00e0 \u0111\u1ea1t \u0111\u1ed9 chu\u1ea9n nh\u1ea5t \u0111\u1ecbnh th\u00ec vi\u1ec7c \u0111\u00f4ng \u0111o c\u00e1c nguy\u00ean li\u1ec7u l\u00e0m b\u00e1nh r\u1ea5t quan tr\u1ecdng, ch\u1ec9 c\u1ea7n sai \u0111i 1 ch\u00fat th\u00f4i c\u0169ng khi\u1ebfn m\u00f3n b\u00e1nh c\u1ee7a b\u1ea1n tr\u1edf n\u00ean th\u1ea5t b\u1ea1i.<\/p>\n<p><img decoding=\"async\" class=\"wp-image-14239 aligncenter\" src=\"https:\/\/havamall.vn\/wp-content\/uploads\/2020\/05\/HTB1nptkRVXXXXaIXFXXq6xXFXXX8-300x300.jpg\" alt=\"\" width=\"614\" height=\"614\" srcset=\"https:\/\/havamall.vn\/wp-content\/uploads\/2020\/05\/HTB1nptkRVXXXXaIXFXXq6xXFXXX8-300x300.jpg 300w, https:\/\/havamall.vn\/wp-content\/uploads\/2020\/05\/HTB1nptkRVXXXXaIXFXXq6xXFXXX8-430x430.jpg 430w, https:\/\/havamall.vn\/wp-content\/uploads\/2020\/05\/HTB1nptkRVXXXXaIXFXXq6xXFXXX8-150x150.jpg 150w, https:\/\/havamall.vn\/wp-content\/uploads\/2020\/05\/HTB1nptkRVXXXXaIXFXXq6xXFXXX8-700x700.jpg 700w, https:\/\/havamall.vn\/wp-content\/uploads\/2020\/05\/HTB1nptkRVXXXXaIXFXXq6xXFXXX8-768x768.jpg 768w, https:\/\/havamall.vn\/wp-content\/uploads\/2020\/05\/HTB1nptkRVXXXXaIXFXXq6xXFXXX8-600x600.jpg 600w, https:\/\/havamall.vn\/wp-content\/uploads\/2020\/05\/HTB1nptkRVXXXXaIXFXXq6xXFXXX8-100x100.jpg 100w, https:\/\/havamall.vn\/wp-content\/uploads\/2020\/05\/HTB1nptkRVXXXXaIXFXXq6xXFXXX8.jpg 800w\" sizes=\"(max-width: 614px) 100vw, 614px\" \/><\/p>\n<p>V\u1edbi ki\u1ec3u d\u00e1ng xinh x\u1eafn, m\u00e0u s\u1eafc \u0111a d\u1ea1ng\u00a0b\u1eaft m\u1eaft..B\u1ed9 th\u00eca \u0111ong v\u1edbi nhi\u1ec1u m\u00e0u s\u1eafc r\u1ef1c r\u1ee1 \u0111\u01b0\u1ee3c l\u00e0m b\u1eb1ng nh\u1ef1a nguy\u00ean ch\u1ea5t, an to\u00e0n,\u00a0\u0111o theo theo \u0111\u01a1n v\u1ecb ml, gam\u00a0. B\u1ed9 d\u1ee5ng c\u1ee5 s\u1ebd gi\u00fap ng\u01b0\u1eddi d\u00f9ng\u00a0d\u1ec5 d\u00e0ng \u0111ong \u0111\u1ebfm nh\u1eefng nguy\u00ean\u00a0li\u1ec7u\u00a0l\u1ecfng nh\u01b0 s\u1eefa, b\u01a1, cream v\u00e0 nh\u1eefng nguy\u00ean li\u1ec7u v\u00f4 c\u00f9ng nh\u1ecf nh\u01b0 h\u01b0\u01a1ng vani, m\u00e0u th\u1ef1c ph\u1ea9m m\u1ed9t c\u00e1ch\u00a0ch\u00ednh x\u00e1c nh\u1ea5t, \u0111\u1ec3 h\u01b0\u01a1ng v\u1ecb b\u00e1nh th\u01a1m ngon nh\u1ea5t.<\/p>\n<p><strong>B\u1ed9 th\u00eca \u0111ong m\u00e0u s\u1eafc<\/strong>\u00a0<strong>g\u1ed3m:<\/strong><\/p>\n<p>+ 1 Th\u00eca\u00a01ml t\u01b0\u01a1ng \u1ee9ng 1g<\/p>\n<p>+ 1 th\u00eca 2,5ml t\u01b0\u01a1ng \u1ee9ng 2,5g<\/p>\n<p>+ 1 th\u00eca 5ml\u00a0t\u01b0\u01a1ng \u1ee9ng 5g<\/p>\n<p>+ 1\u00a0th\u00eca 7,5ml\u00a0t\u01b0\u01a1ng \u1ee9ng 7,5g<\/p>\n<p>+ 1 th\u00eca 15ml\u00a0t\u01b0\u01a1ng \u1ee9ng 15g<\/p>\n<p><img decoding=\"async\" class=\"wp-image-14237 aligncenter\" src=\"https:\/\/havamall.vn\/wp-content\/uploads\/2020\/05\/Hot-New-5-pcs-Colorful-Measuring-Spoons-Set-Kitchen-Tool-Utensils-Cream-Cooking-Baking-free-shipping-300x300.jpg\" alt=\"\" width=\"506\" height=\"506\" srcset=\"https:\/\/havamall.vn\/wp-content\/uploads\/2020\/05\/Hot-New-5-pcs-Colorful-Measuring-Spoons-Set-Kitchen-Tool-Utensils-Cream-Cooking-Baking-free-shipping-300x300.jpg 300w, https:\/\/havamall.vn\/wp-content\/uploads\/2020\/05\/Hot-New-5-pcs-Colorful-Measuring-Spoons-Set-Kitchen-Tool-Utensils-Cream-Cooking-Baking-free-shipping-430x430.jpg 430w, https:\/\/havamall.vn\/wp-content\/uploads\/2020\/05\/Hot-New-5-pcs-Colorful-Measuring-Spoons-Set-Kitchen-Tool-Utensils-Cream-Cooking-Baking-free-shipping-150x150.jpg 150w, https:\/\/havamall.vn\/wp-content\/uploads\/2020\/05\/Hot-New-5-pcs-Colorful-Measuring-Spoons-Set-Kitchen-Tool-Utensils-Cream-Cooking-Baking-free-shipping-700x700.jpg 700w, https:\/\/havamall.vn\/wp-content\/uploads\/2020\/05\/Hot-New-5-pcs-Colorful-Measuring-Spoons-Set-Kitchen-Tool-Utensils-Cream-Cooking-Baking-free-shipping-768x768.jpg 768w, https:\/\/havamall.vn\/wp-content\/uploads\/2020\/05\/Hot-New-5-pcs-Colorful-Measuring-Spoons-Set-Kitchen-Tool-Utensils-Cream-Cooking-Baking-free-shipping-600x600.jpg 600w, https:\/\/havamall.vn\/wp-content\/uploads\/2020\/05\/Hot-New-5-pcs-Colorful-Measuring-Spoons-Set-Kitchen-Tool-Utensils-Cream-Cooking-Baking-free-shipping-100x100.jpg 100w, https:\/\/havamall.vn\/wp-content\/uploads\/2020\/05\/Hot-New-5-pcs-Colorful-Measuring-Spoons-Set-Kitchen-Tool-Utensils-Cream-Cooking-Baking-free-shipping.jpg 800w\" sizes=\"(max-width: 506px) 100vw, 506px\" \/><\/p>\n<h1><strong>\u00a0\u0110\u1eb7c \u0111i\u1ec3m n\u1ed5i b\u1eadt c\u1ee7a s\u1ea3n ph\u1ea9m<\/strong><\/h1>\n<ul>\n<li>Gi\u00fap c\u00e2n \u0111o tr\u1ecdng l\u01b0\u1ee3ng c\u00e1c nguy\u00ean li\u1ec7u m\u1ed9t c\u00e1ch d\u1ec5 d\u00e0ng.<\/li>\n<li>Kh\u1ed1i l\u01b0\u1ee3ng: 38g<\/li>\n<li>Ch\u1ea5t li\u1ec7u: Nh\u1ef1a PP An to\u00e0n s\u1ee9c kh\u1ecfe, nh\u1eb9, d\u1ec5 v\u1ec7 sinh sau khi d\u00f9ng, ch\u1ea5t li\u1ec7u b\u1ec1n b\u1ec9.<\/li>\n<li>M\u00e0u s\u1eafc: B\u1eaft m\u1eaft, n\u1ed5i b\u1eadt, t\u01b0\u01a1i t\u1eafn, \u1ea5m c\u00fang kh\u00f4ng gian b\u1ebfp, th\u00edch h\u1ee3p cho gia \u0111\u00ecnh c\u1ee7a b\u1ea1n. (Giao m\u00e0u ng\u1eabu nhi\u00ean).<\/li>\n<li>M\u1ed7i th\u00eca c\u00f3 m\u1ed9t m\u00e0u kh\u00e1c nhau gi\u00fap vi\u1ec7c ph\u00e2n bi\u1ec7t m\u1ed9t d\u1ec5 d\u00e0ng, ngo\u00e0i ra tr\u00ean m\u1ed7i th\u00eca \u0111\u01b0\u1ee3c in th\u00eam ph\u1ea7n \u0111\u01a1n v\u1ecb \u0111o gi\u00fap vi\u1ec7c \u0111\u1ecbnh l\u01b0\u1ee3ng m\u1ed9t c\u00e1ch ch\u00ednh x\u00e1c.<\/li>\n<\/ul>\n<p><img loading=\"lazy\" decoding=\"async\" class=\"wp-image-14232 aligncenter\" src=\"https:\/\/havamall.vn\/wp-content\/uploads\/2020\/05\/c82e6e588175724a34859b3412f12d49-1-300x300.jpg\" alt=\"\" width=\"555\" height=\"555\" srcset=\"https:\/\/havamall.vn\/wp-content\/uploads\/2020\/05\/c82e6e588175724a34859b3412f12d49-1-300x300.jpg 300w, https:\/\/havamall.vn\/wp-content\/uploads\/2020\/05\/c82e6e588175724a34859b3412f12d49-1-430x430.jpg 430w, https:\/\/havamall.vn\/wp-content\/uploads\/2020\/05\/c82e6e588175724a34859b3412f12d49-1-150x150.jpg 150w, https:\/\/havamall.vn\/wp-content\/uploads\/2020\/05\/c82e6e588175724a34859b3412f12d49-1-700x700.jpg 700w, https:\/\/havamall.vn\/wp-content\/uploads\/2020\/05\/c82e6e588175724a34859b3412f12d49-1-768x768.jpg 768w, https:\/\/havamall.vn\/wp-content\/uploads\/2020\/05\/c82e6e588175724a34859b3412f12d49-1-600x600.jpg 600w, https:\/\/havamall.vn\/wp-content\/uploads\/2020\/05\/c82e6e588175724a34859b3412f12d49-1-100x100.jpg 100w, https:\/\/havamall.vn\/wp-content\/uploads\/2020\/05\/c82e6e588175724a34859b3412f12d49-1.jpg 1000w\" sizes=\"(max-width: 555px) 100vw, 555px\" \/><\/p>\n<p>&nbsp;<\/p>\n<p>&nbsp;<\/p>","protected":false},"excerpt":{"rendered":"<ul>\n<li>L\u00e0 d\u1ee5ng c\u1ee5 kh\u00f4ng th\u1ec3 thi\u1ebfu \u0111\u1ed1i v\u1edbi ng\u01b0\u1eddi l\u00e0m b\u00e1nh, gi\u00fap c\u00e2n \u0111o tr\u1ecdng l\u01b0\u1ee3ng c\u00e1c nguy\u00ean li\u1ec7u m\u1ed9t c\u00e1ch d\u1ec5 d\u00e0ng.<\/li>\n<li>\u0110\u01b0\u1ee3c l\u00e0m b\u1eb1ng nh\u1ef1a c\u1ee9ng, d\u1ec5 d\u00e0ng trong vi\u1ec7c s\u1eed d\u1ee5ng c\u0169ng nh\u01b0 v\u1ec7 sinh m\u1ed9t c\u00e1ch d\u1ec5 d\u00e0ng.<\/li>\n<li>M\u1ed7i th\u00eca c\u00f3 m\u1ed9t m\u00e0u kh\u00e1c nhau gi\u00fap vi\u1ec7c ph\u00e2n bi\u1ec7t m\u1ed9t d\u1ec5 d\u00e0ng, ngo\u00e0i ra tr\u00ean m\u1ed7i th\u00eca \u0111\u01b0\u1ee3c in th\u00eam ph\u1ea7n \u0111\u01a1n v\u1ecb \u0111o gi\u00fap vi\u1ec7c \u0111\u1ecbnh l\u01b0\u1ee3ng m\u1ed9t c\u00e1ch ch\u00ednh x\u00e1c.<\/li>\n<\/ul>","protected":false},"featured_media":21362,"comment_status":"open","ping_status":"closed","template":"","meta":[],"product_brand":[],"product_cat":[393,255,35],"product_tag":[],"class_list":{"0":"post-14227","1":"product","2":"type-product","3":"status-publish","4":"has-post-thumbnail","6":"product_cat-bep-phong-an","7":"product_cat-nguyen-lieu-lam-banh","8":"product_cat-nha-cua-doi-song","9":"pa_brand-skx","11":"first","12":"instock","13":"sale","14":"shipping-taxable","15":"purchasable","16":"product-type-simple"},"_links":{"self":[{"href":"https:\/\/havamall.vn\/en\/wp-json\/wp\/v2\/product\/14227"}],"collection":[{"href":"https:\/\/havamall.vn\/en\/wp-json\/wp\/v2\/product"}],"about":[{"href":"https:\/\/havamall.vn\/en\/wp-json\/wp\/v2\/types\/product"}],"replies":[{"embeddable":true,"href":"https:\/\/havamall.vn\/en\/wp-json\/wp\/v2\/comments?post=14227"}],"version-history":[{"count":0,"href":"https:\/\/havamall.vn\/en\/wp-json\/wp\/v2\/product\/14227\/revisions"}],"wp:featuredmedia":[{"embeddable":true,"href":"https:\/\/havamall.vn\/en\/wp-json\/wp\/v2\/media\/21362"}],"wp:attachment":[{"href":"https:\/\/havamall.vn\/en\/wp-json\/wp\/v2\/media?parent=14227"}],"wp:term":[{"taxonomy":"product_brand","embeddable":true,"href":"https:\/\/havamall.vn\/en\/wp-json\/wp\/v2\/product_brand?post=14227"},{"taxonomy":"product_cat","embeddable":true,"href":"https:\/\/havamall.vn\/en\/wp-json\/wp\/v2\/product_cat?post=14227"},{"taxonomy":"product_tag","embeddable":true,"href":"https:\/\/havamall.vn\/en\/wp-json\/wp\/v2\/product_tag?post=14227"}],"curies":[{"name":"wp","href":"https:\/\/api.w.org\/{rel}","templated":true}]}}