{"id":14210,"date":"2020-05-05T12:16:58","date_gmt":"2020-05-05T05:16:58","guid":{"rendered":"https:\/\/havamall.vn\/?post_type=product&#038;p=14210"},"modified":"2025-09-29T11:22:17","modified_gmt":"2025-09-29T04:22:17","slug":"men-kho-banh-ngot-hieu-saf-instant-vang-saf-instant-yellow-dry-yeast","status":"publish","type":"product","link":"https:\/\/havamall.vn\/en\/shop\/men-kho-banh-ngot-hieu-saf-instant-vang-saf-instant-yellow-dry-yeast\/","title":{"rendered":"Men Kh\u00f4 B\u00e1nh Ng\u1ecdt Hi\u1ec7u Saf Instant V\u00e0ng 500gr &#8211; Saf Instant Yellow Dry Yeast 500gr"},"content":{"rendered":"<p>Men kh\u00f4 l\u00e0 m\u1ed9t trong c\u00e1c\u00a0nguy\u00ean li\u1ec7u l\u00e0m b\u00e1nh c\u01a1 b\u1ea3n\u00a0nh\u1ea5t v\u00e0 n\u00f3 th\u01b0\u1eddng \u0111\u01b0\u1ee3c d\u00f9ng cho nh\u1eefng m\u00f3n b\u00e1nh th\u00f4ng d\u1ee5ng nh\u1ea5t hi\u1ec7n nay \u0111\u00f3 ch\u00ednh l\u00e0 b\u00e1nh b\u00f4ng lan, b\u00e1nh m\u00ec ng\u1ecdt, b\u00e1nh r\u00e1n,&#8230;<\/p>\n<p>Men kh\u00f4 hi\u1ec7u Saf Instant nh\u00e3n v\u00e0ng 500 gr l\u00e0 m\u1ed9t lo\u1ea1i men kh\u00f4 \u0103n li\u1ec1n s\u1eb5n s\u00e0ng s\u1eed d\u1ee5ng cho h\u1ed9 gia \u0111\u00ecnh d\u00e0nh cho nhi\u1ec1u lo\u1ea1i c\u00f4ng th\u1ee9c: b\u00e1nh b\u00f4ng lan, b\u00e1nh m\u00ec ng\u1ecdt, b\u00e1nh r\u00e1n,&#8230; T\u1ea5t c\u1ea3 \u0111\u1ec1u d\u1ec5 s\u1eed d\u1ee5ng v\u00e0 \u0111em l\u1ea1i k\u1ebft qu\u1ea3 tuy\u1ec7t v\u1eddi.<\/p>\n<p><img fetchpriority=\"high\" decoding=\"async\" class=\"wp-image-14197 aligncenter\" src=\"https:\/\/havamall.com\/wp-content\/uploads\/2025\/08\/men-no-kho-va-tuoi-300x194.jpg\" alt=\"\" width=\"587\" height=\"380\" \/><\/p>\n<h1><strong>\u0110\u1eb7c \u0111i\u1ec3m th\u01b0\u01a1ng hi\u1ec7u<\/strong><\/h1>\n<p>Trong nh\u1eefng n\u0103m qua, Saf-Instant \u0111\u00e3 tr\u1edf th\u00e0nh m\u1ed9t th\u01b0\u01a1ng hi\u1ec7u n\u1ed5i ti\u1ebfng, \u0111\u01b0\u1ee3c c\u00f4ng nh\u1eadn v\u00e0 \u0111\u00e1nh gi\u00e1 cao tr\u00ean to\u00e0n th\u1ebf gi\u1edbi v\u00e0 hi\u1ec7n l\u00e0 s\u1ea3n ph\u1ea9m h\u00e0ng \u0111\u1ea7u trong th\u1ecb tr\u01b0\u1eddng men kh\u00f4 qu\u1ed1c t\u1ebf. H\u00e0ng ng\u00e0n th\u1ee3 l\u00e0m b\u00e1nh v\u00e0 th\u1ee3 l\u00e0m b\u00e1nh gia \u0111\u00ecnh, v\u1edbi n\u1ec1n t\u1ea3ng, v\u0103n h\u00f3a v\u00e0 l\u0129nh v\u1ef1c chuy\u00ean m\u00f4n kh\u00e1c nhau, \u0111\u00e3 d\u1ef1a v\u00e0o c\u00f4ng th\u1ee9c c\u1ee7a Saf-Instant trong nhi\u1ec1u th\u1ebf h\u1ec7.<\/p>\n<p>\u0110\u01b0\u1ee3c th\u00e0nh l\u1eadp v\u00e0o n\u0103m 1974 t\u1ea1i Ph\u00e1p, Lesaffre \u0111\u00e3 chia s\u1ebb b\u00ed quy\u1ebft l\u00e0m b\u00e1nh c\u1ee7a m\u00ecnh v\u00e0 tr\u1edf th\u00e0nh chu\u1ea9n m\u1ef1c tham chi\u1ebfu c\u00f4ng th\u1ee9c l\u00e0m b\u00e1nh tr\u00ean to\u00e0n c\u1ea7u cho c\u00e1c th\u1ee3 l\u00e0m b\u00e1nh chuy\u00ean nghi\u1ec7p v\u00e0 th\u1ee3 l\u00e0m b\u00e1nh nghi\u1ec7p d\u01b0\/t\u1ea1i gia tr\u00ean to\u00e0n th\u1ebf gi\u1edbi.<\/p>\n<p>Lesaffre hi\u1ec7n k\u1ef7 ni\u1ec7m n\u0103m th\u1ee9 40 s\u1ef1 nghi\u1ec7p, c\u00f3 tr\u1ee5 s\u1edf ch\u00ednh \u0111\u01b0\u1ee3c \u0111\u1eb7t t\u1ea1i Istanbul, Th\u1ed5 Nh\u0129 K\u1ef3. V\u1edbi s\u1ef1 h\u1ed7 tr\u1ee3 v\u00e0 h\u01b0\u1edbng d\u1eabn kh\u00e1ch h\u00e0ng t\u1eeb m\u1ecdi n\u01a1i tr\u00ean th\u1ebf gi\u1edbi m\u1ed9t c\u00e1ch thu\u1eadn l\u1ee3i b\u1edfi \u0111\u1ed9i ng\u0169 chuy\u00ean gia l\u00e0m b\u00e1nh c\u1ee7a Lesaffre. T\u1ea5t c\u1ea3 h\u1ecd \u0111\u1ec1u c\u00f3 kinh nghi\u1ec7m cao trong vi\u1ec7c gi\u1ea3i quy\u1ebft b\u1ea5t c\u1ee9 m\u1ecdi v\u1ea5n \u0111\u1ec1 v\u00e0 kh\u00f3 kh\u0103n li\u00ean quan \u0111\u1ebfn vi\u1ec7c l\u00e0m b\u00e1nh x\u1ea3y ra t\u1eeb ch\u00ednh nh\u00e0 b\u1ebfp c\u1ee7a b\u1ea1n.<\/p>\n<p><img decoding=\"async\" class=\"wp-image-14219 aligncenter\" src=\"https:\/\/havamall.com\/wp-content\/uploads\/2025\/08\/DcEqd32XUAIWiEG-300x300.jpg\" alt=\"\" width=\"671\" height=\"671\" \/><\/p>\n<h1><strong>\u0110\u1eb7c \u0111i\u1ec3m n\u1ed5i b\u1eadt c\u1ee7a s\u1ea3n ph\u1ea9m<\/strong><\/h1>\n<p>Men instant v\u00e0ng l\u00e0 d\u00f2ng men Saf-instant c\u1ee7a Ph\u00e1p ( hay c\u00f2n g\u1ecdi l\u00e0 men hi\u1ec7u \u0111\u1ea7u b\u1ebfp) \u0111\u01b0\u1ee3c c\u00f4ng nh\u1eadn l\u00e0 nh\u00e3n hi\u1ec7u men h\u00e0ng \u0111\u1ea7u th\u1ebf gi\u1edbi v\u1ec1 th\u1ecb tr\u01b0\u1eddng men d\u00f9ng li\u1ec1n. Men c\u00f3 \u0111\u1ed9 \u1ed5n \u0111\u1ecbnh cao; th\u00eam n\u1eefa men kh\u00f4ng c\u1ea7n k\u00edch ho\u1ea1t, n\u00f3 c\u00f3 th\u1ec3 cho tr\u1ef1c ti\u1ebfp v\u00e0o c\u00e1c nguy\u00ean li\u1ec7u kh\u00f4 ( b\u1ed9t).<\/p>\n<p><img decoding=\"async\" class=\"wp-image-14215 aligncenter\" src=\"https:\/\/havamall.com\/wp-content\/uploads\/2025\/08\/0808A19-300x243.jpg\" alt=\"\" width=\"747\" height=\"605\" \/><\/p>\n<p>Men kh\u00f4 hi\u1ec7u Saf Instant nh\u00e3n v\u00e0ng 500gr \u0111\u01b0\u1ee3c s\u1ea3n xu\u1ea5t v\u00e0 \u0111\u00f3ng g\u00f3i h\u00fat ch\u00e2n kh\u00f4ng t\u1ea1i Ph\u00e1p v\u1edbi kh\u1ed1i l\u01b0\u1ee3ng l\u00e0 500gr, thu\u1eadn l\u1ee3i cho c\u1ea3 m\u1ee5c \u0111\u00edch s\u1eed d\u1ee5ng t\u1ea1i gia \u0111\u00ecnh c\u0169ng nh\u01b0 nh\u1eefng h\u1ed9 kinh doanh nh\u1ecf v\u00e0 v\u1eeba.<\/p>\n<p><img loading=\"lazy\" decoding=\"async\" class=\"wp-image-14216 aligncenter\" src=\"https:\/\/havamall.com\/wp-content\/uploads\/2025\/08\/unnamed-1-300x193.jpg\" alt=\"\" width=\"871\" height=\"561\" \/><\/p>\n<p><em><strong>\u0110\u1eb7c \u0111i\u1ec3m:<\/strong><\/em><\/p>\n<ul>\n<li><strong>Kh\u1ed1i l\u01b0\u1ee3ng<\/strong>: 500gr<\/li>\n<li><strong>Th\u00e0nh ph\u1ea7n c\u1ea5u t\u1ea1o<\/strong>: Men Saccharomyces cerevisice, ch\u1ea5t nh\u0169 h\u00f3a, ch\u1ea5t x\u1eed l\u00ed b\u1ed9t<\/li>\n<li>Men \u0111\u01b0\u1ee3c d\u00f9ng cho c\u00e1c lo\u1ea1i b\u00e1nh m\u1ef3 ng\u1ecdt, b\u00e1nh bao, &#8230;.<\/li>\n<li>D\u00e0nh cho c\u00e1c lo\u1ea1i b\u1ed9t b\u00e1nh m\u00ec ng\u1ecdt (c\u00f3 h\u00e0m l\u01b0\u1ee3ng \u0111\u01b0\u1eddng v\u01b0\u1ee3t qu\u00e1 5% t\u1ed5ng tr\u1ecdng l\u01b0\u1ee3ng b\u1ed9t).<\/li>\n<li>C\u00f4ng d\u1ee5ng n\u1ed5i b\u1eadt c\u1ee7a c\u00f4ng \u0111o\u1ea1n l\u00ean men v\u00e0 t\u1ed1c \u0111\u1ed9 s\u1eed d\u1ee5ng c\u1ee7a n\u00f3 l\u00e0 l\u1ee3i \u00edch ch\u1ee7 y\u1ebfu c\u1ee7a lo\u1ea1i men kh\u00f4 Saf-Instant\u00a0n\u00e0y.\u00a0\u0110\u00e2y l\u00e0 lo\u1ea1i men n\u1edf r\u1ea5t nhanh, cho ph\u00e9p l\u00e0m b\u00e1nh m\u1ef3 v\u1edbi ch\u1ec9 1 l\u1ea7n \u1ee7 n\u1edf.<\/li>\n<li>Men kh\u00f4 hi\u1ec7u Saf Instant nh\u00e3n v\u00e0ng 500 gr c\u00f3 th\u1ec3 \u0111\u01b0\u1ee3c s\u1eed d\u1ee5ng t\u1eeb 0.5 \u0111\u1ebfn 2% c\u1ee7a tr\u1ecdng l\u01b0\u1ee3ng b\u1ed9t, t\u00f9y thu\u1ed9c v\u00e0o quy tr\u00ecnh v\u00e0 \u1ee9ng d\u1ee5ng kh\u00e1c nhau.<\/li>\n<li>\u0110\u1ed9 \u1ed5n \u0111\u1ecbnh: S\u1ea3n ph\u1ea9m n\u00e0y th\u00edch h\u1ee3p cho t\u1ea5t c\u1ea3 c\u00e1c c\u00f4ng th\u1ee9c l\u00e0m b\u00e1nh m\u00ec. Th\u1eadm ch\u00ed c\u0169ng th\u00edch h\u1ee3p trong c\u1ea3 nh\u1eefng \u0111i\u1ec1u ki\u1ec7n kh\u00ed h\u1eadu kh\u1eafc nghi\u1ec7t nh\u1ea5t.<\/li>\n<li><span lang=\"vi\">C\u00f3 th\u1ec3 gi\u1ea3m th\u1eddi gian tr\u1ed9n 10 &#8211; 30%, so v\u1edbi men n\u00e9n.<\/span><\/li>\n<li>Men c\u00f3 m\u00f9i chua\u00a0nh\u1eb9 h\u01a1n so v\u1edbi men \u0111\u1ecf v\u00e0 ho\u1ea1t \u0111\u1ed9ng &#8221; t\u00edch c\u1ef1c&#8221; h\u01a1n v\u1edbi \u0111\u01b0\u1eddng trong c\u00f4ng th\u1ee9c<\/li>\n<\/ul>\n<p><img loading=\"lazy\" decoding=\"async\" class=\"wp-image-14217 aligncenter\" src=\"https:\/\/havamall.com\/wp-content\/uploads\/2025\/08\/image1-4-300x300.jpg\" alt=\"\" width=\"702\" height=\"703\" \/><\/p>\n<h1><strong>C\u00e1ch s\u1eed d\u1ee5ng v\u00e0 b\u1ea3o qu\u1ea3n<\/strong><\/h1>\n<p><strong>Men v\u00e0ng\u00a0<\/strong>c\u00f3 th\u1ec3 \u0111\u01b0\u1ee3c s\u1eed d\u1ee5ng t\u1eeb 0.5 \u0111\u1ebfn 2% c\u1ee7a tr\u1ecdng l\u01b0\u1ee3ng b\u1ed9t, t\u00f9y thu\u1ed9c v\u00e0o quy tr\u00ecnh v\u00e0 \u1ee9ng d\u1ee5ng kh\u00e1c nhau v\u00e0 t\u00f9y t\u1eebng c\u00f4ng th\u1ee9c b\u00e1nh c\u00e1c b\u1ea1n h\u1ecdc theo.<\/p>\n<p><span style=\"font-weight: inherit\"><strong>B\u1ea3o qu\u1ea3n<\/strong><\/span><br \/>\nV\u1edbi th\u1eddi h\u1ea1n s\u1eed d\u1ee5ng 2 n\u0103m,<span style=\"font-weight: inherit\">\u00a0<\/span><strong>Saf-Instant\u00a0<\/strong>v\u1eabn gi\u1eef \u0111\u01b0\u1ee3c c\u00f4ng d\u1ee5ng v\u00e0 \u0111\u1eb7c \u0111i\u1ec3m s\u1eed d\u1ee5ng cho \u0111\u1ebfn khi h\u1ebft h\u1ea1n s\u1eed d\u1ee5ng tr\u00ean g\u00f3i. N\u00ean s\u1eed d\u1ee5ng trong v\u00f2ng 48 gi\u1edd sau khi m\u1edf bao b\u00ec.<\/p>\n<p><img loading=\"lazy\" decoding=\"async\" class=\"wp-image-14218 aligncenter\" src=\"https:\/\/havamall.com\/wp-content\/uploads\/2025\/08\/9579752261_1463791172-300x300.jpg\" alt=\"\" width=\"688\" height=\"689\" \/><\/p>\n<p>Men<span style=\"font-weight: inherit\">\u00a0<\/span><strong>Saf-Instant<\/strong><span style=\"font-weight: inherit\">\u00a0<\/span>ph\u00f9 h\u1ee3p cho t\u1ea5t c\u1ea3 quy tr\u00ecnh l\u00e0m b\u00e1nh. Men<span style=\"font-weight: inherit\">\u00a0<\/span><strong>Saf- Instant\u00a0<\/strong>s\u1eed d\u1ee5ng r\u1ea5t \u0111\u01a1n gi\u1ea3n, n\u00f3 kh\u00f4ng c\u1ea7n b\u1ed5 sung n\u01b0\u1edbc gi\u1ed1ng nh\u01b0 men kh\u00f4 ho\u1ea1t t\u00ednh, m\u00e0 c\u00f2n cho kh\u1ea3 n\u0103ng l\u00ean men t\u1eeb 30 \u0111\u1ebfn 40 ph\u1ea7n tr\u0103m cao h\u01a1n so v\u1edbi nh\u1eefng lo\u1ea1i men sau n\u00e0y. C\u00f3 th\u1ec3 \u0111\u1ed5 tr\u1ef1c ti\u1ebfp v\u00e0o trong m\u00e1y tr\u1ed9n ngay t\u1eeb l\u00fac b\u1eaft \u0111\u1ea7u tr\u1ed9n hay r\u1eafc l\u00ean tr\u00ean b\u1ed9t khi b\u1eaft \u0111\u1ea7u tr\u1ed9n<\/p>","protected":false},"excerpt":{"rendered":"<ul class=\"list\">\n<li>Men kh\u00f4 hi\u1ec7u Saf Instant nh\u00e3n v\u00e0ng 500gr l\u00e0 m\u1ed9t nguy\u00ean li\u1ec7u l\u00e0m b\u00e1nh c\u1ed5 \u0111i\u1ec3n t\u1ea1i Ph\u00e1p, d\u1ec5 ch\u1ebf bi\u1ebfn v\u1edbi c\u00e1c nguy\u00ean li\u1ec7u t\u1ef1 nhi\u00ean nh\u1ea5t.<\/li>\n<li>Men kh\u00f4 hi\u1ec7u Saf Instant nh\u00e3n v\u00e0ng \u0111\u01b0\u1ee3c l\u00e0m t\u1eeb 100% nguy\u00ean li\u1ec7u nguy\u00ean ch\u1ea5t, kh\u00f4ng ch\u1ee9a ch\u1ea5t ph\u1ee5 gia n\u00ean an to\u00e0n tuy\u1ec7t \u0111\u1ed1i cho s\u1ee9c kh\u1ecfe.<\/li>\n<li>H\u00e0ng Nh\u1eadp Kh\u1ea9u tr\u1ef1c ti\u1ebfp t\u1eeb Ph\u00e1p.<\/li>\n<li>S\u1ea3n xu\u1ea5t theo c\u00f4ng ngh\u1ec7 hi\u1ec7n \u0111\u1ea1i<\/li>\n<li>Gi\u00fap cho c\u00e1c b\u00e0 n\u1ed9i tr\u1ee3\/th\u1ee3 l\u00e0m b\u00e1nh ti\u1ebft ki\u1ec7m \u0111\u01b0\u1ee3c nhi\u1ec1u th\u1eddi gian<\/li>\n<\/ul>","protected":false},"featured_media":14221,"comment_status":"open","ping_status":"closed","template":"","meta":[],"product_brand":[],"product_cat":[255,36,134],"product_tag":[],"class_list":{"0":"post-14210","1":"product","2":"type-product","3":"status-publish","4":"has-post-thumbnail","6":"product_cat-nguyen-lieu-lam-banh","7":"product_cat-thuc-pham-tieu-dung","8":"product_cat-thucpham-saykho","10":"first","11":"instock","12":"sale","13":"shipping-taxable","14":"purchasable","15":"product-type-simple"},"_links":{"self":[{"href":"https:\/\/havamall.vn\/en\/wp-json\/wp\/v2\/product\/14210"}],"collection":[{"href":"https:\/\/havamall.vn\/en\/wp-json\/wp\/v2\/product"}],"about":[{"href":"https:\/\/havamall.vn\/en\/wp-json\/wp\/v2\/types\/product"}],"replies":[{"embeddable":true,"href":"https:\/\/havamall.vn\/en\/wp-json\/wp\/v2\/comments?post=14210"}],"version-history":[{"count":0,"href":"https:\/\/havamall.vn\/en\/wp-json\/wp\/v2\/product\/14210\/revisions"}],"wp:featuredmedia":[{"embeddable":true,"href":"https:\/\/havamall.vn\/en\/wp-json\/wp\/v2\/media\/14221"}],"wp:attachment":[{"href":"https:\/\/havamall.vn\/en\/wp-json\/wp\/v2\/media?parent=14210"}],"wp:term":[{"taxonomy":"product_brand","embeddable":true,"href":"https:\/\/havamall.vn\/en\/wp-json\/wp\/v2\/product_brand?post=14210"},{"taxonomy":"product_cat","embeddable":true,"href":"https:\/\/havamall.vn\/en\/wp-json\/wp\/v2\/product_cat?post=14210"},{"taxonomy":"product_tag","embeddable":true,"href":"https:\/\/havamall.vn\/en\/wp-json\/wp\/v2\/product_tag?post=14210"}],"curies":[{"name":"wp","href":"https:\/\/api.w.org\/{rel}","templated":true}]}}