{"id":14170,"date":"2020-04-29T15:33:31","date_gmt":"2020-04-29T08:33:31","guid":{"rendered":"https:\/\/havamall.vn\/?post_type=product&#038;p=14170"},"modified":"2025-03-20T16:42:08","modified_gmt":"2025-03-20T09:42:08","slug":"giam-tao-la-rambla-1000ml-la-rambla-apple-vinegar-1000gr","status":"publish","type":"product","link":"https:\/\/havamall.vn\/en\/shop\/giam-tao-la-rambla-1000ml-la-rambla-apple-vinegar-1000gr\/","title":{"rendered":"Gi\u1ea5m T\u00e1o La Rambla 1000ml &#8211; La Rambla Apple Vinegar 1000gr"},"content":{"rendered":"<h4 class=\"entry-title\">Ng\u00e0y nay, gi\u1ea5m t\u00e1o \u0111\u01b0\u01a1c s\u1eed d\u1ee5ng ph\u1ed5 bi\u1ebfn \u0111\u1ec3 l\u00e0m \u0111\u1eb9p, gi\u1ea3i \u0111\u1ed9c c\u01a1 th\u1ec3 v\u00e0 d\u00f9ng nh\u01b0 m\u1ed9t nguy\u00ean li\u1ec7u \u0111\u1ec3 n\u1ea5u n\u01b0\u1edbng. V\u1eady gi\u1ea5m t\u00e1o l\u00e0 g\u00ec v\u00e0 c\u00f3 nh\u1eefng c\u00f4ng d\u1ee5ng ra sao? B\u00e0i vi\u1ebft n\u00e0y s\u1ebd thay b\u1ea1n tr\u1ea3 l\u1eddi c\u00e2u h\u1ecfi \u0111\u00f3. H\u00e3y c\u00f9ng\u00a0Havamall\u00a0tham kh\u1ea3o ngay nh\u00e9.<\/h4>\n<h1><strong>\u0110\u1eb7c \u0111i\u1ec3m th\u01b0\u01a1ng hi\u1ec7u<\/strong><\/h1>\n<p><strong>La Rambla<\/strong>\u00a0l\u00e0 th\u01b0\u01a1ng hi\u1ec7u c\u1ee7a T\u00e2y Ban Nha \u0111\u01b0\u1ee3c th\u00e0nh l\u1eadp b\u1edfi c\u00e1c chuy\u00ean gia g\u1ea1o c\u1ed9i trong ng\u00e0nh v\u1edbi h\u01a1n 20 n\u0103m kinh nghi\u1ec7m \u1edf l\u0129nh v\u1ef1c s\u1ea3n xu\u1ea5t v\u00e0 xu\u1ea5t kh\u1ea9u c\u00e1c lo\u1ea1i th\u1ef1c ph\u1ea9m thi\u00ean nhi\u00ean, m\u00e0 \u0111\u1eb7c bi\u1ec7t l\u00e0 d\u1ea7u \u00f4 liu, qu\u1ea3 \u00f4 liu v\u00e0 gi\u1ea5m. Th\u01b0\u01a1ng hi\u1ec7u La Rambla \u0111\u00e3 c\u00f3 m\u1eb7t tr\u00ean 20 qu\u1ed1c gia tr\u00ean to\u00e0n th\u1ebf gi\u1edbi. Stella Kinetics l\u00e0 nh\u00e0 ph\u00e2n ph\u1ed1i \u0111\u1ed9c quy\u1ec1n c\u1ee7a La Rambla tr\u00ean th\u1ecb tr\u01b0\u1eddng Vi\u1ec7t Nam.<\/p>\n<p>T\u1ea5t c\u1ea3 s\u1ea3n ph\u1ea9m c\u1ee7a La Rambla \u0111\u1ec1u c\u00f3 ngu\u1ed3n g\u1ed1c t\u1eeb thi\u00ean nhi\u00ean, \u0111\u01b0\u1ee3c La Rambla l\u1ef1a ch\u1ecdn t\u1eeb c\u00e1c ngu\u1ed3n \u00f4 liu v\u00e0 tr\u00e1i c\u00e2y n\u1ed5i ti\u1ebfng v\u1ec1 ch\u1ea5t l\u01b0\u1ee3ng t\u1ea1i T\u00e2y Ban Nha v\u00e0 c\u00e1c n\u01b0\u1edbc Ch\u00e2u \u00c2u.\u00a0 \u0110\u1ec3 \u0111\u1ea3m b\u1ea3o t\u1ea5t c\u1ea3 c\u00e1c s\u1ea3n ph\u1ea9m \u0111\u1ec1u \u0111\u1ea1t ch\u1ea5t l\u01b0\u1ee3ng cao nh\u1ea5t khi \u0111\u1ebfn tay ng\u01b0\u1eddi ti\u00eau d\u00f9ng, trong qu\u00e1 tr\u00ecnh s\u1ea3n xu\u1ea5t lu\u00f4n \u0111\u01b0\u1ee3c la Rambla ki\u1ec3m so\u00e1t m\u1ed9t c\u00e1ch nghi\u00eam ng\u1eb7t trong t\u1eebng kh\u00e2u. \u0110\u1ed3ng th\u1eddi, La Rambla mong mu\u1ed1n mang l\u1ea1i cho ng\u01b0\u1eddi ti\u00eau d\u00f9ng nh\u1eefng s\u1ea3n ph\u1ea9m ch\u1ea5t l\u01b0\u1ee3ng v\u1edbi gi\u00e1 c\u1ea3 h\u1ee3p l\u00fd nh\u1ea5t \u2013 \u0111\u1ec3 t\u1ea5t c\u1ea3 m\u1ecdi ng\u01b0\u1eddi \u0111\u1ec1u c\u00f3 th\u1ec3 mua \u0111\u01b0\u1ee3c khi c\u1ea7n.<\/p>\n<p><img fetchpriority=\"high\" decoding=\"async\" class=\"wp-image-14144 aligncenter\" src=\"https:\/\/havamall.vn\/wp-content\/uploads\/2025\/03\/1208702_165934253609494_1298701822_n-300x300.jpg\" alt=\"\" width=\"479\" height=\"478\" \/><\/p>\n<h1><strong>\u0110\u1eb7c \u0111i\u1ec3m n\u1ed5i b\u1eadt c\u1ee7a s\u1ea3n ph\u1ea9m<\/strong><\/h1>\n<p>Gi\u1ea5m t\u00e1o La Rambla l\u00e0 lo\u1ea1i gi\u1ea5m \u0111\u01b0\u1ee3c s\u1ea3n xu\u1ea5t 100% t\u1eeb gi\u1ed1ng t\u00e1o Golden \u0111\u01b0\u1ee3c tr\u1ed3ng \u1edf t\u1ec9nh Lleida, n\u01a1i La Rambla t\u1ecda l\u1ea1c. Ch\u00fang \u0111\u01b0\u1ee3c l\u00ean men th\u00e0nh r\u01b0\u1ee3u t\u00e1o tr\u01b0\u1edbc ti\u00ean b\u1eb1ng c\u00e1ch s\u1eed d\u1ee5ng ph\u01b0\u01a1ng ph\u00e1p truy\u1ec1n th\u1ed1ng, \u0111i\u1ec1u n\u00e0y \u0111\u00e3 \u0111em l\u1ea1i cho Gi\u1ea5m t\u00e1o La Rambla m\u00e0u r\u01a1m v\u00e0ng \u0111\u1eadm v\u1edbi m\u00f9i h\u01b0\u01a1ng ng\u1ecdt ng\u00e0o v\u00e0 v\u1ecb ng\u00f2n ng\u1ecdt c\u1ee7a t\u00e1o. Trong h\u01b0\u01a1ng v\u1ecb \u0111\u00f3, ng\u01b0\u1eddi ta c\u00f3 th\u1ec3 nh\u1eadn th\u1ea5y r\u00f5 v\u1ecb ng\u1ecdt ng\u00e0o v\u00e0 th\u01a1m \u0111\u1eb7c tr\u01b0ng c\u1ee7a t\u00e1o. \u0110\u00e2y l\u00e0 lo\u1ea1i gi\u1ea5m l\u00fd t\u01b0\u1edfng cho m\u00f3n th\u1ecbt carpaccios, g\u00e0, x\u00e0 l\u00e1ch, macedoines (m\u1ed9t lo\u1ea1i rau tr\u1ed9n) v\u00e0 c\u00e1c lo\u1ea1i n\u01b0\u1edbc s\u1ed1t chua ng\u1ecdt.<\/p>\n<p><img decoding=\"async\" class=\"wp-image-14171 aligncenter\" src=\"https:\/\/havamall.vn\/wp-content\/uploads\/2025\/03\/hgdfu-300x300.jpg\" alt=\"\" width=\"543\" height=\"543\" \/><\/p>\n<p>\u2013 <strong>Xu\u1ea5t x\u1ee9<\/strong>: T\u00e2y Ban Nha<\/p>\n<p>\u2013 Ch\u1ee9a nhi\u1ec1u con gi\u1ea5m: nh\u01b0 m\u1ed9t ch\u1ea5t k\u1ebft t\u1ee7a \u0111\u01b0\u1ee3c t\u00ecm th\u1ea5y trong s\u1ea3n ph\u1ea9m th\u00f4, gi\u1ea5m t\u00e1o ch\u01b0a l\u1ecdc \u0111\u01b0\u1ee3c h\u00ecnh th\u00e0nh m\u1ed9t c\u00e1ch t\u1ef1 nhi\u00ean gi\u1ed1ng nh\u01b0 c\u00e1c s\u1ee3i c\u1ee7a enzym protein. Con gi\u1ea5m \u0111\u01b0\u1ee3c \u0111\u00e1nh gi\u00e1 cao b\u1edfi gi\u00e1 tr\u1ecb dinh d\u01b0\u1ee1ng v\u00e0 l\u1ee3i \u00edch s\u1ee9c kh\u1ecfe.<\/p>\n<p>\u2013 <strong>Th\u00e0nh ph\u1ea7n<\/strong>:\u00a0Gi\u1ea5m l\u00ean men t\u1ef1 nhi\u00ean 100% t\u1eeb gi\u1ed1ng t\u00e1o Golden \u0111\u01b0\u1ee3c tr\u1ed3ng t\u1ea1i Lleida, T\u00e2y Ban Nha,\u00a0G\u1ea1o, n\u01b0\u1edbc t\u00e1o \u00e9p, n\u01b0\u1edbc tinh khi\u1ebft, men ng\u0169 c\u1ed1c (\u0111\u01b0\u1eddng gluco, ch\u1ea5t dinh d\u01b0\u1ee1ng), r\u01b0\u1ee3u c\u1ed3n th\u1ef1c ph\u1ea9m, m\u1ea1ch nha, \u0111\u01b0\u1eddng oligo (isomaltooligosaccharide), \u0111\u01b0\u1eddng \u0111\u1ed9 ng\u1ecdt th\u1ea5p Maltose, chi\u1ebft xu\u1ea5t n\u1ea5m.<\/p>\n<p dir=\"ltr\">\u2013 <strong>\u0110\u1ed1i t\u01b0\u1ee3ng s\u1eed d\u1ee5ng<\/strong>: d\u00f9ng cho m\u1ecdi l\u1ee9a tu\u1ed5i.<\/p>\n<p dir=\"ltr\">\u2013 <strong>C\u00e1ch s\u1eed d\u1ee5ng<\/strong>: D\u00f9ng tr\u1ed9n salad, pha n\u01b0\u1edbc ch\u1ea5m, l\u00e0m \u0111\u1eb9p, d\u00f9ng cho m\u00f3n canh l\u1ea1nh, \u0111\u1ed3 u\u1ed1ng c\u00f3 v\u1ecb thanh chua\u2026.Sau khi m\u1edf n\u1eafp c\u1ea7n ch\u00fa \u00fd\u00a0 \u0111\u1ec3 tr\u00e1nh d\u1ecb v\u1eadt, c\u00f4n tr\u00f9ng r\u01a1i v\u00e0o chai.<\/p>\n<p dir=\"ltr\">\u2013 <strong>B\u1ea3o qu\u1ea3n<\/strong>: N\u01a1i kh\u00f4 r\u00e1o tho\u00e1ng m\u00e1t, tr\u00e1nh \u00e1nh s\u00e1ng m\u1eb7t tr\u1eddi.<\/p>\n<p dir=\"ltr\">\u2013 <strong>H\u1ea1n s\u1eed d\u1ee5ng<\/strong>: 3 n\u0103m k\u1ec3 t\u1eeb ng\u00e0y s\u1ea3n xu\u1ea5t.<\/p>\n<p dir=\"ltr\"><img decoding=\"async\" class=\"wp-image-14172 aligncenter\" src=\"https:\/\/havamall.vn\/wp-content\/uploads\/2025\/03\/uuu_720-300x225.png\" alt=\"\" width=\"767\" height=\"575\" \/><\/p>\n<p dir=\"ltr\">Gi\u1ea5m t\u00e1o La Rambla l\u00ean men t\u1ef1 nhi\u00ean s\u1ebd c\u00f3 v\u1ecb chua d\u1ecbu, h\u0103ng nh\u1eb9, c\u00f3 m\u00e0u v\u00e0ng nh\u1ea1t. Gi\u1ea5m t\u00e1o La Rambla\u00a0 \u0111\u01b0\u1ee3c l\u00e0m t\u1eeb n\u01b0\u1edbc \u00e9p t\u00e1o, n\u01b0\u1edbc tinh khi\u1ebft, v\u00e0 axit axetic (5%). Ngo\u00e0i ra, n\u01b0\u1edbc Gi\u1ea5m t\u00e1o La Rambla trong, c\u00f3 m\u00e0u v\u00e0ng nh\u1ea1t, v\u1edbi h\u01b0\u01a1ng v\u1ecb \u00eam d\u1ecbu, ph\u00f9 h\u1ee3p cho c\u1ea3 nh\u1eefng b\u1ea1n kh\u00f4ng quen v\u1ecb h\u01a1i chua c\u1ee7a gi\u1ea5m t\u00e1o.<\/p>\n<p dir=\"ltr\"><img loading=\"lazy\" decoding=\"async\" class=\"wp-image-14158 aligncenter\" src=\"https:\/\/havamall.vn\/wp-content\/uploads\/2025\/03\/What-Is-Apple-Cider-Vinegar-ACV-Nutrition-Health-Benefits-Risks-Uses-722x406-300x169.jpg\" alt=\"\" width=\"767\" height=\"432\" \/><\/p>\n<p>Lo\u1ea1i gi\u1ea5m n\u00e0y l\u00e0 l\u1ef1a ch\u1ecdn tuy\u1ec7t v\u1eddi \u0111\u1ec3 t\u0103ng h\u01b0\u01a1ng v\u1ecb cho c\u00e1c m\u00f3n th\u1ecbt Carpaccios, th\u1ecbt g\u00e0, c\u00e1c m\u00f3n salads c\u00f9ng c\u00e1c lo\u1ea1i n\u01b0\u1edbc s\u1ed1t chua ng\u1ecdt. V\u1edbi m\u00f9i h\u01b0\u01a1ng ng\u1ecdt ng\u00e0o v\u00e0 v\u1ecb th\u01a1m \u0111\u1eb7c tr\u01b0ng c\u1ee7a t\u00e1i.<\/p>\n<p>\u0110\u1eb7c bi\u1ec7t, s\u1ea3n ph\u1ea9m c\u00f3 gi\u00e1 th\u00e0nh kh\u00e1 r\u1ebb, v\u1edbi dung t\u00edch v\u1eeba 250ml, cho b\u1ea1n v\u00e0 gia \u0111\u00ecnh tho\u1ea3i m\u00e1i s\u1eed d\u1ee5ng l\u00e2u d\u00e0i. S\u1ea3n ph\u1ea9m r\u1ea5t c\u00f3 l\u1ee3i cho s\u1ee9c kh\u1ecfe.<\/p>\n<div class=\"p-press__part-inner js-preview\">\n<h2><strong>C\u00f4ng d\u1ee5ng c\u1ee7a s\u1ea3n ph\u1ea9m<\/strong><\/h2>\n<div>Gi\u1ea5m t\u00e1o \u0111\u01b0\u1ee3c d\u00f9ng r\u1ea5t ph\u1ed5 bi\u1ebfn trong l\u00e0m \u0111\u1eb9p:<\/div>\n<div>\u2013 Pha v\u1edbi n\u01b0\u1edbc \u0111\u1ec3 l\u00e0m toner tr\u1ecb m\u1ee5n c\u1ef1c k\u1ef3 hi\u1ec7u qu\u1ea3.<\/div>\n<div>\u2013 Mix v\u1edbi \u0111\u1ea5t s\u00e9t \u0111\u1ec3 l\u00e0m m\u1eb7t n\u1ea1 th\u1ea3i \u0111\u1ed9c tr\u1ecb m\u1ee5n.<\/div>\n<div>\u2013 U\u1ed1ng gi\u1ea3m c\u00e2n Gi\u1ea5m \u0111\u01b0\u1ee3c l\u00e0m t\u1eeb nh\u1eefng tr\u00e1i t\u00e1o h\u1eefu c\u01a1 v\u1edbi quy tr\u00ecnh tr\u1ed3ng \u0111\u01b0\u1ee3c ki\u1ec3m so\u00e1t ch\u1eb7t ch\u1ebd, ko phun thu\u1ed1c \u0111\u1ec3 \u0111\u1ea3m b\u1ea3o ch\u1ea5t l\u01b0\u1ee3ng t\u1ed1t nh\u1ea5t.<\/div>\n<div>\n<div class=\"p-press__text p-wysiwyg\">-H\u00e0m l\u01b0\u1ee3ng Kali trong gi\u1ea5m t\u00e1o th\u00edch h\u1ee3p s\u1eed d\u1ee5ng k\u00edch th\u00edch s\u1ef1 th\u00e8m \u0103n, h\u1ed3i ph\u1ee5c kh\u1ecfi m\u1ec7t m\u1ecfi, ph\u00f2ng ng\u1eeba c\u1ea3m c\u00fam, ng\u0103n ng\u1eeba cao huy\u1ebft \u00e1p v\u00e0 c\u00f3 t\u00e1c d\u1ee5ng trong vi\u1ec7c d\u01b0\u1ee1ng da \u0111\u1eb9p hay \u0103n ki\u00eang. \u0110\u1ed3ng th\u1eddi, b\u1ea1n c\u00f3 th\u1ec3 s\u1eed d\u1ee5ng gi\u1ea5m t\u00e1o nguy\u00ean nh\u01b0 v\u1eady trong n\u1ea5u \u0103n, \u0111\u1ec3 ch\u1ebf bi\u1ebfn salad, ho\u1eb7c c\u00f3 th\u1ec3 pha nh\u1ea1t v\u1edbi n\u01b0\u1edbc \u0111\u1ec3 u\u1ed1ng h\u1eb1ng ng\u00e0y.<\/div>\n<div><img loading=\"lazy\" decoding=\"async\" class=\"wp-image-14159 aligncenter\" src=\"https:\/\/havamall.vn\/wp-content\/uploads\/2025\/03\/tac-dung-cua-giam-tao-giam-can-tot-cho-tim-mach-phong-ngua-ung-thu1571366376-300x200.jpg\" alt=\"\" width=\"781\" height=\"520\" \/><\/div>\n<div><\/div>\n<\/div>\n<\/div>\n<div>H\u00e3y mua ngay Gi\u1ea5m t\u00e1o La Rambla t\u1eeb Havamall \u0111\u1ec3 c\u1ea3m nh\u1eadn lo\u1ea1i gi\u1ea5m ngo\u1ea1i \u0111\u01b0\u1ee3c nh\u1eadp kh\u1ea9u t\u1eeb \u0111\u1ea5t n\u01b0\u1edbc T\u00e2y Ban Nha xinh \u0111\u1eb9p nh\u00e9.<\/div>\n<div><\/div>","protected":false},"excerpt":{"rendered":"<ul class=\"list\">\n<li>S\u1ea3n ph\u1ea9m \u0111\u01b0\u1ee3c chi\u1ebft xu\u1ea5t 100% nguy\u00ean ch\u1ea5t t\u1eeb t\u00e1o tuy\u1ec3n ch\u1ecdn t\u1eeb T\u00e2y Ban Nha.<\/li>\n<li>S\u1ea3n ph\u1ea9m \u0111\u01b0\u1ee3c \u0111\u00f3ng chai nh\u1ef1a ti\u1ec7n d\u1ee5ng, tr\u00e1nh \u0111\u01b0\u1ee3c b\u1ec3\/v\u1ee1<\/li>\n<li>Gi\u1ea5m t\u00e1o nguy\u00ean ch\u1ea5t La Rambla \u0111\u01b0\u1ee3c s\u1ea3n xu\u1ea5t theo c\u00f4ng ngh\u1ec7 hi\u1ec7n \u0111\u1ea1i, kh\u00e9p k\u00edn.<\/li>\n<li>Gi\u1ea5m t\u00e1o La Rambla \u0111\u01b0\u1ee3c nh\u1eadp kh\u1ea9u nguy\u00ean chai t\u1eeb T\u00e2y Ban Nha.<\/li>\n<\/ul>","protected":false},"featured_media":14175,"comment_status":"open","ping_status":"closed","template":"","meta":[],"product_brand":[],"product_cat":[683,36],"product_tag":[],"class_list":{"0":"post-14170","1":"product","2":"type-product","3":"status-publish","4":"has-post-thumbnail","6":"product_cat-nhap-khau-tay-ban-nha","7":"product_cat-thuc-pham-tieu-dung","8":"pa_brand-la-rambla","10":"first","11":"instock","12":"sale","13":"shipping-taxable","14":"purchasable","15":"product-type-simple"},"_links":{"self":[{"href":"https:\/\/havamall.vn\/en\/wp-json\/wp\/v2\/product\/14170"}],"collection":[{"href":"https:\/\/havamall.vn\/en\/wp-json\/wp\/v2\/product"}],"about":[{"href":"https:\/\/havamall.vn\/en\/wp-json\/wp\/v2\/types\/product"}],"replies":[{"embeddable":true,"href":"https:\/\/havamall.vn\/en\/wp-json\/wp\/v2\/comments?post=14170"}],"version-history":[{"count":0,"href":"https:\/\/havamall.vn\/en\/wp-json\/wp\/v2\/product\/14170\/revisions"}],"wp:featuredmedia":[{"embeddable":true,"href":"https:\/\/havamall.vn\/en\/wp-json\/wp\/v2\/media\/14175"}],"wp:attachment":[{"href":"https:\/\/havamall.vn\/en\/wp-json\/wp\/v2\/media?parent=14170"}],"wp:term":[{"taxonomy":"product_brand","embeddable":true,"href":"https:\/\/havamall.vn\/en\/wp-json\/wp\/v2\/product_brand?post=14170"},{"taxonomy":"product_cat","embeddable":true,"href":"https:\/\/havamall.vn\/en\/wp-json\/wp\/v2\/product_cat?post=14170"},{"taxonomy":"product_tag","embeddable":true,"href":"https:\/\/havamall.vn\/en\/wp-json\/wp\/v2\/product_tag?post=14170"}],"curies":[{"name":"wp","href":"https:\/\/api.w.org\/{rel}","templated":true}]}}