{"id":14153,"date":"2020-04-29T15:13:13","date_gmt":"2020-04-29T08:13:13","guid":{"rendered":"https:\/\/havamall.vn\/?post_type=product&#038;p=14153"},"modified":"2021-06-24T15:33:43","modified_gmt":"2021-06-24T08:33:43","slug":"nhuy-hoa-atiso-la-rambla-450g-whole-artichoke-hearts-la-rambla-450g","status":"publish","type":"product","link":"https:\/\/havamall.vn\/en\/shop\/nhuy-hoa-atiso-la-rambla-450g-whole-artichoke-hearts-la-rambla-450g\/","title":{"rendered":"Nhu\u1ef5 Hoa Atiso La Rambla 415g &#8211; Whole Artichoke Hearts La Rambla 415g"},"content":{"rendered":"<p><span style=\"font-weight: 400\">La Rambla l\u00e0 th\u01b0\u01a1ng hi\u1ec7u c\u1ee7a T\u00e2y Ban Nha \u0111\u01b0\u1ee3c th\u00e0nh l\u1eadp b\u1edfi c\u00e1c chuy\u00ean gia g\u1ea1o c\u1ed9i trong ng\u00e0nh v\u1edbi h\u01a1n 20 n\u0103m kinh nghi\u1ec7m \u1edf l\u0129nh v\u1ef1c s\u1ea3n xu\u1ea5t v\u00e0 xu\u1ea5t kh\u1ea9u c\u00e1c lo\u1ea1i th\u1ef1c ph\u1ea9m thi\u00ean nhi\u00ean, m\u00e0 \u0111\u1eb7c bi\u1ec7t l\u00e0 d\u1ea7u \u00f4 liu, qu\u1ea3 \u00f4 liu v\u00e0 gi\u1ea5m. Th\u01b0\u01a1ng hi\u1ec7u La Rambla \u0111\u00e3 c\u00f3 m\u1eb7t tr\u00ean 20 qu\u1ed1c gia tr\u00ean to\u00e0n th\u1ebf gi\u1edbi.<\/span><\/p>\n<p><span style=\"font-weight: 400\">T\u1ea5t c\u1ea3 s\u1ea3n ph\u1ea9m c\u1ee7a La Rambla \u0111\u1ec1u c\u00f3 ngu\u1ed3n g\u1ed1c t\u1eeb thi\u00ean nhi\u00ean, \u0111\u01b0\u1ee3c La Rambla l\u1ef1a ch\u1ecdn t\u1eeb c\u00e1c ngu\u1ed3n \u00f4 liu v\u00e0 tr\u00e1i c\u00e2y n\u1ed5i ti\u1ebfng v\u1ec1 ch\u1ea5t l\u01b0\u1ee3ng t\u1ea1i T\u00e2y Ban Nha v\u00e0 c\u00e1c n\u01b0\u1edbc Ch\u00e2u \u00c2u.\u00a0 \u0110\u1ec3 \u0111\u1ea3m b\u1ea3o t\u1ea5t c\u1ea3 c\u00e1c s\u1ea3n ph\u1ea9m \u0111\u1ec1u \u0111\u1ea1t ch\u1ea5t l\u01b0\u1ee3ng cao nh\u1ea5t khi \u0111\u1ebfn tay ng\u01b0\u1eddi ti\u00eau d\u00f9ng, trong qu\u00e1 tr\u00ecnh s\u1ea3n xu\u1ea5t lu\u00f4n \u0111\u01b0\u1ee3c la Rambla ki\u1ec3m so\u00e1t m\u1ed9t c\u00e1ch nghi\u00eam ng\u1eb7t trong t\u1eebng kh\u00e2u.<\/span><\/p>\n<p><img decoding=\"async\" class=\"aligncenter\" src=\"https:\/\/havamall.vn\/wp-content\/uploads\/2020\/04\/26-0.jpg\" alt=\"SPAIN S. food manufacturers A PRESTIGE BOOK. 2 nd edition - PDF ...\" \/><\/p>\n<p><span style=\"font-weight: 400\">La Rambla mang \u0111\u1ebfn cho kh\u00e1ch h\u00e0ng nh\u1eefng nh\u00f3m s\u1ea3n ph\u1ea9m ch\u00ednh:<\/span><\/p>\n<p><span style=\"font-weight: 400\">&#8211; D\u1ea7u \u00f4 liu: Bao g\u1ed3m nh\u1eefng lo\u1ea1i d\u1ea7u Extra Virgin, c\u00f9ng c\u00e1c lo\u1ea1i d\u1ea7u \u00d4 liu Pure, Extra Light, ph\u00f9 h\u1ee3p v\u1edbi nhu c\u1ea7u s\u1eed d\u1ee5ng c\u1ee7a nhi\u1ec1u ng\u01b0\u1eddi.<\/span><\/p>\n<p><span style=\"font-weight: 400\">&#8211; Qu\u1ea3 \u00f4 liu: C\u00e1c lo\u1ea1i qu\u1ea3 \u00f4 liu ch\u1ea5t l\u01b0\u1ee3ng \u0111\u01b0\u1ee3c thu ho\u1ea1ch t\u1eeb nh\u1eefng v\u00f9ng tr\u1ed3ng \u00f4 liu n\u1ed5i ti\u1ebfng tr\u00ean kh\u1eafp T\u00e2y Ban Nha, bao g\u1ed3m nh\u1eefng lo\u1ea1i qu\u1ea3 \u00f4 liu xanh v\u00e0 \u0111en thu\u1ea7n t\u00fay ho\u1eb7c \u0111\u01b0\u1ee3c k\u1ebft h\u1ee3p c\u00f9ng c\u00e1c lo\u1ea1i c\u00e1 c\u01a1m, \u1edbt \u0111\u1ecf\u2026<\/span><\/p>\n<p><span style=\"font-weight: 400\">&#8211; Gi\u1ea5m: C\u00e1c s\u1ea3n ph\u1ea9m gi\u1ea5m c\u1ee7a La Rambla \u0111\u01b0\u1ee3c s\u1ea3n xu\u1ea5t t\u1eeb nh\u1eefng lo\u1ea1i gi\u1ea5m c\u00f3 ngu\u1ed3n g\u1ed1c t\u1eeb c\u00e1c lo\u1ea1i r\u01b0\u1ee3u vang \u0111\u01b0\u1ee3c l\u00ean men t\u1ef1 nhi\u00ean t\u1eeb tr\u00e1i c\u00e2y.<\/span><\/p>\n<p><span style=\"font-weight: 400\">&#8211; C\u00e1c s\u1ea3n ph\u1ea9m kh\u00e1c: d\u1ea7u h\u1ea1t nho, c\u00e1 lo\u1ea1i qu\u1ea3 atiso\u2026<\/span><\/p>\n<h2>Th\u00f4ng tin s\u1ea3n ph\u1ea9m:<\/h2>\n<p><span style=\"font-weight: 400\">Nhu\u1ef5 hoa Atiso La Rambla \u0111\u01b0\u1ee3c nh\u1eadp kh\u1ea9u nguy\u00ean l\u1ecd tr\u1ef1c ti\u1ebfp t\u1eeb T\u00e2y Ban Nha.<\/span><\/p>\n<p><span style=\"font-weight: 400\">V\u1edbi quy tr\u00ecnh ch\u1ebf bi\u1ebfn v\u00e0 \u0111\u00f3ng h\u1ed9p b\u1eb1ng c\u00f4ng ngh\u1ec7 hi\u1ec7n \u0111\u1ea1i \u0111\u1ea3m b\u1ea3o ch\u1ea5t l\u01b0\u1ee3ng v\u00e0 h\u01b0\u01a1ng v\u1ecb c\u1ee7a s\u1ea3n ph\u1ea9m.<\/span><\/p>\n<p>H\u01b0\u1edbng d\u1eabn s\u1eed d\u1ee5ng:<\/p>\n<p><span style=\"font-weight: 400\">D\u00f9ng \u0103n tr\u1ef1c ti\u1ebfp ho\u1eb7c c\u00f3 th\u1ec3 t\u1ea9m \u01b0\u1edbp gia v\u1ecb v\u00e0 ch\u1ebf bi\u1ebfn c\u00e1c m\u00f3n \u0103n h\u1ea5p d\u1eabn theo s\u1edf th\u00edch.\u00a0<\/span><\/p>\n<p><span style=\"font-weight: 400\">Nhu\u1ef5 hoa Atiso \u0111\u01b0\u1ee3c ng\u00e2m trong dung d\u1ecbch n\u01b0\u1edbc mu\u1ed1i n\u00ean b\u1ea1n ch\u1ec9 c\u1ea7n cho m\u1ed9t \u00edt ti\u00eau v\u00e0 d\u1ea7u Olive l\u00e0 xong ngay b\u1eefa s\u00e1ng \u0111\u01a1n gi\u1ea3n m\u00e0 v\u1eabn \u0111\u1ea7y \u0111\u1ee7 dinh d\u01b0\u1ee1ng.<\/span><\/p>\n<p><img decoding=\"async\" class=\"aligncenter\" src=\"https:\/\/havamall.vn\/wp-content\/uploads\/2020\/04\/1745 Artichoke Hearts.jpg\" alt=\"Whole Artichoke Hearts - Deli Style Vegetables, Olives &amp; Capers ...\" \/><\/p>\n<h2>C\u00f4ng d\u1ee5ng c\u1ee7a Nhu\u1ef5 hoa Atiso<\/h2>\n<ul>\n<li>An th\u1ea7n, tr\u1ee3 tim, gi\u00e0u kali<\/li>\n<\/ul>\n<ul>\n<li>L\u1ecdc gan, \u0111\u00e0o th\u1ea3i ch\u1ea5t \u0111\u1ed9c.\u00a0H\u1ed7 tr\u1ee3 cho ng\u01b0\u1eddi \u0111ang \u0111i\u1ec1u tr\u1ecb b\u1ec7nh l\u00fd v\u1ec1 gan, th\u1eadn, h\u1ea1n ch\u1ebf t\u00e1c d\u1ee5ng ph\u1ee5 c\u1ee7a thu\u1ed1c!<\/li>\n<li>Th\u00f4ng m\u1eadt, l\u1ee3i ti\u1ec3u, kh\u00f4ng c\u00f2n ti\u1ec3u r\u00e1t, ti\u1ec3u bu\u1ed1t (nh\u1ea5t l\u00e0 \u1edf ng\u01b0\u1eddi l\u1edbn tu\u1ed5i).<\/li>\n<\/ul>\n<ul>\n<li>T\u00e1c d\u1ee5ng d\u01b0\u1ee3c l\u00ed trong nh\u1ee5y atiso r\u1ea5t t\u1ed1t cho h\u1ec7 tim m\u1ea1ch c\u1ee7a con ng\u01b0\u1eddi, c\u00f3 c\u00f4ng d\u1ee5ng h\u1ed7 tr\u1ee3 tuy\u1ec7t v\u1eddi cho nh\u1eefng b\u1ec7nh nh\u00e2n c\u00f3 b\u1ec7nh l\u00fd v\u1ec1 \u0111\u01b0\u1eddng tim m\u1ea1ch, huy\u1ebft \u00e1p .<\/li>\n<\/ul>\n<p><img fetchpriority=\"high\" decoding=\"async\" class=\"aligncenter\" src=\"https:\/\/havamall.vn\/wp-content\/uploads\/2020\/04\/artichoke-hearts-03.jpg\" alt=\"Artichoke Hearts in White Wine Butter Sauce | Foodness Gracious\" width=\"883\" height=\"1325\" \/><\/p>\n<ul>\n<li>T\u00e1c \u0111\u1ed9ng tr\u1ef1c ti\u1ebfp hi\u1ec7u qu\u1ea3 \u0111\u1ebfn h\u1ec7 ti\u00eau h\u00f3a, gi\u00fap ng\u01b0\u1eddi s\u1eed d\u1ee5ng t\u0103ng c\u01b0\u1eddng c\u1ea3m gi\u00e1c ngon mi\u1ec7ng, nhu\u1eadn tr\u01b0\u1eddng.<\/li>\n<li>Nh\u1edd c\u00f4ng d\u1ee5ng gi\u1ea3i \u0111\u1ed9c tuy\u1ec7t v\u1eddi c\u0169ng nh\u01b0 l\u00e0m m\u00e1t gan c\u1ee7a nh\u1ee5y atiso m\u00e0 s\u1ebd h\u1ea1n ch\u1ebf \u0111\u01b0\u1ee3c t\u00ecnh tr\u1ea1ng m\u1ee5n nh\u1ecdt \u1edf da hay c\u00e1c v\u1ebft th\u00e2m n\u00e1m kh\u00f4ng mong mu\u1ed1n \u1edf da.<\/li>\n<li>Gi\u00fap an th\u1ea7n, ng\u1ee7 ngon v\u00e0 s\u00e2u h\u01a1n.<\/li>\n<\/ul>\n<p>Hi\u1ec7n t\u1ea1i, Nhu\u1ef5 hoa Atiso Larambla \u0111\u00e3 c\u00f3 m\u1eb7t t\u1ea1i Havamall v\u1edbi gi\u00e1 khuy\u1ebfn m\u00e3i h\u1ea5p d\u1eabn.\u00a0Nhanh tay mua ngay 1 l\u1ecd \u0111\u1ec3 d\u00f9ng th\u1eed nh\u00e9!<\/p>\n<p>Havamall lu\u00f4n cam k\u1ebft c\u00e1c s\u1ea3n ph\u1ea9m ch\u00ednh h\u00e3ng v\u00e0 ch\u1ea5t l\u01b0\u1ee3ng.<\/p>","protected":false},"excerpt":{"rendered":"<ul>\n<li><span style=\"font-weight: 400\">Nhu\u1ef5 hoa Atiso La Rambla \u0111\u01b0\u1ee3c nh\u1eadp kh\u1ea9u nguy\u00ean l\u1ecd tr\u1ef1c ti\u1ebfp t\u1eeb T\u00e2y Ban Nha.<\/span><\/li>\n<li>S\u1ea3n ph\u1ea9m gi\u00e0u dinh d\u01b0\u1ee1ng v\u00e0 t\u1ed1t cho kho\u1ebb<\/li>\n<li><span style=\"font-weight: 400\">V\u1edbi quy tr\u00ecnh ch\u1ebf bi\u1ebfn v\u00e0 \u0111\u00f3ng h\u1ed9p b\u1eb1ng c\u00f4ng ngh\u1ec7 hi\u1ec7n \u0111\u1ea1i \u0111\u1ea3m b\u1ea3o ch\u1ea5t l\u01b0\u1ee3ng v\u00e0 h\u01b0\u01a1ng v\u1ecb c\u1ee7a s\u1ea3n ph\u1ea9m.<\/span><\/li>\n<li><span style=\"font-weight: 400\">D\u00f9ng \u0103n tr\u1ef1c ti\u1ebfp ho\u1eb7c c\u00f3 th\u1ec3 t\u1ea9m \u01b0\u1edbp gia v\u1ecb v\u00e0 ch\u1ebf bi\u1ebfn c\u00e1c m\u00f3n \u0103n h\u1ea5p d\u1eabn theo s\u1edf th\u00edch.\u00a0<\/span><\/li>\n<li><span style=\"font-weight: 400\">Nhu\u1ef5 hoa Atiso \u0111\u01b0\u1ee3c ng\u00e2m trong dung d\u1ecbch n\u01b0\u1edbc mu\u1ed1i n\u00ean b\u1ea1n ch\u1ec9 c\u1ea7n cho m\u1ed9t \u00edt ti\u00eau v\u00e0 d\u1ea7u Olive l\u00e0 xong ngay b\u1eefa s\u00e1ng \u0111\u01a1n gi\u1ea3n m\u00e0 v\u1eabn \u0111\u1ea7y \u0111\u1ee7 dinh d\u01b0\u1ee1ng.<\/span><\/li>\n<\/ul>\n<p>&nbsp;<\/p>","protected":false},"featured_media":14161,"comment_status":"open","ping_status":"closed","template":"","meta":[],"product_brand":[],"product_cat":[36,143],"product_tag":[],"class_list":{"0":"post-14153","1":"product","2":"type-product","3":"status-publish","4":"has-post-thumbnail","6":"product_cat-thuc-pham-tieu-dung","7":"product_cat-thuc-pham-dong-hop","8":"pa_brand-la-rambla","10":"first","11":"outofstock","12":"sale","13":"shipping-taxable","14":"purchasable","15":"product-type-simple"},"_links":{"self":[{"href":"https:\/\/havamall.vn\/en\/wp-json\/wp\/v2\/product\/14153"}],"collection":[{"href":"https:\/\/havamall.vn\/en\/wp-json\/wp\/v2\/product"}],"about":[{"href":"https:\/\/havamall.vn\/en\/wp-json\/wp\/v2\/types\/product"}],"replies":[{"embeddable":true,"href":"https:\/\/havamall.vn\/en\/wp-json\/wp\/v2\/comments?post=14153"}],"version-history":[{"count":0,"href":"https:\/\/havamall.vn\/en\/wp-json\/wp\/v2\/product\/14153\/revisions"}],"wp:featuredmedia":[{"embeddable":true,"href":"https:\/\/havamall.vn\/en\/wp-json\/wp\/v2\/media\/14161"}],"wp:attachment":[{"href":"https:\/\/havamall.vn\/en\/wp-json\/wp\/v2\/media?parent=14153"}],"wp:term":[{"taxonomy":"product_brand","embeddable":true,"href":"https:\/\/havamall.vn\/en\/wp-json\/wp\/v2\/product_brand?post=14153"},{"taxonomy":"product_cat","embeddable":true,"href":"https:\/\/havamall.vn\/en\/wp-json\/wp\/v2\/product_cat?post=14153"},{"taxonomy":"product_tag","embeddable":true,"href":"https:\/\/havamall.vn\/en\/wp-json\/wp\/v2\/product_tag?post=14153"}],"curies":[{"name":"wp","href":"https:\/\/api.w.org\/{rel}","templated":true}]}}