{"id":14142,"date":"2020-04-29T14:04:06","date_gmt":"2020-04-29T07:04:06","guid":{"rendered":"https:\/\/havamall.vn\/?post_type=product&#038;p=14142"},"modified":"2024-04-21T13:41:18","modified_gmt":"2024-04-21T06:41:18","slug":"cocktail-hanh-la-rambla-345gr-la-rambla-cocktail-onions-345gr","status":"publish","type":"product","link":"https:\/\/havamall.vn\/en\/shop\/cocktail-hanh-la-rambla-345gr-la-rambla-cocktail-onions-345gr\/","title":{"rendered":"Cocktail H\u00e0nh La Rambla 345gr &#8211; La Rambla Cocktail Onions 345gr"},"content":{"rendered":"<h1><strong>\u0110\u1eb7c \u0111i\u1ec3m th\u01b0\u01a1ng hi\u1ec7u<\/strong><\/h1>\n<p><strong>La Rambla<\/strong>\u00a0l\u00e0 th\u01b0\u01a1ng hi\u1ec7u c\u1ee7a T\u00e2y Ban Nha \u0111\u01b0\u1ee3c th\u00e0nh l\u1eadp b\u1edfi c\u00e1c chuy\u00ean gia g\u1ea1o c\u1ed9i trong ng\u00e0nh v\u1edbi h\u01a1n 20 n\u0103m kinh nghi\u1ec7m \u1edf l\u0129nh v\u1ef1c s\u1ea3n xu\u1ea5t v\u00e0 xu\u1ea5t kh\u1ea9u c\u00e1c lo\u1ea1i th\u1ef1c ph\u1ea9m thi\u00ean nhi\u00ean, m\u00e0 \u0111\u1eb7c bi\u1ec7t l\u00e0 d\u1ea7u \u00f4 liu, qu\u1ea3 \u00f4 liu v\u00e0 gi\u1ea5m. Th\u01b0\u01a1ng hi\u1ec7u La Rambla \u0111\u00e3 c\u00f3 m\u1eb7t tr\u00ean 20 qu\u1ed1c gia tr\u00ean to\u00e0n th\u1ebf gi\u1edbi. Stella Kinetics l\u00e0 nh\u00e0 ph\u00e2n ph\u1ed1i \u0111\u1ed9c quy\u1ec1n c\u1ee7a La Rambla tr\u00ean th\u1ecb tr\u01b0\u1eddng Vi\u1ec7t Nam.<\/p>\n<p>T\u1ea5t c\u1ea3 s\u1ea3n ph\u1ea9m c\u1ee7a La Rambla \u0111\u1ec1u c\u00f3 ngu\u1ed3n g\u1ed1c t\u1eeb thi\u00ean nhi\u00ean, \u0111\u01b0\u1ee3c La Rambla l\u1ef1a ch\u1ecdn t\u1eeb c\u00e1c ngu\u1ed3n \u00f4 liu v\u00e0 tr\u00e1i c\u00e2y n\u1ed5i ti\u1ebfng v\u1ec1 ch\u1ea5t l\u01b0\u1ee3ng t\u1ea1i T\u00e2y Ban Nha v\u00e0 c\u00e1c n\u01b0\u1edbc Ch\u00e2u \u00c2u.\u00a0 \u0110\u1ec3 \u0111\u1ea3m b\u1ea3o t\u1ea5t c\u1ea3 c\u00e1c s\u1ea3n ph\u1ea9m \u0111\u1ec1u \u0111\u1ea1t ch\u1ea5t l\u01b0\u1ee3ng cao nh\u1ea5t khi \u0111\u1ebfn tay ng\u01b0\u1eddi ti\u00eau d\u00f9ng, trong qu\u00e1 tr\u00ecnh s\u1ea3n xu\u1ea5t lu\u00f4n \u0111\u01b0\u1ee3c la Rambla ki\u1ec3m so\u00e1t m\u1ed9t c\u00e1ch nghi\u00eam ng\u1eb7t trong t\u1eebng kh\u00e2u. \u0110\u1ed3ng th\u1eddi, La Rambla mong mu\u1ed1n mang l\u1ea1i cho ng\u01b0\u1eddi ti\u00eau d\u00f9ng nh\u1eefng s\u1ea3n ph\u1ea9m ch\u1ea5t l\u01b0\u1ee3ng v\u1edbi gi\u00e1 c\u1ea3 h\u1ee3p l\u00fd nh\u1ea5t \u2013 \u0111\u1ec3 t\u1ea5t c\u1ea3 m\u1ecdi ng\u01b0\u1eddi \u0111\u1ec1u c\u00f3 th\u1ec3 mua \u0111\u01b0\u1ee3c khi c\u1ea7n.<\/p>\n<p><img fetchpriority=\"high\" decoding=\"async\" class=\"wp-image-14144 aligncenter\" src=\"https:\/\/havamall.vn\/wp-content\/uploads\/2020\/04\/1208702_165934253609494_1298701822_n-300x300.jpg\" alt=\"\" width=\"479\" height=\"478\" srcset=\"https:\/\/havamall.vn\/wp-content\/uploads\/2020\/04\/1208702_165934253609494_1298701822_n-300x300.jpg 300w, https:\/\/havamall.vn\/wp-content\/uploads\/2020\/04\/1208702_165934253609494_1298701822_n-430x430.jpg 430w, https:\/\/havamall.vn\/wp-content\/uploads\/2020\/04\/1208702_165934253609494_1298701822_n-150x150.jpg 150w, https:\/\/havamall.vn\/wp-content\/uploads\/2020\/04\/1208702_165934253609494_1298701822_n-100x100.jpg 100w, https:\/\/havamall.vn\/wp-content\/uploads\/2020\/04\/1208702_165934253609494_1298701822_n.jpg 567w\" sizes=\"(max-width: 479px) 100vw, 479px\" \/><\/p>\n<h1><strong>\u0110\u1eb7c \u0111i\u1ec3m n\u1ed5i b\u1eadt c\u1ee7a s\u1ea3n ph\u1ea9m<\/strong><\/h1>\n<p>Cocktail h\u00e0nh t\u00e2y La Rambla \u0111\u01b0\u1ee3c l\u00e0m t\u1eeb h\u00e0nh t\u00e2y ng\u1ecdc trai, ch\u00fang \u0111\u01b0\u1ee3c ng\u00e2m trong n\u01b0\u1edbc mu\u1ed1i v\u1edbi m\u1ed9t l\u01b0\u1ee3ng nh\u1ecf b\u1ed9t ngh\u1ec7 v\u00e0 \u1edbt b\u1ed9t. H\u00e0nh ng\u1ecdc trai c\u00f3 v\u1ecb ng\u1ecdt t\u1ef1 nhi\u00ean, khi\u1ebfn ch\u00fang \u2013 tuy h\u01a1i kh\u00f3 tin nh\u01b0ng l\u1ea1i h\u00f2a h\u1ee3p m\u1ed9t c\u00e1c k\u00ec l\u1ea1 v\u1edbi nhi\u1ec1u lo\u1ea1i cocktail kh\u00e1c nhau.<\/p>\n<p>Trong \u1ea9m th\u1ef1c mi\u1ec1n b\u1eafc California, m\u1ed9t s\u1ed1 qu\u00e1n bar c\u00f3 th\u1ec3 s\u1eed d\u1ee5ng h\u00e0nh ng\u1ecdc trai \u0111\u1ec3 l\u00e0m cocktail. Ngo\u00e0i ra, h\u1ecd c\u0169ng s\u1eed d\u1ee5ng cocktail h\u00e0nh trong m\u1ed9t s\u1ed1 c\u00f4ng th\u1ee9c n\u1ea5u \u0103n \u1edf T\u00e2y Ban Nha.<\/p>\n<p><img decoding=\"async\" class=\"wp-image-14147 aligncenter\" src=\"https:\/\/havamall.vn\/wp-content\/uploads\/2020\/04\/classic-gibson-martini-front-698x1024-204x300.jpg\" alt=\"\" width=\"501\" height=\"734\" srcset=\"https:\/\/havamall.vn\/wp-content\/uploads\/2020\/04\/classic-gibson-martini-front-698x1024-204x300.jpg 204w, https:\/\/havamall.vn\/wp-content\/uploads\/2020\/04\/classic-gibson-martini-front-698x1024-430x631.jpg 430w, https:\/\/havamall.vn\/wp-content\/uploads\/2020\/04\/classic-gibson-martini-front-698x1024-150x220.jpg 150w, https:\/\/havamall.vn\/wp-content\/uploads\/2020\/04\/classic-gibson-martini-front-698x1024.jpg 698w, https:\/\/havamall.vn\/wp-content\/uploads\/2020\/04\/classic-gibson-martini-front-698x1024-600x880.jpg 600w\" sizes=\"(max-width: 501px) 100vw, 501px\" \/><\/p>\n<p>&nbsp;<\/p>\n<p>Cocktail h\u00e0nh t\u00e2y La Rambla v\u1eabn gi\u1eef \u0111\u01b0\u1ee3c \u0111\u1ed9 gi\u00f2n sau qu\u00e1 tr\u00ecnh \u1ee7, t\u1ea1o n\u00ean c\u1ea3m gi\u00e1c m\u1edbi l\u1ea1 nh\u01b0ng th\u01a1m ngon cho tr\u1ea3i nghi\u1ec7m u\u1ed1ng cocktail. Cocktail h\u00e0nh t\u00e2y La Rambla \u0111\u01b0\u1ee3c ch\u1ebf bi\u1ebfn t\u1eeb nh\u1eefng qu\u1ea3 h\u00e0nh t\u00e2y th\u01a1m ng\u1ecdt \u0111\u01b0\u1ee3c tuy\u1ec3n ch\u1ecdn c\u1ea9n th\u1eadn t\u1eeb x\u1ee9 s\u1edf T\u00e2y Ban Nha, cho n\u00ean ho\u00e0n to\u00e0n kh\u00f4ng c\u00f3 kh\u1ea3 n\u0103ng l\u00e0m \u0111\u1ea3o l\u1ed9n qu\u00e1 tr\u00ecnh ti\u00eau h\u00f3a hay l\u00e0m m\u1ea5t kh\u1ea9u v\u1ecb c\u1ee7a b\u1ea1n nh\u00e9. \u0110\u00e2y l\u00e0 lo\u1ea1i h\u00e0nh kh\u00e1c v\u1edbi h\u00e0nh t\u00e2y Vi\u1ec7t Nam th\u00f4ng th\u01b0\u1eddng, kh\u00f4ng c\u00f3 m\u00f9i h\u0103ng nhi\u1ec1u v\u00e0 v\u1ecb ng\u1ecdt thanh.<\/p>\n<p><img decoding=\"async\" class=\"wp-image-14148 aligncenter\" src=\"https:\/\/havamall.vn\/wp-content\/uploads\/2020\/04\/spicygibson_720-300x264.png\" alt=\"\" width=\"669\" height=\"589\" srcset=\"https:\/\/havamall.vn\/wp-content\/uploads\/2020\/04\/spicygibson_720-300x264.png 300w, https:\/\/havamall.vn\/wp-content\/uploads\/2020\/04\/spicygibson_720-430x378.png 430w, https:\/\/havamall.vn\/wp-content\/uploads\/2020\/04\/spicygibson_720-150x132.png 150w, https:\/\/havamall.vn\/wp-content\/uploads\/2020\/04\/spicygibson_720-700x615.png 700w, https:\/\/havamall.vn\/wp-content\/uploads\/2020\/04\/spicygibson_720-600x528.png 600w, https:\/\/havamall.vn\/wp-content\/uploads\/2020\/04\/spicygibson_720.png 720w\" sizes=\"(max-width: 669px) 100vw, 669px\" \/><\/p>\n<p>S\u1ea3n ph\u1ea9m \u0111\u01b0\u1ee3c nh\u1eadp kh\u1ea9u tr\u1ef1c ti\u1ebfp t\u1eeb T\u00e2y Ban Nha, v\u1edbi nguy\u00ean li\u1ec7u v\u00e0 quy tr\u00ecnh ch\u1ebf bi\u1ebfn\/b\u1ea3o qu\u1ea3n \u0111\u1ed9c quy\u1ec1n v\u00e0 kh\u00e9p k\u00edn. Ch\u00ednh \u0111i\u1ec1u n\u00e0y t\u1ea1o n\u00ean h\u01b0\u01a1ng v\u1ecb \u0111\u1ed9c \u0111\u00e1o c\u1ee7a Cocktail h\u00e0nh c\u1ee7a La Rambla m\u00e0 kh\u00f4ng n\u01a1i n\u00e0o s\u00e1nh \u0111\u01b0\u1ee3c. Do v\u1eady, ch\u1edb n\u00ean so s\u00e1nh cocktail h\u00e0nh t\u00e2y c\u1ee7a La Rambla v\u1edbi c\u00e1c h\u00e3ng kh\u00e1c, v\u00ec \u0111\u1ed9 uy t\u00edn v\u00e0 ch\u1ea5t l\u01b0\u1ee3ng s\u1ea3n ph\u1ea9m ho\u00e0n to\u00e0n kh\u00e1c bi\u1ec7t v\u00e0 \u0111\u1eb3ng c\u1ea5p t\u1edbi t\u1eeb th\u01b0\u01a1ng hi\u1ec7u \u0111\u01b0\u1ee3c x\u00e2y d\u1ef1ng l\u00e2u n\u0103m.<\/p>\n<h1><strong>Th\u00e0nh ph\u1ea7n nguy\u00ean li\u1ec7u<\/strong><\/h1>\n<p>Th\u00e0nh ph\u1ea7n: H\u00e0nh, N\u01b0\u1edbc, Gi\u1ea5m ch\u01b0ng, Mu\u1ed1i bi\u1ec3n,&#8230;<\/p>\n<h1><strong>C\u00e1ch s\u1eed d\u1ee5ng v\u00e0 c\u00e1ch b\u1ea3o qu\u1ea3n<\/strong><\/h1>\n<p><strong>C\u00e1ch s\u1eed d\u1ee5ng:<\/strong><\/p>\n<p>C\u00f3 th\u1ec3 \u0103n tr\u1ef1c ti\u1ebfp sau khi m\u1edf n\u1eafp, ngo\u00e0i ra Cocktail h\u00e0nh th\u01b0\u1eddng \u0111\u01b0\u1ee3c s\u1eed d\u1ee5ng \u0111\u1ec3 trang tr\u00ed cho c\u00e1c lo\u1ea1i n\u01b0\u1edbc u\u1ed1ng nh\u01b0 r\u01b0\u1ee3u martinis.<\/p>\n<p><img loading=\"lazy\" decoding=\"async\" class=\"wp-image-14151 aligncenter\" src=\"https:\/\/havamall.vn\/wp-content\/uploads\/2020\/04\/gm1-300x225.jpg\" alt=\"\" width=\"633\" height=\"475\" srcset=\"https:\/\/havamall.vn\/wp-content\/uploads\/2020\/04\/gm1-300x225.jpg 300w, https:\/\/havamall.vn\/wp-content\/uploads\/2020\/04\/gm1-430x323.jpg 430w, https:\/\/havamall.vn\/wp-content\/uploads\/2020\/04\/gm1-150x113.jpg 150w, https:\/\/havamall.vn\/wp-content\/uploads\/2020\/04\/gm1-700x525.jpg 700w, https:\/\/havamall.vn\/wp-content\/uploads\/2020\/04\/gm1-768x576.jpg 768w, https:\/\/havamall.vn\/wp-content\/uploads\/2020\/04\/gm1-600x450.jpg 600w, https:\/\/havamall.vn\/wp-content\/uploads\/2020\/04\/gm1.jpg 780w\" sizes=\"(max-width: 633px) 100vw, 633px\" \/><\/p>\n<p>Gi\u1ed1ng nh\u01b0 c\u00e1c lo\u1ea1i tr\u00e1i c\u00e2y ng\u00e2m kh\u00e1c, cocktail ng\u00e2m c\u0169ng \u0111\u01b0\u1ee3c ng\u00e2m b\u1eb1ng mu\u1ed1i bi\u1ec3n, ngh\u1ec7, \u1edbt c\u1ef1a g\u00e0 ho\u1eb7c nh\u1eefng nguy\u00ean li\u1ec7u t\u01b0\u01a1ng t\u1ef1. Trong nhi\u1ec1u tr\u01b0\u1eddng h\u1ee3p, \u0111\u01b0\u1eddng c\u00f3 th\u1ec3 \u0111\u01b0\u1ee3c th\u00eam v\u00e0o l\u00e0 th\u00e0nh ph\u1ea7n \u0111\u1ec3 kh\u01a1i d\u1eady \u0111\u01b0\u1ee3c v\u1ecb ng\u1ecdt t\u1ef1 nhi\u00ean c\u1ee7a h\u00e0nh ng\u1ecdc trai. C\u00f3 th\u1ec3 \u0103n h\u00e0nh sau khi u\u1ed1ng, t\u00f9y v\u00e0o s\u1edf th\u00edch c\u1ee7a m\u1ed7i ng\u01b0\u1eddi.<\/p>\n<p><strong>C\u00e1ch b\u1ea3o qu\u1ea3n<\/strong>:<\/p>\n<p>B\u1ea3o qu\u1ea3n \u1edf n\u01a1i m\u00e1t, kh\u00f4 tho\u00e1ng v\u00e0 tr\u00e1nh \u00e1nh n\u1eafng m\u1eb7t tr\u1eddi. N\u1ebfu ch\u01b0a m\u1edf l\u1ecd s\u1eed d\u1ee5ng th\u00ec c\u00f3 th\u1ec3 b\u1ea3o qu\u1ea3n t\u1edbi th\u1eddi h\u1ea1n nh\u01b0 tr\u00ean bao b\u00ec. Khi \u0111\u00e3 m\u1edf ra s\u1eed d\u1ee5ng, t\u1ed1t nh\u1ea5t b\u1ea3o qu\u1ea3n trong t\u1ee7 l\u1ea1nh \u1edf ng\u0103n m\u00e1t, s\u1eed d\u1ee5ng kh\u00f4ng qu\u00e1 hai th\u00e1ng \u0111\u1ec3 tr\u1ea3i nghi\u1ec7m ch\u1ea5t l\u01b0\u1ee3ng s\u1ea3n ph\u1ea9m t\u1ed1t nh\u1ea5t.<\/p>\n<h1><strong>C\u00f4ng d\u1ee5ng c\u1ee7a h\u00e0nh ng\u1ecdc trai<\/strong><\/h1>\n<p>\u0102n h\u00e0nh t\u00e2y ng\u1ecdc trai th\u01b0\u1eddng xuy\u00ean c\u00f3 th\u1ec3 gi\u00fap c\u1ea3i thi\u1ec7n s\u1ee9c kh\u1ecfe tim m\u1ea1ch v\u00e0 \u1ed5n \u0111\u1ecbnh l\u01b0\u1ee3ng \u0111\u01b0\u1eddng trong m\u00e1u, ngo\u00e0i ra ho\u1ea1t \u0111\u1ed9ng nh\u01b0 m\u1ed9t ch\u1ea5t ch\u1ed1ng oxy h\u00f3a v\u00e0 ch\u1ed1ng vi\u00eam.<\/p>\n<p><img loading=\"lazy\" decoding=\"async\" class=\"alignnone wp-image-14145 aligncenter\" src=\"https:\/\/havamall.vn\/wp-content\/uploads\/2020\/04\/makeorbuy-cocktailonions-sm-223x300.jpg\" alt=\"\" width=\"479\" height=\"645\" srcset=\"https:\/\/havamall.vn\/wp-content\/uploads\/2020\/04\/makeorbuy-cocktailonions-sm-223x300.jpg 223w, https:\/\/havamall.vn\/wp-content\/uploads\/2020\/04\/makeorbuy-cocktailonions-sm-430x578.jpg 430w, https:\/\/havamall.vn\/wp-content\/uploads\/2020\/04\/makeorbuy-cocktailonions-sm-150x202.jpg 150w, https:\/\/havamall.vn\/wp-content\/uploads\/2020\/04\/makeorbuy-cocktailonions-sm.jpg 600w\" sizes=\"(max-width: 479px) 100vw, 479px\" \/><\/p>\n<p>Ngo\u00e0i ra c\u00f2n c\u00f3 c\u00e1c t\u00e1c d\u1ee5ng t\u00edch c\u1ef1c nh\u01b0:<\/p>\n<ul>\n<li>Ng\u0103n ng\u1eeba ung th\u01b0<\/li>\n<li>\u0110i\u1ec1u tr\u1ecb c\u1ea3m l\u1ea1nh<\/li>\n<li>T\u1ed1t cho da, t\u00f3c<\/li>\n<li>H\u1ed7 tr\u1ee3 \u0111i\u1ec1u tr\u1ecb thi\u1ebfu m\u00e1u<\/li>\n<li>H\u1ed7 tr\u1ee3 t\u1ed1t cho ti\u00eau h\u00f3a<\/li>\n<\/ul>\n<p>&nbsp;<\/p>\n<p>&nbsp;<\/p>\n<p>&nbsp;<\/p>","protected":false},"excerpt":{"rendered":"<ul class=\"list\">\n<li>S\u1ea3n ph\u1ea9m \u0111\u01b0\u1ee3c chi\u1ebft xu\u1ea5t 100% nguy\u00ean ch\u1ea5t t\u1eeb H\u00e0nh ng\u1ecdc trai t\u01b0\u01a1i.<\/li>\n<li>S\u1ea3n ph\u1ea9m \u0111\u01b0\u1ee3c \u0111\u00f3ng l\u1ecd th\u1ee7y tinh ti\u1ec7n d\u1ee5ng, s\u1ea1ch s\u1ebd.<\/li>\n<li>Cocktail h\u00e0nh nguy\u00ean ch\u1ea5t La Rambla \u0111\u01b0\u1ee3c s\u1ea3n xu\u1ea5t theo c\u00f4ng ngh\u1ec7 hi\u1ec7n \u0111\u1ea1i, kh\u00e9p k\u00edn.<\/li>\n<li>Cocktail h\u00e0nh La Rambla \u0111\u01b0\u1ee3c nh\u1eadp kh\u1ea9u nguy\u00ean l\u1ecd t\u1eeb T\u1ea5y Ban Nha.<\/li>\n<li>Th\u00edch h\u1ee3p cho c\u00e1c bu\u1ed5i t\u1ee5 t\u1eadp gia \u0111\u00ecnh hay b\u1ea1n b\u00e8.<\/li>\n<\/ul>","protected":false},"featured_media":14143,"comment_status":"open","ping_status":"closed","template":"","meta":[],"product_brand":[],"product_cat":[36,143],"product_tag":[],"class_list":{"0":"post-14142","1":"product","2":"type-product","3":"status-publish","4":"has-post-thumbnail","6":"product_cat-thuc-pham-tieu-dung","7":"product_cat-thuc-pham-dong-hop","8":"pa_brand-la-rambla","10":"first","11":"outofstock","12":"sale","13":"shipping-taxable","14":"purchasable","15":"product-type-simple"},"_links":{"self":[{"href":"https:\/\/havamall.vn\/en\/wp-json\/wp\/v2\/product\/14142"}],"collection":[{"href":"https:\/\/havamall.vn\/en\/wp-json\/wp\/v2\/product"}],"about":[{"href":"https:\/\/havamall.vn\/en\/wp-json\/wp\/v2\/types\/product"}],"replies":[{"embeddable":true,"href":"https:\/\/havamall.vn\/en\/wp-json\/wp\/v2\/comments?post=14142"}],"version-history":[{"count":0,"href":"https:\/\/havamall.vn\/en\/wp-json\/wp\/v2\/product\/14142\/revisions"}],"wp:featuredmedia":[{"embeddable":true,"href":"https:\/\/havamall.vn\/en\/wp-json\/wp\/v2\/media\/14143"}],"wp:attachment":[{"href":"https:\/\/havamall.vn\/en\/wp-json\/wp\/v2\/media?parent=14142"}],"wp:term":[{"taxonomy":"product_brand","embeddable":true,"href":"https:\/\/havamall.vn\/en\/wp-json\/wp\/v2\/product_brand?post=14142"},{"taxonomy":"product_cat","embeddable":true,"href":"https:\/\/havamall.vn\/en\/wp-json\/wp\/v2\/product_cat?post=14142"},{"taxonomy":"product_tag","embeddable":true,"href":"https:\/\/havamall.vn\/en\/wp-json\/wp\/v2\/product_tag?post=14142"}],"curies":[{"name":"wp","href":"https:\/\/api.w.org\/{rel}","templated":true}]}}