{"id":14129,"date":"2020-04-29T16:03:03","date_gmt":"2020-04-29T09:03:03","guid":{"rendered":"https:\/\/havamall.vn\/?post_type=product&#038;p=14129"},"modified":"2023-04-05T17:22:48","modified_gmt":"2023-04-05T10:22:48","slug":"ca-chua-cat-nho-la-sicilia-2-5-kg-chopped-tomatoes-la-sicilia-2-5-kg","status":"publish","type":"product","link":"https:\/\/havamall.vn\/en\/shop\/ca-chua-cat-nho-la-sicilia-2-5-kg-chopped-tomatoes-la-sicilia-2-5-kg\/","title":{"rendered":"C\u00e0 Chua C\u1eaft Nh\u1ecf La Sicilia 2.5 Kg &#8211; Chopped Tomatoes La Sicilia 2.5 Kg"},"content":{"rendered":"<p><span style=\"font-weight: 400\">Spicy Sicilian l\u00e0 m\u1ed9t li\u00ean doanh c\u1ee7a Trung Qu\u1ed1c, \u00dd v\u00e0 V\u01b0\u01a1ng qu\u1ed1c Anh. C\u00f3 tr\u1ee5 s\u1edf t\u1ea1i B\u1eafc Kinh, n\u00f3 c\u0169ng c\u00f3 v\u0103n ph\u00f2ng mua s\u1eafm \u1edf \u00dd v\u00e0 V\u01b0\u01a1ng qu\u1ed1c Anh, v\u1edbi c\u00e1c ngu\u1ed3n l\u1ef1c \u0111\u1ed1i t\u00e1c kinh doanh m\u1ea1nh m\u1ebd.<\/span><\/p>\n<p><span style=\"font-weight: 400\">Spicy Sicilian \u0111\u1ea7u t\u01b0 v\u00e0o nh\u00e0 h\u00e0ng pizza th\u1ee7 c\u00f4ng c\u1ee7a \u00dd \u201cPIZZA SAPORITA\u201d t\u1ea1i B\u1eafc Kinh. Th\u00f4ng qua pizza \u00dd v\u00e0 c\u00e1c m\u00f3n \u00dd \u0111\u00edch th\u1ef1c, nhi\u1ec1u ng\u01b0\u1eddi c\u00f3 th\u1ec3 n\u1ebfm h\u01b0\u01a1ng v\u1ecb \u00dd v\u00e0 tr\u1ea3i nghi\u1ec7m cu\u1ed9c s\u1ed1ng \u00dd!<\/span><\/p>\n<p><span style=\"font-weight: 400\">N\u1eb1m \u1edf t\u1ec9nh Napoli, v\u00f9ng Campania c\u1ee7a \u00dd, c\u00f4ng ty Spicy Sicilian \u0111\u01b0\u1ee3c th\u00e0nh l\u1eadp v\u00e0o n\u0103m 1883. Trong t\u1ea5t c\u1ea3 nh\u1eefng n\u0103m n\u00e0y, c\u00f4ng ty lu\u00f4n ch\u00fa \u00fd \u0111\u1eb7c bi\u1ec7t \u0111\u1ebfn nhu c\u1ea7u c\u1ee7a ng\u01b0\u1eddi ti\u00eau d\u00f9ng v\u00e0 v\u1ec1 ch\u1ea5t l\u01b0\u1ee3ng s\u1ea3n ph\u1ea9m. Nh\u1edd s\u1ef1 ch\u00fa \u00fd c\u1ee7a m\u00ecnh, qua h\u01a1n 100 n\u0103m \u0111\u1ed5i m\u1edbi v\u00e0 nghi\u00ean c\u1ee9u c\u00f4ng ngh\u1ec7, danh ti\u1ebfng c\u1ee7a c\u00f4ng ty \u0111\u00e3 \u0111\u1ea1t \u0111\u1ebfn m\u1ee9c r\u1ea5t cao kh\u00f4ng ch\u1ec9 \u1edf \u00dd m\u00e0 c\u00f2n tr\u00ean to\u00e0n ch\u00e2u \u00c2u.<\/span><\/p>\n<p><img fetchpriority=\"high\" decoding=\"async\" class=\"aligncenter\" src=\"https:\/\/havamall.vn\/wp-content\/uploads\/2020\/04\/Chicken-avocado-warm-cobb-salad.jpg\" alt=\"Chicken avocado warm cobb salad | Australian Healthy Food Guide\" width=\"811\" height=\"811\" \/><\/p>\n<h2>Th\u00f4ng tin s\u1ea3n ph\u1ea9m:<\/h2>\n<ul>\n<li>C\u00e0 chua c\u1eaft nh\u1ecf La Sicilia \u0111\u01b0\u1ee3c s\u1ea3n xu\u1ea5t v\u00e0 \u0111\u00f3ng h\u1ed9p theo d\u00e2y chuy\u1ec1n c\u00f4ng ngh\u1ec7 hi\u1ec7n \u0111\u1ea1i, gi\u1eef \u0111\u01b0\u1ee3c nguy\u00ean h\u01b0\u01a1ng v\u1ecb v\u00e0 dinh d\u01b0\u1ee1ng c\u1ee7a c\u00e0 chua.<\/li>\n<li>S\u1ea3n ph\u1ea9m \u0111\u01b0\u1ee3c \u0111\u00f3ng h\u1ed9p sang tr\u1ecdng v\u00e0 \u0111\u1eb9p m\u1eaft.<\/li>\n<li>S\u1ea3n ph\u1ea9m \u0111\u01b0\u1ee3c nh\u1eadp kh\u1ea9u nguy\u00ean h\u1ed9p tr\u1ef1c ti\u1ebfp t\u1eeb \u00dd \u0111\u1ea3m b\u1ea3o ch\u1ea5t l\u01b0\u1ee3ng.<\/li>\n<li>B\u1ea3o qu\u1ea3n l\u1ea1nh sau khi m\u1edf n\u1eafp.<\/li>\n<li>D\u1ec5 d\u00e0ng mang theo ng\u01b0\u1eddi v\u00e0 s\u1eed d\u1ee5ng ti\u1ec7n l\u1ee3i khi \u0111i d\u00e3 ngo\u1ea1i.<\/li>\n<\/ul>\n<p style=\"text-align: center\"><img decoding=\"async\" src=\"https:\/\/havamall.vn\/wp-content\/uploads\/2020\/04\/bruschetta-5887e5605f9b58bdb3afc87d_530x@2x.jpg\" alt=\"\u0628\u0631\u0648\u0634\u064a\u062a\u0627 \u2013 kokitestAR\" \/><\/p>\n<p>H\u01b0\u1edbng d\u1eabn s\u1eed d\u1ee5ng:<\/p>\n<ul>\n<li>D\u00f9ng tr\u1ef1c ti\u1ebfp \u0111\u1ec3 tr\u1ed9n salad v\u00e0 c\u00e1c m\u00f3n \u0103n k\u00e8m ho\u1eb7c d\u00f9ng ch\u1ebf bi\u1ebfn c\u00e1c m\u00f3n \u0103n h\u1ea5p d\u1eabn theo kh\u1ea9u v\u1ecb.<\/li>\n<\/ul>\n<p><span style=\"font-weight: 400\">Havamall lu\u00f4n \u0111\u1eb7t ch\u1ea5t l\u01b0\u1ee3ng s\u1ea3n ph\u1ea9m l\u00ean h\u00e0ng \u0111\u1ea7u, n\u00f3i KH\u00d4NG v\u1edbi h\u00e0ng fake \u0111\u1ec3 lu\u00f4n c\u1ee7ng c\u1ed1 v\u00e0 gi\u1eef v\u1eefng l\u00f2ng tin n\u01a1i kh\u00e1ch h\u00e0ng. Ch\u1ecdn l\u1ef1a s\u1ea3n ph\u1ea9m \u1edf Havamall\u00a0<\/span><span style=\"font-weight: 400\">s\u1ebd lu\u00f4n l\u00e0 s\u1ef1 l\u1ef1a ch\u1ecdn \u0111\u00fang \u0111\u1eafn nh\u1ea5t!<\/span><\/p>","protected":false},"excerpt":{"rendered":"<ul>\n<li>C\u00e0 chua c\u1eaft nh\u1ecf La Sicilia \u0111\u01b0\u1ee3c s\u1ea3n xu\u1ea5t v\u00e0 \u0111\u00f3ng h\u1ed9p theo d\u00e2y chuy\u1ec1n c\u00f4ng ngh\u1ec7 hi\u1ec7n \u0111\u1ea1i, gi\u1eef \u0111\u01b0\u1ee3c nguy\u00ean h\u01b0\u01a1ng v\u1ecb v\u00e0 dinh d\u01b0\u1ee1ng c\u1ee7a c\u00e0 chua.<\/li>\n<li>S\u1ea3n ph\u1ea9m \u0111\u01b0\u1ee3c \u0111\u00f3ng h\u1ed9p sang tr\u1ecdng v\u00e0 \u0111\u1eb9p m\u1eaft.<\/li>\n<li>S\u1ea3n ph\u1ea9m \u0111\u01b0\u1ee3c nh\u1eadp kh\u1ea9u nguy\u00ean h\u1ed9p tr\u1ef1c ti\u1ebfp t\u1eeb \u00dd \u0111\u1ea3m b\u1ea3o ch\u1ea5t l\u01b0\u1ee3ng.<\/li>\n<li>B\u1ea3o qu\u1ea3n l\u1ea1nh sau khi m\u1edf n\u1eafp.<\/li>\n<li>D\u1ec5 d\u00e0ng mang theo ng\u01b0\u1eddi v\u00e0 s\u1eed d\u1ee5ng ti\u1ec7n l\u1ee3i khi \u0111i d\u00e3 ngo\u1ea1i.<\/li>\n<li>D\u00f9ng tr\u1ef1c ti\u1ebfp \u0111\u1ec3 tr\u1ed9n salad v\u00e0 c\u00e1c m\u00f3n \u0103n k\u00e8m ho\u1eb7c d\u00f9ng ch\u1ebf bi\u1ebfn c\u00e1c m\u00f3n \u0103n h\u1ea5p d\u1eabn theo kh\u1ea9u v\u1ecb.<\/li>\n<\/ul>\n<p>&nbsp;<\/p>","protected":false},"featured_media":30957,"comment_status":"open","ping_status":"closed","template":"","meta":[],"product_brand":[],"product_cat":[36,143],"product_tag":[],"class_list":{"0":"post-14129","1":"product","2":"type-product","3":"status-publish","4":"has-post-thumbnail","6":"product_cat-thuc-pham-tieu-dung","7":"product_cat-thuc-pham-dong-hop","8":"pa_brand-lasicilia","10":"first","11":"outofstock","12":"sale","13":"shipping-taxable","14":"purchasable","15":"product-type-simple"},"_links":{"self":[{"href":"https:\/\/havamall.vn\/en\/wp-json\/wp\/v2\/product\/14129"}],"collection":[{"href":"https:\/\/havamall.vn\/en\/wp-json\/wp\/v2\/product"}],"about":[{"href":"https:\/\/havamall.vn\/en\/wp-json\/wp\/v2\/types\/product"}],"replies":[{"embeddable":true,"href":"https:\/\/havamall.vn\/en\/wp-json\/wp\/v2\/comments?post=14129"}],"version-history":[{"count":0,"href":"https:\/\/havamall.vn\/en\/wp-json\/wp\/v2\/product\/14129\/revisions"}],"wp:featuredmedia":[{"embeddable":true,"href":"https:\/\/havamall.vn\/en\/wp-json\/wp\/v2\/media\/30957"}],"wp:attachment":[{"href":"https:\/\/havamall.vn\/en\/wp-json\/wp\/v2\/media?parent=14129"}],"wp:term":[{"taxonomy":"product_brand","embeddable":true,"href":"https:\/\/havamall.vn\/en\/wp-json\/wp\/v2\/product_brand?post=14129"},{"taxonomy":"product_cat","embeddable":true,"href":"https:\/\/havamall.vn\/en\/wp-json\/wp\/v2\/product_cat?post=14129"},{"taxonomy":"product_tag","embeddable":true,"href":"https:\/\/havamall.vn\/en\/wp-json\/wp\/v2\/product_tag?post=14129"}],"curies":[{"name":"wp","href":"https:\/\/api.w.org\/{rel}","templated":true}]}}