{"id":14099,"date":"2020-04-24T17:35:39","date_gmt":"2020-04-24T10:35:39","guid":{"rendered":"https:\/\/havamall.vn\/?post_type=product&#038;p=14099"},"modified":"2022-05-23T13:42:20","modified_gmt":"2022-05-23T06:42:20","slug":"sot-ca-chua-ca-ngu-lasicilia-350gr-lasicilia-tomato-with-tuna-sauce-350gr","status":"publish","type":"product","link":"https:\/\/havamall.vn\/en\/shop\/sot-ca-chua-ca-ngu-lasicilia-350gr-lasicilia-tomato-with-tuna-sauce-350gr\/","title":{"rendered":"S\u1ed1t C\u00e0 Chua C\u00e1 Ng\u1eeb La Sicilia 350gr &#8211; La Sicilia Tomato With Tuna Sauce 350gr"},"content":{"rendered":"<h1><strong>\u0110\u1eb7c \u0111i\u1ec3m th\u01b0\u01a1ng hi\u1ec7u<\/strong><\/h1>\n<p>La Sicilia International Trading Ltd l\u00e0 nh\u00e0 ph\u00e2n ph\u1ed1i h\u00e0ng \u0111\u1ea7u v\u00e0 n\u0103ng \u0111\u1ed9ng c\u00e1c s\u1ea3n ph\u1ea9m th\u1ef1c ph\u1ea9m nh\u1eadp kh\u1ea9u t\u1ea1i Trung Qu\u1ed1c \u0111\u1ea1i l\u1ee5c, qu\u1ea3n l\u00fd chu\u1ed7i cung \u1ee9ng theo ti\u00eau chu\u1ea9n ch\u00e2u \u00c2u v\u00e0 c\u00f3 t\u1ea7m nh\u00ecn d\u00e0i h\u1ea1n v\u1ec1 ho\u1ea1t \u0111\u1ed9ng kinh doanh.<\/p>\n<p>La Sicilia International Trading Ltd l\u00e0 m\u1ed9t li\u00ean doanh \u00dd \u2013 Trung Qu\u1ed1c \u2013 Anh c\u00f3 tr\u1ee5 s\u1edf t\u1ea1i B\u1eafc Kinh v\u1edbi v\u0103n ph\u00f2ng v\u00e0 \u0111\u1ed1i t\u00e1c th\u01b0\u01a1ng m\u1ea1i t\u1ea1i \u00dd.\u00a0La Sicilia c\u0169ng s\u1edf h\u1eefu v\u00e0 qu\u1ea3n l\u00fd Brand Pizza Saporita, m\u1ed9t chu\u1ed7i c\u00e1c nh\u00e0 h\u00e0ng pizza ki\u1ec3u \u00dd al aliolio ki\u1ec3u \u00dd mang \u0111\u1ebfn nh\u1eefng s\u1ea3n ph\u1ea9m ch\u1ea5t l\u01b0\u1ee3ng xu\u1ea5t x\u1ee9 t\u1eeb \u00dd.<\/p>\n<p><img fetchpriority=\"high\" decoding=\"async\" class=\"alignnone wp-image-14134 aligncenter\" src=\"https:\/\/havamall.vn\/wp-content\/uploads\/2020\/04\/9b0e054c1ea55f1c69fafc1ca3f67751-300x200.jpg\" alt=\"\" width=\"772\" height=\"514\" srcset=\"https:\/\/havamall.vn\/wp-content\/uploads\/2020\/04\/9b0e054c1ea55f1c69fafc1ca3f67751-300x200.jpg 300w, https:\/\/havamall.vn\/wp-content\/uploads\/2020\/04\/9b0e054c1ea55f1c69fafc1ca3f67751-430x287.jpg 430w, https:\/\/havamall.vn\/wp-content\/uploads\/2020\/04\/9b0e054c1ea55f1c69fafc1ca3f67751-150x100.jpg 150w, https:\/\/havamall.vn\/wp-content\/uploads\/2020\/04\/9b0e054c1ea55f1c69fafc1ca3f67751.jpg 600w\" sizes=\"(max-width: 772px) 100vw, 772px\" \/><\/p>\n<p>&nbsp;<\/p>\n<h1><strong>\u0110\u1eb7c \u0111i\u1ec3m n\u1ed5i b\u1eadt c\u1ee7a s\u1ea3n ph\u1ea9m<\/strong><\/h1>\n<p>S\u1ed1t M\u00ec \u00dd v\u1ecb c\u00e0 chua v\u00e0 c\u00e1 ng\u1eeb\u00a0La Sicilia mang h\u01b0\u01a1ng v\u1ecb th\u01a1m ngon c\u1ee7a c\u00e1c th\u00e0nh ph\u1ea7n t\u1ef1 nhi\u00ean, \u0111\u01b0\u1ee3c ch\u1ebf bi\u1ebfn v\u00e0 ki\u1ec3m \u0111\u1ecbnh ch\u1ea5t l\u01b0\u1ee3ng k\u0129 c\u00e0ng, \u0111\u1ea3m b\u00e1o cung c\u1ea5p ngu\u1ed3n dinh d\u01b0\u1ee1ng v\u00e0 an to\u00e0n ng\u01b0\u1eddi s\u1eed d\u1ee5ng. \u0110\u00e2y s\u1ebd l\u00e0 s\u1ea3n ph\u1ea9m tuy\u1ec7t v\u1eddi cho c\u00e1c t\u00edn \u0111\u1ed3 th\u00edch \u0103n c\u00e1 ng\u1eeb s\u1ed1t c\u00e0 chua. Ngo\u00e0i ra, \u0111\u1ec3 l\u00e0m t\u0103ng h\u01b0\u01a1ng v\u1ecb cho c\u00e1c m\u00f3n \u0103n h\u1ea3i s\u1ea3n hay th\u1ef1c hi\u1ec7n m\u00f3n c\u00e1 th\u00eam ph\u1ea7n th\u01a1m ngon, th\u00ec \u0111\u00e2y s\u1ebd l\u00e0 s\u1ef1 l\u1ef1a ch\u1ecdn \u0111\u00fang \u0111\u1eafn.<\/p>\n<p>V\u1edbi m\u00e0u s\u1eafc \u0111\u1ecf H\u1ea5p d\u1eabn t\u1eeb c\u00e0 chua v\u00e0 m\u00e0u c\u1ee7a c\u00e1 ng\u1eeb h\u00f2a l\u1eabn trong n\u01b0\u1edbc s\u1ed1t, n\u01b0\u1edbc s\u1ed1t c\u00e0 chua v\u00e0 c\u00e1 ng\u1eeb La Sicilia l\u00e0 m\u1ed9t s\u1ef1 l\u1ef1a ch\u1ecdn tuy\u1ec7t v\u1eddi t\u1edbi t\u1eeb \u0111\u1ea5t n\u01b0\u1edbc \u00dd. M\u00f3n s\u1ed1t La Sicilia s\u1ebd gi\u00fap c\u1ea3i thi\u1ec7n v\u00e0 n\u00e2ng c\u1ea5p c\u00e1c c\u00f4ng th\u1ee9c n\u1ea5u \u0103n c\u1ee7a b\u1ea1n b\u1eb1ng c\u00e1ch pha tr\u1ed9n v\u00e0 ho\u00e0n thi\u1ec7n nh\u1eefng h\u01b0\u01a1ng v\u1ecb kh\u00e1c nhau h\u00f2a l\u00e0m m\u1ed9t. La Sicilia cam k\u1ebft \u0111\u01b0a ra ch\u1ea5t l\u01b0\u1ee3ng s\u1ea3n ph\u1ea9m t\u1ed1t nh\u1ea5t v\u1edbi th\u00e0nh ph\u1ea7n v\u00e0 nguy\u00ean li\u1ec7u \u0111\u01b0\u1ee3c tuy\u1ec3n ch\u1ecdn v\u00e0 ch\u1ebf bi\u1ebfn c\u1ea9n th\u1eadn.<\/p>\n<p>L\u00fd t\u01b0\u1edfng cho c\u00e1c m\u00f3n m\u00ec \u1ed1ng, \u0111\u1eb7c bi\u1ec7t l\u00e0 m\u00ec fusilli v\u00e0 pennette. C\u0169ng l\u00e0 m\u1ed9t lo\u1ea1i n\u01b0\u1edbc s\u1ed1t tuy\u1ec7t v\u1eddi cho m\u00f3n tr\u1ee9ng cu\u1ed9n.<\/p>\n<p><img decoding=\"async\" class=\"wp-image-14104 aligncenter\" src=\"https:\/\/havamall.vn\/wp-content\/uploads\/2020\/04\/Zucchini-Tomato-Tuna-Pasta-300x200.jpg\" alt=\"\" width=\"754\" height=\"503\" srcset=\"https:\/\/havamall.vn\/wp-content\/uploads\/2020\/04\/Zucchini-Tomato-Tuna-Pasta-300x200.jpg 300w, https:\/\/havamall.vn\/wp-content\/uploads\/2020\/04\/Zucchini-Tomato-Tuna-Pasta-430x287.jpg 430w, https:\/\/havamall.vn\/wp-content\/uploads\/2020\/04\/Zucchini-Tomato-Tuna-Pasta-150x100.jpg 150w, https:\/\/havamall.vn\/wp-content\/uploads\/2020\/04\/Zucchini-Tomato-Tuna-Pasta-700x467.jpg 700w, https:\/\/havamall.vn\/wp-content\/uploads\/2020\/04\/Zucchini-Tomato-Tuna-Pasta-768x512.jpg 768w, https:\/\/havamall.vn\/wp-content\/uploads\/2020\/04\/Zucchini-Tomato-Tuna-Pasta-600x400.jpg 600w, https:\/\/havamall.vn\/wp-content\/uploads\/2020\/04\/Zucchini-Tomato-Tuna-Pasta.jpg 900w\" sizes=\"(max-width: 754px) 100vw, 754px\" \/><\/p>\n<p><img decoding=\"async\" class=\"wp-image-14105 aligncenter\" src=\"https:\/\/havamall.vn\/wp-content\/uploads\/2020\/04\/pasta1-11-300x300.png\" alt=\"\" width=\"745\" height=\"745\" srcset=\"https:\/\/havamall.vn\/wp-content\/uploads\/2020\/04\/pasta1-11-300x300.png 300w, https:\/\/havamall.vn\/wp-content\/uploads\/2020\/04\/pasta1-11-430x430.png 430w, https:\/\/havamall.vn\/wp-content\/uploads\/2020\/04\/pasta1-11-150x150.png 150w, https:\/\/havamall.vn\/wp-content\/uploads\/2020\/04\/pasta1-11-700x700.png 700w, https:\/\/havamall.vn\/wp-content\/uploads\/2020\/04\/pasta1-11-600x600.png 600w, https:\/\/havamall.vn\/wp-content\/uploads\/2020\/04\/pasta1-11-100x100.png 100w, https:\/\/havamall.vn\/wp-content\/uploads\/2020\/04\/pasta1-11.png 750w\" sizes=\"(max-width: 745px) 100vw, 745px\" \/><\/p>\n<h1><strong>Nguy\u00ean li\u1ec7u c\u1ee7a s\u1ea3n ph\u1ea9m<\/strong><\/h1>\n<p>\u0110\u1eb7c \u0111i\u1ec3m s\u1ea3n ph\u1ea9m:<br \/>\nTh\u00e0nh ph\u1ea7n: C\u00e0 chua c\u1eaft nh\u1ecf, c\u00e1 ng\u1eeb c\u1eaft nh\u1ecf, b\u1ed9t c\u00e0 chua, h\u00e0nh, n\u01b0\u1edbc, d\u1ea7u oliu, d\u1ea7u th\u1ef1c v\u1eadt, t\u1ecfi nghi\u1ec1n, th\u1ea3o m\u1ed9c v\u00e0 c\u00e1c lo\u1ea1i gia v\u1ecb\u2026 h\u00f2a quy\u1ec7n v\u00e0o nhau, t\u1ea1o n\u00ean lo\u1ea1i s\u1ed1t th\u01a1m ngon.<\/p>\n<p>N\u01b0\u1edbc s\u1ed1t c\u00e1 ng\u1eeb c\u00e0 chua La Sicilia, \u0111\u01b0\u1ee3c l\u00e0m t\u1eeb nh\u1eefng nguy\u00ean li\u1ec7u \u0111\u1ec1u t\u1ef1 nhi\u00ean, kh\u00f4ng ch\u1ee9a ch\u1ea5t v\u1ea3 qu\u1ea3n, ch\u1ebf bi\u1ebfn t\u1eeb nh\u1eefng qu\u1ea3 c\u00e0 chua \u00dd ngon nh\u1ea5t. T\u1ea5t c\u1ea3 c\u00e1c th\u00e0nh ph\u1ea7n bao g\u1ed3m d\u1ea7u \u00f4 liu nguy\u00ean ch\u1ea5t, h\u00fang qu\u1ebf, n\u1ea5m, c\u00e1 ng\u1eeb v\u00e0 \u00f4 liu l\u00e0 t\u1ef1 nhi\u00ean v\u00e0 ch\u1ea5t l\u01b0\u1ee3ng cao nh\u1ea5t.<\/p>\n<p><img loading=\"lazy\" decoding=\"async\" class=\"wp-image-14103 aligncenter\" src=\"https:\/\/havamall.vn\/wp-content\/uploads\/2020\/04\/tuna1-1-11-300x300.png\" alt=\"\" width=\"699\" height=\"699\" srcset=\"https:\/\/havamall.vn\/wp-content\/uploads\/2020\/04\/tuna1-1-11-300x300.png 300w, https:\/\/havamall.vn\/wp-content\/uploads\/2020\/04\/tuna1-1-11-430x430.png 430w, https:\/\/havamall.vn\/wp-content\/uploads\/2020\/04\/tuna1-1-11-150x150.png 150w, https:\/\/havamall.vn\/wp-content\/uploads\/2020\/04\/tuna1-1-11-700x700.png 700w, https:\/\/havamall.vn\/wp-content\/uploads\/2020\/04\/tuna1-1-11-600x600.png 600w, https:\/\/havamall.vn\/wp-content\/uploads\/2020\/04\/tuna1-1-11-100x100.png 100w, https:\/\/havamall.vn\/wp-content\/uploads\/2020\/04\/tuna1-1-11.png 750w\" sizes=\"(max-width: 699px) 100vw, 699px\" \/><\/p>\n<p>S\u1ea3n xu\u1ea5t tr\u00ean quy tr\u00ecnh c\u00f4ng ngh\u1ec7 hi\u1ec7n \u0111\u1ea1i, \u0111\u1ea3m b\u1ea3o ch\u1ec9 ti\u00eau ch\u1ea5t l\u01b0\u1ee3ng s\u1ea3n ph\u1ea9m.<br \/>\nH\u01b0\u01a1ng v\u1ecb th\u01a1m ngon, m\u00e0u s\u1eafc b\u1eaft m\u1eafc, k\u00edch th\u00edch c\u1ea3m gi\u00e1c mu\u1ed1n \u0103n.<br \/>\n\u0110\u1ea3m b\u1ea3o an to\u00e0n cho ng\u01b0\u1eddi ti\u00eau d\u00f9ng<\/p>\n<h1><strong>C\u00e1ch s\u1eed d\u1ee5ng v\u00e0 b\u1ea3o qu\u1ea3n<\/strong><\/h1>\n<p><strong>H\u01b0\u1edbng d\u1eabn s\u1eed d\u1ee5ng<\/strong> : \u0110\u1ed5 s\u1ed1t v\u00e0o ch\u1ea3o nh\u1ecf v\u00e0 \u0111un n\u00f3ng d\u1ea7n \u0111\u1ebfn nhi\u1ec7t \u0111\u1ed9 nh\u01b0 mong mu\u1ed1n, khu\u1ea5y \u0111\u1ec1u, ch\u1ebf s\u1ed1t l\u00ean m\u00ec. Ho\u1eb7c g\u1ee1 b\u1ecf n\u1eafp l\u1ecd v\u00e0 cho v\u00e0o l\u00f2 viba, \u0111\u1eb7c \u1edf nhi\u1ec7t \u0111\u1ed9 trung b\u00ecnh kho\u1ea3ng 4 ph\u00fat, l\u1ea5y ra, khu\u1ea5y \u0111\u1ec1u, ch\u1ebf s\u1ed1t l\u00ean m\u00ec.<\/p>\n<p><strong>C\u00e1ch b\u1ea3o qu\u1ea3n<\/strong>:<\/p>\n<p>&#8211; \u0110\u1eady k\u00edn n\u1eafp khi kh\u00f4ng s\u1eed d\u1ee5ng h\u1ebft n\u01b0\u1edbc s\u1ed1t.<\/p>\n<p>&#8211; B\u1ea3o qu\u1ea3n t\u1ea1i n\u01a1i tho\u00e1ng m\u00e1t v\u00e0 c\u00f3 nhi\u1ec7t \u0111\u1ed9 kh\u00f4ng qu\u00e1 n\u00f3ng, tr\u00e1nh \u00e1nh n\u1eafng m\u1eb7t tr\u1eddi.<\/p>\n<p>&#8211; B\u1ea3o qu\u1ea3n t\u1ed1t h\u01a1n trong t\u1ee7 l\u1ea1nh.<\/p>\n<h1><strong>C\u00f4ng d\u1ee5ng c\u1ee7a c\u00e1 ng\u1eeb<\/strong><\/h1>\n<p>-C\u00e1 ng\u1eeb gi\u00fap ng\u0103n ng\u1eeba x\u01a1 v\u1eefa \u0111\u1ed9ng m\u1ea1ch<\/p>\n<p>-C\u00e1 ng\u1eeb t\u1ed1t cho gan<\/p>\n<p>-C\u00e1 ng\u1eeb b\u1ed5 sung s\u1eaft, t\u1ed1t cho ng\u01b0\u1eddi b\u1ecb thi\u1ebfu m\u00e1u<\/p>\n<p>-C\u00e1 ng\u1eeb gi\u00fap ph\u00e1t tri\u1ec3n tr\u00ed n\u00e3o<\/p>\n<p>-C\u00e1 ng\u1eeb gi\u00fap gi\u1ea3m c\u00e2n<\/p>\n<p>-C\u00e1 ng\u1eeb t\u1ed1t cho ng\u01b0\u1eddi cao huy\u1ebft \u00e1p<\/p>\n<p>-C\u00e1 ng\u1eeb gi\u00fap gi\u1ea3m\u00a0cholesterol x\u1ea5u<\/p>","protected":false},"excerpt":{"rendered":"<ul class=\"list\">\n<li>M\u00f3n s\u1ed1t c\u00e0 chua v\u00e0 c\u00e1 ng\u1eeb v\u1edbi h\u01b0\u01a1ng v\u1ecb \u0111\u1ed9c \u0111\u00e1o \u0111\u1ebfn t\u1eeb n\u01b0\u1edbc \u00dd xa x\u00f4i \u0111\u00e3 l\u00e0m n\u1ee9c l\u00f2ng nh\u1eefng ng\u01b0\u1eddi y\u00eau \u1ea9m th\u1ef1c. V\u1edbi s\u1ed1t c\u00e1 ng\u1eeb c\u00e0 ch\u01b0a n\u00e0y b\u1ea1n s\u1ebd d\u1ec5 d\u00e0ng ch\u1ebf bi\u1ebfn m\u00f3n m\u1ef3 \u00dd ngon nh\u01b0 \u1edf nh\u00e0 h\u00e0ng, gi\u00fap ti\u1ebft ki\u1ec7m th\u1eddi gian v\u00e0 chi ph\u00ed m\u1ed9t c\u00e1ch t\u1ed1i \u0111a.<\/li>\n<li>H\u01b0\u01a1ng v\u1ecb chu\u1ea9n \u00dd m\u1edbi l\u1ea1, ch\u01b0a c\u00f3 \u1edf Vi\u1ec7t Nam<\/li>\n<li>S\u1ed1t c\u00e0 chua v\u00e0 c\u00e1 ng\u1eeb Lasicilia c\u00f3 th\u1ec3 d\u00f9ng v\u1edbi m\u00ec spaghetti hay d\u00f9ng l\u00e0m b\u00e1nh pizza, c\u01a1m chi\u00ean\u2026 gi\u00fap m\u00f3n \u0103n th\u00eam ph\u1ea7n h\u1ea5p d\u1eabn.<\/li>\n<li>V\u1edbi thi\u1ebft k\u1ebf d\u1ea1ng l\u1ecd, c\u00f3 n\u1eafp \u0111\u1eady, gi\u00fap b\u1ea1n d\u1ec5 d\u00e0ng b\u1ea3o qu\u1ea3n.<\/li>\n<\/ul>","protected":false},"featured_media":14139,"comment_status":"open","ping_status":"closed","template":"","meta":[],"product_brand":[],"product_cat":[36,143],"product_tag":[],"class_list":{"0":"post-14099","1":"product","2":"type-product","3":"status-publish","4":"has-post-thumbnail","6":"product_cat-thuc-pham-tieu-dung","7":"product_cat-thuc-pham-dong-hop","8":"pa_brand-lasicilia","10":"first","11":"instock","12":"sale","13":"shipping-taxable","14":"purchasable","15":"product-type-simple"},"_links":{"self":[{"href":"https:\/\/havamall.vn\/en\/wp-json\/wp\/v2\/product\/14099"}],"collection":[{"href":"https:\/\/havamall.vn\/en\/wp-json\/wp\/v2\/product"}],"about":[{"href":"https:\/\/havamall.vn\/en\/wp-json\/wp\/v2\/types\/product"}],"replies":[{"embeddable":true,"href":"https:\/\/havamall.vn\/en\/wp-json\/wp\/v2\/comments?post=14099"}],"version-history":[{"count":0,"href":"https:\/\/havamall.vn\/en\/wp-json\/wp\/v2\/product\/14099\/revisions"}],"wp:featuredmedia":[{"embeddable":true,"href":"https:\/\/havamall.vn\/en\/wp-json\/wp\/v2\/media\/14139"}],"wp:attachment":[{"href":"https:\/\/havamall.vn\/en\/wp-json\/wp\/v2\/media?parent=14099"}],"wp:term":[{"taxonomy":"product_brand","embeddable":true,"href":"https:\/\/havamall.vn\/en\/wp-json\/wp\/v2\/product_brand?post=14099"},{"taxonomy":"product_cat","embeddable":true,"href":"https:\/\/havamall.vn\/en\/wp-json\/wp\/v2\/product_cat?post=14099"},{"taxonomy":"product_tag","embeddable":true,"href":"https:\/\/havamall.vn\/en\/wp-json\/wp\/v2\/product_tag?post=14099"}],"curies":[{"name":"wp","href":"https:\/\/api.w.org\/{rel}","templated":true}]}}