{"id":14067,"date":"2020-04-23T13:19:14","date_gmt":"2020-04-23T06:19:14","guid":{"rendered":"https:\/\/havamall.vn\/?post_type=product&#038;p=14067"},"modified":"2025-03-18T14:24:49","modified_gmt":"2025-03-18T07:24:49","slug":"ca-chua-boc-vo-hieu-divella-2500gr","status":"publish","type":"product","link":"https:\/\/havamall.vn\/en\/shop\/ca-chua-boc-vo-hieu-divella-2500gr\/","title":{"rendered":"C\u00e0 Chua B\u00f3c V\u1ecf Hi\u1ec7u Divella  2500gr"},"content":{"rendered":"<p>Mang \u0111\u1ebfn nh\u1eefng tr\u00e1i c\u00e0 chua t\u01b0\u01a1i ng\u1ecdt, \u0111\u1ecf m\u1ecdng t\u1eeb v\u00f9ng Rutigliano c\u1ee7a n\u01b0\u1edbc \u00dd xa x\u00f4i \u0111\u1ebfn v\u1edbi b\u1eefa \u0103n dinh d\u01b0\u1ee1ng c\u1ee7a ng\u01b0\u1eddi Vi\u1ec7t. S\u1ea3n ph\u1ea9m\u00a0<strong>C\u00e0 chua \u00dd b\u00f3c v\u1ecf Divella Pomodori Pelati<\/strong>\u00a0\u2013\u00a0v\u1edbi\u00a0<strong>nh\u1eefng tr\u00e1i c\u00e0 chua to \u0111\u1ecf m\u1ecdng \u0111\u00e3 \u0111\u01b0\u1ee3c b\u00f3c v\u1ecf s\u1eb5n<\/strong>, b\u1ea1n ch\u1ec9 c\u1ea7n nghi\u1ec1n nh\u1ecf v\u00e0 ch\u1ebf bi\u1ebfn m\u00f3n \u0103n theo nhu c\u1ea7u c\u1ee7a b\u1ea1n. R\u1ea5t nhanh ch\u00f3ng v\u00e0 ti\u1ec7n l\u1ee3i, ti\u1ebft ki\u1ec7m th\u1eddi gian t\u1ed1i \u0111a cho ng\u01b0\u1eddi n\u1ea5u.<\/p>\n<p><img fetchpriority=\"high\" decoding=\"async\" class=\"wp-image-9830 aligncenter\" src=\"https:\/\/havamall.vn\/wp-content\/uploads\/2025\/03\/Divella-Passata2-1170x592.jpg\" alt=\"\" width=\"856\" height=\"433\" \/><\/p>\n<p>Th\u00e0nh ph\u1ea7n\u00a0<strong>100% nguy\u00ean ch\u1ea5t<\/strong>,\u00a0<strong>ti\u1ec7n l\u1ee3i<\/strong>\u00a0c\u00f3 s\u1eb5n nh\u01b0ng v\u1eabn mang\u00a0<strong>tr\u1ecdn v\u1eb9n gi\u00e1 tr\u1ecb dinh d\u01b0\u1ee1ng<\/strong>\u00a0t\u1eeb t\u1ef1 nhi\u00ean t\u1edbi kh\u00e1ch h\u00e0ng.\u00a0 S\u1ea3n ph\u1ea9m \u0111\u1ea1t ti\u00eau chu\u1ea9n v\u1ec7 sinh an to\u00e0n th\u1ef1c ph\u1ea9m c\u1ee7a B\u1ed9 Y t\u1ebf.<\/p>\n<p>B\u1ea1n c\u00f3 th\u1ec3 d\u00f9ng s\u1ea3n ph\u1ea9m n\u00e0y \u0111\u1ec3 n\u1ea5u s\u00fap, l\u00e0m c\u00e1c lo\u1ea1i s\u1ed1t ho\u1eb7c ch\u1ebf bi\u1ebfn nhi\u1ec1u m\u00f3n \u0103n th\u01a1m ngon kh\u00e1c nhau c\u1ea7n d\u00f9ng \u0111\u1ebfn c\u00e0 chua t\u01b0\u01a1i. Ph\u00f9 h\u1ee3p cho c\u1ea3 m\u00f3n \u0103n Vi\u1ec7t Nam v\u00e0 m\u00f3n \u0103n Ch\u00e2u \u00e2u.<\/p>\n<p><img decoding=\"async\" class=\"aligncenter\" src=\"https:\/\/havamall.vn\/wp-content\/uploads\/2025\/03\/Ca-chua-boc-vo.jpg\" \/><\/p>\n<p><strong>Quy c\u00e1ch s\u1ea3n ph\u1ea9m:<\/strong><\/p>\n<p>+ M\u00f4 t\u1ea3:\u00a0C\u00e0 chua b\u00f3c v\u1ecf\u00a0to, \u0111\u1ecf v\u00e0 \u0111\u01b0\u1ee3c b\u00f3c v\u1ecf ho\u00e0n to\u00e0n, th\u01a1m m\u00f9i \u0111\u1eb7c tr\u01b0ng c\u1ee7a c\u00e0 chua.<\/p>\n<p>+ Quy c\u00e1ch \u0111\u00f3ng g\u00f3i: 2500 g<\/p>\n<p>+ Bao b\u00ec: h\u1ed9p thi\u1ebfc<br \/>\n+ Th\u00e0nh ph\u1ea7n: C\u00e0 chua \u00dd g\u1ecdt v\u1ecf, n\u01b0\u1edbc \u00e9p c\u00e0 chua, ch\u1ea5t \u0111i\u1ec1u ch\u1ec9nh \u0111\u1ed9 axit: axit citric, mu\u1ed1i.<\/p>\n<p>+ S\u1ea3n xu\u1ea5t t\u1ea1i: Italia<br \/>\n+ H\u00e3ng s\u1ea3n xu\u1ea5t: Divella<br \/>\n+ Th\u1eddi h\u1ea1n s\u1eed d\u1ee5ng: 3 n\u0103m k\u1ec3 t\u1eeb ng\u00e0y S\u1ea3n xu\u1ea5t<\/p>\n<p><img decoding=\"async\" class=\"wp-image-14188 aligncenter\" src=\"https:\/\/havamall.vn\/wp-content\/uploads\/2025\/03\/d-300x200.png\" alt=\"\" width=\"609\" height=\"406\" \/><\/p>\n<p>+ H\u01b0\u1edbng d\u1eabn s\u1eed d\u1ee5ng:\u00a0D\u00f9ng tr\u1ef1c ti\u1ebfp ho\u1eb7c ch\u1ebf bi\u1ebfn c\u00e1c m\u00f3n \u0103n<br \/>\n+ B\u1ea3o qu\u1ea3n: B\u1ea3o qu\u1ea3n n\u01a1i kh\u00f4 r\u00e1o, tho\u00e1ng m\u00e1t, tr\u00e1nh nhi\u1ec7t \u0111\u1ed9 cao qu\u00e1 20<strong>\u00b0<\/strong>C. Sau khi m\u1edf n\u1eafp th\u00ec n\u00ean b\u1ea3o qu\u1ea3n trong t\u1ee7 l\u1ea1nh v\u00e0 s\u1eed d\u1ee5ng h\u1ebft trong 3 ng\u00e0y.<\/p>\n<p>+ Gi\u00e1 tr\u1ecb dinh d\u01b0\u1ee1ng (tr\u00ean 100 g):<\/p>\n<header><\/header>\n<p><img decoding=\"async\" class=\"aligncenter\" src=\"https:\/\/havamall.vn\/wp-content\/uploads\/2025\/03\/Ca-chua-boc-vo-2.jpg\" alt=\"\" width=\"601\" height=\"434\" \/><\/p>\n<p>B\u1ea1n c\u00f3 th\u1ec3 d\u00f9ng s\u1ea3n ph\u1ea9m n\u00e0y \u0111\u1ec3 n\u1ea5u s\u00fap, l\u00e0m c\u00e1c lo\u1ea1i s\u1ed1t ho\u1eb7c ch\u1ebf bi\u1ebfn nhi\u1ec1u m\u00f3n \u0103n th\u01a1m ngon kh\u00e1c nhau c\u1ea7n d\u00f9ng \u0111\u1ebfn c\u00e0 chua t\u01b0\u01a1i.<\/p>\n<p><strong>\u0110\u1eb7c \u0111i\u1ec3m:<\/strong><br \/>\n\u2013 Nguy\u00ean li\u1ec7u t\u1ef1 nhi\u00ean, an to\u00e0n khi s\u1eed d\u1ee5ng<br \/>\n\u2013 H\u01b0\u01a1ng v\u1ecb th\u01a1m ngon, b\u1ed5 d\u01b0\u1ee1ng<br \/>\n\u2013 \u0110\u00f3ng h\u1ed9p \u0111\u00e3 qua x\u1eed l\u00fd h\u00fat ch\u00e2n kh\u00f4ng, ti\u1ec7n l\u1ee3i b\u1ea3o qu\u1ea3n \u1edf nhi\u1ec7t \u0111\u1ed9 th\u01b0\u1eddng (khi ch\u01b0a m\u1edf n\u1eafp)<\/p>\n<p><strong>B\u1ea3o qu\u1ea3n:<\/strong>\u00a0N\u01a1i kh\u00f4 r\u00e1o, tho\u00e1ng m\u00e1t. Sau khi m\u1edf n\u1eafp m\u00e0 d\u00f9ng ch\u01b0a h\u1ebft, c\u1ea7n b\u1ea3o qu\u1ea3n trong ng\u0103n m\u00e1t t\u1ee7 l\u1ea1nh<\/p>\n<p><strong>Quy c\u00e1ch \u0111\u00f3ng h\u1ed9p:<\/strong>\u00a02500gr\/ h\u1ed9p, 6 h\u1ed9p\/ th\u00f9ng carton<\/p>","protected":false},"excerpt":{"rendered":"<p>Mang \u0111\u1ebfn nh\u1eefng tr\u00e1i c\u00e0 chua t\u01b0\u01a1i ng\u1ecdt, \u0111\u1ecf m\u1ecdng t\u1eeb v\u00f9ng Rutigliano c\u1ee7a n\u01b0\u1edbc \u00dd xa x\u00f4i \u0111\u1ebfn v\u1edbi<\/p>","protected":false},"featured_media":14068,"comment_status":"open","ping_status":"closed","template":"","meta":[],"product_brand":[],"product_cat":[672,36,143],"product_tag":[],"class_list":{"0":"post-14067","1":"product","2":"type-product","3":"status-publish","4":"has-post-thumbnail","6":"product_cat-nhap-khau-y","7":"product_cat-thuc-pham-tieu-dung","8":"product_cat-thuc-pham-dong-hop","10":"first","11":"instock","12":"sale","13":"shipping-taxable","14":"purchasable","15":"product-type-simple"},"_links":{"self":[{"href":"https:\/\/havamall.vn\/en\/wp-json\/wp\/v2\/product\/14067"}],"collection":[{"href":"https:\/\/havamall.vn\/en\/wp-json\/wp\/v2\/product"}],"about":[{"href":"https:\/\/havamall.vn\/en\/wp-json\/wp\/v2\/types\/product"}],"replies":[{"embeddable":true,"href":"https:\/\/havamall.vn\/en\/wp-json\/wp\/v2\/comments?post=14067"}],"version-history":[{"count":0,"href":"https:\/\/havamall.vn\/en\/wp-json\/wp\/v2\/product\/14067\/revisions"}],"wp:featuredmedia":[{"embeddable":true,"href":"https:\/\/havamall.vn\/en\/wp-json\/wp\/v2\/media\/14068"}],"wp:attachment":[{"href":"https:\/\/havamall.vn\/en\/wp-json\/wp\/v2\/media?parent=14067"}],"wp:term":[{"taxonomy":"product_brand","embeddable":true,"href":"https:\/\/havamall.vn\/en\/wp-json\/wp\/v2\/product_brand?post=14067"},{"taxonomy":"product_cat","embeddable":true,"href":"https:\/\/havamall.vn\/en\/wp-json\/wp\/v2\/product_cat?post=14067"},{"taxonomy":"product_tag","embeddable":true,"href":"https:\/\/havamall.vn\/en\/wp-json\/wp\/v2\/product_tag?post=14067"}],"curies":[{"name":"wp","href":"https:\/\/api.w.org\/{rel}","templated":true}]}}