{"id":14024,"date":"2020-04-10T09:13:03","date_gmt":"2020-04-10T02:13:03","guid":{"rendered":"https:\/\/havamall.vn\/?post_type=product&#038;p=14024"},"modified":"2021-12-23T11:34:04","modified_gmt":"2021-12-23T04:34:04","slug":"com-gao-lut-rong-bien-osawa-trum-snack-50gr-dried-brown-rice-with-seaweed-50gr","status":"publish","type":"product","link":"https:\/\/havamall.vn\/en\/shop\/com-gao-lut-rong-bien-osawa-trum-snack-50gr-dried-brown-rice-with-seaweed-50gr\/","title":{"rendered":"C\u1ed1m G\u1ea1o L\u1ee9t Rong Bi\u1ec3n Osawa Tr\u00f9m Snack 50gr \u2013 Dried Brown Rice With Seaweed 50gr"},"content":{"rendered":"<p>Snack l\u00e0 m\u00f3n \u0103n nh\u1eb9 \u01b0a th\u00edch c\u1ee7a nhi\u1ec1u ng\u01b0\u1eddi, nh\u1ea5t l\u00e0 tr\u1ebb em.\u00a0<strong>Snack c\u1ed1m g\u1ea1o l\u1ee9t rong bi\u1ec3n Osawa Tr\u00f9m Snack<\/strong>\u00a0d\u01b0\u1edbi \u0111\u00e2y \u0111\u01b0\u1ee3c ch\u1ebf bi\u1ebfn t\u1eeb ngu\u1ed3n rong bi\u1ec3n t\u1ef1 nhi\u00ean g\u1ea1o l\u1ee9t \u0111\u01b0\u1ee3c ch\u1ecdn l\u1ecdc t\u1ef1 nhi\u00ean s\u1ebd l\u00e0 th\u1ee9c qu\u00e0 l\u00ed t\u01b0\u1edfng m\u1eb9 d\u00e0nh cho b\u00e9, con c\u00e1i t\u1eb7ng cha m\u1eb9, b\u1ea1n b\u00e8 t\u1eb7ng cho nhau. S\u1ea3n ph\u1ea9m c\u00f3 v\u1ecb ngon l\u1ea1 mi\u1ec7ng l\u1ea1i h\u1ea5p d\u1eabn nh\u1edd s\u1ef1 k\u1ebft h\u1ee3p gi\u1eefa g\u1ea1o l\u1ee9t v\u00e0 rong bi\u1ec3n, ph\u00f9 h\u1ee3p v\u1edbi v\u1ecb gi\u00e1c c\u1ee7a t\u1ea5t c\u1ea3 c\u00e1c th\u00e0nh vi\u00ean trong gia \u0111\u00ecnh. Snack \u0111\u01b0\u1ee3c \u0111\u00f3ng g\u00f3i trong h\u1ed9p \u0111\u1ef1ng nh\u1ecf g\u1ecdn, c\u00e1c b\u1ea1n c\u00f3 th\u1ec3 \u0111\u1ec3 g\u1ecdn trong t\u1ee7 ho\u1eb7c mang theo khi ra ngo\u00e0i, khi \u0111i picnic r\u1ea5t ti\u1ec7n l\u1ee3i. Nay \u0111\u00e3 \u0111\u01b0\u1ee3c c\u00f3 m\u1eb7t t\u1ea1i Havamall \u0111\u1ec3 ph\u1ee5c v\u1ee5 th\u1ef1c kh\u00e1ch.<\/p>\n<p>C\u1ed1m g\u1ea1o l\u1ee9t rang gi\u00f2n, x\u1ed1p, th\u01a1m, n\u1ed5 to h\u1ea1t, \u0103n c\u00f3 v\u1ecb ng\u1ecdt c\u1ee7a g\u1ea1o, kh\u00f4ng b\u1ecb c\u1ee9ng, b\u1ecb ch\u00e1y. Th\u01a1m ngon, m\u00f9i v\u1ecb g\u1ea1o l\u1ee9t tr\u1ed9n v\u1edbi rong bi\u1ec3n gi\u00f2n s\u1ebd l\u00e0 s\u1ef1 k\u1ebft h\u1ee3p tuy\u1ec7t v\u1eddi, s\u1ebd l\u00e0m b\u1ea1n ph\u1ea3i t\u1ea5m t\u1eafc khen v\u00e0 tr\u1ea7m tr\u1ed3 ca ng\u1ee3i. N\u1eb1m nh\u00e0 coi phim hay xem \u0111\u00e1 b\u00f3ng m\u00e0 c\u00f3 Snack G\u1ea1o L\u1ee9t Rong Bi\u1ec3n th\u00ec l\u00e0 No.1.<\/p>\n<p>&nbsp;<\/p>\n<p><img fetchpriority=\"high\" decoding=\"async\" class=\"wp-image-13471 aligncenter\" src=\"https:\/\/havamall.vn\/wp-content\/uploads\/2020\/02\/4d8a1e72a31d364f44b23b2c643784ee-300x300.jpg\" alt=\"\" width=\"502\" height=\"502\" srcset=\"https:\/\/havamall.vn\/wp-content\/uploads\/2020\/02\/4d8a1e72a31d364f44b23b2c643784ee-300x300.jpg 300w, https:\/\/havamall.vn\/wp-content\/uploads\/2020\/02\/4d8a1e72a31d364f44b23b2c643784ee-430x430.jpg 430w, https:\/\/havamall.vn\/wp-content\/uploads\/2020\/02\/4d8a1e72a31d364f44b23b2c643784ee-150x150.jpg 150w, https:\/\/havamall.vn\/wp-content\/uploads\/2020\/02\/4d8a1e72a31d364f44b23b2c643784ee-600x600.jpg 600w, https:\/\/havamall.vn\/wp-content\/uploads\/2020\/02\/4d8a1e72a31d364f44b23b2c643784ee-100x100.jpg 100w, https:\/\/havamall.vn\/wp-content\/uploads\/2020\/02\/4d8a1e72a31d364f44b23b2c643784ee.jpg 640w\" sizes=\"(max-width: 502px) 100vw, 502px\" \/><\/p>\n<h3><strong>Th\u00e0nh ph\u1ea7n nguy\u00ean li\u1ec7u<\/strong><\/h3>\n<div>G\u1ea1o huy\u1ebft r\u1ed3ng 90%, rong bi\u1ec3n 4%, ch\u00e0 b\u00f4ng chay 3%, m\u00e8 \u0111en 2%, d\u1ea7u \u0111\u1eadu n\u00e0nh 0.5%, gia v\u1ecb thi\u00ean nhi\u00ean 0.5%<\/div>\n<h3><strong>\u0110\u1eb7c \u0111i\u1ec3m n\u1ed5i b\u1eadt c\u1ee7a s\u1ea3n ph\u1ea9m<\/strong><\/h3>\n<p>G\u1ea1o l\u1ee9t l\u00e0 g\u1ea1o ch\u1ec9 xay b\u1ecf tr\u1ea5u t\u1ee9c v\u1ecf l\u00faa ch\u1ee9 kh\u00f4ng b\u1ecf m\u1ea7m v\u00e0 c\u00e1m c\u1ee7a h\u1ea1t g\u1ea1o b\u00ean trong. Nay g\u1ea1o l\u1ee9t \u0111\u01b0\u1ee3c k\u1ebft h\u1ee3p v\u1edbi rong bi\u1ec3n theo ph\u01b0\u01a1ng ph\u00e1p ohsawa l\u00e2u \u0111\u1eddi. C\u00f9ng v\u1edbi c\u00e1ch n\u1ea5u \u0111\u1eb7c bi\u1ec7t t\u1ea1o n\u00ean s\u1ea3n ph\u1ea9m c\u01a1m g\u1ea1o l\u1ee9t rong bi\u1ec3n \u0103n li\u1ec1n<br \/>\nG\u1ea1o L\u1ee9t Rong Bi\u1ec3n S\u1ea5y v\u1ecb ng\u1ecdt th\u01a1m c\u1ee7a g\u1ea1o l\u1ee9t h\u00f2a quy\u1ec7n c\u00f9ng v\u1ecb t\u01b0\u01a1i thanh \u0111\u1eb7c tr\u01b0ng r\u1ea5t nh\u1eb9 c\u1ee7a rong bi\u1ec3n.<br \/>\nS\u1ea3n ph\u1ea9m kh\u00f4ng s\u1eed d\u1ee5ng n\u01b0\u1edbc m\u1eafm, chay m\u1eb7n \u0111\u1ec1u d\u00f9ng \u0111\u01b0\u1ee3c, g\u1ea1o s\u1ea5y bung gi\u00f2n kh\u00f4ng c\u00f3 h\u1ea1t chai, c\u1ee9ng, g\u1ea1o m\u1edbi.<br \/>\n\u0110\u00e2y c\u00f2n l\u00e0 m\u00f3n \u0103n v\u1eb7t d\u00e0nh ri\u00eang cho c\u00e1c b\u1ea1n c\u00f3 s\u1edf th\u00edch \u0103n chay, \u0103n th\u1ef1c d\u01b0\u1ee1ng.<\/p>\n<p>G\u1ea1o l\u1ee9t l\u00e0 lo\u1ea1i th\u1ef1c ph\u1ea9m \u0111\u1eb7c bi\u1ec7t gi\u00e0u ch\u1ea5t dinh d\u01b0\u1ee1ng v\u00e0 mang l\u1ea1i nhi\u1ec1u l\u1ee3i \u00edch cho s\u1ee9c kh\u1ecfe con ng\u01b0\u1eddi. Nh\u01b0ng c\u00f3 ph\u1ea3i c\u1ee9 \u0103n c\u00e0ng nhi\u1ec1u c\u00e0ng t\u1ed1t?<\/p>\n<p>C\u1ed1m g\u1ea1o l\u1ee9t rang l\u00e0m d\u01b0\u01a1ng h\u00f3a c\u01a1 th\u1ec3, r\u1ea5t t\u1ed1t cho ng\u01b0\u1eddi b\u1ecb c\u1ea3m c\u00fam, b\u1ec7nh tr\u1ea7m c\u1ea3m. H\u1ed7 tr\u1ee3 \u0111\u1eb7c bi\u1ec7t l\u00e0 ng\u01b0\u1eddi vi\u00eam \u0111a kh\u1edbp tho\u00e1i h\u00f3a, b\u1ec7nh g\u00fat, c\u00e1c b\u1ec7nh v\u1ec1 x\u01b0\u01a1ng, d\u1ea1 d\u00e0y, ti\u1ec3u \u0111\u01b0\u1eddng, \u0111\u01b0\u1eddng ti\u00eau h\u00e1o. D\u00f9ng c\u01a1m g\u1ea1o l\u1ee9t l\u00e0m l\u01b0\u01a1ng kh\u00f4 r\u1ea5t ti\u1ec7n l\u1ee3i.<\/p>\n<p><img decoding=\"async\" class=\"wp-image-13472 aligncenter\" src=\"https:\/\/havamall.vn\/wp-content\/uploads\/2020\/02\/7b51c89b7d5b43b7cbd75f53f77efc16-200x300.jpg\" alt=\"\" width=\"491\" height=\"737\" srcset=\"https:\/\/havamall.vn\/wp-content\/uploads\/2020\/02\/7b51c89b7d5b43b7cbd75f53f77efc16-200x300.jpg 200w, https:\/\/havamall.vn\/wp-content\/uploads\/2020\/02\/7b51c89b7d5b43b7cbd75f53f77efc16-430x645.jpg 430w, https:\/\/havamall.vn\/wp-content\/uploads\/2020\/02\/7b51c89b7d5b43b7cbd75f53f77efc16-150x225.jpg 150w, https:\/\/havamall.vn\/wp-content\/uploads\/2020\/02\/7b51c89b7d5b43b7cbd75f53f77efc16.jpg 564w\" sizes=\"(max-width: 491px) 100vw, 491px\" \/><\/p>\n<p>C\u00e1c t\u00e0i li\u1ec7u khoa h\u1ecdc hi\u1ec7n nay \u0111\u00e3 ch\u1ee9ng minh cho th\u1ea5y, trong l\u1edbp c\u00e1m c\u1ee7a h\u1ea1t\u00a0<strong>g\u1ea1o l\u1ee9t<\/strong>\u00a0c\u00f3 r\u1ea5t nhi\u1ec1u vitamin E, vitamin B1, B3, B6, magi\u00ea, mangan, s\u1eaft, ch\u1ea5t x\u01a1. G\u1ea1o l\u1ee9t \u0111\u1eb7c bi\u1ec7t t\u1ed1t v\u1edbi ph\u1ee5 n\u1eef, n\u00f3 l\u00e0m gi\u1ea3m nguy c\u01a1 ung th\u01b0, ru\u1ed9t k\u1ebft, l\u00e0m gi\u1ea3m cholesterol v\u00e0 t\u1ed1t cho h\u1ec7 tim m\u1ea1ch c\u1ee7a ph\u1ee5 n\u1eef sau khi m\u00e3n kinh.<\/p>\n<p>G\u1ea1o l\u1ee9t c\u0169ng l\u00e0 lo\u1ea1i th\u1ef1c ph\u1ea9m quan tr\u1ecdng h\u00e0ng \u0111\u1ea7u trong ph\u01b0\u01a1ng ph\u00e1p th\u1ef1c d\u01b0\u1ee1ng. \u0110\u00e2y l\u00e0 ph\u01b0\u01a1ng ph\u00e1p d\u01b0\u1ee1ng sinh th\u00f4ng qua \u0103n u\u1ed1ng. V\u1edbi th\u00e0nh ph\u1ea7n c\u0103n b\u1ea3n l\u00e0\u00a0<em>g\u1ea1o l\u1ee9t<\/em>\u00a0\u2013 mu\u1ed1i m\u00e8, n\u1ebfu s\u1eed d\u1ee5ng \u0111\u00fang c\u00e1ch v\u00e0 h\u1ee3p l\u00fd s\u1ebd gi\u00fap c\u1ea3i thi\u1ec7n s\u1ee9c kh\u1ecfe r\u00f5 r\u00e0ng.<\/p>\n<p><img decoding=\"async\" class=\"wp-image-13473 aligncenter\" src=\"https:\/\/havamall.vn\/wp-content\/uploads\/2020\/02\/a91378dcbbed307655a66096aeaaa6fe-200x300.jpg\" alt=\"\" width=\"481\" height=\"722\" srcset=\"https:\/\/havamall.vn\/wp-content\/uploads\/2020\/02\/a91378dcbbed307655a66096aeaaa6fe-200x300.jpg 200w, https:\/\/havamall.vn\/wp-content\/uploads\/2020\/02\/a91378dcbbed307655a66096aeaaa6fe-430x645.jpg 430w, https:\/\/havamall.vn\/wp-content\/uploads\/2020\/02\/a91378dcbbed307655a66096aeaaa6fe-150x225.jpg 150w, https:\/\/havamall.vn\/wp-content\/uploads\/2020\/02\/a91378dcbbed307655a66096aeaaa6fe.jpg 564w\" sizes=\"(max-width: 481px) 100vw, 481px\" \/><\/p>\n<h3><strong>H\u01b0\u1edbng d\u1eabn s\u1eed d\u1ee5ng v\u00e0 b\u1ea3o qu\u1ea3n<\/strong><\/h3>\n<div>\u2013 \u0102n tr\u1ef1c ti\u1ebfp.<\/div>\n<div><\/div>\n<div>\u2013 C\u00f3 th\u1ec3 d\u00f9ng l\u00e0m b\u1eefa ph\u1ee5 hay th\u00eam v\u00e0o b\u1eefa \u0103n ch\u00ednh, \u0103n c\u00f9ng v\u1edbi c\u01a1m, b\u00e1nh m\u00ec, s\u00fap.<\/div>\n<div><\/div>\n<div>\u2013 B\u1ea3o qu\u1ea3n n\u01a1i kh\u00f4 r\u00e1o, tr\u00e1nh \u00e1nh n\u1eafng tr\u1ef1c ti\u1ebfp c\u1ee7a m\u1eb7t tr\u1eddi.<\/div>\n<div>\u00a0<img loading=\"lazy\" decoding=\"async\" class=\"wp-image-13475 aligncenter\" src=\"https:\/\/havamall.vn\/wp-content\/uploads\/2020\/02\/gao-5-300x194.jpg\" alt=\"\" width=\"605\" height=\"391\" srcset=\"https:\/\/havamall.vn\/wp-content\/uploads\/2020\/02\/gao-5-300x194.jpg 300w, https:\/\/havamall.vn\/wp-content\/uploads\/2020\/02\/gao-5-430x278.jpg 430w, https:\/\/havamall.vn\/wp-content\/uploads\/2020\/02\/gao-5-150x97.jpg 150w, https:\/\/havamall.vn\/wp-content\/uploads\/2020\/02\/gao-5-600x388.jpg 600w, https:\/\/havamall.vn\/wp-content\/uploads\/2020\/02\/gao-5.jpg 650w\" sizes=\"(max-width: 605px) 100vw, 605px\" \/><\/div>\n<p><strong>Havamall<\/strong>\u00a0chuy\u00ean cung c\u1ea5p th\u1ef1c ph\u1ea9m, m\u00f3n \u0103n ngon, b\u1ed5 d\u01b0\u1ee1ng t\u1eeb nhi\u1ec1u m\u00f3n \u0103n \u0111\u01b0\u1ee3c nh\u1eadp kh\u1ea9u tr\u1ef1c ti\u1ebfp t\u1eeb c\u00e1c n\u01b0\u1edbc ph\u00e1t tri\u1ec3n nh\u01b0 M\u1ef9, \u00dac, H\u00e0n, Nh\u1eadt, Ph\u00e1p,\u2026b\u1ea1n s\u1ebd \u0111\u01b0\u1ee3c t\u01b0 v\u1ea5n t\u1eadn t\u00ecnh v\u1ec1 c\u00e1c s\u1eed d\u1ee5ng m\u00f3n \u0103n sao cho \u0111\u00fang c\u00e1ch nh\u1eb1m b\u1ea3o v\u1ec7 \u2013\u00a0<span class=\"text_exposed_show\">t\u0103ng c\u01b0\u1eddng s\u1ee9c kh\u1ecfe v\u00e0 khai m\u1edf tr\u00ed tu\u1ec7 \u0111\u1ec3 \u0111\u1ea1t \u0111\u01b0\u1ee3c h\u1ea1nh ph\u00fac trong cu\u1ed9c s\u1ed1ng.<br \/>\n<strong>Havamall<\/strong>\u00a0cam k\u1ebft c\u00e1c s\u1ea3n ph\u1ea9m kh\u00f4ng s\u1eed c\u00e1c ph\u1ea9m m\u00e0u, h\u00f3a ch\u1ea5t, ch\u1ea5t b\u1ea3o qu\u1ea3n \u0111\u1ed9c h\u1ea1i trong qu\u00e1 tr\u00ecnh ch\u1ebf bi\u1ebfn v\u00e0 b\u1ea3o qu\u1ea3n. H\u00e3y ch\u1ecdn Havamall l\u00e0m n\u01a1i mua s\u1eafm th\u1ef1c ph\u1ea9m l\u00ed t\u01b0\u1edfng cho b\u1ea3n th\u00e2n v\u00e0 gia \u0111\u00ecnh<\/span><\/p>","protected":false},"excerpt":{"rendered":"<p>C\u1ed1m g\u1ea1o l\u1ee9t rang l\u00e0m d\u01b0\u01a1ng h\u00f3a c\u01a1 th\u1ec3, r\u1ea5t t\u1ed1t cho ng\u01b0\u1eddi b\u1ecb c\u1ea3m c\u00fam, b\u1ec7nh tr\u1ea7m c\u1ea3m. H\u1ed7 tr\u1ee3 \u0111\u1eb7c bi\u1ec7t l\u00e0 ng\u01b0\u1eddi vi\u00eam \u0111a kh\u1edbp tho\u00e1i h\u00f3a, b\u1ec7nh g\u00fat, c\u00e1c b\u1ec7nh v\u1ec1 x\u01b0\u01a1ng, d\u1ea1 d\u00e0y, ti\u1ec3u \u0111\u01b0\u1eddng, \u0111\u01b0\u1eddng ti\u00eau h\u00e1o. D\u00f9ng c\u01a1m g\u1ea1o l\u1ee9t l\u00e0m l\u01b0\u01a1ng kh\u00f4 r\u1ea5t ti\u1ec7n l\u1ee3i.<\/p>\n<p>&nbsp;<\/p>","protected":false},"featured_media":14025,"comment_status":"open","ping_status":"closed","template":"","meta":[],"product_brand":[],"product_cat":[36],"product_tag":[],"class_list":{"0":"post-14024","1":"product","2":"type-product","3":"status-publish","4":"has-post-thumbnail","6":"product_cat-thuc-pham-tieu-dung","8":"first","9":"outofstock","10":"sale","11":"shipping-taxable","12":"purchasable","13":"product-type-simple"},"_links":{"self":[{"href":"https:\/\/havamall.vn\/en\/wp-json\/wp\/v2\/product\/14024"}],"collection":[{"href":"https:\/\/havamall.vn\/en\/wp-json\/wp\/v2\/product"}],"about":[{"href":"https:\/\/havamall.vn\/en\/wp-json\/wp\/v2\/types\/product"}],"replies":[{"embeddable":true,"href":"https:\/\/havamall.vn\/en\/wp-json\/wp\/v2\/comments?post=14024"}],"version-history":[{"count":0,"href":"https:\/\/havamall.vn\/en\/wp-json\/wp\/v2\/product\/14024\/revisions"}],"wp:featuredmedia":[{"embeddable":true,"href":"https:\/\/havamall.vn\/en\/wp-json\/wp\/v2\/media\/14025"}],"wp:attachment":[{"href":"https:\/\/havamall.vn\/en\/wp-json\/wp\/v2\/media?parent=14024"}],"wp:term":[{"taxonomy":"product_brand","embeddable":true,"href":"https:\/\/havamall.vn\/en\/wp-json\/wp\/v2\/product_brand?post=14024"},{"taxonomy":"product_cat","embeddable":true,"href":"https:\/\/havamall.vn\/en\/wp-json\/wp\/v2\/product_cat?post=14024"},{"taxonomy":"product_tag","embeddable":true,"href":"https:\/\/havamall.vn\/en\/wp-json\/wp\/v2\/product_tag?post=14024"}],"curies":[{"name":"wp","href":"https:\/\/api.w.org\/{rel}","templated":true}]}}