{"id":14002,"date":"2020-04-03T16:24:13","date_gmt":"2020-04-03T09:24:13","guid":{"rendered":"https:\/\/havamall.vn\/?post_type=product&#038;p=14002"},"modified":"2021-06-24T15:19:54","modified_gmt":"2021-06-24T08:19:54","slug":"xoai-say-deo-fnv-hu-190g-soft-dried-mango-fnv-190g","status":"publish","type":"product","link":"https:\/\/havamall.vn\/en\/shop\/xoai-say-deo-fnv-hu-190g-soft-dried-mango-fnv-190g\/","title":{"rendered":"Xo\u00e0i S\u1ea5y D\u1ebbo FnV H\u1ed9p 190g &#8211; Soft Dried Mango FnV 190g"},"content":{"rendered":"<p>Xo\u00e0i s\u1ea5y d\u1ebbo l\u00e0 d\u00f2ng s\u1ea3n ph\u1ea9m s\u1ea5y d\u1ebbo c\u1ee7a FNVFoods, \u00e1p d\u1ee5ng c\u00f4ng ngh\u1ec7 s\u1ea5y ch\u00e2n kh\u00f4ng, cho s\u1ea3n ph\u1ea9m d\u1ebbo, v\u1ecb ng\u1ecdt t\u1ef1 nhi\u00ean, m\u00e0u v\u00e0ng c\u1ee7a tr\u00e1i Xo\u00e0i t\u01b0\u01a1i, ho\u00e0n to\u00e0n kh\u00f4ng c\u00f3 \u0111\u01b0\u1eddng hay b\u1ea5t k\u00ec ch\u1ea5t ph\u1ee5 gia n\u00e0o. S\u1ea3n ph\u1ea9m kh\u00f4ng ch\u1ec9 th\u01a1m ngon, m\u1ec1m d\u1ebbo, h\u1ea5p d\u1eabn kh\u1ea9u v\u1ecb m\u00e0 c\u00f2n cung c\u1ea5p nhi\u1ec1u ch\u1ea5t dinh d\u01b0\u1ee1ng, \u0111\u1eb7c bi\u1ec7t l\u00e0 ch\u1ea5t x\u01a1 c\u1ea7n thi\u1ebft cho c\u01a1 th\u1ec3.<\/p>\n<p>Xo\u00e0i ch\u1ee9a nhi\u1ec1u vitamin v\u00e0 kho\u00e1ng ch\u1ea5t. \u0110\u1eb7c bi\u1ec7t, c\u00e1c ch\u1ea5t dinh d\u01b0\u1ee1ng nh\u01b0 protein, lipit, gluxit v\u00e0 nh\u1ea5t l\u00e0 ti\u1ec1n sinh t\u1ed1 A \u0111\u1ec1u v\u01b0\u1ee3t xa c\u00e1c lo\u1ea1i qu\u1ea3 kh\u00e1c. N\u00ean s\u1ea3n ph\u1ea9m sau khi ch\u1ebf bi\u1ebfn v\u1eabn gi\u1eef \u0111\u01b0\u1ee3c nguy\u00ean h\u01b0\u01a1ng v\u1ecb, m\u00e0u s\u1eafc t\u1ef1 nhi\u00ean, gi\u00e1 tr\u1ecb dinh d\u01b0\u1ee1ng kh\u00f4ng b\u1ecb bi\u1ebfn \u0111\u1ed5i, c\u00f3 quy tr\u00ecnh s\u1ea3n xu\u1ea5t \u0111\u1ea3m b\u1ea3o 100% an to\u00e0n v\u1ec7 sinh th\u1ef1c ph\u1ea9m.<\/p>\n<p><img fetchpriority=\"high\" decoding=\"async\" class=\"wp-image-13968 aligncenter\" src=\"https:\/\/havamall.vn\/wp-content\/uploads\/2020\/03\/xoa\u0300i-de\u0309o-300x300.jpg\" alt=\"\" width=\"508\" height=\"508\" srcset=\"https:\/\/havamall.vn\/wp-content\/uploads\/2020\/03\/xoa\u0300i-de\u0309o-300x300.jpg 300w, https:\/\/havamall.vn\/wp-content\/uploads\/2020\/03\/xoa\u0300i-de\u0309o-430x430.jpg 430w, https:\/\/havamall.vn\/wp-content\/uploads\/2020\/03\/xoa\u0300i-de\u0309o-150x150.jpg 150w, https:\/\/havamall.vn\/wp-content\/uploads\/2020\/03\/xoa\u0300i-de\u0309o-700x700.jpg 700w, https:\/\/havamall.vn\/wp-content\/uploads\/2020\/03\/xoa\u0300i-de\u0309o-768x768.jpg 768w, https:\/\/havamall.vn\/wp-content\/uploads\/2020\/03\/xoa\u0300i-de\u0309o-600x600.jpg 600w, https:\/\/havamall.vn\/wp-content\/uploads\/2020\/03\/xoa\u0300i-de\u0309o-100x100.jpg 100w, https:\/\/havamall.vn\/wp-content\/uploads\/2020\/03\/xoa\u0300i-de\u0309o.jpg 1000w\" sizes=\"(max-width: 508px) 100vw, 508px\" \/><\/p>\n<p>Xo\u00e0i S\u1ea5y D\u1ebbo \u0111\u01b0\u1ee3c th\u00e1i l\u00e1t m\u1ecfng, c\u00f3 m\u00e0u v\u00e0ng t\u01b0\u01a1i, v\u1eabn gi\u1eef \u0111\u01b0\u1ee3c \u0111\u1ed9 d\u1ebbo v\u00e0 h\u01b0\u01a1ng th\u01a1m t\u1ef1 nhi\u00ean c\u1ee7a qu\u1ea3 t\u01b0\u01a1i. Xo\u00e0i sau khi thu ho\u1ea1ch s\u1ebd \u0111\u01b0\u1ee3c l\u1ed9t v\u1ecf, x\u1eed l\u00fd v\u1ec7 sinh v\u00e0 \u0111\u01b0a v\u00e0o m\u00e1y x\u1eaft th\u00e0nh t\u1eebng l\u00e1t m\u1ecfng v\u1eeba mi\u1ec7ng. Sau \u0111\u00f3 \u0111\u01b0a v\u00e0o bu\u1ed3ng S\u1ea5y gia nhi\u1ec7t, cho ra s\u1ea3n ph\u1ea9m Xo\u00e0i S\u1ea5y D\u1ebbo v\u1edbi ch\u1ea5t l\u01b0\u1ee3ng s\u1ea3n ph\u1ea9m \u0111\u01b0\u1ee3c \u0111\u1ea3m b\u1ea3o v\u1ec1 \u0111\u1ed9 m\u1ec1m, d\u1ebbo v\u1eeba \u0103n, m\u00e0u s\u1eafc v\u00e0 h\u01b0\u01a1ng v\u1ecb c\u1ee7a xo\u00e0i v\u1eabn \u0111\u01b0\u1ee3c b\u1ea3o qu\u1ea3n sau khi s\u1ea5y.<\/p>\n<p>C\u00f4ng D\u1ee5ng C\u1ee7a Xo\u00e0i S\u1ea5y D\u1ebbo:<\/p>\n<p>Ch\u1ed1ng ung th\u01b0: C\u00e1c h\u1ee3p ch\u1ea5t phenolic \u0111\u01b0\u1ee3c l\u00f9ng th\u1ea5y trong xo\u00e0i nh\u01b0 quercetin, isoquercitrin, astragalin, fisetin v\u00e0 methyl gallate \u0111\u00e3 \u0111\u01b0\u1ee3c ch\u1ee9ng minh l\u00e0 c\u00f3 \u0111\u1eb7c t\u00ednh ch\u1ed1ng oxy h\u00f3a v\u00e0 ch\u1ed1ng ung th\u01b0<br \/>\nB\u1ed5 sung ch\u1ea5t s\u1eaft: Xo\u00e0i c\u00f3 nhi\u1ec1u ch\u1ea5t s\u1eaft, v\u00ec v\u1eady m\u00e0 ch\u00fang c\u00f3 th\u1ec3 gi\u00fap c\u01a1 th\u1ec3 kh\u1eafc ph\u1ee5c t\u00ecnh tr\u1ea1ng thi\u1ebfu m\u00e0u, \u0111\u1eb7c bi\u1ec7t l\u00e0 thi\u1ebfu m\u00e1u do thi\u1ebfu s\u1eaft<\/p>\n<p><img decoding=\"async\" class=\"aligncenter\" src=\"https:\/\/havamall.vn\/wp-content\/uploads\/2020\/04\/37-28-04-2018-14-22-30.jpg\" alt=\"Xo\u00e0i S\u1ea5y D\u1ebbo\" width=\"550\" height=\"550\" \/><br \/>\nH\u1ed7 tr\u1ee3 ti\u00eau h\u00f3a: Trong xo\u00e0i c\u00f3 ch\u1ee9a c\u00e1c enzyme gi\u00fap ph\u00e1 v\u1ee1 protein, t\u1ea1o \u0111i\u1ec1u ki\u1ec7n thu\u1eadn l\u1ee3i cho s\u1ef1 h\u1ea5p th\u1ee5 v\u00e0o c\u01a1 th\u1ec3, ch\u1ea5t x\u01a1 c\u00f3 trong xo\u00e0i c\u0169ng gi\u00fap \u00edch d\u1ed3i d\u00e0o trong vi\u1ec7c h\u1ed7 tr\u1ee3 h\u1ec7 ti\u00eau h\u00f3a l\u00e0m vi\u1ec7c.<br \/>\nNg\u0103n ng\u1eeba b\u1ec7nh tim: L\u00e0 lo\u1ea1i tr\u00e1i c\u00e2y tuy\u1ec7t v\u1eddi cung \u1ee9ng vitamin A, E v\u00e0 selen cho c\u01a1 th\u1ec3 v\u00e0 gi\u00fap ch\u1ed1ng l\u1ea1i b\u1ec7nh tim. Xo\u00e0i c\u0169ng r\u1ea5t gi\u00e0u vitamin B6, \u0111\u00f3ng vai tr\u00f2 quan y\u1ebfu trong vi\u1ec7c ng\u0103n ng\u1eeba b\u1ec7nh tim b\u1eb1ng c\u00e1ch gi\u1ea3m m\u1ee9c \u0111\u1ed9 homocysteine. Homocysteine l\u00e0 m\u1ed9t axit amin trong m\u00e1u g\u00e2y t\u1ed5n th\u01b0\u01a1ng m\u1ea1ch m\u00e1u.<\/p>\n<p><img decoding=\"async\" class=\"aligncenter\" src=\"https:\/\/nonglamfood.com\/uploads\/images\/tin-tuc\/xoai-say-deo.jpg\" alt=\"Nh\u1eefng l\u1ee3i \u00edch t\u1eeb m\u00f3n xo\u00e0i s\u1ea5y d\u1ebbo mang l\u1ea1i cho s\u1ee9c kh\u1ecfe\" width=\"507\" height=\"507\" \/><br \/>\nGi\u1ea3m LDL cholesterol: H\u00e0m l\u01b0\u1ee3ng pectin v\u00e0 vitamin C cao c\u00f3 trong xo\u00e0i gi\u00fap l\u00e0m gi\u1ea3m m\u1ee9c LDL cholesterol trong th\u00e2n th\u1ec3, kh\u00e1c l\u1ea1 l\u00e0 LDL cholesterol x\u1ea5u.<\/p>\n<p>Ch\u1ec9 s\u1eed d\u1ee5ng tr\u00e1i c\u00e2y t\u01b0\u01a1i \u0111\u01b0\u1ee3c thu mua t\u1eeb c\u00e1c v\u01b0\u1eddn tr\u00e1i c\u00e2y Vi\u1ec7t Nam, FNV cam k\u1ebft \u0111em \u0111\u1ebfn nh\u1eefng s\u1ea3n ph\u1ea9m an to\u00e0n, h\u1ee3p v\u1ec7 sinh v\u00e0 h\u01b0\u01a1ng v\u1ecb thanh ng\u1ecdt t\u1ef1 nhi\u00ean. Kh\u00f4ng s\u1eed d\u1ee5ng ch\u1ea5t b\u1ea3o qu\u1ea3n v\u00e0 quy tr\u00ecnh s\u1ea5y hi\u1ec7n \u0111\u1ea1i gi\u1eef l\u1ea1i dinh d\u01b0\u1ee1ng c\u1ee7a s\u1ea3n ph\u1ea9m. FNV l\u00e0 s\u1ef1 l\u1ef1a ch\u1ecdn tuy\u1ec7t v\u1eddi cho s\u1ee9c kh\u1ecfe c\u1ee7a b\u1ea1n v\u00e0 ng\u01b0\u1eddi th\u00e2n.<\/p>","protected":false},"excerpt":{"rendered":"<p><span style=\"font-weight: 400\">Xo\u00e0i s\u1ea5y d\u1ebbo l\u00e0 d\u00f2ng s\u1ea3n ph\u1ea9m s\u1ea5y d\u1ebbo c\u1ee7a FNVFoods, \u00e1p d\u1ee5ng c\u00f4ng ngh\u1ec7 s\u1ea5y ch\u00e2n kh\u00f4ng, cho s\u1ea3n ph\u1ea9m d\u1ebbo, v\u1ecb ng\u1ecdt t\u1ef1 nhi\u00ean, m\u00e0u v\u00e0ng c\u1ee7a tr\u00e1i Xo\u00e0i t\u01b0\u01a1i, ho\u00e0n to\u00e0n kh\u00f4ng c\u00f3 \u0111\u01b0\u1eddng hay b\u1ea5t k\u00ec ch\u1ea5t ph\u1ee5 gia n\u00e0o. <\/span><\/p>","protected":false},"featured_media":14003,"comment_status":"open","ping_status":"closed","template":"","meta":[],"product_brand":[],"product_cat":[36,134],"product_tag":[],"class_list":{"0":"post-14002","1":"product","2":"type-product","3":"status-publish","4":"has-post-thumbnail","6":"product_cat-thuc-pham-tieu-dung","7":"product_cat-thucpham-saykho","8":"pa_brand-fnv","10":"first","11":"outofstock","12":"sale","13":"shipping-taxable","14":"purchasable","15":"product-type-simple"},"_links":{"self":[{"href":"https:\/\/havamall.vn\/en\/wp-json\/wp\/v2\/product\/14002"}],"collection":[{"href":"https:\/\/havamall.vn\/en\/wp-json\/wp\/v2\/product"}],"about":[{"href":"https:\/\/havamall.vn\/en\/wp-json\/wp\/v2\/types\/product"}],"replies":[{"embeddable":true,"href":"https:\/\/havamall.vn\/en\/wp-json\/wp\/v2\/comments?post=14002"}],"version-history":[{"count":0,"href":"https:\/\/havamall.vn\/en\/wp-json\/wp\/v2\/product\/14002\/revisions"}],"wp:featuredmedia":[{"embeddable":true,"href":"https:\/\/havamall.vn\/en\/wp-json\/wp\/v2\/media\/14003"}],"wp:attachment":[{"href":"https:\/\/havamall.vn\/en\/wp-json\/wp\/v2\/media?parent=14002"}],"wp:term":[{"taxonomy":"product_brand","embeddable":true,"href":"https:\/\/havamall.vn\/en\/wp-json\/wp\/v2\/product_brand?post=14002"},{"taxonomy":"product_cat","embeddable":true,"href":"https:\/\/havamall.vn\/en\/wp-json\/wp\/v2\/product_cat?post=14002"},{"taxonomy":"product_tag","embeddable":true,"href":"https:\/\/havamall.vn\/en\/wp-json\/wp\/v2\/product_tag?post=14002"}],"curies":[{"name":"wp","href":"https:\/\/api.w.org\/{rel}","templated":true}]}}