{"id":13906,"date":"2020-03-26T13:54:11","date_gmt":"2020-03-26T06:54:11","guid":{"rendered":"https:\/\/havamall.vn\/?post_type=product&#038;p=13906"},"modified":"2023-03-23T15:39:12","modified_gmt":"2023-03-23T08:39:12","slug":"banh-pho-mai-ong-gia-mr-chefs-105g-mr-chefs-cheese-cake-105g","status":"publish","type":"product","link":"https:\/\/havamall.vn\/en\/shop\/banh-pho-mai-ong-gia-mr-chefs-105g-mr-chefs-cheese-cake-105g\/","title":{"rendered":"B\u00e1nh Ph\u00f4 Mai \u00d4ng Gi\u00e0 Mr.Chef&#8217;s 105g &#8211; Mr.Chef&#8217;s Cheese Cake 105g"},"content":{"rendered":"<p><span style=\"font-weight: 400\">B\u00e1nh ph\u00f4 mai \u00f4ng gi\u00e0 Mr. Chef\u2019s hi\u1ec7u Samlip nh\u1eb9 x\u1ed1p, m\u1ec1m m\u1ecbn, th\u01a1m ng\u1eady v\u1edbi v\u1ecb th\u01a1m ngon \u0111\u1eb7c tr\u01b0ng c\u1ee7a kem ph\u00f4 mai, khi b\u1ecf v\u00e0o mi\u1ec7ng, mi\u1ebfng b\u00e1nh l\u1eadp t\u1ee9c tan ngay. Kh\u00f4ng \u00edt th\u1ef1c kh\u00e1ch sau khi n\u1ebfm h\u01b0\u01a1ng v\u1ecb b\u00e1nh ph\u00f4 mai \u00f4ng gi\u00e0 c\u1ee7a H\u00e0n Qu\u1ed1c n\u00e0y \u0111\u00e3 b\u1ecb \u201cnghi\u1ec7n\u201d c\u00e1i v\u1ecb b\u00e9o pha ch\u00fat th\u01a1m ng\u1eady c\u1ee7a b\u00e1nh.<\/span><\/p>\n<p><span style=\"font-weight: 400\">B\u00e1nh ph\u00f4 mai \u00f4ng gi\u00e0 Mr. Chef\u2019s hi\u1ec7u Samlip n\u00e0y \u0111\u00e3 c\u00f3 m\u1eb7t \u1edf nhi\u1ec1u n\u01b0\u1edbc nh\u01b0 Nh\u1eadt B\u1ea3n, Singapore, Trung Qu\u1ed1c, Malaysia,\u2026 trong \u0111\u00f3 c\u00f3 c\u1ea3 Vi\u1ec7t Nam<\/span><\/p>\n<p><span style=\"font-weight: 400\">.<img fetchpriority=\"high\" decoding=\"async\" class=\"wp-image-14040 aligncenter\" src=\"https:\/\/havamall.vn\/wp-content\/uploads\/2020\/03\/img20180402143730917-1-300x200.jpg\" alt=\"\" width=\"853\" height=\"568\" srcset=\"https:\/\/havamall.vn\/wp-content\/uploads\/2020\/03\/img20180402143730917-1-300x200.jpg 300w, https:\/\/havamall.vn\/wp-content\/uploads\/2020\/03\/img20180402143730917-1-430x287.jpg 430w, https:\/\/havamall.vn\/wp-content\/uploads\/2020\/03\/img20180402143730917-1-150x100.jpg 150w, https:\/\/havamall.vn\/wp-content\/uploads\/2020\/03\/img20180402143730917-1-600x400.jpg 600w, https:\/\/havamall.vn\/wp-content\/uploads\/2020\/03\/img20180402143730917-1.jpg 640w\" sizes=\"(max-width: 853px) 100vw, 853px\" \/><\/span><\/p>\n<p><span style=\"font-weight: 400\">K\u1ebft c\u1ea5u b\u00e1nh v\u00f4 c\u00f9ng \u0111\u1eb7c bi\u1ec7t: m\u1ecbn nh\u1eb9 v\u00e0 x\u1ed1p ph\u1ed3ng nh\u01b0 b\u00f4ng. B\u1ea1n c\u00f3 th\u1ebf th\u1ea5y c\u1ea3m nh\u1eadn \u0111i\u1ec1u n\u00e0y v\u1edbi c\u1ed1t b\u00e1nh m\u1ec1m, kh\u00f4ng b\u1ecb qu\u00e1 \u1ea9m, c\u00f3 \u0111\u1ed9 rung \u201cph\u00e1t th\u00e8m\u201d.<\/span><\/p>\n<p style=\"text-align: center\"><img decoding=\"async\" class=\"alignnone wp-image-14035\" src=\"https:\/\/havamall.vn\/wp-content\/uploads\/2020\/03\/cheesecakie-300x300.jpg\" alt=\"\" width=\"614\" height=\"614\" srcset=\"https:\/\/havamall.vn\/wp-content\/uploads\/2020\/03\/cheesecakie-300x300.jpg 300w, https:\/\/havamall.vn\/wp-content\/uploads\/2020\/03\/cheesecakie-430x430.jpg 430w, https:\/\/havamall.vn\/wp-content\/uploads\/2020\/03\/cheesecakie-150x150.jpg 150w, https:\/\/havamall.vn\/wp-content\/uploads\/2020\/03\/cheesecakie-700x700.jpg 700w, https:\/\/havamall.vn\/wp-content\/uploads\/2020\/03\/cheesecakie-768x768.jpg 768w, https:\/\/havamall.vn\/wp-content\/uploads\/2020\/03\/cheesecakie-600x600.jpg 600w, https:\/\/havamall.vn\/wp-content\/uploads\/2020\/03\/cheesecakie-100x100.jpg 100w, https:\/\/havamall.vn\/wp-content\/uploads\/2020\/03\/cheesecakie.jpg 880w\" sizes=\"(max-width: 614px) 100vw, 614px\" \/><\/p>\n<p><span style=\"font-weight: 400\">N\u1ebfu \u0111\u01b0\u1ee3c ch\u1ecdn \u201cn\u1eef ho\u00e0ng c\u1ee7a b\u00e1nh b\u00f4ng lan\u201d, ch\u1eafc \u00edt lo\u1ea1i b\u00e1nh n\u00e0o c\u00f3 th\u1ec3 qua m\u1eb7t m\u00f3n b\u00e1nh Japanese Cheese Cake. T\u1ea1i Nh\u1eadt B\u1ea3n, chi\u1ebfc b\u00e1nh n\u00e0y c\u00f2n \u0111\u01b0\u1ee3c g\u1ecdi l\u00e0 sponge cake ho\u1eb7c cotton cheesecake. S\u1edf d\u0129 \u0111\u01b0\u1ee3c g\u1ecdi nh\u01b0 v\u1eady, l\u00e0 do k\u1ebft c\u1ea5u b\u00e1nh v\u00f4 c\u00f9ng \u0111\u1eb7c bi\u1ec7t: m\u1ecbn nh\u1eb9 v\u00e0 x\u1ed1p ph\u1ed3ng nh\u01b0 b\u00f4ng. <\/span><\/p>\n<p><span style=\"font-weight: 400\">T\u1ea5t nhi\u00ean, \u0111\u1ec3 l\u00e0m ra \u0111\u01b0\u1ee3c chi\u1ebfc b\u00e1nh xu\u1ea5t s\u1eafc \u201ctr\u00ean c\u1ea3 tuy\u1ec7t v\u1eddi\u201d nh\u01b0 v\u1eady, th\u00ec \u0111\u1eb1ng sau \u0111\u00f3 l\u00e0 c\u1ea3 m\u1ed9t chu\u1ed7i c\u00e1c y\u00eau c\u1ea7u kh\u1eaft khe, m\u00e0 m\u1edbi nghe \u0111\u00e3 d\u1ec5 khi\u1ebfn ng\u01b0\u1eddi kh\u00e1c n\u1ea3n l\u00f2ng.<\/span><\/p>\n<p><span style=\"font-weight: 400\">Ng\u01b0\u1eddi \u0111\u1ea7u b\u1ebfp ph\u1ea3i th\u1eadt ki\u00ean nh\u1eabn v\u00e0 t\u1eadp trung cao \u0111\u1ed9, v\u00ec h\u1ea7u h\u1ebft c\u00e1c b\u01b0\u1edbc ph\u1ea3i l\u00e0m b\u1eb1ng tay v\u1edbi k\u0129 thu\u1eadt t\u1ed1t, t\u1ec9 m\u1ec9 \u0111\u1ec3 \u0111\u1ea3m b\u1ea3o b\u00e1nh b\u00f4ng \u0111\u1ec1u sau khi n\u01b0\u1edbng. Nh\u1eefng kh\u00e2u c\u1ea7n s\u1eed d\u1ee5ng nhi\u1ec7t, \u0111\u1ec1u b\u1eaft bu\u1ed9c d\u00f9ng ph\u01b0\u01a1ng ph\u00e1p c\u00e1ch thu\u1ef7, \u0111\u1ec3 l\u01b0u gi\u1eef ch\u1ea5t l\u01b0\u1ee3ng nguy\u00ean li\u1ec7u, \u0111\u1eb7c bi\u1ec7t l\u00e0 ph\u00f4 mai \u0111\u1ebfn m\u1ee9c t\u1ed1i \u0111a.<\/span><\/p>\n<p><span style=\"font-weight: 400\">\u0110\u1ebfn giai \u0111o\u1ea1n n\u01b0\u1edbng, b\u00e1nh \u0111\u00f2i h\u1ecfi ph\u1ea3i \u0111\u01b0\u1ee3c \u0111\u1eb7c bi\u1ec7t ch\u00fa \u00fd nhi\u1ec1u h\u01a1n. Ng\u01b0\u1eddi th\u1ee3 ph\u1ea3i quan s\u00e1t li\u00ean t\u1ee5c \u0111\u1ec3 canh nhi\u1ec7t \u0111\u1ed9 trong l\u00f2, c\u0169ng nh\u01b0 th\u1eddi gian n\u01b0\u1edbng b\u00e1nh ch\u00ednh x\u00e1c.<\/span><\/p>\n<p><span style=\"font-weight: 400\">Ch\u1ec9 c\u1ea7n l\u01a1 l\u00e0 m\u1ed9t t\u00ed th\u00ec b\u00e1nh s\u1ebd h\u1ecfng v\u1ecb do ch\u1ea5t l\u01b0\u1ee3ng c\u1ee7a c\u00e1c nguy\u00ean li\u1ec7u b\u1ecb m\u1ea5t c\u00e2n b\u1eb1ng, h\u01a1i \u1ea9m c\u1ee7a b\u00e1nh kh\u00f4ng \u0111\u01b0\u1ee3c \u1ed5n \u0111\u1ecbnh l\u00e0m cho b\u1ec1 m\u1eb7t b\u00e1nh b\u1ecb n\u1ee9t ho\u1eb7c qu\u00e1 kh\u00f4. V\u00e0 th\u1ebf l\u00e0 nguy\u00ean m\u1ebb b\u00e1nh \u0111\u00f3, xem nh\u01b0 \u201c\u0111i tong\u201d. Th\u1ef1c s\u1ef1, ch\u1ec9 c\u00f3 ng\u01b0\u1eddi \u0111\u1ea7y t\u00e2m huy\u1ebft v\u1edbi b\u00e1nh m\u1edbi \u0111\u1ee7 t\u1ec9 m\u1ea9n \u0111\u1ec3 nghi\u1ec7m h\u1ebft nh\u1eefng tinh hoa trong t\u1eebng b\u01b0\u1edbc l\u00e0m.<\/span><\/p>\n<p style=\"text-align: center\"><img decoding=\"async\" class=\"alignnone wp-image-14036\" src=\"https:\/\/havamall.vn\/wp-content\/uploads\/2020\/03\/1469162698330-300x168.jpg\" alt=\"\" width=\"778\" height=\"436\" srcset=\"https:\/\/havamall.vn\/wp-content\/uploads\/2020\/03\/1469162698330-300x168.jpg 300w, https:\/\/havamall.vn\/wp-content\/uploads\/2020\/03\/1469162698330-430x241.jpg 430w, https:\/\/havamall.vn\/wp-content\/uploads\/2020\/03\/1469162698330-150x84.jpg 150w, https:\/\/havamall.vn\/wp-content\/uploads\/2020\/03\/1469162698330-600x336.jpg 600w, https:\/\/havamall.vn\/wp-content\/uploads\/2020\/03\/1469162698330.jpg 620w\" sizes=\"(max-width: 778px) 100vw, 778px\" \/><\/p>\n<p><span style=\"font-weight: 400\">B\u00e1nh v\u00e0o mi\u1ec7ng, nh\u1eb9 tan v\u1edbi v\u1ecb ph\u00f4 mai lan t\u1ecfa \u0111\u1ebfn t\u1eebng t\u1ebf b\u00e0o tr\u00ean l\u01b0\u1ee1i r\u1ea5t thanh, khi\u1ebfn b\u1ea1n \u0103n m\u1ed9t mi\u1ebfng c\u1ee9 mu\u1ed1n ti\u1ebfp t\u1ee5c. C\u00f3 m\u1ed9t \u0111i\u1ec1u th\u00fa v\u1ecb cho c\u00e1c t\u00edn \u0111\u1ed3 ph\u00f4 mai \u0111\u00e2y: Japanese cheesecake c\u00f3 \u00edt calo h\u01a1n cheesecake truy\u1ec1n th\u1ed1ng r\u1ea5t nhi\u1ec1u, tha h\u1ed3 th\u01b0\u1edfng th\u1ee9c m\u00e0 v\u1eabn kh\u00f4ng lo t\u0103ng c\u00e2n nh\u00e9. \u0110\u1eb7c bi\u1ec7t, b\u00e1nh c\u00f3 th\u1ec3 \u0103n n\u00f3ng v\u00e0 l\u1ea1nh \u0111\u1ec1u \u0111\u01b0\u1ee3c v\u1edbi hai c\u1ea3m nh\u1eadn h\u01b0\u01a1ng v\u1ecb ho\u00e0n to\u00e0n kh\u00e1c nhau.<\/span><\/p>","protected":false},"excerpt":{"rendered":"<p><span style=\"font-weight: 400\">B\u00e1nh ph\u00f4 mai \u00f4ng gi\u00e0 Mr. Chef\u2019s hi\u1ec7u Samlip nh\u1eb9 x\u1ed1p, m\u1ec1m m\u1ecbn, th\u01a1m ng\u1eady v\u1edbi v\u1ecb th\u01a1m ngon \u0111\u1eb7c tr\u01b0ng c\u1ee7a kem ph\u00f4 mai, khi b\u1ecf v\u00e0o mi\u1ec7ng, mi\u1ebfng b\u00e1nh l\u1eadp t\u1ee9c tan ngay.<\/span><\/p>","protected":false},"featured_media":13926,"comment_status":"open","ping_status":"closed","template":"","meta":[],"product_brand":[],"product_cat":[36,133],"product_tag":[],"class_list":{"0":"post-13906","1":"product","2":"type-product","3":"status-publish","4":"has-post-thumbnail","6":"product_cat-thuc-pham-tieu-dung","7":"product_cat-banh-keo-chocolate","9":"first","10":"instock","11":"sale","12":"shipping-taxable","13":"purchasable","14":"product-type-simple"},"_links":{"self":[{"href":"https:\/\/havamall.vn\/en\/wp-json\/wp\/v2\/product\/13906"}],"collection":[{"href":"https:\/\/havamall.vn\/en\/wp-json\/wp\/v2\/product"}],"about":[{"href":"https:\/\/havamall.vn\/en\/wp-json\/wp\/v2\/types\/product"}],"replies":[{"embeddable":true,"href":"https:\/\/havamall.vn\/en\/wp-json\/wp\/v2\/comments?post=13906"}],"version-history":[{"count":0,"href":"https:\/\/havamall.vn\/en\/wp-json\/wp\/v2\/product\/13906\/revisions"}],"wp:featuredmedia":[{"embeddable":true,"href":"https:\/\/havamall.vn\/en\/wp-json\/wp\/v2\/media\/13926"}],"wp:attachment":[{"href":"https:\/\/havamall.vn\/en\/wp-json\/wp\/v2\/media?parent=13906"}],"wp:term":[{"taxonomy":"product_brand","embeddable":true,"href":"https:\/\/havamall.vn\/en\/wp-json\/wp\/v2\/product_brand?post=13906"},{"taxonomy":"product_cat","embeddable":true,"href":"https:\/\/havamall.vn\/en\/wp-json\/wp\/v2\/product_cat?post=13906"},{"taxonomy":"product_tag","embeddable":true,"href":"https:\/\/havamall.vn\/en\/wp-json\/wp\/v2\/product_tag?post=13906"}],"curies":[{"name":"wp","href":"https:\/\/api.w.org\/{rel}","templated":true}]}}