{"id":13901,"date":"2020-03-25T17:05:17","date_gmt":"2020-03-25T10:05:17","guid":{"rendered":"https:\/\/havamall.vn\/?post_type=product&#038;p=13901"},"modified":"2021-06-24T15:20:37","modified_gmt":"2021-06-24T08:20:37","slug":"keo-chocolate-nhan-bac-ha-andes-hop-20x30g","status":"publish","type":"product","link":"https:\/\/havamall.vn\/en\/shop\/keo-chocolate-nhan-bac-ha-andes-hop-20x30g\/","title":{"rendered":"K\u1eb9o Chocolate Nh\u00e2n B\u1ea1c H\u00e0 Andes H\u1ed9p 20x30g"},"content":{"rendered":"<p><span style=\"font-weight: 400\">Socola Andes l\u00e0 s\u1ea3n ph\u1ea9m l\u00e2u \u0111\u1eddi t\u1eeb n\u0103m 1950 c\u1ee7a M\u1ef9. Socola Andes Mint l\u00e0 m\u1ed9t s\u1ef1 pha tr\u1ed9n tinh t\u1ebf gi\u1eefa socola c\u00f9ng v\u1edbi h\u01b0\u01a1ng v\u1ecb b\u1ea1c h\u00e0 truy\u1ec1n th\u1ed1ng, ph\u00f9 h\u1ee3p v\u1edbi m\u1ecdi l\u1ee9a tu\u1ed5i.<\/span><\/p>\n<p><span style=\"font-weight: 400\">Kh\u00f4ng ch\u1ec9 l\u00e0 m\u1ed9t m\u00f3n \u0103n v\u1eb7t \u0111\u01b0\u1ee3c \u01b0a th\u00edch, socola c\u00f2n \u0111\u01b0\u1ee3c bi\u1ebft t\u1edbi v\u1edbi nh\u1eefng c\u00f4ng d\u1ee5ng t\u1ed1t cho s\u1ee9c kh\u1ecfe. Kh\u00f4ng ch\u1ee9a h\u00f3a ch\u1ea5t, ch\u1ea5t b\u1ea3o qu\u1ea3n \u0111\u1ed9c h\u1ea1i.<\/span><\/p>\n<p><span style=\"font-weight: 400\">Socola Andes l\u00e0 s\u1ef1 k\u1ebft h\u1ee3p tuy\u1ec7t v\u1eddi c\u1ee7a socola m\u1ecfng k\u1eb9p gi\u1eefa 2 l\u1edbp b\u1ea1c h\u00e0 s\u1eefa ngon tuy\u1ec7t, the m\u00e1t. S\u1ef1 k\u1ebft h\u1ee3p tuy\u1ec7t v\u1eddi c\u1ee7a h\u01b0\u01a1ng v\u1ecb b\u1ea1c h\u00e0 s\u1eefa v\u00e0 socola l\u00e0 n\u1ec1n t\u1ea3ng c\u1ee7a th\u01b0\u01a1ng hi\u1ec7u.<\/span><\/p>\n<p><span style=\"font-weight: 400\">Socola nh\u00e2n b\u1ea1c h\u00e0 s\u1eefa Andes \u0111\u01b0\u1ee3c s\u1ea3n xu\u1ea5t theo c\u00f4ng ngh\u1ec7 hi\u1ec7n \u0111\u1ea1i, m\u1ecdi kh\u00e2u t\u1eeb tuy\u1ec3n ch\u1ecdn nguy\u00ean li\u1ec7u t\u1edbi ch\u1ebf bi\u1ebfn, \u0111\u00f3ng g\u00f3i \u0111\u1ec1u di\u1ec5n ra kh\u00e9p k\u00edn d\u01b0\u1edbi s\u1ef1 gi\u00e1m s\u00e1t v\u00e0 ki\u1ec3m tra nghi\u00eam ng\u1eb7t. S\u1ea3n ph\u1ea9m kh\u00f4ng ch\u1ee9a h\u00f3a ch\u1ea5t, ch\u1ea5t b\u1ea3o qu\u1ea3n \u0111\u1ed9c h\u1ea1i, \u0111\u1ea3m b\u1ea3o an to\u00e0n cho s\u1ee9c kh\u1ecfe ng\u01b0\u1eddi ti\u00eau d\u00f9ng.\u00a0<\/span><\/p>\n<p style=\"text-align: center\"><img fetchpriority=\"high\" decoding=\"async\" class=\"alignnone wp-image-13890\" src=\"https:\/\/havamall.vn\/wp-content\/uploads\/2020\/03\/andes800mint-300x300.png\" alt=\"\" width=\"615\" height=\"615\" srcset=\"https:\/\/havamall.vn\/wp-content\/uploads\/2020\/03\/andes800mint-300x300.png 300w, https:\/\/havamall.vn\/wp-content\/uploads\/2020\/03\/andes800mint-430x430.png 430w, https:\/\/havamall.vn\/wp-content\/uploads\/2020\/03\/andes800mint-150x150.png 150w, https:\/\/havamall.vn\/wp-content\/uploads\/2020\/03\/andes800mint-700x700.png 700w, https:\/\/havamall.vn\/wp-content\/uploads\/2020\/03\/andes800mint-768x768.png 768w, https:\/\/havamall.vn\/wp-content\/uploads\/2020\/03\/andes800mint-600x600.png 600w, https:\/\/havamall.vn\/wp-content\/uploads\/2020\/03\/andes800mint-100x100.png 100w, https:\/\/havamall.vn\/wp-content\/uploads\/2020\/03\/andes800mint.png 800w\" sizes=\"(max-width: 615px) 100vw, 615px\" \/><\/p>\n<p><span style=\"font-weight: 400\">B\u1eb1ng kinh nghi\u1ec7m l\u00e2u n\u0103m trong vi\u1ec7c s\u1ea3n xu\u1ea5t socola, Andes mang \u0111\u1ebfn tay ng\u01b0\u1eddi ti\u00eau d\u00f9ng s\u1ea3n ph\u1ea9m Socola v\u1edbi h\u01b0\u01a1ng v\u1ecb ng\u1ecdt ng\u00e0o truy\u1ec1n th\u1ed1ng, ph\u00f9 h\u1ee3p v\u1edbi m\u1ecdi l\u1ee9a tu\u1ed5i. Kh\u00f4ng ch\u1ec9 l\u00e0 m\u1ed9t m\u00f3n \u0103n v\u1eb7t \u0111\u01b0\u1ee3c \u01b0a th\u00edch, socola c\u00f2n \u0111\u01b0\u1ee3c bi\u1ebft t\u1edbi v\u1edbi nh\u1eefng c\u00f4ng d\u1ee5ng t\u1ed1t cho s\u1ee9c kh\u1ecfe.\u00a0<\/span><\/p>\n<p><span style=\"font-weight: 400\">K\u1eb9o socola nh\u00e2n b\u1ea1c h\u00e0 s\u1eefa Andes gi\u00fap cung c\u1ea5p n\u0103ng l\u01b0\u1ee3ng cho m\u1ed9t s\u1ed1 ho\u1ea1t \u0111\u1ed9ng th\u01b0\u1eddng ng\u00e0y, cung c\u1ea5p vitamin v\u00e0 kho\u00e1ng ch\u1ea5t cho c\u01a1 th\u1ec3 c\u0169ng nh\u01b0 c\u00f3 t\u00e1c d\u1ee5ng t\u1ed1t trong vi\u1ec7c gi\u1ea3i t\u1ecfa stress v\u00e0 h\u1ed7 tr\u1ee3 h\u1ec7 tim m\u1ea1ch.<\/span><\/p>\n<p><span style=\"font-weight: 400\">K\u1eb9o Socola nh\u00e2n b\u1ea1c h\u00e0 Andes \u0111\u01b0\u1ee3c s\u1ea3n xu\u1ea5t theo c\u00f4ng ngh\u1ec7 hi\u1ec7n \u0111\u1ea1i, m\u1ecdi kh\u00e2u t\u1eeb tuy\u1ec3n ch\u1ecdn nguy\u00ean li\u1ec7u t\u1edbi ch\u1ebf bi\u1ebfn, \u0111\u00f3ng g\u00f3i \u0111\u1ec1u di\u1ec5n ra kh\u00e9p k\u00edn d\u01b0\u1edbi s\u1ef1 gi\u00e1m s\u00e1t v\u00e0 ki\u1ec3m tra nghi\u00eam ng\u1eb7t. S\u1ea3n ph\u1ea9m kh\u00f4ng ch\u1ee9a h\u00f3a ch\u1ea5t, ch\u1ea5t b\u1ea3o qu\u1ea3n \u0111\u1ed9c h\u1ea1i, \u0111\u1ea3m b\u1ea3o an to\u00e0n cho s\u1ee9c kh\u1ecfe ng\u01b0\u1eddi ti\u00eau d\u00f9ng. B\u1eb1ng kinh nghi\u1ec7m l\u00e2u n\u0103m trong vi\u1ec7c s\u1ea3n xu\u1ea5t s\u00f4 c\u00f4 la, Andes mang \u0111\u1ebfn tay ng\u01b0\u1eddi ti\u00eau d\u00f9ng s\u1ea3n ph\u1ea9m s\u00f4 c\u00f4 la v\u1edbi h\u01b0\u01a1ng v\u1ecb ng\u1ecdt ng\u00e0o truy\u1ec1n th\u1ed1ng, ph\u00f9 h\u1ee3p v\u1edbi m\u1ecdi l\u1ee9a tu\u1ed5i. Kh\u00f4ng ch\u1ec9 l\u00e0 m\u1ed9t m\u00f3n \u0103n v\u1eb7t \u0111\u01b0\u1ee3c \u01b0a th\u00edch, Socola c\u00f2n \u0111\u01b0\u1ee3c bi\u1ebft t\u1edbi v\u1edbi nh\u1eefng c\u00f4ng d\u1ee5ng t\u1ed1t cho s\u1ee9c kh\u1ecfe. K\u1eb9o s\u00f4 c\u00f4 la nh\u00e2n b\u1ea1c h\u00e0 Andes gi\u00fap cung c\u1ea5p n\u0103ng l\u01b0\u1ee3ng cho m\u1ed9t s\u1ed1 ho\u1ea1t \u0111\u1ed9ng th\u01b0\u1eddng ng\u00e0y, cung c\u1ea5p vitamin v\u00e0 kho\u00e1ng ch\u1ea5t cho c\u01a1 th\u1ec3 c\u0169ng nh\u01b0 c\u00f3 t\u00e1c d\u1ee5ng t\u1ed1t trong vi\u1ec7c gi\u1ea3i t\u1ecfa stress v\u00e0 h\u1ed7 tr\u1ee3 h\u1ec7 tim m\u1ea1ch.<\/span><\/p>\n<p style=\"text-align: center\"><img decoding=\"async\" class=\"alignnone wp-image-13889\" src=\"https:\/\/havamall.vn\/wp-content\/uploads\/2020\/03\/andes-mint-300x185.jpg\" alt=\"\" width=\"621\" height=\"383\" srcset=\"https:\/\/havamall.vn\/wp-content\/uploads\/2020\/03\/andes-mint-300x185.jpg 300w, https:\/\/havamall.vn\/wp-content\/uploads\/2020\/03\/andes-mint-430x265.jpg 430w, https:\/\/havamall.vn\/wp-content\/uploads\/2020\/03\/andes-mint-150x92.jpg 150w, https:\/\/havamall.vn\/wp-content\/uploads\/2020\/03\/andes-mint-700x431.jpg 700w, https:\/\/havamall.vn\/wp-content\/uploads\/2020\/03\/andes-mint-768x473.jpg 768w, https:\/\/havamall.vn\/wp-content\/uploads\/2020\/03\/andes-mint-1024x630.jpg 1024w, https:\/\/havamall.vn\/wp-content\/uploads\/2020\/03\/andes-mint-1200x739.jpg 1200w, https:\/\/havamall.vn\/wp-content\/uploads\/2020\/03\/andes-mint-600x369.jpg 600w\" sizes=\"(max-width: 621px) 100vw, 621px\" \/><\/p>\n<h2><span style=\"font-weight: 400\">L\u1ee3i \u00edch c\u1ee7a Socola:<\/span><\/h2>\n<h3><span style=\"font-weight: 400\">Mang \u0111\u1ebfn tr\u00e1i tim kh\u1ecfe m\u1ea1nh<\/span><\/h3>\n<p><span style=\"font-weight: 400\">R\u1ea5t nhi\u1ec1u nghi\u00ean c\u1ee9u cho th\u1ea5y r\u1eb1ng flavonoid trong socola c\u00f3 th\u1ec3 gi\u00fap t\u0129nh m\u1ea1ch v\u00e0 \u0111\u1ed9ng m\u1ea1ch tr\u1edf n\u00ean d\u1ebbo dai h\u01a1n. C\u00f3 t\u1edbi 7 nghi\u00ean c\u1ee9u \u0111\u00e3 theo d\u00f5i 114.000 ng\u01b0\u1eddi \u0111\u01b0\u1ee3c cho \u0103n m\u1ed9t v\u00e0i ph\u1ea7n socola \u0111en trong m\u1ed9t tu\u1ea7n. K\u1ebft qu\u1ea3 cho th\u1ea5y nh\u1eefng ng\u01b0\u1eddi \u0111\u01b0\u1ee3c cho \u0103n socola gi\u1ea3m nguy c\u01a1 \u0111au tim xu\u1ed1ng kho\u1ea3ng 37%, \u0111\u1ed3ng th\u1eddi nguy c\u01a1 \u0111\u1ed9t qu\u1ef5 c\u0169ng gi\u1ea3m 29% .<\/span><\/p>\n<h3><span style=\"font-weight: 400\">H\u1ea1n ch\u1ebf da b\u1ecb ch\u00e1y n\u1eafng<\/span><\/h3>\n<p><span style=\"font-weight: 400\">M\u1ed9t nghi\u00ean c\u1ee9u \u0111\u01b0\u1ee3c th\u1ef1c hi\u1ec7n t\u1ea1i London cho th\u1ea5y nh\u1eefng ph\u1ee5 n\u1eef \u0103n socola c\u00f3 h\u00e0m l\u01b0\u1ee3ng flavanols cao c\u00f3 th\u1ec3 ch\u1ecbu \u0111\u1ef1ng \u0111\u01b0\u1ee3c g\u1ea5p \u0111\u00f4i l\u01b0\u1ee3ng tia c\u1ef1c t\u00edm tr\u00ean da m\u00e0 kh\u00f4ng h\u1ec1 b\u1ecb ch\u00e1y n\u1eafng ho\u1eb7c \u0111en s\u1ea1m. Trong khi \u0111\u00f3, nh\u1eefng ng\u01b0\u1eddi kh\u00f4ng d\u00f9ng socola th\u00ec t\u00ecnh tr\u1ea1ng da b\u1ecb b\u1eaft n\u1eafng v\u1eabn x\u1ea3y ra.<\/span><\/p>\n<p style=\"text-align: center\"><img decoding=\"async\" class=\"alignnone wp-image-13893\" src=\"https:\/\/havamall.vn\/wp-content\/uploads\/2020\/03\/andesss-300x300.png\" alt=\"\" width=\"445\" height=\"445\" srcset=\"https:\/\/havamall.vn\/wp-content\/uploads\/2020\/03\/andesss-300x300.png 300w, https:\/\/havamall.vn\/wp-content\/uploads\/2020\/03\/andesss-430x430.png 430w, https:\/\/havamall.vn\/wp-content\/uploads\/2020\/03\/andesss-150x150.png 150w, https:\/\/havamall.vn\/wp-content\/uploads\/2020\/03\/andesss-700x700.png 700w, https:\/\/havamall.vn\/wp-content\/uploads\/2020\/03\/andesss-768x768.png 768w, https:\/\/havamall.vn\/wp-content\/uploads\/2020\/03\/andesss-600x600.png 600w, https:\/\/havamall.vn\/wp-content\/uploads\/2020\/03\/andesss-100x100.png 100w, https:\/\/havamall.vn\/wp-content\/uploads\/2020\/03\/andesss.png 800w\" sizes=\"(max-width: 445px) 100vw, 445px\" \/><\/p>\n<h3><span style=\"font-weight: 400\">C\u1ea3i thi\u1ec7n t\u00e2m tr\u1ea1ng<\/span><\/h3>\n<p><span style=\"font-weight: 400\">C\u00f4ng tr\u00ecnh nghi\u00ean c\u1ee9u c\u1ee7a \u0110\u1ea1i h\u1ecdc Swinburne \u1edf \u00dac n\u00f3i r\u1eb1ng socola c\u00f3 th\u1ec3 mang l\u1ea1i cho ng\u01b0\u1eddi \u0103n t\u00e2m tr\u1ea1ng vui v\u1ebb h\u01a1n. Ch\u00ednh h\u00e0m polyphenol trong socola gi\u00fap mang \u0111\u1ebfn c\u1ea3m gi\u00e1c tho\u1ea3i m\u00e1i, b\u00ecnh t\u0129nh v\u00e0 h\u1ea1nh ph\u00fac. Do \u0111\u00f3, m\u1ed7i khi t\u00e2m tr\u1ea1ng kh\u00f4ng vui th\u00ec th\u01b0\u1edfng th\u1ee9c m\u1ed9t \u00edt socola c\u0169ng l\u00e0 l\u1ef1a ch\u1ecdn tuy\u1ec7t v\u1eddi b\u1ea1n nh\u00e9.<\/span><\/p>\n<h3><span style=\"font-weight: 400\">C\u1ea3i thi\u1ec7n s\u1ee9c kh\u1ecfe m\u1eaft<\/span><\/h3>\n<p><span style=\"font-weight: 400\">C\u00e1c nh\u00e0 nghi\u00ean c\u1ee9u \u0110\u1ea1i h\u1ecdc Reading \u0111\u00e3 th\u1ef1c hi\u1ec7n m\u1ed9t cu\u1ed9c th\u1eed nghi\u1ec7m nh\u1ecf b\u1eb1ng c\u00e1ch cho hai nh\u00f3m t\u00ecnh nguy\u1ec7n vi\u00ean \u0103n socola tr\u1eafng v\u00e0 \u0111en. K\u1ebft qu\u1ea3 thu \u0111\u01b0\u1ee3c l\u00e0 nh\u1eefng ng\u01b0\u1eddi \u0111\u01b0\u1ee3c \u0103n socola \u0111en c\u00f3 t\u1ea7m nh\u00ecn c\u1ea3i thi\u1ec7n h\u01a1n nh\u00f3m d\u00f9ng socola tr\u1eafng.<\/span><\/p>\n<p><img loading=\"lazy\" decoding=\"async\" class=\"wp-image-13883 aligncenter\" src=\"https:\/\/havamall.vn\/wp-content\/uploads\/2020\/03\/andesss-mint-300x300.jpg\" alt=\"\" width=\"516\" height=\"516\" srcset=\"https:\/\/havamall.vn\/wp-content\/uploads\/2020\/03\/andesss-mint-300x300.jpg 300w, https:\/\/havamall.vn\/wp-content\/uploads\/2020\/03\/andesss-mint-430x430.jpg 430w, https:\/\/havamall.vn\/wp-content\/uploads\/2020\/03\/andesss-mint-150x150.jpg 150w, https:\/\/havamall.vn\/wp-content\/uploads\/2020\/03\/andesss-mint-700x700.jpg 700w, https:\/\/havamall.vn\/wp-content\/uploads\/2020\/03\/andesss-mint-768x768.jpg 768w, https:\/\/havamall.vn\/wp-content\/uploads\/2020\/03\/andesss-mint-1024x1024.jpg 1024w, https:\/\/havamall.vn\/wp-content\/uploads\/2020\/03\/andesss-mint.jpg 1200w, https:\/\/havamall.vn\/wp-content\/uploads\/2020\/03\/andesss-mint-600x600.jpg 600w, https:\/\/havamall.vn\/wp-content\/uploads\/2020\/03\/andesss-mint-100x100.jpg 100w\" sizes=\"(max-width: 516px) 100vw, 516px\" \/><\/p>\n<h3><span style=\"font-weight: 400\">Gi\u1ea3m tr\u1ea7m c\u1ea3m v\u00e0 r\u1ed1i lo\u1ea1n t\u00e2m th\u1ea7n<\/span><\/h3>\n<p><span style=\"font-weight: 400\">Endorphins l\u00e0 m\u1ed9t lo\u1ea1i hormone n\u00e3o c\u00f3 vai tr\u00f2 quan tr\u1ecdng trong vi\u1ec7c ng\u0103n ng\u1eeba tr\u1ea7m c\u1ea3m v\u00e0 c\u00e1c r\u1ed1i lo\u1ea1n t\u00e2m th\u1ea7n. Trong khi \u0111\u00f3, flavanols trong socola l\u1ea1i c\u00f3 th\u1ec3 gi\u00fap c\u01a1 th\u1ec3 s\u1ea3n sinh th\u00eam endorphins. Nh\u01b0 v\u1eady, n\u1ebfu b\u1ea1n th\u01b0\u1eddng xuy\u00ean g\u1eb7p c\u0103ng th\u1eb3ng, m\u1ec7t m\u1ecfi th\u00ec h\u00e3y nh\u1edb th\u01b0\u1edfng th\u1ee9c socola ngay \u0111\u1ec3 c\u00e2n b\u1eb1ng l\u1ea1i tinh th\u1ea7n nh\u00e9.<\/span>K\u1eb9o Chocolate Nh\u00e2n B\u1ea1c H\u00e0 Andes 30g<\/p>","protected":false},"excerpt":{"rendered":"<p><span style=\"font-weight: 400\">Socola Andes l\u00e0 s\u1ef1 k\u1ebft h\u1ee3p tuy\u1ec7t v\u1eddi c\u1ee7a socola m\u1ecfng k\u1eb9p gi\u1eefa 2 l\u1edbp b\u1ea1c h\u00e0 s\u1eefa ngon tuy\u1ec7t, the m\u00e1t. S\u1ef1 k\u1ebft h\u1ee3p tuy\u1ec7t v\u1eddi c\u1ee7a h\u01b0\u01a1ng v\u1ecb b\u1ea1c h\u00e0 s\u1eefa v\u00e0 socola l\u00e0 n\u1ec1n t\u1ea3ng c\u1ee7a th\u01b0\u01a1ng hi\u1ec7u.<\/span><\/p>","protected":false},"featured_media":13890,"comment_status":"open","ping_status":"closed","template":"","meta":[],"product_brand":[],"product_cat":[36,133],"product_tag":[],"class_list":{"0":"post-13901","1":"product","2":"type-product","3":"status-publish","4":"has-post-thumbnail","6":"product_cat-thuc-pham-tieu-dung","7":"product_cat-banh-keo-chocolate","8":"pa_brand-andes","10":"first","11":"outofstock","12":"sale","13":"shipping-taxable","14":"purchasable","15":"product-type-simple"},"_links":{"self":[{"href":"https:\/\/havamall.vn\/en\/wp-json\/wp\/v2\/product\/13901"}],"collection":[{"href":"https:\/\/havamall.vn\/en\/wp-json\/wp\/v2\/product"}],"about":[{"href":"https:\/\/havamall.vn\/en\/wp-json\/wp\/v2\/types\/product"}],"replies":[{"embeddable":true,"href":"https:\/\/havamall.vn\/en\/wp-json\/wp\/v2\/comments?post=13901"}],"version-history":[{"count":0,"href":"https:\/\/havamall.vn\/en\/wp-json\/wp\/v2\/product\/13901\/revisions"}],"wp:featuredmedia":[{"embeddable":true,"href":"https:\/\/havamall.vn\/en\/wp-json\/wp\/v2\/media\/13890"}],"wp:attachment":[{"href":"https:\/\/havamall.vn\/en\/wp-json\/wp\/v2\/media?parent=13901"}],"wp:term":[{"taxonomy":"product_brand","embeddable":true,"href":"https:\/\/havamall.vn\/en\/wp-json\/wp\/v2\/product_brand?post=13901"},{"taxonomy":"product_cat","embeddable":true,"href":"https:\/\/havamall.vn\/en\/wp-json\/wp\/v2\/product_cat?post=13901"},{"taxonomy":"product_tag","embeddable":true,"href":"https:\/\/havamall.vn\/en\/wp-json\/wp\/v2\/product_tag?post=13901"}],"curies":[{"name":"wp","href":"https:\/\/api.w.org\/{rel}","templated":true}]}}