{"id":13743,"date":"2020-03-20T16:17:10","date_gmt":"2020-03-20T09:17:10","guid":{"rendered":"https:\/\/havamall.vn\/?post_type=product&#038;p=13743"},"modified":"2021-06-24T15:34:20","modified_gmt":"2021-06-24T08:34:20","slug":"tra-kho-qua-rung-40g-forest-bitter-gourd-tea-bags-40g","status":"publish","type":"product","link":"https:\/\/havamall.vn\/en\/shop\/tra-kho-qua-rung-40g-forest-bitter-gourd-tea-bags-40g\/","title":{"rendered":"Tr\u00e0 Kh\u1ed5 Qua R\u1eebng 40g &#8211; Forest bitter gourd tea bags 40g"},"content":{"rendered":"<p><span style=\"font-weight: 400\">S\u1ea3n ph\u1ea9m tr\u00e0 kh\u1ed5 qua r\u1eebng HANY \u0111\u01b0\u1ee3c s\u1ea3n xu\u1ea5t quy tr\u00ecnh kh\u00e9p k\u00edn, ki\u1ec3m so\u00e1t t\u1eeb kh\u00e2u nguy\u00ean li\u1ec7u \u0111\u1ebfn th\u00e0nh ph\u1ea9m.Tr\u00e0 kh\u1ed5 qua r\u1eebng HANY \u0111\u01b0\u1ee3c l\u00e0m t\u1eeb 100% kh\u1ed5 qua r\u1eebng \u0111\u01b0\u1ee3c tuy\u1ec3n ch\u1ecdn, l\u00e0m s\u1ea1ch c\u1eaft l\u00e1t, s\u1ea5y kh\u00f4, xay nhuy\u1ec5n, rang cho v\u00e0o t\u00fai l\u1ecdc t\u1ea1o ra tr\u00e0 kh\u1ed5 qua r\u1eebng HANY th\u01a1m ngon, tinh khi\u1ebft, t\u1ed1t cho s\u1ee9c kh\u1ecfe.<\/span><\/p>\n<ul>\n<li style=\"font-weight: 400\"><b>Th\u00e0nh Ph\u1ea7n<\/b><b><br \/>\n<\/b><span style=\"font-weight: 400\">100% kh\u1ed5 qua r\u1eebng nguy\u00ean ch\u1ea5t.<\/span><\/li>\n<\/ul>\n<ul>\n<li style=\"font-weight: 400\"><b>H\u01b0\u1edbng d\u1eabn s\u1eed d\u1ee5ng<\/b><b><br \/>\n<\/b><span style=\"font-weight: 400\">H\u00e3m tr\u00e0 b\u1eb1ng n\u01b0\u1edbc s\u00f4i, m\u1ed9t t\u00fai tr\u00e0\/150-200ml n\u01b0\u1edbc. M\u1ed7i ng\u00e0y d\u00f9ng t\u1eeb 3-5 t\u00fai tr\u00e0. Gi\u1ea3i nhi\u1ec7t, ti\u00eau \u0111\u1eddm, \u1ed5n \u0111\u1ecbnh \u0111\u01b0\u1eddng huy\u1ebft, tr\u1ecb m\u1ee5n nh\u1ecdt, n\u00e1m da, l\u00e0m \u0111\u1eb9p da, ch\u1eefa ho, th\u1ea5p kh\u1edbp ti\u1ec3u \u0111\u01b0\u1eddng, gout, ng\u1eeba ung th\u01b0<\/span><\/li>\n<\/ul>\n<ul>\n<li style=\"font-weight: 400\"><b>B\u1ea3o qu\u1ea3n<\/b><b><br \/>\n<\/b><span style=\"font-weight: 400\">\u0110\u1ec3 n\u01a1i kh\u00f4 r\u00e1o, tho\u00e1ng m\u00e1t, tr\u00e1nh \u00e1nh n\u1eafng tr\u1ef1c ti\u1ebfp<\/span><\/li>\n<\/ul>\n<p style=\"text-align: center\"><img fetchpriority=\"high\" decoding=\"async\" class=\"alignnone wp-image-13747\" src=\"https:\/\/havamall.vn\/wp-content\/uploads\/2020\/03\/kho\u0302\u0309-qua-ru\u031b\u0300nggg-300x300.jpeg\" alt=\"\" width=\"630\" height=\"630\" srcset=\"https:\/\/havamall.vn\/wp-content\/uploads\/2020\/03\/kho\u0302\u0309-qua-ru\u031b\u0300nggg-300x300.jpeg 300w, https:\/\/havamall.vn\/wp-content\/uploads\/2020\/03\/kho\u0302\u0309-qua-ru\u031b\u0300nggg-430x430.jpeg 430w, https:\/\/havamall.vn\/wp-content\/uploads\/2020\/03\/kho\u0302\u0309-qua-ru\u031b\u0300nggg-150x150.jpeg 150w, https:\/\/havamall.vn\/wp-content\/uploads\/2020\/03\/kho\u0302\u0309-qua-ru\u031b\u0300nggg-700x700.jpeg 700w, https:\/\/havamall.vn\/wp-content\/uploads\/2020\/03\/kho\u0302\u0309-qua-ru\u031b\u0300nggg-768x768.jpeg 768w, https:\/\/havamall.vn\/wp-content\/uploads\/2020\/03\/kho\u0302\u0309-qua-ru\u031b\u0300nggg-1024x1024.jpeg 1024w, https:\/\/havamall.vn\/wp-content\/uploads\/2020\/03\/kho\u0302\u0309-qua-ru\u031b\u0300nggg-1200x1200.jpeg 1200w, https:\/\/havamall.vn\/wp-content\/uploads\/2020\/03\/kho\u0302\u0309-qua-ru\u031b\u0300nggg-600x600.jpeg 600w, https:\/\/havamall.vn\/wp-content\/uploads\/2020\/03\/kho\u0302\u0309-qua-ru\u031b\u0300nggg-100x100.jpeg 100w, https:\/\/havamall.vn\/wp-content\/uploads\/2020\/03\/kho\u0302\u0309-qua-ru\u031b\u0300nggg.jpeg 1536w\" sizes=\"(max-width: 630px) 100vw, 630px\" \/><\/p>\n<p><span style=\"font-weight: 400\">Kh\u1ed5 qua r\u1eebng l\u00e0 lo\u1ea1i c\u00e2y m\u1ecdc hoang d\u1ea1i c\u00f3 d\u01b0\u1ee3c t\u00ednh cao n\u00ean \u0111\u01b0\u1ee3c s\u1eed d\u1ee5ng trong h\u1ed7 tr\u1ee3 \u0111i\u1ec1u tr\u1ecb nhi\u1ec1u b\u1ec7nh l\u00fd. H\u01a1n n\u1eefa lo\u00e0i c\u00e2y n\u00e0y c\u00f2n r\u1ea5t t\u1ed1t cho s\u1ee9c kh\u1ecfe v\u1edbi r\u1ea5t nhi\u1ec1u d\u01b0\u1ee1ng ch\u1ea5t, th\u01b0\u1eddng \u0111\u01b0\u1ee3c d\u00f9ng \u0111\u1ec3 ch\u1ebf bi\u1ebfn c\u00e1c m\u00f3n \u0103n th\u01b0\u1eddng ng\u00e0y.<\/span><\/p>\n<p><span style=\"font-weight: 400\">Theo y h\u1ecdc c\u1ed5 truy\u1ec1n, kh\u1ed5 qua r\u1eebng c\u00f3 v\u1ecb \u0111\u1eafng, t\u00ednh h\u00e0n, kh\u00f4ng \u0111\u1ed9c c\u00f3 t\u00e1c d\u1ee5ng:<\/span><\/p>\n<ol>\n<li style=\"font-weight: 400\"><span style=\"font-weight: 400\">T\u00e1c d\u1ee5ng h\u1ed7 tr\u1ee3 \u0111i\u1ec1u tr\u1ecb ti\u1ec3u \u0111\u01b0\u1eddng hi\u1ec7u qu\u1ea3<\/span><\/li>\n<li style=\"font-weight: 400\"><span style=\"font-weight: 400\">\u1ed4n \u0111\u1ecbnh v\u00e0 gi\u1ea3m \u0111\u01b0\u1eddng huy\u1ebft<\/span><\/li>\n<li style=\"font-weight: 400\"><span style=\"font-weight: 400\">H\u1ed7 tr\u1ee3 ph\u00f2ng ch\u1ed1ng ung th\u01b0<\/span><\/li>\n<li style=\"font-weight: 400\"><span style=\"font-weight: 400\">Gi\u1ea3m c\u00e2n<\/span><\/li>\n<li style=\"font-weight: 400\"><span style=\"font-weight: 400\">\u0110\u1eb9p da<\/span><\/li>\n<li style=\"font-weight: 400\"><span style=\"font-weight: 400\">\u0110i\u1ec1u tr\u1ecb b\u1ec7nh gout<\/span><\/li>\n<\/ol>\n<p><span style=\"font-weight: 400\">Nh\u1eefng t\u00e1c d\u1ee5ng c\u1ee7a kh\u1ed5 qua r\u1eebng \u0111\u01b0\u1ee3c c\u1ea3 y h\u1ecdc c\u1ed5 truy\u1ec1n v\u00e0 T\u00e2y y ghi nh\u1eadn:<\/span><\/p>\n<p><b>Theo y h\u1ecdc c\u1ed5 truy\u1ec1n:<\/b><\/p>\n<ul>\n<li style=\"font-weight: 400\"><span style=\"font-weight: 400\">M\u01b0\u1edbp \u0111\u1eafng r\u1eebng kh\u00f4ng \u0111\u1ed9c, c\u00f3 t\u00ednh m\u00e1t gi\u00fap thanh nhi\u1ec7t, gi\u1ea3i \u0111\u1ed9c, ti\u00eau \u0111\u1eddm.<\/span><\/li>\n<li style=\"font-weight: 400\"><span style=\"font-weight: 400\">\u0110\u00e1p \u1ee9ng trong c\u00e1c tr\u01b0\u1eddng h\u1ee3p say n\u1eafng, b\u1ecd m\u1ee5n nh\u1ecdt, s\u1ed1t hay vi\u00eam nhi\u1ec5m\u2026<\/span><\/li>\n<li style=\"font-weight: 400\"><span style=\"font-weight: 400\">Th\u01b0\u1eddng xuy\u00ean s\u1eed d\u1ee5ng lo\u1ea1i th\u1ea3o d\u01b0\u1ee3c n\u00e0y c\u00f2n gi\u00fap gi\u1ea3m stress, tinh th\u1ea7n s\u1ea3ng kho\u00e1i, t\u1ed1t cho da.<\/span><\/li>\n<li style=\"font-weight: 400\"><span style=\"font-weight: 400\">D\u00e2n gian th\u01b0\u1eddng s\u1eed d\u1ee5ng m\u01b0\u1edbp \u0111\u1eafng r\u1eebng \u0111\u1ec3 ch\u1eefa c\u00e1c b\u1ec7nh v\u1ec1 gan, \u0111au b\u1ee5ng, vi\u00eam h\u1ecdng, h\u1ea1 \u0111\u01b0\u1eddng huy\u1ebft\u2026<\/span><\/li>\n<\/ul>\n<p style=\"text-align: center\"><img decoding=\"async\" class=\"alignnone wp-image-13748\" src=\"https:\/\/havamall.vn\/wp-content\/uploads\/2020\/03\/kho\u0302\u0309-qua-ru\u031b\u0300ng-300x199.jpg\" alt=\"\" width=\"624\" height=\"414\" srcset=\"https:\/\/havamall.vn\/wp-content\/uploads\/2020\/03\/kho\u0302\u0309-qua-ru\u031b\u0300ng-300x199.jpg 300w, https:\/\/havamall.vn\/wp-content\/uploads\/2020\/03\/kho\u0302\u0309-qua-ru\u031b\u0300ng-430x285.jpg 430w, https:\/\/havamall.vn\/wp-content\/uploads\/2020\/03\/kho\u0302\u0309-qua-ru\u031b\u0300ng-150x99.jpg 150w, https:\/\/havamall.vn\/wp-content\/uploads\/2020\/03\/kho\u0302\u0309-qua-ru\u031b\u0300ng.jpg 512w\" sizes=\"(max-width: 624px) 100vw, 624px\" \/><\/p>\n<p><b>Theo y h\u1ecdc hi\u1ec7n \u0111\u1ea1i:<\/b><\/p>\n<ul>\n<li style=\"font-weight: 400\"><span style=\"font-weight: 400\">K\u00edch ho\u1ea1t m\u1ed9t s\u1ed1 enzyme c\u00f3 t\u00e1c d\u1ee5ng v\u1eadn chuy\u1ec3n glucose t\u1eeb m\u00e1u \u0111\u1ebfn c\u00e1c t\u1ebf b\u00e0o. T\u1eeb \u0111\u00f3 c\u00f3 th\u1ec3 ki\u1ec3m so\u00e1t t\u1ed1t h\u01a1n ch\u1ec9 s\u1ed1 \u0111\u01b0\u1eddng huy\u1ebft \u1edf nh\u1eefng ng\u01b0\u1eddi m\u1eafc b\u1ec7nh ti\u1ec3u \u0111\u01b0\u1eddng.<\/span><\/li>\n<li style=\"font-weight: 400\"><span style=\"font-weight: 400\">H\u1ed7 tr\u1ee3 ki\u1ec3m so\u00e1t huy\u1ebft \u00e1p v\u00e0 t\u1ed1t cho tim m\u1ea1ch, ng\u0103n ng\u1eeba nguy c\u01a1 g\u1eb7p c\u00e1c v\u1ea5n \u0111\u1ec1 v\u1ec1 tim.<\/span><\/li>\n<li style=\"font-weight: 400\"><span style=\"font-weight: 400\">H\u00e0m l\u01b0\u1ee3ng vitamin C v\u00e0 protein d\u1ed3i d\u00e0o trong kh\u1ed5 qua r\u1eebng gi\u00fap n\u00e2ng cao kh\u1ea3 n\u0103ng mi\u1ec5n d\u1ecbch cho c\u01a1 th\u1ec3. T\u1eeb \u0111\u00f3 gi\u00fap cho t\u1ebf b\u00e0o mi\u1ec5n d\u1ecbch ti\u00eau c\u00f3 th\u1ec3 ti\u00eau di\u1ec7t c\u00e1c t\u1ebf b\u00e0o g\u00e2y ung th\u01b0.<\/span><\/li>\n<li style=\"font-weight: 400\"><span style=\"font-weight: 400\">Th\u00e0nh ph\u1ea7n protein t\u01b0\u01a1ng t\u1ef1 nh\u01b0 ho\u1ea1t ch\u1ea5t Alkaloid trong n\u01b0\u1edbc c\u1ed1t m\u01b0\u1edbp \u0111\u1eafng r\u1eebng c\u00f2n gi\u00fap t\u0103ng c\u01b0\u1eddng ch\u1ee9c n\u0103ng nu\u1ed1t c\u1ee7a th\u1ef1c b\u00e0o.<\/span><\/li>\n<li style=\"font-weight: 400\"><span style=\"font-weight: 400\">C\u00e1c vitamin v\u00e0 kho\u00e1ng ch\u1ea5t trong th\u1ea3o d\u01b0\u1ee3c n\u00e0y c\u00f2n h\u1ed7 tr\u1ee3 th\u1ea3i \u0111\u1ed9c cho gan, chuy\u1ec3n ch\u1ea5t \u0111\u1ed9c \u0111\u1ebfn th\u1eadn r\u1ed3i t\u1eeb t\u1eeb lo\u1ea1i b\u1ecf ra ngo\u00e0i nhanh ch\u00f3ng.<\/span><\/li>\n<\/ul>\n<p style=\"text-align: center\"><img decoding=\"async\" class=\"alignnone wp-image-13749\" src=\"https:\/\/havamall.vn\/wp-content\/uploads\/2020\/03\/tra\u0300-kho\u0302\u0309-qua-300x200.jpg\" alt=\"\" width=\"593\" height=\"395\" srcset=\"https:\/\/havamall.vn\/wp-content\/uploads\/2020\/03\/tra\u0300-kho\u0302\u0309-qua-300x200.jpg 300w, https:\/\/havamall.vn\/wp-content\/uploads\/2020\/03\/tra\u0300-kho\u0302\u0309-qua-430x287.jpg 430w, https:\/\/havamall.vn\/wp-content\/uploads\/2020\/03\/tra\u0300-kho\u0302\u0309-qua-150x100.jpg 150w, https:\/\/havamall.vn\/wp-content\/uploads\/2020\/03\/tra\u0300-kho\u0302\u0309-qua-700x467.jpg 700w, https:\/\/havamall.vn\/wp-content\/uploads\/2020\/03\/tra\u0300-kho\u0302\u0309-qua-768x512.jpg 768w, https:\/\/havamall.vn\/wp-content\/uploads\/2020\/03\/tra\u0300-kho\u0302\u0309-qua-1024x683.jpg 1024w, https:\/\/havamall.vn\/wp-content\/uploads\/2020\/03\/tra\u0300-kho\u0302\u0309-qua.jpg 1200w, https:\/\/havamall.vn\/wp-content\/uploads\/2020\/03\/tra\u0300-kho\u0302\u0309-qua-600x400.jpg 600w\" sizes=\"(max-width: 593px) 100vw, 593px\" \/><\/p>\n<h3><i><span style=\"font-weight: 400\">S\u1eed d\u1ee5ng c\u00e1c d\u1ea1ng \u0111i\u1ec1u ch\u1ebf t\u1eeb kh\u1ed5 qua r\u1eebng<\/span><\/i><\/h3>\n<p><span style=\"font-weight: 400\">M\u1ed9t s\u1ed1 ng\u01b0\u1eddi kh\u00f4ng th\u1ec3 s\u1eed d\u1ee5ng kh\u1ed5 qua r\u1eebng nguy\u00ean ch\u1ea5t. V\u00ec v\u1ecb \u0111\u1eafng kh\u00f3 ch\u1ecbu n\u00ean h\u1ecd th\u01b0\u1eddng l\u1ef1a ch\u1ecdn m\u1ed9t s\u1ed1 d\u1ea1ng \u0111i\u1ec1u ch\u1ebf s\u1eb5n c\u1ee7a lo\u1ea1i qu\u1ea3 n\u00e0y. Song, khi s\u1eed d\u1ee5ng c\u00e1c s\u1ea3n ph\u1ea9m n\u00e0y th\u00ec tinh ch\u1ea5t s\u1ebd kh\u00f4ng \u0111\u01b0\u1ee3c \u0111\u1ea7y \u0111\u1ee7 nh\u01b0 c\u00e2y kh\u1ed5 qua nguy\u00ean d\u1ea1ng. V\u00e0 c\u00f3 th\u1ec3 s\u1eed d\u1ee5ng ph\u1ea3i s\u1ea3n ph\u1ea9m kh\u00f4ng uy t\u00edn. Do \u0111\u00f3, ng\u01b0\u1eddi b\u1ec7nh c\u1ea7n ph\u1ea3i c\u1ea3nh gi\u00e1c v\u00e0 l\u1ef1a ch\u1ecdn s\u1ea3n ph\u1ea9m \u0111\u00fang ch\u1ea5t l\u01b0\u1ee3ng, \u0111\u00fang c\u01a1 s\u1edf uy t\u00edn.<\/span><\/p>\n<p><b>Havamall<\/b><span style=\"font-weight: 400\"> cung c\u1ea5p Tr\u00e0 kh\u1ed5 qua r\u1eebng Hany \u0111\u01b0\u1ee3c l\u00e0m t\u1eeb 100% kh\u1ed5 qua r\u1eebng nguy\u00ean ch\u1ea5t<\/span><\/p>","protected":false},"excerpt":{"rendered":"<p><span style=\"font-weight: 400\">S\u1ea3n ph\u1ea9m tr\u00e0 kh\u1ed5 qua r\u1eebng HANY \u0111\u01b0\u1ee3c s\u1ea3n xu\u1ea5t quy tr\u00ecnh kh\u00e9p k\u00edn, ki\u1ec3m so\u00e1t t\u1eeb kh\u00e2u nguy\u00ean li\u1ec7u \u0111\u1ebfn th\u00e0nh ph\u1ea9m.Tr\u00e0 kh\u1ed5 qua r\u1eebng HANY \u0111\u01b0\u1ee3c l\u00e0m t\u1eeb 100% kh\u1ed5 qua r\u1eebng \u0111\u01b0\u1ee3c tuy\u1ec3n ch\u1ecdn, l\u00e0m s\u1ea1ch c\u1eaft l\u00e1t, s\u1ea5y kh\u00f4, xay nhuy\u1ec5n, rang cho v\u00e0o t\u00fai l\u1ecdc t\u1ea1o ra tr\u00e0 kh\u1ed5 qua r\u1eebng HANY th\u01a1m ngon, tinh khi\u1ebft, t\u1ed1t cho s\u1ee9c kh\u1ecfe.<\/span><\/p>\n<ul>\n<li style=\"font-weight: 400\"><\/li>\n<\/ul>","protected":false},"featured_media":13924,"comment_status":"open","ping_status":"closed","template":"","meta":[],"product_brand":[],"product_cat":[36,135],"product_tag":[],"class_list":{"0":"post-13743","1":"product","2":"type-product","3":"status-publish","4":"has-post-thumbnail","6":"product_cat-thuc-pham-tieu-dung","7":"product_cat-sua-do-uong","8":"pa_brand-hany","10":"first","11":"outofstock","12":"sale","13":"shipping-taxable","14":"purchasable","15":"product-type-simple"},"_links":{"self":[{"href":"https:\/\/havamall.vn\/en\/wp-json\/wp\/v2\/product\/13743"}],"collection":[{"href":"https:\/\/havamall.vn\/en\/wp-json\/wp\/v2\/product"}],"about":[{"href":"https:\/\/havamall.vn\/en\/wp-json\/wp\/v2\/types\/product"}],"replies":[{"embeddable":true,"href":"https:\/\/havamall.vn\/en\/wp-json\/wp\/v2\/comments?post=13743"}],"version-history":[{"count":0,"href":"https:\/\/havamall.vn\/en\/wp-json\/wp\/v2\/product\/13743\/revisions"}],"wp:featuredmedia":[{"embeddable":true,"href":"https:\/\/havamall.vn\/en\/wp-json\/wp\/v2\/media\/13924"}],"wp:attachment":[{"href":"https:\/\/havamall.vn\/en\/wp-json\/wp\/v2\/media?parent=13743"}],"wp:term":[{"taxonomy":"product_brand","embeddable":true,"href":"https:\/\/havamall.vn\/en\/wp-json\/wp\/v2\/product_brand?post=13743"},{"taxonomy":"product_cat","embeddable":true,"href":"https:\/\/havamall.vn\/en\/wp-json\/wp\/v2\/product_cat?post=13743"},{"taxonomy":"product_tag","embeddable":true,"href":"https:\/\/havamall.vn\/en\/wp-json\/wp\/v2\/product_tag?post=13743"}],"curies":[{"name":"wp","href":"https:\/\/api.w.org\/{rel}","templated":true}]}}