{"id":13686,"date":"2020-03-20T14:42:36","date_gmt":"2020-03-20T07:42:36","guid":{"rendered":"https:\/\/havamall.vn\/?post_type=product&#038;p=13686"},"modified":"2021-08-24T16:46:20","modified_gmt":"2021-08-24T09:46:20","slug":"tra-thai-nguyen-100g-thai-nguyen-tea-100g","status":"publish","type":"product","link":"https:\/\/havamall.vn\/en\/shop\/tra-thai-nguyen-100g-thai-nguyen-tea-100g\/","title":{"rendered":"Tr\u00e0 Th\u00e1i Nguy\u00ean 100g &#8211; Thai Nguyen Tea 100g"},"content":{"rendered":"<p><span style=\"font-weight: 400;\">T\u1eebng b\u00fap ch\u00e8 Th\u00e1i Nguy\u00ean HANY \u0111\u01b0\u1ee3c h\u00e1i theo quy chu\u1ea9n 1 t\u00f4m 2 &#8211; 3 l\u00e1 non tr\u00ean c\u00e1c \u0111\u1ed3i ch\u00e8. Sau \u0111\u00f3, \u0111\u01b0\u1ee3c sao tay th\u1ee7 c\u00f4ng b\u1edfi ngh\u1ec7 nh\u00e2n sao ch\u00e8 b\u1ea3n x\u1ee9 t\u1ea1o l\u00ean s\u1ea3n ph\u1ea9m tr\u00e0 b\u00fap (ch\u00e8 b\u00fap) c\u00f3 h\u01b0\u01a1ng th\u01a1m, v\u1ecb \u0111\u01b0\u1ee3m, n\u01b0\u1edbc xanh v\u00e0ng r\u1ea5t \u0111\u1eb7c tr\u01b0ng v\u00e0 \u0111\u1eadm n\u00e9t truy\u1ec1n th\u1ed1ng tr\u00e0 Vi\u1ec7t.<\/span><\/p>\n<ul>\n<li><span style=\"font-weight: 400;\">Th\u00e0nh Ph\u1ea7n:\u00a0<\/span><span style=\"font-weight: 400;\">100% tr\u00e0 Th\u00e1i Nguy\u00ean<\/span><\/li>\n<li><span style=\"font-weight: 400;\">H\u01b0\u1edbng d\u1eabn s\u1eed d\u1ee5ng:\u00a0<\/span><span style=\"font-weight: 400;\">Tr\u00e1ng \u1ea5m b\u1eb1ng n\u01b0\u1edbc s\u00f4i, cho tr\u00e0 v\u00e0o \u1ea5m, \u0111\u1ed5 n\u01b0\u1edbc s\u00f4i pha tr\u00e0 \u0111\u1ec3 kho\u1ea3ng 3-5 ph\u00fat l\u00e0 d\u00f9ng \u0111\u01b0\u1ee3c<\/span><\/li>\n<li><span style=\"font-weight: 400;\">B\u1ea3o qu\u1ea3n:\u00a0<\/span><span style=\"font-weight: 400;\">\u0111\u1ec3 n\u01a1i kh\u00f4 r\u00e1o, tho\u00e1ng m\u00e1t, tr\u00e1nh \u00e1nh n\u1eafng tr\u1ef1c ti\u1ebfp<\/span><\/li>\n<\/ul>\n<p><span style=\"font-weight: 400;\">H\u00e3y th\u01b0\u1edfng th\u1ee9c tr\u00e0 Th\u00e1i Nguy\u00ean HANY c\u1ea3m nh\u1eadn h\u01b0\u01a1ng v\u1ecb tinh t\u1ebf, th\u01a1m ngon trong t\u1eebng ng\u1ee5m tr\u00e0.<\/span><\/p>\n<p><span style=\"font-weight: 400;\"><img fetchpriority=\"high\" decoding=\"async\" class=\"wp-image-13687 aligncenter\" src=\"https:\/\/havamall.vn\/wp-content\/uploads\/2020\/03\/che\u0300-xanh-300x225.jpg\" alt=\"\" width=\"648\" height=\"486\" srcset=\"https:\/\/havamall.vn\/wp-content\/uploads\/2020\/03\/che\u0300-xanh-300x225.jpg 300w, https:\/\/havamall.vn\/wp-content\/uploads\/2020\/03\/che\u0300-xanh-430x323.jpg 430w, https:\/\/havamall.vn\/wp-content\/uploads\/2020\/03\/che\u0300-xanh-150x113.jpg 150w, https:\/\/havamall.vn\/wp-content\/uploads\/2020\/03\/che\u0300-xanh-700x525.jpg 700w, https:\/\/havamall.vn\/wp-content\/uploads\/2020\/03\/che\u0300-xanh-768x576.jpg 768w, https:\/\/havamall.vn\/wp-content\/uploads\/2020\/03\/che\u0300-xanh-1024x768.jpg 1024w, https:\/\/havamall.vn\/wp-content\/uploads\/2020\/03\/che\u0300-xanh-600x450.jpg 600w, https:\/\/havamall.vn\/wp-content\/uploads\/2020\/03\/che\u0300-xanh.jpg 1110w\" sizes=\"(max-width: 648px) 100vw, 648px\" \/><\/span><\/p>\n<ol>\n<li>\n<h2><span style=\"font-weight: 400;\"> T\u00e1c d\u1ee5ng c\u1ee7a ch\u00e8 Th\u00e1i Nguy\u00ean v\u1edbi l\u00e0n da: C\u1ea3i thi\u1ec7n l\u00e0n da<\/span><\/h2>\n<\/li>\n<\/ol>\n<p><span style=\"font-weight: 400;\">Ch\u00e8 Th\u00e1i Nguy\u00ean gi\u00fap c\u1ea3i thi\u1ec7n l\u00e0n da c\u1ee7a b\u1ea1n v\u00e0 l\u00e0m cho l\u00e0n da c\u1ee7a b\u1ea1n kh\u1ecfe m\u1ea1nh. Ch\u00e8 Th\u00e1i Nguy\u00ean gi\u00fap tu\u00f4n ra \u0111\u1ed9c t\u1ed1 tr\u00ean da, ch\u1eefa l\u00e0nh c\u00e1c v\u1ebft b\u1ea9n v\u00e0 v\u1ebft s\u1eb9o, v\u00e0 gi\u1ea3m vi\u00eam. Ngo\u00e0i ra, c\u00e1c ch\u1ea5t c\u00f3 trong Ch\u00e8 Th\u00e1i Nguy\u00ean c\u00f2n c\u1ea3i thi\u1ec7n \u0111\u1ed9 \u0111\u00e0n h\u1ed3i c\u1ee7a da. M\u1ed9t nghi\u00ean c\u1ee9u n\u0103m 2003 c\u1ee7a \u0110\u1ea1i h\u1ecdc Y Georgia cho th\u1ea5y, tr\u1ebb h\u00f3a tr\u00e0 xanh tr\u1ee3 da. N\u00f3 c\u00f3 th\u1ec3 \u0111\u01b0\u1ee3c s\u1eed d\u1ee5ng \u0111\u1ec3 \u0111i\u1ec1u tr\u1ecb c\u00e1c b\u1ec7nh v\u1ec1 da v\u00e0 v\u1ebft th\u01b0\u01a1ng.<\/span><\/p>\n<ol start=\"2\">\n<li>\n<h2><span style=\"font-weight: 400;\"> T\u00e1c d\u1ee5ng c\u1ee7a ch\u00e8 Th\u00e1i Nguy\u00ean v\u1edbi l\u00e0n da: Gi\u1ea3m Qu\u1ea7ng th\u00e2m m\u1eaft<\/span><\/h2>\n<\/li>\n<\/ol>\n<p><span style=\"font-weight: 400;\">C\u00e1c ch\u1ea5t ch\u1ed1ng oxy h\u00f3a v\u00e0 tannin (m\u1ed9t ch\u1ea5t l\u00e0m se) trong ch\u00e8 Th\u00e1i Nguy\u00ean gi\u00fap m\u1eaft \u0111i\u1ec1u tr\u1ecb ph\u1ed3ng m\u00e0u xanh l\u00e1 c\u00e2y c\u0169ng nh\u01b0 qu\u1ea7ng th\u00e2m. Ch\u00fang gi\u00fap thu nh\u1ecf c\u00e1c m\u1ea1ch m\u00e1u d\u01b0\u1edbi da nh\u1ea1y c\u1ea3m quanh m\u1eaft. \u0110i\u1ec1u n\u00e0y s\u1ebd l\u00e0m gi\u1ea3m s\u01b0ng v\u00e0 b\u1ecdng m\u1eaft. Ngo\u00e0i ra, vitamin K trong ch\u00e8 Th\u00e1i Nguy\u00ean gi\u00fap l\u00e0m s\u00e1ng qu\u1ea7ng th\u00e2m d\u01b0\u1edbi m\u1eaft.<\/span><\/p>\n<ol start=\"3\">\n<li>\n<h2><span style=\"font-weight: 400;\"> T\u00e1c d\u1ee5ng c\u1ee7a ch\u00e8 Th\u00e1i Nguy\u00ean v\u1edbi l\u00e0n da: Ch\u1ed1ng c\u00e1c d\u1ea5u hi\u1ec7u l\u00e3o h\u00f3a da<\/span><\/h2>\n<\/li>\n<\/ol>\n<p><span style=\"font-weight: 400;\">Ch\u00e8 Th\u00e1i Nguy\u00ean c\u00f3 t\u00e1c d\u1ee5ng ch\u1ed1ng l\u00e3o h\u00f3a v\u00e0 c\u00e1c l\u1ee3i \u00edch ch\u1ed1ng oxy h\u00f3a c\u00f3 th\u1ec3 gi\u00fap tr\u00ec ho\u00e3n s\u1ef1 l\u00e3o h\u00f3a da, ch\u1eb3ng h\u1ea1n nh\u01b0 da b\u1ecb ch\u00f9ng, \u00e1nh n\u1eafng m\u1eb7t tr\u1eddi, c\u00e1c \u0111\u1ed1m \u0111\u1ed3i m\u1ed3i, \u0111\u01b0\u1eddng nh\u0103n v\u00e0 n\u1ebfp nh\u0103n. C\u00e1c polyphenol trong ch\u00e8 gi\u00fap trung h\u00f2a c\u00e1c g\u1ed1c t\u1ef1 do c\u00f3 h\u1ea1i, c\u00f3 th\u1ec3 g\u00e2y ra thi\u1ec7t h\u1ea1i \u0111\u00e1ng k\u1ec3 cho da v\u00e0 \u0111\u1ea9y nhanh qu\u00e1 tr\u00ecnh l\u00e3o h\u00f3a. Ngo\u00e0i ra, ch\u00e8 Th\u00e1i Nguy\u00ean gi\u00fap ch\u1ed1ng ng\u0103n ng\u1eeba ung th\u01b0 da.<\/span><\/p>\n<p style=\"text-align: center;\"><img decoding=\"async\" class=\"alignnone wp-image-13680\" src=\"https:\/\/havamall.vn\/wp-content\/uploads\/2020\/03\/tra\u0300-xanh-300x169.jpg\" alt=\"\" width=\"653\" height=\"368\" srcset=\"https:\/\/havamall.vn\/wp-content\/uploads\/2020\/03\/tra\u0300-xanh-300x169.jpg 300w, https:\/\/havamall.vn\/wp-content\/uploads\/2020\/03\/tra\u0300-xanh-430x242.jpg 430w, https:\/\/havamall.vn\/wp-content\/uploads\/2020\/03\/tra\u0300-xanh-150x84.jpg 150w, https:\/\/havamall.vn\/wp-content\/uploads\/2020\/03\/tra\u0300-xanh.jpg 512w\" sizes=\"(max-width: 653px) 100vw, 653px\" \/><\/p>\n<p><span style=\"font-weight: 400;\">Tr\u1ed9n 3 th\u00eca s\u1eefa chua, 1 mu\u1ed7ng canh \u0111\u1ea5t xanh l\u00e1 tr\u00e0 v\u00e0 b\u1ed9t ngh\u1ec7 \u00edt. \u0110\u1eafp l\u00ean m\u1eb7t v\u00e0 c\u1ed5 c\u1ee7a b\u1ea1n. Cho ph\u00e9p n\u00f3 ng\u1ed3i trong 20 ph\u00fat tr\u01b0\u1edbc khi r\u1eeda v\u1edbi n\u01b0\u1edbc \u1ea5m. S\u1eed d\u1ee5ng m\u1eb7t n\u1ea1 n\u00e0y m\u1ed9t l\u1ea7n ho\u1eb7c hai l\u1ea7n m\u1ed9t tu\u1ea7n.<\/span><\/p>\n<ol start=\"4\">\n<li>\n<h2><span style=\"font-weight: 400;\"> T\u00e1c d\u1ee5ng c\u1ee7a ch\u00e8 Th\u00e1i Nguy\u00ean v\u1edbi l\u00e0n da: ng\u0103n ng\u1eeba m\u1ee5n<\/span><\/h2>\n<\/li>\n<\/ol>\n<p><span style=\"font-weight: 400;\">C\u00e1c catechins trong ch\u00e8 Th\u00e1i Nguy\u00ean c\u00f3 t\u00e1c nh\u00e2n kh\u00e1ng khu\u1ea9n gi\u00fap ch\u1ed1ng l\u1ea1i vi khu\u1ea9n g\u00e2y m\u1ee5n. Catechin th\u1eadm ch\u00ed c\u00f2n gi\u00fap \u0111i\u1ec1u ch\u1ec9nh s\u1ef1 m\u1ea5t c\u00e2n b\u1eb1ng n\u1ed9i ti\u1ebft t\u1ed1 trong c\u01a1 th\u1ec3, m\u1ed9t trong nh\u1eefng nguy\u00ean nh\u00e2n ch\u00ednh c\u1ee7a m\u1ee5n tr\u1ee9ng c\u00e1. Ngo\u00e0i ra, tinh ch\u1ea5t ch\u1ed1ng vi\u00eam c\u1ee7a ch\u00e8 Th\u00e1i Nguy\u00ean gi\u00fap gi\u1ea3m t\u1ea5y \u0111\u1ecf v\u00e0 vi\u00eam g\u00e2y ra b\u1edfi m\u1ee5n tr\u1ee9ng c\u00e1.<\/span><\/p>\n<p style=\"text-align: center;\"><img decoding=\"async\" class=\"alignnone wp-image-13688\" src=\"https:\/\/havamall.vn\/wp-content\/uploads\/2020\/03\/tra\u0300aa-300x197.jpg\" alt=\"\" width=\"648\" height=\"425\" srcset=\"https:\/\/havamall.vn\/wp-content\/uploads\/2020\/03\/tra\u0300aa-300x197.jpg 300w, https:\/\/havamall.vn\/wp-content\/uploads\/2020\/03\/tra\u0300aa-430x282.jpg 430w, https:\/\/havamall.vn\/wp-content\/uploads\/2020\/03\/tra\u0300aa-150x98.jpg 150w, https:\/\/havamall.vn\/wp-content\/uploads\/2020\/03\/tra\u0300aa-700x459.jpg 700w, https:\/\/havamall.vn\/wp-content\/uploads\/2020\/03\/tra\u0300aa-768x503.jpg 768w, https:\/\/havamall.vn\/wp-content\/uploads\/2020\/03\/tra\u0300aa-1024x671.jpg 1024w, https:\/\/havamall.vn\/wp-content\/uploads\/2020\/03\/tra\u0300aa.jpg 1200w, https:\/\/havamall.vn\/wp-content\/uploads\/2020\/03\/tra\u0300aa-600x393.jpg 600w\" sizes=\"(max-width: 648px) 100vw, 648px\" \/><\/p>\n<p><span style=\"font-weight: 400;\">Ngo\u00e0i ra, th\u1ee9c u\u1ed1ng ph\u1ed5 bi\u1ebfn ch\u00e8 Th\u00e1i Nguy\u00ean c\u0169ng ho\u1ea1t \u0111\u1ed9ng nh\u01b0 m\u1ed9t v\u1ec7 s\u0129 t\u1ef1 nhi\u00ean cho l\u00e0n da c\u1ee7a b\u1ea1n. N\u00f3 gi\u00fap lo\u1ea1i b\u1ecf b\u1ee5i b\u1ea9n, gi\u1ea3m l\u1ed7 ch\u00e2n l\u00f4ng l\u1edbn v\u00e0 cung c\u1ea5p cho b\u1ea1n m\u1ed9t l\u00e0n da s\u00e1ng \u0111\u1eb9p kh\u1ecfe m\u1ea1nh. ch\u00e8 Th\u00e1i Nguy\u00ean th\u1eadm ch\u00ed c\u00f2n gi\u00fap gi\u1eef cho l\u00e0n da c\u1ee7a b\u1ea1n ng\u1eadm n\u01b0\u1edbc, \u0111\u00f3 l\u00e0 \u0111i\u1ec1u c\u1ea7n thi\u1ebft cho l\u00e0n da kh\u1ecfe m\u1ea1nh. Nh\u1eefng ng\u01b0\u1eddi c\u00f3 b\u1ec7nh v\u1ec1 da nh\u01b0 b\u1ec7nh v\u1ea9y n\u1ebfn v\u00e0 b\u1ec7nh rosacea, c\u0169ng c\u00f3 th\u1ec3 s\u1eed d\u1ee5ng ch\u00e8 Th\u00e1i Nguy\u00ean. C\u00f3 th\u1ec3 th\u1ea5y r\u1eb1ng T\u00e1c d\u1ee5ng c\u1ee7a ch\u00e8 Th\u00e1i Nguy\u00ean v\u1edbi l\u00e0n da l\u00e0 r\u1ea5t t\u1ed1t ph\u1ea3i kh\u00f4ng n\u00e0o. Gh\u00e9 Havamall \u0111\u1ec3 mua u\u1ed1ng th\u1eed ngay nh\u00e9!!<\/span><\/p>","protected":false},"excerpt":{"rendered":"<p><span style=\"font-weight: 400;\">T\u1eebng b\u00fap ch\u00e8 Th\u00e1i Nguy\u00ean HANY \u0111\u01b0\u1ee3c h\u00e1i theo quy chu\u1ea9n 1 t\u00f4m 2 &#8211; 3 l\u00e1 non tr\u00ean c\u00e1c \u0111\u1ed3i ch\u00e8. Sau \u0111\u00f3, \u0111\u01b0\u1ee3c sao tay th\u1ee7 c\u00f4ng b\u1edfi ngh\u1ec7 nh\u00e2n sao ch\u00e8 b\u1ea3n x\u1ee9 t\u1ea1o l\u00ean s\u1ea3n ph\u1ea9m tr\u00e0 b\u00fap (ch\u00e8 b\u00fap) c\u00f3 h\u01b0\u01a1ng th\u01a1m, v\u1ecb \u0111\u01b0\u1ee3m, n\u01b0\u1edbc xanh v\u00e0ng r\u1ea5t \u0111\u1eb7c tr\u01b0ng v\u00e0 \u0111\u1eadm n\u00e9t truy\u1ec1n th\u1ed1ng tr\u00e0 Vi\u1ec7t.<\/span><\/p>","protected":false},"featured_media":13957,"comment_status":"open","ping_status":"closed","template":"","meta":[],"product_brand":[],"product_cat":[36,135,143],"product_tag":[],"class_list":{"0":"post-13686","1":"product","2":"type-product","3":"status-publish","4":"has-post-thumbnail","6":"product_cat-thuc-pham-tieu-dung","7":"product_cat-sua-do-uong","8":"product_cat-thuc-pham-dong-hop","9":"pa_brand-hany","11":"first","12":"outofstock","13":"sale","14":"shipping-taxable","15":"purchasable","16":"product-type-simple"},"_links":{"self":[{"href":"https:\/\/havamall.vn\/en\/wp-json\/wp\/v2\/product\/13686"}],"collection":[{"href":"https:\/\/havamall.vn\/en\/wp-json\/wp\/v2\/product"}],"about":[{"href":"https:\/\/havamall.vn\/en\/wp-json\/wp\/v2\/types\/product"}],"replies":[{"embeddable":true,"href":"https:\/\/havamall.vn\/en\/wp-json\/wp\/v2\/comments?post=13686"}],"version-history":[{"count":0,"href":"https:\/\/havamall.vn\/en\/wp-json\/wp\/v2\/product\/13686\/revisions"}],"wp:featuredmedia":[{"embeddable":true,"href":"https:\/\/havamall.vn\/en\/wp-json\/wp\/v2\/media\/13957"}],"wp:attachment":[{"href":"https:\/\/havamall.vn\/en\/wp-json\/wp\/v2\/media?parent=13686"}],"wp:term":[{"taxonomy":"product_brand","embeddable":true,"href":"https:\/\/havamall.vn\/en\/wp-json\/wp\/v2\/product_brand?post=13686"},{"taxonomy":"product_cat","embeddable":true,"href":"https:\/\/havamall.vn\/en\/wp-json\/wp\/v2\/product_cat?post=13686"},{"taxonomy":"product_tag","embeddable":true,"href":"https:\/\/havamall.vn\/en\/wp-json\/wp\/v2\/product_tag?post=13686"}],"curies":[{"name":"wp","href":"https:\/\/api.w.org\/{rel}","templated":true}]}}