{"id":13672,"date":"2020-03-20T14:28:32","date_gmt":"2020-03-20T07:28:32","guid":{"rendered":"https:\/\/havamall.vn\/?post_type=product&#038;p=13672"},"modified":"2021-07-20T20:46:45","modified_gmt":"2021-07-20T13:46:45","slug":"tra-lai-100g-jasmine-tea-100g","status":"publish","type":"product","link":"https:\/\/havamall.vn\/en\/shop\/tra-lai-100g-jasmine-tea-100g\/","title":{"rendered":"Tr\u00e0 L\u00e0i 100g &#8211; Jasmine Tea 100g"},"content":{"rendered":"<p><span style=\"font-weight: 400\">Tr\u00e0 l\u00e0i Hany s\u1ef1 k\u1ebft h\u1ee3p gi\u1eefa tr\u00e0 xanh v\u00e0 hoa l\u00e0i t\u01b0\u01a1i c\u00f9ng v\u1edbi c\u00e1c lo\u1ea1i h\u01b0\u01a1ng li\u1ec7u th\u1ea3o m\u1ed9c t\u1ef1 nhi\u00ean \u0111\u00e3<\/span><\/p>\n<ul>\n<li><span style=\"font-weight: 400\">Th\u00e0nh Ph\u1ea7n:\u00a0<\/span><span style=\"font-weight: 400\">Tr\u00e0 xanh, hoa l\u00e0i<\/span><\/li>\n<li><span style=\"font-weight: 400\">H\u01b0\u1edbng d\u1eabn s\u1eed d\u1ee5ng:\u00a0<\/span><span style=\"font-weight: 400\">Tr\u00e1ng \u1ea5m b\u1eb1ng n\u01b0\u1edbc s\u00f4i, cho tr\u00e0 v\u00e0o \u1ea5m, \u0111\u1ed5 n\u01b0\u1edbc s\u00f4i pha tr\u00e0 \u0111\u1ec3 kho\u1ea3ng 3-5 ph\u00fat l\u00e0 d\u00f9ng \u0111\u01b0\u1ee3c<\/span><\/li>\n<li><span style=\"font-weight: 400\">B\u1ea3o qu\u1ea3n:\u00a0<\/span><span style=\"font-weight: 400\">\u0111\u1ec3 n\u01a1i kh\u00f4 r\u00e1o, tho\u00e1ng m\u00e1t, tr\u00e1nh \u00e1nh n\u1eafng tr\u1ef1c ti\u1ebfp<\/span><\/li>\n<li><span style=\"font-weight: 400\">L\u00e0m gi\u1ea3m c\u0103ng th\u1eb3ng<\/span><\/li>\n<\/ul>\n<p><span style=\"font-weight: 400\">Tr\u00e0 l\u00e0i c\u00f3 t\u00e1c d\u1ee5ng an th\u1ea7n, l\u00e0m gi\u1ea3m nh\u1ecbp tim gi\u1ea3m b\u1edbt c\u0103ng th\u1eb3ng.<\/span><\/p>\n<p style=\"text-align: center\"><img fetchpriority=\"high\" decoding=\"async\" class=\"alignnone wp-image-13682\" src=\"https:\/\/havamall.vn\/wp-content\/uploads\/2020\/03\/hoa-la\u0300i-300x200.jpg\" alt=\"\" width=\"564\" height=\"376\" srcset=\"https:\/\/havamall.vn\/wp-content\/uploads\/2020\/03\/hoa-la\u0300i-300x200.jpg 300w, https:\/\/havamall.vn\/wp-content\/uploads\/2020\/03\/hoa-la\u0300i-430x287.jpg 430w, https:\/\/havamall.vn\/wp-content\/uploads\/2020\/03\/hoa-la\u0300i-150x100.jpg 150w, https:\/\/havamall.vn\/wp-content\/uploads\/2020\/03\/hoa-la\u0300i-700x467.jpg 700w, https:\/\/havamall.vn\/wp-content\/uploads\/2020\/03\/hoa-la\u0300i-768x512.jpg 768w, https:\/\/havamall.vn\/wp-content\/uploads\/2020\/03\/hoa-la\u0300i-1024x683.jpg 1024w, https:\/\/havamall.vn\/wp-content\/uploads\/2020\/03\/hoa-la\u0300i-1200x800.jpg 1200w, https:\/\/havamall.vn\/wp-content\/uploads\/2020\/03\/hoa-la\u0300i-600x400.jpg 600w, https:\/\/havamall.vn\/wp-content\/uploads\/2020\/03\/hoa-la\u0300i.jpg 1500w\" sizes=\"(max-width: 564px) 100vw, 564px\" \/><\/p>\n<h2>C\u00e1c t\u00e1c d\u1ee5ng c\u1ee7a Tr\u00e0 L\u00e0i<\/h2>\n<h3><span style=\"font-weight: 400\">Ng\u0103n ng\u1eeba l\u00e3o h\u00f3a<\/span><\/h3>\n<p><span style=\"font-weight: 400\">Tr\u00e0 l\u00e0i gi\u00fap duy tr\u00ec m\u1ed9t l\u00e0n da s\u00e1ng \u0111\u1eb9p v\u00e0 r\u1ef1c r\u1ee1. Tr\u00e0 l\u00e0i c\u00f3 t\u00e1c d\u1ee5ng ch\u1ed1ng l\u00e3o h\u00f3a l\u00e0 nh\u1edd v\u00e0o c\u00e1c ch\u1ea5t vitamin v\u00e0 amino acids kh\u00e1c nhau, v\u00ec th\u1ebf u\u1ed1ng tr\u00e0 l\u00e0i th\u01b0\u1eddng xuy\u00ean c\u00f3 th\u1ec3 ph\u00f2ng ng\u1eeba t\u00ecnh tr\u1ea1ng thi\u1ebfu vitamin A, C v\u00e0 B..<\/span><\/p>\n<p style=\"text-align: center\"><img decoding=\"async\" class=\"alignnone wp-image-13679\" src=\"https:\/\/havamall.vn\/wp-content\/uploads\/2020\/03\/ta\u0300-laiiii-300x300.jpg\" alt=\"\" width=\"559\" height=\"559\" srcset=\"https:\/\/havamall.vn\/wp-content\/uploads\/2020\/03\/ta\u0300-laiiii-300x300.jpg 300w, https:\/\/havamall.vn\/wp-content\/uploads\/2020\/03\/ta\u0300-laiiii-430x430.jpg 430w, https:\/\/havamall.vn\/wp-content\/uploads\/2020\/03\/ta\u0300-laiiii-150x150.jpg 150w, https:\/\/havamall.vn\/wp-content\/uploads\/2020\/03\/ta\u0300-laiiii-700x700.jpg 700w, https:\/\/havamall.vn\/wp-content\/uploads\/2020\/03\/ta\u0300-laiiii-768x768.jpg 768w, https:\/\/havamall.vn\/wp-content\/uploads\/2020\/03\/ta\u0300-laiiii-1024x1024.jpg 1024w, https:\/\/havamall.vn\/wp-content\/uploads\/2020\/03\/ta\u0300-laiiii-1200x1200.jpg 1200w, https:\/\/havamall.vn\/wp-content\/uploads\/2020\/03\/ta\u0300-laiiii-600x600.jpg 600w, https:\/\/havamall.vn\/wp-content\/uploads\/2020\/03\/ta\u0300-laiiii-100x100.jpg 100w, https:\/\/havamall.vn\/wp-content\/uploads\/2020\/03\/ta\u0300-laiiii.jpg 1600w\" sizes=\"(max-width: 559px) 100vw, 559px\" \/><\/p>\n<h3><span style=\"font-weight: 400\">Ph\u00f2ng ng\u1eeba nhi\u1ec5m l\u1ea1nh v\u00e0 d\u1ecb \u1ee9ng<\/span><\/h3>\n<p><span style=\"font-weight: 400\">Tr\u00e0 l\u00e0i gi\u00fap l\u00e0m d\u1ecbu c\u1ed5 h\u1ecdng b\u1ecb \u0111au, gi\u00fap ng\u1ee7 ngon v\u00e0 gi\u1eef \u1ea5m c\u01a1 th\u1ec3. Tr\u00e0 l\u00e0i \u0111\u01b0\u1ee3c bi\u1ebft \u0111\u1ebfn nh\u01b0 m\u1ed9t ch\u1ea5t gi\u00fap ch\u1ed1ng l\u1ea1i c\u00e1c vi khu\u1ea9n, t\u0103ng c\u01b0\u1eddng h\u1ec7 th\u1ed1ng mi\u1ec5n d\u1ecbch v\u00e0 ng\u0103n ng\u1eeba b\u1ea1n kh\u1ecfi c\u00e1c lo\u1ea1i d\u1ecb \u1ee9ng.<\/span><\/p>\n<h3><span style=\"font-weight: 400\">Ng\u0103n ng\u1eeba ung th\u01b0<\/span><\/h3>\n<p><span style=\"font-weight: 400\">C\u00e1c nghi\u00ean c\u1ee9u \u0111\u00e3 ch\u1ec9 ra r\u1eb1ng tr\u00e0 l\u00e0i c\u00f3 kh\u1ea3 n\u0103ng l\u00e0m ch\u1eadm s\u1ef1 t\u0103ng tr\u01b0\u1edfng c\u1ee7a t\u1ebf b\u00e0o ung th\u01b0 trong c\u01a1 th\u1ec3.\u00a0<\/span><\/p>\n<h3><span style=\"font-weight: 400\">Gi\u1ea3m Cholesterol<\/span><\/h3>\n<p><span style=\"font-weight: 400\">Tr\u00e0 xanh, \u0111\u1eb7c bi\u1ec7t l\u00e0 tr\u00e0 l\u00e0i c\u00f3 th\u1ec3 l\u00e0m gi\u1ea3m cholesterol v\u00e0 triglyceride trong c\u01a1 th\u1ec3..<\/span><\/p>\n<h3><span style=\"font-weight: 400\">H\u1ed7 tr\u1ee3 gi\u1ea3m c\u00e2n<\/span><\/h3>\n<p><span style=\"font-weight: 400\">Tr\u00e0 l\u00e0i t\u1ed1t cho gi\u1ea3m c\u00e2n v\u00ec n\u00f3 t\u1ef1 nhi\u00ean v\u00e0\u00a0 ch\u1ee9a r\u1ea5t nhi\u1ec1u ch\u1ea5t ch\u1ed1ng oxy h\u00f3a, th\u00fac \u0111\u1ea9y s\u1ef1 trao \u0111\u1ed5i ch\u1ea5t v\u00e0 l\u00e0m gi\u1ea3m c\u00e1c t\u1ebf b\u00e0o m\u1ee1 trong c\u01a1 th\u1ec3. N\u00f3 c\u0169ng c\u00f3 h\u01b0\u01a1ng v\u1ecb r\u1ea5t ng\u1ecdt ng\u00e0o. Do \u0111\u00f3, b\u1ea1n kh\u00f4ng c\u1ea7n ph\u1ea3i cho th\u00eam \u0111\u01b0\u1eddng ho\u1eb7c m\u1eadt ong khi th\u01b0\u1edfng th\u1ee9c.<\/span><\/p>\n<p style=\"text-align: center\"><img decoding=\"async\" class=\"alignnone wp-image-13678\" src=\"https:\/\/havamall.vn\/wp-content\/uploads\/2020\/03\/la\u0300i-tea-300x225.jpg\" alt=\"\" width=\"573\" height=\"430\" srcset=\"https:\/\/havamall.vn\/wp-content\/uploads\/2020\/03\/la\u0300i-tea-300x225.jpg 300w, https:\/\/havamall.vn\/wp-content\/uploads\/2020\/03\/la\u0300i-tea-430x323.jpg 430w, https:\/\/havamall.vn\/wp-content\/uploads\/2020\/03\/la\u0300i-tea-150x113.jpg 150w, https:\/\/havamall.vn\/wp-content\/uploads\/2020\/03\/la\u0300i-tea-700x525.jpg 700w, https:\/\/havamall.vn\/wp-content\/uploads\/2020\/03\/la\u0300i-tea-768x576.jpg 768w, https:\/\/havamall.vn\/wp-content\/uploads\/2020\/03\/la\u0300i-tea-1024x768.jpg 1024w, https:\/\/havamall.vn\/wp-content\/uploads\/2020\/03\/la\u0300i-tea-1200x900.jpg 1200w, https:\/\/havamall.vn\/wp-content\/uploads\/2020\/03\/la\u0300i-tea-600x450.jpg 600w, https:\/\/havamall.vn\/wp-content\/uploads\/2020\/03\/la\u0300i-tea.jpg 1600w\" sizes=\"(max-width: 573px) 100vw, 573px\" \/><\/p>\n<h3><span style=\"font-weight: 400\">C\u00e1ch pha tr\u00e0 l\u00e0i \u0111\u00fang c\u00e1ch<\/span><\/h3>\n<p><span style=\"font-weight: 400\">Cho tr\u00e0 v\u00e0o \u1ea5m r\u1ed3i r\u00f3t n\u01b0\u1edbc s\u00f4i v\u00e0o. L\u01b0u \u00fd ch\u1ec9 n\u00ean \u0111\u1ec3 n\u01b0\u1edbc \u1edf 80 \u0111\u1ed9 \u0111\u1ec3 kh\u00f4ng b\u1ecb ch\u00e1y tr\u00e0.<\/span><\/p>\n<p><span style=\"font-weight: 400\">\u0110\u1ee3i kho\u1ea3ng 30, 45 gi\u00e2y r\u1ed3i r\u00f3t\u00a0 tr\u00e0 v\u00e0o chuy\u00ean tr\u00e0<\/span><\/p>\n<p><span style=\"font-weight: 400\">R\u00f3t tr\u00e0 ra ly r\u1ed3i th\u01b0\u1edfng th\u1ee9c.<\/span><\/p>","protected":false},"excerpt":{"rendered":"<p><span style=\"font-weight: 400\">Tr\u00e0 l\u00e0i c\u00f3 t\u00e1c d\u1ee5ng an th\u1ea7n, l\u00e0m gi\u1ea3m nh\u1ecbp tim gi\u1ea3m b\u1edbt c\u0103ng th\u1eb3ng.\u00a0<\/span><span style=\"font-weight: 400\">Tr\u00e0 l\u00e0i Hany s\u1ef1 k\u1ebft h\u1ee3p gi\u1eefa tr\u00e0 xanh v\u00e0 hoa l\u00e0i t\u01b0\u01a1i c\u00f9ng v\u1edbi c\u00e1c lo\u1ea1i h\u01b0\u01a1ng li\u1ec7u th\u1ea3o m\u1ed9c t\u1ef1 nhi\u00ean.<\/span><\/p>","protected":false},"featured_media":13943,"comment_status":"open","ping_status":"closed","template":"","meta":[],"product_brand":[],"product_cat":[36,135,143],"product_tag":[],"class_list":{"0":"post-13672","1":"product","2":"type-product","3":"status-publish","4":"has-post-thumbnail","6":"product_cat-thuc-pham-tieu-dung","7":"product_cat-sua-do-uong","8":"product_cat-thuc-pham-dong-hop","9":"pa_brand-hany","11":"first","12":"outofstock","13":"sale","14":"shipping-taxable","15":"purchasable","16":"product-type-simple"},"_links":{"self":[{"href":"https:\/\/havamall.vn\/en\/wp-json\/wp\/v2\/product\/13672"}],"collection":[{"href":"https:\/\/havamall.vn\/en\/wp-json\/wp\/v2\/product"}],"about":[{"href":"https:\/\/havamall.vn\/en\/wp-json\/wp\/v2\/types\/product"}],"replies":[{"embeddable":true,"href":"https:\/\/havamall.vn\/en\/wp-json\/wp\/v2\/comments?post=13672"}],"version-history":[{"count":0,"href":"https:\/\/havamall.vn\/en\/wp-json\/wp\/v2\/product\/13672\/revisions"}],"wp:featuredmedia":[{"embeddable":true,"href":"https:\/\/havamall.vn\/en\/wp-json\/wp\/v2\/media\/13943"}],"wp:attachment":[{"href":"https:\/\/havamall.vn\/en\/wp-json\/wp\/v2\/media?parent=13672"}],"wp:term":[{"taxonomy":"product_brand","embeddable":true,"href":"https:\/\/havamall.vn\/en\/wp-json\/wp\/v2\/product_brand?post=13672"},{"taxonomy":"product_cat","embeddable":true,"href":"https:\/\/havamall.vn\/en\/wp-json\/wp\/v2\/product_cat?post=13672"},{"taxonomy":"product_tag","embeddable":true,"href":"https:\/\/havamall.vn\/en\/wp-json\/wp\/v2\/product_tag?post=13672"}],"curies":[{"name":"wp","href":"https:\/\/api.w.org\/{rel}","templated":true}]}}