{"id":13666,"date":"2020-03-20T14:13:11","date_gmt":"2020-03-20T07:13:11","guid":{"rendered":"https:\/\/havamall.vn\/?post_type=product&#038;p=13666"},"modified":"2021-07-20T20:47:21","modified_gmt":"2021-07-20T13:47:21","slug":"tra-o-long-100g-oolong-tea-100g","status":"publish","type":"product","link":"https:\/\/havamall.vn\/en\/shop\/tra-o-long-100g-oolong-tea-100g\/","title":{"rendered":"Tr\u00e0 \u00d4 Long 100g &#8211; Oolong Tea 100g"},"content":{"rendered":"<p><span style=\"font-weight: 400\">Tr\u00e0 \u00d4 long \u0111\u01b0\u1ee3c tr\u1ed3ng v\u00e0 s\u1ea3n xu\u1ea5t t\u1ea1i L\u00e2m \u0110\u1ed3ng mang \u0111\u1eadm phong c\u00e1ch \u0111\u1eb7c s\u1ea3n Vi\u1ec7t Nam, kh\u00ed h\u1eadu t\u1ea1i L\u00e2m \u0110\u1ed3ng m\u00e1t quanh n\u0103m t\u1ea1o \u0111i\u1ec1u ki\u1ec7n thu\u1eadn l\u1ee3i cho c\u00e2y tr\u00e0 ph\u00e1t tri\u1ec3n t\u1ed1t nh\u1ea5t v\u00e0 mang h\u01b0\u01a1ng v\u1ecb tr\u00e0 \u0111\u1eb7c tr\u01b0ng nh\u1ea5t.<\/span><\/p>\n<p><span style=\"font-weight: 400\">&#8211; Th\u00e0nh Ph\u1ea7n:\u00a0<\/span><span style=\"font-weight: 400\">100% tr\u00e0 oolong<\/span><\/p>\n<p><span style=\"font-weight: 400\">&#8211; H\u01b0\u1edbng d\u1eabn s\u1eed d\u1ee5ng:\u00a0<\/span><span style=\"font-weight: 400\">Tr\u00e1ng \u1ea5m b\u1eb1ng n\u01b0\u1edbc s\u00f4i, cho tr\u00e0 v\u00e0o \u1ea5m, \u0111\u1ed5 n\u01b0\u1edbc s\u00f4i pha tr\u00e0 \u0111\u1ec3 kho\u1ea3ng 3-5 ph\u00fat l\u00e0 d\u00f9ng \u0111\u01b0\u1ee3c<\/span><\/p>\n<p><span style=\"font-weight: 400\">&#8211; B\u1ea3o qu\u1ea3n:\u00a0<\/span><span style=\"font-weight: 400\">\u0110\u1ec3 n\u01a1i kh\u00f4 r\u00e1o, tho\u00e1ng m\u00e1t, tr\u00e1nh \u00e1nh n\u1eafng tr\u1ef1c ti\u1ebfp<\/span><\/p>\n<p style=\"text-align: center\"><span style=\"font-weight: 400\"><img fetchpriority=\"high\" decoding=\"async\" class=\"alignnone wp-image-13670\" src=\"https:\/\/havamall.vn\/wp-content\/uploads\/2020\/03\/o\u0302-long-300x200.jpg\" alt=\"\" width=\"586\" height=\"390\" srcset=\"https:\/\/havamall.vn\/wp-content\/uploads\/2020\/03\/o\u0302-long-300x200.jpg 300w, https:\/\/havamall.vn\/wp-content\/uploads\/2020\/03\/o\u0302-long-430x287.jpg 430w, https:\/\/havamall.vn\/wp-content\/uploads\/2020\/03\/o\u0302-long-150x100.jpg 150w, https:\/\/havamall.vn\/wp-content\/uploads\/2020\/03\/o\u0302-long-700x467.jpg 700w, https:\/\/havamall.vn\/wp-content\/uploads\/2020\/03\/o\u0302-long-768x512.jpg 768w, https:\/\/havamall.vn\/wp-content\/uploads\/2020\/03\/o\u0302-long-1024x683.jpg 1024w, https:\/\/havamall.vn\/wp-content\/uploads\/2020\/03\/o\u0302-long-1200x800.jpg 1200w, https:\/\/havamall.vn\/wp-content\/uploads\/2020\/03\/o\u0302-long-600x400.jpg 600w, https:\/\/havamall.vn\/wp-content\/uploads\/2020\/03\/o\u0302-long.jpg 1500w\" sizes=\"(max-width: 586px) 100vw, 586px\" \/><\/span><\/p>\n<p><span style=\"font-weight: 400\">Tr\u00e0 OoLong c\u00f3 h\u01b0\u01a1ng tr\u00e0 th\u01a1m nh\u1eb9, t\u1ef1 nhi\u00ean thanh khi\u1ebft, s\u1eafc tr\u00e0 v\u00e0ng trong, xanh nh\u1eb9 \u00f3ng \u00e1nh, v\u1ecb \u0111\u1eadm \u0111\u00e0, h\u1eadu v\u1ecb ng\u1ecdt ng\u00e0o l\u1eafng \u0111\u1ecdng, pha l\u1eabn v\u1ecb ch\u00e1t d\u1ecbu nh\u1eb9 nh\u1edd h\u00e0m l\u01b0\u1ee3ng tannin th\u1ea5p, h\u1ea1n ch\u1ebf kh\u1ea3 n\u0103ng g\u00e2y m\u1ea5t ng\u1ee7.<\/span><\/p>\n<p><span style=\"font-weight: 400\">Tr\u00e0 OoLong \u0111\u01b0\u1ee3c bi\u1ebft \u0111\u1ebfn l\u00e0 lo\u1ea1i tr\u00e0 gi\u00fap s\u1ea3ng kho\u00e1i tinh th\u1ea7n, t\u0103ng c\u01b0\u1eddng s\u1ee9c kh\u1ecfe, t\u01b0\u01a1i tr\u1ebb l\u00e0n da v\u00e0 \u0111\u1eb7c bi\u1ec7t l\u00e0 kh\u1ea3 n\u0103ng ph\u00f2ng ch\u1ed1ng ung th\u01b0<\/span><\/p>\n<p><span style=\"font-weight: 400\">Ngo\u00e0i ra, ngu\u1ed3n vitamin phong ph\u00fa c\u00f9ng v\u1edbi c\u00e1c acid amin c\u00f3 trong l\u00e1 tr\u00e0 l\u00e0m cho tr\u00e0 \u00d4 long HANY tr\u1edf th\u00e0nh m\u1ed9t th\u1ee9c u\u1ed1ng b\u1ed5 d\u01b0\u1ee1ng, \u0111\u1ea9y m\u1ea1nh qu\u00e1 tr\u00ecnh trao \u0111\u1ed5i ch\u1ea5t cho c\u01a1 th\u1ec3, t\u0103ng s\u1ee9c \u0111\u1ec1 kh\u00e1ng cho c\u01a1 th\u1ec3.<\/span><\/p>\n<p><span style=\"font-weight: 400\">Ngo\u00e0i ra, c\u00e1c ch\u1ea5t kho\u00e1ng v\u00f4 c\u01a1 gi\u00fap ng\u0103n ng\u1eeba nhi\u1ec1u lo\u1ea1i b\u1ec7nh, c\u00f3 l\u1ee3i cho vi\u1ec7c h\u1ea5p thu c\u00e1c ch\u1ea5t dinh d\u01b0\u1ee1ng c\u1ea7n thi\u1ebft, ch\u1ed1ng lo\u00e3ng x\u01b0\u01a1ng c\u00f3 hi\u1ec7u qu\u1ea3. H\u01a1n n\u1eefa, cafein v\u00e0 theophyllin trong l\u00e1 tr\u00e0 c\u00f3 t\u00e1c d\u1ee5ng k\u00edch th\u00edch n\u00e3o, h\u1ec7 tu\u1ea7n ho\u00e0n v\u00e0 h\u00f4 h\u1ea5p; t\u0103ng c\u01b0\u1eddng s\u1ee9c l\u00e0m vi\u1ec7c c\u1ee7a tr\u00ed \u00f3c v\u00e0 c\u1ee7a c\u01a1 l\u00e0m t\u0103ng h\u00f4 h\u1ea5p, t\u0103ng c\u01b0\u1eddng v\u00e0 \u0111i\u1ec1u ho\u00e0 nh\u1ecbp tim; gi\u00fap ti\u00eau ho\u00e1 \u0111\u01b0\u1ee3c t\u1ed1t h\u01a1n v\u00e0 gi\u00fap l\u1ee3i ti\u1ec3u&#8230;<\/span><\/p>\n<p style=\"text-align: center\"><img decoding=\"async\" class=\"alignnone wp-image-13670\" src=\"https:\/\/havamall.vn\/wp-content\/uploads\/2020\/03\/o\u0302-long-300x200.jpg\" alt=\"\" width=\"575\" height=\"383\" srcset=\"https:\/\/havamall.vn\/wp-content\/uploads\/2020\/03\/o\u0302-long-300x200.jpg 300w, https:\/\/havamall.vn\/wp-content\/uploads\/2020\/03\/o\u0302-long-430x287.jpg 430w, https:\/\/havamall.vn\/wp-content\/uploads\/2020\/03\/o\u0302-long-150x100.jpg 150w, https:\/\/havamall.vn\/wp-content\/uploads\/2020\/03\/o\u0302-long-700x467.jpg 700w, https:\/\/havamall.vn\/wp-content\/uploads\/2020\/03\/o\u0302-long-768x512.jpg 768w, https:\/\/havamall.vn\/wp-content\/uploads\/2020\/03\/o\u0302-long-1024x683.jpg 1024w, https:\/\/havamall.vn\/wp-content\/uploads\/2020\/03\/o\u0302-long-1200x800.jpg 1200w, https:\/\/havamall.vn\/wp-content\/uploads\/2020\/03\/o\u0302-long-600x400.jpg 600w, https:\/\/havamall.vn\/wp-content\/uploads\/2020\/03\/o\u0302-long.jpg 1500w\" sizes=\"(max-width: 575px) 100vw, 575px\" \/><\/p>\n<h2><span style=\"font-weight: 400\">10 C\u00f4ng d\u1ee5ng s\u1ee9c kho\u1ebb c\u1ee7a tr\u00e0 \u00d4 Long<\/span><\/h2>\n<p><b>T\u0103ng trao \u0111\u1ed5i ch\u1ea5t, gi\u00fap gi\u1ea3m c\u00e2n<\/b><span style=\"font-weight: 400\"> : Tr\u00e0 \u00f4 long gi\u00fap b\u1ea1n \u0111\u1ed1t ch\u00e1y m\u1ee1 th\u1eeba nhanh h\u01a1n b\u1eb1ng c\u00e1ch t\u0103ng c\u01b0\u1eddng s\u1ef1 trao \u0111\u1ed5i ch\u1ea5t k\u00e9o d\u00e0i 2 gi\u1edd sau khi s\u1eed d\u1ee5ng. Ngo\u00e0i ra trong tr\u00e0 c\u0169ng ch\u1ee9a polyphenol c\u00f3 kh\u1ea3 n\u0103ng \u1ee9c ch\u1ebf enzyme t\u1ea1o ch\u1ea5t b\u00e9o, \u0111i\u1ec1u n\u00e0y c\u00f3 ngh\u0129a l\u00e0 b\u1ea1n c\u00f3 th\u1ec3 gi\u1ea3m c\u00e2n v\u1edbi tr\u00e0 \u00f4 long, mi\u1ec5n l\u00e0 b\u1ea1n \u0111\u1eebng u\u1ed1ng n\u00f3 v\u1edbi \u0111\u01b0\u1eddng ^__^<\/span><\/p>\n<p><b>Gi\u1ea3m Cholesterol<\/b><span style=\"font-weight: 400\"> : tr\u00e0 \u0111\u01b0\u1ee3c oxy ho\u00e1 m\u1ed9t ph\u1ea7n nh\u01b0 \u00d4 Long ch\u1ee9a polyphenol\u00a0 c\u00f3 kh\u1ea3 n\u0103ng k\u00edch ho\u1ea1t enzyme h\u00f2a tan ch\u1ea5t b\u00e9o, gi\u1ea3m cholesterol v\u00e0 t\u0103ng c\u01b0\u1eddng s\u1ee9c kh\u1ecfe tim m\u1ea1ch.<\/span><\/p>\n<p><b>T\u0103ng s\u1ef1 t\u1ec9nh t\u00e1o<\/b><span style=\"font-weight: 400\">: tr\u00e0 l\u00e0 m\u1ed9t lo\u1ea1i ch\u1ea5t dinh d\u01b0\u1ee1ng gi\u00fap t\u0103ng hi\u1ec7u su\u1ea5t c\u1ee7a n\u00e3o m\u1ed9t c\u00e1ch t\u1ef1 nhi\u00ean, v\u00ec n\u00f3 c\u00f3 ch\u1ee9a caffeine. Nh\u01b0ng h\u00e3y c\u1ea9n tr\u1ecdng n\u1ebfu b\u1ea1n nh\u1ea1y c\u1ea3m v\u1edbi caffeine, pha nh\u1ea1t h\u01a1n, u\u1ed1ng \u00edt h\u01a1n.<\/span><\/p>\n<p style=\"text-align: center\"><img decoding=\"async\" class=\"alignnone wp-image-13669\" src=\"https:\/\/havamall.vn\/wp-content\/uploads\/2020\/03\/o\u0302-longg-300x300.jpg\" alt=\"\" width=\"558\" height=\"558\" srcset=\"https:\/\/havamall.vn\/wp-content\/uploads\/2020\/03\/o\u0302-longg-300x300.jpg 300w, https:\/\/havamall.vn\/wp-content\/uploads\/2020\/03\/o\u0302-longg-430x430.jpg 430w, https:\/\/havamall.vn\/wp-content\/uploads\/2020\/03\/o\u0302-longg-150x150.jpg 150w, https:\/\/havamall.vn\/wp-content\/uploads\/2020\/03\/o\u0302-longg-700x700.jpg 700w, https:\/\/havamall.vn\/wp-content\/uploads\/2020\/03\/o\u0302-longg-768x768.jpg 768w, https:\/\/havamall.vn\/wp-content\/uploads\/2020\/03\/o\u0302-longg-1024x1024.jpg 1024w, https:\/\/havamall.vn\/wp-content\/uploads\/2020\/03\/o\u0302-longg-1200x1200.jpg 1200w, https:\/\/havamall.vn\/wp-content\/uploads\/2020\/03\/o\u0302-longg-600x600.jpg 600w, https:\/\/havamall.vn\/wp-content\/uploads\/2020\/03\/o\u0302-longg-100x100.jpg 100w, https:\/\/havamall.vn\/wp-content\/uploads\/2020\/03\/o\u0302-longg.jpg 1600w\" sizes=\"(max-width: 558px) 100vw, 558px\" \/><\/p>\n<p><b>B\u1ea3o v\u1ec7 \u0111\u01b0\u1eddng ti\u00eau ho\u00e1<\/b><span style=\"font-weight: 400\">: v\u1edbi nh\u1eefng ng\u01b0\u1eddi kh\u00f4ng nh\u1ea1y c\u1ea3m v\u1edbi caffeine, tr\u00e0 gi\u00fap ki\u1ec1m ho\u00e1 \u0111\u01b0\u1eddng ti\u00eau ho\u00e1, gi\u1ea3m vi\u00eam v\u1edbi nh\u1eefng b\u1ea1n b\u1ecb t\u0103ng l\u01b0\u1ee3ng axit g\u00e2y lo\u00e9t d\u1ea1 d\u00e0y. N\u00f3 c\u00f2n c\u00f3 t\u00ednh s\u00e1t tr\u00f9ng, ti\u00eau di\u1ec7t vi khu\u1ea9n g\u00e2y h\u1ea1i v\u00f9ng b\u1ee5ng. H\u01b0\u01a1ng v\u1ecb m\u1ecbn m\u00e0ng c\u0169ng gi\u00fap l\u00e0m d\u1ecbu d\u1ea1 d\u00e0y c\u1ee7a b\u1ea1n.<\/span><\/p>\n<p><b>L\u00e0m t\u00f3c ch\u1eafc kh\u1ecfe<\/b><span style=\"font-weight: 400\">: g\u1ed9i \u0111\u1ea7u b\u1eb1ng l\u00e1 tr\u00e0, h\u00e0m l\u01b0\u1ee3ng c\u00e1c ch\u1ea5t ch\u1ed1ng oxy h\u00f3a cao trong tr\u00e0 ng\u0103n ng\u1eeba s\u1ef1 r\u1ee5ng t\u00f3c, n\u00f3 c\u00f2n gi\u00fap t\u00f3c b\u1ea1n d\u00e0y, m\u1ec1m v\u00e0 b\u00f3ng.<\/span><\/p>\n<p><b>C\u1ea3i thi\u1ec7n t\u00ecnh tr\u1ea1ng c\u1ee7a da<\/b><span style=\"font-weight: 400\">: da b\u1ea1n nh\u1ea1y c\u1ea3m v\u00e0 b\u1ecb d\u1ecb \u1ee9ng, tr\u00e0 c\u00f3 th\u1ec3 gi\u00fap k\u00ecm h\u00e3m d\u1ecb \u1ee9ng v\u00ec n\u00f3 gi\u00fap ch\u1ed1ng l\u1ea1i c\u00e1c g\u1ed1c t\u1ef1 do, \u0111\u00f3 l\u00e0 \u0111\u1eb7c t\u00ednh y h\u1ecdc c\u1ee7a c\u00e1c ch\u1ea5t ch\u1ed1ng oxy h\u00f3a trong tr\u00e0. C\u00e1c ch\u1ea5t n\u00e0y c\u0169ng c\u1ea7n thi\u1ebft gi\u00fap da \u0111\u00e0n h\u1ed3i v\u00e0 tr\u1ebb trung, l\u00e0m ch\u1eadm qu\u00e1 tr\u00ecnh l\u00e3o ho\u00e1, m\u1ed9t th\u1ee9c u\u1ed1ng ch\u1ed1ng l\u00e3o ho\u00e1 tuy\u1ec7t v\u1eddi nh\u1ec9 \ud83d\ude42<\/span><\/p>\n<p><b>\u1ed4n \u0111\u1ecbnh l\u01b0\u1ee3ng \u0111\u01b0\u1eddng trong m\u00e1u<\/b><span style=\"font-weight: 400\">: c\u00e1c b\u1ea1n ti\u1ec3u \u0111\u01b0\u1eddng s\u1ebd \u0111\u01b0\u1ee3c h\u01b0\u1edfng l\u1ee3i t\u1eeb vi\u1ec7c u\u1ed1ng tr\u00e0 \u00f4 long, polyphenol c\u1ee7a tr\u00e0 l\u00e0 m\u1ed9t ch\u1ea5t k\u1ef3 di\u1ec7u trong qu\u00e1 tr\u00ecnh chuy\u1ec3n ho\u00e1 \u0111\u01b0\u1eddng, gi\u1ea3m l\u01b0\u1ee3ng glucose trong m\u00e1u.<\/span><\/p>\n<p><b>Ng\u1eeba s\u00e2u r\u0103ng<\/b><span style=\"font-weight: 400\">: tr\u00e0 \u00d4 Long c\u0169ng nh\u01b0 tr\u00e0 xanh b\u1ea3o v\u1ec7 r\u0103ng kh\u1ecfi axit ti\u1ebft ra b\u1edfi c\u00e1c lo\u1ea1i vi khu\u1ea9n nh\u1ea5t \u0111\u1ecbnh trong mi\u1ec7ng, \u1ee9c ch\u1ebf vi khu\u1ea9n v\u00e0 ng\u0103n ng\u1eeba m\u1ea3ng b\u00e1m.<\/span><\/p>\n<p style=\"text-align: center\"><img loading=\"lazy\" decoding=\"async\" class=\"alignnone wp-image-13667\" src=\"https:\/\/havamall.vn\/wp-content\/uploads\/2020\/03\/tra\u0300-300x200.jpg\" alt=\"\" width=\"584\" height=\"389\" srcset=\"https:\/\/havamall.vn\/wp-content\/uploads\/2020\/03\/tra\u0300-300x200.jpg 300w, https:\/\/havamall.vn\/wp-content\/uploads\/2020\/03\/tra\u0300-430x287.jpg 430w, https:\/\/havamall.vn\/wp-content\/uploads\/2020\/03\/tra\u0300-150x100.jpg 150w, https:\/\/havamall.vn\/wp-content\/uploads\/2020\/03\/tra\u0300.jpg 600w\" sizes=\"(max-width: 584px) 100vw, 584px\" \/><\/p>\n<p><b>Ng\u1eeba lo\u00e3ng x\u01b0\u01a1ng v\u00e0 gi\u00fap x\u01b0\u01a1ng ch\u1eafc kh\u1ecfe<\/b><span style=\"font-weight: 400\"> : c\u00e1c b\u1ea1n u\u1ed1ng tr\u00e0 th\u01b0\u1eddng xuy\u00ean \u00edt c\u00f3 kh\u1ea3 n\u0103ng b\u1ecb gi\u1ea3m m\u1eadt \u0111\u1ed9 kho\u00e1ng trong x\u01b0\u01a1ng, gi\u00fap gi\u1eef l\u1ea1i c\u00e1c kho\u00e1ng ch\u1ea5t h\u1eefu \u00edch trong th\u1ef1c ph\u1ea9m. L\u00e1 tr\u00e0 c\u00f2n cung c\u1ea5p cho b\u1ea1n canxi v\u00e0 magie.<\/span><\/p>\n<p><b>T\u0103ng c\u01b0\u1eddng h\u1ec7 th\u1ed1ng mi\u1ec5n d\u1ecbch<\/b><span style=\"font-weight: 400\">: th\u01b0\u1eddng \u0111\u01b0\u1ee3c g\u1ecdi l\u00e0 \u0111\u1eb7c t\u00ednh ch\u1ed1ng ung th\u01b0, Tr\u00e0 \u00d4 Long h\u1ed7 tr\u1ee3 b\u1ea1n duy tr\u00ec m\u1ed9t h\u1ec7 mi\u1ec5n d\u1ecbch kh\u1ecfe m\u1ea1nh, ng\u0103n ng\u1eeba t\u1ed5n th\u01b0\u01a1ng t\u1ebf b\u00e0o, protein ch\u1ed1ng vi khu\u1ea9n cao h\u01a1n \u1edf nh\u1eefng b\u1ea1n hay u\u1ed1ng tr\u00e0.<\/span><\/p>\n<p><span style=\"font-weight: 400\">H\u1ea7u h\u1ebft c\u00e1c l\u1ee3i \u00edch n\u00e0y c\u0169ng c\u00f3 trong t\u1ea5t c\u1ea3 c\u00e1c lo\u1ea1i tr\u00e0 kh\u00e1c, nh\u01b0ng ch\u00ednh s\u1ef1 kh\u1eaft khe trong vi\u1ec7c tr\u1ed3ng tr\u1ecdt, thu h\u00e1i v\u00e0 ch\u1ebf bi\u1ebfn tr\u00e0 Olong \u0111\u00e3 l\u00e0m cho lo\u1ea1i tr\u00e0 n\u00e0y gi\u1eef \u0111\u01b0\u1ee3c nh\u1eefng \u0111\u1eb7c t\u00ednh t\u1ed1t cho s\u1ee9c kh\u1ecfe m\u1ed9t c\u00e1ch \u0111\u1ea7y \u0111\u1ee7 nh\u1ea5t.<\/span><\/p>","protected":false},"excerpt":{"rendered":"<p><span style=\"font-weight: 400\">Tr\u00e0 \u00d4 long \u0111\u01b0\u1ee3c tr\u1ed3ng v\u00e0 s\u1ea3n xu\u1ea5t t\u1ea1i L\u00e2m \u0110\u1ed3ng mang \u0111\u1eadm phong c\u00e1ch \u0111\u1eb7c s\u1ea3n Vi\u1ec7t Nam, kh\u00ed h\u1eadu t\u1ea1i L\u00e2m \u0110\u1ed3ng m\u00e1t quanh n\u0103m t\u1ea1o \u0111i\u1ec1u ki\u1ec7n thu\u1eadn l\u1ee3i cho c\u00e2y tr\u00e0 ph\u00e1t tri\u1ec3n t\u1ed1t nh\u1ea5t v\u00e0 mang h\u01b0\u01a1ng v\u1ecb tr\u00e0 \u0111\u1eb7c tr\u01b0ng nh\u1ea5t.<\/span><\/p>\n<p>&nbsp;<\/p>","protected":false},"featured_media":13941,"comment_status":"open","ping_status":"closed","template":"","meta":[],"product_brand":[],"product_cat":[36,135,143],"product_tag":[],"class_list":{"0":"post-13666","1":"product","2":"type-product","3":"status-publish","4":"has-post-thumbnail","6":"product_cat-thuc-pham-tieu-dung","7":"product_cat-sua-do-uong","8":"product_cat-thuc-pham-dong-hop","9":"pa_brand-hany","11":"first","12":"outofstock","13":"sale","14":"shipping-taxable","15":"purchasable","16":"product-type-simple"},"_links":{"self":[{"href":"https:\/\/havamall.vn\/en\/wp-json\/wp\/v2\/product\/13666"}],"collection":[{"href":"https:\/\/havamall.vn\/en\/wp-json\/wp\/v2\/product"}],"about":[{"href":"https:\/\/havamall.vn\/en\/wp-json\/wp\/v2\/types\/product"}],"replies":[{"embeddable":true,"href":"https:\/\/havamall.vn\/en\/wp-json\/wp\/v2\/comments?post=13666"}],"version-history":[{"count":0,"href":"https:\/\/havamall.vn\/en\/wp-json\/wp\/v2\/product\/13666\/revisions"}],"wp:featuredmedia":[{"embeddable":true,"href":"https:\/\/havamall.vn\/en\/wp-json\/wp\/v2\/media\/13941"}],"wp:attachment":[{"href":"https:\/\/havamall.vn\/en\/wp-json\/wp\/v2\/media?parent=13666"}],"wp:term":[{"taxonomy":"product_brand","embeddable":true,"href":"https:\/\/havamall.vn\/en\/wp-json\/wp\/v2\/product_brand?post=13666"},{"taxonomy":"product_cat","embeddable":true,"href":"https:\/\/havamall.vn\/en\/wp-json\/wp\/v2\/product_cat?post=13666"},{"taxonomy":"product_tag","embeddable":true,"href":"https:\/\/havamall.vn\/en\/wp-json\/wp\/v2\/product_tag?post=13666"}],"curies":[{"name":"wp","href":"https:\/\/api.w.org\/{rel}","templated":true}]}}