{"id":13564,"date":"2020-03-18T13:17:21","date_gmt":"2020-03-18T06:17:21","guid":{"rendered":"https:\/\/havamall.vn\/?post_type=product&#038;p=13564"},"modified":"2021-09-10T10:36:56","modified_gmt":"2021-09-10T03:36:56","slug":"banh-cuon-gion-nhan-pho-mai-tao-do-han-quoc-200g-slim-red-apple-crispy-roll","status":"publish","type":"product","link":"https:\/\/havamall.vn\/en\/shop\/banh-cuon-gion-nhan-pho-mai-tao-do-han-quoc-200g-slim-red-apple-crispy-roll\/","title":{"rendered":"B\u00e1nh Cu\u1ed9n Gi\u00f2n Nh\u00e2n Ph\u00f4 Mai T\u00e1o \u0110\u1ecf H\u00e0n Qu\u1ed1c 200g \u2013 Slim Jujube Crispy Roll"},"content":{"rendered":"<h1>B\u00e1nh Cu\u1ed9n Gi\u00f2n Nh\u00e2n B\u01a1 Ph\u00f4 Mai<\/h1>\n<p><strong>B\u00e1nh cu\u1ed9n gi\u00f2n\u00a0<\/strong>cao c\u1ea5p v\u1edbi l\u1edbp b\u00ean ngo\u00e0i l\u00e0m t\u1eeb b\u1ed9t g\u1ea1o, s\u1eefa nguy\u00ean ch\u1ea5t v\u00e0 16 lo\u1ea1i ng\u0169 c\u1ed1c mang \u0111\u1ebfn h\u01b0\u01a1ng v\u1ecb th\u01a1m ngon, h\u1ea5p d\u1eabn. Khi th\u01b0\u1edfng th\u1ee9c, l\u1edbp v\u1ecf ngo\u00e0i gi\u00f2n r\u1ee5m k\u1ebft h\u1ee3p v\u1edbi nh\u00e2n phomai t\u00e1o \u0111\u1ecf m\u1edbi l\u1ea1 \u0111em \u0111\u1ebfn tr\u1ea3i nghi\u1ec7m tuy\u1ec7t v\u1eddi v\u00e0 b\u00f9ng n\u1ed5 trong h\u01b0\u01a1ng v\u1ecb.<\/p>\n<p>S\u1ea3n ph\u1ea9m \u0111\u01b0\u1ee3c \u0111\u00f3ng g\u00f3i t\u00fai nh\u1ef1a polypropylen b\u00ean trong \u0111\u1ea3m b\u1ea3o v\u1ec7 sinh an to\u00e0n th\u1ef1c ph\u1ea9m v\u00e0 thu\u1eadn ti\u1ec7n mang \u0111i theo tr\u00ean m\u1ecdi n\u1ebbo \u0111\u01b0\u1eddng \u0111\u1ec3 chia s\u1ebb v\u1edbi ng\u01b0\u1eddi th\u00e2n, b\u1ea1n b\u00e8,&#8230;<\/p>\n<h2>Th\u00e0nh ph\u1ea7n v\u00e0 h\u01b0\u1edbng d\u1eabn s\u1eed d\u1ee5ng<\/h2>\n<p>T\u00ean s\u1ea3n ph\u1ea9m:\u00a0<strong>B\u00e1nh cu\u1ed9n gi\u00f2n cao c\u1ea5p nh\u00e2n ph\u00f4 mai T\u00e1o \u0111\u1ecf H\u00e0n Qu\u1ed1c 200 g<\/strong><\/p>\n<p><strong>Th\u00e0nh ph\u1ea7n:\u00a0<\/strong>B\u1ed9t g\u1ea1o (H\u00e0n Qu\u1ed1c) 25,61%, d\u1ea7u c\u1ecd (Malaysia), s\u1eefa b\u1ed9t nguy\u00ean ch\u1ea5t (H\u00e0n Qu\u1ed1c\/ nguy\u00ean li\u1ec7u th\u00f4 100%), \u0111\u01b0\u1eddng, b\u1ed9t whey (whey 100%), \u0111\u01b0\u1eddng maltodextrin, b\u1ed9t tr\u1ed9n b\u01a1 65, b\u1ed9t ch\u1ebf bi\u1ebfn nguy\u00ean ch\u1ea5t -1, \u0111\u01b0\u1eddng Glucose tinh th\u1ec3 d\u1ea1ng b\u1ed9t, 16 lo\u1ea1i ng\u0169 c\u1ed1c (l\u00faa m\u1ea1ch, \u0111\u1ea1i m\u1ea1ch, l\u00faa m\u00ec, \u0111\u1eadu n\u00e0nh, h\u1ea1t \u0111\u1eadu \u0111en xanh, \u0111\u1eadu t\u01b0\u01a1ng, h\u1ea1t k\u00ea proso, \u0111\u1eadu adzuki, \u00fd d\u0129, ng\u00f4, \u0111\u1eadu ph\u1ed9ng, k\u00ea, g\u1ea1o \u0111en, \u0111\u1eadu \u0111en, h\u1ea1t t\u00eda t\u00f4 xanh, v\u1eebng) 3,53%, b\u1ed9t t\u00e1o t\u00e0u 0,93%, b\u1ed9t tr\u1ed9n phomai, g\u1ea1o l\u1ee9t (H\u00e0n Qu\u1ed1c) 0,8%, ch\u1ea5t \u0111\u1ed9n: cenlulose vi tinh th\u1ec3 (E460(i)), b\u1ed9t h\u1ea1t sen 0,53%, b\u1ed9t \u0111\u1eadu xanh rang 0,53%, ch\u1ea5t ch\u1ed1ng \u0111\u00f4ng v\u00f3n: canxi carbonat (E170(i)), mu\u1ed1i, b\u1ed9t \u0111\u1eadu n\u00e0nh<\/p>\n<p><img fetchpriority=\"high\" decoding=\"async\" class=\"wp-image-13719 aligncenter\" src=\"https:\/\/havamall.vn\/wp-content\/uploads\/2020\/03\/goodsimage-300x300.jpeg\" alt=\"\" width=\"692\" height=\"692\" srcset=\"https:\/\/havamall.vn\/wp-content\/uploads\/2020\/03\/goodsimage-300x300.jpeg 300w, https:\/\/havamall.vn\/wp-content\/uploads\/2020\/03\/goodsimage-430x430.jpeg 430w, https:\/\/havamall.vn\/wp-content\/uploads\/2020\/03\/goodsimage-150x150.jpeg 150w, https:\/\/havamall.vn\/wp-content\/uploads\/2020\/03\/goodsimage-700x700.jpeg 700w, https:\/\/havamall.vn\/wp-content\/uploads\/2020\/03\/goodsimage-768x768.jpeg 768w, https:\/\/havamall.vn\/wp-content\/uploads\/2020\/03\/goodsimage-600x600.jpeg 600w, https:\/\/havamall.vn\/wp-content\/uploads\/2020\/03\/goodsimage-100x100.jpeg 100w, https:\/\/havamall.vn\/wp-content\/uploads\/2020\/03\/goodsimage.jpeg 1000w\" sizes=\"(max-width: 692px) 100vw, 692px\" \/><\/p>\n<p>\u0110\u01b0\u1ee3c l\u00e0m t\u1eeb 16 lo\u1ea1i ng\u0169 c\u1ed1c H\u00e0n Qu\u1ed1c v\u00e0 c\u00f3 nh\u00e2n t\u00e1o \u0111\u1ecf b\u00ean trong<br \/>\nL\u00e0 s\u1ea3n ph\u1ea9m l\u00ed t\u01b0\u1edfng cho b\u1eefa s\u00e1ng l\u00e0nh m\u1ea1nh v\u00e0 b\u1eefa \u0103n nh\u1eb9 bu\u1ed5i chi\u1ec1u<br \/>\n\u0110\u00f3ng g\u00f3i ri\u00eang t\u1eebng g\u00f3i nh\u1ecf, ti\u1ec7n l\u1ee3i khi s\u1eed d\u1ee5ng v\u00e0 mang theo<br \/>\n\u0110\u01b0\u1ee3c s\u1ea3n xu\u1ea5t v\u1edbi ti\u00eau chu\u1ea9n an to\u00e0n th\u1ef1c ph\u1ea9m cao t\u1ea1i c\u00e1c nh\u00e0 m\u00e1y \u0111\u01b0\u1ee3c ch\u1ee9ng nh\u1eadn b\u1edfi HACCP<\/p>\n<p>C\u1ea3nh b\u00e1o: s\u1ea3n ph\u1ea9m ch\u1ee9a s\u1eefa, \u0111\u1eadu t\u01b0\u01a1ng, \u0111\u1eadu ph\u1ed9ng, l\u00faa m\u00ec. S\u1ea3n ph\u1ea9m \u0111\u01b0\u1ee3c s\u1ea3n xu\u1ea5t v\u00e0 \u0111\u00f3ng g\u00f3i tr\u00ean c\u00f9ng d\u00e2y chuy\u1ec1n v\u1edbi c\u00e1c s\u1ea3n ph\u1ea9m kh\u00e1c c\u00f3 th\u1ec3 ch\u1ee9a: t\u00f4m, c\u00e0 chua, tr\u1ee9ng<\/p>\n<h2>\u0110\u00f4i n\u00e9t v\u1ec1 t\u00e1o \u0111\u1ecf kh\u00f4 H\u00e0n Qu\u1ed1c<\/h2>\n<p>T\u00e1o \u0111\u1ecf r\u1ea5t ph\u1ed5 bi\u1ebfn t\u1ea1i c\u00e1c n\u01b0\u1edbc \u00c1 \u0110\u00f4ng nh\u01b0: Vi\u1ec7t Nam, Trung Qu\u1ed1c, H\u00e0n Qu\u1ed1c, Nh\u1eadt B\u1ea3n\u2026 m\u1ed7i v\u00f9ng c\u00f3 m\u1ed7i lo\u1ea1i t\u00e1o kh\u00e1c nhau v\u00e0 ch\u1ea5t l\u01b0\u1ee3ng c\u0169ng kh\u00e1c nhau, trong \u0111\u00f3, t\u00e1o \u0111\u1ecf xu\u1ea5t x\u1ee9 t\u1eeb H\u00e0n Qu\u1ed1c lu\u00f4n c\u00f3 ch\u1ea5t l\u01b0\u1ee3ng v\u01b0\u1ee3t tr\u1ed9i h\u01a1n h\u1eb3n.\u00a0H\u00e0n Qu\u1ed1c \u0111\u01b0\u1ee3c thi\u00ean nhi\u00ean \u01b0u \u00e1i cho ngu\u1ed3n \u0111\u1ea5t \u0111ai m\u00e0u m\u1ee1, kh\u00ed h\u1eadu \u00f4n h\u00f2a th\u00edch h\u1ee3p v\u1edbi c\u00e1c c\u00e2y th\u1ea3o d\u01b0\u1ee3c. Ngo\u00e0i t\u00e1o \u0111\u1ecf, H\u00e0n Qu\u1ed1c c\u00f2n n\u1ed5i ti\u1ebfng v\u1edbi c\u00e1c lo\u1ea1i th\u1ea3o d\u01b0\u1ee3c kh\u00e1c nh\u01b0: nh\u00e2n s\u00e2m, n\u1ea5m linh chi\u2026 \u0111\u1ec1u c\u00f3 ch\u1ea5t l\u01b0\u1ee3ng v\u01b0\u1ee3t tr\u1ed9i v\u01b0\u01a1n t\u1ea7m th\u1ebf gi\u1edbi.<\/p>\n<p><img decoding=\"async\" class=\"wp-image-13717 aligncenter\" src=\"https:\/\/havamall.vn\/wp-content\/uploads\/2020\/03\/26b47f1dcf366652ef660c3a01fee7bc_2048x2048-300x300.jpg\" alt=\"\" width=\"680\" height=\"680\" srcset=\"https:\/\/havamall.vn\/wp-content\/uploads\/2020\/03\/26b47f1dcf366652ef660c3a01fee7bc_2048x2048-300x300.jpg 300w, https:\/\/havamall.vn\/wp-content\/uploads\/2020\/03\/26b47f1dcf366652ef660c3a01fee7bc_2048x2048-430x430.jpg 430w, https:\/\/havamall.vn\/wp-content\/uploads\/2020\/03\/26b47f1dcf366652ef660c3a01fee7bc_2048x2048-150x150.jpg 150w, https:\/\/havamall.vn\/wp-content\/uploads\/2020\/03\/26b47f1dcf366652ef660c3a01fee7bc_2048x2048-700x700.jpg 700w, https:\/\/havamall.vn\/wp-content\/uploads\/2020\/03\/26b47f1dcf366652ef660c3a01fee7bc_2048x2048-768x768.jpg 768w, https:\/\/havamall.vn\/wp-content\/uploads\/2020\/03\/26b47f1dcf366652ef660c3a01fee7bc_2048x2048-600x600.jpg 600w, https:\/\/havamall.vn\/wp-content\/uploads\/2020\/03\/26b47f1dcf366652ef660c3a01fee7bc_2048x2048-100x100.jpg 100w, https:\/\/havamall.vn\/wp-content\/uploads\/2020\/03\/26b47f1dcf366652ef660c3a01fee7bc_2048x2048.jpg 800w\" sizes=\"(max-width: 680px) 100vw, 680px\" \/><\/p>\n<h2>T\u00e1c d\u1ee5ng c\u1ee7a qu\u1ea3 t\u00e1o \u0111\u1ecf l\u00e0 g\u00ec?<\/h2>\n<p>T\u00e1o \u0111\u1ecf c\u00f3 t\u00ednh gi\u1eef nhi\u1ec7t, v\u1ecb cam,\u00a0 gi\u00e0u ch\u1ea5t dinh d\u01b0\u1ee1ng, b\u1edfi ch\u1ee9a c\u00e1c th\u00e0nh ph\u1ea7n nh\u01b0: pr\u00f4t\u00eain, lipit, \u0111\u01b0\u1eddng, can xi, ph\u1ed1t pho, s\u1eaft, v\u00e0 nhi\u1ec1u lo\u1ea1i vi ta min A,C, B1, B2, carotene\u2026.. T\u00e1o \u0111\u1ecf kh\u00f4ng ch\u1ec9 l\u00e0 lo\u1ea1i qu\u1ea3 m\u00e0 nhi\u1ec1u ng\u01b0\u1eddi th\u00edch \u0103n m\u00e0 c\u00f2n l\u00e0 li\u1ec1u thu\u1ed1c b\u1ed5 ch\u1eefa c\u00e1c b\u1ec7nh li\u00ean quan t\u1edbi t\u1ef3, d\u1ea1 d\u1ea7y, th\u1ea7n kinh.<\/p>\n<p>S\u1ea3n ph\u1ee5 \u0103n t\u00e1o \u0111\u1ecf c\u00f3 th\u1ec3 b\u1ed5 sung kh\u00ed huy\u1ebft, b\u1ed5 n\u00e3o v\u00e0 gi\u00fap h\u1ed3i ph\u1ee5c s\u1ee9c kh\u1ecfe nhanh. Nh\u1eefng ng\u01b0\u1eddi gi\u00e0 y\u1ebfu d\u00f9ng t\u00e1o \u0111\u1ecf \u0111\u1ec3 t\u0103ng c\u01b0\u1eddng th\u1ec3 l\u1ef1c, k\u00e9o d\u00e0i tu\u1ed5i th\u1ecd, nh\u1ea5t l\u00e0\u00a0 nh\u1eefng ng\u01b0\u1eddi c\u00f3 th\u1ea7n kinh y\u1ebfu hay l\u00e0 nh\u1eefng ng\u01b0\u1eddi l\u00e0m vi\u1ec7c tr\u00ed \u00f3c. C\u00f3 th\u1ec3 d\u00f9ng t\u00e1o \u0111\u1ecf u\u1ed1ng thay tr\u00e0 gi\u00fap b\u1ed5 th\u1ea7n kinh v\u00e0 t\u0103ng th\u00eam s\u1ef1 th\u00e8m \u0103n. V\u1edbi nh\u1eefng ng\u01b0\u1eddi nghi\u1ec7n tr\u00e0 m\u1ed7i t\u1ed1i tr\u00e1nh m\u1ea5t ng\u1ee7, c\u00f3 th\u1ec3 d\u00f9ng canh t\u00e1o \u0111\u1ecf thay tr\u00e0.<\/p>\n<p>&nbsp;<\/p>\n<p><img decoding=\"async\" class=\"aligncenter size-full wp-image-3422\" src=\"https:\/\/havamall.vn\/wp-content\/uploads\/2020\/03\/tao-do-say-gion-4.jpg\" alt=\"\" width=\"1000\" height=\"999\" \/>V\u00e0o m\u00f9a thu v\u00e0 m\u00f9a xu\u00e2n, th\u1eddi ti\u1ebft l\u00fac \u1ea5m l\u00fac l\u1ea1nh, ta c\u00f3 th\u1ec3 d\u00f9ng canh l\u00e1 d\u00e2u th\u00eam qu\u1ea3 t\u00e1o \u0111\u1ecf u\u1ed1ng thay tr\u00e0 \u0111\u1ec3 tr\u00e1nh c\u1ea3m c\u00fam, th\u01b0\u01a1ng h\u00e0n. V\u00e0o m\u00f9a h\u1ea1, th\u1eddi ti\u1ebft n\u00f3ng n\u1ef1c, ta c\u00f3 th\u1ec3 d\u00f9ng canh l\u00e1 sen v\u00e0 t\u00e1o \u0111\u1ecf \u0111\u1ec3 gi\u1ea3i nhi\u1ec7t.V\u00e0o m\u00f9a \u0111\u00f4ng, th\u1eddi ti\u1ebft l\u1ea1nh c\u0103m, c\u00f3 th\u1ec3 d\u00f9ng canh t\u00e1o \u0111\u1ecf v\u00e0 g\u1eebng c\u00f3 th\u1ec3 gi\u1eef \u1ea5m d\u1ea1 d\u00e0y. T\u00e1o \u0111\u1ecf c\u00f2n l\u00e0 m\u1ed9t lo\u1ea1i th\u1ef1c ph\u1ea9m thi\u00ean nhi\u00ean c\u00f3 c\u00f4ng d\u1ee5ng l\u00e0m \u0111\u1eb9p da, b\u1ed5 t\u1ef3 c\u00f3 l\u1ee3i s\u1ee9c kh\u1ecfe. t\u0103ng c\u01b0\u1eddng tu\u1ea7n ho\u00e0n m\u00e1u v\u00e0 ch\u1ed1ng l\u00e3o h\u00f3a.<\/p>\n<p>Theo m\u1ed9t s\u1ed1 nghi\u00ean c\u1ee9u khoa h\u1ecdc, t\u00e1o \u0111\u1ecf c\u00f2n c\u00f3 t\u00e1c d\u1ee5ng ch\u1eefa m\u1ed9t s\u1ed1 b\u1ec7nh nh\u01b0:<\/p>\n<ul>\n<li>T\u00e1o \u0111\u1ecf gi\u00fap ch\u1ed1ng d\u1ecb \u1ee9ng: T\u00e1o \u0111\u1ecf tr\u1ecb b\u1ec7nh d\u1ecb \u1ee9ng ph\u00e1t ban, m\u1ed7i ng\u00e0y \u0103n 3 l\u1ea7n, m\u1ed7i l\u1ea7n 10 qu\u1ea3 t\u00e1o \u0111\u1ecf, \u0103n trong 3 ng\u00e0y hi\u1ec7u qu\u1ea3 t\u1ee9c th\u00ec. G\u1ea7n \u0111\u00e2y, c\u00e1c nh\u00e0 khoa h\u1ecdc Nh\u1eadt B\u1ea3n ph\u00e1t hi\u1ec7n trong t\u00e1o \u0111\u1ecf ch\u1ee9a m\u1ed9t h\u00e0m l\u01b0\u1ee3ng l\u1edbn ch\u1ea5t g\u1ecdi l\u00e0 camp, ch\u1ea5t n\u00e0y c\u00f3 t\u00e1c d\u1ee5ng tr\u1ecb d\u1ecb \u1ee9ng v\u00e0 gi\u00e3n m\u1ea1ch m\u00e1u. \u0110\u1ed3ng th\u1eddi c\u00f3 m\u1ed9t s\u1ed1 t\u00e1c d\u1ee5ng kh\u00e1c nh\u01b0 : t\u0103ng c\u01b0\u1eddng thu nh\u1ecf c\u01a1 tim v\u00e0 l\u00e0 ch\u1ea5t nu\u00f4i d\u01b0\u1ee1ng c\u01a1 tim.<\/li>\n<li>T\u00e1o \u0111\u1ecf gi\u00fap ch\u1eefa b\u1ec7nh huy\u1ebft \u00e1p th\u1ea5p: Ch\u1ecdn 20 qu\u1ea3 t\u00e1o \u0111\u1ecf,\u00a0 m\u1ed9t con g\u00e0 m\u00e1i t\u01a1.G\u00e0 ch\u1eb7t t\u1eebng kh\u00fac, \u01b0\u1edbp gia v\u1ecb h\u1ea7m l\u1eeda to, \u0111\u1ebfn khi g\u00e0 g\u1ea7n nh\u1eeb th\u00ec cho\u00a0 t\u00e1o \u0111\u1ecf v\u00e0o. C\u00f3 th\u1ec3 d\u00f9ng canh h\u1ea7m g\u00e0 t\u00e1o \u0111\u1ecf l\u00e0m nhi\u1ec1u l\u1ea7n.<\/li>\n<li>T\u00e1o \u0111\u1ecf c\u00f3 t\u00e1c d\u1ee5ng b\u1ed5 gan: M\u1ed7i ng\u00e0y b\u1ea1n ch\u1ec9 c\u1ea7n \u0103n 20 qu\u1ea3 t\u00e1o \u0111\u1ecf c\u00f3 th\u1ec3 ch\u1eefa b\u1ec7nh vi\u00eam gan. \u0110\u1ed1i v\u1edbi ng\u01b0\u1eddi m\u1eafc ch\u1ee9ng b\u1ec7nh nh\u01b0: vi\u00eam gan c\u1ea5p t\u00ednh, s\u01a1 gan, c\u00f3 l\u01b0\u1ee3ng huy\u1ebft thanh cao, m\u1ed7i t\u1ed1i tr\u01b0\u1edbc khi \u0111i ng\u1ee7 d\u00f9ng canh h\u1ea7m l\u1ea1c v\u1edbi t\u00e1o \u0111\u1ecf (t\u00e1o \u0111\u1ecf, l\u1ea1c, 30 g \u0111\u01b0\u1eddng c\u00e1t. Tr\u01b0\u1edbc ti\u00ean h\u1ea7m ch\u00edn l\u1ea1c r\u1ed3i cho t\u00e1o \u0111\u1ecf v\u00e0 \u0111\u01b0\u1eddng v\u00e0o), V\u00e0 d\u00f9ng li\u00ean t\u1ee5c trong 30 ng\u00e0y, c\u00f3 th\u1ec3 h\u1ea1 \u0111\u01b0\u1ee3c l\u01b0\u1ee3ng huy\u1ebft thanh xu\u1ed1ng.<\/li>\n<li>T\u00e1o \u0111\u1ecf c\u00f2n c\u00f3 t\u00e1c d\u1ee5ng gi\u00fap ch\u1ed1ng ung th\u01b0: T\u00e1o \u0111\u1ecf ch\u1ee9a c\u00e1c th\u00e0nh ph\u1ea7n triterpenes v\u00e0 camp,\u00a0 v\u00ec v\u1eady d\u00f9ng t\u00e1o \u0111\u1ecf kh\u00f4ng ch\u1ec9 t\u1ed1t cho c\u01a1 th\u1ec3 m\u00e0 c\u00f2n l\u00e0m \u0111\u1eb9p da. Hi\u1ec7n nay, \u0111\u1ec3 l\u00e0m \u0111\u1eb9p da,\u00a0 m\u1ecdi ng\u01b0\u1eddi \u0103n nhi\u1ec1u lo\u1ea1i t\u00e1o \u0111\u1ecf.<\/li>\n<\/ul>\n<p><strong>Kh\u1ed1i l\u01b0\u1ee3ng t\u1ecbnh:<\/strong>\u00a0200g\/ g\u00f3i (10g x 20 g\u00f3i nh\u1ecf)<\/p>\n<p>&nbsp;<\/p>\n<p><img loading=\"lazy\" decoding=\"async\" class=\"wp-image-13720 aligncenter\" src=\"https:\/\/havamall.vn\/wp-content\/uploads\/2020\/03\/3d82eae9a320b52be7e0129f5fb80e9c_2048x2048-300x300.jpg\" alt=\"\" width=\"714\" height=\"714\" srcset=\"https:\/\/havamall.vn\/wp-content\/uploads\/2020\/03\/3d82eae9a320b52be7e0129f5fb80e9c_2048x2048-300x300.jpg 300w, https:\/\/havamall.vn\/wp-content\/uploads\/2020\/03\/3d82eae9a320b52be7e0129f5fb80e9c_2048x2048-430x430.jpg 430w, https:\/\/havamall.vn\/wp-content\/uploads\/2020\/03\/3d82eae9a320b52be7e0129f5fb80e9c_2048x2048-150x150.jpg 150w, https:\/\/havamall.vn\/wp-content\/uploads\/2020\/03\/3d82eae9a320b52be7e0129f5fb80e9c_2048x2048-700x700.jpg 700w, https:\/\/havamall.vn\/wp-content\/uploads\/2020\/03\/3d82eae9a320b52be7e0129f5fb80e9c_2048x2048-768x768.jpg 768w, https:\/\/havamall.vn\/wp-content\/uploads\/2020\/03\/3d82eae9a320b52be7e0129f5fb80e9c_2048x2048-600x600.jpg 600w, https:\/\/havamall.vn\/wp-content\/uploads\/2020\/03\/3d82eae9a320b52be7e0129f5fb80e9c_2048x2048-100x100.jpg 100w, https:\/\/havamall.vn\/wp-content\/uploads\/2020\/03\/3d82eae9a320b52be7e0129f5fb80e9c_2048x2048.jpg 800w\" sizes=\"(max-width: 714px) 100vw, 714px\" \/><\/p>\n<p><strong>H\u1ea1n s\u1eed d\u1ee5ng:<\/strong>\u00a012 th\u00e1ng k\u1ec3 t\u1eeb ng\u00e0y s\u1ea3n xu\u1ea5t. Ng\u00e0y s\u1ea3n xu\u1ea5t, h\u1ea1n s\u1eed d\u1ee5ng in tr\u00ean bao b\u00ec s\u1ea3n ph\u1ea9m theo \u0111\u1ecbnh d\u1ea1ng n\u0103m.th\u00e1ng.ng\u00e0y.<\/p>\n<p><strong>H\u01b0\u1edbng d\u1eabn s\u1eed d\u1ee5ng v\u00e0 b\u1ea3o qu\u1ea3n<\/strong><\/p>\n<p>+S\u1eed d\u1ee5ng: s\u1eed d\u1ee5ng tr\u1ef1c ti\u1ebfp<\/p>\n<p>+B\u1ea3o qu\u1ea3n: N\u01a1i kh\u00f4 r\u00e1o, tho\u00e1ng m\u00e1t, tr\u00e1nh \u00e1nh n\u1eafng tr\u1ef1c ti\u1ebfp<\/p>\n<p>+C\u1ea3nh b\u00e1o: C\u1ea9n tr\u1ecdng khi m\u1edf n\u1ebfu kh\u00f4ng s\u1ebd b\u1ecb \u0111\u1ee9t tay do vi\u1ec1n m\u1edf s\u1eafc<\/p>\n<p>&nbsp;<\/p>\n<p><strong>Xu\u1ea5t x\u1ee9:<\/strong>\u00a0H\u00e0n Qu\u1ed1c (Korea)<\/p>\n<p><strong>Nh\u00e0 s\u1ea3n xu\u1ea5t<\/strong>: Taekwang Well Food Co.,Ltd<\/p>\n<p><strong>\u0110\u1ecba ch\u1ec9:\u00a0<\/strong>262, Biseon-ro, Nongong-eup, Dalseong-gun, Daegu Metropolitan City, Korea<\/p>\n<p><strong>Nh\u00e0 ph\u00e2n ph\u1ed1i:<\/strong>\u00a0Farmers Mom Co.,Ltd<\/p>\n<p><strong>\u0110\u1ecba ch\u1ec9:<\/strong>\u00a06 Gil-ro 42 gil, Yeongdeungpo-gu, Seoul, Korea<\/p>\n<p><img loading=\"lazy\" decoding=\"async\" class=\"wp-image-13718 aligncenter\" src=\"https:\/\/havamall.vn\/wp-content\/uploads\/2020\/03\/f7d0d29659d149d740b52adefad854ab_2048x2048-300x300.jpg\" alt=\"\" width=\"728\" height=\"728\" srcset=\"https:\/\/havamall.vn\/wp-content\/uploads\/2020\/03\/f7d0d29659d149d740b52adefad854ab_2048x2048-300x300.jpg 300w, https:\/\/havamall.vn\/wp-content\/uploads\/2020\/03\/f7d0d29659d149d740b52adefad854ab_2048x2048-430x430.jpg 430w, https:\/\/havamall.vn\/wp-content\/uploads\/2020\/03\/f7d0d29659d149d740b52adefad854ab_2048x2048-150x150.jpg 150w, https:\/\/havamall.vn\/wp-content\/uploads\/2020\/03\/f7d0d29659d149d740b52adefad854ab_2048x2048-700x700.jpg 700w, https:\/\/havamall.vn\/wp-content\/uploads\/2020\/03\/f7d0d29659d149d740b52adefad854ab_2048x2048-768x768.jpg 768w, https:\/\/havamall.vn\/wp-content\/uploads\/2020\/03\/f7d0d29659d149d740b52adefad854ab_2048x2048-600x600.jpg 600w, https:\/\/havamall.vn\/wp-content\/uploads\/2020\/03\/f7d0d29659d149d740b52adefad854ab_2048x2048-100x100.jpg 100w, https:\/\/havamall.vn\/wp-content\/uploads\/2020\/03\/f7d0d29659d149d740b52adefad854ab_2048x2048.jpg 800w\" sizes=\"(max-width: 728px) 100vw, 728px\" \/><\/p>","protected":false},"excerpt":{"rendered":"<p>B\u00e1nh Cu\u1ed9n Gi\u00f2n Nh\u00e2n B\u01a1 Ph\u00f4 Mai B\u00e1nh cu\u1ed9n gi\u00f2n\u00a0cao c\u1ea5p v\u1edbi l\u1edbp b\u00ean ngo\u00e0i l\u00e0m t\u1eeb b\u1ed9t g\u1ea1o, s\u1eefa<\/p>","protected":false},"featured_media":13569,"comment_status":"open","ping_status":"closed","template":"","meta":[],"product_brand":[],"product_cat":[36,133],"product_tag":[],"class_list":{"0":"post-13564","1":"product","2":"type-product","3":"status-publish","4":"has-post-thumbnail","6":"product_cat-thuc-pham-tieu-dung","7":"product_cat-banh-keo-chocolate","9":"first","10":"outofstock","11":"sale","12":"shipping-taxable","13":"purchasable","14":"product-type-simple"},"_links":{"self":[{"href":"https:\/\/havamall.vn\/en\/wp-json\/wp\/v2\/product\/13564"}],"collection":[{"href":"https:\/\/havamall.vn\/en\/wp-json\/wp\/v2\/product"}],"about":[{"href":"https:\/\/havamall.vn\/en\/wp-json\/wp\/v2\/types\/product"}],"replies":[{"embeddable":true,"href":"https:\/\/havamall.vn\/en\/wp-json\/wp\/v2\/comments?post=13564"}],"version-history":[{"count":0,"href":"https:\/\/havamall.vn\/en\/wp-json\/wp\/v2\/product\/13564\/revisions"}],"wp:featuredmedia":[{"embeddable":true,"href":"https:\/\/havamall.vn\/en\/wp-json\/wp\/v2\/media\/13569"}],"wp:attachment":[{"href":"https:\/\/havamall.vn\/en\/wp-json\/wp\/v2\/media?parent=13564"}],"wp:term":[{"taxonomy":"product_brand","embeddable":true,"href":"https:\/\/havamall.vn\/en\/wp-json\/wp\/v2\/product_brand?post=13564"},{"taxonomy":"product_cat","embeddable":true,"href":"https:\/\/havamall.vn\/en\/wp-json\/wp\/v2\/product_cat?post=13564"},{"taxonomy":"product_tag","embeddable":true,"href":"https:\/\/havamall.vn\/en\/wp-json\/wp\/v2\/product_tag?post=13564"}],"curies":[{"name":"wp","href":"https:\/\/api.w.org\/{rel}","templated":true}]}}