{"id":13538,"date":"2020-03-10T13:30:11","date_gmt":"2020-03-10T06:30:11","guid":{"rendered":"https:\/\/havamall.vn\/?post_type=product&#038;p=13538"},"modified":"2021-06-24T15:35:14","modified_gmt":"2021-06-24T08:35:14","slug":"ca-trich-sot-ca-chua-sea-crown-sardines-in-tomato-sauce-155gr","status":"publish","type":"product","link":"https:\/\/havamall.vn\/en\/shop\/ca-trich-sot-ca-chua-sea-crown-sardines-in-tomato-sauce-155gr\/","title":{"rendered":"C\u00e1 Tr\u00edch S\u1ed1t C\u00e0 Chua Sea Crown \u2013 Sardines In Tomato Sauce 155gr"},"content":{"rendered":"<p>C\u00e1 Tr\u00edch S\u1ed1t C\u00e0 Sea Crown (155g)\u00a0l\u00e0 s\u1ea3n ph\u1ea9m ch\u1ee9a nhi\u1ec1u ch\u1ea5t dinh d\u01b0\u1ee1ng, cung c\u1ea5p l\u01b0\u1ee3ng l\u1edbn protein, ch\u1ea5t b\u00e9o, ch\u1ea5t \u0111\u1ea1m v\u00e0 c\u00e1c n\u0103ng l\u01b0\u1ee3ng kh\u00e1c.<\/p>\n<p>C\u00e1 tr\u00edch \u0111\u01b0\u1ee3c ch\u1ebf bi\u1ebfn t\u1eeb nh\u1eefng con c\u00e1 tr\u00edch t\u01b0\u01a1i, k\u1ebft h\u1ee3p c\u00f9ng s\u1ed1t c\u00e0 chua v\u00e0 gia v\u1ecb, t\u1ea1o n\u00ean m\u00f3n \u0103n th\u01a1m ngon, h\u1ea5p d\u1eabn v\u00e0 b\u1ed5 d\u01b0\u1ee1ng.<\/p>\n<p>S\u1ea3n ph\u1ea9m ti\u1ec7n d\u1ee5ng, c\u00f3 th\u1ec3 \u0103n ngay t\u1ea1i nh\u00e0 ho\u1eb7c mang theo \u0111i du l\u1ecbch, d\u00e3 ngo\u1ea1i \u0111\u1ec1u ph\u00f9 h\u1ee3p. C\u00e1 tr\u00edch \u0111\u01b0\u1ee3c ch\u1ebf bi\u1ebfn t\u1eeb c\u00e1 tr\u00edch nguy\u00ean ch\u1ea5t v\u00e0 \u0111\u01b0\u1ee3c \u01b0\u1edbp gia v\u1ecb n\u01b0\u1edbc s\u1ed1t l\u00e0m t\u1eeb c\u00e0 chua v\u00e0 d\u1ea7u th\u1ef1c v\u1eadt.<\/p>\n<p>Nh\u1eefng lo\u1ea1i nguy\u00ean li\u1ec7u n\u00e0y \u0111\u1ec1u l\u1ea5y t\u1eeb t\u1ef1 nhi\u00ean, \u0111\u01b0\u1ee3c l\u1ef1a ch\u1ecdn v\u00e0 s\u01a1 ch\u1ebf k\u1ef9 c\u00e0ng, \u0111em l\u1ea1i an to\u00e0n cho ng\u01b0\u1eddi d\u00f9ng.<\/p>\n<p><img fetchpriority=\"high\" decoding=\"async\" class=\"size-full wp-image-11537 aligncenter\" src=\"https:\/\/havamall.vn\/wp-content\/uploads\/2019\/07\/ca-moi-1.jpg\" alt=\"\" width=\"1200\" height=\"900\" srcset=\"https:\/\/havamall.vn\/wp-content\/uploads\/2019\/07\/ca-moi-1.jpg 1200w, https:\/\/havamall.vn\/wp-content\/uploads\/2019\/07\/ca-moi-1-430x323.jpg 430w, https:\/\/havamall.vn\/wp-content\/uploads\/2019\/07\/ca-moi-1-150x113.jpg 150w, https:\/\/havamall.vn\/wp-content\/uploads\/2019\/07\/ca-moi-1-700x525.jpg 700w\" sizes=\"(max-width: 1200px) 100vw, 1200px\" \/><\/p>\n<p>S\u1ea3n ph\u1ea9m c\u00f3 h\u01b0\u01a1ng v\u1ecb th\u01a1m ngon, h\u1ea5p d\u1eabn, \u0111\u1eadm v\u1ecb c\u00e1, th\u00eam v\u00e0o \u0111\u00f3 l\u00e0 v\u1ecb chua chua c\u1ee7a c\u00e0 chua v\u00e0 h\u01b0\u01a1ng th\u01a1m c\u1ee7a gia v\u1ecb, t\u1ea1o n\u00ean m\u00f3n \u0103n ngon h\u1ea5p d\u1eabn, gi\u00fap thay \u0111\u1ed5i kh\u1ea9u v\u1ecb cho b\u1ea1n.<\/p>\n<p>Ngo\u00e0i h\u01b0\u01a1ng v\u1ecb th\u01a1m ngon, h\u1ea5p d\u1eabn, C\u00e1 tr\u00edch c\u00f2n cung c\u1ea5p nhi\u1ec1u lipit, ph\u1ed1t pho, magi\u00ea v\u00e0 nh\u1eefng kho\u00e1ng ch\u1ea5t c\u1ea7n thi\u1ebft cho c\u01a1 th\u1ec3. \u0110\u00e2y l\u00e0 l\u1ef1a ch\u1ecdn th\u00edch h\u1ee3p d\u00e0nh cho nh\u1eefng ng\u01b0\u1eddi b\u1eadn r\u1ed9n.<\/p>\n<p>C\u00e1 tr\u00edch \u0111\u01b0\u1ee3c ch\u1ebf bi\u1ebfn theo c\u00f4ng ngh\u1ec7 hi\u1ec7n \u0111\u1ea1i, \u0111\u1ea3m b\u1ea3o v\u1ec7 sinh an to\u00e0n th\u1ef1c ph\u1ea9m, \u0111\u01b0\u1ee3c \u0111\u00f3ng lon ti\u1ec7n d\u1ee5ng, th\u00edch h\u1ee3p \u0103n t\u1ea1i nh\u00e0 hay mang \u0111i xa nh\u01b0 picnic, d\u00e3 ngo\u1ea1<\/p>\n<p>C\u00f3 th\u1ec3 d\u00f9ng ngay ho\u1eb7c ch\u1ebf bi\u1ebfn theo kh\u1ea9u v\u1ecb t\u00f9y th\u00edch, k\u1ebft h\u1ee3p v\u1edbi c\u00e1c m\u00f3n \u0103n kh\u00e1c. R\u1ea5t ti\u1ec7n l\u1ee3i v\u00e0 ti\u1ebft ki\u1ec7m th\u1eddi gian.<\/p>\n<p>Thi\u1ebft k\u1ebf l\u1ed1c v\u1edbi nhi\u1ec1u lon s\u1ebd gi\u00fap b\u1ea1n ti\u1ebft ki\u1ec7m h\u01a1n th\u1eddi gian v\u00e0 chi ph\u00ed mua s\u1eafm, c\u00f3 th\u1ec3 d\u00f9ng nhi\u1ec1u l\u1ea7n v\u00e0 cho s\u1ed1 l\u01b0\u1ee3ng ng\u01b0\u1eddi \u0111\u00f4ng.<\/p>","protected":false},"excerpt":{"rendered":"<p>S\u1ea3n ph\u1ea9m \u0111\u01b0\u1ee3c ch\u1ebf bi\u1ebfn t\u1eeb nh\u1eefng con c\u00e1 tr\u00edch t\u01b0\u01a1i ngon, h\u00f2a quy\u1ec7n c\u00f9ng c\u00f9ng s\u1ed1t c\u00e0 chua v\u00e0 nh\u1eefng gia v\u1ecb tuy\u1ec7t v\u1eddi kh\u00e1c t\u1ea1o ra m\u00f3n \u0103n th\u01a1m ngon, h\u1ea5p d\u1eabn, k\u00edch th\u00edch v\u1ecb gi\u00e1c c\u1ee7a b\u1ea5t c\u1ee9 ai. S\u1ea3n ph\u1ea9m ph\u00f9 h\u1ee3p v\u1edbi kh\u1ea9u v\u1ecb c\u1ee7a nhi\u1ec1u ng\u01b0\u1eddi.<\/p>","protected":false},"featured_media":13540,"comment_status":"open","ping_status":"closed","template":"","meta":[],"product_brand":[],"product_cat":[36,143],"product_tag":[],"class_list":{"0":"post-13538","1":"product","2":"type-product","3":"status-publish","4":"has-post-thumbnail","6":"product_cat-thuc-pham-tieu-dung","7":"product_cat-thuc-pham-dong-hop","9":"first","10":"outofstock","11":"sale","12":"shipping-taxable","13":"purchasable","14":"product-type-simple"},"_links":{"self":[{"href":"https:\/\/havamall.vn\/en\/wp-json\/wp\/v2\/product\/13538"}],"collection":[{"href":"https:\/\/havamall.vn\/en\/wp-json\/wp\/v2\/product"}],"about":[{"href":"https:\/\/havamall.vn\/en\/wp-json\/wp\/v2\/types\/product"}],"replies":[{"embeddable":true,"href":"https:\/\/havamall.vn\/en\/wp-json\/wp\/v2\/comments?post=13538"}],"version-history":[{"count":0,"href":"https:\/\/havamall.vn\/en\/wp-json\/wp\/v2\/product\/13538\/revisions"}],"wp:featuredmedia":[{"embeddable":true,"href":"https:\/\/havamall.vn\/en\/wp-json\/wp\/v2\/media\/13540"}],"wp:attachment":[{"href":"https:\/\/havamall.vn\/en\/wp-json\/wp\/v2\/media?parent=13538"}],"wp:term":[{"taxonomy":"product_brand","embeddable":true,"href":"https:\/\/havamall.vn\/en\/wp-json\/wp\/v2\/product_brand?post=13538"},{"taxonomy":"product_cat","embeddable":true,"href":"https:\/\/havamall.vn\/en\/wp-json\/wp\/v2\/product_cat?post=13538"},{"taxonomy":"product_tag","embeddable":true,"href":"https:\/\/havamall.vn\/en\/wp-json\/wp\/v2\/product_tag?post=13538"}],"curies":[{"name":"wp","href":"https:\/\/api.w.org\/{rel}","templated":true}]}}