{"id":13514,"date":"2020-03-03T17:17:08","date_gmt":"2020-03-03T10:17:08","guid":{"rendered":"https:\/\/havamall.vn\/?post_type=product&#038;p=13514"},"modified":"2021-06-24T15:35:24","modified_gmt":"2021-06-24T08:35:24","slug":"mi-gao-suon-bo-an-lien-han-quoc-92g-wellbeing-garden-rice-cup-noodle-beef-bone-92gsoup","status":"publish","type":"product","link":"https:\/\/havamall.vn\/en\/shop\/mi-gao-suon-bo-an-lien-han-quoc-92g-wellbeing-garden-rice-cup-noodle-beef-bone-92gsoup\/","title":{"rendered":"M\u00ec G\u1ea1o H\u1ea3i S\u1ea3n Cay \u0102n li\u1ec1n H\u00e0n Qu\u1ed1c 92g &#8211; Wellbeing Garden Rice Cup Noodle Beef Bone 92g"},"content":{"rendered":"<p>Nh\u1eb1m \u0111\u00e1p \u1ee9ng xu h\u01b0\u1edbng th\u1ecb tr\u01b0\u1eddng v\u00e0 y\u00eau c\u1ea7u ng\u00e0y c\u00e0ng cao c\u1ee7a ng\u01b0\u1eddi ti\u00eau d\u00f9ng trong vi\u1ec7c s\u1eed d\u1ee5ng th\u1ef1c ph\u1ea9m \u0103n li\u1ec1n, Havamall ch\u00ednh th\u1ee9c ra m\u1eaft s\u1ea3n ph\u1ea9m m\u1edbi ch\u00ednh l\u00e0 M\u00ec G\u1ea1o \u0103n li\u1ec1n H\u00e0n Qu\u1ed1c<strong>\u00a0<\/strong>v\u1edbi s\u1ee3i m\u00ec nguy\u00ean ch\u1ea5t t\u1eeb g\u1ea1o t\u1ef1 nhi\u00ean. V\u1edbi c\u00e1ch ch\u1ebf bi\u1ebfn d\u1ea1ng n\u1ea5u v\u00e0 s\u1ea3n ph\u1ea9m\u00a0<strong>\u201cM\u00ec G\u1ea1o \u0103n li\u1ec1n H\u00e0n Qu\u1ed1c\u201d<\/strong>\u00a0v\u1edbi s\u1ee3i b\u00fan dai, t\u01a1i, \u0111\u00e2y \u0111\u01b0\u1ee3c xem l\u00e0 m\u1ed9t tr\u1ee3 th\u1ee7 \u0111\u1eafc l\u1ef1c cho c\u00e1c b\u00e0 n\u1ed9i tr\u1ee3 Vi\u1ec7t Nam \u0111em l\u1ea1i m\u1ed9t b\u1eefa \u0103n \u1ea5m c\u00fang cho gia \u0111\u00ecnh.<\/p>\n<p><img fetchpriority=\"high\" decoding=\"async\" class=\"wp-image-13504 aligncenter\" src=\"https:\/\/havamall.vn\/wp-content\/uploads\/2020\/03\/olive-garden-new-zoodles-primavera-300x218.jpg\" alt=\"\" width=\"701\" height=\"509\" srcset=\"https:\/\/havamall.vn\/wp-content\/uploads\/2020\/03\/olive-garden-new-zoodles-primavera-300x218.jpg 300w, https:\/\/havamall.vn\/wp-content\/uploads\/2020\/03\/olive-garden-new-zoodles-primavera-430x313.jpg 430w, https:\/\/havamall.vn\/wp-content\/uploads\/2020\/03\/olive-garden-new-zoodles-primavera-150x109.jpg 150w, https:\/\/havamall.vn\/wp-content\/uploads\/2020\/03\/olive-garden-new-zoodles-primavera-700x509.jpg 700w, https:\/\/havamall.vn\/wp-content\/uploads\/2020\/03\/olive-garden-new-zoodles-primavera-768x558.jpg 768w, https:\/\/havamall.vn\/wp-content\/uploads\/2020\/03\/olive-garden-new-zoodles-primavera-1024x745.jpg 1024w, https:\/\/havamall.vn\/wp-content\/uploads\/2020\/03\/olive-garden-new-zoodles-primavera-1200x872.jpg 1200w, https:\/\/havamall.vn\/wp-content\/uploads\/2020\/03\/olive-garden-new-zoodles-primavera-600x436.jpg 600w, https:\/\/havamall.vn\/wp-content\/uploads\/2020\/03\/olive-garden-new-zoodles-primavera.jpg 2048w\" sizes=\"(max-width: 701px) 100vw, 701px\" \/><\/p>\n<p>S\u1ef1 \u0111a d\u1ea1ng c\u1ee7a th\u1ecb tr\u01b0\u1eddng m\u00ec \u0103n li\u1ec1n, ch\u1ee7 y\u1ebfu t\u1eadp trung v\u00e0o c\u00e1c s\u1ea3n ph\u1ea9m g\u1ed1c m\u00ec hi\u1ec7n nay. Trong t\u01b0\u01a1ng lai, nhu c\u1ea7u c\u1ee7a ng\u01b0\u1eddi ti\u00eau d\u00f9ng c\u00f3\u00a0 s\u1ef1 chuy\u1ec3n t\u00e2m \u0111i\u1ec3m t\u1edbi cu\u1ed9c chi\u1ebfn m\u1edbi l\u00e0 m\u00ec g\u1ed1c g\u1ea1o, \u0111\u1eb7c bi\u1ec7t l\u00e0 m\u00ec g\u1ea1o \u0103n li\u1ec1n. M\u1ef3 G\u1ea1o S\u01b0\u1eddn B\u00f2 \u0102n Li\u1ec1n H\u00e0n Qu\u1ed1c l\u00e0 s\u1ea3n ph\u1ea9m m\u00ec \u0103n li\u1ec1n v\u1edbi s\u1ee3i m\u00ec g\u1ea1o dai dai, c\u1ea3 gia \u0111\u00ecnh tho\u1ea3i m\u00e1i \u0103n u\u1ed1ng kh\u00f4ng lo t\u00e1c \u0111\u1ed9ng c\u1ee7a d\u1ea7u chi\u00ean \u0111i chi\u00ean l\u1ea1i nhi\u1ec1u l\u1ea7n. M\u00ec c\u00f3 \u0111\u1eadm h\u01b0\u01a1ng v\u1ecb c\u00e1 c\u01a1m, rong bi\u1ec3n chu\u1ea9n v\u1ecb H\u00e0n Qu\u1ed1c. S\u1ebd \u0111\u1eadm \u0111\u00e0 v\u00e0 ngon h\u01a1n n\u1ebfu \u0103n k\u00e8m c\u00f9ng kim chi.<\/p>\n<h3><strong>Th\u00e0nh ph\u1ea7n nguy\u00ean li\u1ec7u<\/strong><\/h3>\n<p>-M\u1ef3 g\u1ea1o (80g): g\u1ea1o, b\u1ed9t m\u1ef3, tinh b\u1ed9t s\u1eafn, mu\u1ed1i.<\/p>\n<p>=B\u1ed9t s\u00fap (12g): mu\u1ed1i, b\u1ed9t c\u00e1 c\u01a1m, ch\u1ea5t t\u1ea1o ng\u1ecdt t\u1ed5ng h\u1ee3p: sucrose, b\u1ed9t x\u00ec d\u1ea7u, ch\u1ea5t \u0111i\u1ec1u v\u1ecb: Mononatri L- glutamat (E621), b\u00f4t \u1edbt \u0111\u1ecf, rong bi\u1ec3n n\u00e2u kh\u00f4, \u0111\u01b0\u1eddng glucose, b\u1ed9t t\u1ecfi gia v\u1ecb Bonito, b\u1ed9t h\u00e0nh t\u00e2y, h\u00e0nh l\u00e1 kh\u00f4, ch\u1ea5t \u0111i\u1ec1u v\u1ecb: disodium 5\u2019 -inosinate\u00a0 (E631) v\u00e0 disodium 5\u2019- guanylate (E627), rong bi\u1ec3n, ph\u1ea9m m\u00e0u t\u1ef1 nhi\u00ean: caramel (E150d), ch\u1ea5t \u0111i\u1ec1u v\u1ecb: glycine (E640),\u00a0 c\u00e0 r\u1ed1t kh\u00f4.<\/p>\n<p><img decoding=\"async\" class=\"wp-image-13515 aligncenter\" src=\"https:\/\/havamall.vn\/wp-content\/uploads\/2020\/03\/imgpsh_fullsize_anim-2-300x300.png\" alt=\"\" width=\"671\" height=\"671\" srcset=\"https:\/\/havamall.vn\/wp-content\/uploads\/2020\/03\/imgpsh_fullsize_anim-2-300x300.png 300w, https:\/\/havamall.vn\/wp-content\/uploads\/2020\/03\/imgpsh_fullsize_anim-2-430x430.png 430w, https:\/\/havamall.vn\/wp-content\/uploads\/2020\/03\/imgpsh_fullsize_anim-2-150x150.png 150w, https:\/\/havamall.vn\/wp-content\/uploads\/2020\/03\/imgpsh_fullsize_anim-2-700x700.png 700w, https:\/\/havamall.vn\/wp-content\/uploads\/2020\/03\/imgpsh_fullsize_anim-2-768x768.png 768w, https:\/\/havamall.vn\/wp-content\/uploads\/2020\/03\/imgpsh_fullsize_anim-2-600x600.png 600w, https:\/\/havamall.vn\/wp-content\/uploads\/2020\/03\/imgpsh_fullsize_anim-2-100x100.png 100w, https:\/\/havamall.vn\/wp-content\/uploads\/2020\/03\/imgpsh_fullsize_anim-2.png 800w\" sizes=\"(max-width: 671px) 100vw, 671px\" \/><\/p>\n<p><em><strong>C\u1ea3nh b\u00e1o<\/strong><\/em>: s\u1ea3n ph\u1ea9m ch\u1ee9a: c\u00e1 c\u01a1m, l\u00faa m\u1ea1ch, \u0111\u1eadu n\u00e0nh. S\u1ea3n ph\u1ea9m \u0111\u01b0\u1ee3c s\u1ea3n xu\u1ea5t v\u00e0 \u0111\u00f3ng g\u00f3i tr\u00ean c\u00f9ng d\u00e2y chuy\u1ec1n v\u1edbi c\u00e1c s\u1ea3n ph\u1ea9m kh\u00e1c c\u00f3 th\u1ec3 ch\u1ee9a: Th\u1ecbt b\u00f2, l\u00faa m\u1ea1ch, b\u01a1, s\u1eefa, \u0111\u1eadu ph\u1ed9ng, \u0111\u00e0o\u2026<\/p>\n<h3><strong>\u0110\u1eb7c \u0111i\u1ec3m n\u1ed5i b\u1eadt c\u1ee7a s\u1ea3n ph\u1ea9m<\/strong><\/h3>\n<p>M\u1ef3 G\u1ea1o S\u01b0\u1eddn B\u00f2 \u0102n Li\u1ec1n H\u00e0n Qu\u1ed1c v\u1edbi s\u1ee3i m\u00ec g\u1ea1o t\u01b0\u01a1i ngon, \u0111\u01b0\u1ee3c s\u1ea5y kh\u00f4, ch\u1ec9 c\u1ea7n n\u1ea5u trong th\u1eddi gian ng\u1eafn (3-4 ph\u00fat), \u0111\u01b0\u1ee3c s\u1ea3n xu\u1ea5t tr\u00ean d\u00e2y chuy\u1ec1n c\u00f4ng ngh\u1ec7 m\u1edbi c\u1ee7a H\u00e0n Qu\u1ed1c mang l\u1ea1i kh\u1ea9u c\u1ea3m r\u1ea5t ri\u00eang, r\u1ea5t \u0111\u1ed9c \u0111\u00e1o. Khi n\u1ea5u m\u00ec c\u00f9ng v\u1edbi rau, th\u1ecbt v\u00e0 n\u01b0\u1edbc s\u00fap th\u00ec v\u1ecb ng\u1ecdt ngon s\u1ebd th\u1ea5m s\u00e2u v\u00e0o b\u00ean trong c\u1ee7a s\u1ee3i m\u00ec g\u1ea1o.<\/p>\n<p><img decoding=\"async\" class=\"wp-image-13507 aligncenter\" src=\"https:\/\/havamall.vn\/wp-content\/uploads\/2020\/03\/10h_720-300x200.jpg\" alt=\"\" width=\"775\" height=\"516\" srcset=\"https:\/\/havamall.vn\/wp-content\/uploads\/2020\/03\/10h_720-300x200.jpg 300w, https:\/\/havamall.vn\/wp-content\/uploads\/2020\/03\/10h_720-430x287.jpg 430w, https:\/\/havamall.vn\/wp-content\/uploads\/2020\/03\/10h_720-150x100.jpg 150w, https:\/\/havamall.vn\/wp-content\/uploads\/2020\/03\/10h_720-700x467.jpg 700w, https:\/\/havamall.vn\/wp-content\/uploads\/2020\/03\/10h_720-600x400.jpg 600w, https:\/\/havamall.vn\/wp-content\/uploads\/2020\/03\/10h_720.jpg 720w\" sizes=\"(max-width: 775px) 100vw, 775px\" \/><\/p>\n<p>Th\u00eam v\u00e0o \u0111\u00f3, \u0111\u00e2y l\u00e0 m\u00ec g\u1ea1o \u0103n li\u1ec1n ch\u1ea5t l\u01b0\u1ee3ng Nh\u1eadt B\u1ea3n H\u00e0n Qu\u1ed1c v\u1edbi s\u1ee3i t\u01b0\u01a1i v\u00e0 th\u01a1m ngon ch\u01b0a t\u1eebng c\u00f3 s\u1ebd gi\u00fap b\u1ea1n d\u1ec5 d\u00e0ng th\u01b0\u1edfng th\u1ee9c m\u1ed9t b\u1eefa \u0103n ho\u00e0n ch\u1ec9nh th\u01a1m ngon, h\u1ea5p d\u1eabn. c\u00f3 3 l\u1ef1a ch\u1ecdn tuy\u1ec7t v\u1eddi \u0111\u1ec3 ch\u1ecdn l\u1ef1a<\/p>\n<p class=\"title-name-product\">-M\u1ef3 G\u1ea1o C\u00e1 C\u01a1m, Rong Bi\u1ec3n \u0102n Li\u1ec1n<\/p>\n<p>-M\u1ef3 G\u1ea1o S\u01b0\u1eddn B\u00f2 \u0102n Li\u1ec1n<\/p>\n<p>-M\u1ef3 G\u1ea1o H\u1ea3i S\u1ea3n Cay \u0102n Li\u1ec1n<\/p>\n<p>S\u1ea3n ph\u1ea9m \u0111\u01b0\u1ee3c s\u1ea3n xu\u1ea5t theo c\u00f4ng ngh\u1ec7 hi\u1ec7n \u0111\u1ea1i, kh\u00f4ng ch\u1ee9a h\u00f3a ch\u1ea5t, ch\u1ea5t b\u1ea3o qu\u1ea3n \u0111\u1ed9c h\u1ea1i, \u0111\u1ea3m b\u1ea3o an to\u00e0n cho s\u1ee9c kh\u1ecfe ng\u01b0\u1eddi ti\u00eau d\u00f9ng.\u00a0Quy tr\u00ecnh s\u1ea3n xu\u1ea5t v\u00e0 \u0111\u00f3ng g\u00f3i M\u00ec G\u1ea1o H\u00e0n Qu\u1ed1c ho\u00e0n to\u00e0n kh\u00e9p k\u00edn, tu\u00e2n th\u1ee7 nghi\u00eam ng\u1eb7t c\u00e1c \u0111i\u1ec1u ki\u1ec7n v\u1ec1 v\u1ec7 sinh an to\u00e0n th\u1ef1c ph\u1ea9m.<img loading=\"lazy\" decoding=\"async\" class=\"wp-image-13508 aligncenter\" src=\"https:\/\/havamall.vn\/wp-content\/uploads\/2020\/03\/c9d39ade-sd-thai-noodles-c-bonnie-savage-300x190.jpg\" alt=\"\" width=\"843\" height=\"534\" srcset=\"https:\/\/havamall.vn\/wp-content\/uploads\/2020\/03\/c9d39ade-sd-thai-noodles-c-bonnie-savage-300x190.jpg 300w, https:\/\/havamall.vn\/wp-content\/uploads\/2020\/03\/c9d39ade-sd-thai-noodles-c-bonnie-savage-430x273.jpg 430w, https:\/\/havamall.vn\/wp-content\/uploads\/2020\/03\/c9d39ade-sd-thai-noodles-c-bonnie-savage-150x95.jpg 150w, https:\/\/havamall.vn\/wp-content\/uploads\/2020\/03\/c9d39ade-sd-thai-noodles-c-bonnie-savage-700x444.jpg 700w, https:\/\/havamall.vn\/wp-content\/uploads\/2020\/03\/c9d39ade-sd-thai-noodles-c-bonnie-savage-1024x650.jpg 1024w, https:\/\/havamall.vn\/wp-content\/uploads\/2020\/03\/c9d39ade-sd-thai-noodles-c-bonnie-savage-1200x762.jpg 1200w, https:\/\/havamall.vn\/wp-content\/uploads\/2020\/03\/c9d39ade-sd-thai-noodles-c-bonnie-savage-600x381.jpg 600w, https:\/\/havamall.vn\/wp-content\/uploads\/2020\/03\/c9d39ade-sd-thai-noodles-c-bonnie-savage.jpg 1920w\" sizes=\"(max-width: 843px) 100vw, 843px\" \/><\/p>\n<p><strong>Kh\u1ed1i l\u01b0\u1ee3ng t\u1ecbnh:\u00a0<\/strong>92 g\/ h\u1ed9p ho\u1eb7c theo quy c\u00e1ch nh\u00e0 s\u1ea3n xu\u1ea5t<\/p>\n<p><strong>Ng\u00e0y s\u1ea3n xu\u1ea5t:\u00a0<\/strong>18 th\u00e1ng tr\u01b0\u1edbc h\u1ea1n s\u1eed d\u1ee5ng.\u00a0H\u1ea1n s\u1eed d\u1ee5ng in tr\u00ean bao b\u00ec c\u1ee7a s\u1ea3n ph\u1ea9m theo \u0111\u1ecbnh d\u1ea1ng: n\u0103m. th\u00e1ng. ng\u00e0y<\/p>\n<p><strong>H\u01b0\u1edbng d\u1eabn s\u1eed d\u1ee5ng v\u00e0 b\u1ea3o qu\u1ea3n<\/strong><\/p>\n<ul>\n<li>H\u01b0\u1edbng d\u1eabn s\u1eed d\u1ee5ng: M\u1edf n\u1eafp, b\u00f3c g\u00f3i gia v\u1ecb, r\u1eafc \u0111\u1ec1u l\u00ean m\u00ec, \u0111\u1ed5 n\u01b0\u1edbc s\u00f4i 100 \u0111\u1ed9 C v\u00e0o trong c\u1ed1c m\u00ec (\u0111\u1ebfn v\u1ea1ch ngang). \u0110\u1ea3o m\u00ec nh\u1eb9 nh\u00e0ng v\u00e0 \u0111\u1eady n\u1eafp, ch\u1edd trong 3 ph\u00fat sau \u0111\u00f3 th\u01b0\u1edfng th\u1ee9c. Ngon h\u01a1n n\u1ebfu \u0103n k\u00e8m c\u00f9ng kim chi.<\/li>\n<li>B\u1ea3o qu\u1ea3n: N\u01a1i kh\u00f4 r\u00e1o, tho\u00e1ng m\u00e1t \u0111\u1ea3m b\u1ea3o \u0111i\u1ec1u ki\u1ec7n an to\u00e0n v\u1ec7 sinh an to\u00e0n th\u1ef1c ph\u1ea9m, tr\u00e1nh \u00e1nh s\u00e1ng m\u1eb7t tr\u1eddi chi\u1ebfu tr\u1ef1c ti\u1ebfp v\u00e0 n\u01a1i \u1ea9m \u01b0\u1edbt.<\/li>\n<\/ul>\n<p><strong>Xu\u1ea5t x\u1ee9:<\/strong>\u00a0H\u00e0n Qu\u1ed1c (Korea)<\/p>\n<p><strong>Nh\u00e0 s\u1ea3n xu\u1ea5t<\/strong>: Well-being Garden Agricultural Corporation<\/p>\n<p><strong>\u0110\u1ecba ch\u1ec9:\u00a0<\/strong>42 IT valley-gil, Gonggeun-myeon, Hoengseong-gun, Gangwon-do, Republic of Korea<\/p>\n<p>Mua ngay t\u1ea1i Havamall v\u1edbi gi\u00e1 c\u1ef1c k\u00ec ph\u1ea3i ch\u0103ng, s\u1ea3n ph\u1ea9m c\u1ee7a Havamall\u00a0\u00a0\u0111\u1ea3m b\u1ea3o kh\u00f4ng \u0111\u1ee5ng h\u00e0ng \u0111\u00e2u nh\u00e9!!!<\/p>","protected":false},"excerpt":{"rendered":"<p>Nh\u1eb1m \u0111\u00e1p \u1ee9ng xu h\u01b0\u1edbng th\u1ecb tr\u01b0\u1eddng v\u00e0 y\u00eau c\u1ea7u ng\u00e0y c\u00e0ng cao c\u1ee7a ng\u01b0\u1eddi ti\u00eau d\u00f9ng trong vi\u1ec7c s\u1eed<\/p>","protected":false},"featured_media":13519,"comment_status":"open","ping_status":"closed","template":"","meta":[],"product_brand":[],"product_cat":[134,143],"product_tag":[],"class_list":{"0":"post-13514","1":"product","2":"type-product","3":"status-publish","4":"has-post-thumbnail","6":"product_cat-thucpham-saykho","7":"product_cat-thuc-pham-dong-hop","9":"first","10":"outofstock","11":"sale","12":"shipping-taxable","13":"purchasable","14":"product-type-simple"},"_links":{"self":[{"href":"https:\/\/havamall.vn\/en\/wp-json\/wp\/v2\/product\/13514"}],"collection":[{"href":"https:\/\/havamall.vn\/en\/wp-json\/wp\/v2\/product"}],"about":[{"href":"https:\/\/havamall.vn\/en\/wp-json\/wp\/v2\/types\/product"}],"replies":[{"embeddable":true,"href":"https:\/\/havamall.vn\/en\/wp-json\/wp\/v2\/comments?post=13514"}],"version-history":[{"count":0,"href":"https:\/\/havamall.vn\/en\/wp-json\/wp\/v2\/product\/13514\/revisions"}],"wp:featuredmedia":[{"embeddable":true,"href":"https:\/\/havamall.vn\/en\/wp-json\/wp\/v2\/media\/13519"}],"wp:attachment":[{"href":"https:\/\/havamall.vn\/en\/wp-json\/wp\/v2\/media?parent=13514"}],"wp:term":[{"taxonomy":"product_brand","embeddable":true,"href":"https:\/\/havamall.vn\/en\/wp-json\/wp\/v2\/product_brand?post=13514"},{"taxonomy":"product_cat","embeddable":true,"href":"https:\/\/havamall.vn\/en\/wp-json\/wp\/v2\/product_cat?post=13514"},{"taxonomy":"product_tag","embeddable":true,"href":"https:\/\/havamall.vn\/en\/wp-json\/wp\/v2\/product_tag?post=13514"}],"curies":[{"name":"wp","href":"https:\/\/api.w.org\/{rel}","templated":true}]}}