{"id":13492,"date":"2020-02-27T14:47:48","date_gmt":"2020-02-27T07:47:48","guid":{"rendered":"https:\/\/havamall.vn\/?post_type=product&#038;p=13492"},"modified":"2021-09-10T10:37:02","modified_gmt":"2021-09-10T03:37:02","slug":"nam-huong-cha-bong-trum-snack-150gr-dried-shiitake-mushroom-150gr","status":"publish","type":"product","link":"https:\/\/havamall.vn\/en\/shop\/nam-huong-cha-bong-trum-snack-150gr-dried-shiitake-mushroom-150gr\/","title":{"rendered":"N\u1ea5m H\u01b0\u01a1ng Ch\u00e0 B\u00f4ng HavaFoodies 150gr &#8211; Dried Shiitake Mushroom 150gr"},"content":{"rendered":"<p>Snack l\u00e0 m\u00f3n \u0103n nh\u1eb9 \u01b0a th\u00edch c\u1ee7a nhi\u1ec1u ng\u01b0\u1eddi, nh\u1ea5t l\u00e0 tr\u1ebb em.\u00a0<strong>Snack N\u1ea5m H\u01b0\u01a1ng Ch\u00e0 B\u00f4ng Tr\u00f9m Snack<\/strong>\u00a0d\u01b0\u1edbi \u0111\u00e2y \u0111\u01b0\u1ee3c ch\u1ebf bi\u1ebfn t\u1eeb nh\u1eefng c\u00e2y n\u1ea5m h\u01b0\u01a1ng t\u1ef1 nhi\u00ean \u0111\u01b0\u1ee3c ch\u1ecdn l\u1ecdc k\u0129 l\u01b0\u1ee1ng s\u1ebd l\u00e0 th\u1ee9c qu\u00e0 \u0103n v\u1eb7t l\u00ed t\u01b0\u1edfng m\u1eb9 d\u00e0nh cho b\u00e9, con c\u00e1i t\u1eb7ng cha m\u1eb9, b\u1ea1n b\u00e8 t\u1eb7ng cho nhau.<\/p>\n<p><img fetchpriority=\"high\" decoding=\"async\" class=\"wp-image-13493 aligncenter\" src=\"https:\/\/havamall.vn\/wp-content\/uploads\/2020\/02\/33a3cf097e489716ce59-300x225.jpg\" alt=\"\" width=\"633\" height=\"475\" srcset=\"https:\/\/havamall.vn\/wp-content\/uploads\/2020\/02\/33a3cf097e489716ce59-300x225.jpg 300w, https:\/\/havamall.vn\/wp-content\/uploads\/2020\/02\/33a3cf097e489716ce59-430x323.jpg 430w, https:\/\/havamall.vn\/wp-content\/uploads\/2020\/02\/33a3cf097e489716ce59-150x113.jpg 150w, https:\/\/havamall.vn\/wp-content\/uploads\/2020\/02\/33a3cf097e489716ce59-700x525.jpg 700w, https:\/\/havamall.vn\/wp-content\/uploads\/2020\/02\/33a3cf097e489716ce59-768x576.jpg 768w, https:\/\/havamall.vn\/wp-content\/uploads\/2020\/02\/33a3cf097e489716ce59-600x450.jpg 600w, https:\/\/havamall.vn\/wp-content\/uploads\/2020\/02\/33a3cf097e489716ce59.jpg 1000w\" sizes=\"(max-width: 633px) 100vw, 633px\" \/><\/p>\n<p>S\u1ea3n ph\u1ea9m c\u00f3 v\u1ecb ngon l\u1ea1 mi\u1ec7ng l\u1ea1i h\u1ea5p d\u1eabn nh\u1edd s\u1ef1 k\u1ebft h\u1ee3p gi\u1eefa n\u1ea5m h\u01b0\u01a1ng th\u01a1m ngon dai dai \u0111\u01b0\u1ee3c ch\u1ebf bi\u1ebfn d\u01b0\u1edbi d\u1ea1ng ch\u00e0 b\u00f4ng t\u01a1i dai, ph\u00f9 h\u1ee3p v\u1edbi v\u1ecb gi\u00e1c c\u1ee7a t\u1ea5t c\u1ea3 c\u00e1c th\u00e0nh vi\u00ean trong gia \u0111\u00ecnh. Snack \u0111\u01b0\u1ee3c \u0111\u00f3ng g\u00f3i trong h\u1ed9p \u0111\u1ef1ng nh\u1ecf g\u1ecdn, c\u00e1c b\u1ea1n c\u00f3 th\u1ec3 \u0111\u1ec3 g\u1ecdn trong t\u1ee7 ho\u1eb7c mang theo khi ra ngo\u00e0i, khi \u0111i picnic r\u1ea5t ti\u1ec7n l\u1ee3i. Nay \u0111\u00e3 \u0111\u01b0\u1ee3c c\u00f3 m\u1eb7t t\u1ea1i Havamall \u0111\u1ec3 ph\u1ee5c v\u1ee5 th\u1ef1c kh\u00e1ch<\/p>\n<h3><strong>Th\u00e0nh ph\u1ea7n nguy\u00ean li\u1ec7u<\/strong><\/h3>\n<div>N\u1ea5m h\u01b0\u01a1ng (97%), n\u01b0\u1edbc t\u01b0\u01a1ng (1,5%), gia v\u1ecb t\u1ef1 nhi\u00ean (1%), \u1edbt (0,5%).<\/div>\n<div>\n<h3><strong>\u0110\u1eb7c \u0111i\u1ec3m v\u00e0 c\u00f4ng d\u1ee5ng c\u1ee7a s\u1ea3n ph\u1ea9m<\/strong><\/h3>\n<p>N\u1ea5m \u0111\u01b0\u1ee3c m\u1ec7nh danh l\u00e0 \u201cvua\u201d c\u1ee7a c\u00e1c lo\u1ea1i rau nh\u1edd h\u00e0m l\u01b0\u1ee3ng \u0111\u1ea1m v\u01b0\u1ee3t tr\u1ed9i, gi\u00e1 tr\u1ecb dinh d\u01b0\u1ee1ng cao, \u00edt ch\u1ea5t b\u00e9o, gi\u00e0u ch\u1ea5t x\u01a1, ch\u1ee9a nhi\u1ec1u vitamin nh\u00f3m B v\u00e0 C, c\u00f3 t\u00e1c d\u1ee5ng t\u1ed1t trong duy tr\u00ec v\u00e0 t\u0103ng c\u01b0\u1eddng s\u1ee9c kho\u1ebb, ch\u1ed1ng ch\u1ecdi b\u1ec7nh t\u1eadt,&#8230; \u0110\u1eb7c bi\u1ec7t l\u00e0 n\u1ea5m h\u01b0\u01a1ng, lo\u1ea1i th\u1ef1c v\u1eadt \u00edt ch\u1ea5t b\u00e9o b\u00e3o h\u00f2a, nhi\u1ec1u ch\u1ea5t x\u01a1, nhi\u1ec1u ch\u1ea5t ch\u1ed1ng oxy h\u00f3a. Ngo\u00e0i ra, th\u00e0nh ph\u1ea7n \u0111\u1ea1m cao v\u01b0\u1ee3t tr\u1ed9i c\u1ee7a ch\u00e0 b\u00f4ng n\u1ea5m c\u00f3 th\u1ec3 thay th\u1ebf l\u01b0\u1ee3ng \u0111\u1ea1m t\u1eeb th\u1ecbt trong nhu c\u1ea7u dinh d\u01b0\u1ee1ng h\u1eb1ng ng\u00e0y, th\u00edch h\u1ee3p cho m\u1ed9t b\u1eefa \u0103n gi\u1ea3n \u0111\u01a1n nh\u01b0ng \u0111\u1ea7y \u0111\u1ee7 ch\u1ea5t.<\/p>\n<p><img decoding=\"async\" class=\"wp-image-13494 aligncenter\" src=\"https:\/\/havamall.vn\/wp-content\/uploads\/2020\/02\/2019_07_10_a44099a43b-300x218.jpeg\" alt=\"\" width=\"651\" height=\"473\" srcset=\"https:\/\/havamall.vn\/wp-content\/uploads\/2020\/02\/2019_07_10_a44099a43b-300x218.jpeg 300w, https:\/\/havamall.vn\/wp-content\/uploads\/2020\/02\/2019_07_10_a44099a43b-430x312.jpeg 430w, https:\/\/havamall.vn\/wp-content\/uploads\/2020\/02\/2019_07_10_a44099a43b-150x109.jpeg 150w, https:\/\/havamall.vn\/wp-content\/uploads\/2020\/02\/2019_07_10_a44099a43b.jpeg 600w\" sizes=\"(max-width: 651px) 100vw, 651px\" \/><\/p>\n<p>N\u1ea5m H\u01b0\u01a1ng Ch\u00e0 B\u00f4ng tr\u1ea3i qua qu\u00e1 tr\u00ecnh ch\u1ebf bi\u1ebfn b\u1eb1ng c\u00f4ng ngh\u1ec7 hi\u1ec7n \u0111\u1ea1i, quy tr\u00ecnh kh\u00e9p k\u00edn, \u0111\u1ea3m b\u1ea3o s\u1ee9c kh\u1ecfe cho ng\u01b0\u1eddi ti\u00eau d\u00f9ng. S\u1ea3n ph\u1ea9m mang \u0111\u1ebfn m\u1ed9t h\u01b0\u01a1ng v\u1ecb th\u01a1m ngon nguy\u00ean v\u1ecb c\u1ee7a n\u1ea5m h\u01b0\u01a1ng t\u1ef1 nhi\u00ean, k\u1ebft h\u1ee3p v\u1edbi gia v\u1ecb cay m\u1eb7n ng\u1ecdt, t\u1ea1o ra m\u1ed9t m\u00f3n \u0103n \u0111\u1eadm \u0111\u00e0 v\u00e0 th\u00fa v\u1ecb th\u00edch h\u1ee3p cho m\u1ecdi l\u1ee9a tu\u1ed5i.<\/p>\n<p>N\u1ea5m H\u01b0\u01a1ng Ch\u00e0 b\u00f4ng \u0111\u01b0\u1ee3c \u0111\u00e1nh gi\u00e1 kh\u00f4ng ch\u1ec9 l\u00e0 m\u00f3n \u0103n v\u1eb7t h\u1ea5p d\u1eabn m\u00e0 c\u00f2n b\u1ed5 sung nhi\u1ec1u dinh d\u01b0\u1ee1ng v\u00e0 kho\u00e1ng ch\u1ea5t cho c\u01a1 th\u1ec3. \u0110\u00f3ng g\u00f3i h\u1ed9p nh\u1ecf g\u1ecdn r\u1ea5t ti\u1ec7n l\u1ee3i v\u00e0 th\u00edch h\u1ee3p cho c\u00e1c chuy\u1ebfn du l\u1ecbch d\u00e3 ngo\u1ea1i.<\/p>\n<p>S\u1ea3n ph\u1ea9m kh\u00f4ng s\u1eed d\u1ee5ng n\u01b0\u1edbc m\u1eafm, chay m\u1eb7n \u0111\u1ec1u d\u00f9ng \u0111\u01b0\u1ee3c, n\u1ea5m s\u1ea5y bung gi\u00f2n kh\u00f4ng y\u1ec3u hay qu\u00e1 c\u1ee9ng, n\u1ea5m m\u1edbi. \u0110\u00e2y c\u00f2n l\u00e0 m\u00f3n \u0103n v\u1eb7t d\u00e0nh ri\u00eang cho c\u00e1c b\u1ea1n c\u00f3 s\u1edf th\u00edch \u0103n chay, \u0103n th\u1ef1c d\u01b0\u1ee1ng.<\/p>\n<p>N\u1ea5m h\u01b0\u01a1ng \u0111\u01b0\u1ee3c coi l\u00e0 th\u1ef1c ph\u1ea9m cho nh\u1eefng ng\u01b0\u1eddi b\u1ecb thi\u1ebfu m\u00e1u do thi\u1ebfu s\u1eaft, cao huy\u1ebft \u00e1p, ti\u1ec3u \u0111\u01b0\u1eddng, tr\u1ebb em suy dinh d\u01b0\u1ee1ng. S\u00e1ch \u0110\u00f4ng y vi\u1ebft v\u1ec1 n\u1ea5m h\u01b0\u01a1ng v\u1ecb ng\u1ecdt t\u00ednh b\u00ecnh, c\u00f3 c\u00f4ng d\u1ee5ng b\u1ed5 t\u1ef3, \u00edch kh\u00ed, d\u01b0\u1ee1ng huy\u1ebft, h\u00f2a huy\u1ebft, ti\u00eau \u0111\u1eddm.<\/p>\n<p><img decoding=\"async\" class=\"wp-image-13488 aligncenter\" src=\"https:\/\/havamall.vn\/wp-content\/uploads\/2020\/02\/loi-ich-cua-nam-huong-2-2-e1516614635398-300x219.jpg\" alt=\"\" width=\"782\" height=\"571\" srcset=\"https:\/\/havamall.vn\/wp-content\/uploads\/2020\/02\/loi-ich-cua-nam-huong-2-2-e1516614635398-300x219.jpg 300w, https:\/\/havamall.vn\/wp-content\/uploads\/2020\/02\/loi-ich-cua-nam-huong-2-2-e1516614635398-430x314.jpg 430w, https:\/\/havamall.vn\/wp-content\/uploads\/2020\/02\/loi-ich-cua-nam-huong-2-2-e1516614635398-150x109.jpg 150w, https:\/\/havamall.vn\/wp-content\/uploads\/2020\/02\/loi-ich-cua-nam-huong-2-2-e1516614635398-700x511.jpg 700w, https:\/\/havamall.vn\/wp-content\/uploads\/2020\/02\/loi-ich-cua-nam-huong-2-2-e1516614635398-600x438.jpg 600w, https:\/\/havamall.vn\/wp-content\/uploads\/2020\/02\/loi-ich-cua-nam-huong-2-2-e1516614635398.jpg 750w\" sizes=\"(max-width: 782px) 100vw, 782px\" \/><\/p>\n<p>N\u1ea5m h\u01b0\u01a1ng ch\u1ee9a nhi\u1ec1u \u0111\u1ea1m v\u00e0 \u0111\u1eb7c bi\u1ec7t gi\u00e0u kho\u00e1ng ch\u1ea5t, vitamin nh\u01b0 vitamin C, B, ti\u1ec1n vitamin D, canxi, Niacin, nh\u00f4m, s\u1eaft, magi\u00ea&#8230;<\/p>\n<p>Trong n\u1ea5m h\u01b0\u01a1ng c\u00f3 kho\u1ea3ng 30 enzym v\u00e0 t\u1ea5t c\u1ea3 c\u00e1c acid amin c\u1ea7n thi\u1ebft cho c\u01a1 th\u1ec3 (nh\u1eefng acid amin m\u00e0 c\u01a1 th\u1ec3 kh\u00f4ng t\u1ed5ng h\u1ee3p \u0111\u01b0\u1ee3c). Ngo\u00e0i ra, ch\u1ea5t Lentinan v\u00e0 Lentinula Edodes mycelium (LEM) l\u00e0 2 ch\u1ea5t ch\u00ednh t\u1ea1o n\u00ean t\u00e1c d\u1ee5ng d\u01b0\u1ee3c l\u00fd c\u1ee7a n\u1ea5m.<\/p>\n<p><img loading=\"lazy\" decoding=\"async\" class=\"wp-image-13489 aligncenter\" src=\"https:\/\/havamall.vn\/wp-content\/uploads\/2020\/02\/tac-hai-cua-nam-huong-1-e1516342228912-300x219.jpg\" alt=\"\" width=\"723\" height=\"528\" srcset=\"https:\/\/havamall.vn\/wp-content\/uploads\/2020\/02\/tac-hai-cua-nam-huong-1-e1516342228912-300x219.jpg 300w, https:\/\/havamall.vn\/wp-content\/uploads\/2020\/02\/tac-hai-cua-nam-huong-1-e1516342228912-430x314.jpg 430w, https:\/\/havamall.vn\/wp-content\/uploads\/2020\/02\/tac-hai-cua-nam-huong-1-e1516342228912-150x109.jpg 150w, https:\/\/havamall.vn\/wp-content\/uploads\/2020\/02\/tac-hai-cua-nam-huong-1-e1516342228912-700x511.jpg 700w, https:\/\/havamall.vn\/wp-content\/uploads\/2020\/02\/tac-hai-cua-nam-huong-1-e1516342228912-600x438.jpg 600w, https:\/\/havamall.vn\/wp-content\/uploads\/2020\/02\/tac-hai-cua-nam-huong-1-e1516342228912.jpg 750w\" sizes=\"(max-width: 723px) 100vw, 723px\" \/><\/p>\n<p>N\u1ea5m h\u01b0\u01a1ng \u0111\u01b0\u1ee3c coi l\u00e0 th\u1ef1c ph\u1ea9m cho nh\u1eefng ng\u01b0\u1eddi b\u1ecb thi\u1ebfu m\u00e1u do thi\u1ebfu s\u1eaft, cao huy\u1ebft \u00e1p, ti\u1ec3u \u0111\u01b0\u1eddng, tr\u1ebb em suy dinh d\u01b0\u1ee1ng. S\u00e1ch \u0110\u00f4ng y vi\u1ebft v\u1ec1 n\u1ea5m h\u01b0\u01a1ng v\u1ecb ng\u1ecdt t\u00ednh b\u00ecnh, c\u00f3 c\u00f4ng d\u1ee5ng b\u1ed5 t\u1ef3, \u00edch kh\u00ed, d\u01b0\u1ee1ng huy\u1ebft, h\u00f2a huy\u1ebft, ti\u00eau \u0111\u1eddm.<\/p>\n<p>N\u1ea5m h\u01b0\u01a1ng c\u00f3 t\u00e1c d\u1ee5ng gi\u1ea3i \u0111\u1ed9c v\u00e0 b\u1ea3o v\u1ec7 t\u1ebf b\u00e0o gan r\u1ea5t t\u1ed1t. C\u00e1c polysaccharide trong n\u1ea5m h\u01b0\u01a1ng c\u00f3 kh\u1ea3 n\u0103ng ho\u1ea1t ho\u00e1 mi\u1ec5n d\u1ecbch t\u1ebf b\u00e0o, th\u00fac \u0111\u1ea9y qu\u00e1 tr\u00ecnh sinh tr\u01b0\u1edfng v\u00e0 ph\u00e1t tri\u1ec3n c\u1ee7a t\u1ebf b\u00e0o lympho, k\u00edch ho\u1ea1t t\u1ebf b\u00e0o lympho T v\u00e0 lympho B &#8211; nh\u1eefng t\u1ebf b\u00e0o \u0111\u00f3ng vai tr\u00f2 ch\u00ednh trong vi\u1ec7c b\u1ea3o v\u1ec7 c\u01a1 th\u1ec3.<\/p>\n<p>Ng\u00e0y nay c\u00e1c nh\u00e0 khoa h\u1ecdc \u0111\u00e3 kh\u1eb3ng \u0111\u1ecbnh n\u1ea5m h\u01b0\u01a1ng c\u00f3 t\u00e1c d\u1ee5ng t\u0103ng c\u01b0\u1eddng h\u1ec7 mi\u1ec5n d\u1ecbch c\u1ee7a c\u01a1 th\u1ec3, \u1ee9c ch\u1ebf t\u1ebf b\u00e0o ung th\u01b0, h\u1ea1 huy\u1ebft \u00e1p, gi\u1ea3m cholesterol m\u00e1u, ph\u00f2ng ng\u1eeba s\u1ecfi th\u1eadn v\u00e0 s\u1ecfi ti\u1ebft ni\u1ec7u, tr\u1ee3 gi\u00fap ti\u00eau ho\u00e1&#8230;Theo m\u1ed9t nghi\u00ean c\u1ee9u, n\u1ea5m h\u01b0\u01a1ng c\u00f3 ch\u1ee9a m\u1ed9t ch\u1ea5t h\u00f3a h\u1ecdc \u0111\u1eb7c bi\u1ec7t mang t\u00ean AHCC &#8211; m\u1ed9t lo\u1ea1i h\u1ee3p ch\u1ea5t pha tr\u1ed9n c\u00e1c axit amin, polisaccarit v\u00e0 kho\u00e1ng ch\u1ea5t, c\u00f3 t\u00e1c d\u1ee5ng t\u0103ng c\u01b0\u1eddng h\u1ec7 mi\u1ec5n d\u1ecbch b\u1eb1ng c\u00e1ch gia t\u0103ng s\u1ed1 l\u01b0\u1ee3ng c\u00e1c t\u1ebf b\u00e0o gi\u00fap c\u01a1 th\u1ec3 ch\u1ed1ng l\u1ea1i s\u1ef1 nhi\u1ec5m tr\u00f9ng, v\u00e0 ng\u0103n ch\u1eb7n s\u1ef1 ph\u00e1t tri\u1ec3n c\u1ee7a kh\u1ed1i u.<\/p>\n<p><img loading=\"lazy\" decoding=\"async\" class=\"wp-image-13490 aligncenter\" src=\"https:\/\/havamall.vn\/wp-content\/uploads\/2020\/02\/mon-chay-ngay-ram-dau-hu-non-om-voi-nam-huong1-300x138.png\" alt=\"\" width=\"848\" height=\"390\" srcset=\"https:\/\/havamall.vn\/wp-content\/uploads\/2020\/02\/mon-chay-ngay-ram-dau-hu-non-om-voi-nam-huong1-300x138.png 300w, https:\/\/havamall.vn\/wp-content\/uploads\/2020\/02\/mon-chay-ngay-ram-dau-hu-non-om-voi-nam-huong1-430x198.png 430w, https:\/\/havamall.vn\/wp-content\/uploads\/2020\/02\/mon-chay-ngay-ram-dau-hu-non-om-voi-nam-huong1-150x69.png 150w, https:\/\/havamall.vn\/wp-content\/uploads\/2020\/02\/mon-chay-ngay-ram-dau-hu-non-om-voi-nam-huong1.png 600w\" sizes=\"(max-width: 848px) 100vw, 848px\" \/><\/p>\n<h3><strong>H\u01b0\u1edbng d\u1eabn s\u1eed d\u1ee5ng v\u00e0 b\u1ea3o qu\u1ea3n<\/strong><\/h3>\n<div>\u2013 \u0102n tr\u1ef1c ti\u1ebfp.<\/div>\n<div><\/div>\n<div>\u2013 C\u00f3 th\u1ec3 d\u00f9ng l\u00e0m b\u1eefa ph\u1ee5 hay th\u00eam v\u00e0o b\u1eefa \u0103n ch\u00ednh, \u0103n c\u00f9ng v\u1edbi c\u01a1m, b\u00e1nh m\u00ec, s\u00fap.<\/div>\n<div><\/div>\n<div>\u2013 B\u1ea3o qu\u1ea3n n\u01a1i kh\u00f4 r\u00e1o, tr\u00e1nh \u00e1nh n\u1eafng tr\u1ef1c ti\u1ebfp c\u1ee7a m\u1eb7t tr\u1eddi.<\/div>\n<\/div>","protected":false},"excerpt":{"rendered":"<p>N\u1ea5m h\u01b0\u01a1ng l\u00e0 th\u1ef1c v\u1eadt \u00edt ch\u1ea5t b\u00e9o b\u00e3o h\u00f2a, nhi\u1ec1u ch\u1ea5t x\u01a1 v\u00e0 ch\u1ea5t ch\u1ed1ng oxy h\u00f3a. Tr\u1ea3i qua qu\u00e1 tr\u00ecnh ch\u1ebf bi\u1ebfn, n\u1ea5m h\u01b0\u01a1ng tr\u1edf th\u00e0nh m\u1ed9t s\u1ea3n ph\u1ea9m \u0103n v\u1eb7t &#8211; \u0103n li\u1ec1n &#8211; ti\u1ec7n nghi. Gi\u00fap cho ng\u01b0\u1eddi \u0103n chay v\u00e0 \u0103n m\u1eb7n c\u00f3 c\u1ea3m gi\u00e1c ngon mi\u1ec7ng v\u00e0 \u0102N KH\u00d4NG NG\u1eeaNG \u0110\u01b0\u1ee3c \u0111\u00e1nh gi\u00e1 kh\u00f4ng ch\u1ec9 l\u00e0 m\u00f3n \u0103n v\u1eb7t h\u1ea5p d\u1eabn m\u00e0 c\u00f2n b\u1ed5 sung nhi\u1ec1u dinh d\u01b0\u1ee1ng v\u00e0 kho\u00e1ng ch\u1ea5t cho c\u01a1 th\u1ec3.<\/p>","protected":false},"featured_media":13496,"comment_status":"open","ping_status":"closed","template":"","meta":[],"product_brand":[],"product_cat":[134,143],"product_tag":[],"class_list":{"0":"post-13492","1":"product","2":"type-product","3":"status-publish","4":"has-post-thumbnail","6":"product_cat-thucpham-saykho","7":"product_cat-thuc-pham-dong-hop","9":"first","10":"outofstock","11":"sale","12":"shipping-taxable","13":"purchasable","14":"product-type-simple"},"_links":{"self":[{"href":"https:\/\/havamall.vn\/en\/wp-json\/wp\/v2\/product\/13492"}],"collection":[{"href":"https:\/\/havamall.vn\/en\/wp-json\/wp\/v2\/product"}],"about":[{"href":"https:\/\/havamall.vn\/en\/wp-json\/wp\/v2\/types\/product"}],"replies":[{"embeddable":true,"href":"https:\/\/havamall.vn\/en\/wp-json\/wp\/v2\/comments?post=13492"}],"version-history":[{"count":0,"href":"https:\/\/havamall.vn\/en\/wp-json\/wp\/v2\/product\/13492\/revisions"}],"wp:featuredmedia":[{"embeddable":true,"href":"https:\/\/havamall.vn\/en\/wp-json\/wp\/v2\/media\/13496"}],"wp:attachment":[{"href":"https:\/\/havamall.vn\/en\/wp-json\/wp\/v2\/media?parent=13492"}],"wp:term":[{"taxonomy":"product_brand","embeddable":true,"href":"https:\/\/havamall.vn\/en\/wp-json\/wp\/v2\/product_brand?post=13492"},{"taxonomy":"product_cat","embeddable":true,"href":"https:\/\/havamall.vn\/en\/wp-json\/wp\/v2\/product_cat?post=13492"},{"taxonomy":"product_tag","embeddable":true,"href":"https:\/\/havamall.vn\/en\/wp-json\/wp\/v2\/product_tag?post=13492"}],"curies":[{"name":"wp","href":"https:\/\/api.w.org\/{rel}","templated":true}]}}