{"id":13426,"date":"2020-02-26T13:25:20","date_gmt":"2020-02-26T06:25:20","guid":{"rendered":"https:\/\/havamall.vn\/?post_type=product&#038;p=13426"},"modified":"2021-02-23T13:52:02","modified_gmt":"2021-02-23T06:52:02","slug":"banh-dua-vi-tra-sua-dai-loan-180g-pineapple-milk-tea-cake-taiwan-180gr","status":"publish","type":"product","link":"https:\/\/havamall.vn\/en\/shop\/banh-dua-vi-tra-sua-dai-loan-180g-pineapple-milk-tea-cake-taiwan-180gr\/","title":{"rendered":"B\u00e1nh D\u1ee9a v\u1ecb Tr\u00e0 S\u1eefa \u0110\u00e0i Loan 180g &#8211; Pineapple Milk Tea Cake Taiwan 180gr"},"content":{"rendered":"<div>B\u00e1nh d\u1ee9a l\u00e0 s\u1ea3n ph\u1ea9m qu\u1ed1c h\u1ed3n qu\u1ed1c t\u00fay, n\u1ed5i ti\u1ebfng ng\u00e0n n\u0103m c\u1ee7a \u0111\u1ea5t n\u01b0\u1edbc \u0110\u00e0i Loan, to\u00e0n Th\u1ebf Gi\u1edbi ph\u1ea3i c\u00f4ng nh\u1eadn m\u00f3n \u0111\u1eb7c s\u1ea3n n\u00e0y.<\/div>\n<div><img fetchpriority=\"high\" decoding=\"async\" class=\"wp-image-13429 aligncenter\" src=\"https:\/\/havamall.vn\/wp-content\/uploads\/2020\/02\/cq2a3965r-1-300x300.jpg\" alt=\"\" width=\"622\" height=\"622\" srcset=\"https:\/\/havamall.vn\/wp-content\/uploads\/2020\/02\/cq2a3965r-1-300x300.jpg 300w, https:\/\/havamall.vn\/wp-content\/uploads\/2020\/02\/cq2a3965r-1-430x430.jpg 430w, https:\/\/havamall.vn\/wp-content\/uploads\/2020\/02\/cq2a3965r-1-150x150.jpg 150w, https:\/\/havamall.vn\/wp-content\/uploads\/2020\/02\/cq2a3965r-1-700x700.jpg 700w, https:\/\/havamall.vn\/wp-content\/uploads\/2020\/02\/cq2a3965r-1-768x768.jpg 768w, https:\/\/havamall.vn\/wp-content\/uploads\/2020\/02\/cq2a3965r-1-600x600.jpg 600w, https:\/\/havamall.vn\/wp-content\/uploads\/2020\/02\/cq2a3965r-1-100x100.jpg 100w, https:\/\/havamall.vn\/wp-content\/uploads\/2020\/02\/cq2a3965r-1.jpg 1000w\" sizes=\"(max-width: 622px) 100vw, 622px\" \/><\/div>\n<div>Tinh hoa \u1ea9m th\u1ef1c \u0110\u00e0i Loan h\u00e0ng ng\u00e0n n\u0103m nay \u0111\u01b0\u1ee3c k\u1ebft tinh trong m\u1ed9t chi\u1ebfc b\u00e1nh b\u00e9 nh\u1ecf l\u00e0 s\u1ef1 k\u1ebft h\u1ee3p ho\u00e0n h\u1ea3o c\u1ee7a v\u1ecf b\u00e1nh ng\u1ecdt b\u00e9o t\u1eeb tr\u1ee9ng, s\u1eefa m\u1ec1m tan \u0111\u1ea7u l\u01b0\u1ee1i v\u1edbi nh\u00e2n d\u1ee9a chua ng\u1ecdt d\u1ebbo qu\u00e1nh t\u1ef1 nhi\u00ean, ngo\u00e0i ra h\u01b0\u01a1ng v\u1ecb tr\u00e0 s\u1eefa m\u1edbi c\u00f3 trong nh\u00e2n l\u00e0m d\u1eady l\u00eam v\u1ecb th\u01a1m c\u1ee7a tr\u00e0 v\u00e0 s\u1eefa t\u01b0\u01a1i. Khi \u0103n, v\u1eeba \u0111\u01b0\u1ee3c c\u1ea3m nh\u1eadn v\u1ecb b\u00e1nh ng\u1ecdt m\u00e0 c\u00f2n \u0111\u01b0\u1ee3c nh\u01b0 u\u1ed1ng tr\u00e0 s\u1eefa n\u1eefa<\/div>\n<div><\/div>\n<div><img decoding=\"async\" class=\"wp-image-13427 aligncenter\" src=\"https:\/\/havamall.vn\/wp-content\/uploads\/2020\/02\/cq2a3892r-1-200x300.jpg\" alt=\"\" width=\"571\" height=\"857\" srcset=\"https:\/\/havamall.vn\/wp-content\/uploads\/2020\/02\/cq2a3892r-1-200x300.jpg 200w, https:\/\/havamall.vn\/wp-content\/uploads\/2020\/02\/cq2a3892r-1-430x645.jpg 430w, https:\/\/havamall.vn\/wp-content\/uploads\/2020\/02\/cq2a3892r-1-150x225.jpg 150w, https:\/\/havamall.vn\/wp-content\/uploads\/2020\/02\/cq2a3892r-1-700x1050.jpg 700w, https:\/\/havamall.vn\/wp-content\/uploads\/2020\/02\/cq2a3892r-1-768x1152.jpg 768w, https:\/\/havamall.vn\/wp-content\/uploads\/2020\/02\/cq2a3892r-1-683x1024.jpg 683w, https:\/\/havamall.vn\/wp-content\/uploads\/2020\/02\/cq2a3892r-1-600x900.jpg 600w, https:\/\/havamall.vn\/wp-content\/uploads\/2020\/02\/cq2a3892r-1.jpg 913w\" sizes=\"(max-width: 571px) 100vw, 571px\" \/><\/div>\n<div class=\"textarea__text\"><span class=\"content\">B\u00e1nh quy \u0110\u00e0i Loan l\u00e0 s\u1ef1 h\u00f2a quy\u1ec7n v\u1ecb th\u01a1m m\u00e1t, chua t\u1ef1 nhi\u00ean c\u1ee7a tr\u00e1i d\u1ee9a, v\u1ecb d\u1ecbu ng\u1ecdt c\u1ee7a m\u1ea1ch nha, v\u1ecf b\u00e1nh m\u1ec1m t\u1ea1o n\u00ean m\u1ed9t s\u1ea3n ph\u1ea9m gi\u00e0u ch\u1ea5t x\u01a1 v\u1edbi h\u00e0m l\u01b0\u1ee3ng vitamin cao.\u00a0Ngay t\u1eeb mi\u1ebfng c\u1eafn \u0111\u1ea7u ti\u00ean, ch\u1eafc ch\u1eafn b\u1ea1n s\u1ebd ng\u1ea1c nhi\u00ean v\u1edbi h\u01b0\u01a1ng v\u1ecb c\u1ee7a n\u00f3, b\u1ea1n s\u1ebd nhanh ch\u00f3ng c\u1ea3m nh\u1eadn \u0111\u01b0\u1ee3c m\u00f9i th\u01a1m c\u1ee7a tr\u00e0 s\u1eefa c\u00f9ng v\u1edbi c\u1ea3m gi\u00e1c dai dai nh\u01b0 vi\u00ean tr\u00e2n ch\u00e2u t\u1eeb nh\u00e2n b\u00e1nh <\/span><\/div>\n<div class=\"textarea__text\"><span class=\"content\"><img decoding=\"async\" class=\"wp-image-13430 aligncenter\" src=\"https:\/\/havamall.vn\/wp-content\/uploads\/2020\/02\/\u73cd\u73e0\u5976\u8336_\u526f\u672c-1-1-300x225.jpg\" alt=\"\" width=\"711\" height=\"533\" srcset=\"https:\/\/havamall.vn\/wp-content\/uploads\/2020\/02\/\u73cd\u73e0\u5976\u8336_\u526f\u672c-1-1-300x225.jpg 300w, https:\/\/havamall.vn\/wp-content\/uploads\/2020\/02\/\u73cd\u73e0\u5976\u8336_\u526f\u672c-1-1-430x323.jpg 430w, https:\/\/havamall.vn\/wp-content\/uploads\/2020\/02\/\u73cd\u73e0\u5976\u8336_\u526f\u672c-1-1-150x113.jpg 150w, https:\/\/havamall.vn\/wp-content\/uploads\/2020\/02\/\u73cd\u73e0\u5976\u8336_\u526f\u672c-1-1-700x525.jpg 700w, https:\/\/havamall.vn\/wp-content\/uploads\/2020\/02\/\u73cd\u73e0\u5976\u8336_\u526f\u672c-1-1-768x576.jpg 768w, https:\/\/havamall.vn\/wp-content\/uploads\/2020\/02\/\u73cd\u73e0\u5976\u8336_\u526f\u672c-1-1-1024x768.jpg 1024w, https:\/\/havamall.vn\/wp-content\/uploads\/2020\/02\/\u73cd\u73e0\u5976\u8336_\u526f\u672c-1-1-600x450.jpg 600w, https:\/\/havamall.vn\/wp-content\/uploads\/2020\/02\/\u73cd\u73e0\u5976\u8336_\u526f\u672c-1-1.jpg 1108w\" sizes=\"(max-width: 711px) 100vw, 711px\" \/><br \/>\nB\u00e1nh \u0103n kh\u00f4ng ng\u00e1n v\u00ec c\u00f3 v\u1ecb ng\u1ecdt nh\u1eb9 kh\u00f4ng qua g\u1eaft, l\u1edbp v\u1ecf ng\u1ecdt d\u1ecbu, m\u1ec1m gi\u00f2n nh\u1eb9 b\u00ean trong l\u00e0 l\u1edbp nh\u00e2n th\u01a1m chua ng\u1ecdt d\u1ebbo \u2026\u0103n b\u00e1nh u\u1ed1ng tr\u00e0 l\u00e0 qu\u00e1 tuy\u1ec7t lu\u00f4n nh\u00e9, \u0111\u1ea3m b\u1ea3o b\u1ea1n s\u1ebd th\u00edch trong l\u1ea7n th\u1eed \u0111\u1ea7u ti\u00ean.<\/span><\/div>\n<div><\/div>\n<div class=\"textarea__text\"><span class=\"content\"><img loading=\"lazy\" decoding=\"async\" class=\"wp-image-13428 aligncenter\" src=\"https:\/\/havamall.vn\/wp-content\/uploads\/2020\/02\/cq2a3910r-1-300x200.jpg\" alt=\"\" width=\"822\" height=\"548\" srcset=\"https:\/\/havamall.vn\/wp-content\/uploads\/2020\/02\/cq2a3910r-1-300x200.jpg 300w, https:\/\/havamall.vn\/wp-content\/uploads\/2020\/02\/cq2a3910r-1-430x287.jpg 430w, https:\/\/havamall.vn\/wp-content\/uploads\/2020\/02\/cq2a3910r-1-150x100.jpg 150w, https:\/\/havamall.vn\/wp-content\/uploads\/2020\/02\/cq2a3910r-1-700x467.jpg 700w, https:\/\/havamall.vn\/wp-content\/uploads\/2020\/02\/cq2a3910r-1-768x512.jpg 768w, https:\/\/havamall.vn\/wp-content\/uploads\/2020\/02\/cq2a3910r-1-600x400.jpg 600w, https:\/\/havamall.vn\/wp-content\/uploads\/2020\/02\/cq2a3910r-1.jpg 1000w\" sizes=\"(max-width: 822px) 100vw, 822px\" \/><\/span><\/div>\n<div class=\"textarea__text\"><span class=\"content\">B\u00e1nh c\u00f3 3 lo\u1ea1i: Nh\u00e2n d\u1ee9a (th\u01a1m), nh\u00e2n s\u1ea7u ri\u00eang, nh\u00e2n d\u1ee9a v\u00e0 nho<br \/>\n\u2013 B\u00e1nh nh\u00e2n d\u1ee9a: s\u1ef1 h\u00f2a quy\u1ec7n c\u1ee7a v\u1ecb th\u01a1m m\u00e1t chua ng\u1ecdt t\u1ef1 nhi\u00ean c\u1ee7a tr\u00e1i d\u1ee9a ho\u00e0 v\u1ecb d\u1ecbu ng\u1ecdt c\u1ee7a m\u1ea1ch nha.<br \/>\n\u2013 B\u00e1nh nh\u00e2n s\u1ea7u ri\u00eang: V\u1ecf ngo\u00e0i m\u1ec1m m\u1ec1m, b\u00ean trong nh\u00e2n th\u01a1m l\u1eebng s\u1ea7u ri\u00eang.<\/span><\/div>\n<div class=\"textarea__text\"><span class=\"content\">\u2013 B\u00e1nh nh\u00e2n d\u1ee9a v\u00e0 nho:\u00a0s\u1ef1 h\u00f2a quy\u1ec7n c\u1ee7a v\u1ecb th\u01a1m m\u00e1t chua ng\u1ecdt t\u1ef1 nhi\u00ean c\u1ee7a tr\u00e1i d\u1ee9a ho\u00e0 v\u1ecb d\u1ecbu ng\u1ecdt c\u1ee7a m\u1ea1ch nha, c\u1ed9ng th\u00eam v\u1ecb th\u01a1m chua c\u1ee7a nho, t\u1ea1o n\u00ean m\u1ed9t m\u00e0u s\u1eafc v\u1eeba \u0111\u1eb9p m\u1eaft v\u1eeba ngon mi\u1ec7ng.<br \/>\n<\/span><\/div>\n<div class=\"textarea__text\"><span class=\"content\">V\u1ecf h\u1ed9p sang tr\u1ecdng, th\u00edch h\u1ee3p d\u00f9ng \u0111\u1ec3 bi\u1ebfu t\u1eb7ng.<\/span><\/div>","protected":false},"excerpt":{"rendered":"<p>B\u00e1nh d\u1ee9a l\u00e0 s\u1ea3n ph\u1ea9m qu\u1ed1c h\u1ed3n qu\u1ed1c t\u00fay, n\u1ed5i ti\u1ebfng ng\u00e0n n\u0103m c\u1ee7a \u0111\u1ea5t n\u01b0\u1edbc \u0110\u00e0i Loan, to\u00e0n Th\u1ebf<\/p>","protected":false},"featured_media":13440,"comment_status":"open","ping_status":"closed","template":"","meta":[],"product_brand":[],"product_cat":[626],"product_tag":[],"class_list":{"0":"post-13426","1":"product","2":"type-product","3":"status-publish","4":"has-post-thumbnail","6":"product_cat-het-hang","8":"first","9":"outofstock","10":"sale","11":"shipping-taxable","12":"purchasable","13":"product-type-simple"},"_links":{"self":[{"href":"https:\/\/havamall.vn\/en\/wp-json\/wp\/v2\/product\/13426"}],"collection":[{"href":"https:\/\/havamall.vn\/en\/wp-json\/wp\/v2\/product"}],"about":[{"href":"https:\/\/havamall.vn\/en\/wp-json\/wp\/v2\/types\/product"}],"replies":[{"embeddable":true,"href":"https:\/\/havamall.vn\/en\/wp-json\/wp\/v2\/comments?post=13426"}],"version-history":[{"count":0,"href":"https:\/\/havamall.vn\/en\/wp-json\/wp\/v2\/product\/13426\/revisions"}],"wp:featuredmedia":[{"embeddable":true,"href":"https:\/\/havamall.vn\/en\/wp-json\/wp\/v2\/media\/13440"}],"wp:attachment":[{"href":"https:\/\/havamall.vn\/en\/wp-json\/wp\/v2\/media?parent=13426"}],"wp:term":[{"taxonomy":"product_brand","embeddable":true,"href":"https:\/\/havamall.vn\/en\/wp-json\/wp\/v2\/product_brand?post=13426"},{"taxonomy":"product_cat","embeddable":true,"href":"https:\/\/havamall.vn\/en\/wp-json\/wp\/v2\/product_cat?post=13426"},{"taxonomy":"product_tag","embeddable":true,"href":"https:\/\/havamall.vn\/en\/wp-json\/wp\/v2\/product_tag?post=13426"}],"curies":[{"name":"wp","href":"https:\/\/api.w.org\/{rel}","templated":true}]}}