{"id":13335,"date":"2020-02-24T15:07:17","date_gmt":"2020-02-24T08:07:17","guid":{"rendered":"https:\/\/havamall.vn\/?post_type=product&#038;p=13335"},"modified":"2021-09-10T10:37:23","modified_gmt":"2021-09-10T03:37:23","slug":"keo-no-striking-vi-xoai-explosive-mango-candy-30gr","status":"publish","type":"product","link":"https:\/\/havamall.vn\/en\/shop\/keo-no-striking-vi-xoai-explosive-mango-candy-30gr\/","title":{"rendered":"K\u1eb9o N\u1ed5 Striking V\u1ecb Xo\u00e0i \u2013 Explosive Mango Candy 30gr"},"content":{"rendered":"<p>K\u1eb9o n\u1ed5 m\u1ed9t trong nh\u1eefng lo\u1ea1i k\u1eb9o y\u00eau th\u00edch c\u1ee7a c\u00e1c b\u00e9 v\u00e0 \u0111\u00f4i khi l\u00e0 c\u1ea3 ng\u01b0\u1eddi l\u1edbn, nh\u1eefng ti\u1ebfng n\u1ed5 b\u00f4m n\u1ed1p vui mi\u1ec7ng c\u00f9ng h\u01b0\u01a1ng v\u1ecb chua chua ng\u1ecdt ng\u1ecdt l\u00e0 \u0111\u00e1ng nh\u1edb h\u01a1n h\u1ebft.<\/p>\n<p><img fetchpriority=\"high\" decoding=\"async\" class=\"wp-image-10385 aligncenter\" src=\"https:\/\/havamall.vn\/wp-content\/uploads\/2019\/04\/4e820c4ceefb0ca555ea.jpg\" alt=\"\" width=\"745\" height=\"335\" srcset=\"https:\/\/havamall.vn\/wp-content\/uploads\/2019\/04\/4e820c4ceefb0ca555ea.jpg 2048w, https:\/\/havamall.vn\/wp-content\/uploads\/2019\/04\/4e820c4ceefb0ca555ea-430x194.jpg 430w, https:\/\/havamall.vn\/wp-content\/uploads\/2019\/04\/4e820c4ceefb0ca555ea-150x68.jpg 150w, https:\/\/havamall.vn\/wp-content\/uploads\/2019\/04\/4e820c4ceefb0ca555ea-700x315.jpg 700w\" sizes=\"(max-width: 745px) 100vw, 745px\" \/><\/p>\n<p>K\u1eb9o n\u1ed5 t\u00ed t\u00e1ch khi ng\u1eadm trong mi\u1ec7ng. Vui vui, l\u1ea1 l\u1ea1, r\u00f4m r\u1ea3 c\u1ea3 nh\u00e0<\/p>\n<div><\/div>\n<div><img decoding=\"async\" class=\"wp-image-13337 aligncenter\" src=\"https:\/\/havamall.vn\/wp-content\/uploads\/2020\/02\/keo-no-popping-candy-vi-xoai-300x200.jpg\" alt=\"\" width=\"431\" height=\"287\" srcset=\"https:\/\/havamall.vn\/wp-content\/uploads\/2020\/02\/keo-no-popping-candy-vi-xoai-300x200.jpg 300w, https:\/\/havamall.vn\/wp-content\/uploads\/2020\/02\/keo-no-popping-candy-vi-xoai-430x287.jpg 430w, https:\/\/havamall.vn\/wp-content\/uploads\/2020\/02\/keo-no-popping-candy-vi-xoai-150x100.jpg 150w, https:\/\/havamall.vn\/wp-content\/uploads\/2020\/02\/keo-no-popping-candy-vi-xoai-700x467.jpg 700w, https:\/\/havamall.vn\/wp-content\/uploads\/2020\/02\/keo-no-popping-candy-vi-xoai-768x512.jpg 768w, https:\/\/havamall.vn\/wp-content\/uploads\/2020\/02\/keo-no-popping-candy-vi-xoai-1024x683.jpg 1024w, https:\/\/havamall.vn\/wp-content\/uploads\/2020\/02\/keo-no-popping-candy-vi-xoai-600x400.jpg 600w, https:\/\/havamall.vn\/wp-content\/uploads\/2020\/02\/keo-no-popping-candy-vi-xoai.jpg 1080w\" sizes=\"(max-width: 431px) 100vw, 431px\" \/><\/div>\n<div><\/div>\n<p>C\u1ea3m nh\u1eadn v\u1ecb ng\u1ecdt ng\u00e0o c\u1ee7a tr\u00e1i c\u00e2y t\u1ef1 nhi\u00ean ch\u1eafc h\u1eb3n s\u1ebd r\u1ea5t th\u00fa v\u1ecb thu h\u00fat c\u1ea3 ng\u01b0\u1eddi l\u1edbn v\u00e0 tr\u1ebb nh\u1ecf. K\u1eb9o r\u1ea5t th\u00edch h\u1ee3p l\u00e0m m\u00f3n tr\u00e1ng mi\u1ec7ng trong b\u1eefa \u0103n tr\u01b0a ho\u1eb7c l\u00e0m th\u1ee9c \u0103n nh\u1eb9<\/p>\n<p><img decoding=\"async\" class=\"wp-image-10389 aligncenter\" src=\"https:\/\/havamall.vn\/wp-content\/uploads\/2019\/04\/7d98955577e295bcccf3.png\" alt=\"\" width=\"660\" height=\"558\" srcset=\"https:\/\/havamall.vn\/wp-content\/uploads\/2019\/04\/7d98955577e295bcccf3.png 907w, https:\/\/havamall.vn\/wp-content\/uploads\/2019\/04\/7d98955577e295bcccf3-430x364.png 430w, https:\/\/havamall.vn\/wp-content\/uploads\/2019\/04\/7d98955577e295bcccf3-150x127.png 150w, https:\/\/havamall.vn\/wp-content\/uploads\/2019\/04\/7d98955577e295bcccf3-700x592.png 700w\" sizes=\"(max-width: 660px) 100vw, 660px\" \/><\/p>\n<p>Xu\u1ea5t x\u1ee9: H\u1ed3ng Kong<\/p>\n<p>H\u1ea1n s\u1eed d\u1ee5ng: 2 n\u0103m t\u1eeb ng\u00e0y s\u1ea3n xu\u1ea5t<\/p>","protected":false},"excerpt":{"rendered":"<p>K\u1eb9o n\u1ed5 m\u1ed9t trong nh\u1eefng lo\u1ea1i k\u1eb9o y\u00eau th\u00edch c\u1ee7a c\u00e1c b\u00e9 v\u00e0 \u0111\u00f4i khi l\u00e0 c\u1ea3 ng\u01b0\u1eddi l\u1edbn, nh\u1eefng<\/p>","protected":false},"featured_media":13372,"comment_status":"open","ping_status":"closed","template":"","meta":[],"product_brand":[],"product_cat":[133],"product_tag":[],"class_list":{"0":"post-13335","1":"product","2":"type-product","3":"status-publish","4":"has-post-thumbnail","6":"product_cat-banh-keo-chocolate","8":"first","9":"outofstock","10":"sale","11":"shipping-taxable","12":"purchasable","13":"product-type-simple"},"_links":{"self":[{"href":"https:\/\/havamall.vn\/en\/wp-json\/wp\/v2\/product\/13335"}],"collection":[{"href":"https:\/\/havamall.vn\/en\/wp-json\/wp\/v2\/product"}],"about":[{"href":"https:\/\/havamall.vn\/en\/wp-json\/wp\/v2\/types\/product"}],"replies":[{"embeddable":true,"href":"https:\/\/havamall.vn\/en\/wp-json\/wp\/v2\/comments?post=13335"}],"version-history":[{"count":0,"href":"https:\/\/havamall.vn\/en\/wp-json\/wp\/v2\/product\/13335\/revisions"}],"wp:featuredmedia":[{"embeddable":true,"href":"https:\/\/havamall.vn\/en\/wp-json\/wp\/v2\/media\/13372"}],"wp:attachment":[{"href":"https:\/\/havamall.vn\/en\/wp-json\/wp\/v2\/media?parent=13335"}],"wp:term":[{"taxonomy":"product_brand","embeddable":true,"href":"https:\/\/havamall.vn\/en\/wp-json\/wp\/v2\/product_brand?post=13335"},{"taxonomy":"product_cat","embeddable":true,"href":"https:\/\/havamall.vn\/en\/wp-json\/wp\/v2\/product_cat?post=13335"},{"taxonomy":"product_tag","embeddable":true,"href":"https:\/\/havamall.vn\/en\/wp-json\/wp\/v2\/product_tag?post=13335"}],"curies":[{"name":"wp","href":"https:\/\/api.w.org\/{rel}","templated":true}]}}