{"id":13245,"date":"2019-12-30T14:02:34","date_gmt":"2019-12-30T07:02:34","guid":{"rendered":"https:\/\/havamall.vn\/?post_type=product&#038;p=13245"},"modified":"2021-06-24T15:35:55","modified_gmt":"2021-06-24T08:35:55","slug":"kem-whipping-cream-tiet-trung-36-mlekovita-1000ml-whipping-cream-uht-36","status":"publish","type":"product","link":"https:\/\/havamall.vn\/en\/shop\/kem-whipping-cream-tiet-trung-36-mlekovita-1000ml-whipping-cream-uht-36\/","title":{"rendered":"Kem Whipping Cream Ti\u1ec7t Tr\u00f9ng 36% Mlekovita 1000ml &#8211; Whipping Cream UHT 36%"},"content":{"rendered":"<p>Whipping c\u00f3 ngh\u0129a l\u00e0 s\u1ef1 \u0111\u1ea3o, \u0111\u1ed9 \u0111\u1ea3o khi quay. Trong l\u0129nh v\u1ef1c l\u00e0m b\u00e1nh, Whipping cream l\u00e0 lo\u1ea1i kem s\u1eefa b\u00e9o, g\u1ed3m c\u00f3 l\u01b0\u1ee3ng l\u1edbn ch\u1ea5t b\u00e9o c\u00f3 trong th\u00e0nh ph\u1ea7n, \u0111\u01b0\u1ee3c d\u00f9ng l\u00e0m kem b\u00f4ng cho c\u00e1c m\u00f3n tr\u00e1ng mi\u1ec7ng hay th\u1ef1c ph\u1ea9m. Whipping cream c\u00f3 ngu\u1ed3n g\u1ed1c t\u1eeb \u0111\u1ed9ng v\u1eadt, \u0111\u01b0\u1ee3c t\u00e1ch t\u1eeb s\u1eefa b\u00f2 t\u01b0\u01a1i nguy\u00ean ch\u1ea5t n\u00ean kh\u00f4ng ch\u1ee9a \u0111\u01b0\u1eddng. Ch\u1ec9 s\u1ed1 b\u00e9o (butter fat) ghi tr\u00ean h\u1ed9p t\u1eeb 36 \u2013 40%.<\/p>\n<p><strong>Whipping Cream<\/strong>\u00a0c\u00f3\u00a0\u0111\u01b0\u1ee3c \u0111\u1ed9 b\u00e9o ( 36% ) ch\u00ednh v\u00ec v\u1eady khi d\u00f9ng \u0111\u1ec3 l\u00e0m l\u1edbp kem tr\u00ean b\u1ec1 m\u1eb7t b\u00e1nh ng\u1ecdt, b\u00e1nh kem, s\u1eefa l\u1eafc,.. \u00a0s\u1ebd l\u00e0 m\u1ed9t s\u1ef1 k\u1ebft h\u1ee3p v\u00f4 c\u00f9ng ho\u00e0n h\u1ea3o kh\u00f4ng th\u1ec3 ch\u1ed1i t\u1eeb.<\/p>\n<p>Whipping cream c\u1ee7a Mlekovita l\u00e0 lo\u1ea1i h\u1ed9p c\u00f3 n\u1eafp, ti\u1ec7n l\u1ee3i trong s\u1eed d\u1ee5ng v\u00e0 b\u1ea3o qu\u1ea3n<\/p>\n<h4><img fetchpriority=\"high\" decoding=\"async\" class=\"wp-image-13253 aligncenter\" src=\"https:\/\/havamall.vn\/wp-content\/uploads\/2019\/12\/heavy_cream_whipping_cream-300x200.png\" alt=\"\" width=\"636\" height=\"424\" srcset=\"https:\/\/havamall.vn\/wp-content\/uploads\/2019\/12\/heavy_cream_whipping_cream-300x200.png 300w, https:\/\/havamall.vn\/wp-content\/uploads\/2019\/12\/heavy_cream_whipping_cream-430x287.png 430w, https:\/\/havamall.vn\/wp-content\/uploads\/2019\/12\/heavy_cream_whipping_cream-150x100.png 150w, https:\/\/havamall.vn\/wp-content\/uploads\/2019\/12\/heavy_cream_whipping_cream-700x467.png 700w, https:\/\/havamall.vn\/wp-content\/uploads\/2019\/12\/heavy_cream_whipping_cream-768x512.png 768w, https:\/\/havamall.vn\/wp-content\/uploads\/2019\/12\/heavy_cream_whipping_cream-1024x683.png 1024w, https:\/\/havamall.vn\/wp-content\/uploads\/2019\/12\/heavy_cream_whipping_cream-1200x800.png 1200w, https:\/\/havamall.vn\/wp-content\/uploads\/2019\/12\/heavy_cream_whipping_cream-600x400.png 600w\" sizes=\"(max-width: 636px) 100vw, 636px\" \/><\/h4>\n<h4>C\u00e1ch d\u00f9ng:<\/h4>\n<p>&#8211; Khi d\u00f9ng kh\u00f4ng h\u1ebft, b\u1ea1n c\u1ea7n lau s\u1ea1ch mi\u1ec7ng h\u1ed9p, \u0111\u1eady k\u00edn n\u1eafp, b\u1ecdc trong t\u00fai nilon r\u1ed3i m\u1edbi cho v\u00e0o t\u1ee7.<\/p>\n<p>D\u00f9ng \u0111\u1ec3 l\u00e0m kem trang tr\u00ed m\u1eb7t b\u00e1nh (Khi \u0111\u00e1nh b\u00f4ng kem \u0111\u1ec3 ph\u1ee7 m\u1eb7t b\u00e1nh, b\u1ea1n c\u1ea7n cho th\u00eam \u0111\u01b0\u1eddng, gia gi\u1ea3m l\u01b0\u1ee3ng \u0111\u01b0\u1eddng t\u00f9y theo kh\u1ea9u v\u1ecb),<\/p>\n<p>\u2013 D\u00f9ng \u0111\u1ec3 l\u00e0m b\u00e1nh Mousse (1 lo\u1ea1i kh\u00f4ng d\u00f9ng l\u00f2 n\u01b0\u1edbng v\u00e0 l\u00e0m \u0111\u00f4ng b\u1eb1ng l\u00e1 gelatin)<\/p>\n<p>\u2013 L\u00e0m b\u00e1nh pudding, caramen, k\u1eb9o s\u00f4c\u00f4la t\u01b0\u01a1i (chocolate truffles), k\u1eb9o caramen<\/p>\n<p>\u2013 \u0110\u1eb7c bi\u1ec7t d\u00f9ng l\u00e0m nguy\u00ean li\u1ec7u cho m\u00f3n kem ng\u00e0y h\u00e8.<\/p>\n<p>\u2013 V\u00e0 nhi\u1ec1u m\u00f3n \u0103n kh\u00e1c<\/p>\n<p><img decoding=\"async\" class=\"wp-image-13248 aligncenter\" src=\"https:\/\/havamall.vn\/wp-content\/uploads\/2019\/12\/heavy-cream-la-gi-300x200.jpg\" alt=\"\" width=\"524\" height=\"349\" srcset=\"https:\/\/havamall.vn\/wp-content\/uploads\/2019\/12\/heavy-cream-la-gi-300x200.jpg 300w, https:\/\/havamall.vn\/wp-content\/uploads\/2019\/12\/heavy-cream-la-gi-430x287.jpg 430w, https:\/\/havamall.vn\/wp-content\/uploads\/2019\/12\/heavy-cream-la-gi-150x100.jpg 150w, https:\/\/havamall.vn\/wp-content\/uploads\/2019\/12\/heavy-cream-la-gi-600x400.jpg 600w, https:\/\/havamall.vn\/wp-content\/uploads\/2019\/12\/heavy-cream-la-gi.jpg 640w\" sizes=\"(max-width: 524px) 100vw, 524px\" \/><\/p>\n<p>Kh\u1ed1i l\u01b0\u1ee3ng: 1 L\u00edt<\/p>\n<p>B\u1ea3o qu\u1ea3n: b\u1ea3o qu\u1ea3n l\u1ea1nh t\u1eeb 10 &#8211; 25 \u0111\u1ed9 C<\/p>\n<p>Xu\u1ea5t x\u1ee9: Ba Lan<\/p>","protected":false},"excerpt":{"rendered":"<p><strong>Whipping Cream<\/strong>\u00a0c\u00f3\u00a0\u0111\u01b0\u1ee3c \u0111\u1ed9 b\u00e9o ( 36% ) ch\u00ednh v\u00ec v\u1eady khi d\u00f9ng \u0111\u1ec3 l\u00e0m l\u1edbp kem tr\u00ean b\u1ec1 m\u1eb7t b\u00e1nh ng\u1ecdt, b\u00e1nh kem, s\u1eefa l\u1eafc,.. \u00a0s\u1ebd l\u00e0 m\u1ed9t s\u1ef1 k\u1ebft h\u1ee3p v\u00f4 c\u00f9ng ho\u00e0n h\u1ea3o kh\u00f4ng th\u1ec3 ch\u1ed1i t\u1eeb.<\/p>","protected":false},"featured_media":15108,"comment_status":"open","ping_status":"closed","template":"","meta":[],"product_brand":[],"product_cat":[36,135,143],"product_tag":[],"class_list":{"0":"post-13245","1":"product","2":"type-product","3":"status-publish","4":"has-post-thumbnail","6":"product_cat-thuc-pham-tieu-dung","7":"product_cat-sua-do-uong","8":"product_cat-thuc-pham-dong-hop","10":"first","11":"outofstock","12":"sale","13":"shipping-taxable","14":"purchasable","15":"product-type-simple"},"_links":{"self":[{"href":"https:\/\/havamall.vn\/en\/wp-json\/wp\/v2\/product\/13245"}],"collection":[{"href":"https:\/\/havamall.vn\/en\/wp-json\/wp\/v2\/product"}],"about":[{"href":"https:\/\/havamall.vn\/en\/wp-json\/wp\/v2\/types\/product"}],"replies":[{"embeddable":true,"href":"https:\/\/havamall.vn\/en\/wp-json\/wp\/v2\/comments?post=13245"}],"version-history":[{"count":0,"href":"https:\/\/havamall.vn\/en\/wp-json\/wp\/v2\/product\/13245\/revisions"}],"wp:featuredmedia":[{"embeddable":true,"href":"https:\/\/havamall.vn\/en\/wp-json\/wp\/v2\/media\/15108"}],"wp:attachment":[{"href":"https:\/\/havamall.vn\/en\/wp-json\/wp\/v2\/media?parent=13245"}],"wp:term":[{"taxonomy":"product_brand","embeddable":true,"href":"https:\/\/havamall.vn\/en\/wp-json\/wp\/v2\/product_brand?post=13245"},{"taxonomy":"product_cat","embeddable":true,"href":"https:\/\/havamall.vn\/en\/wp-json\/wp\/v2\/product_cat?post=13245"},{"taxonomy":"product_tag","embeddable":true,"href":"https:\/\/havamall.vn\/en\/wp-json\/wp\/v2\/product_tag?post=13245"}],"curies":[{"name":"wp","href":"https:\/\/api.w.org\/{rel}","templated":true}]}}