{"id":13219,"date":"2019-12-26T16:22:16","date_gmt":"2019-12-26T09:22:16","guid":{"rendered":"https:\/\/havamall.vn\/?post_type=product&#038;p=13219"},"modified":"2021-12-23T11:33:26","modified_gmt":"2021-12-23T04:33:26","slug":"banh-cuon-gion-nhan-bo-pho-mai-nguyen-chat-han-quoc-170g-slim-crispy-roll","status":"publish","type":"product","link":"https:\/\/havamall.vn\/en\/shop\/banh-cuon-gion-nhan-bo-pho-mai-nguyen-chat-han-quoc-170g-slim-crispy-roll\/","title":{"rendered":"B\u00e1nh Cu\u1ed9n Gi\u00f2n Nh\u00e2n B\u01a1 Ph\u00f4 Mai Nguy\u00ean Ch\u1ea5t H\u00e0n Qu\u1ed1c 170g \u2013 Slim Crispy Roll"},"content":{"rendered":"<h1>B\u00e1nh Cu\u1ed9n Gi\u00f2n Nh\u00e2n B\u01a1 Ph\u00f4 Mai<\/h1>\n<p><strong>B\u00e1nh cu\u1ed9n gi\u00f2n\u00a0<\/strong>cao c\u1ea5p v\u1edbi l\u1edbp b\u00ean ngo\u00e0i l\u00e0m t\u1eeb b\u1ed9t g\u1ea1o, s\u1eefa nguy\u00ean ch\u1ea5t v\u00e0 16 lo\u1ea1i ng\u0169 c\u1ed1c mang \u0111\u1ebfn h\u01b0\u01a1ng v\u1ecb th\u01a1m ngon, h\u1ea5p d\u1eabn. Khi th\u01b0\u1edfng th\u1ee9c, l\u1edbp v\u1ecf ngo\u00e0i gi\u00f2n r\u1ee5m k\u1ebft h\u1ee3p v\u1edbi nh\u00e2n b\u01a1 ph\u00f4 mai th\u01a1m ngon \u0111em \u0111\u1ebfn tr\u1ea3i nghi\u1ec7m tuy\u1ec7t v\u1eddi v\u00e0 b\u00f9ng n\u1ed5 trong h\u01b0\u01a1ng v\u1ecb.<\/p>\n<p>S\u1ea3n ph\u1ea9m \u0111\u01b0\u1ee3c \u0111\u00f3ng g\u00f3i t\u00fai nh\u1ef1a polypropylen b\u00ean trong \u0111\u1ea3m b\u1ea3o v\u1ec7 sinh an to\u00e0n th\u1ef1c ph\u1ea9m v\u00e0 thu\u1eadn ti\u1ec7n mang \u0111i theo tr\u00ean m\u1ecdi n\u1ebbo \u0111\u01b0\u1eddng \u0111\u1ec3 chia s\u1ebb v\u1edbi ng\u01b0\u1eddi th\u00e2n, b\u1ea1n b\u00e8,&#8230;<\/p>\n<p><img fetchpriority=\"high\" decoding=\"async\" class=\" wp-image-13222 aligncenter\" src=\"https:\/\/havamall.vn\/wp-content\/uploads\/2019\/12\/20160406171442290_Q3YGUP59-273x300.png\" alt=\"\" width=\"445\" height=\"489\" srcset=\"https:\/\/havamall.vn\/wp-content\/uploads\/2019\/12\/20160406171442290_Q3YGUP59-273x300.png 273w, https:\/\/havamall.vn\/wp-content\/uploads\/2019\/12\/20160406171442290_Q3YGUP59-430x472.png 430w, https:\/\/havamall.vn\/wp-content\/uploads\/2019\/12\/20160406171442290_Q3YGUP59-150x165.png 150w, https:\/\/havamall.vn\/wp-content\/uploads\/2019\/12\/20160406171442290_Q3YGUP59-600x659.png 600w, https:\/\/havamall.vn\/wp-content\/uploads\/2019\/12\/20160406171442290_Q3YGUP59.png 628w\" sizes=\"(max-width: 445px) 100vw, 445px\" \/><\/p>\n<h2>Th\u00e0nh ph\u1ea7n v\u00e0 h\u01b0\u1edbng d\u1eabn s\u1eed d\u1ee5ng<\/h2>\n<p>T\u00ean s\u1ea3n ph\u1ea9m:\u00a0<strong>B\u00e1nh cu\u1ed9n gi\u00f2n cao c\u1ea5p nh\u00e2n b\u01a1 ph\u00f4 mai H\u00e0n Qu\u1ed1c 170 g<\/strong><\/p>\n<p><strong>Th\u00e0nh ph\u1ea7n:\u00a0<\/strong>D\u1ea7u c\u1ecd (Malaysia), b\u1ed9t g\u1ea1o l\u1ee9c 11,15%, b\u1ed9t g\u1ea1o (H\u00e0n Qu\u1ed1c) 7,43%, d\u1ea7u c\u1ecd tinh luy\u1ec7n, \u0111\u01b0\u1eddng maltodextrin, \u0111\u01b0\u1eddng, s\u1eefa b\u1ed9t nguy\u00ean ch\u1ea5t, b\u1ed9t nguy\u00ean ch\u1ea5t, b\u1ed9t ng\u00f4, b\u1ed9t whey, b\u1ed9t tr\u1ed9n ph\u00f4 mai, b\u1ed9t tr\u1ed9n b\u01a1, b\u1ed9t glucose tinh th\u1ec3, 16 lo\u1ea1i ng\u0169 c\u1ed1c 2,38% [k\u00ea, \u0111\u1ea1i m\u1ea1ch, \u0111\u1eadu xanh, \u0111\u1eadu t\u01b0\u01a1ng, l\u00faa m\u1ea1ch \u0111en, h\u1ea1t \u0111\u1eadu \u0111en xanh l\u00f2ng,\u00a0 \u0111\u1eadu \u0111\u1ecf, k\u00ea tr\u00e0, v\u1eebng, l\u00faa m\u1ef3, \u0111\u1eadu \u0111en, cao l\u01b0\u01a1ng, \u00fd d\u0129, \u0111\u1eadu t\u01b0\u01a1ng, \u0111\u1eadu ph\u1ed9ng, g\u1ea1o \u0111en], b\u1ed9t m\u00ec (H\u00e0n Qu\u1ed1c) 1,93%, b\u1ed9t h\u1ed7n h\u1ee3p kh\u00f4, ch\u1ea5t ch\u1ed1ng \u0111\u00f4ng v\u00f3n: canxi carbonat (E170(i)), b\u1ed9t \u0111\u1eadu xanh x\u00e0o 045%, ch\u1ea5t \u0111\u1ed9n cellulose vi tinh th\u1ec3 (E460(i)), b\u1ed9t ca cao, b\u1ed9t h\u1ea1t sen x\u00e0o (H\u00e0n Qu\u1ed1c) 0,15%, d\u1ea7u \u0111\u1eadu n\u00e0nh, mu\u1ed1i tinh ch\u1ebf, b\u1ed9t \u0111\u1eadu n\u00e0nh.<\/p>\n<p>\u0110\u01b0\u1ee3c l\u00e0m t\u1eeb 16 lo\u1ea1i ng\u0169 c\u1ed1c H\u00e0n Qu\u1ed1c v\u00e0 c\u00f3 kem s\u00f4 c\u00f4 la \u0111en b\u00ean trong<br \/>\nL\u00e0 s\u1ea3n ph\u1ea9m l\u00ed t\u01b0\u1edfng cho b\u1eefa s\u00e1ng l\u00e0nh m\u1ea1nh v\u00e0 b\u1eefa \u0103n nh\u1eb9 bu\u1ed5i chi\u1ec1u<br \/>\n\u0110\u00f3ng g\u00f3i ri\u00eang t\u1eebng g\u00f3i nh\u1ecf, ti\u1ec7n l\u1ee3i khi s\u1eed d\u1ee5ng v\u00e0 mang theo<br \/>\n\u0110\u01b0\u1ee3c s\u1ea3n xu\u1ea5t v\u1edbi ti\u00eau chu\u1ea9n an to\u00e0n th\u1ef1c ph\u1ea9m cao t\u1ea1i c\u00e1c nh\u00e0 m\u00e1y \u0111\u01b0\u1ee3c ch\u1ee9ng nh\u1eadn b\u1edfi HACCP<\/p>\n<p><img decoding=\"async\" class=\" wp-image-13224 aligncenter\" src=\"https:\/\/havamall.vn\/wp-content\/uploads\/2019\/12\/580__2-300x166.jpg\" alt=\"\" width=\"562\" height=\"311\" srcset=\"https:\/\/havamall.vn\/wp-content\/uploads\/2019\/12\/580__2-300x166.jpg 300w, https:\/\/havamall.vn\/wp-content\/uploads\/2019\/12\/580__2-430x237.jpg 430w, https:\/\/havamall.vn\/wp-content\/uploads\/2019\/12\/580__2-150x83.jpg 150w, https:\/\/havamall.vn\/wp-content\/uploads\/2019\/12\/580__2.jpg 580w\" sizes=\"(max-width: 562px) 100vw, 562px\" \/><\/p>\n<p><strong>Kh\u1ed1i l\u01b0\u1ee3ng t\u1ecbnh:<\/strong>\u00a0170g\/g\u00f3i<\/p>\n<p><strong>H\u1ea1n s\u1eed d\u1ee5ng:<\/strong>\u00a012 th\u00e1ng k\u1ec3 t\u1eeb ng\u00e0y s\u1ea3n xu\u1ea5t. Ng\u00e0y s\u1ea3n xu\u1ea5t, h\u1ea1n s\u1eed d\u1ee5ng in tr\u00ean bao b\u00ec s\u1ea3n ph\u1ea9m theo \u0111\u1ecbnh d\u1ea1ng n\u0103m.th\u00e1ng.ng\u00e0y.<\/p>\n<p><strong>H\u01b0\u1edbng d\u1eabn s\u1eed d\u1ee5ng v\u00e0 b\u1ea3o qu\u1ea3n<\/strong><\/p>\n<p>+S\u1eed d\u1ee5ng: s\u1eed d\u1ee5ng tr\u1ef1c ti\u1ebfp<\/p>\n<p>+B\u1ea3o qu\u1ea3n: N\u01a1i kh\u00f4 r\u00e1o, tho\u00e1ng m\u00e1t, tr\u00e1nh \u00e1nh n\u1eafng tr\u1ef1c ti\u1ebfp<\/p>\n<p>+C\u1ea3nh b\u00e1o: C\u1ea9n tr\u1ecdng khi m\u1edf n\u1ebfu kh\u00f4ng s\u1ebd b\u1ecb \u0111\u1ee9t tay do vi\u1ec1n m\u1edf s\u1eafc<\/p>\n<p><strong>Xu\u1ea5t x\u1ee9:<\/strong>\u00a0H\u00e0n Qu\u1ed1c (Korea)<\/p>\n","protected":false},"excerpt":{"rendered":"<p>B\u00e1nh cu\u1ed9n gi\u00f2n\u00a0cao c\u1ea5p v\u1edbi l\u1edbp b\u00ean ngo\u00e0i l\u00e0m t\u1eeb b\u1ed9t g\u1ea1o, s\u1eefa nguy\u00ean ch\u1ea5t v\u00e0 16 lo\u1ea1i ng\u0169 c\u1ed1c mang \u0111\u1ebfn h\u01b0\u01a1ng v\u1ecb th\u01a1m ngon, h\u1ea5p d\u1eabn. Khi th\u01b0\u1edfng th\u1ee9c, l\u1edbp v\u1ecf ngo\u00e0i gi\u00f2n r\u1ee5m k\u1ebft h\u1ee3p v\u1edbi nh\u00e2n socola nguy\u00ean ch\u1ea5t \u0111em \u0111\u1ebfn tr\u1ea3i nghi\u1ec7m tuy\u1ec7t v\u1eddi v\u00e0 b\u00f9ng n\u1ed5 trong h\u01b0\u01a1ng v\u1ecb.<\/p>","protected":false},"featured_media":13353,"comment_status":"open","ping_status":"closed","template":"","meta":[],"product_brand":[],"product_cat":[36,133],"product_tag":[],"class_list":{"0":"post-13219","1":"product","2":"type-product","3":"status-publish","4":"has-post-thumbnail","6":"product_cat-thuc-pham-tieu-dung","7":"product_cat-banh-keo-chocolate","8":"pa_brand-phuc-thinh-food","10":"first","11":"outofstock","12":"shipping-taxable","13":"product-type-simple"},"_links":{"self":[{"href":"https:\/\/havamall.vn\/en\/wp-json\/wp\/v2\/product\/13219"}],"collection":[{"href":"https:\/\/havamall.vn\/en\/wp-json\/wp\/v2\/product"}],"about":[{"href":"https:\/\/havamall.vn\/en\/wp-json\/wp\/v2\/types\/product"}],"replies":[{"embeddable":true,"href":"https:\/\/havamall.vn\/en\/wp-json\/wp\/v2\/comments?post=13219"}],"version-history":[{"count":0,"href":"https:\/\/havamall.vn\/en\/wp-json\/wp\/v2\/product\/13219\/revisions"}],"wp:featuredmedia":[{"embeddable":true,"href":"https:\/\/havamall.vn\/en\/wp-json\/wp\/v2\/media\/13353"}],"wp:attachment":[{"href":"https:\/\/havamall.vn\/en\/wp-json\/wp\/v2\/media?parent=13219"}],"wp:term":[{"taxonomy":"product_brand","embeddable":true,"href":"https:\/\/havamall.vn\/en\/wp-json\/wp\/v2\/product_brand?post=13219"},{"taxonomy":"product_cat","embeddable":true,"href":"https:\/\/havamall.vn\/en\/wp-json\/wp\/v2\/product_cat?post=13219"},{"taxonomy":"product_tag","embeddable":true,"href":"https:\/\/havamall.vn\/en\/wp-json\/wp\/v2\/product_tag?post=13219"}],"curies":[{"name":"wp","href":"https:\/\/api.w.org\/{rel}","templated":true}]}}