{"id":13208,"date":"2019-12-25T11:35:09","date_gmt":"2019-12-25T04:35:09","guid":{"rendered":"https:\/\/havamall.vn\/?post_type=product&#038;p=13208"},"modified":"2021-06-04T17:31:58","modified_gmt":"2021-06-04T10:31:58","slug":"banh-cuon-gion-nhan-socola-nguyen-chat-han-quoc-150g-real-choco-well-bar","status":"publish","type":"product","link":"https:\/\/havamall.vn\/en\/shop\/banh-cuon-gion-nhan-socola-nguyen-chat-han-quoc-150g-real-choco-well-bar\/","title":{"rendered":"B\u00e1nh Cu\u1ed9n Gi\u00f2n Nh\u00e2n Socola Nguy\u00ean Ch\u1ea5t H\u00e0n Qu\u1ed1c 170g &#8211; Real Choco Well Bar"},"content":{"rendered":"<p><b>B\u00e1nh cu\u1ed9n gi\u00f2n <\/b><span style=\"font-weight: 400\">cao c\u1ea5p v\u1edbi l\u1edbp b\u00ean ngo\u00e0i l\u00e0m t\u1eeb b\u1ed9t g\u1ea1o, s\u1eefa nguy\u00ean ch\u1ea5t v\u00e0 16 lo\u1ea1i ng\u0169 c\u1ed1c mang \u0111\u1ebfn h\u01b0\u01a1ng v\u1ecb th\u01a1m ngon, h\u1ea5p d\u1eabn. Khi th\u01b0\u1edfng th\u1ee9c, l\u1edbp v\u1ecf ngo\u00e0i gi\u00f2n r\u1ee5m k\u1ebft h\u1ee3p v\u1edbi nh\u00e2n socola nguy\u00ean ch\u1ea5t \u0111em \u0111\u1ebfn tr\u1ea3i nghi\u1ec7m tuy\u1ec7t v\u1eddi v\u00e0 b\u00f9ng n\u1ed5 trong h\u01b0\u01a1ng v\u1ecb.<\/span><\/p>\n<p><span style=\"font-weight: 400\">S\u1ea3n ph\u1ea9m \u0111\u01b0\u1ee3c \u0111\u00f3ng g\u00f3i t\u00fai nh\u1ef1a polypropylen b\u00ean trong \u0111\u1ea3m b\u1ea3o v\u1ec7 sinh an to\u00e0n th\u1ef1c ph\u1ea9m v\u00e0 thu\u1eadn ti\u1ec7n mang \u0111i theo tr\u00ean m\u1ecdi n\u1ebbo \u0111\u01b0\u1eddng \u0111\u1ec3 chia s\u1ebb v\u1edbi ng\u01b0\u1eddi th\u00e2n, b\u1ea1n b\u00e8,&#8230;\u00a0<\/span><\/p>\n<p><img fetchpriority=\"high\" decoding=\"async\" class=\" wp-image-13209 aligncenter\" src=\"https:\/\/havamall.vn\/wp-content\/uploads\/2019\/12\/img_20150601150958-300x195.jpg\" alt=\"\" width=\"534\" height=\"347\" srcset=\"https:\/\/havamall.vn\/wp-content\/uploads\/2019\/12\/img_20150601150958-300x195.jpg 300w, https:\/\/havamall.vn\/wp-content\/uploads\/2019\/12\/img_20150601150958-430x279.jpg 430w, https:\/\/havamall.vn\/wp-content\/uploads\/2019\/12\/img_20150601150958-150x97.jpg 150w, https:\/\/havamall.vn\/wp-content\/uploads\/2019\/12\/img_20150601150958-600x390.jpg 600w, https:\/\/havamall.vn\/wp-content\/uploads\/2019\/12\/img_20150601150958.jpg 671w\" sizes=\"(max-width: 534px) 100vw, 534px\" \/><\/p>\n<h4><strong>Th\u00e0nh ph\u1ea7n v\u00e0 h\u01b0\u1edbng d\u1eabn s\u1eed d\u1ee5ng\u00a0<\/strong><\/h4>\n<p><span style=\"font-weight: 400\">T\u00ean s\u1ea3n ph\u1ea9m: <\/span><b>B\u00e1nh cu\u1ed9n gi\u00f2n cao c\u1ea5p nh\u00e2n socola nguy\u00ean ch\u1ea5t H\u00e0n Qu\u1ed1c 170 g<\/b><\/p>\n<p><b>Th\u00e0nh ph\u1ea7n: <\/b><span style=\"font-weight: 400\">D\u1ea7u c\u1ecd (Malaysia), b\u1ed9t g\u1ea1o (H\u00e0n Qu\u1ed1c) 20%, b\u1ed9t \u0111\u00e3 ch\u1ebf bi\u1ebfn 1 [Si-r\u00f4 tinh b\u1ed9t, b\u1ed9t whey (Chile, Ph\u1ea7n Lan, Hoa K\u1ef3), d\u1ea7u th\u1ef1c v\u1eadt (Indonesia, Malaysia, Philippines), \u0111\u01b0\u1eddng Lactose (M\u1ef9), ch\u1ea5t b\u00e9o \u0111\u00e3 ch\u1ebf bi\u1ebfn \u0103n \u0111\u01b0\u1ee3c (ch\u1ea5t b\u00e9o s\u1eefa, ch\u1ea5t b\u00e9o th\u1ef1c v\u1eadt), Natri Casein, ch\u1ea5t \u0111i\u1ec1u ch\u1ec9nh \u0111\u1ed9 acid: Potassium phosphate (E340), ch\u1ea5t nh\u0169 h\u00f3a: lecithin (E322) t\u1eeb \u0111\u1eadu n\u00e0nh, vitamin B2],\u0111\u01b0\u1eddng tr\u1eafng, b\u1ed9t tr\u1ed9n b\u01a1 65 [{b\u01a1 ch\u1ebf bi\u1ebfn (b\u01a1 b\u00e9o, d\u1ea7u d\u1eeba, s\u1eefa \u0111\u00f4ng) 65%}, \u0111\u01b0\u1eddng s\u1eefa, natri casein, ch\u1ea5t nh\u0169 h\u00f3a: lecithin (E322), mu\u1ed1i tinh luy\u1ec7n], b\u1ed9t ng\u00f4, s\u00f4 c\u00f4 la \u0111en 52 [ca cao d\u1ea1ng kh\u1ed1i\/Singapore, \u0111\u01b0\u1eddng, b\u01a1 ca cao, ch\u1ea5t b\u00e9o khan, ch\u1ea5t nh\u0169 h\u00f3a: lecithin (E322), vanillin] 6,5%, ch\u1ea5t \u0111\u1ed9n: cellulose vi tinh th\u1ec3 (E460(i)), b\u1ed9t ca cao (Singapore) 2,8%, 16 lo\u1ea1i ng\u0169 c\u1ed1c 1,1% (k\u00ea, \u0111\u1ea1i m\u1ea1ch, t\u00eda t\u00f4 xanh, \u0111\u1eadu t\u01b0\u01a1ng, l\u00faa m\u1ea1ch \u0111en, \u0111\u1eadu n\u00e0nh \u0111en, l\u00faa m\u1ef3, \u0111\u1eadu \u0111\u1ecf, k\u00ea tr\u00e0, v\u1eebng, \u0111\u1eadu \u0111en, cao l\u01b0\u01a1ng, \u00fd d\u0129, \u0111\u1eadu n\u00e0nh, \u0111\u1eadu ph\u1ed9ng, g\u1ea1o \u0111en), ch\u1ea5t \u0111\u1ed9n: cellulose vi tinh th\u1ec3 (E460(i)), ch\u1ea5t ch\u1ed1ng \u0111\u00f4ng v\u00f3n: canxi carbonat (E170(i)), mu\u1ed1i tinh luy\u1ec7n.<\/span><\/p>\n<p>\u0110\u01b0\u1ee3c l\u00e0m t\u1eeb 16 lo\u1ea1i ng\u0169 c\u1ed1c H\u00e0n Qu\u1ed1c v\u00e0 c\u00f3 kem s\u00f4 c\u00f4 la \u0111en b\u00ean trong<br \/>\nL\u00e0 s\u1ea3n ph\u1ea9m l\u00ed t\u01b0\u1edfng cho b\u1eefa s\u00e1ng l\u00e0nh m\u1ea1nh v\u00e0 b\u1eefa \u0103n nh\u1eb9 bu\u1ed5i chi\u1ec1u<br \/>\n\u0110\u00f3ng g\u00f3i ri\u00eang t\u1eebng g\u00f3i nh\u1ecf, ti\u1ec7n l\u1ee3i khi s\u1eed d\u1ee5ng v\u00e0 mang theo<br \/>\n\u0110\u01b0\u1ee3c s\u1ea3n xu\u1ea5t v\u1edbi ti\u00eau chu\u1ea9n an to\u00e0n th\u1ef1c ph\u1ea9m cao t\u1ea1i c\u00e1c nh\u00e0 m\u00e1y \u0111\u01b0\u1ee3c ch\u1ee9ng nh\u1eadn b\u1edfi HACCP<\/p>\n<p><b>Kh\u1ed1i l\u01b0\u1ee3ng t\u1ecbnh:<\/b><span style=\"font-weight: 400\"> 170g\/ g\u00f3i\u00a0<\/span><\/p>\n<p><b>H\u1ea1n s\u1eed d\u1ee5ng:<\/b><span style=\"font-weight: 400\"> 12 th\u00e1ng k\u1ec3 t\u1eeb ng\u00e0y s\u1ea3n xu\u1ea5t. Ng\u00e0y s\u1ea3n xu\u1ea5t, h\u1ea1n s\u1eed d\u1ee5ng in tr\u00ean bao b\u00ec s\u1ea3n ph\u1ea9m theo \u0111\u1ecbnh d\u1ea1ng n\u0103m.th\u00e1ng.ng\u00e0y.<\/span><\/p>\n<p><img decoding=\"async\" class=\" wp-image-13215 aligncenter\" src=\"https:\/\/havamall.vn\/wp-content\/uploads\/2019\/12\/515AoSx8diL-300x119.png\" alt=\"\" width=\"452\" height=\"179\" srcset=\"https:\/\/havamall.vn\/wp-content\/uploads\/2019\/12\/515AoSx8diL-300x119.png 300w, https:\/\/havamall.vn\/wp-content\/uploads\/2019\/12\/515AoSx8diL-430x171.png 430w, https:\/\/havamall.vn\/wp-content\/uploads\/2019\/12\/515AoSx8diL-150x59.png 150w, https:\/\/havamall.vn\/wp-content\/uploads\/2019\/12\/515AoSx8diL-700x278.png 700w, https:\/\/havamall.vn\/wp-content\/uploads\/2019\/12\/515AoSx8diL-768x305.png 768w, https:\/\/havamall.vn\/wp-content\/uploads\/2019\/12\/515AoSx8diL-600x238.png 600w, https:\/\/havamall.vn\/wp-content\/uploads\/2019\/12\/515AoSx8diL.png 1001w\" sizes=\"(max-width: 452px) 100vw, 452px\" \/><\/p>\n<p>&nbsp;<\/p>\n<p><b>H\u01b0\u1edbng d\u1eabn s\u1eed d\u1ee5ng v\u00e0 b\u1ea3o qu\u1ea3n<\/b><\/p>\n<p><span style=\"font-weight: 400\">+S\u1eed d\u1ee5ng: s\u1eed d\u1ee5ng tr\u1ef1c ti\u1ebfp<\/span><\/p>\n<p><span style=\"font-weight: 400\">+B\u1ea3o qu\u1ea3n: N\u01a1i kh\u00f4 r\u00e1o, tho\u00e1ng m\u00e1t, tr\u00e1nh \u00e1nh n\u1eafng tr\u1ef1c ti\u1ebfp<\/span><\/p>\n<p><span style=\"font-weight: 400\">+C\u1ea3nh b\u00e1o: C\u1ea9n tr\u1ecdng khi m\u1edf n\u1ebfu kh\u00f4ng s\u1ebd b\u1ecb \u0111\u1ee9t tay do vi\u1ec1n m\u1edf s\u1eafc<\/span><\/p>\n<p><b>Xu\u1ea5t x\u1ee9:<\/b><span style=\"font-weight: 400\"> H\u00e0n Qu\u1ed1c (Korea)<\/span><\/p>\n","protected":false},"excerpt":{"rendered":"<p>B\u00e1nh cu\u1ed9n gi\u00f2n <span style=\"font-weight: 400\">cao c\u1ea5p v\u1edbi l\u1edbp b\u00ean ngo\u00e0i l\u00e0m t\u1eeb b\u1ed9t g\u1ea1o, s\u1eefa nguy\u00ean ch\u1ea5t v\u00e0 16 lo\u1ea1i ng\u0169 c\u1ed1c mang \u0111\u1ebfn h\u01b0\u01a1ng v\u1ecb th\u01a1m ngon, h\u1ea5p d\u1eabn. Khi th\u01b0\u1edfng th\u1ee9c, l\u1edbp v\u1ecf ngo\u00e0i gi\u00f2n r\u1ee5m k\u1ebft h\u1ee3p v\u1edbi nh\u00e2n socola nguy\u00ean ch\u1ea5t \u0111em \u0111\u1ebfn tr\u1ea3i nghi\u1ec7m tuy\u1ec7t v\u1eddi v\u00e0 b\u00f9ng n\u1ed5 trong h\u01b0\u01a1ng v\u1ecb.<\/span><\/p>","protected":false},"featured_media":13354,"comment_status":"open","ping_status":"closed","template":"","meta":[],"product_brand":[],"product_cat":[36,133],"product_tag":[],"class_list":{"0":"post-13208","1":"product","2":"type-product","3":"status-publish","4":"has-post-thumbnail","6":"product_cat-thuc-pham-tieu-dung","7":"product_cat-banh-keo-chocolate","8":"pa_brand-phuc-thinh-food","10":"first","11":"outofstock","12":"shipping-taxable","13":"product-type-simple"},"_links":{"self":[{"href":"https:\/\/havamall.vn\/en\/wp-json\/wp\/v2\/product\/13208"}],"collection":[{"href":"https:\/\/havamall.vn\/en\/wp-json\/wp\/v2\/product"}],"about":[{"href":"https:\/\/havamall.vn\/en\/wp-json\/wp\/v2\/types\/product"}],"replies":[{"embeddable":true,"href":"https:\/\/havamall.vn\/en\/wp-json\/wp\/v2\/comments?post=13208"}],"version-history":[{"count":0,"href":"https:\/\/havamall.vn\/en\/wp-json\/wp\/v2\/product\/13208\/revisions"}],"wp:featuredmedia":[{"embeddable":true,"href":"https:\/\/havamall.vn\/en\/wp-json\/wp\/v2\/media\/13354"}],"wp:attachment":[{"href":"https:\/\/havamall.vn\/en\/wp-json\/wp\/v2\/media?parent=13208"}],"wp:term":[{"taxonomy":"product_brand","embeddable":true,"href":"https:\/\/havamall.vn\/en\/wp-json\/wp\/v2\/product_brand?post=13208"},{"taxonomy":"product_cat","embeddable":true,"href":"https:\/\/havamall.vn\/en\/wp-json\/wp\/v2\/product_cat?post=13208"},{"taxonomy":"product_tag","embeddable":true,"href":"https:\/\/havamall.vn\/en\/wp-json\/wp\/v2\/product_tag?post=13208"}],"curies":[{"name":"wp","href":"https:\/\/api.w.org\/{rel}","templated":true}]}}