{"id":13190,"date":"2019-12-19T16:34:48","date_gmt":"2019-12-19T09:34:48","guid":{"rendered":"https:\/\/havamall.vn\/?post_type=product&#038;p=13190"},"modified":"2023-10-24T16:37:54","modified_gmt":"2023-10-24T09:37:54","slug":"keo-icee-vi-chanh-day-hu-23g-icee-candy-passion-fruit-flavor","status":"publish","type":"product","link":"https:\/\/havamall.vn\/en\/shop\/keo-icee-vi-chanh-day-hu-23g-icee-candy-passion-fruit-flavor\/","title":{"rendered":"K\u1eb9o Icee v\u1ecb Chanh D\u00e2y h\u1ee7 23g &#8211; Icee Candy Passion Fruit Flavor"},"content":{"rendered":"<p><strong>K\u1eb9o The Icee Mint (v\u1ecb Chanh D\u00e2y)<\/strong>\u00a0v\u1edbi c\u00e1c th\u00e0nh ph\u1ea7n g\u1ed3m ch\u1ea5t t\u1ea1o ng\u1ecdt 97,999%, h\u01b0\u01a1ng chanh d\u00e2y, tinh d\u1ea7u b\u1ea1c h\u00e0 0,8 %,\u2026 \u0111\u00e3 t\u1ea1o n\u00ean vi\u00ean k\u1eb9o th\u01a1m ngon, ng\u1ecdt thanh v\u00e0 the nh\u1eb9.<\/p>\n<p><img fetchpriority=\"high\" decoding=\"async\" class=\"wp-image-13192 aligncenter\" src=\"https:\/\/havamall.vn\/wp-content\/uploads\/2019\/12\/90-297x300.png\" alt=\"\" width=\"443\" height=\"448\" srcset=\"https:\/\/havamall.vn\/wp-content\/uploads\/2019\/12\/90-297x300.png 297w, https:\/\/havamall.vn\/wp-content\/uploads\/2019\/12\/90-430x434.png 430w, https:\/\/havamall.vn\/wp-content\/uploads\/2019\/12\/90-150x151.png 150w, https:\/\/havamall.vn\/wp-content\/uploads\/2019\/12\/90-700x707.png 700w, https:\/\/havamall.vn\/wp-content\/uploads\/2019\/12\/90-768x776.png 768w, https:\/\/havamall.vn\/wp-content\/uploads\/2019\/12\/90-1014x1024.png 1014w, https:\/\/havamall.vn\/wp-content\/uploads\/2019\/12\/90-600x606.png 600w, https:\/\/havamall.vn\/wp-content\/uploads\/2019\/12\/90-100x100.png 100w, https:\/\/havamall.vn\/wp-content\/uploads\/2019\/12\/90.png 1103w\" sizes=\"(max-width: 443px) 100vw, 443px\" \/><\/p>\n<p>&nbsp;<\/p>\n<p>L\u00e0m th\u01a1m mi\u1ec7ng v\u00e0 h\u01a1i th\u1edf c\u00f3 th\u1ec3 s\u1eed d\u1ee5ng sau khi \u0103n u\u1ed1ng, h\u00fat thu\u1ed1c,\u2026 \u0111\u1ec3 kh\u1eed m\u00f9i h\u00f4i. V\u1ecb the m\u00e1t gi\u00fap th\u00f4ng c\u1ed5 v\u00e0 t\u1ea1o c\u1ea3m gi\u00e1c s\u1ea3ng kho\u00e1i, t\u1ef1 tin, t\u1ec9nh t\u00e1o ngay t\u1ee9c th\u1eddi. K\u1eb9o 2 l\u1edbp m\u00e0u si\u00eau xinh k\u1ebft h\u1ee3p cho c\u1ea3m gi\u00e1c t\u01b0\u01a1i m\u1edbi kh\u00f4ng bao gi\u1edd qu\u00ean \u0111\u01b0\u1ee3c, \u0111\u00e2y l\u00e0 h\u01b0\u01a1ng v\u1ecb y\u00eau th\u00edch nh\u1ea5t hi\u1ec7n nay.<\/p>\n<p>S\u1ea3n ph\u1ea9m nh\u1eadp kh\u1ea9u t\u1eeb n\u01b0\u1edbc ngo\u00e0i, \u0111\u01b0\u1ee3c s\u1ea3n xu\u1ea5t theo c\u00f4ng ngh\u1ec7 ti\u00ean ti\u1ebfn v\u1edbi c\u00f4ng th\u1ee9c \u0111\u1ed9c quy\u1ec1n v\u00e0 \u0111\u00e1ng tinh c\u1eady t\u1eeb nh\u00e0 s\u1ea3n xu\u1ea5t. Thi\u1ebft k\u1ebf d\u1ea1ng l\u1ecd nh\u1ecf ti\u1ec7n d\u1ee5ng khi mang theo b\u00ean ng\u01b0\u1eddi.<\/p>\n<p>Hi\u1ec7n t\u1ea1i Havamall c\u00f3 5 m\u00f9i v\u1ecb kh\u00e1c nhau kh\u00e1ch h\u00e0ng c\u00f3 th\u1ec3 d\u1ec5 d\u00e0ng ch\u1ecdn l\u1ef1a:<\/p>\n<p><strong>-K\u1eb9o The Icee Passion Fruit (v\u1ecb Chanh D\u00e2y)<\/strong><\/p>\n<p><strong>-K\u1eb9o The Icee Blueberyy (v\u1ecb Vi\u1ec7t Qu\u1ea5t)<\/strong><\/p>\n<p><strong>-K\u1eb9o The Icee Mint (v\u1ecb B\u1ea1c H\u00e0)<\/strong><\/p>\n<p><strong>-K\u1eb9o The Icee Apple (v\u1ecb T\u00e1o)<\/strong><\/p>\n<p><strong>-K\u1eb9o The Icee Watermelon (v\u1ecb D\u01b0a H\u1ea5u)<\/strong><\/p>\n<p><strong>H\u01b0\u1edbng d\u1eabn s\u1eed d\u1ee5ng:<\/strong>\u00a0\u0102n tr\u1ef1c ti\u1ebfp, \u0111\u00f3ng k\u00edn h\u1ed9p sau khi s\u1eed d\u1ee5ng.<\/p>","protected":false},"excerpt":{"rendered":"<p><span style=\"font-weight: 400\">K\u1eb9o ng\u1eadm Icee d\u1ea1ng vi\u00ean c\u1ee9ng, v\u1ecb tr\u00e1i c\u00e2y t\u01b0\u01a1i m\u00e1t k\u1ebft h\u1ee3p v\u1edbi Menthol b\u1ea1c h\u00e0 the the, th\u01a1m mi\u1ec7ng, th\u00f4ng c\u1ed5 v\u00e0 m\u00e1t l\u1ea1nh.<\/span><\/p>","protected":false},"featured_media":13194,"comment_status":"open","ping_status":"closed","template":"","meta":[],"product_brand":[],"product_cat":[36,133,143],"product_tag":[],"class_list":{"0":"post-13190","1":"product","2":"type-product","3":"status-publish","4":"has-post-thumbnail","6":"product_cat-thuc-pham-tieu-dung","7":"product_cat-banh-keo-chocolate","8":"product_cat-thuc-pham-dong-hop","9":"pa_brand-icee","11":"first","12":"instock","13":"sale","14":"shipping-taxable","15":"purchasable","16":"product-type-simple"},"_links":{"self":[{"href":"https:\/\/havamall.vn\/en\/wp-json\/wp\/v2\/product\/13190"}],"collection":[{"href":"https:\/\/havamall.vn\/en\/wp-json\/wp\/v2\/product"}],"about":[{"href":"https:\/\/havamall.vn\/en\/wp-json\/wp\/v2\/types\/product"}],"replies":[{"embeddable":true,"href":"https:\/\/havamall.vn\/en\/wp-json\/wp\/v2\/comments?post=13190"}],"version-history":[{"count":0,"href":"https:\/\/havamall.vn\/en\/wp-json\/wp\/v2\/product\/13190\/revisions"}],"wp:featuredmedia":[{"embeddable":true,"href":"https:\/\/havamall.vn\/en\/wp-json\/wp\/v2\/media\/13194"}],"wp:attachment":[{"href":"https:\/\/havamall.vn\/en\/wp-json\/wp\/v2\/media?parent=13190"}],"wp:term":[{"taxonomy":"product_brand","embeddable":true,"href":"https:\/\/havamall.vn\/en\/wp-json\/wp\/v2\/product_brand?post=13190"},{"taxonomy":"product_cat","embeddable":true,"href":"https:\/\/havamall.vn\/en\/wp-json\/wp\/v2\/product_cat?post=13190"},{"taxonomy":"product_tag","embeddable":true,"href":"https:\/\/havamall.vn\/en\/wp-json\/wp\/v2\/product_tag?post=13190"}],"curies":[{"name":"wp","href":"https:\/\/api.w.org\/{rel}","templated":true}]}}