{"id":13178,"date":"2019-12-16T15:26:04","date_gmt":"2019-12-16T08:26:04","guid":{"rendered":"https:\/\/havamall.vn\/?post_type=product&#038;p=13178"},"modified":"2021-12-09T09:50:00","modified_gmt":"2021-12-09T02:50:00","slug":"set-qua-tet-an-khang-hop-6-san-pham","status":"publish","type":"product","link":"https:\/\/havamall.vn\/en\/shop\/set-qua-tet-an-khang-hop-6-san-pham\/","title":{"rendered":"Set Qu\u00e0 T\u1ebft &#8220;An Khang&#8221; &#8211; H\u1ed9p 6 S\u1ea3n Ph\u1ea9m"},"content":{"rendered":"<p><strong>Set AN KHANG<\/strong>: H\u1ed9p qu\u00e0 t\u1eb7ng c\u1ee9ng c\u00e1p, ch\u1eafc ch\u1eafn v\u00e0 \u0111\u01b0\u1ee3c \u00e9p nh\u0169 sang tr\u1ecdng, trang nh\u00e3 v\u00e0 tinh t\u1ebf. B\u00ean tr\u00ean n\u1eafp h\u1ed9p \u0111\u01b0\u1ee3c v\u1ebd nh\u1eefng h\u1ecda ti\u1ebft m\u00f9a xu\u00e2n t\u01b0\u01a1i m\u1edbi v\u00e0 \u0111\u1eb9p m\u1eaft<\/p>\n<h4><strong>\u00a0Nh\u1eefng \u0111i\u1ec3m \u0111\u1ed9c \u0111\u00e1o c\u1ee7a s\u1ea3n ph\u1ea9m qu\u00e0 T\u1ebft shop HAVAMALL:<\/strong><\/h4>\n<p>&#8211; To\u00e0n b\u1ed9 h\u00e0ng h\u00f3a \u0111\u1ec1u l\u00e0 h\u00e0ng nh\u1eadp kh\u1ea9u nguy\u00ean \u0111ai nguy\u00ean ki\u1ec7n khi\u1ebfn ng\u01b0\u1eddi nh\u1eadn c\u1ea3m th\u1ea5y v\u00f4 c\u00f9ng \u1ea5n t\u01b0\u1ee3ng. H\u1ed9p qu\u00e0 c\u00f3 m\u00e0u s\u1eafc, ki\u1ec3u d\u00e1ng r\u1ea5t nh\u00e3 nh\u1eb7n, \u0111a d\u1ea1ng v\u00e0 \u0111\u1ed9c \u0111\u00e1o.<br \/>\n&#8211; N\u00f3i kh\u00f4ng v\u1edbi h\u00e0ng gi\u1ea3, h\u00e0ng k\u00e9m ch\u1ea5t l\u01b0\u1ee3ng. T\u1ea5t c\u1ea3 \u0111\u1ec1u \u0111\u01b0\u1ee3c ki\u1ec3m \u0111\u1ecbnh ch\u1eb7t ch\u1ebd, 100% s\u1ea3n ph\u1ea9m ch\u00ednh han<\/p>\n<p>&#8211; V\u00f4 c\u00f9ng ti\u1ec7n l\u1ee3i khi b\u1ea1n c\u00f3 th\u1ec3 ho\u00e0n to\u00e0n y\u00ean t\u00e2m d\u00f9 \u0111\u00f3ng g\u00f3i s\u1eb5n nh\u01b0ng c\u00e1c s\u1ea3n ph\u1ea9m trong gi\u1ecf qu\u00e0 v\u1eabn \u0111\u1ea1t ch\u1ea5t l\u01b0\u1ee3ng cao, \u0111\u1ea3m b\u1ea3o t\u00ednh \u0111\u1eb3ng c\u1ea5p, sang tr\u1ecdng.<\/p>\n<h4><strong>Nh\u1eefng s\u1ea3n ph\u1ea9m b\u00ean trong h\u1ed9p:<\/strong><\/h4>\n<h3 class=\"product_title entry-title\"><strong>\u25aa\ufe0f\u00a0K\u1eb9o Socola nh\u00e2n r\u01b0\u1ee3u 250g<\/strong><\/h3>\n<p>C\u00f3 l\u1ebd v\u1edbi c\u00e1c \u0111\u1ea5ng m\u00e0y r\u00e2u th\u00ec kh\u00f4ng c\u00f2n xa l\u1ea1 g\u00ec v\u1edbi c\u00e1c t\u00ean g\u1ecdi nh\u01b0 Remy Martin, Johnny Walker, VOSP\u2026 \u0110\u00e2y l\u00e0 nh\u1eefng th\u01b0\u01a1ng hi\u1ec7u qu\u00e1 quen thu\u1ed9c n\u00f3i l\u00ean d\u00f2ng s\u1ea3n ph\u1ea9m r\u01b0\u1ee3u cao c\u1ea5p \u0111\u00e3 v\u00e0 \u0111ang r\u1ea5t nhi\u1ec1u ng\u01b0\u1eddi tr\u00ean th\u1ebf gi\u1edbi \u01b0a chu\u1ed9ng.<\/p>\n<p>K\u1eb9o socola R\u01b0\u1ee3u Nga v\u1edbi ti\u00eau ch\u00ed mang l\u1ea1i s\u1ef1 \u0111\u1ed9c \u0111\u00e1o trong nh\u1eefng ng\u00e0y l\u1ec5 t\u1ebft, \u0111\u1ed3ng th\u1eddi g\u00e2y s\u1ef1 b\u1ea5t ng\u1edd th\u00edch th\u00fa v\u1edbi nh\u1eefng m\u00f3n qu\u00e0 t\u1eb7ng cho ng\u01b0\u1eddi th\u00e2n, gia \u0111\u00ecnh b\u00e8 b\u1ea1n v\u00e0 c\u00e1c \u0111\u1ed1i t\u00e1c&#8230;hay \u0111\u01a1n gi\u1ea3n ch\u1ec9 \u0111\u1ec3 t\u1ef1 m\u00ecnh kh\u00e1m ph\u00e1, th\u01b0\u1edfng th\u1ee9c nh\u1eefng h\u01b0\u01a1ng v\u1ecb tuy\u1ec7t v\u1eddi t\u1eeb Chocolate nguy\u00ean ch\u1ea5t h\u00f2a quy\u1ec7n v\u1edbi h\u01b0\u01a1ng v\u1ecb th\u01a1m l\u1eebng, t\u00ea t\u00ea ngay \u0111\u1ea7u l\u01b0\u1ee1i c\u1ee7a nh\u1eefng th\u01b0\u01a1ng hi\u1ec7u r\u01b0\u1ee3u n\u1ed5i ti\u1ebfng tr\u00ean kh\u1eafp th\u1ebf gi\u1edbi c\u00f3 m\u1eb7t trong m\u1ed9t s\u1ea3n ph\u1ea9m.<\/p>\n<p><img fetchpriority=\"high\" decoding=\"async\" class=\"wp-image-24173 aligncenter\" src=\"https:\/\/havamall.vn\/wp-content\/uploads\/2021\/12\/e3f93d74d-273x300.png\" alt=\"\" width=\"601\" height=\"660\" srcset=\"https:\/\/havamall.vn\/wp-content\/uploads\/2021\/12\/e3f93d74d-273x300.png 273w, https:\/\/havamall.vn\/wp-content\/uploads\/2021\/12\/e3f93d74d-430x472.png 430w, https:\/\/havamall.vn\/wp-content\/uploads\/2021\/12\/e3f93d74d-150x165.png 150w, https:\/\/havamall.vn\/wp-content\/uploads\/2021\/12\/e3f93d74d-700x769.png 700w, https:\/\/havamall.vn\/wp-content\/uploads\/2021\/12\/e3f93d74d-768x843.png 768w, https:\/\/havamall.vn\/wp-content\/uploads\/2021\/12\/e3f93d74d-600x659.png 600w, https:\/\/havamall.vn\/wp-content\/uploads\/2021\/12\/e3f93d74d.png 795w\" sizes=\"(max-width: 601px) 100vw, 601px\" \/><\/p>\n<h3 class=\"product_title entry-title\"><strong>\u25aa\ufe0f\u00a0R\u01b0\u1ee3u Soju<\/strong><\/h3>\n<p>N\u01b0\u1edbc tr\u00e1i c\u00e2y l\u00ean men Soju \u2013 The Chateul Soorok th\u1ef1c t\u1ebf l\u00e0 lo\u1ea1i r\u01b0\u1ee3u truy\u1ec1n th\u1ed1ng l\u00e2u\u00a0\u0111\u1eddi h\u00e0n qu\u1ed1c\u00a0\u0111\u01b0\u1ee3c coi l\u00e0 qu\u1ed1c t\u1eedu. Soju l\u00e0 r\u01b0\u1ee3u c\u00f3 m\u00e0u tr\u1eafng n\u00f3\u00a0\u0111\u01b0\u1ee3c coi l\u00e0 vodka h\u00e0n qu\u1ed1c nh\u01b0ng v\u00ec n\u1ed3ng\u00a0\u0111\u1ed9 n\u00f3 th\u1ea5p h\u01a1n th\u01b0\u1eddng ch\u1ec9 12-14% h\u01a1n n\u1eefa u\u1ed1ng\u00a0\u00eam d\u1ecbu h\u01a1n v\u00ec th\u01b0\u1eddng c\u00f3 v\u1ecb ng\u1ecdt thanh nh\u1eb9. Ch\u00ednh v\u00ec l\u1ebd\u00a0\u0111\u00f3 m\u00e0 nhi\u1ec1u ng\u01b0\u1eddi\u00a0\u0111\u00e1nh gi\u00e1 u\u1ed1ng Soju r\u1ea5t ngon.<\/p>\n<p><img decoding=\"async\" class=\"wp-image-24324 aligncenter\" src=\"https:\/\/havamall.vn\/wp-content\/uploads\/2019\/12\/34da8fbd202b68001a-300x300.png\" alt=\"\" width=\"606\" height=\"606\" srcset=\"https:\/\/havamall.vn\/wp-content\/uploads\/2019\/12\/34da8fbd202b68001a-300x300.png 300w, https:\/\/havamall.vn\/wp-content\/uploads\/2019\/12\/34da8fbd202b68001a-430x430.png 430w, https:\/\/havamall.vn\/wp-content\/uploads\/2019\/12\/34da8fbd202b68001a-150x150.png 150w, https:\/\/havamall.vn\/wp-content\/uploads\/2019\/12\/34da8fbd202b68001a-700x700.png 700w, https:\/\/havamall.vn\/wp-content\/uploads\/2019\/12\/34da8fbd202b68001a-768x768.png 768w, https:\/\/havamall.vn\/wp-content\/uploads\/2019\/12\/34da8fbd202b68001a-600x600.png 600w, https:\/\/havamall.vn\/wp-content\/uploads\/2019\/12\/34da8fbd202b68001a-100x100.png 100w, https:\/\/havamall.vn\/wp-content\/uploads\/2019\/12\/34da8fbd202b68001a.png 1024w\" sizes=\"(max-width: 606px) 100vw, 606px\" \/><\/p>\n<p>Soju \u0111\u01b0\u1ee3c ch\u01b0ng c\u1ea5t l\u1ea7n \u0111\u1ea7u ti\u00ean v\u00e0o kho\u1ea3ng n\u0103m 1300 sau C\u00f4ng Nguy\u00ean, v\u00e0o th\u1eddi k\u1ef3 M\u00f4ng C\u1ed5 chi\u1ebfm \u0111\u00f3ng H\u00e0n Qu\u1ed1c. Ng\u01b0\u1eddi M\u00f4ng C\u1ed5 \u0111\u00e3 chi\u1ebfm \u0111\u01b0\u1ee3c k\u1ef9 thu\u1eadt ch\u01b0ng c\u1ea5t lo\u1ea1i r\u01b0\u1ee3u arak c\u1ee7a ng\u01b0\u1eddi Ba T\u01b0 trong qu\u00e1 tr\u00ecnh x\u00e2m l\u01b0\u1ee3c Trung \u00c1 v\u00e0 Trung \u0110\u00f4ng v\u00e0o kho\u1ea3ng n\u0103m 1256 sau C\u00f4ng Nguy\u00ean. Sau \u0111\u00f3 n\u00f3 \u0111\u01b0\u1ee3c \u0111\u01b0a v\u00e0o H\u00e0n Qu\u1ed1c v\u00e0 nh\u1eefng x\u01b0\u1edfng ch\u01b0ng c\u1ea5t r\u01b0\u1ee3u \u0111\u01b0\u1ee3c x\u00e2y d\u1ef1ng quanh th\u00e0nh ph\u1ed1 Kaesong. Hi\u1ec7n nay, quanh v\u00f9ng Kaesong, soju \u0111\u01b0\u1ee3c g\u1ecdi l\u00e0 ajak-ju.<\/p>\n<h3 class=\"product_title entry-title\"><strong>\u25aa\ufe0f\u00a0K\u1eb9o Socola nh\u00e2n h\u1ea1t h\u01b0\u1edbng d\u01b0\u01a1ng 250g<\/strong><\/h3>\n<p>Nguy\u00ean li\u1ec7u c\u1ee7a s\u1ea3n ph\u1ea9m \u0111\u01b0\u1ee3c nh\u1eadp kh\u1ea9u\u00a0ho\u00e0n to\u00e0n t\u1eeb H\u00e0n Qu\u1ed1c, qua ch\u1ecdn l\u1ecdc k\u0129 c\u00e0ng.\u00a0S\u1ea3n ph\u1ea9m \u0111\u01b0\u1ee3c s\u1ea3n xu\u1ea5t tr\u00ean d\u00e2y truy\u1ec1n c\u00f4ng ngh\u1ec7 hi\u1ec7n \u0111\u1ea1i\u00a0v\u00e0\u00a0\u0111\u00f3ng g\u00f3i theo quy tr\u00ecnh nghi\u00eam ng\u1eb7t\u00a0t\u1ea1i Vi\u1ec7t Nam, \u0111\u1ea3m b\u1ea3o\u00a0ch\u1ea5t l\u01b0\u1ee3ng, an to\u00e0n v\u1ec7 sinh th\u1ef1c ph\u1ea9m kh\u00f4ng ch\u1ee9a ch\u1ea5t \u0111\u1ed9c h\u1ea1i cho s\u1ee9c kh\u1ecfe c\u1ee7a ng\u01b0\u1eddi ti\u00eau d\u00f9ng.<\/p>\n<p><img decoding=\"async\" class=\"aligncenter\" src=\"https:\/\/havamall.vn\/wp-content\/uploads\/2018\/05\/Fado.VN_1486614591.6043.jpg\" alt=\"\u0110\u1eb7t mua k\u1eb9o Chocolate M&amp;M ch\u00ednh h\u00e3ng t\u1eeb M\u1ef9\" width=\"601\" height=\"339\" \/><\/p>\n<h3 class=\"product_title entry-title\"><strong>\u25aa\ufe0f\u00a0Tr\u00e0 Tess tr\u00e1i c\u00e2y 36g<\/strong><\/h3>\n<p>Tr\u00e0 th\u1ea3o m\u1ed9c Tess c\u1ee7a Nga h\u01b0\u01a1ng v\u1ecb nam vi\u1ec7t qu\u1ea5t l\u00e0 m\u1ed9t trong nh\u1eefng s\u1ea3n ph\u1ea9m c\u1ee7a h\u00e3ng.\u00a0 V\u00e0o n\u0103m 2015, th\u01b0\u01a1ng hi\u1ec7u \u0111\u00e3 \u0111\u1ed5i m\u1edbi bao b\u00ec s\u1ea3n ph\u1ea9m. H\u1ed9p tr\u00e0 m\u1edbi c\u1ee7a TESS hi\u1ec7n \u0111\u1ea1i v\u00e0 phong c\u00e1ch h\u01a1n, ph\u00f9 h\u1ee3p v\u1edbi danh m\u1ee5c. Ph\u1ea3n \u00e1nh t\u1ed1t h\u01a1n c\u00e1c \u0111\u1eb7c t\u00ednh v\u00e0 l\u1ee3i \u00edch ri\u00eang c\u1ee7a t\u1eebng lo\u1ea1i tr\u00e0.<\/p>\n<p><img loading=\"lazy\" decoding=\"async\" class=\"wp-image-24200 aligncenter\" src=\"https:\/\/havamall.vn\/wp-content\/uploads\/2021\/12\/e8e385c8-300x300.png\" alt=\"\" width=\"602\" height=\"603\" srcset=\"https:\/\/havamall.vn\/wp-content\/uploads\/2021\/12\/e8e385c8-300x300.png 300w, https:\/\/havamall.vn\/wp-content\/uploads\/2021\/12\/e8e385c8-430x430.png 430w, https:\/\/havamall.vn\/wp-content\/uploads\/2021\/12\/e8e385c8-150x150.png 150w, https:\/\/havamall.vn\/wp-content\/uploads\/2021\/12\/e8e385c8-700x700.png 700w, https:\/\/havamall.vn\/wp-content\/uploads\/2021\/12\/e8e385c8-768x768.png 768w, https:\/\/havamall.vn\/wp-content\/uploads\/2021\/12\/e8e385c8-600x600.png 600w, https:\/\/havamall.vn\/wp-content\/uploads\/2021\/12\/e8e385c8-100x100.png 100w, https:\/\/havamall.vn\/wp-content\/uploads\/2021\/12\/e8e385c8.png 1024w\" sizes=\"(max-width: 602px) 100vw, 602px\" \/><\/p>\n<h3 class=\"product_title entry-title\"><strong>\u25aa\ufe0f\u00a0Socola Andes 132g<\/strong><\/h3>\n<p><span style=\"font-weight: 400\">Socola nh\u00e2n b\u1ea1c h\u00e0 s\u1eefa Andes \u0111\u01b0\u1ee3c s\u1ea3n xu\u1ea5t theo c\u00f4ng ngh\u1ec7 hi\u1ec7n \u0111\u1ea1i, m\u1ecdi kh\u00e2u t\u1eeb tuy\u1ec3n ch\u1ecdn nguy\u00ean li\u1ec7u t\u1edbi ch\u1ebf bi\u1ebfn, \u0111\u00f3ng g\u00f3i \u0111\u1ec1u di\u1ec5n ra kh\u00e9p k\u00edn d\u01b0\u1edbi s\u1ef1 gi\u00e1m s\u00e1t v\u00e0 ki\u1ec3m tra nghi\u00eam ng\u1eb7t. S\u1ea3n ph\u1ea9m kh\u00f4ng ch\u1ee9a h\u00f3a ch\u1ea5t, ch\u1ea5t b\u1ea3o qu\u1ea3n \u0111\u1ed9c h\u1ea1i, \u0111\u1ea3m b\u1ea3o an to\u00e0n cho s\u1ee9c kh\u1ecfe ng\u01b0\u1eddi ti\u00eau d\u00f9ng.\u00a0<\/span><\/p>\n<h3><span style=\"font-weight: 400\"><img loading=\"lazy\" decoding=\"async\" class=\"wp-image-13885 aligncenter\" src=\"https:\/\/havamall.vn\/wp-content\/uploads\/2020\/03\/andes-ba\u0323c-ha\u0300-su\u031b\u0303a-300x161.jpg\" alt=\"\" width=\"603\" height=\"324\" srcset=\"https:\/\/havamall.vn\/wp-content\/uploads\/2020\/03\/andes-ba\u0323c-ha\u0300-su\u031b\u0303a-300x161.jpg 300w, https:\/\/havamall.vn\/wp-content\/uploads\/2020\/03\/andes-ba\u0323c-ha\u0300-su\u031b\u0303a-430x230.jpg 430w, https:\/\/havamall.vn\/wp-content\/uploads\/2020\/03\/andes-ba\u0323c-ha\u0300-su\u031b\u0303a-150x80.jpg 150w, https:\/\/havamall.vn\/wp-content\/uploads\/2020\/03\/andes-ba\u0323c-ha\u0300-su\u031b\u0303a-700x375.jpg 700w, https:\/\/havamall.vn\/wp-content\/uploads\/2020\/03\/andes-ba\u0323c-ha\u0300-su\u031b\u0303a-600x321.jpg 600w, https:\/\/havamall.vn\/wp-content\/uploads\/2020\/03\/andes-ba\u0323c-ha\u0300-su\u031b\u0303a.jpg 749w\" sizes=\"(max-width: 603px) 100vw, 603px\" \/><\/span><\/h3>\n<h3 class=\"product_title entry-title\"><strong>\u25aa\ufe0f H\u1ed9p qu\u00e0 T\u1ebft An Khang size M<\/strong><\/h3>\n<p>S\u1ea3n ph\u1ea9m hi\u1ec7n \u0111\u00e3 c\u00f3 m\u1eb7t t\u1ea1i Havamall.<\/p>","protected":false},"excerpt":{"rendered":"<p>&#8211; H\u1ed9p qu\u00e0 t\u1eb7ng c\u1ee9ng c\u00e1p, ch\u1eafc ch\u1eafn v\u00e0 \u0111\u01b0\u1ee3c \u00e9p nh\u0169 sang tr\u1ecdng, trang nh\u00e3 v\u00e0 tinh t\u1ebf. B\u00ean tr\u00ean n\u1eafp h\u1ed9p \u0111\u01b0\u1ee3c v\u1ebd nh\u1eefng h\u1ecda ti\u1ebft m\u00f9a xu\u00e2n t\u01b0\u01a1i m\u1edbi v\u00e0 \u0111\u1eb9p m\u1eaft.<\/p>\n<p>&#8211; H\u1ed9p g\u1ed3m 6 lo\u1ea1i s\u1ea3n ph\u1ea9m:<span style=\"font-weight: 400\">\u00a0<\/span><\/p>\n<ul>\n<li><span style=\"font-weight: 400\">K\u1eb9o Socola nh\u00e2n r\u01b0\u1ee3u 250g<\/span><\/li>\n<li><span style=\"font-weight: 400\">R\u01b0\u1ee3u Soju<\/span><\/li>\n<li><span style=\"font-weight: 400\">K\u1eb9o Socola nh\u00e2n h\u1ea1t h\u01b0\u1edbng d\u01b0\u01a1ng 250g<\/span><\/li>\n<li><span style=\"font-weight: 400\">Tr\u00e0 Tess tr\u00e1i c\u00e2y 36g<\/span><\/li>\n<li><span style=\"font-weight: 400\">Socola Andes 132g<\/span><\/li>\n<li><span style=\"font-weight: 400\">H\u1ed9p qu\u00e0 T\u1ebft An Khang size M<\/span><\/li>\n<\/ul>","protected":false},"featured_media":23911,"comment_status":"open","ping_status":"closed","template":"","meta":[],"product_brand":[],"product_cat":[409,40,36,133,135,143],"product_tag":[],"class_list":{"0":"post-13178","1":"product","2":"type-product","3":"status-publish","4":"has-post-thumbnail","6":"product_cat-hop-qua-set-qua","7":"product_cat-sieuthi-giasi","8":"product_cat-thuc-pham-tieu-dung","9":"product_cat-banh-keo-chocolate","10":"product_cat-sua-do-uong","11":"product_cat-thuc-pham-dong-hop","13":"first","14":"instock","15":"sale","16":"shipping-taxable","17":"purchasable","18":"product-type-simple"},"_links":{"self":[{"href":"https:\/\/havamall.vn\/en\/wp-json\/wp\/v2\/product\/13178"}],"collection":[{"href":"https:\/\/havamall.vn\/en\/wp-json\/wp\/v2\/product"}],"about":[{"href":"https:\/\/havamall.vn\/en\/wp-json\/wp\/v2\/types\/product"}],"replies":[{"embeddable":true,"href":"https:\/\/havamall.vn\/en\/wp-json\/wp\/v2\/comments?post=13178"}],"version-history":[{"count":0,"href":"https:\/\/havamall.vn\/en\/wp-json\/wp\/v2\/product\/13178\/revisions"}],"wp:featuredmedia":[{"embeddable":true,"href":"https:\/\/havamall.vn\/en\/wp-json\/wp\/v2\/media\/23911"}],"wp:attachment":[{"href":"https:\/\/havamall.vn\/en\/wp-json\/wp\/v2\/media?parent=13178"}],"wp:term":[{"taxonomy":"product_brand","embeddable":true,"href":"https:\/\/havamall.vn\/en\/wp-json\/wp\/v2\/product_brand?post=13178"},{"taxonomy":"product_cat","embeddable":true,"href":"https:\/\/havamall.vn\/en\/wp-json\/wp\/v2\/product_cat?post=13178"},{"taxonomy":"product_tag","embeddable":true,"href":"https:\/\/havamall.vn\/en\/wp-json\/wp\/v2\/product_tag?post=13178"}],"curies":[{"name":"wp","href":"https:\/\/api.w.org\/{rel}","templated":true}]}}